{"id":8585,"date":"2025-12-02T12:53:10","date_gmt":"2025-12-02T11:53:10","guid":{"rendered":"https:\/\/salonforall.es\/product\/sauna-de-peluqueria-colgante-408d-gris-con-ozono-activo\/"},"modified":"2026-03-24T16:53:19","modified_gmt":"2026-03-24T15:53:19","slug":"sauna-de-peluqueria-colgante-408d-gris-con-ozono-activo","status":"publish","type":"product","link":"https:\/\/salonforall.es\/pt\/sauna-de-peluqueria-colgante-408d-gris-con-ozono-activo\/","title":{"rendered":"Sauna De Peluquer\u00eda Colgante 408D Gris Con Ozono Activo"},"content":{"rendered":"<h2>Informaci\u00f3n sobre Sauna De Peluquer\u00eda Colgante 408D Gris Con Ozono Activo con n\u00famero de art\u00edculo 135712<\/h2>\n<p>La sauna de peluquer\u00eda 408D White es un dispositivo innovador para la reconstrucci\u00f3n capilar profunda. El vapor de agua caliente producido por el humidificador\/sauna capilar permite la expansi\u00f3n de las microc\u00e9lulas capilares, lo que facilita una absorci\u00f3n m\u00e1s completa de las sustancias presentes en diversos productos de peluquer\u00eda. En resumen, consiste en separar las cut\u00edculas del cabello y forzar la penetraci\u00f3n de los productos de cuidado capilar. Estos pueden ser agentes hidratantes (p. ej., mascarillas capilares de arg\u00e1n) o agentes reconstructores (p. ej., ampollas o mascarillas de queratina, que rellenan los defectos en la estructura capilar).<br \/>El ozono limpia el cabello, elimina el olor a qu\u00edmicos y aumenta el riego sangu\u00edneo al cuero cabelludo.<\/p>\n<p>Caracter\u00edsticas:<br \/>&#8211; Abre las cut\u00edculas del cabello<br \/>&#8211; Cierra las cut\u00edculas del cabello<br \/>&#8211; La sauna es f\u00e1cil de usar<br \/>&#8211; Aspecto moderno<br \/>&#8211; Cuidado adecuado<br \/>&#8211; Posibilidad de usar acondicionadores, mascarillas de cuidado<br \/>&#8211; Efecto duradero<\/p>\n<p>Dados t\u00e9cnicos:<br \/>&#8211; Alimentaci\u00f3n: 220 V \/ 230 V \/ 240 V 50 \/ 60 Hz<br \/>&#8211; Potencia de 700 W<br \/>&#8211; Avisa con un sonido que no hay agua en el dep\u00f3sito<br \/>&#8211; Dep\u00f3sito de 1,7 L<br \/>&#8211; Peso 12 kg<br \/>&#8211; 5 modos de funcionamiento 45-99 minutos<br \/>&#8211; 5 niveles de intensidad de niebla<br \/>&#8211; Modo de ozonizaci\u00f3n<br \/>&#8211; Coloraci\u00f3n<br \/>&#8211; Temperatura hasta 65 \u2103<br \/>&#8211; Ozono: 150 mg \/ min<br \/>&#8211; Calentador de cobre m\u00e1s duradero<br \/>&#8211; Control preciso de la temperatura.<\/p>\n<p>Los productos Activeshop son proporcionalmente m\u00e1s econ\u00f3micos que muchas otras marcas\/proveedores. El precio est\u00e1 en relaci\u00f3n con la calidad. Sauna De Peluquer\u00eda Colgante 408D Gris Con Ozono Activo es por lo tanto una soluci\u00f3n accesible para su sal\u00f3n.<\/p>\n<h2>\u00bfC\u00f3mo se entrega Sauna De Peluquer\u00eda Colgante 408D Gris Con Ozono Activo?<\/h2>\n<p>Sauna De Peluquer\u00eda Colgante 408D Gris Con Ozono Activo se entrega en embalaje(s) original(es). Dentro de Espa\u00f1a el env\u00edo de Sauna De Peluquer\u00eda Colgante 408D Gris Con Ozono Activo es completamente gratuito para pedidos a partir de 100,- euros. Para env\u00edos a otros pa\u00edses se aplican tarifas de env\u00edo separadas. Puede consultar estas tarifas con nosotros o verlas en el carrito de compra. Sauna De Peluquer\u00eda Colgante 408D Gris Con Ozono Activo se env\u00eda a trav\u00e9s de un servicio de mensajer\u00eda externo.<\/p>\n<p>As encomendas ou paletes s\u00e3o entregues, por norma, at\u00e9 \u00e0 soleira da porta da frente, mesmo que se encontre num edif\u00edcio coletivo, num edif\u00edcio de apartamentos ou num complexo de apartamentos com elevador (desde que o artigo caiba no elevador). N\u00e3o h\u00e1 elevador dispon\u00edvel ou o artigo n\u00e3o cabe no elevador? Ent\u00e3o entregamos at\u00e9 \u00e0 soleira do r\u00e9s do ch\u00e3o.<\/p>\n<p>Se ainda tem d\u00favidas sobre a entrega ou uma situa\u00e7\u00e3o especial, contacte-nos e teremos todo o gosto em ajud\u00e1-lo!<\/p>\n<p>*Os artigos n\u00e3o s\u00e3o desempacotados ou montados como padr\u00e3o. Em situa\u00e7\u00f5es especiais, pode contactar-nos para combinarmos as condi\u00e7\u00f5es.<\/p>\n<h2>Compras online seguras na Salon For All com o selo de qualidade Webwinkelkeur e encripta\u00e7\u00e3o SSL.<\/h2>\n<p>Es importante para nosotros que nuestros clientes puedan comprar de forma segura en nuestra tienda online. Estamos afiliados al sello de calidad nacional Webwinkelkeur desde 2019. Nuestra identidad ha sido verificada y comprobada por ellos, y la tienda online ha sido revisada y aprobada legalmente. Adem\u00e1s, nuestra tienda online est\u00e1 afiliada a ellos para la mediaci\u00f3n de conflictos. Puede ver la insignia con toda la informaci\u00f3n de este sello de calidad de tienda online en el lado izquierdo o derecho de la tienda online (bot\u00f3n rosa con blanco). Adem\u00e1s, nuestro sitio est\u00e1 protegido con un certificado SSL para que pueda navegar de forma segura con nosotros. En la barra de su navegador de Internet, donde aparece nuestro sitio web, ver\u00e1 un icono de candado. Si hace clic en el candado, obtendr\u00e1 toda la informaci\u00f3n sobre nuestra seguridad. De esta manera sabe que su pedido de Sauna De Peluquer\u00eda Colgante 408D Gris Con Ozono Activo y sus datos personales se procesan de forma segura.<\/p>\n<h2>\u00bfC\u00f3mo puedo pagar Sauna De Peluquer\u00eda Colgante 408D Gris Con Ozono Activo?<\/h2>\n<p>Queremos tornar as coisas o mais f\u00e1ceis poss\u00edvel para si. \u00c9 por isso que na Salon For All pode pagar com todos os m\u00e9todos de pagamento populares. Pagar antecipadamente, na entrega ou depois - tudo \u00e9 poss\u00edvel. Veja aqui todos os m\u00e9todos de pagamento que oferecemos:<\/p>\n<ul>\n<li>iDEAL<\/li>\n<li>Cart\u00e3o de cr\u00e9dito (Visa, Mastercard, American Express)<\/li>\n<li>Klarna - Pagamento na entrega com fatura<\/li>\n<li>PayPal<\/li>\n<li>Apple Pay<\/li>\n<li>Google Pay<\/li>\n<li>Bizum (para clientes espanh\u00f3is)<\/li>\n<li>Transfer\u00eancia banc\u00e1ria SEPA<\/li>\n<li>Contacto com o banco<\/li>\n<li>Fatura comercial para empresas<\/li>\n<li>Pagamento na sala de exposi\u00e7\u00f5es - Cart\u00e3o e dinheiro (apenas dispon\u00edvel \u00e0 cobran\u00e7a)<\/li>\n<\/ul>\n<h2>Veja tamb\u00e9m as opini\u00f5es de Salon For All<\/h2>\n<p>Consulte tambi\u00e9n nuestras rese\u00f1as para tener en cuenta las experiencias de nuestros clientes actuales en su decisi\u00f3n de pedir Sauna De Peluquer\u00eda Colgante 408D Gris Con Ozono Activo con nosotros. A trav\u00e9s de nuestro sello de calidad independiente de tienda online Webwinkelkeur, se recopilan autom\u00e1ticamente rese\u00f1as verificadas de clientes que han completado un pedido con nosotros. Puede encontrarlas detr\u00e1s del bot\u00f3n rosa en nuestra tienda online o aparecen listadas debajo de los productos.<\/p>\n<p>\u00a1Comparta tambi\u00e9n su experiencia despu\u00e9s de su compra con su Sauna De Peluquer\u00eda Colgante 408D Gris Con Ozono Activo pedido y su experiencia con el proceso de compra o el contacto con Salon For All para inspirar a otros!<\/p>\n<h2>Contactar o Salon For All<\/h2>\n<p>Cont\u00e1ctenos entonces. Estaremos encantados de ayudarle con la adquisici\u00f3n de Sauna De Peluquer\u00eda Colgante 408D Gris Con Ozono Activo. En d\u00edas laborables estamos mejor disponibles entre las 8.30 y las 17.00 horas a trav\u00e9s del n\u00famero de tel\u00e9fono y direcci\u00f3n de correo electr\u00f3nico en la parte superior de la tienda online o a trav\u00e9s de la funci\u00f3n de chat. Las consultas fuera del horario de oficina suelen responderse en un plazo de 24 horas. Tambi\u00e9n es posible visitarnos fuera de los d\u00edas laborables u horario de oficina. Pero para ello es necesario concertar una cita previa.<\/p>\n<h2>Gostaria de visitar a nossa sala de exposi\u00e7\u00f5es?<\/h2>\n<p>\u00bfPrefiere ver Sauna De Peluquer\u00eda Colgante 408D Gris Con Ozono Activo o recorrer nuestra oferta de la tienda (online) junto con nuestro colega? Entonces visite nuestro showroom con m\u00e1s de 1000m\u00b2 de equipamiento para salones y d\u00e9jese inspirar por nuestros empleados. Tambi\u00e9n si le gusta conocernos de manera agradable disfrutando de una buena taza de caf\u00e9 o t\u00e9, es muy bienvenido. No tenemos todos los productos en stock, as\u00ed que h\u00e1ganos saber de antemano que desea venir. Concierte siempre una cita previa.<\/p>\n<h2>14 dias de reflex\u00e3o e a nossa pol\u00edtica de devolu\u00e7\u00e3o<\/h2>\n<p>Por supuesto puede ocurrir que Sauna De Peluquer\u00eda Colgante 408D Gris Con Ozono Activo entregado no sea completamente de su agrado y desee devolverlo. Eso no es ning\u00fan problema en Salon For All. Debe notificar su devoluci\u00f3n dentro de 14 d\u00edas laborables a trav\u00e9s de info@salonforall.es. Entonces recibir\u00e1 primero todas las instrucciones y condiciones de devoluci\u00f3n. Tenga en cuenta que Sauna De Peluquer\u00eda Colgante 408D Gris Con Ozono Activo no debe haber sido usado, debe contener todas las partes suministradas y debe devolverse empaquetado en el embalaje original. Los costos de env\u00edo de una devoluci\u00f3n son siempre a cargo del comprador en compras a trav\u00e9s de www.salonforall.es. Debe organizar usted mismo un transporte con una empresa de transporte de su elecci\u00f3n para una devoluci\u00f3n. Una vez que Sauna De Peluquer\u00eda Colgante 408D Gris Con Ozono Activo haya sido devuelto, se verificar\u00e1 su integridad y posibles da\u00f1os. Una vez que la devoluci\u00f3n haya sido aprobada, el importe de la compra se reembolsar\u00e1 dentro de 5 d\u00edas laborables a la cuenta bancaria que tenemos registrada.<\/p>\n<h2>Quem \u00e9 o Salon For All?<\/h2>\n<p>A Salon For All \u00e9 o grossista de todo o equipamento para sal\u00f5es de beleza na Europa. A Salon For All come\u00e7ou em 2003 com o nome Salonvoordeel e cresceu a partir da pr\u00e1tica. Os propriet\u00e1rios da Salon For All eram cabeleireiros experientes e especialistas em beleza e t\u00eam, em conjunto, mais de 30 anos de experi\u00eancia pr\u00e1tica. Em 2003, lan\u00e7\u00e1mos o Salonvoordeel.nl (Pa\u00edses Baixos) e, posteriormente, o Salon For All foi fundado para o mercado europeu. Alguns dos nossos funcion\u00e1rios come\u00e7aram o seu pr\u00f3prio neg\u00f3cio e assim nasceu a ideia de lan\u00e7ar uma loja online funcional para cabeleireiros e para os ajudar com o seu equipamento de sal\u00e3o.<\/p>\n<p>Nuestro showroom se encuentra en Dinxperlo, directamente en la frontera entre los Pa\u00edses Bajos y Alemania. Con nuestra amplia experiencia en el sector podemos servirle de espejo y proporcionarle el asesoramiento adecuado. \u00a1Hablamos el mismo idioma! Le asesoramos, inspiramos, motivamos y ayudamos en la adquisici\u00f3n de Sauna De Peluquer\u00eda Colgante 408D Gris Con Ozono Activo. Nuestros proveedores se encuentran en toda Europa, desde Alemania, Inglaterra, Italia hasta Polonia.<\/p>","protected":false},"excerpt":{"rendered":"<p>El producto Sauna De Peluquer\u00eda Colgante 408D Gris Con Ozono Activo es una soluci\u00f3n de alta calidad para cualquier sal\u00f3n. El plazo de entrega estimado es de aproximadamente 6 d\u00edas laborables.<\/p>","protected":false},"featured_media":8586,"comment_status":"open","ping_status":"open","template":"","meta":[],"product_brand":[95],"product_cat":[96,114,115],"product_tag":[100,116],"class_list":{"0":"post-8585","1":"product","2":"type-product","3":"status-publish","4":"has-post-thumbnail","6":"product_brand-gabbiano","7":"product_cat-equipamiento-de-peluqueria","8":"product_cat-equipamiento-de-peluqueria-equipamiento-de-peluqueria","9":"product_cat-saunas-e-infrasonadores-gabbiano","10":"product_tag-equipamiento-de-peluqueria","11":"product_tag-saunas-e-infrasonadores-gabbiano","12":"pa_codigo-ean-7759","13":"pa_garantia-12-meses","14":"pa_marca-gabbiano","15":"pa_numero-de-articulo-3382","16":"pa_tiempo-estimado-de-entrega-4-5-dias-laborables","18":"first","19":"instock","20":"sale","21":"taxable","22":"shipping-taxable","23":"purchasable","24":"product-type-simple"},"yoast_head":"<!-- This site is optimized with the Yoast SEO plugin v27.6 - https:\/\/yoast.com\/product\/yoast-seo-wordpress\/ -->\n<title>Sauna De Peluquer\u00eda Colgante 408D Gris Con Ozono Activo comprar<\/title>\n<meta name=\"description\" content=\"Compra Sauna De Peluquer\u00eda Colgante 408D Gris Con Ozono Activo online o en el showroom en Salon For ALL Espa\u00f1a. El mayorista para salones, consultas y spas en Espa\u00f1a y Portugal.\" \/>\n<meta name=\"robots\" content=\"index, follow, max-snippet:-1, max-image-preview:large, max-video-preview:-1\" \/>\n<link rel=\"canonical\" href=\"https:\/\/salonforall.es\/pt\/sauna-de-peluqueria-colgante-408d-gris-con-ozono-activo\/\" \/>\n<meta property=\"og:locale\" content=\"pt_PT\" \/>\n<meta property=\"og:type\" content=\"article\" \/>\n<meta property=\"og:title\" content=\"Sauna De Peluquer\u00eda Colgante 408D Gris Con Ozono Activo\" \/>\n<meta property=\"og:description\" content=\"Compra Sauna De Peluquer\u00eda Colgante 408D Gris Con Ozono Activo online o en el showroom en Salon For ALL Espa\u00f1a. El mayorista para salones, consultas y spas en Espa\u00f1a y Portugal.\" \/>\n<meta property=\"og:url\" content=\"https:\/\/salonforall.es\/pt\/sauna-de-peluqueria-colgante-408d-gris-con-ozono-activo\/\" \/>\n<meta property=\"og:site_name\" content=\"Salon For ALL Espa\u00f1a\" \/>\n<meta property=\"article:modified_time\" content=\"2026-03-24T15:53:19+00:00\" \/>\n<meta property=\"og:image\" content=\"https:\/\/salonforall.es\/wp-content\/uploads\/2025\/12\/Sauna-De-Peluqueria-Colgante-408D-Gris-Con-Ozono-Activo.jpg\" \/>\n\t<meta property=\"og:image:width\" content=\"800\" \/>\n\t<meta property=\"og:image:height\" content=\"800\" \/>\n\t<meta property=\"og:image:type\" content=\"image\/jpeg\" \/>\n<meta name=\"twitter:card\" content=\"summary_large_image\" \/>\n<meta name=\"twitter:title\" content=\"Sauna De Peluquer\u00eda Colgante 408D Gris Con Ozono Activo\" \/>\n<meta name=\"twitter:label1\" content=\"Tempo estimado de leitura\" \/>\n\t<meta name=\"twitter:data1\" content=\"8 minutos\" \/>\n<script type=\"application\/ld+json\" class=\"yoast-schema-graph\">{\"@context\":\"https:\\\/\\\/schema.org\",\"@graph\":[{\"@type\":\"WebPage\",\"@id\":\"https:\\\/\\\/salonforall.es\\\/sauna-de-peluqueria-colgante-408d-gris-con-ozono-activo\\\/\",\"url\":\"https:\\\/\\\/salonforall.es\\\/sauna-de-peluqueria-colgante-408d-gris-con-ozono-activo\\\/\",\"name\":\"Sauna De Peluquer\u00eda Colgante 408D Gris Con Ozono Activo comprar\",\"isPartOf\":{\"@id\":\"https:\\\/\\\/salonforall.es\\\/#website\"},\"primaryImageOfPage\":{\"@id\":\"https:\\\/\\\/salonforall.es\\\/sauna-de-peluqueria-colgante-408d-gris-con-ozono-activo\\\/#primaryimage\"},\"image\":{\"@id\":\"https:\\\/\\\/salonforall.es\\\/sauna-de-peluqueria-colgante-408d-gris-con-ozono-activo\\\/#primaryimage\"},\"thumbnailUrl\":\"https:\\\/\\\/salonforall.es\\\/wp-content\\\/uploads\\\/2025\\\/12\\\/Sauna-De-Peluqueria-Colgante-408D-Gris-Con-Ozono-Activo.jpg\",\"datePublished\":\"2025-12-02T11:53:10+00:00\",\"dateModified\":\"2026-03-24T15:53:19+00:00\",\"description\":\"Compra Sauna De Peluquer\u00eda Colgante 408D Gris Con Ozono Activo online o en el showroom en Salon For ALL Espa\u00f1a. El mayorista para salones, consultas y spas en Espa\u00f1a y Portugal.\",\"breadcrumb\":{\"@id\":\"https:\\\/\\\/salonforall.es\\\/sauna-de-peluqueria-colgante-408d-gris-con-ozono-activo\\\/#breadcrumb\"},\"inLanguage\":\"pt-PT\",\"potentialAction\":[{\"@type\":\"ReadAction\",\"target\":[\"https:\\\/\\\/salonforall.es\\\/sauna-de-peluqueria-colgante-408d-gris-con-ozono-activo\\\/\"]}]},{\"@type\":\"ImageObject\",\"inLanguage\":\"pt-PT\",\"@id\":\"https:\\\/\\\/salonforall.es\\\/sauna-de-peluqueria-colgante-408d-gris-con-ozono-activo\\\/#primaryimage\",\"url\":\"https:\\\/\\\/salonforall.es\\\/wp-content\\\/uploads\\\/2025\\\/12\\\/Sauna-De-Peluqueria-Colgante-408D-Gris-Con-Ozono-Activo.jpg\",\"contentUrl\":\"https:\\\/\\\/salonforall.es\\\/wp-content\\\/uploads\\\/2025\\\/12\\\/Sauna-De-Peluqueria-Colgante-408D-Gris-Con-Ozono-Activo.jpg\",\"width\":800,\"height\":800,\"caption\":\"Sauna De Peluquer\u00eda Colgante 408D Gris Con Ozono Activo\"},{\"@type\":\"BreadcrumbList\",\"@id\":\"https:\\\/\\\/salonforall.es\\\/sauna-de-peluqueria-colgante-408d-gris-con-ozono-activo\\\/#breadcrumb\",\"itemListElement\":[{\"@type\":\"ListItem\",\"position\":1,\"name\":\"Home\",\"item\":\"https:\\\/\\\/salonforall.es\\\/\"},{\"@type\":\"ListItem\",\"position\":2,\"name\":\"Winkel\",\"item\":\"https:\\\/\\\/salonforall.es\\\/winkel\\\/\"},{\"@type\":\"ListItem\",\"position\":3,\"name\":\"Sauna De Peluquer\u00eda Colgante 408D Gris Con Ozono Activo\"}]},{\"@type\":\"WebSite\",\"@id\":\"https:\\\/\\\/salonforall.es\\\/#website\",\"url\":\"https:\\\/\\\/salonforall.es\\\/\",\"name\":\"Salon For ALL Espa\u00f1a\",\"description\":\"Mayorista de mobiliario y suministros para consultorios y salones\",\"publisher\":{\"@id\":\"https:\\\/\\\/salonforall.es\\\/#organization\"},\"potentialAction\":[{\"@type\":\"SearchAction\",\"target\":{\"@type\":\"EntryPoint\",\"urlTemplate\":\"https:\\\/\\\/salonforall.es\\\/?s={search_term_string}\"},\"query-input\":{\"@type\":\"PropertyValueSpecification\",\"valueRequired\":true,\"valueName\":\"search_term_string\"}}],\"inLanguage\":\"pt-PT\"},{\"@type\":\"Organization\",\"@id\":\"https:\\\/\\\/salonforall.es\\\/#organization\",\"name\":\"Salon For All B.V. Espa\u00f1a\",\"alternateName\":\"Salon For All B.V. Espa\u00f1a - Mayorista de equipamiento para consultas, salones y suministros\",\"url\":\"https:\\\/\\\/salonforall.es\\\/\",\"logo\":{\"@type\":\"ImageObject\",\"inLanguage\":\"pt-PT\",\"@id\":\"https:\\\/\\\/salonforall.es\\\/#\\\/schema\\\/logo\\\/image\\\/\",\"url\":\"https:\\\/\\\/salonforall.es\\\/wp-content\\\/uploads\\\/2025\\\/11\\\/logo-salon-for-all-e1764543185849.png\",\"contentUrl\":\"https:\\\/\\\/salonforall.es\\\/wp-content\\\/uploads\\\/2025\\\/11\\\/logo-salon-for-all-e1764543185849.png\",\"width\":500,\"height\":150,\"caption\":\"Salon For All B.V. Espa\u00f1a\"},\"image\":{\"@id\":\"https:\\\/\\\/salonforall.es\\\/#\\\/schema\\\/logo\\\/image\\\/\"}}]}<\/script>\n<!-- \/ Yoast SEO plugin. -->","yoast_head_json":{"title":"Sauna De Peluquer\u00eda Colgante 408D Gris Con Ozono Activo comprar","description":"Compra Sauna De Peluquer\u00eda Colgante 408D Gris Con Ozono Activo online o en el showroom en Salon For ALL Espa\u00f1a. El mayorista para salones, consultas y spas en Espa\u00f1a y Portugal.","robots":{"index":"index","follow":"follow","max-snippet":"max-snippet:-1","max-image-preview":"max-image-preview:large","max-video-preview":"max-video-preview:-1"},"canonical":"https:\/\/salonforall.es\/pt\/sauna-de-peluqueria-colgante-408d-gris-con-ozono-activo\/","og_locale":"pt_PT","og_type":"article","og_title":"Sauna De Peluquer\u00eda Colgante 408D Gris Con Ozono Activo","og_description":"Compra Sauna De Peluquer\u00eda Colgante 408D Gris Con Ozono Activo online o en el showroom en Salon For ALL Espa\u00f1a. El mayorista para salones, consultas y spas en Espa\u00f1a y Portugal.","og_url":"https:\/\/salonforall.es\/pt\/sauna-de-peluqueria-colgante-408d-gris-con-ozono-activo\/","og_site_name":"Salon For ALL Espa\u00f1a","article_modified_time":"2026-03-24T15:53:19+00:00","og_image":[{"width":800,"height":800,"url":"https:\/\/salonforall.es\/wp-content\/uploads\/2025\/12\/Sauna-De-Peluqueria-Colgante-408D-Gris-Con-Ozono-Activo.jpg","type":"image\/jpeg"}],"twitter_card":"summary_large_image","twitter_title":"Sauna De Peluquer\u00eda Colgante 408D Gris Con Ozono Activo","twitter_misc":{"Tempo estimado de leitura":"8 minutos"},"schema":{"@context":"https:\/\/schema.org","@graph":[{"@type":"WebPage","@id":"https:\/\/salonforall.es\/sauna-de-peluqueria-colgante-408d-gris-con-ozono-activo\/","url":"https:\/\/salonforall.es\/sauna-de-peluqueria-colgante-408d-gris-con-ozono-activo\/","name":"Sauna De Peluquer\u00eda Colgante 408D Gris Con Ozono Activo comprar","isPartOf":{"@id":"https:\/\/salonforall.es\/#website"},"primaryImageOfPage":{"@id":"https:\/\/salonforall.es\/sauna-de-peluqueria-colgante-408d-gris-con-ozono-activo\/#primaryimage"},"image":{"@id":"https:\/\/salonforall.es\/sauna-de-peluqueria-colgante-408d-gris-con-ozono-activo\/#primaryimage"},"thumbnailUrl":"https:\/\/salonforall.es\/wp-content\/uploads\/2025\/12\/Sauna-De-Peluqueria-Colgante-408D-Gris-Con-Ozono-Activo.jpg","datePublished":"2025-12-02T11:53:10+00:00","dateModified":"2026-03-24T15:53:19+00:00","description":"Compra Sauna De Peluquer\u00eda Colgante 408D Gris Con Ozono Activo online o en el showroom en Salon For ALL Espa\u00f1a. El mayorista para salones, consultas y spas en Espa\u00f1a y Portugal.","breadcrumb":{"@id":"https:\/\/salonforall.es\/sauna-de-peluqueria-colgante-408d-gris-con-ozono-activo\/#breadcrumb"},"inLanguage":"pt-PT","potentialAction":[{"@type":"ReadAction","target":["https:\/\/salonforall.es\/sauna-de-peluqueria-colgante-408d-gris-con-ozono-activo\/"]}]},{"@type":"ImageObject","inLanguage":"pt-PT","@id":"https:\/\/salonforall.es\/sauna-de-peluqueria-colgante-408d-gris-con-ozono-activo\/#primaryimage","url":"https:\/\/salonforall.es\/wp-content\/uploads\/2025\/12\/Sauna-De-Peluqueria-Colgante-408D-Gris-Con-Ozono-Activo.jpg","contentUrl":"https:\/\/salonforall.es\/wp-content\/uploads\/2025\/12\/Sauna-De-Peluqueria-Colgante-408D-Gris-Con-Ozono-Activo.jpg","width":800,"height":800,"caption":"Sauna De Peluquer\u00eda Colgante 408D Gris Con Ozono Activo"},{"@type":"BreadcrumbList","@id":"https:\/\/salonforall.es\/sauna-de-peluqueria-colgante-408d-gris-con-ozono-activo\/#breadcrumb","itemListElement":[{"@type":"ListItem","position":1,"name":"Home","item":"https:\/\/salonforall.es\/"},{"@type":"ListItem","position":2,"name":"Winkel","item":"https:\/\/salonforall.es\/winkel\/"},{"@type":"ListItem","position":3,"name":"Sauna De Peluquer\u00eda Colgante 408D Gris Con Ozono Activo"}]},{"@type":"WebSite","@id":"https:\/\/salonforall.es\/#website","url":"https:\/\/salonforall.es\/","name":"Sal\u00e3o de beleza para toda a Espanha","description":"Grossista de mobili\u00e1rio e material para sal\u00f5es de beleza e consult\u00f3rios","publisher":{"@id":"https:\/\/salonforall.es\/#organization"},"potentialAction":[{"@type":"SearchAction","target":{"@type":"EntryPoint","urlTemplate":"https:\/\/salonforall.es\/?s={search_term_string}"},"query-input":{"@type":"PropertyValueSpecification","valueRequired":true,"valueName":"search_term_string"}}],"inLanguage":"pt-PT"},{"@type":"Organization","@id":"https:\/\/salonforall.es\/#organization","name":"Salon For All B.V. Espanha","alternateName":"Salon For All B.V. Espa\u00f1a - Mayorista de equipamiento para consultas, salones y suministros","url":"https:\/\/salonforall.es\/","logo":{"@type":"ImageObject","inLanguage":"pt-PT","@id":"https:\/\/salonforall.es\/#\/schema\/logo\/image\/","url":"https:\/\/salonforall.es\/wp-content\/uploads\/2025\/11\/logo-salon-for-all-e1764543185849.png","contentUrl":"https:\/\/salonforall.es\/wp-content\/uploads\/2025\/11\/logo-salon-for-all-e1764543185849.png","width":500,"height":150,"caption":"Salon For All B.V. Espa\u00f1a"},"image":{"@id":"https:\/\/salonforall.es\/#\/schema\/logo\/image\/"}}]}},"_links":{"self":[{"href":"https:\/\/salonforall.es\/pt\/wp-json\/wp\/v2\/product\/8585","targetHints":{"allow":["GET"]}}],"collection":[{"href":"https:\/\/salonforall.es\/pt\/wp-json\/wp\/v2\/product"}],"about":[{"href":"https:\/\/salonforall.es\/pt\/wp-json\/wp\/v2\/types\/product"}],"replies":[{"embeddable":true,"href":"https:\/\/salonforall.es\/pt\/wp-json\/wp\/v2\/comments?post=8585"}],"wp:featuredmedia":[{"embeddable":true,"href":"https:\/\/salonforall.es\/pt\/wp-json\/wp\/v2\/media\/8586"}],"wp:attachment":[{"href":"https:\/\/salonforall.es\/pt\/wp-json\/wp\/v2\/media?parent=8585"}],"wp:term":[{"taxonomy":"product_brand","embeddable":true,"href":"https:\/\/salonforall.es\/pt\/wp-json\/wp\/v2\/product_brand?post=8585"},{"taxonomy":"product_cat","embeddable":true,"href":"https:\/\/salonforall.es\/pt\/wp-json\/wp\/v2\/product_cat?post=8585"},{"taxonomy":"product_tag","embeddable":true,"href":"https:\/\/salonforall.es\/pt\/wp-json\/wp\/v2\/product_tag?post=8585"}],"curies":[{"name":"wp","href":"https:\/\/api.w.org\/{rel}","templated":true}]}}