{"id":5984,"date":"2025-12-02T12:23:45","date_gmt":"2025-12-02T11:23:45","guid":{"rendered":"https:\/\/salonforall.es\/product\/lampara-lupa-led-elegante-6025-60-led-5d-con-tripode\/"},"modified":"2026-03-24T16:39:02","modified_gmt":"2026-03-24T15:39:02","slug":"elegante-lampada-de-ampliacao-led-6025-60-led-5d-com-tripe","status":"publish","type":"product","link":"https:\/\/salonforall.es\/pt\/lampara-lupa-led-elegante-6025-60-led-5d-con-tripode\/","title":{"rendered":"L\u00e2mpada de amplia\u00e7\u00e3o LED elegante 6025 60 Led 5D com trip\u00e9"},"content":{"rendered":"<h2>Informa\u00e7\u00f5es sobre L\u00e2mpada de amplia\u00e7\u00e3o LED elegante 6025 60 Led 5D com trip\u00e9 com o n\u00famero de artigo 106527<\/h2>\n<div>\n<div> 6025 6025 6025 6025 6025 6025 L\u00e2mpada de amplia\u00e7\u00e3o SMD LED 5D com trip\u00e9 <\/div>\n<div> A l\u00e2mpada caracteriza-se por um consumo de energia muito baixo e pela longevidade das l\u00e2mpadas LED (aprox. 4000 h). Permite-lhe ver a pele com uma amplia\u00e7\u00e3o e, ao mesmo tempo, uma excelente ilumina\u00e7\u00e3o. <\/div>\n<div> Tamb\u00e9m utilizado para manicura e pedicura, maquilhagem permanente e depila\u00e7\u00e3o. Vidro antirreflexo e n\u00e3o provoca dores nos olhos quando se trabalha durante muito tempo. Ideal para as ind\u00fastrias cosm\u00e9tica, dent\u00e1ria, veterin\u00e1ria e outras. <\/p>\n<p> O kit inclui: - l\u00e2mpada de aumento, <br \/> - trip\u00e9, <br \/> - cabo de alimenta\u00e7\u00e3o, <br \/> - garantia. <\/div>\n<div> - 60 LEDs <\/div>\n<div> - 560 l\u00famenes <\/div>\n<div> - tens\u00e3o 220-240 v <\/div>\n<div> - pot\u00eancia 6 w <\/div>\n<div> - comprimento do bra\u00e7o 90 cm <\/div>\n<div> - di\u00e2metro da lente 12 cm <\/div>\n<div> - di\u00e2metro da base 38,2 cm <\/div><\/div>\n<div> dimens\u00f5es: 55 * 43 * 14 <\/p>\n<div> 75 * 23 * 10 <\/p><\/div><\/div>\n<p>Os produtos da Activeshop s\u00e3o proporcionalmente mais baratos do que os de muitas outras marcas\/fornecedores. O pre\u00e7o est\u00e1 em rela\u00e7\u00e3o com a qualidade. Elegante L\u00e2mpada de Aumento Led 6025 60 Led 5D Com Trip\u00e9 \u00e9, portanto, uma solu\u00e7\u00e3o acess\u00edvel para a sua sala de estar.<\/p>\n<h2>Como \u00e9 que \u00e9 entregue a L\u00e2mpada de amplia\u00e7\u00e3o 6025 60 Led 5D 5D com trip\u00e9?<\/h2>\n<p>L\u00e1mpara Lupa Lupa Led Elegante 6025 60 Led 5D Con Tr\u00edpode \u00e9 entregue na(s) embalagem(ns) original(ais). Em Espanha, o envio de L\u00e1mpara Lupa Led Elegante 6025 60 Led 5D Con Tr\u00edpode \u00e9 totalmente gratuito para encomendas superiores a 100,- euros. Para envios para outros pa\u00edses aplicam-se taxas de envio separadas. Pode verificar estas taxas connosco ou v\u00ea-las no carrinho de compras. A L\u00e2mpada de Aumento Elegante de Led 6025 60 Led 5D Com Tr\u00edpode \u00e9 enviada atrav\u00e9s de um servi\u00e7o de correio externo.<\/p>\n<p>As encomendas ou paletes s\u00e3o entregues, por norma, at\u00e9 \u00e0 soleira da porta da frente, mesmo que se encontre num edif\u00edcio coletivo, num edif\u00edcio de apartamentos ou num complexo de apartamentos com elevador (desde que o artigo caiba no elevador). N\u00e3o h\u00e1 elevador dispon\u00edvel ou o artigo n\u00e3o cabe no elevador? Ent\u00e3o entregamos at\u00e9 \u00e0 soleira do r\u00e9s do ch\u00e3o.<\/p>\n<p>Se ainda tem d\u00favidas sobre a entrega ou uma situa\u00e7\u00e3o especial, contacte-nos e teremos todo o gosto em ajud\u00e1-lo!<\/p>\n<p>*Os artigos n\u00e3o s\u00e3o desempacotados ou montados como padr\u00e3o. Em situa\u00e7\u00f5es especiais, pode contactar-nos para combinarmos as condi\u00e7\u00f5es.<\/p>\n<h2>Compras online seguras na Salon For All com o selo de qualidade Webwinkelkeur e encripta\u00e7\u00e3o SSL.<\/h2>\n<p>\u00c9 importante para n\u00f3s que os nossos clientes possam fazer compras em seguran\u00e7a na nossa loja online. Estamos afiliados ao selo de qualidade nacional Webwinkelkeur desde 2019. A nossa identidade foi verificada e verificada por eles, e a loja online foi verificada e legalmente aprovada. Al\u00e9m disso, a nossa loja online \u00e9 afiliada a eles para media\u00e7\u00e3o de conflitos. Pode ver o log\u00f3tipo com todas as informa\u00e7\u00f5es deste selo de qualidade da loja online no lado esquerdo ou direito da loja online (bot\u00e3o rosa com branco). Al\u00e9m disso, o nosso s\u00edtio est\u00e1 protegido por um certificado SSL para que possa navegar em seguran\u00e7a connosco. Na barra do seu navegador de Internet, onde aparece o nosso s\u00edtio Web, ver\u00e1 um \u00edcone de cadeado. Se clicar no cadeado, obter\u00e1 todas as informa\u00e7\u00f5es sobre a nossa seguran\u00e7a. Desta forma, sabe que a sua encomenda de L\u00e2mpada de Aumento LED Elegante 6025 60 Led 5D Com Trip\u00e9 e os seus dados pessoais s\u00e3o processados em seguran\u00e7a.<\/p>\n<h2>Como pagar a lupa LED elegante 6025 60 Led 5D com trip\u00e9?<\/h2>\n<p>Queremos tornar as coisas o mais f\u00e1ceis poss\u00edvel para si. \u00c9 por isso que na Salon For All pode pagar com todos os m\u00e9todos de pagamento populares. Pagar antecipadamente, na entrega ou depois - tudo \u00e9 poss\u00edvel. Veja aqui todos os m\u00e9todos de pagamento que oferecemos:<\/p>\n<ul>\n<li>iDEAL<\/li>\n<li>Cart\u00e3o de cr\u00e9dito (Visa, Mastercard, American Express)<\/li>\n<li>Klarna - Pagamento na entrega com fatura<\/li>\n<li>PayPal<\/li>\n<li>Apple Pay<\/li>\n<li>Google Pay<\/li>\n<li>Bizum (para clientes espanh\u00f3is)<\/li>\n<li>Transfer\u00eancia banc\u00e1ria SEPA<\/li>\n<li>Contacto com o banco<\/li>\n<li>Fatura comercial para empresas<\/li>\n<li>Pagamento na sala de exposi\u00e7\u00f5es - Cart\u00e3o e dinheiro (apenas dispon\u00edvel \u00e0 cobran\u00e7a)<\/li>\n<\/ul>\n<h2>Veja tamb\u00e9m as opini\u00f5es de Salon For All<\/h2>\n<p>Por favor, verifique tamb\u00e9m os nossos coment\u00e1rios para ter em conta as experi\u00eancias dos nossos clientes actuais na sua decis\u00e3o de encomendar Elegant Led Magnifying Lamp 6025 60 Led 5D With Tripod connosco. Atrav\u00e9s do nosso selo de qualidade independente da loja online Webwinkelkeur, s\u00e3o automaticamente recolhidas opini\u00f5es verificadas de clientes que efectuaram uma encomenda connosco. Pode encontr\u00e1-los atr\u00e1s do bot\u00e3o rosa na nossa loja online ou est\u00e3o listados abaixo dos produtos.<\/p>\n<p>Partilhe tamb\u00e9m a sua experi\u00eancia ap\u00f3s fazer compras com a sua encomenda Elegant Led Magnifying Lamp 6025 60 Led 5D With Tripod e a sua experi\u00eancia com o processo de compra ou ao contactar Salon For All para se inspirar nos outros!<\/p>\n<h2>Contactar o Salon For All<\/h2>\n<p>Contacte-nos ent\u00e3o. Teremos todo o gosto em ajud\u00e1-lo na sua compra de L\u00e2mpada de aumento LED elegante 6025 60 Led 5D com trip\u00e9. Durante a semana, estamos dispon\u00edveis entre as 8h30 e as 17h00, atrav\u00e9s do n\u00famero de telefone e do endere\u00e7o de correio eletr\u00f3nico indicados no topo da loja online ou atrav\u00e9s da fun\u00e7\u00e3o de chat. Os pedidos de informa\u00e7\u00e3o fora do hor\u00e1rio de expediente s\u00e3o normalmente respondidos no prazo de 24 horas. Tamb\u00e9m \u00e9 poss\u00edvel visitar-nos fora dos dias \u00fateis ou do hor\u00e1rio de expediente. No entanto, \u00e9 necess\u00e1rio efetuar uma marca\u00e7\u00e3o pr\u00e9via.<\/p>\n<h2>Gostaria de visitar a nossa sala de exposi\u00e7\u00f5es?<\/h2>\n<p>Deseja ver L\u00e2mpada de aumento LED elegante 6025 60 Led 5D com trip\u00e9 ou consultar a nossa oferta de loja (online) juntamente com o nosso colega? Ent\u00e3o visite o nosso showroom com mais de 1000m\u00b2 de equipamento para sal\u00f5es de beleza e deixe-se inspirar pelos nossos colaboradores. Al\u00e9m disso, se gosta de nos conhecer agradavelmente durante uma ch\u00e1vena de caf\u00e9 ou ch\u00e1, \u00e9 muito bem-vindo. N\u00e3o temos todos os produtos em stock, por isso, por favor, avise-nos com anteced\u00eancia que gostaria de vir. Marque sempre uma visita com anteced\u00eancia.<\/p>\n<h2>14 dias de reflex\u00e3o e a nossa pol\u00edtica de devolu\u00e7\u00e3o<\/h2>\n<p>\u00c9 claro que pode acontecer que a L\u00e2mpada de Aumento Led Elegante 6025 60 Led 5D Com Trip\u00e9 entregue n\u00e3o seja totalmente do seu agrado e voc\u00ea queira devolv\u00ea-la. Isso n\u00e3o \u00e9 problema para a Salon For All. Deve notificar a sua devolu\u00e7\u00e3o no prazo de 14 dias \u00fateis atrav\u00e9s de info@salonforall.es. Receber\u00e1 ent\u00e3o primeiro todas as instru\u00e7\u00f5es e condi\u00e7\u00f5es de devolu\u00e7\u00e3o. Tenha em aten\u00e7\u00e3o que a Lupa Led Elegant 6025 60 Led 5D Com Trip\u00e9 n\u00e3o deve ter sido utilizada, deve conter todas as pe\u00e7as fornecidas e deve ser devolvida na embalagem original. Os custos de transporte para uma devolu\u00e7\u00e3o s\u00e3o sempre por conta do comprador em compras atrav\u00e9s de www.salonforall.es. Deve organizar um transporte com uma empresa de transporte \u00e0 sua escolha para uma devolu\u00e7\u00e3o. Ap\u00f3s a devolu\u00e7\u00e3o da Lupa Led Elegant 6025 60 Led 5D com Trip\u00e9, ser\u00e1 verificada a sua integridade e eventuais danos. Uma vez aprovada a devolu\u00e7\u00e3o, o montante da compra ser\u00e1 reembolsado no prazo de 5 dias \u00fateis para a conta banc\u00e1ria que temos registada.<\/p>\n<h2>Quem \u00e9 o Salon For All?<\/h2>\n<p>A Salon For All \u00e9 o grossista de todo o equipamento para sal\u00f5es de beleza na Europa. A Salon For All come\u00e7ou em 2003 com o nome Salonvoordeel e cresceu a partir da pr\u00e1tica. Os propriet\u00e1rios da Salon For All eram cabeleireiros experientes e especialistas em beleza e t\u00eam, em conjunto, mais de 30 anos de experi\u00eancia pr\u00e1tica. Em 2003, lan\u00e7\u00e1mos o Salonvoordeel.nl (Pa\u00edses Baixos) e, posteriormente, o Salon For All foi fundado para o mercado europeu. Alguns dos nossos funcion\u00e1rios come\u00e7aram o seu pr\u00f3prio neg\u00f3cio e assim nasceu a ideia de lan\u00e7ar uma loja online funcional para cabeleireiros e para os ajudar com o seu equipamento de sal\u00e3o.<\/p>\n<p>O nosso showroom est\u00e1 situado em Dinxperlo, diretamente na fronteira entre os Pa\u00edses Baixos e a Alemanha. Com a nossa vasta experi\u00eancia no sector, podemos servir-lhe de espelho e dar-lhe os conselhos certos - falamos a mesma l\u00edngua! Aconselhamos, inspiramos, motivamos e ajudamos na compra de L\u00e2mpada de aumento LED elegante 6025 60 Led 5D com trip\u00e9. Os nossos fornecedores est\u00e3o localizados em toda a Europa, desde a Alemanha, Inglaterra, It\u00e1lia at\u00e9 \u00e0 Pol\u00f3nia.<\/p>","protected":false},"excerpt":{"rendered":"<p>O produto L\u00e2mpada de Aumento Led Elegante 6025 60 Led 5D Com Trip\u00e9 \u00e9 uma solu\u00e7\u00e3o de alta qualidade para qualquer sala de estar. O prazo de entrega estimado \u00e9 de aproximadamente 6 dias \u00fateis.<\/p>","protected":false},"featured_media":5985,"comment_status":"open","ping_status":"open","template":"","meta":[],"product_brand":[688],"product_cat":[641,161],"product_tag":[642,164],"class_list":{"0":"post-5984","1":"product","2":"type-product","3":"status-publish","4":"has-post-thumbnail","6":"product_brand-elegante","7":"product_cat-lamparas","8":"product_cat-podologia","9":"product_tag-lamparas","10":"product_tag-podologia","11":"pa_codigo-ean-7759","12":"pa_garantia-12-meses","13":"pa_marca-elegante","14":"pa_numero-de-articulo-2062","15":"pa_tiempo-estimado-de-entrega-4-5-dias-laborables","17":"first","18":"instock","19":"sale","20":"taxable","21":"shipping-taxable","22":"purchasable","23":"product-type-simple"},"yoast_head":"<!-- This site is optimized with the Yoast SEO plugin v27.6 - https:\/\/yoast.com\/product\/yoast-seo-wordpress\/ -->\n<title>L\u00e1mpara Lupa Led Elegante 6025 60 Led 5D Con Tr\u00edpode comprar<\/title>\n<meta name=\"description\" content=\"Compra L\u00e1mpara Lupa Led Elegante 6025 60 Led 5D Con Tr\u00edpode online o en el showroom en Salon For ALL Espa\u00f1a. El mayorista para salones, consultas y spas en Espa\u00f1a y Portugal.\" \/>\n<meta name=\"robots\" content=\"index, follow, max-snippet:-1, max-image-preview:large, max-video-preview:-1\" \/>\n<link rel=\"canonical\" href=\"https:\/\/salonforall.es\/pt\/elegante-lampada-de-ampliacao-led-6025-60-led-5d-com-tripe\/\" \/>\n<meta property=\"og:locale\" content=\"pt_PT\" \/>\n<meta property=\"og:type\" content=\"article\" \/>\n<meta property=\"og:title\" content=\"L\u00e1mpara Lupa Led Elegante 6025 60 Led 5D Con Tr\u00edpode\" \/>\n<meta property=\"og:description\" content=\"Compra L\u00e1mpara Lupa Led Elegante 6025 60 Led 5D Con Tr\u00edpode online o en el showroom en Salon For ALL Espa\u00f1a. El mayorista para salones, consultas y spas en Espa\u00f1a y Portugal.\" \/>\n<meta property=\"og:url\" content=\"https:\/\/salonforall.es\/pt\/elegante-lampada-de-ampliacao-led-6025-60-led-5d-com-tripe\/\" \/>\n<meta property=\"og:site_name\" content=\"Salon For ALL Espa\u00f1a\" \/>\n<meta property=\"article:modified_time\" content=\"2026-03-24T15:39:02+00:00\" \/>\n<meta property=\"og:image\" content=\"https:\/\/salonforall.es\/wp-content\/uploads\/2025\/12\/Lampara-Lupa-Led-Elegante-6025-60-Led-5D-Con-Tripode.jpg\" \/>\n\t<meta property=\"og:image:width\" content=\"800\" \/>\n\t<meta property=\"og:image:height\" content=\"800\" \/>\n\t<meta property=\"og:image:type\" content=\"image\/jpeg\" \/>\n<meta name=\"twitter:card\" content=\"summary_large_image\" \/>\n<meta name=\"twitter:title\" content=\"L\u00e1mpara Lupa Led Elegante 6025 60 Led 5D Con Tr\u00edpode\" \/>\n<meta name=\"twitter:label1\" content=\"Tempo estimado de leitura\" \/>\n\t<meta name=\"twitter:data1\" content=\"7 minutos\" \/>\n<script type=\"application\/ld+json\" class=\"yoast-schema-graph\">{\"@context\":\"https:\\\/\\\/schema.org\",\"@graph\":[{\"@type\":\"WebPage\",\"@id\":\"https:\\\/\\\/salonforall.es\\\/lampara-lupa-led-elegante-6025-60-led-5d-con-tripode\\\/\",\"url\":\"https:\\\/\\\/salonforall.es\\\/lampara-lupa-led-elegante-6025-60-led-5d-con-tripode\\\/\",\"name\":\"L\u00e1mpara Lupa Led Elegante 6025 60 Led 5D Con Tr\u00edpode comprar\",\"isPartOf\":{\"@id\":\"https:\\\/\\\/salonforall.es\\\/#website\"},\"primaryImageOfPage\":{\"@id\":\"https:\\\/\\\/salonforall.es\\\/lampara-lupa-led-elegante-6025-60-led-5d-con-tripode\\\/#primaryimage\"},\"image\":{\"@id\":\"https:\\\/\\\/salonforall.es\\\/lampara-lupa-led-elegante-6025-60-led-5d-con-tripode\\\/#primaryimage\"},\"thumbnailUrl\":\"https:\\\/\\\/salonforall.es\\\/wp-content\\\/uploads\\\/2025\\\/12\\\/Lampara-Lupa-Led-Elegante-6025-60-Led-5D-Con-Tripode.jpg\",\"datePublished\":\"2025-12-02T11:23:45+00:00\",\"dateModified\":\"2026-03-24T15:39:02+00:00\",\"description\":\"Compra L\u00e1mpara Lupa Led Elegante 6025 60 Led 5D Con Tr\u00edpode online o en el showroom en Salon For ALL Espa\u00f1a. El mayorista para salones, consultas y spas en Espa\u00f1a y Portugal.\",\"breadcrumb\":{\"@id\":\"https:\\\/\\\/salonforall.es\\\/lampara-lupa-led-elegante-6025-60-led-5d-con-tripode\\\/#breadcrumb\"},\"inLanguage\":\"pt-PT\",\"potentialAction\":[{\"@type\":\"ReadAction\",\"target\":[\"https:\\\/\\\/salonforall.es\\\/lampara-lupa-led-elegante-6025-60-led-5d-con-tripode\\\/\"]}]},{\"@type\":\"ImageObject\",\"inLanguage\":\"pt-PT\",\"@id\":\"https:\\\/\\\/salonforall.es\\\/lampara-lupa-led-elegante-6025-60-led-5d-con-tripode\\\/#primaryimage\",\"url\":\"https:\\\/\\\/salonforall.es\\\/wp-content\\\/uploads\\\/2025\\\/12\\\/Lampara-Lupa-Led-Elegante-6025-60-Led-5D-Con-Tripode.jpg\",\"contentUrl\":\"https:\\\/\\\/salonforall.es\\\/wp-content\\\/uploads\\\/2025\\\/12\\\/Lampara-Lupa-Led-Elegante-6025-60-Led-5D-Con-Tripode.jpg\",\"width\":800,\"height\":800,\"caption\":\"L\u00e1mpara Lupa Led Elegante 6025 60 Led 5D Con Tr\u00edpode\"},{\"@type\":\"BreadcrumbList\",\"@id\":\"https:\\\/\\\/salonforall.es\\\/lampara-lupa-led-elegante-6025-60-led-5d-con-tripode\\\/#breadcrumb\",\"itemListElement\":[{\"@type\":\"ListItem\",\"position\":1,\"name\":\"Home\",\"item\":\"https:\\\/\\\/salonforall.es\\\/\"},{\"@type\":\"ListItem\",\"position\":2,\"name\":\"Winkel\",\"item\":\"https:\\\/\\\/salonforall.es\\\/winkel\\\/\"},{\"@type\":\"ListItem\",\"position\":3,\"name\":\"L\u00e1mpara Lupa Led Elegante 6025 60 Led 5D Con Tr\u00edpode\"}]},{\"@type\":\"WebSite\",\"@id\":\"https:\\\/\\\/salonforall.es\\\/#website\",\"url\":\"https:\\\/\\\/salonforall.es\\\/\",\"name\":\"Salon For ALL Espa\u00f1a\",\"description\":\"Mayorista de mobiliario y suministros para consultorios y salones\",\"publisher\":{\"@id\":\"https:\\\/\\\/salonforall.es\\\/#organization\"},\"potentialAction\":[{\"@type\":\"SearchAction\",\"target\":{\"@type\":\"EntryPoint\",\"urlTemplate\":\"https:\\\/\\\/salonforall.es\\\/?s={search_term_string}\"},\"query-input\":{\"@type\":\"PropertyValueSpecification\",\"valueRequired\":true,\"valueName\":\"search_term_string\"}}],\"inLanguage\":\"pt-PT\"},{\"@type\":\"Organization\",\"@id\":\"https:\\\/\\\/salonforall.es\\\/#organization\",\"name\":\"Salon For All B.V. Espa\u00f1a\",\"alternateName\":\"Salon For All B.V. Espa\u00f1a - Mayorista de equipamiento para consultas, salones y suministros\",\"url\":\"https:\\\/\\\/salonforall.es\\\/\",\"logo\":{\"@type\":\"ImageObject\",\"inLanguage\":\"pt-PT\",\"@id\":\"https:\\\/\\\/salonforall.es\\\/#\\\/schema\\\/logo\\\/image\\\/\",\"url\":\"https:\\\/\\\/salonforall.es\\\/wp-content\\\/uploads\\\/2025\\\/11\\\/logo-salon-for-all-e1764543185849.png\",\"contentUrl\":\"https:\\\/\\\/salonforall.es\\\/wp-content\\\/uploads\\\/2025\\\/11\\\/logo-salon-for-all-e1764543185849.png\",\"width\":500,\"height\":150,\"caption\":\"Salon For All B.V. Espa\u00f1a\"},\"image\":{\"@id\":\"https:\\\/\\\/salonforall.es\\\/#\\\/schema\\\/logo\\\/image\\\/\"}}]}<\/script>\n<!-- \/ Yoast SEO plugin. -->","yoast_head_json":{"title":"L\u00e2mpada de aumento LED elegante 6025 60 Led 5D com trip\u00e9 comprar","description":"Comprar L\u00e2mpada de Aumento Led Elegante 6025 60 Led 5D Com Trip\u00e9 online ou no showroom da Salon For ALL Spain. O grossista para sal\u00f5es, consult\u00f3rios e spas em Espanha e Portugal.","robots":{"index":"index","follow":"follow","max-snippet":"max-snippet:-1","max-image-preview":"max-image-preview:large","max-video-preview":"max-video-preview:-1"},"canonical":"https:\/\/salonforall.es\/pt\/elegante-lampada-de-ampliacao-led-6025-60-led-5d-com-tripe\/","og_locale":"pt_PT","og_type":"article","og_title":"L\u00e1mpara Lupa Led Elegante 6025 60 Led 5D Con Tr\u00edpode","og_description":"Compra L\u00e1mpara Lupa Led Elegante 6025 60 Led 5D Con Tr\u00edpode online o en el showroom en Salon For ALL Espa\u00f1a. El mayorista para salones, consultas y spas en Espa\u00f1a y Portugal.","og_url":"https:\/\/salonforall.es\/pt\/elegante-lampada-de-ampliacao-led-6025-60-led-5d-com-tripe\/","og_site_name":"Salon For ALL Espa\u00f1a","article_modified_time":"2026-03-24T15:39:02+00:00","og_image":[{"width":800,"height":800,"url":"https:\/\/salonforall.es\/wp-content\/uploads\/2025\/12\/Lampara-Lupa-Led-Elegante-6025-60-Led-5D-Con-Tripode.jpg","type":"image\/jpeg"}],"twitter_card":"summary_large_image","twitter_title":"L\u00e1mpara Lupa Led Elegante 6025 60 Led 5D Con Tr\u00edpode","twitter_misc":{"Tempo estimado de leitura":"7 minutos"},"schema":{"@context":"https:\/\/schema.org","@graph":[{"@type":"WebPage","@id":"https:\/\/salonforall.es\/lampara-lupa-led-elegante-6025-60-led-5d-con-tripode\/","url":"https:\/\/salonforall.es\/lampara-lupa-led-elegante-6025-60-led-5d-con-tripode\/","name":"L\u00e2mpada de aumento LED elegante 6025 60 Led 5D com trip\u00e9 comprar","isPartOf":{"@id":"https:\/\/salonforall.es\/#website"},"primaryImageOfPage":{"@id":"https:\/\/salonforall.es\/lampara-lupa-led-elegante-6025-60-led-5d-con-tripode\/#primaryimage"},"image":{"@id":"https:\/\/salonforall.es\/lampara-lupa-led-elegante-6025-60-led-5d-con-tripode\/#primaryimage"},"thumbnailUrl":"https:\/\/salonforall.es\/wp-content\/uploads\/2025\/12\/Lampara-Lupa-Led-Elegante-6025-60-Led-5D-Con-Tripode.jpg","datePublished":"2025-12-02T11:23:45+00:00","dateModified":"2026-03-24T15:39:02+00:00","description":"Comprar L\u00e2mpada de Aumento Led Elegante 6025 60 Led 5D Com Trip\u00e9 online ou no showroom da Salon For ALL Spain. O grossista para sal\u00f5es, consult\u00f3rios e spas em Espanha e Portugal.","breadcrumb":{"@id":"https:\/\/salonforall.es\/lampara-lupa-led-elegante-6025-60-led-5d-con-tripode\/#breadcrumb"},"inLanguage":"pt-PT","potentialAction":[{"@type":"ReadAction","target":["https:\/\/salonforall.es\/lampara-lupa-led-elegante-6025-60-led-5d-con-tripode\/"]}]},{"@type":"ImageObject","inLanguage":"pt-PT","@id":"https:\/\/salonforall.es\/lampara-lupa-led-elegante-6025-60-led-5d-con-tripode\/#primaryimage","url":"https:\/\/salonforall.es\/wp-content\/uploads\/2025\/12\/Lampara-Lupa-Led-Elegante-6025-60-Led-5D-Con-Tripode.jpg","contentUrl":"https:\/\/salonforall.es\/wp-content\/uploads\/2025\/12\/Lampara-Lupa-Led-Elegante-6025-60-Led-5D-Con-Tripode.jpg","width":800,"height":800,"caption":"L\u00e1mpara Lupa Led Elegante 6025 60 Led 5D Con Tr\u00edpode"},{"@type":"BreadcrumbList","@id":"https:\/\/salonforall.es\/lampara-lupa-led-elegante-6025-60-led-5d-con-tripode\/#breadcrumb","itemListElement":[{"@type":"ListItem","position":1,"name":"Home","item":"https:\/\/salonforall.es\/"},{"@type":"ListItem","position":2,"name":"Winkel","item":"https:\/\/salonforall.es\/winkel\/"},{"@type":"ListItem","position":3,"name":"L\u00e1mpara Lupa Led Elegante 6025 60 Led 5D Con Tr\u00edpode"}]},{"@type":"WebSite","@id":"https:\/\/salonforall.es\/#website","url":"https:\/\/salonforall.es\/","name":"Sal\u00e3o de beleza para toda a Espanha","description":"Grossista de mobili\u00e1rio e material para sal\u00f5es de beleza e consult\u00f3rios","publisher":{"@id":"https:\/\/salonforall.es\/#organization"},"potentialAction":[{"@type":"SearchAction","target":{"@type":"EntryPoint","urlTemplate":"https:\/\/salonforall.es\/?s={search_term_string}"},"query-input":{"@type":"PropertyValueSpecification","valueRequired":true,"valueName":"search_term_string"}}],"inLanguage":"pt-PT"},{"@type":"Organization","@id":"https:\/\/salonforall.es\/#organization","name":"Salon For All B.V. Espanha","alternateName":"Salon For All B.V. Espa\u00f1a - Mayorista de equipamiento para consultas, salones y suministros","url":"https:\/\/salonforall.es\/","logo":{"@type":"ImageObject","inLanguage":"pt-PT","@id":"https:\/\/salonforall.es\/#\/schema\/logo\/image\/","url":"https:\/\/salonforall.es\/wp-content\/uploads\/2025\/11\/logo-salon-for-all-e1764543185849.png","contentUrl":"https:\/\/salonforall.es\/wp-content\/uploads\/2025\/11\/logo-salon-for-all-e1764543185849.png","width":500,"height":150,"caption":"Salon For All B.V. Espa\u00f1a"},"image":{"@id":"https:\/\/salonforall.es\/#\/schema\/logo\/image\/"}}]}},"_links":{"self":[{"href":"https:\/\/salonforall.es\/pt\/wp-json\/wp\/v2\/product\/5984","targetHints":{"allow":["GET"]}}],"collection":[{"href":"https:\/\/salonforall.es\/pt\/wp-json\/wp\/v2\/product"}],"about":[{"href":"https:\/\/salonforall.es\/pt\/wp-json\/wp\/v2\/types\/product"}],"replies":[{"embeddable":true,"href":"https:\/\/salonforall.es\/pt\/wp-json\/wp\/v2\/comments?post=5984"}],"wp:featuredmedia":[{"embeddable":true,"href":"https:\/\/salonforall.es\/pt\/wp-json\/wp\/v2\/media\/5985"}],"wp:attachment":[{"href":"https:\/\/salonforall.es\/pt\/wp-json\/wp\/v2\/media?parent=5984"}],"wp:term":[{"taxonomy":"product_brand","embeddable":true,"href":"https:\/\/salonforall.es\/pt\/wp-json\/wp\/v2\/product_brand?post=5984"},{"taxonomy":"product_cat","embeddable":true,"href":"https:\/\/salonforall.es\/pt\/wp-json\/wp\/v2\/product_cat?post=5984"},{"taxonomy":"product_tag","embeddable":true,"href":"https:\/\/salonforall.es\/pt\/wp-json\/wp\/v2\/product_tag?post=5984"}],"curies":[{"name":"wp","href":"https:\/\/api.w.org\/{rel}","templated":true}]}}