{"id":5766,"date":"2025-12-02T12:21:00","date_gmt":"2025-12-02T11:21:00","guid":{"rendered":"https:\/\/salonforall.es\/product\/conjunto-de-sillon-210-lampara-lupa-led-s5-taburete-302\/"},"modified":"2026-03-24T16:26:11","modified_gmt":"2026-03-24T15:26:11","slug":"conjunto-de-poltrona-210-lampada-de-aumento-lampada-led-s5-banqueta-302","status":"publish","type":"product","link":"https:\/\/salonforall.es\/pt\/conjunto-de-sillon-210-lampara-lupa-led-s5-taburete-302\/","title":{"rendered":"Conjunto de poltrona 210 + l\u00e2mpada de aumento LED S5 + banco 302"},"content":{"rendered":"<h2>Informa\u00e7\u00f5es sobre Conjunto de poltrona 210 + L\u00e2mpada de aumento Led S5 + Banco 302 com n\u00famero de artigo 104145<\/h2>\n<div> o conjunto inclui: <\/p>\n<p> - poltrona hidr\u00e1ulica a210, <br \/> - L\u00e2mpada de aumento led s5, <br \/> - banco de cosm\u00e9tica. <\/p>\n<p> cadeira de cosm\u00e9tica hidr\u00e1ulica a-210 <br \/> cadeira girat\u00f3ria com fecho, levantada e baixada hidraulicamente com um orif\u00edcio no apoio para a cabe\u00e7a, perfeita para cosm\u00e9ticos, maquilhagem e massagens. tem apoios de bra\u00e7os amov\u00edveis e uma ficha no apoio para a cabe\u00e7a. cobertura do assento facilmente lav\u00e1vel, feita de couro ecol\u00f3gico, que cumpre os rigorosos requisitos da UE, elementos met\u00e1licos est\u00e9ticos niquelados. debaixo da cadeira h\u00e1 uma barra para um len\u00e7ol descart\u00e1vel, toalhas de mesa ou uma toalha. <br \/> o cadeir\u00e3o est\u00e1 dispon\u00edvel em branco. <br \/> a cadeira \u00e9 embalada em duas embalagens de cart\u00e3o, que incluem <br \/> 1 embalagem: <br \/> - base de cadeira <br \/> - p\u00e9s para a base <br \/> - uma alavanca para bombear o elevador <br \/> - parafusos para montagem do atuador e do assento 5 unid. <br \/>- atuador<br \/>Embalagem de 2:<br \/>- banco com encaixe para apoio de cabe\u00e7a<br \/>- apoios de bra\u00e7os 2 pcs.<br \/>- suporte de folhas<br \/>- guias para fixa\u00e7\u00e3o do apoio para os p\u00e9s e do encosto 4 pe\u00e7as.<br \/>- tampa do atuador<br \/>- instru\u00e7\u00f5es de montagem<br \/>- garantia<br \/>Dimens\u00f5es da cadeira:<br >- assento reclin\u00e1vel com apoio para a cabe\u00e7a 63 x 180 cm<br \/>- altura m\u00ednima 64 cm<br \/>- altura m\u00e1x. 80 cm Vers\u00e3o europeia <br \/> - base 55 x 106,5 cm <br \/> dados t\u00e9cnicos: <br \/> - peso bruto (todas as caixas) 70 kg (40 kg +30 kg) <br \/> - n\u00famero de embalagens: 2 <br > - dimens\u00f5es da embalagem: <br \/> base 106x57x42 <br \/> assento 115x40x68  <\/div>\n<div>\n<div> L\u00e2mpada de amplia\u00e7\u00e3o de 5 dioptrias, l\u00e2mpada LED num suporte de cinco bra\u00e7os. permite ver a pele aumentada com boa ilumina\u00e7\u00e3o. tamb\u00e9m utilizada em tratamentos de manicura e pedicura, maquilhagem permanente, depila\u00e7\u00e3o. tem alta visibilidade, vidro antirreflexo e uma l\u00e2mpada fluorescente que emite uma luz branca brilhante sem causar dor nos olhos quando se trabalha durante muito tempo. ideal para consult\u00f3rios de est\u00e9tica, dent\u00e1rios e veterin\u00e1rios e utilizada noutras ind\u00fastrias. <br \/> o conjunto inclui: <br \/> - l\u00e2mpada de aumento <br \/> - trip\u00e9 <br \/> - garantia <\/div>\n<div> dados t\u00e9cnicos: <br \/> - 5 dioptrias <br \/> - pot\u00eancia: 12 w <br \/> - tens\u00e3o 220-240 v \/ 50 hz  <\/div><\/div>\n<div> <\/div>\n<div> <\/div>\n<div> banco de cosm\u00e9tica am-302 branco <br \/> banco de cosm\u00e9tica c\u00f3modo e est\u00e1vel, sem encosto, com assento com contornos, assente numa base de cinco estrelas com rod\u00edzios de borracha, <br \/> branco, uma pe\u00e7a de mobili\u00e1rio indispens\u00e1vel no sal\u00e3o de beleza. <br \/> dimens\u00f5es: <br \/> - dimens\u00f5es do assento 32 x 35 cm <br \/> - altura m\u00ednima de 50 cm <br \/> - altura m\u00e1xima 64 cm <br \/> Dados t\u00e9cnicos: <br \/> - Hidr\u00e1ulico <br \/> - Base de cinco raios com rodas de borracha <br \/> - Dimens\u00f5es da embalagem 49,5 x 49,5 x 22 cm <br \/> - Peso da embalagem 5,7 kg <br \/> - N\u00famero de embalagens 1 <\/p><\/div>\n<p>Os produtos da Activeshop s\u00e3o proporcionalmente mais baratos do que os de muitas outras marcas\/fornecedores. O pre\u00e7o est\u00e1 em rela\u00e7\u00e3o com a qualidade. O conjunto Poltrona 210 + L\u00e2mpada de Aumento Led S5 + Banco 302 \u00e9, portanto, uma solu\u00e7\u00e3o econ\u00f3mica para o seu sal\u00e3o.<\/p>\n<h2>Como \u00e9 que se entrega o Conjunto de Cadeir\u00e3o 210 + L\u00e2mpada de Aumento Led S5 + Banco 302?<\/h2>\n<p>Conjunto De Sill\u00f3n 210 + L\u00e1mpara Lupa Led S5 + Taburete 302 \u00e9 entregue na(s) embalagem(ns) original(ais). Em Espanha, o envio do Conjunto De Sill\u00f3n 210 + L\u00e1mpara Lupa Led S5 + Taburete 302 \u00e9 totalmente gratuito para encomendas superiores a 100,- euros. Para envios para outros pa\u00edses aplicam-se taxas de envio separadas. Pode verificar estas taxas connosco ou v\u00ea-las no carrinho de compras. Set De Sill\u00f3n 210 + L\u00e1mpara Lupa Led S5 + Taburete 302 \u00e9 enviado atrav\u00e9s de um servi\u00e7o de correio externo.<\/p>\n<p>As encomendas ou paletes s\u00e3o entregues, por norma, at\u00e9 \u00e0 soleira da porta da frente, mesmo que se encontre num edif\u00edcio coletivo, num edif\u00edcio de apartamentos ou num complexo de apartamentos com elevador (desde que o artigo caiba no elevador). N\u00e3o h\u00e1 elevador dispon\u00edvel ou o artigo n\u00e3o cabe no elevador? Ent\u00e3o entregamos at\u00e9 \u00e0 soleira do r\u00e9s do ch\u00e3o.<\/p>\n<p>Se ainda tem d\u00favidas sobre a entrega ou uma situa\u00e7\u00e3o especial, contacte-nos e teremos todo o gosto em ajud\u00e1-lo!<\/p>\n<p>*Os artigos n\u00e3o s\u00e3o desempacotados ou montados como padr\u00e3o. Em situa\u00e7\u00f5es especiais, pode contactar-nos para combinarmos as condi\u00e7\u00f5es.<\/p>\n<h2>Compras online seguras na Salon For All com o selo de qualidade Webwinkelkeur e encripta\u00e7\u00e3o SSL.<\/h2>\n<p>\u00c9 importante para n\u00f3s que os nossos clientes possam fazer compras com seguran\u00e7a na nossa loja online. Estamos afiliados ao selo de qualidade nacional Webwinkelkeur desde 2019. A nossa identidade foi verificada e verificada por eles, e a loja online foi verificada e legalmente aprovada. Al\u00e9m disso, a nossa loja online \u00e9 afiliada a eles para media\u00e7\u00e3o de conflitos. Pode ver o log\u00f3tipo com todas as informa\u00e7\u00f5es deste selo de qualidade da loja online no lado esquerdo ou direito da loja online (bot\u00e3o rosa com branco). Al\u00e9m disso, o nosso s\u00edtio est\u00e1 protegido por um certificado SSL para que possa navegar em seguran\u00e7a connosco. Na barra do seu navegador de Internet, onde aparece o nosso s\u00edtio Web, ver\u00e1 um \u00edcone de cadeado. Se clicar no cadeado, obter\u00e1 todas as informa\u00e7\u00f5es sobre a nossa seguran\u00e7a. Desta forma, sabe que a sua encomenda de Conjunto de poltronas 210 + L\u00e2mpada de aumento Led S5 + Banco 302 e os seus dados pessoais s\u00e3o processados de forma segura.<\/p>\n<h2>Como pagar o conjunto de poltrona 210 + l\u00e2mpada de aumento LED S5 + banco 302?<\/h2>\n<p>Queremos tornar as coisas o mais f\u00e1ceis poss\u00edvel para si. \u00c9 por isso que na Salon For All pode pagar com todos os m\u00e9todos de pagamento populares. Pagar antecipadamente, na entrega ou depois - tudo \u00e9 poss\u00edvel. Veja aqui todos os m\u00e9todos de pagamento que oferecemos:<\/p>\n<ul>\n<li>iDEAL<\/li>\n<li>Cart\u00e3o de cr\u00e9dito (Visa, Mastercard, American Express)<\/li>\n<li>Klarna - Pagamento na entrega com fatura<\/li>\n<li>PayPal<\/li>\n<li>Apple Pay<\/li>\n<li>Google Pay<\/li>\n<li>Bizum (para clientes espanh\u00f3is)<\/li>\n<li>Transfer\u00eancia banc\u00e1ria SEPA<\/li>\n<li>Contacto com o banco<\/li>\n<li>Fatura comercial para empresas<\/li>\n<li>Pagamento na sala de exposi\u00e7\u00f5es - Cart\u00e3o e dinheiro (apenas dispon\u00edvel \u00e0 cobran\u00e7a)<\/li>\n<\/ul>\n<h2>Veja tamb\u00e9m as opini\u00f5es de Salon For All<\/h2>\n<p>Consulte tamb\u00e9m as nossas opini\u00f5es para ter em conta as experi\u00eancias dos nossos clientes actuais na sua decis\u00e3o de encomendar Conjunto de poltronas 210 + L\u00e2mpada de aumento LED S5 + Banco 302 connosco. Atrav\u00e9s do nosso selo de qualidade independente da loja online Webwinkelkeur, s\u00e3o recolhidas automaticamente as opini\u00f5es verificadas dos clientes que efectuaram uma encomenda connosco. Pode encontr\u00e1-las atr\u00e1s do bot\u00e3o cor-de-rosa na nossa loja online ou est\u00e3o listadas por baixo dos produtos.<\/p>\n<p>Por favor, partilhe tamb\u00e9m a sua experi\u00eancia depois de fazer compras com a sua encomenda e a sua experi\u00eancia com o processo de compra ou com o contacto com a Salon For All para inspirar outros!<\/p>\n<h2>Contactar o Salon For All<\/h2>\n<p>Ent\u00e3o, contacte-nos. Teremos todo o gosto em ajud\u00e1-lo na compra de Conjunto de Poltrona 210 + L\u00e2mpada de Aumento Led S5 + Banco 302. Nos dias \u00fateis, estamos dispon\u00edveis entre as 8h30 e as 17h00, atrav\u00e9s do n\u00famero de telefone e do endere\u00e7o de correio eletr\u00f3nico indicados no topo da loja online ou atrav\u00e9s da fun\u00e7\u00e3o de chat. Os pedidos de informa\u00e7\u00e3o fora do hor\u00e1rio de expediente s\u00e3o normalmente respondidos num prazo de 24 horas. Tamb\u00e9m \u00e9 poss\u00edvel visitar-nos fora dos dias \u00fateis ou do hor\u00e1rio de expediente. No entanto, \u00e9 necess\u00e1rio efetuar uma marca\u00e7\u00e3o pr\u00e9via.<\/p>\n<h2>Gostaria de visitar a nossa sala de exposi\u00e7\u00f5es?<\/h2>\n<p>Prefere ver o Conjunto Poltrona 210 + L\u00e2mpada de Aumento Led S5 + Banco 302 ou consultar a nossa oferta de loja (online) juntamente com o nosso colega? Ent\u00e3o visite o nosso showroom com mais de 1000m\u00b2 de equipamento de sal\u00e3o e deixe-se inspirar pela nossa equipa. Al\u00e9m disso, se gosta de nos conhecer agradavelmente durante uma ch\u00e1vena de caf\u00e9 ou ch\u00e1, \u00e9 muito bem-vindo. N\u00e3o temos todos os produtos em stock, por isso, por favor, avise-nos com anteced\u00eancia que gostaria de vir. Marque sempre uma visita com anteced\u00eancia.<\/p>\n<h2>14 dias de reflex\u00e3o e a nossa pol\u00edtica de devolu\u00e7\u00e3o<\/h2>\n<p>\u00c9 claro que pode acontecer que o Conjunto de Poltrona 210 + L\u00e2mpada de Aumento Led S5 + Banco 302 entregue n\u00e3o seja totalmente do seu agrado e queira devolv\u00ea-lo. Na Salon For All, isso n\u00e3o \u00e9 problema. Deve notificar a sua devolu\u00e7\u00e3o no prazo de 14 dias \u00fateis atrav\u00e9s de info@salonforall.es. Receber\u00e1 ent\u00e3o primeiro todas as instru\u00e7\u00f5es e condi\u00e7\u00f5es de devolu\u00e7\u00e3o. O conjunto Poltrona 210 + L\u00e2mpada de aumento Led S5 + Banco 302 n\u00e3o deve ter sido utilizado, deve conter todas as pe\u00e7as fornecidas e deve ser devolvido na embalagem original. Os custos de transporte para uma devolu\u00e7\u00e3o s\u00e3o sempre a cargo do comprador nas compras efectuadas atrav\u00e9s do site www.salonforall.es. Para uma devolu\u00e7\u00e3o, deve ser o pr\u00f3prio comprador a organizar o transporte junto de uma empresa de transportes \u00e0 sua escolha. Ap\u00f3s a devolu\u00e7\u00e3o do Conjunto Poltrona 210 + L\u00e2mpada de aumento Led S5 + Banco 302, ser\u00e1 verificada a sua integridade e eventuais danos. Uma vez aprovada a devolu\u00e7\u00e3o, o montante da compra ser\u00e1 reembolsado no prazo de 5 dias \u00fateis para a conta banc\u00e1ria que temos registada.<\/p>\n<h2>Quem \u00e9 o Salon For All?<\/h2>\n<p>A Salon For All \u00e9 o grossista de todo o equipamento para sal\u00f5es de beleza na Europa. A Salon For All come\u00e7ou em 2003 com o nome Salonvoordeel e cresceu a partir da pr\u00e1tica. Os propriet\u00e1rios da Salon For All eram cabeleireiros experientes e especialistas em beleza e t\u00eam, em conjunto, mais de 30 anos de experi\u00eancia pr\u00e1tica. Em 2003, lan\u00e7\u00e1mos o Salonvoordeel.nl (Pa\u00edses Baixos) e, posteriormente, o Salon For All foi fundado para o mercado europeu. Alguns dos nossos funcion\u00e1rios come\u00e7aram o seu pr\u00f3prio neg\u00f3cio e assim nasceu a ideia de lan\u00e7ar uma loja online funcional para cabeleireiros e para os ajudar com o seu equipamento de sal\u00e3o.<\/p>\n<p>O nosso showroom est\u00e1 situado em Dinxperlo, diretamente na fronteira entre os Pa\u00edses Baixos e a Alemanha. Com os nossos muitos anos de experi\u00eancia no sector, podemos servir-lhe de espelho e dar-lhe os conselhos certos - falamos a mesma l\u00edngua! Aconselhamos, inspiramos, motivamos e apoiamos na compra do Conjunto de Poltrona 210 + L\u00e2mpada de Aumento Led S5 + Banco 302. Os nossos fornecedores est\u00e3o localizados em toda a Europa, desde a Alemanha, Inglaterra, It\u00e1lia at\u00e9 \u00e0 Pol\u00f3nia.<\/p>","protected":false},"excerpt":{"rendered":"<p>O produto Conjunto de Cadeir\u00e3o 210 + Candeeiro de Aumento Led S5 + Banco 302 \u00e9 uma solu\u00e7\u00e3o de alta qualidade para qualquer sala de estar. O prazo de entrega estimado \u00e9 de aproximadamente 6 dias \u00fateis.<\/p>","protected":false},"featured_media":5767,"comment_status":"open","ping_status":"open","template":"","meta":[],"product_brand":[107],"product_cat":[109,108],"product_tag":[111,110],"class_list":{"0":"post-5766","1":"product","2":"type-product","3":"status-publish","4":"has-post-thumbnail","6":"product_brand-activeshop","7":"product_cat-kits-promocionales","8":"product_cat-mobiliario-cosmetico","9":"product_tag-kits-promocionales","10":"product_tag-mobiliario-cosmetico","11":"pa_codigo-ean-7759","12":"pa_garantia-12-meses","13":"pa_marca-activeshop","14":"pa_numero-de-articulo-1898","15":"pa_tiempo-estimado-de-entrega-4-5-dias-laborables","17":"first","18":"outofstock","19":"sale","20":"taxable","21":"shipping-taxable","22":"purchasable","23":"product-type-simple"},"yoast_head":"<!-- This site is optimized with the Yoast SEO plugin v27.6 - https:\/\/yoast.com\/product\/yoast-seo-wordpress\/ -->\n<title>Conjunto De Sill\u00f3n 210 + L\u00e1mpara Lupa Led S5 + Taburete 302 comprar<\/title>\n<meta name=\"description\" content=\"Compra Conjunto De Sill\u00f3n 210 + L\u00e1mpara Lupa Led S5 + Taburete 302 online o en el showroom en Salon For ALL Espa\u00f1a. El mayorista para salones, consultas y spas en Espa\u00f1a y Portugal.\" \/>\n<meta name=\"robots\" content=\"index, follow, max-snippet:-1, max-image-preview:large, max-video-preview:-1\" \/>\n<link rel=\"canonical\" href=\"https:\/\/salonforall.es\/pt\/conjunto-de-poltrona-210-lampada-de-aumento-lampada-led-s5-banqueta-302\/\" \/>\n<meta property=\"og:locale\" content=\"pt_PT\" \/>\n<meta property=\"og:type\" content=\"article\" \/>\n<meta property=\"og:title\" content=\"Conjunto De Sill\u00f3n 210 + L\u00e1mpara Lupa Led S5 + Taburete 302\" \/>\n<meta property=\"og:description\" content=\"Compra Conjunto De Sill\u00f3n 210 + L\u00e1mpara Lupa Led S5 + Taburete 302 online o en el showroom en Salon For ALL Espa\u00f1a. El mayorista para salones, consultas y spas en Espa\u00f1a y Portugal.\" \/>\n<meta property=\"og:url\" content=\"https:\/\/salonforall.es\/pt\/conjunto-de-poltrona-210-lampada-de-aumento-lampada-led-s5-banqueta-302\/\" \/>\n<meta property=\"og:site_name\" content=\"Salon For ALL Espa\u00f1a\" \/>\n<meta property=\"article:modified_time\" content=\"2026-03-24T15:26:11+00:00\" \/>\n<meta property=\"og:image\" content=\"https:\/\/salonforall.es\/wp-content\/uploads\/2025\/12\/Conjunto-De-Sillon-210-Lampara-Lupa-Led-S5-Taburete-302.jpg\" \/>\n\t<meta property=\"og:image:width\" content=\"800\" \/>\n\t<meta property=\"og:image:height\" content=\"800\" \/>\n\t<meta property=\"og:image:type\" content=\"image\/jpeg\" \/>\n<meta name=\"twitter:card\" content=\"summary_large_image\" \/>\n<meta name=\"twitter:title\" content=\"Conjunto De Sill\u00f3n 210 + L\u00e1mpara Lupa Led S5 + Taburete 302\" \/>\n<meta name=\"twitter:label1\" content=\"Tempo estimado de leitura\" \/>\n\t<meta name=\"twitter:data1\" content=\"9 minutos\" \/>\n<script type=\"application\/ld+json\" class=\"yoast-schema-graph\">{\"@context\":\"https:\\\/\\\/schema.org\",\"@graph\":[{\"@type\":\"WebPage\",\"@id\":\"https:\\\/\\\/salonforall.es\\\/conjunto-de-sillon-210-lampara-lupa-led-s5-taburete-302\\\/\",\"url\":\"https:\\\/\\\/salonforall.es\\\/conjunto-de-sillon-210-lampara-lupa-led-s5-taburete-302\\\/\",\"name\":\"Conjunto De Sill\u00f3n 210 + L\u00e1mpara Lupa Led S5 + Taburete 302 comprar\",\"isPartOf\":{\"@id\":\"https:\\\/\\\/salonforall.es\\\/#website\"},\"primaryImageOfPage\":{\"@id\":\"https:\\\/\\\/salonforall.es\\\/conjunto-de-sillon-210-lampara-lupa-led-s5-taburete-302\\\/#primaryimage\"},\"image\":{\"@id\":\"https:\\\/\\\/salonforall.es\\\/conjunto-de-sillon-210-lampara-lupa-led-s5-taburete-302\\\/#primaryimage\"},\"thumbnailUrl\":\"https:\\\/\\\/salonforall.es\\\/wp-content\\\/uploads\\\/2025\\\/12\\\/Conjunto-De-Sillon-210-Lampara-Lupa-Led-S5-Taburete-302.jpg\",\"datePublished\":\"2025-12-02T11:21:00+00:00\",\"dateModified\":\"2026-03-24T15:26:11+00:00\",\"description\":\"Compra Conjunto De Sill\u00f3n 210 + L\u00e1mpara Lupa Led S5 + Taburete 302 online o en el showroom en Salon For ALL Espa\u00f1a. El mayorista para salones, consultas y spas en Espa\u00f1a y Portugal.\",\"breadcrumb\":{\"@id\":\"https:\\\/\\\/salonforall.es\\\/conjunto-de-sillon-210-lampara-lupa-led-s5-taburete-302\\\/#breadcrumb\"},\"inLanguage\":\"pt-PT\",\"potentialAction\":[{\"@type\":\"ReadAction\",\"target\":[\"https:\\\/\\\/salonforall.es\\\/conjunto-de-sillon-210-lampara-lupa-led-s5-taburete-302\\\/\"]}]},{\"@type\":\"ImageObject\",\"inLanguage\":\"pt-PT\",\"@id\":\"https:\\\/\\\/salonforall.es\\\/conjunto-de-sillon-210-lampara-lupa-led-s5-taburete-302\\\/#primaryimage\",\"url\":\"https:\\\/\\\/salonforall.es\\\/wp-content\\\/uploads\\\/2025\\\/12\\\/Conjunto-De-Sillon-210-Lampara-Lupa-Led-S5-Taburete-302.jpg\",\"contentUrl\":\"https:\\\/\\\/salonforall.es\\\/wp-content\\\/uploads\\\/2025\\\/12\\\/Conjunto-De-Sillon-210-Lampara-Lupa-Led-S5-Taburete-302.jpg\",\"width\":800,\"height\":800,\"caption\":\"Conjunto De Sill\u00f3n 210 + L\u00e1mpara Lupa Led S5 + Taburete 302\"},{\"@type\":\"BreadcrumbList\",\"@id\":\"https:\\\/\\\/salonforall.es\\\/conjunto-de-sillon-210-lampara-lupa-led-s5-taburete-302\\\/#breadcrumb\",\"itemListElement\":[{\"@type\":\"ListItem\",\"position\":1,\"name\":\"Home\",\"item\":\"https:\\\/\\\/salonforall.es\\\/\"},{\"@type\":\"ListItem\",\"position\":2,\"name\":\"Winkel\",\"item\":\"https:\\\/\\\/salonforall.es\\\/winkel\\\/\"},{\"@type\":\"ListItem\",\"position\":3,\"name\":\"Conjunto De Sill\u00f3n 210 + L\u00e1mpara Lupa Led S5 + Taburete 302\"}]},{\"@type\":\"WebSite\",\"@id\":\"https:\\\/\\\/salonforall.es\\\/#website\",\"url\":\"https:\\\/\\\/salonforall.es\\\/\",\"name\":\"Salon For ALL Espa\u00f1a\",\"description\":\"Mayorista de mobiliario y suministros para consultorios y salones\",\"publisher\":{\"@id\":\"https:\\\/\\\/salonforall.es\\\/#organization\"},\"potentialAction\":[{\"@type\":\"SearchAction\",\"target\":{\"@type\":\"EntryPoint\",\"urlTemplate\":\"https:\\\/\\\/salonforall.es\\\/?s={search_term_string}\"},\"query-input\":{\"@type\":\"PropertyValueSpecification\",\"valueRequired\":true,\"valueName\":\"search_term_string\"}}],\"inLanguage\":\"pt-PT\"},{\"@type\":\"Organization\",\"@id\":\"https:\\\/\\\/salonforall.es\\\/#organization\",\"name\":\"Salon For All B.V. Espa\u00f1a\",\"alternateName\":\"Salon For All B.V. Espa\u00f1a - Mayorista de equipamiento para consultas, salones y suministros\",\"url\":\"https:\\\/\\\/salonforall.es\\\/\",\"logo\":{\"@type\":\"ImageObject\",\"inLanguage\":\"pt-PT\",\"@id\":\"https:\\\/\\\/salonforall.es\\\/#\\\/schema\\\/logo\\\/image\\\/\",\"url\":\"https:\\\/\\\/salonforall.es\\\/wp-content\\\/uploads\\\/2025\\\/11\\\/logo-salon-for-all-e1764543185849.png\",\"contentUrl\":\"https:\\\/\\\/salonforall.es\\\/wp-content\\\/uploads\\\/2025\\\/11\\\/logo-salon-for-all-e1764543185849.png\",\"width\":500,\"height\":150,\"caption\":\"Salon For All B.V. Espa\u00f1a\"},\"image\":{\"@id\":\"https:\\\/\\\/salonforall.es\\\/#\\\/schema\\\/logo\\\/image\\\/\"}}]}<\/script>\n<!-- \/ Yoast SEO plugin. -->","yoast_head_json":{"title":"Conjunto de poltrona 210 + l\u00e2mpada de aumento LED S5 + banco 302 comprar","description":"Comprar Conjunto de Poltrona 210 + L\u00e2mpada de Aumento Led S5 + Banco 302 online ou no showroom da Salon For ALL Espanha. O grossista para sal\u00f5es, consult\u00f3rios e spas em Espanha e Portugal.","robots":{"index":"index","follow":"follow","max-snippet":"max-snippet:-1","max-image-preview":"max-image-preview:large","max-video-preview":"max-video-preview:-1"},"canonical":"https:\/\/salonforall.es\/pt\/conjunto-de-poltrona-210-lampada-de-aumento-lampada-led-s5-banqueta-302\/","og_locale":"pt_PT","og_type":"article","og_title":"Conjunto De Sill\u00f3n 210 + L\u00e1mpara Lupa Led S5 + Taburete 302","og_description":"Compra Conjunto De Sill\u00f3n 210 + L\u00e1mpara Lupa Led S5 + Taburete 302 online o en el showroom en Salon For ALL Espa\u00f1a. El mayorista para salones, consultas y spas en Espa\u00f1a y Portugal.","og_url":"https:\/\/salonforall.es\/pt\/conjunto-de-poltrona-210-lampada-de-aumento-lampada-led-s5-banqueta-302\/","og_site_name":"Salon For ALL Espa\u00f1a","article_modified_time":"2026-03-24T15:26:11+00:00","og_image":[{"width":800,"height":800,"url":"https:\/\/salonforall.es\/wp-content\/uploads\/2025\/12\/Conjunto-De-Sillon-210-Lampara-Lupa-Led-S5-Taburete-302.jpg","type":"image\/jpeg"}],"twitter_card":"summary_large_image","twitter_title":"Conjunto De Sill\u00f3n 210 + L\u00e1mpara Lupa Led S5 + Taburete 302","twitter_misc":{"Tempo estimado de leitura":"9 minutos"},"schema":{"@context":"https:\/\/schema.org","@graph":[{"@type":"WebPage","@id":"https:\/\/salonforall.es\/conjunto-de-sillon-210-lampara-lupa-led-s5-taburete-302\/","url":"https:\/\/salonforall.es\/conjunto-de-sillon-210-lampara-lupa-led-s5-taburete-302\/","name":"Conjunto de poltrona 210 + l\u00e2mpada de aumento LED S5 + banco 302 comprar","isPartOf":{"@id":"https:\/\/salonforall.es\/#website"},"primaryImageOfPage":{"@id":"https:\/\/salonforall.es\/conjunto-de-sillon-210-lampara-lupa-led-s5-taburete-302\/#primaryimage"},"image":{"@id":"https:\/\/salonforall.es\/conjunto-de-sillon-210-lampara-lupa-led-s5-taburete-302\/#primaryimage"},"thumbnailUrl":"https:\/\/salonforall.es\/wp-content\/uploads\/2025\/12\/Conjunto-De-Sillon-210-Lampara-Lupa-Led-S5-Taburete-302.jpg","datePublished":"2025-12-02T11:21:00+00:00","dateModified":"2026-03-24T15:26:11+00:00","description":"Comprar Conjunto de Poltrona 210 + L\u00e2mpada de Aumento Led S5 + Banco 302 online ou no showroom da Salon For ALL Espanha. O grossista para sal\u00f5es, consult\u00f3rios e spas em Espanha e Portugal.","breadcrumb":{"@id":"https:\/\/salonforall.es\/conjunto-de-sillon-210-lampara-lupa-led-s5-taburete-302\/#breadcrumb"},"inLanguage":"pt-PT","potentialAction":[{"@type":"ReadAction","target":["https:\/\/salonforall.es\/conjunto-de-sillon-210-lampara-lupa-led-s5-taburete-302\/"]}]},{"@type":"ImageObject","inLanguage":"pt-PT","@id":"https:\/\/salonforall.es\/conjunto-de-sillon-210-lampara-lupa-led-s5-taburete-302\/#primaryimage","url":"https:\/\/salonforall.es\/wp-content\/uploads\/2025\/12\/Conjunto-De-Sillon-210-Lampara-Lupa-Led-S5-Taburete-302.jpg","contentUrl":"https:\/\/salonforall.es\/wp-content\/uploads\/2025\/12\/Conjunto-De-Sillon-210-Lampara-Lupa-Led-S5-Taburete-302.jpg","width":800,"height":800,"caption":"Conjunto De Sill\u00f3n 210 + L\u00e1mpara Lupa Led S5 + Taburete 302"},{"@type":"BreadcrumbList","@id":"https:\/\/salonforall.es\/conjunto-de-sillon-210-lampara-lupa-led-s5-taburete-302\/#breadcrumb","itemListElement":[{"@type":"ListItem","position":1,"name":"Home","item":"https:\/\/salonforall.es\/"},{"@type":"ListItem","position":2,"name":"Winkel","item":"https:\/\/salonforall.es\/winkel\/"},{"@type":"ListItem","position":3,"name":"Conjunto De Sill\u00f3n 210 + L\u00e1mpara Lupa Led S5 + Taburete 302"}]},{"@type":"WebSite","@id":"https:\/\/salonforall.es\/#website","url":"https:\/\/salonforall.es\/","name":"Sal\u00e3o de beleza para toda a Espanha","description":"Grossista de mobili\u00e1rio e material para sal\u00f5es de beleza e consult\u00f3rios","publisher":{"@id":"https:\/\/salonforall.es\/#organization"},"potentialAction":[{"@type":"SearchAction","target":{"@type":"EntryPoint","urlTemplate":"https:\/\/salonforall.es\/?s={search_term_string}"},"query-input":{"@type":"PropertyValueSpecification","valueRequired":true,"valueName":"search_term_string"}}],"inLanguage":"pt-PT"},{"@type":"Organization","@id":"https:\/\/salonforall.es\/#organization","name":"Salon For All B.V. Espanha","alternateName":"Salon For All B.V. Espa\u00f1a - Mayorista de equipamiento para consultas, salones y suministros","url":"https:\/\/salonforall.es\/","logo":{"@type":"ImageObject","inLanguage":"pt-PT","@id":"https:\/\/salonforall.es\/#\/schema\/logo\/image\/","url":"https:\/\/salonforall.es\/wp-content\/uploads\/2025\/11\/logo-salon-for-all-e1764543185849.png","contentUrl":"https:\/\/salonforall.es\/wp-content\/uploads\/2025\/11\/logo-salon-for-all-e1764543185849.png","width":500,"height":150,"caption":"Salon For All B.V. Espa\u00f1a"},"image":{"@id":"https:\/\/salonforall.es\/#\/schema\/logo\/image\/"}}]}},"_links":{"self":[{"href":"https:\/\/salonforall.es\/pt\/wp-json\/wp\/v2\/product\/5766","targetHints":{"allow":["GET"]}}],"collection":[{"href":"https:\/\/salonforall.es\/pt\/wp-json\/wp\/v2\/product"}],"about":[{"href":"https:\/\/salonforall.es\/pt\/wp-json\/wp\/v2\/types\/product"}],"replies":[{"embeddable":true,"href":"https:\/\/salonforall.es\/pt\/wp-json\/wp\/v2\/comments?post=5766"}],"wp:featuredmedia":[{"embeddable":true,"href":"https:\/\/salonforall.es\/pt\/wp-json\/wp\/v2\/media\/5767"}],"wp:attachment":[{"href":"https:\/\/salonforall.es\/pt\/wp-json\/wp\/v2\/media?parent=5766"}],"wp:term":[{"taxonomy":"product_brand","embeddable":true,"href":"https:\/\/salonforall.es\/pt\/wp-json\/wp\/v2\/product_brand?post=5766"},{"taxonomy":"product_cat","embeddable":true,"href":"https:\/\/salonforall.es\/pt\/wp-json\/wp\/v2\/product_cat?post=5766"},{"taxonomy":"product_tag","embeddable":true,"href":"https:\/\/salonforall.es\/pt\/wp-json\/wp\/v2\/product_tag?post=5766"}],"curies":[{"name":"wp","href":"https:\/\/api.w.org\/{rel}","templated":true}]}}