{"id":5676,"date":"2025-12-02T12:19:56","date_gmt":"2025-12-02T11:19:56","guid":{"rendered":"https:\/\/salonforall.es\/product\/ampollas-hidratantes-y-nutritivas-syis-10x3-ml\/"},"modified":"2026-03-24T18:03:21","modified_gmt":"2026-03-24T17:03:21","slug":"syis-ampolas-hidratantes-e-nutritivas-10x3-ml","status":"publish","type":"product","link":"https:\/\/salonforall.es\/pt\/ampollas-hidratantes-y-nutritivas-syis-10x3-ml\/","title":{"rendered":"Syis Ampolas Hidratantes e Nutritivas 10X3 Ml"},"content":{"rendered":"<h2>Informa\u00e7\u00f5es sobre Syis Moisturising &amp; Nourishing Ampoules 10X3 Ml com o n\u00famero de artigo 101844<\/h2>\n<div> ampolas hidratantes e nutritivas <\/div>\n<div> Destinadas \u00e0s peles secas e tensas que necessitam de hidrata\u00e7\u00e3o, nutri\u00e7\u00e3o e suaviza\u00e7\u00e3o. gra\u00e7as ao conte\u00fado de pantenol, as ampolas aliviam eficazmente as altera\u00e7\u00f5es e aceleram a regenera\u00e7\u00e3o da epiderme danificada. o colag\u00e9nio, juntamente com o \u00e1cido hialur\u00f3nico e as prote\u00ednas do leite, s\u00e3o respons\u00e1veis pela hidrata\u00e7\u00e3o adequada da pele, refor\u00e7am a camada hidrolip\u00eddica e apoiam o nmf - um fator de hidrata\u00e7\u00e3o natural. a pele torna-se el\u00e1stica e radiante. a pele devidamente hidratada e nutrida absorve muito melhor os nutrientes. <\/div>\n<div> <\/div>\n<div> ingredientes activos: <\/div>\n<div> <\/div>\n<div> O colag\u00e9nio e o colag\u00e9nio sol\u00favel s\u00e3o respons\u00e1veis pela manuten\u00e7\u00e3o de um n\u00edvel adequado de hidrata\u00e7\u00e3o da pele, melhorando a sua elasticidade e firmeza. ret\u00e9m subst\u00e2ncias hidrof\u00edlicas e lipof\u00edlicas, reduzindo assim a perda de \u00e1gua transepid\u00e9rmica (tewl). As suas part\u00edculas quebradas penetram profundamente na pele, onde se tornam um material de constru\u00e7\u00e3o para o colag\u00e9nio natural. O colag\u00e9nio reduz os sinais de envelhecimento cut\u00e2neo, tonifica e suaviza a pele. <\/div>\n<div> <\/div>\n<div> seda hidrolisada <\/div>\n<div> melhora a firmeza e a elasticidade da pele, aumenta o n\u00edvel de hidrata\u00e7\u00e3o, previne a descolora\u00e7\u00e3o. <\/div>\n<div> <\/div>\n<div> pantenol <br \/> <span><span> <span> o pantenol, ou seja, a provitamina b5, tem propriedades anti-inflamat\u00f3rias e antibacterianas e acelera os processos de regenera\u00e7\u00e3o da epiderme. \u00e9 um ingrediente com um efeito cicatrizante, calmante e hidratante. <\/span> <\/span> <\/span> <\/div>\n<div> <\/div>\n<div> hialuronato de s\u00f3dio <br \/> <span> <span> O \u00e1cido hialur\u00f3nico \u00e9 um ingrediente que se encontra naturalmente no corpo. Aumenta a elasticidade dos tecidos epid\u00e9rmicos, das fibras de colag\u00e9nio e de elastina. Estimula a regenera\u00e7\u00e3o do epit\u00e9lio e da derme. A sua propriedade \u00fanica \u00e9 a sua elevada capacidade de liga\u00e7\u00e3o e reten\u00e7\u00e3o de \u00e1gua. <\/span><\/span> <\/div>\n<div> <\/div>\n<div> <u> Instru\u00e7\u00f5es de utiliza\u00e7\u00e3o: <br \/> <\/u> As ampolas foram concebidas para dermaroller, sonoforese, ultra-sons, mesoterapia sem agulha e para utiliza\u00e7\u00e3o externa na pele em cuidados domicili\u00e1rios. <br \/> Aplicar na pele limpa do rosto, pesco\u00e7o e decote. <\/div>\n<p><span style=\"text-decoration: underline;\">Modo de utiliza\u00e7\u00e3o:<\/span><br \/>As ampolas foram concebidas para sonoforese, ultra-sons, infus\u00e3o, mesoterapia sem agulha e utiliza\u00e7\u00e3o externa em cuidados domicili\u00e1rios. Aplicar na pele limpa do rosto, do pesco\u00e7o e do decote.<br \/><span style=\"text-decoration: underline;\">Capacidade:<\/span> 10 x 3 ml<\/p>\n<h2>BOLHAS SYIS: PORQU\u00ca O VIDRO?<\/h2>\n<p>O frasco de vidro de 3 ml cont\u00e9m a maior concentra\u00e7\u00e3o de ingredientes activos.<br \/>Durante o processo de embalagem em ampolas est\u00e9reis e de utiliza\u00e7\u00e3o \u00fanica, a pureza microbiol\u00f3gica e a estabilidade dos ingredientes activos s\u00e3o mantidas. A embalagem ass\u00e9ptica garante a m\u00e1xima seguran\u00e7a e as condi\u00e7\u00f5es ideais de armazenamento da ampola.<br \/>As ampolas de vidro n\u00e3o reagem com os ingredientes do soro.<br \/>Uma f\u00f3rmula avan\u00e7ada ideal para tarefas especiais: regenera\u00e7\u00e3o, aumento da tens\u00e3o cut\u00e2nea, normaliza\u00e7\u00e3o da pele oleosa ou luta contra a descolora\u00e7\u00e3o.<br \/>A consist\u00eancia aquosa favorece uma melhor absor\u00e7\u00e3o do produto e permite a sua utiliza\u00e7\u00e3o durante tratamentos com equipamentos como ultra-sons, mesoterapia sem agulha, infus\u00e3o de oxig\u00e9nio, microdermoabras\u00e3o, radiofrequ\u00eancia ou massagem.<br \/>As composi\u00e7\u00f5es da ampola s\u00e3o baseadas em extractos naturais, vitaminas e minerais, devidamente adaptados ao tipo de pele, o que facilita a sele\u00e7\u00e3o adequada do produto.<br \/>Uma ampola \u00e9 suficiente para um tratamento completo do rosto, pesco\u00e7o e decote.<br \/>Durante a utiliza\u00e7\u00e3o das ampolas, estas devem ser complementadas com cosm\u00e9ticos da mesma s\u00e9rie para refor\u00e7ar o seu efeito.<br \/>Ap\u00f3s a utiliza\u00e7\u00e3o das nossas ampolas, a pele fica aveludada, macia e suave, bem como... Intensamente hidratada e nutrida. \u00c9 um verdadeiro impulso de energia para a pele!<\/p>\n<p>Os produtos da Activeshop s\u00e3o proporcionalmente mais baratos do que os de muitas outras marcas\/fornecedores. O pre\u00e7o est\u00e1 em rela\u00e7\u00e3o com a qualidade. Syis Moisturising &amp; Nourishing Ampoules 10X3 Ml \u00e9, portanto, uma solu\u00e7\u00e3o acess\u00edvel para o seu sal\u00e3o.<\/p>\n<h2>Como \u00e9 que as Ampolas Hidratantes e Nutritivas Syis 10X3 Ml s\u00e3o entregues?<\/h2>\n<p>Syis Moisturising &amp; Nourishing Ampoules 10X3 Ml \u00e9 entregue na(s) embalagem(ns) original(ais). Em Espanha, o envio de Syis Moisturising And Nourishing Ampoules 10X3 Ml \u00e9 totalmente gratuito para encomendas superiores a 100,- euros. Para envios para outros pa\u00edses, aplicam-se taxas de envio separadas. Pode verificar estas taxas connosco ou v\u00ea-las no carrinho de compras. Syis Moisturising &amp; Nourishing Ampoules 10X3 Ml \u00e9 enviado atrav\u00e9s de um servi\u00e7o de correio externo.<\/p>\n<p>As encomendas ou paletes s\u00e3o entregues, por norma, at\u00e9 \u00e0 soleira da porta da frente, mesmo que se encontre num edif\u00edcio coletivo, num edif\u00edcio de apartamentos ou num complexo de apartamentos com elevador (desde que o artigo caiba no elevador). N\u00e3o h\u00e1 elevador dispon\u00edvel ou o artigo n\u00e3o cabe no elevador? Ent\u00e3o entregamos at\u00e9 \u00e0 soleira do r\u00e9s do ch\u00e3o.<\/p>\n<p>Se ainda tem d\u00favidas sobre a entrega ou uma situa\u00e7\u00e3o especial, contacte-nos e teremos todo o gosto em ajud\u00e1-lo!<\/p>\n<p>*Os artigos n\u00e3o s\u00e3o desempacotados ou montados como padr\u00e3o. Em situa\u00e7\u00f5es especiais, pode contactar-nos para combinarmos as condi\u00e7\u00f5es.<\/p>\n<h2>Compras online seguras na Salon For All com o selo de qualidade Webwinkelkeur e encripta\u00e7\u00e3o SSL.<\/h2>\n<p>\u00c9 importante para n\u00f3s que os nossos clientes possam fazer compras com seguran\u00e7a na nossa loja online. Estamos afiliados ao selo de qualidade nacional Webwinkelkeur desde 2019. A nossa identidade foi verificada e verificada por eles, e a loja online foi verificada e legalmente aprovada. Al\u00e9m disso, a nossa loja online \u00e9 afiliada a eles para media\u00e7\u00e3o de conflitos. Pode ver o log\u00f3tipo com todas as informa\u00e7\u00f5es deste selo de qualidade da loja online no lado esquerdo ou direito da loja online (bot\u00e3o rosa com branco). Al\u00e9m disso, o nosso s\u00edtio est\u00e1 protegido por um certificado SSL para que possa navegar em seguran\u00e7a connosco. Na barra do seu navegador de Internet, onde aparece o nosso s\u00edtio Web, ver\u00e1 um \u00edcone de cadeado. Se clicar no cadeado, obter\u00e1 todas as informa\u00e7\u00f5es sobre a nossa seguran\u00e7a. Desta forma, sabe que a sua encomenda de Syis Moisturising &amp; Nourishing Ampoules 10X3 Ml e os seus dados pessoais s\u00e3o processados de forma segura.<\/p>\n<h2>Como posso pagar as Ampolas Hidratantes e Nutritivas Syis 10X3 Ml?<\/h2>\n<p>Queremos tornar as coisas o mais f\u00e1ceis poss\u00edvel para si. \u00c9 por isso que na Salon For All pode pagar com todos os m\u00e9todos de pagamento populares. Pagar antecipadamente, na entrega ou depois - tudo \u00e9 poss\u00edvel. Veja aqui todos os m\u00e9todos de pagamento que oferecemos:<\/p>\n<ul>\n<li>iDEAL<\/li>\n<li>Cart\u00e3o de cr\u00e9dito (Visa, Mastercard, American Express)<\/li>\n<li>Klarna - Pagamento na entrega com fatura<\/li>\n<li>PayPal<\/li>\n<li>Apple Pay<\/li>\n<li>Google Pay<\/li>\n<li>Bizum (para clientes espanh\u00f3is)<\/li>\n<li>Transfer\u00eancia banc\u00e1ria SEPA<\/li>\n<li>Contacto com o banco<\/li>\n<li>Fatura comercial para empresas<\/li>\n<li>Pagamento na sala de exposi\u00e7\u00f5es - Cart\u00e3o e dinheiro (apenas dispon\u00edvel \u00e0 cobran\u00e7a)<\/li>\n<\/ul>\n<h2>Veja tamb\u00e9m as opini\u00f5es de Salon For All<\/h2>\n<p>Por favor, verifique tamb\u00e9m as nossas opini\u00f5es para ter em conta as experi\u00eancias dos nossos clientes actuais na sua decis\u00e3o de encomendar Syis Moisturising &amp; Nourishing Ampoules 10X3 Ml connosco. Atrav\u00e9s do selo de qualidade da nossa loja online independente Webwinkelkeur, s\u00e3o recolhidas automaticamente as opini\u00f5es verificadas dos clientes que efectuaram uma encomenda connosco. Pode encontr\u00e1-las por detr\u00e1s do bot\u00e3o rosa na nossa loja online ou est\u00e3o listadas por baixo dos produtos.<\/p>\n<p>Partilhe tamb\u00e9m a sua experi\u00eancia ap\u00f3s comprar Syis Moisturising &amp; Nourishing Ampoules 10X3 Ml na sua encomenda, bem como o processo de compra e o contacto com Salon For All, para que outros se sintam inspirados!<\/p>\n<h2>Contactar o Salon For All<\/h2>\n<p>Contacte-nos ent\u00e3o. Teremos todo o gosto em ajud\u00e1-lo na compra de Syis Moisturising &amp; Nourishing Ampoules 10X3 Ml. Nos dias \u00fateis, estamos dispon\u00edveis entre as 8h30 e as 17h00, atrav\u00e9s do n\u00famero de telefone e do endere\u00e7o de correio eletr\u00f3nico indicados no topo da loja online ou atrav\u00e9s da fun\u00e7\u00e3o de chat. Os pedidos de informa\u00e7\u00e3o fora do hor\u00e1rio de expediente s\u00e3o normalmente respondidos no prazo de 24 horas. Tamb\u00e9m \u00e9 poss\u00edvel visitar-nos fora dos dias \u00fateis ou do hor\u00e1rio de expediente. No entanto, \u00e9 necess\u00e1rio efetuar uma marca\u00e7\u00e3o pr\u00e9via.<\/p>\n<h2>Gostaria de visitar a nossa sala de exposi\u00e7\u00f5es?<\/h2>\n<p>Prefere ver Syis Moisturising &amp; Nourishing Ampoules 10X3 Ml ou consultar a nossa oferta de loja (online) juntamente com o seu colega? Ent\u00e3o visite o nosso showroom com mais de 1000m\u00b2 de equipamento de sal\u00e3o e deixe-se inspirar pela nossa equipa. Se tamb\u00e9m gosta de nos conhecer agradavelmente durante uma ch\u00e1vena de caf\u00e9 ou ch\u00e1, \u00e9 muito bem-vindo. N\u00e3o temos todos os produtos em stock, por isso, por favor, avise-nos com anteced\u00eancia que gostaria de vir. Marque sempre uma visita com anteced\u00eancia.<\/p>\n<h2>14 dias de reflex\u00e3o e a nossa pol\u00edtica de devolu\u00e7\u00e3o<\/h2>\n<p>\u00c9 claro que pode acontecer que Syis Moisturising &amp; Nourishing Ampoules 10X3 Ml entregue n\u00e3o seja completamente do seu agrado e que deseje devolv\u00ea-la. Na Salon For All, isso n\u00e3o \u00e9 problema. Deve notificar a sua devolu\u00e7\u00e3o no prazo de 14 dias \u00fateis atrav\u00e9s de info@salonforall.es. Receber\u00e1 ent\u00e3o primeiro todas as instru\u00e7\u00f5es e condi\u00e7\u00f5es de devolu\u00e7\u00e3o. Tenha em aten\u00e7\u00e3o que as ampolas Syis Moisturising &amp; Nourishing 10X3 Ml n\u00e3o devem ter sido utilizadas, devem conter todas as pe\u00e7as fornecidas e devem ser devolvidas na embalagem original. Os custos de transporte para uma devolu\u00e7\u00e3o s\u00e3o sempre a cargo do comprador nas compras efectuadas atrav\u00e9s do site www.salonforall.es. Para uma devolu\u00e7\u00e3o, deve ser o pr\u00f3prio comprador a organizar o transporte junto de uma empresa de transportes \u00e0 sua escolha. Ap\u00f3s a devolu\u00e7\u00e3o das ampolas Syis Moisturising &amp; Nourishing 10X3 Ml, ser\u00e1 verificada a sua integridade e eventuais danos. Uma vez aprovada a devolu\u00e7\u00e3o, o montante da compra ser\u00e1 reembolsado no prazo de 5 dias \u00fateis para a conta banc\u00e1ria que temos registada.<\/p>\n<h2>Quem \u00e9 o Salon For All?<\/h2>\n<p>A Salon For All \u00e9 o grossista de todo o equipamento para sal\u00f5es de beleza na Europa. A Salon For All come\u00e7ou em 2003 com o nome Salonvoordeel e cresceu a partir da pr\u00e1tica. Os propriet\u00e1rios da Salon For All eram cabeleireiros experientes e especialistas em beleza e t\u00eam, em conjunto, mais de 30 anos de experi\u00eancia pr\u00e1tica. Em 2003, lan\u00e7\u00e1mos o Salonvoordeel.nl (Pa\u00edses Baixos) e, posteriormente, o Salon For All foi fundado para o mercado europeu. Alguns dos nossos funcion\u00e1rios come\u00e7aram o seu pr\u00f3prio neg\u00f3cio e assim nasceu a ideia de lan\u00e7ar uma loja online funcional para cabeleireiros e para os ajudar com o seu equipamento de sal\u00e3o.<\/p>\n<p>O nosso showroom est\u00e1 situado em Dinxperlo, diretamente na fronteira entre os Pa\u00edses Baixos e a Alemanha. Com a nossa vasta experi\u00eancia no sector, podemos espelhar-nos e aconselh\u00e1-lo - falamos a mesma l\u00edngua! Aconselhamos, inspiramos, motivamos e apoiamo-lo na compra de Syis Moisturising &amp; Nourishing Ampoules 10X3 Ml. Os nossos fornecedores est\u00e3o localizados em toda a Europa, desde a Alemanha, Inglaterra, It\u00e1lia at\u00e9 \u00e0 Pol\u00f3nia.<\/p>","protected":false},"excerpt":{"rendered":"<p>O produto Syis Hydrating &amp; Nourishing Ampoules 10X3 Ml \u00e9 uma solu\u00e7\u00e3o de alta qualidade para qualquer sal\u00e3o de beleza. O prazo de entrega estimado \u00e9 de aproximadamente 6 dias \u00fateis.<\/p>","protected":false},"featured_media":5677,"comment_status":"open","ping_status":"open","template":"","meta":[],"product_brand":[362],"product_cat":[364,76,363],"product_tag":[366,79,365],"class_list":{"0":"post-5676","1":"product","2":"type-product","3":"status-publish","4":"has-post-thumbnail","6":"product_brand-syis","7":"product_cat-ampollas","8":"product_cat-cosmetica-profesional","9":"product_cat-cosmetica-syis-pro","10":"product_tag-ampollas","11":"product_tag-cosmetica-profesional","12":"product_tag-cosmetica-syis-pro","13":"pa_codigo-ean-7759","14":"pa_garantia-12-meses","15":"pa_marca-syis","16":"pa_numero-de-articulo-1852","17":"pa_tiempo-estimado-de-entrega-4-5-dias-laborables","19":"first","20":"instock","21":"sale","22":"taxable","23":"shipping-taxable","24":"purchasable","25":"product-type-simple"},"yoast_head":"<!-- This site is optimized with the Yoast SEO plugin v27.6 - https:\/\/yoast.com\/product\/yoast-seo-wordpress\/ -->\n<title>Ampollas Hidratantes Y Nutritivas Syis 10X3 Ml comprar<\/title>\n<meta name=\"description\" content=\"Compra Ampollas Hidratantes Y Nutritivas Syis 10X3 Ml online o en el showroom en Salon For ALL Espa\u00f1a. El mayorista para salones, consultas y spas en Espa\u00f1a y Portugal.\" \/>\n<meta name=\"robots\" content=\"index, follow, max-snippet:-1, max-image-preview:large, max-video-preview:-1\" \/>\n<link rel=\"canonical\" href=\"https:\/\/salonforall.es\/pt\/syis-ampolas-hidratantes-e-nutritivas-10x3-ml\/\" \/>\n<meta property=\"og:locale\" content=\"pt_PT\" \/>\n<meta property=\"og:type\" content=\"article\" \/>\n<meta property=\"og:title\" content=\"Ampollas Hidratantes Y Nutritivas Syis 10X3 Ml\" \/>\n<meta property=\"og:description\" content=\"Compra Ampollas Hidratantes Y Nutritivas Syis 10X3 Ml online o en el showroom en Salon For ALL Espa\u00f1a. El mayorista para salones, consultas y spas en Espa\u00f1a y Portugal.\" \/>\n<meta property=\"og:url\" content=\"https:\/\/salonforall.es\/pt\/syis-ampolas-hidratantes-e-nutritivas-10x3-ml\/\" \/>\n<meta property=\"og:site_name\" content=\"Salon For ALL Espa\u00f1a\" \/>\n<meta property=\"article:modified_time\" content=\"2026-03-24T17:03:21+00:00\" \/>\n<meta property=\"og:image\" content=\"https:\/\/salonforall.es\/wp-content\/uploads\/2025\/12\/Ampollas-Hidratantes-Y-Nutritivas-Syis-10X3-Ml.jpg\" \/>\n\t<meta property=\"og:image:width\" content=\"1200\" \/>\n\t<meta property=\"og:image:height\" content=\"1200\" \/>\n\t<meta property=\"og:image:type\" content=\"image\/jpeg\" \/>\n<meta name=\"twitter:card\" content=\"summary_large_image\" \/>\n<meta name=\"twitter:title\" content=\"Ampollas Hidratantes Y Nutritivas Syis 10X3 Ml\" \/>\n<meta name=\"twitter:label1\" content=\"Tempo estimado de leitura\" \/>\n\t<meta name=\"twitter:data1\" content=\"9 minutos\" \/>\n<script type=\"application\/ld+json\" class=\"yoast-schema-graph\">{\"@context\":\"https:\\\/\\\/schema.org\",\"@graph\":[{\"@type\":\"WebPage\",\"@id\":\"https:\\\/\\\/salonforall.es\\\/ampollas-hidratantes-y-nutritivas-syis-10x3-ml\\\/\",\"url\":\"https:\\\/\\\/salonforall.es\\\/ampollas-hidratantes-y-nutritivas-syis-10x3-ml\\\/\",\"name\":\"Ampollas Hidratantes Y Nutritivas Syis 10X3 Ml comprar\",\"isPartOf\":{\"@id\":\"https:\\\/\\\/salonforall.es\\\/#website\"},\"primaryImageOfPage\":{\"@id\":\"https:\\\/\\\/salonforall.es\\\/ampollas-hidratantes-y-nutritivas-syis-10x3-ml\\\/#primaryimage\"},\"image\":{\"@id\":\"https:\\\/\\\/salonforall.es\\\/ampollas-hidratantes-y-nutritivas-syis-10x3-ml\\\/#primaryimage\"},\"thumbnailUrl\":\"https:\\\/\\\/salonforall.es\\\/wp-content\\\/uploads\\\/2025\\\/12\\\/Ampollas-Hidratantes-Y-Nutritivas-Syis-10X3-Ml.jpg\",\"datePublished\":\"2025-12-02T11:19:56+00:00\",\"dateModified\":\"2026-03-24T17:03:21+00:00\",\"description\":\"Compra Ampollas Hidratantes Y Nutritivas Syis 10X3 Ml online o en el showroom en Salon For ALL Espa\u00f1a. El mayorista para salones, consultas y spas en Espa\u00f1a y Portugal.\",\"breadcrumb\":{\"@id\":\"https:\\\/\\\/salonforall.es\\\/ampollas-hidratantes-y-nutritivas-syis-10x3-ml\\\/#breadcrumb\"},\"inLanguage\":\"pt-PT\",\"potentialAction\":[{\"@type\":\"ReadAction\",\"target\":[\"https:\\\/\\\/salonforall.es\\\/ampollas-hidratantes-y-nutritivas-syis-10x3-ml\\\/\"]}]},{\"@type\":\"ImageObject\",\"inLanguage\":\"pt-PT\",\"@id\":\"https:\\\/\\\/salonforall.es\\\/ampollas-hidratantes-y-nutritivas-syis-10x3-ml\\\/#primaryimage\",\"url\":\"https:\\\/\\\/salonforall.es\\\/wp-content\\\/uploads\\\/2025\\\/12\\\/Ampollas-Hidratantes-Y-Nutritivas-Syis-10X3-Ml.jpg\",\"contentUrl\":\"https:\\\/\\\/salonforall.es\\\/wp-content\\\/uploads\\\/2025\\\/12\\\/Ampollas-Hidratantes-Y-Nutritivas-Syis-10X3-Ml.jpg\",\"width\":1200,\"height\":1200,\"caption\":\"Ampollas Hidratantes Y Nutritivas Syis 10X3 Ml\"},{\"@type\":\"BreadcrumbList\",\"@id\":\"https:\\\/\\\/salonforall.es\\\/ampollas-hidratantes-y-nutritivas-syis-10x3-ml\\\/#breadcrumb\",\"itemListElement\":[{\"@type\":\"ListItem\",\"position\":1,\"name\":\"Home\",\"item\":\"https:\\\/\\\/salonforall.es\\\/\"},{\"@type\":\"ListItem\",\"position\":2,\"name\":\"Winkel\",\"item\":\"https:\\\/\\\/salonforall.es\\\/winkel\\\/\"},{\"@type\":\"ListItem\",\"position\":3,\"name\":\"Ampollas Hidratantes Y Nutritivas Syis 10X3 Ml\"}]},{\"@type\":\"WebSite\",\"@id\":\"https:\\\/\\\/salonforall.es\\\/#website\",\"url\":\"https:\\\/\\\/salonforall.es\\\/\",\"name\":\"Salon For ALL Espa\u00f1a\",\"description\":\"Mayorista de mobiliario y suministros para consultorios y salones\",\"publisher\":{\"@id\":\"https:\\\/\\\/salonforall.es\\\/#organization\"},\"potentialAction\":[{\"@type\":\"SearchAction\",\"target\":{\"@type\":\"EntryPoint\",\"urlTemplate\":\"https:\\\/\\\/salonforall.es\\\/?s={search_term_string}\"},\"query-input\":{\"@type\":\"PropertyValueSpecification\",\"valueRequired\":true,\"valueName\":\"search_term_string\"}}],\"inLanguage\":\"pt-PT\"},{\"@type\":\"Organization\",\"@id\":\"https:\\\/\\\/salonforall.es\\\/#organization\",\"name\":\"Salon For All B.V. Espa\u00f1a\",\"alternateName\":\"Salon For All B.V. Espa\u00f1a - Mayorista de equipamiento para consultas, salones y suministros\",\"url\":\"https:\\\/\\\/salonforall.es\\\/\",\"logo\":{\"@type\":\"ImageObject\",\"inLanguage\":\"pt-PT\",\"@id\":\"https:\\\/\\\/salonforall.es\\\/#\\\/schema\\\/logo\\\/image\\\/\",\"url\":\"https:\\\/\\\/salonforall.es\\\/wp-content\\\/uploads\\\/2025\\\/11\\\/logo-salon-for-all-e1764543185849.png\",\"contentUrl\":\"https:\\\/\\\/salonforall.es\\\/wp-content\\\/uploads\\\/2025\\\/11\\\/logo-salon-for-all-e1764543185849.png\",\"width\":500,\"height\":150,\"caption\":\"Salon For All B.V. Espa\u00f1a\"},\"image\":{\"@id\":\"https:\\\/\\\/salonforall.es\\\/#\\\/schema\\\/logo\\\/image\\\/\"}}]}<\/script>\n<!-- \/ Yoast SEO plugin. -->","yoast_head_json":{"title":"Syis Ampolas Hidratantes e Nutritivas 10X3 Ml comprar","description":"Compre Syis Moisturising &amp; Nourishing Ampoules 10X3 Ml online ou no showroom da Salon For ALL Spain. O grossista para sal\u00f5es, consult\u00f3rios e spas em Espanha e Portugal.","robots":{"index":"index","follow":"follow","max-snippet":"max-snippet:-1","max-image-preview":"max-image-preview:large","max-video-preview":"max-video-preview:-1"},"canonical":"https:\/\/salonforall.es\/pt\/syis-ampolas-hidratantes-e-nutritivas-10x3-ml\/","og_locale":"pt_PT","og_type":"article","og_title":"Ampollas Hidratantes Y Nutritivas Syis 10X3 Ml","og_description":"Compra Ampollas Hidratantes Y Nutritivas Syis 10X3 Ml online o en el showroom en Salon For ALL Espa\u00f1a. El mayorista para salones, consultas y spas en Espa\u00f1a y Portugal.","og_url":"https:\/\/salonforall.es\/pt\/syis-ampolas-hidratantes-e-nutritivas-10x3-ml\/","og_site_name":"Salon For ALL Espa\u00f1a","article_modified_time":"2026-03-24T17:03:21+00:00","og_image":[{"width":1200,"height":1200,"url":"https:\/\/salonforall.es\/wp-content\/uploads\/2025\/12\/Ampollas-Hidratantes-Y-Nutritivas-Syis-10X3-Ml.jpg","type":"image\/jpeg"}],"twitter_card":"summary_large_image","twitter_title":"Ampollas Hidratantes Y Nutritivas Syis 10X3 Ml","twitter_misc":{"Tempo estimado de leitura":"9 minutos"},"schema":{"@context":"https:\/\/schema.org","@graph":[{"@type":"WebPage","@id":"https:\/\/salonforall.es\/ampollas-hidratantes-y-nutritivas-syis-10x3-ml\/","url":"https:\/\/salonforall.es\/ampollas-hidratantes-y-nutritivas-syis-10x3-ml\/","name":"Syis Ampolas Hidratantes e Nutritivas 10X3 Ml comprar","isPartOf":{"@id":"https:\/\/salonforall.es\/#website"},"primaryImageOfPage":{"@id":"https:\/\/salonforall.es\/ampollas-hidratantes-y-nutritivas-syis-10x3-ml\/#primaryimage"},"image":{"@id":"https:\/\/salonforall.es\/ampollas-hidratantes-y-nutritivas-syis-10x3-ml\/#primaryimage"},"thumbnailUrl":"https:\/\/salonforall.es\/wp-content\/uploads\/2025\/12\/Ampollas-Hidratantes-Y-Nutritivas-Syis-10X3-Ml.jpg","datePublished":"2025-12-02T11:19:56+00:00","dateModified":"2026-03-24T17:03:21+00:00","description":"Compre Syis Moisturising &amp; Nourishing Ampoules 10X3 Ml online ou no showroom da Salon For ALL Spain. O grossista para sal\u00f5es, consult\u00f3rios e spas em Espanha e Portugal.","breadcrumb":{"@id":"https:\/\/salonforall.es\/ampollas-hidratantes-y-nutritivas-syis-10x3-ml\/#breadcrumb"},"inLanguage":"pt-PT","potentialAction":[{"@type":"ReadAction","target":["https:\/\/salonforall.es\/ampollas-hidratantes-y-nutritivas-syis-10x3-ml\/"]}]},{"@type":"ImageObject","inLanguage":"pt-PT","@id":"https:\/\/salonforall.es\/ampollas-hidratantes-y-nutritivas-syis-10x3-ml\/#primaryimage","url":"https:\/\/salonforall.es\/wp-content\/uploads\/2025\/12\/Ampollas-Hidratantes-Y-Nutritivas-Syis-10X3-Ml.jpg","contentUrl":"https:\/\/salonforall.es\/wp-content\/uploads\/2025\/12\/Ampollas-Hidratantes-Y-Nutritivas-Syis-10X3-Ml.jpg","width":1200,"height":1200,"caption":"Ampollas Hidratantes Y Nutritivas Syis 10X3 Ml"},{"@type":"BreadcrumbList","@id":"https:\/\/salonforall.es\/ampollas-hidratantes-y-nutritivas-syis-10x3-ml\/#breadcrumb","itemListElement":[{"@type":"ListItem","position":1,"name":"Home","item":"https:\/\/salonforall.es\/"},{"@type":"ListItem","position":2,"name":"Winkel","item":"https:\/\/salonforall.es\/winkel\/"},{"@type":"ListItem","position":3,"name":"Ampollas Hidratantes Y Nutritivas Syis 10X3 Ml"}]},{"@type":"WebSite","@id":"https:\/\/salonforall.es\/#website","url":"https:\/\/salonforall.es\/","name":"Sal\u00e3o de beleza para toda a Espanha","description":"Grossista de mobili\u00e1rio e material para sal\u00f5es de beleza e consult\u00f3rios","publisher":{"@id":"https:\/\/salonforall.es\/#organization"},"potentialAction":[{"@type":"SearchAction","target":{"@type":"EntryPoint","urlTemplate":"https:\/\/salonforall.es\/?s={search_term_string}"},"query-input":{"@type":"PropertyValueSpecification","valueRequired":true,"valueName":"search_term_string"}}],"inLanguage":"pt-PT"},{"@type":"Organization","@id":"https:\/\/salonforall.es\/#organization","name":"Salon For All B.V. Espanha","alternateName":"Salon For All B.V. Espa\u00f1a - Mayorista de equipamiento para consultas, salones y suministros","url":"https:\/\/salonforall.es\/","logo":{"@type":"ImageObject","inLanguage":"pt-PT","@id":"https:\/\/salonforall.es\/#\/schema\/logo\/image\/","url":"https:\/\/salonforall.es\/wp-content\/uploads\/2025\/11\/logo-salon-for-all-e1764543185849.png","contentUrl":"https:\/\/salonforall.es\/wp-content\/uploads\/2025\/11\/logo-salon-for-all-e1764543185849.png","width":500,"height":150,"caption":"Salon For All B.V. Espa\u00f1a"},"image":{"@id":"https:\/\/salonforall.es\/#\/schema\/logo\/image\/"}}]}},"_links":{"self":[{"href":"https:\/\/salonforall.es\/pt\/wp-json\/wp\/v2\/product\/5676","targetHints":{"allow":["GET"]}}],"collection":[{"href":"https:\/\/salonforall.es\/pt\/wp-json\/wp\/v2\/product"}],"about":[{"href":"https:\/\/salonforall.es\/pt\/wp-json\/wp\/v2\/types\/product"}],"replies":[{"embeddable":true,"href":"https:\/\/salonforall.es\/pt\/wp-json\/wp\/v2\/comments?post=5676"}],"wp:featuredmedia":[{"embeddable":true,"href":"https:\/\/salonforall.es\/pt\/wp-json\/wp\/v2\/media\/5677"}],"wp:attachment":[{"href":"https:\/\/salonforall.es\/pt\/wp-json\/wp\/v2\/media?parent=5676"}],"wp:term":[{"taxonomy":"product_brand","embeddable":true,"href":"https:\/\/salonforall.es\/pt\/wp-json\/wp\/v2\/product_brand?post=5676"},{"taxonomy":"product_cat","embeddable":true,"href":"https:\/\/salonforall.es\/pt\/wp-json\/wp\/v2\/product_cat?post=5676"},{"taxonomy":"product_tag","embeddable":true,"href":"https:\/\/salonforall.es\/pt\/wp-json\/wp\/v2\/product_tag?post=5676"}],"curies":[{"name":"wp","href":"https:\/\/api.w.org\/{rel}","templated":true}]}}