{"id":5521,"date":"2025-12-02T12:18:46","date_gmt":"2025-12-02T11:18:46","guid":{"rendered":"https:\/\/salonforall.es\/product\/taladro-de-unas-saeyang-marathon-handy-700-2-en-1\/"},"modified":"2026-03-24T16:24:42","modified_gmt":"2026-03-24T15:24:42","slug":"berbequim-para-grupos-saeyang-marathon-handy-700-2-em-1","status":"publish","type":"product","link":"https:\/\/salonforall.es\/pt\/taladro-de-unas-saeyang-marathon-handy-700-2-en-1\/","title":{"rendered":"Berbequim para pregos Saeyang Marathon Handy 700 2 em 1"},"content":{"rendered":"<h2>Informa\u00e7\u00f5es sobre o berbequim para pregos Saeyang Marathon Handy 700 2 In 1 com o n\u00famero de artigo 101347<\/h2>\n<h2><strong>Uma marca que inspira confian\u00e7a<\/strong><\/h2>\n<p>O berbequim para unhas da empresa coreana Saeyang \u00e9 uma excelente ferramenta para tratamentos de manicura e pedicura, bem como para opera\u00e7\u00f5es prot\u00e9sicas. A empresa recebeu v\u00e1rios pr\u00e9mios pelas suas realiza\u00e7\u00f5es not\u00e1veis e os seus produtos de beleza e equipamento profissional s\u00e3o recomendados por cosmetologistas. Quase cinco d\u00e9cadas de experi\u00eancia garantem um produto da mais alta qualidade.<\/p>\n<p><img decoding=\"async\" src=\"https:\/\/activeshop.com.pl\/media\/wysiwyg\/product\/101347\/EN_101347_1.jpg\"><\/p>\n<p>&nbsp;<\/p>\n<h2><strong>Solu\u00e7\u00e3o profissional<\/strong><\/h2>\n<p>O berbequim para unhas prot\u00e9ticas Handy 700 oferece uma pot\u00eancia elevada de 100 W e um funcionamento silencioso. Proporciona uma velocidade elevada de at\u00e9 50 000 rota\u00e7\u00f5es por minuto. O trabalho com este berbequim \u00e9 extremamente confort\u00e1vel gra\u00e7as a um sistema de redu\u00e7\u00e3o do ru\u00eddo integrado no micromotor da pe\u00e7a de m\u00e3o, que \u00e9 reduzido em 20 % em compara\u00e7\u00e3o com os modelos convencionais. A caixa de controlo da m\u00e1quina tem uma forma ergon\u00f3mica, uma pr\u00e1tica pega de transporte e um suporte para a pe\u00e7a de m\u00e3o.<\/p>\n<p><img decoding=\"async\" src=\"https:\/\/activeshop.com.pl\/media\/wysiwyg\/product\/101347\/EN_101347_3.jpg\"><\/p>\n<p>&nbsp;<\/p>\n<p>&nbsp;<\/p>\n<h2><strong>Funcionalidade que vai adorar<\/strong><\/h2>\n<p>Tem exatamente o que se espera de um berbequim de pregos de qualidade superior. Pode escolher entre um controlo de velocidade com bot\u00e3o ajust\u00e1vel e um pedal com controlo de velocidade integrado (inclu\u00eddo), o que torna o seu trabalho muito mais f\u00e1cil. A fun\u00e7\u00e3o AUTO-CRUISE permite-lhe ajustar o pedal para uma velocidade constante, se necess\u00e1rio. A pe\u00e7a de m\u00e3o sem escovas tamb\u00e9m permite uma velocidade baixa de 1000 rpm. A segunda porta permite-lhe trabalhar com outra pe\u00e7a de m\u00e3o e mudar a ferramenta de forma eficiente sem necessidade de mudar os cabos. A fun\u00e7\u00e3o de auto-diagn\u00f3stico monitoriza o funcionamento correto, localizando a \u00e1rea defeituosa e apresentando o c\u00f3digo correspondente no visor digital. O suporte inclu\u00eddo facilita a realiza\u00e7\u00e3o de uma pausa e a fixa\u00e7\u00e3o da pe\u00e7a de m\u00e3o.<\/p>\n<p><img decoding=\"async\" src=\"https:\/\/activeshop.com.pl\/media\/wysiwyg\/product\/101347\/EN_101347_2.jpg\"><\/p>\n<p>&nbsp;<\/p>\n<p>&nbsp;<\/p>\n<h2><strong>Twist-Lock: substitui\u00e7\u00e3o f\u00e1cil da broca<\/strong><\/h2>\n<p>Esque\u00e7a as chaves inglesas e os fusos: o punho TWIST-LOCK permite-lhe mudar o bit de forma r\u00e1pida e f\u00e1cil com um \u00fanico movimento. Rode para a esquerda para desbloquear, desapertar e substituir o bit. Rodar para a direita para bloquear o fecho e substituir o bit.<\/p>\n<p><img decoding=\"async\" src=\"https:\/\/activeshop.com.pl\/media\/wysiwyg\/product\/101347\/EN_101347_5.jpg\"><\/p>\n<h2>&nbsp;<\/h2>\n<h2>&nbsp;<\/h2>\n<h2><strong>Produto original Marathon<\/strong><\/h2>\n<p><strong><img decoding=\"async\" src=\"https:\/\/activeshop.com.pl\/media\/wysiwyg\/product\/101347\/EN_101347_6.jpg\"><\/strong><\/p>\n<p>&nbsp;<\/p>\n<h2>&nbsp;<\/h2>\n<h2><strong>Especifica\u00e7\u00f5es do dispositivo:<\/strong><\/h2>\n<ul>\n<li>Regula\u00e7\u00e3o suave da velocidade de 1000 a 50 000 rpm.<\/li>\n<li>Menos ru\u00eddo, menos vibra\u00e7\u00e3o<\/li>\n<li>Excelente durabilidade<\/li>\n<li>Fun\u00e7\u00e3o Auto-Cruise<\/li>\n<li>Fun\u00e7\u00e3o de auto-diagn\u00f3stico<\/li>\n<li>Podem ser ligadas duas pe\u00e7as de m\u00e3o \u00e0 caixa de controlo<\/li>\n<li>F\u00e1cil de transportar com pega<\/li>\n<li>Interruptor e controlo de velocidade na caixa<\/li>\n<li>Rota\u00e7\u00e3o \u00e0 esquerda e \u00e0 direita<\/li>\n<li>Controlo por pedal com velocidade ajust\u00e1vel<\/li>\n<li>Sistema de mandril TWIST-LOCK (troca f\u00e1cil da broca)<\/li>\n<li>Ecr\u00e3 digital n\u00edtido<\/li>\n<li>Suporte de pe\u00e7a de m\u00e3o inclu\u00eddo<\/li>\n<li>Um fus\u00edvel de reserva e duas chaves inglesas<\/li>\n<li>Prote\u00e7\u00e3o contra sobrecarga incorporada<\/li>\n<li>Cabos e caixa de alta qualidade<\/li>\n<li>Garantia de 12 meses<\/li>\n<li>Certifica\u00e7\u00e3o CE<\/li>\n<\/ul>\n<p><img decoding=\"async\" src=\"https:\/\/activeshop.com.pl\/media\/wysiwyg\/product\/101347\/EN_101347_4.jpg\"><\/p>\n<p>&nbsp;<\/p>\n<h2><strong>Dados t\u00e9cnicos:<\/strong><\/h2>\n<p>Fabricante: Saeyang<br \/>Pot\u00eancia: 100 W<br \/>Tens\u00e3o: 220-240 V \/ 50-60 Hz<br \/>Dimens\u00f5es da caixa de controlo: 232 x 180 x 137 mm<br \/>Peso da caixa de controlo: 2,7 kg<br \/>Dimens\u00f5es da pe\u00e7a de m\u00e3o: 159 x 27 mm<br \/>Peso da pe\u00e7a de m\u00e3o: 230 g<br \/>Pa\u00eds de origem: Coreia do Sul<\/p>\n<p>Os produtos da Activeshop s\u00e3o proporcionalmente mais baratos do que os de muitas outras marcas\/fornecedores. O pre\u00e7o est\u00e1 em rela\u00e7\u00e3o com a qualidade. O berbequim para unhas Saeyang Marathon Handy 700 2 In 1 \u00e9, portanto, uma solu\u00e7\u00e3o econ\u00f3mica para o seu sal\u00e3o.<\/p>\n<h2>Como \u00e9 entregue o berbequim para pregos Saeyang Marathon Handy 700 2 In 1?<\/h2>\n<p>O berbequim Saeyang Marathon Handy 700 2 In 1 \u00e9 entregue na(s) embalagem(ns) original(ais). Em Espanha, o envio do berbequim para unhas Saeyang Marathon Handy 700 2 In 1 \u00e9 totalmente gratuito para encomendas superiores a 100,- Euro. Para envios para outros pa\u00edses, aplicam-se taxas de envio separadas. Pode verificar estas taxas connosco ou v\u00ea-las no carrinho de compras. O berbequim para pregos Saeyang Marathon Handy 700 2 In 1 \u00e9 enviado atrav\u00e9s de um servi\u00e7o de correio externo.<\/p>\n<p>As encomendas ou paletes s\u00e3o entregues, por norma, at\u00e9 \u00e0 soleira da porta da frente, mesmo que se encontre num edif\u00edcio coletivo, num edif\u00edcio de apartamentos ou num complexo de apartamentos com elevador (desde que o artigo caiba no elevador). N\u00e3o h\u00e1 elevador dispon\u00edvel ou o artigo n\u00e3o cabe no elevador? Ent\u00e3o entregamos at\u00e9 \u00e0 soleira do r\u00e9s do ch\u00e3o.<\/p>\n<p>Se ainda tem d\u00favidas sobre a entrega ou uma situa\u00e7\u00e3o especial, contacte-nos e teremos todo o gosto em ajud\u00e1-lo!<\/p>\n<p>*Os artigos n\u00e3o s\u00e3o desempacotados ou montados como padr\u00e3o. Em situa\u00e7\u00f5es especiais, pode contactar-nos para combinarmos as condi\u00e7\u00f5es.<\/p>\n<h2>Compras online seguras na Salon For All com o selo de qualidade Webwinkelkeur e encripta\u00e7\u00e3o SSL.<\/h2>\n<p>\u00c9 importante para n\u00f3s que os nossos clientes possam fazer compras com seguran\u00e7a na nossa loja online. Estamos afiliados ao selo de qualidade nacional Webwinkelkeur desde 2019. A nossa identidade foi verificada e verificada por eles, e a loja online foi verificada e legalmente aprovada. Al\u00e9m disso, a nossa loja online \u00e9 afiliada a eles para media\u00e7\u00e3o de conflitos. Pode ver o log\u00f3tipo com todas as informa\u00e7\u00f5es deste selo de qualidade da loja online no lado esquerdo ou direito da loja online (bot\u00e3o rosa com branco). Al\u00e9m disso, o nosso s\u00edtio est\u00e1 protegido por um certificado SSL para que possa navegar em seguran\u00e7a connosco. Na barra do seu navegador de Internet, onde aparece o nosso s\u00edtio Web, ver\u00e1 um \u00edcone de cadeado. Se clicar no cadeado, obter\u00e1 todas as informa\u00e7\u00f5es sobre a nossa seguran\u00e7a. Desta forma, sabe que a sua encomenda Saeyang Marathon Handy 700 2 In 1 Nail Drill e os seus dados pessoais s\u00e3o processados de forma segura.<\/p>\n<h2>Como posso pagar o berbequim para pregos Saeyang Marathon Handy 700 2 In 1?<\/h2>\n<p>Queremos tornar as coisas o mais f\u00e1ceis poss\u00edvel para si. \u00c9 por isso que na Salon For All pode pagar com todos os m\u00e9todos de pagamento populares. Pagar antecipadamente, na entrega ou depois - tudo \u00e9 poss\u00edvel. Veja aqui todos os m\u00e9todos de pagamento que oferecemos:<\/p>\n<ul>\n<li>iDEAL<\/li>\n<li>Cart\u00e3o de cr\u00e9dito (Visa, Mastercard, American Express)<\/li>\n<li>Klarna - Pagamento na entrega com fatura<\/li>\n<li>PayPal<\/li>\n<li>Apple Pay<\/li>\n<li>Google Pay<\/li>\n<li>Bizum (para clientes espanh\u00f3is)<\/li>\n<li>Transfer\u00eancia banc\u00e1ria SEPA<\/li>\n<li>Contacto com o banco<\/li>\n<li>Fatura comercial para empresas<\/li>\n<li>Pagamento na sala de exposi\u00e7\u00f5es - Cart\u00e3o e dinheiro (apenas dispon\u00edvel \u00e0 cobran\u00e7a)<\/li>\n<\/ul>\n<h2>Veja tamb\u00e9m as opini\u00f5es de Salon For All<\/h2>\n<p>Por favor, consulte tamb\u00e9m as nossas opini\u00f5es para ter em conta as experi\u00eancias dos nossos clientes existentes na sua decis\u00e3o de encomendar Saeyang Marathon Handy 700 2 In 1 Nail Drill connosco. Atrav\u00e9s do nosso selo de qualidade independente da loja online Webwinkelkeur, s\u00e3o recolhidas automaticamente as opini\u00f5es verificadas dos clientes que efectuaram uma encomenda connosco. Pode encontr\u00e1-las atr\u00e1s do bot\u00e3o rosa na nossa loja online ou listadas por baixo dos produtos.<\/p>\n<p>Partilhe tamb\u00e9m a sua experi\u00eancia ap\u00f3s fazer compras com a sua encomenda Saeyang Marathon Handy 700 2 In 1 Nail Drill e a sua experi\u00eancia com o processo de compra ou com o contacto Salon For All, para inspirar outras pessoas!<\/p>\n<h2>Contactar o Salon For All<\/h2>\n<p>Ent\u00e3o, contacte-nos. Teremos todo o gosto em ajud\u00e1-lo com a sua compra de Saeyang Marathon Handy 700 2 In 1 Na semana, estamos dispon\u00edveis entre as 8h30 e as 17h00, atrav\u00e9s do n\u00famero de telefone e do endere\u00e7o de correio eletr\u00f3nico indicados no topo da loja online ou atrav\u00e9s da fun\u00e7\u00e3o de chat. Os pedidos de informa\u00e7\u00e3o fora do hor\u00e1rio de expediente s\u00e3o normalmente respondidos no prazo de 24 horas. Tamb\u00e9m \u00e9 poss\u00edvel visitar-nos fora dos dias \u00fateis ou do hor\u00e1rio de expediente. No entanto, \u00e9 necess\u00e1rio efetuar uma marca\u00e7\u00e3o pr\u00e9via.<\/p>\n<h2>Gostaria de visitar a nossa sala de exposi\u00e7\u00f5es?<\/h2>\n<p>Prefere ver o Perfurador de Unhas Saeyang Marathon Handy 700 2 In 1 ou gostaria de consultar a nossa oferta de loja (online) juntamente com o nosso colega? Ent\u00e3o visite o nosso showroom com mais de 1000m\u00b2 de equipamento para sal\u00f5es de beleza e deixe-se inspirar pelos nossos colaboradores. Al\u00e9m disso, se quiser conhecer-nos agradavelmente durante uma ch\u00e1vena de caf\u00e9 ou de ch\u00e1, \u00e9 muito bem-vindo. N\u00e3o temos todos os produtos em stock, por isso, por favor, avise-nos com anteced\u00eancia que gostaria de vir. Marque sempre uma visita com anteced\u00eancia.<\/p>\n<h2>14 dias de reflex\u00e3o e a nossa pol\u00edtica de devolu\u00e7\u00e3o<\/h2>\n<p>\u00c9 claro que pode acontecer que o berbequim para unhas Saeyang Marathon Handy 700 2 In 1 entregue n\u00e3o seja totalmente do seu agrado e queira devolv\u00ea-lo. Isso n\u00e3o \u00e9 problema para a Salon For All. Deve notificar a sua devolu\u00e7\u00e3o no prazo de 14 dias \u00fateis atrav\u00e9s de info@salonforall.es. Receber\u00e1 ent\u00e3o instru\u00e7\u00f5es e condi\u00e7\u00f5es de devolu\u00e7\u00e3o completas. Tenha em aten\u00e7\u00e3o que o berbequim para unhas Saeyang Marathon Handy 700 2 In 1 n\u00e3o deve ser utilizado, deve conter todas as pe\u00e7as fornecidas e deve ser devolvido na embalagem original. Os custos de envio para uma devolu\u00e7\u00e3o s\u00e3o sempre a cargo do comprador em compras atrav\u00e9s de www.salonforall.es. Deve organizar o transporte com uma transportadora da sua escolha para uma devolu\u00e7\u00e3o. Ap\u00f3s a devolu\u00e7\u00e3o do berbequim para pregos Saeyang Marathon Handy 700 2 In 1, ser\u00e1 verificada a sua integridade e eventuais danos. Uma vez aprovada a devolu\u00e7\u00e3o, o montante da compra ser\u00e1 reembolsado no prazo de 5 dias \u00fateis para a conta banc\u00e1ria que temos registada.<\/p>\n<h2>Quem \u00e9 o Salon For All?<\/h2>\n<p>A Salon For All \u00e9 o grossista de todo o equipamento para sal\u00f5es de beleza na Europa. A Salon For All come\u00e7ou em 2003 com o nome Salonvoordeel e cresceu a partir da pr\u00e1tica. Os propriet\u00e1rios da Salon For All eram cabeleireiros experientes e especialistas em beleza e t\u00eam, em conjunto, mais de 30 anos de experi\u00eancia pr\u00e1tica. Em 2003, lan\u00e7\u00e1mos o Salonvoordeel.nl (Pa\u00edses Baixos) e, posteriormente, o Salon For All foi fundado para o mercado europeu. Alguns dos nossos funcion\u00e1rios come\u00e7aram o seu pr\u00f3prio neg\u00f3cio e assim nasceu a ideia de lan\u00e7ar uma loja online funcional para cabeleireiros e para os ajudar com o seu equipamento de sal\u00e3o.<\/p>\n<p>O nosso showroom est\u00e1 situado em Dinxperlo, diretamente na fronteira entre os Pa\u00edses Baixos e a Alemanha. Com a nossa vasta experi\u00eancia no sector, podemos servir de espelho e fornecer-lhe os conselhos certos - falamos a mesma l\u00edngua! Aconselhamos, inspiramos, motivamos e apoiamos na compra do berbequim para pregos Saeyang Marathon Handy 700 2 In 1. Os nossos fornecedores est\u00e3o localizados em toda a Europa, desde a Alemanha, Inglaterra, It\u00e1lia at\u00e9 \u00e0 Pol\u00f3nia.<\/p>","protected":false},"excerpt":{"rendered":"<p>O berbequim para unhas Saeyang Marathon Handy 700 2 In 1 \u00e9 uma solu\u00e7\u00e3o de alta qualidade para qualquer sal\u00e3o de beleza. O prazo de entrega estimado \u00e9 de aproximadamente 6 dias \u00fateis.<\/p>","protected":false},"featured_media":5522,"comment_status":"open","ping_status":"open","template":"","meta":[],"product_brand":[170],"product_cat":[161,287],"product_tag":[164,288],"class_list":{"0":"post-5521","1":"product","2":"type-product","3":"status-publish","4":"has-post-thumbnail","6":"product_brand-saeyang","7":"product_cat-podologia","8":"product_cat-taladros-de-podologia","9":"product_tag-podologia","10":"product_tag-taladros-de-podologia","11":"pa_codigo-ean-7759","12":"pa_garantia-12-meses","13":"pa_marca-saeyang","14":"pa_numero-de-articulo-1788","15":"pa_tiempo-estimado-de-entrega-4-5-dias-laborables","17":"first","18":"instock","19":"sale","20":"taxable","21":"shipping-taxable","22":"purchasable","23":"product-type-simple"},"yoast_head":"<!-- This site is optimized with the Yoast SEO plugin v27.6 - https:\/\/yoast.com\/product\/yoast-seo-wordpress\/ -->\n<title>Taladro De U\u00f1as Saeyang Marathon Handy 700 2 En 1 comprar<\/title>\n<meta name=\"description\" content=\"Compra Taladro De U\u00f1as Saeyang Marathon Handy 700 2 En 1 online o en el showroom en Salon For ALL Espa\u00f1a. El mayorista para salones, consultas y spas en Espa\u00f1a y Portugal.\" \/>\n<meta name=\"robots\" content=\"index, follow, max-snippet:-1, max-image-preview:large, max-video-preview:-1\" \/>\n<link rel=\"canonical\" href=\"https:\/\/salonforall.es\/pt\/berbequim-para-grupos-saeyang-marathon-handy-700-2-em-1\/\" \/>\n<meta property=\"og:locale\" content=\"pt_PT\" \/>\n<meta property=\"og:type\" content=\"article\" \/>\n<meta property=\"og:title\" content=\"Taladro De U\u00f1as Saeyang Marathon Handy 700 2 En 1\" \/>\n<meta property=\"og:description\" content=\"Compra Taladro De U\u00f1as Saeyang Marathon Handy 700 2 En 1 online o en el showroom en Salon For ALL Espa\u00f1a. El mayorista para salones, consultas y spas en Espa\u00f1a y Portugal.\" \/>\n<meta property=\"og:url\" content=\"https:\/\/salonforall.es\/pt\/berbequim-para-grupos-saeyang-marathon-handy-700-2-em-1\/\" \/>\n<meta property=\"og:site_name\" content=\"Salon For ALL Espa\u00f1a\" \/>\n<meta property=\"article:modified_time\" content=\"2026-03-24T15:24:42+00:00\" \/>\n<meta property=\"og:image\" content=\"https:\/\/salonforall.es\/wp-content\/uploads\/2025\/12\/Taladro-De-Unas-Saeyang-Marathon-Handy-700-2-En-1.jpg\" \/>\n\t<meta property=\"og:image:width\" content=\"1200\" \/>\n\t<meta property=\"og:image:height\" content=\"1200\" \/>\n\t<meta property=\"og:image:type\" content=\"image\/jpeg\" \/>\n<meta name=\"twitter:card\" content=\"summary_large_image\" \/>\n<meta name=\"twitter:title\" content=\"Taladro De U\u00f1as Saeyang Marathon Handy 700 2 En 1\" \/>\n<meta name=\"twitter:label1\" content=\"Tempo estimado de leitura\" \/>\n\t<meta name=\"twitter:data1\" content=\"9 minutos\" \/>\n<script type=\"application\/ld+json\" class=\"yoast-schema-graph\">{\"@context\":\"https:\\\/\\\/schema.org\",\"@graph\":[{\"@type\":\"WebPage\",\"@id\":\"https:\\\/\\\/salonforall.es\\\/taladro-de-unas-saeyang-marathon-handy-700-2-en-1\\\/\",\"url\":\"https:\\\/\\\/salonforall.es\\\/taladro-de-unas-saeyang-marathon-handy-700-2-en-1\\\/\",\"name\":\"Taladro De U\u00f1as Saeyang Marathon Handy 700 2 En 1 comprar\",\"isPartOf\":{\"@id\":\"https:\\\/\\\/salonforall.es\\\/#website\"},\"primaryImageOfPage\":{\"@id\":\"https:\\\/\\\/salonforall.es\\\/taladro-de-unas-saeyang-marathon-handy-700-2-en-1\\\/#primaryimage\"},\"image\":{\"@id\":\"https:\\\/\\\/salonforall.es\\\/taladro-de-unas-saeyang-marathon-handy-700-2-en-1\\\/#primaryimage\"},\"thumbnailUrl\":\"https:\\\/\\\/salonforall.es\\\/wp-content\\\/uploads\\\/2025\\\/12\\\/Taladro-De-Unas-Saeyang-Marathon-Handy-700-2-En-1.jpg\",\"datePublished\":\"2025-12-02T11:18:46+00:00\",\"dateModified\":\"2026-03-24T15:24:42+00:00\",\"description\":\"Compra Taladro De U\u00f1as Saeyang Marathon Handy 700 2 En 1 online o en el showroom en Salon For ALL Espa\u00f1a. El mayorista para salones, consultas y spas en Espa\u00f1a y Portugal.\",\"breadcrumb\":{\"@id\":\"https:\\\/\\\/salonforall.es\\\/taladro-de-unas-saeyang-marathon-handy-700-2-en-1\\\/#breadcrumb\"},\"inLanguage\":\"pt-PT\",\"potentialAction\":[{\"@type\":\"ReadAction\",\"target\":[\"https:\\\/\\\/salonforall.es\\\/taladro-de-unas-saeyang-marathon-handy-700-2-en-1\\\/\"]}]},{\"@type\":\"ImageObject\",\"inLanguage\":\"pt-PT\",\"@id\":\"https:\\\/\\\/salonforall.es\\\/taladro-de-unas-saeyang-marathon-handy-700-2-en-1\\\/#primaryimage\",\"url\":\"https:\\\/\\\/salonforall.es\\\/wp-content\\\/uploads\\\/2025\\\/12\\\/Taladro-De-Unas-Saeyang-Marathon-Handy-700-2-En-1.jpg\",\"contentUrl\":\"https:\\\/\\\/salonforall.es\\\/wp-content\\\/uploads\\\/2025\\\/12\\\/Taladro-De-Unas-Saeyang-Marathon-Handy-700-2-En-1.jpg\",\"width\":1200,\"height\":1200,\"caption\":\"Taladro De U\u00f1as Saeyang Marathon Handy 700 2 En 1\"},{\"@type\":\"BreadcrumbList\",\"@id\":\"https:\\\/\\\/salonforall.es\\\/taladro-de-unas-saeyang-marathon-handy-700-2-en-1\\\/#breadcrumb\",\"itemListElement\":[{\"@type\":\"ListItem\",\"position\":1,\"name\":\"Home\",\"item\":\"https:\\\/\\\/salonforall.es\\\/\"},{\"@type\":\"ListItem\",\"position\":2,\"name\":\"Winkel\",\"item\":\"https:\\\/\\\/salonforall.es\\\/winkel\\\/\"},{\"@type\":\"ListItem\",\"position\":3,\"name\":\"Taladro De U\u00f1as Saeyang Marathon Handy 700 2 En 1\"}]},{\"@type\":\"WebSite\",\"@id\":\"https:\\\/\\\/salonforall.es\\\/#website\",\"url\":\"https:\\\/\\\/salonforall.es\\\/\",\"name\":\"Salon For ALL Espa\u00f1a\",\"description\":\"Mayorista de mobiliario y suministros para consultorios y salones\",\"publisher\":{\"@id\":\"https:\\\/\\\/salonforall.es\\\/#organization\"},\"potentialAction\":[{\"@type\":\"SearchAction\",\"target\":{\"@type\":\"EntryPoint\",\"urlTemplate\":\"https:\\\/\\\/salonforall.es\\\/?s={search_term_string}\"},\"query-input\":{\"@type\":\"PropertyValueSpecification\",\"valueRequired\":true,\"valueName\":\"search_term_string\"}}],\"inLanguage\":\"pt-PT\"},{\"@type\":\"Organization\",\"@id\":\"https:\\\/\\\/salonforall.es\\\/#organization\",\"name\":\"Salon For All B.V. Espa\u00f1a\",\"alternateName\":\"Salon For All B.V. Espa\u00f1a - Mayorista de equipamiento para consultas, salones y suministros\",\"url\":\"https:\\\/\\\/salonforall.es\\\/\",\"logo\":{\"@type\":\"ImageObject\",\"inLanguage\":\"pt-PT\",\"@id\":\"https:\\\/\\\/salonforall.es\\\/#\\\/schema\\\/logo\\\/image\\\/\",\"url\":\"https:\\\/\\\/salonforall.es\\\/wp-content\\\/uploads\\\/2025\\\/11\\\/logo-salon-for-all-e1764543185849.png\",\"contentUrl\":\"https:\\\/\\\/salonforall.es\\\/wp-content\\\/uploads\\\/2025\\\/11\\\/logo-salon-for-all-e1764543185849.png\",\"width\":500,\"height\":150,\"caption\":\"Salon For All B.V. Espa\u00f1a\"},\"image\":{\"@id\":\"https:\\\/\\\/salonforall.es\\\/#\\\/schema\\\/logo\\\/image\\\/\"}}]}<\/script>\n<!-- \/ Yoast SEO plugin. -->","yoast_head_json":{"title":"Berbequim para pregos Saeyang Marathon Handy 700 2 em 1 Comprar","description":"Compre Saeyang Marathon Handy 700 2 In 1 Nail Drill online ou no showroom da Salon For ALL Spain. O grossista para sal\u00f5es, consult\u00f3rios e spas em Espanha e Portugal.","robots":{"index":"index","follow":"follow","max-snippet":"max-snippet:-1","max-image-preview":"max-image-preview:large","max-video-preview":"max-video-preview:-1"},"canonical":"https:\/\/salonforall.es\/pt\/berbequim-para-grupos-saeyang-marathon-handy-700-2-em-1\/","og_locale":"pt_PT","og_type":"article","og_title":"Taladro De U\u00f1as Saeyang Marathon Handy 700 2 En 1","og_description":"Compra Taladro De U\u00f1as Saeyang Marathon Handy 700 2 En 1 online o en el showroom en Salon For ALL Espa\u00f1a. El mayorista para salones, consultas y spas en Espa\u00f1a y Portugal.","og_url":"https:\/\/salonforall.es\/pt\/berbequim-para-grupos-saeyang-marathon-handy-700-2-em-1\/","og_site_name":"Salon For ALL Espa\u00f1a","article_modified_time":"2026-03-24T15:24:42+00:00","og_image":[{"width":1200,"height":1200,"url":"https:\/\/salonforall.es\/wp-content\/uploads\/2025\/12\/Taladro-De-Unas-Saeyang-Marathon-Handy-700-2-En-1.jpg","type":"image\/jpeg"}],"twitter_card":"summary_large_image","twitter_title":"Taladro De U\u00f1as Saeyang Marathon Handy 700 2 En 1","twitter_misc":{"Tempo estimado de leitura":"9 minutos"},"schema":{"@context":"https:\/\/schema.org","@graph":[{"@type":"WebPage","@id":"https:\/\/salonforall.es\/taladro-de-unas-saeyang-marathon-handy-700-2-en-1\/","url":"https:\/\/salonforall.es\/taladro-de-unas-saeyang-marathon-handy-700-2-en-1\/","name":"Berbequim para pregos Saeyang Marathon Handy 700 2 em 1 Comprar","isPartOf":{"@id":"https:\/\/salonforall.es\/#website"},"primaryImageOfPage":{"@id":"https:\/\/salonforall.es\/taladro-de-unas-saeyang-marathon-handy-700-2-en-1\/#primaryimage"},"image":{"@id":"https:\/\/salonforall.es\/taladro-de-unas-saeyang-marathon-handy-700-2-en-1\/#primaryimage"},"thumbnailUrl":"https:\/\/salonforall.es\/wp-content\/uploads\/2025\/12\/Taladro-De-Unas-Saeyang-Marathon-Handy-700-2-En-1.jpg","datePublished":"2025-12-02T11:18:46+00:00","dateModified":"2026-03-24T15:24:42+00:00","description":"Compre Saeyang Marathon Handy 700 2 In 1 Nail Drill online ou no showroom da Salon For ALL Spain. O grossista para sal\u00f5es, consult\u00f3rios e spas em Espanha e Portugal.","breadcrumb":{"@id":"https:\/\/salonforall.es\/taladro-de-unas-saeyang-marathon-handy-700-2-en-1\/#breadcrumb"},"inLanguage":"pt-PT","potentialAction":[{"@type":"ReadAction","target":["https:\/\/salonforall.es\/taladro-de-unas-saeyang-marathon-handy-700-2-en-1\/"]}]},{"@type":"ImageObject","inLanguage":"pt-PT","@id":"https:\/\/salonforall.es\/taladro-de-unas-saeyang-marathon-handy-700-2-en-1\/#primaryimage","url":"https:\/\/salonforall.es\/wp-content\/uploads\/2025\/12\/Taladro-De-Unas-Saeyang-Marathon-Handy-700-2-En-1.jpg","contentUrl":"https:\/\/salonforall.es\/wp-content\/uploads\/2025\/12\/Taladro-De-Unas-Saeyang-Marathon-Handy-700-2-En-1.jpg","width":1200,"height":1200,"caption":"Taladro De U\u00f1as Saeyang Marathon Handy 700 2 En 1"},{"@type":"BreadcrumbList","@id":"https:\/\/salonforall.es\/taladro-de-unas-saeyang-marathon-handy-700-2-en-1\/#breadcrumb","itemListElement":[{"@type":"ListItem","position":1,"name":"Home","item":"https:\/\/salonforall.es\/"},{"@type":"ListItem","position":2,"name":"Winkel","item":"https:\/\/salonforall.es\/winkel\/"},{"@type":"ListItem","position":3,"name":"Taladro De U\u00f1as Saeyang Marathon Handy 700 2 En 1"}]},{"@type":"WebSite","@id":"https:\/\/salonforall.es\/#website","url":"https:\/\/salonforall.es\/","name":"Sal\u00e3o de beleza para toda a Espanha","description":"Grossista de mobili\u00e1rio e material para sal\u00f5es de beleza e consult\u00f3rios","publisher":{"@id":"https:\/\/salonforall.es\/#organization"},"potentialAction":[{"@type":"SearchAction","target":{"@type":"EntryPoint","urlTemplate":"https:\/\/salonforall.es\/?s={search_term_string}"},"query-input":{"@type":"PropertyValueSpecification","valueRequired":true,"valueName":"search_term_string"}}],"inLanguage":"pt-PT"},{"@type":"Organization","@id":"https:\/\/salonforall.es\/#organization","name":"Salon For All B.V. Espanha","alternateName":"Salon For All B.V. Espa\u00f1a - Mayorista de equipamiento para consultas, salones y suministros","url":"https:\/\/salonforall.es\/","logo":{"@type":"ImageObject","inLanguage":"pt-PT","@id":"https:\/\/salonforall.es\/#\/schema\/logo\/image\/","url":"https:\/\/salonforall.es\/wp-content\/uploads\/2025\/11\/logo-salon-for-all-e1764543185849.png","contentUrl":"https:\/\/salonforall.es\/wp-content\/uploads\/2025\/11\/logo-salon-for-all-e1764543185849.png","width":500,"height":150,"caption":"Salon For All B.V. Espa\u00f1a"},"image":{"@id":"https:\/\/salonforall.es\/#\/schema\/logo\/image\/"}}]}},"_links":{"self":[{"href":"https:\/\/salonforall.es\/pt\/wp-json\/wp\/v2\/product\/5521","targetHints":{"allow":["GET"]}}],"collection":[{"href":"https:\/\/salonforall.es\/pt\/wp-json\/wp\/v2\/product"}],"about":[{"href":"https:\/\/salonforall.es\/pt\/wp-json\/wp\/v2\/types\/product"}],"replies":[{"embeddable":true,"href":"https:\/\/salonforall.es\/pt\/wp-json\/wp\/v2\/comments?post=5521"}],"wp:featuredmedia":[{"embeddable":true,"href":"https:\/\/salonforall.es\/pt\/wp-json\/wp\/v2\/media\/5522"}],"wp:attachment":[{"href":"https:\/\/salonforall.es\/pt\/wp-json\/wp\/v2\/media?parent=5521"}],"wp:term":[{"taxonomy":"product_brand","embeddable":true,"href":"https:\/\/salonforall.es\/pt\/wp-json\/wp\/v2\/product_brand?post=5521"},{"taxonomy":"product_cat","embeddable":true,"href":"https:\/\/salonforall.es\/pt\/wp-json\/wp\/v2\/product_cat?post=5521"},{"taxonomy":"product_tag","embeddable":true,"href":"https:\/\/salonforall.es\/pt\/wp-json\/wp\/v2\/product_tag?post=5521"}],"curies":[{"name":"wp","href":"https:\/\/api.w.org\/{rel}","templated":true}]}}