{"id":3730,"date":"2025-12-02T11:59:49","date_gmt":"2025-12-02T10:59:49","guid":{"rendered":"https:\/\/salonforall.es\/product\/sillon-cosmetico-basic-202-con-bandejas-blanco\/"},"modified":"2026-03-24T16:04:49","modified_gmt":"2026-03-24T15:04:49","slug":"cadeira-de-cosmetica-basic-202-com-tabuleiros-branco","status":"publish","type":"product","link":"https:\/\/salonforall.es\/pt\/sillon-cosmetico-basic-202-con-bandejas-blanco\/","title":{"rendered":"Cadeira de Cosm\u00e9tica Basic 202 com tabuleiros Branco"},"content":{"rendered":"<h2>Informa\u00e7\u00f5es sobre a Cadeira para Cosm\u00e9ticos Basic 202 With Trays White com o n\u00famero de artigo 122350<\/h2>\n<p><img decoding=\"async\" src=\"https:\/\/activeshop.com.pl\/media\/wysiwyg\/product\/122350\/EN_122350_1.jpg\"><\/p>\n<p>A marca <strong>ACTIVESHOP<\/strong> oferece, desde h\u00e1 muitos anos, uma vasta gama de produtos adaptados \u00e0 utiliza\u00e7\u00e3o profissional em diversos sectores. No seu cat\u00e1logo, encontrar\u00e1 artigos de v\u00e1rias categorias, desde pequenos acess\u00f3rios essenciais at\u00e9 equipamentos especializados, como os m\u00f3veis de cosm\u00e9tica.<\/p>\n<p><img decoding=\"async\" src=\"https:\/\/activeshop.com.pl\/media\/wysiwyg\/product\/122350\/EN_122350_2.jpg\"><\/p>\n<h2><strong>Simplicidade e funcionalidade na sala de estar<\/strong><\/h2>\n<p><strong>Cadeira de cosm\u00e9tica Basic 202 com dois tabuleiros<\/strong> \u00e9 um equipamento pr\u00e1tico que <strong>melhora significativamente o trabalho em sal\u00f5es especializados<\/strong>, O equipamento \u00e9 perfeito para quem procura um mobili\u00e1rio de cosm\u00e9tica simples e funcional. O equipamento \u00e9 perfeito para quem procura um mobili\u00e1rio de cosm\u00e9tica simples e funcional. Gra\u00e7as aos recipientes amov\u00edveis instalados sob o assento, os utens\u00edlios e prepara\u00e7\u00f5es mais importantes est\u00e3o sempre \u00e0 m\u00e3o.<\/p>\n<p><img decoding=\"async\" src=\"https:\/\/activeshop.com.pl\/media\/wysiwyg\/product\/122350\/EN_122350_3.jpg\"><\/p>\n<h2><strong>Acesso c\u00f3modo a instrumentos essenciais<\/strong><\/h2>\n<p><strong>Tabuleiros de pl\u00e1stico<\/strong> montados sob o assento permitem um acesso f\u00e1cil \u00e0s ferramentas mais necess\u00e1rias. Os materiais utilizados tornam os contentores extra\u00edveis dur\u00e1veis e f\u00e1ceis de limpar. As gavetas espa\u00e7osas aumentam significativamente o conforto de trabalho e tamb\u00e9m ajudam a manter o posto de trabalho arrumado.<\/p>\n<p><img decoding=\"async\" src=\"https:\/\/activeshop.com.pl\/media\/wysiwyg\/product\/122350\/EN_122350_4.jpg\"><\/p>\n<h2><strong>Solu\u00e7\u00f5es pr\u00e1ticas para um trabalho confort\u00e1vel<\/strong><\/h2>\n<p>Os apoios de bra\u00e7os est\u00e1veis e macios garantem um apoio adequado. Estes elementos, divididos ao meio, s\u00e3o m\u00f3veis, pelo que se adaptam perfeitamente quando se muda a posi\u00e7\u00e3o do encosto e podem ser facilmente removidos. <strong>Oculto sob uma almofada com um perfil adequado, uma abertura no apoio de cabe\u00e7a<\/strong> torna a cadeira perfeita para tratamentos faciais e das costas.<\/p>\n<p><img decoding=\"async\" src=\"https:\/\/activeshop.com.pl\/media\/wysiwyg\/product\/122350\/EN_122350_5.jpg\"><\/p>\n<h2><strong>\u00c2ngulos de inclina\u00e7\u00e3o ajust\u00e1veis manualmente<\/strong><\/h2>\n<p>Um mecanismo especial <strong>assegura uma regula\u00e7\u00e3o progressiva dos \u00e2ngulos do apoio para os p\u00e9s e do encosto<\/strong>. Com a alavanca, \u00e9 poss\u00edvel ajustar livremente a posi\u00e7\u00e3o do assento. Isto permite uma adapta\u00e7\u00e3o \u00f3ptima \u00e0s necessidades individuais, uma execu\u00e7\u00e3o c\u00f3moda e confort\u00e1vel dos tratamentos e um elevado n\u00edvel de conforto para o utilizador. A cadeira pode ser reclinada, o que aumenta significativamente a sua funcionalidade. Isto permite-lhe realizar livremente v\u00e1rios tipos de tratamentos, incluindo cosm\u00e9ticos, fisioterapia e tatuagens.<\/p>\n<p><img decoding=\"async\" src=\"https:\/\/activeshop.com.pl\/media\/wysiwyg\/product\/122350\/EN_122350_6.jpg\"><\/p>\n<h2><strong>Design minimalista, ergonomia e facilidade de utiliza\u00e7\u00e3o<\/strong><\/h2>\n<p>A base da cadeira tem uma altura constante, pelo que o assento permanece a um n\u00edvel constante, garantindo conforto durante a utiliza\u00e7\u00e3o. Uma estrutura s\u00f3lida em metal branco e pernas antiderrapantes proporcionam a estabilidade necess\u00e1ria. A cadeira \u00e9 almofadada com espuma e revestida com couro sint\u00e9tico branco. Gra\u00e7as a este material, o equipamento \u00e9 confort\u00e1vel de utilizar, resistente \u00e0 humidade e f\u00e1cil de limpar. As bainhas com contornos conferem ao assento uma forma ergon\u00f3mica. O seu design simples e as suas cores elegantes permitem-lhe integrar-se facilmente em qualquer interior. As dimens\u00f5es exactas est\u00e3o indicadas na fotografia. O conjunto inclui: assento com encosto e apoio para os p\u00e9s, duas caixas de areia, apoios para os bra\u00e7os, almofada oca, guias para a caixa de areia e elementos de base. Detalhes: Cor da base: branco. Cor dos estofos: branco. Material dos estofos: couro sint\u00e9tico. Altura do assento: 75 cm. Comprimento com extens\u00e3o total: 180 cm.<\/p>\n<p>Os produtos da Activeshop s\u00e3o proporcionalmente mais baratos do que os de muitas outras marcas\/fornecedores. O pre\u00e7o est\u00e1 em rela\u00e7\u00e3o com a qualidade. A cadeira de cosm\u00e9tica Basic 202 com tabuleiros brancos \u00e9, portanto, uma solu\u00e7\u00e3o econ\u00f3mica para o seu sal\u00e3o.<\/p>\n<h2>Como \u00e9 entregue a Cadeira Cosm\u00e9tica Basic 202 com tabuleiros brancos?<\/h2>\n<p>O Sill\u00f3n Cosm\u00e9tico Basic 202 Con Traejas Blanco \u00e9 entregue na(s) embalagem(ns) original(ais). Em Espanha, a entrega do Sill\u00f3n Cosm\u00e9tico Basic 202 Con Traejas Blanco \u00e9 totalmente gratuita para encomendas superiores a 100,- Euro. Para envios para outros pa\u00edses, aplicam-se taxas de envio separadas. Pode verificar estas tarifas connosco ou visualiz\u00e1-las no carrinho de compras. A Poltrona Cosm\u00e9tica Basic 202 Com Bandejas Brancas \u00e9 enviada atrav\u00e9s de um servi\u00e7o de correio externo.<\/p>\n<p>As encomendas ou paletes s\u00e3o entregues, por norma, at\u00e9 \u00e0 soleira da porta da frente, mesmo que se encontre num edif\u00edcio coletivo, num edif\u00edcio de apartamentos ou num complexo de apartamentos com elevador (desde que o artigo caiba no elevador). N\u00e3o h\u00e1 elevador dispon\u00edvel ou o artigo n\u00e3o cabe no elevador? Ent\u00e3o entregamos at\u00e9 \u00e0 soleira do r\u00e9s do ch\u00e3o.<\/p>\n<p>Se ainda tem d\u00favidas sobre a entrega ou uma situa\u00e7\u00e3o especial, contacte-nos e teremos todo o gosto em ajud\u00e1-lo!<\/p>\n<p>*Os artigos n\u00e3o s\u00e3o desempacotados ou montados como padr\u00e3o. Em situa\u00e7\u00f5es especiais, pode contactar-nos para combinarmos as condi\u00e7\u00f5es.<\/p>\n<h2>Compras online seguras na Salon For All com o selo de qualidade Webwinkelkeur e encripta\u00e7\u00e3o SSL.<\/h2>\n<p>\u00c9 importante para n\u00f3s que os nossos clientes possam fazer compras com seguran\u00e7a na nossa loja online. Estamos afiliados ao selo de qualidade nacional Webwinkelkeur desde 2019. A nossa identidade foi verificada e verificada por eles, e a loja online foi verificada e legalmente aprovada. Al\u00e9m disso, a nossa loja online \u00e9 afiliada a eles para media\u00e7\u00e3o de conflitos. Pode ver o log\u00f3tipo com todas as informa\u00e7\u00f5es deste selo de qualidade da loja online no lado esquerdo ou direito da loja online (bot\u00e3o rosa com branco). Al\u00e9m disso, o nosso s\u00edtio est\u00e1 protegido por um certificado SSL para que possa navegar em seguran\u00e7a connosco. Na barra do seu navegador de Internet, onde aparece o nosso s\u00edtio Web, ver\u00e1 um \u00edcone de cadeado. Se clicar no cadeado, obter\u00e1 todas as informa\u00e7\u00f5es sobre a nossa seguran\u00e7a. Desta forma, sabe que a sua encomenda de Cadeira de Cosm\u00e9tica Basic 202 With White Trays e os seus dados pessoais s\u00e3o processados de forma segura.<\/p>\n<h2>Como pagar a Poltrona Cosm\u00e9tica Basic 202 com tabuleiros brancos?<\/h2>\n<p>Queremos tornar as coisas o mais f\u00e1ceis poss\u00edvel para si. \u00c9 por isso que na Salon For All pode pagar com todos os m\u00e9todos de pagamento populares. Pagar antecipadamente, na entrega ou depois - tudo \u00e9 poss\u00edvel. Veja aqui todos os m\u00e9todos de pagamento que oferecemos:<\/p>\n<ul>\n<li>iDEAL<\/li>\n<li>Cart\u00e3o de cr\u00e9dito (Visa, Mastercard, American Express)<\/li>\n<li>Klarna - Pagamento na entrega com fatura<\/li>\n<li>PayPal<\/li>\n<li>Apple Pay<\/li>\n<li>Google Pay<\/li>\n<li>Bizum (para clientes espanh\u00f3is)<\/li>\n<li>Transfer\u00eancia banc\u00e1ria SEPA<\/li>\n<li>Contacto com o banco<\/li>\n<li>Fatura comercial para empresas<\/li>\n<li>Pagamento na sala de exposi\u00e7\u00f5es - Cart\u00e3o e dinheiro (apenas dispon\u00edvel \u00e0 cobran\u00e7a)<\/li>\n<\/ul>\n<h2>Veja tamb\u00e9m as opini\u00f5es de Salon For All<\/h2>\n<p>Consulte tamb\u00e9m as nossas opini\u00f5es para ter em conta as experi\u00eancias dos nossos clientes actuais na sua decis\u00e3o de encomendar connosco a Cadeira de Cosm\u00e9tica Basic 202 com tabuleiros brancos. Atrav\u00e9s do nosso selo de qualidade independente da loja online Webwinkelkeur, s\u00e3o recolhidas automaticamente as opini\u00f5es verificadas dos clientes que efectuaram uma encomenda connosco. Pode encontr\u00e1-las atr\u00e1s do bot\u00e3o cor-de-rosa na nossa loja online ou listadas por baixo dos produtos.<\/p>\n<p>Partilhe tamb\u00e9m a sua experi\u00eancia ap\u00f3s fazer compras com a sua encomenda Cosmetic Chair Basic 202 With White Trays e com o seu processo de compra ou de contactar a Salon For All para se inspirar nos outros!<\/p>\n<h2>Contactar o Salon For All<\/h2>\n<p>Ent\u00e3o, por favor, contacte-nos. Teremos todo o gosto em ajud\u00e1-lo na compra da Cadeira de Cosm\u00e9tica Basic 202 com Tabuleiros Brancos. Nos dias \u00fateis, estamos dispon\u00edveis entre as 8h30 e as 17h00, atrav\u00e9s do n\u00famero de telefone e do endere\u00e7o de correio eletr\u00f3nico indicados no topo da loja online ou atrav\u00e9s da fun\u00e7\u00e3o de chat. Os pedidos de informa\u00e7\u00e3o fora do hor\u00e1rio de expediente s\u00e3o normalmente respondidos no prazo de 24 horas. Tamb\u00e9m \u00e9 poss\u00edvel visitar-nos fora dos dias \u00fateis ou do hor\u00e1rio de expediente. No entanto, \u00e9 necess\u00e1rio efetuar uma marca\u00e7\u00e3o pr\u00e9via.<\/p>\n<h2>Gostaria de visitar a nossa sala de exposi\u00e7\u00f5es?<\/h2>\n<p>Prefere ver o cadeir\u00e3o de cosm\u00e9tica Basic 202 com tabuleiros brancos ou consultar a nossa oferta de loja (online) juntamente com um colega? Ent\u00e3o visite o nosso showroom com mais de 1000m\u00b2 de equipamento de sal\u00e3o e deixe-se inspirar pela nossa equipa. E se quiser conhecer-nos durante uma ch\u00e1vena de caf\u00e9 ou de ch\u00e1, \u00e9 muito bem-vindo. N\u00e3o temos todos os produtos em stock, por isso, por favor, avise-nos com anteced\u00eancia que gostaria de vir. Marque sempre uma visita com anteced\u00eancia.<\/p>\n<h2>14 dias de reflex\u00e3o e a nossa pol\u00edtica de devolu\u00e7\u00e3o<\/h2>\n<p>\u00c9 claro que pode acontecer que o cadeir\u00e3o de cosm\u00e9tica Basic 202 com tabuleiros brancos entregue n\u00e3o seja totalmente do seu agrado e queira devolv\u00ea-lo. Na Salon For All, isso n\u00e3o \u00e9 problema. Deve notificar a sua devolu\u00e7\u00e3o no prazo de 14 dias \u00fateis atrav\u00e9s de info@salonforall.es. Receber\u00e1 ent\u00e3o primeiro todas as instru\u00e7\u00f5es e condi\u00e7\u00f5es de devolu\u00e7\u00e3o. A cadeira de cosm\u00e9tica Basic 202 com tabuleiros brancos n\u00e3o deve ser utilizada, deve conter todas as pe\u00e7as fornecidas e deve ser devolvida na embalagem original. Os custos de transporte de uma devolu\u00e7\u00e3o s\u00e3o sempre suportados pelo comprador nas compras efectuadas atrav\u00e9s do site www.salonforall.es. Para uma devolu\u00e7\u00e3o, deve ser o pr\u00f3prio comprador a organizar o transporte junto de uma empresa de transportes \u00e0 sua escolha. Ap\u00f3s a devolu\u00e7\u00e3o da Cadeira de Cosm\u00e9tica Basic 202 com Tabuleiros Brancos, ser\u00e1 verificada a sua integridade e eventuais danos. Uma vez aprovada a devolu\u00e7\u00e3o, o montante da compra ser\u00e1 reembolsado no prazo de 5 dias \u00fateis para a conta banc\u00e1ria que temos registada.<\/p>\n<h2>Quem \u00e9 o Salon For All?<\/h2>\n<p>A Salon For All \u00e9 o grossista de todo o equipamento para sal\u00f5es de beleza na Europa. A Salon For All come\u00e7ou em 2003 com o nome Salonvoordeel e cresceu a partir da pr\u00e1tica. Os propriet\u00e1rios da Salon For All eram cabeleireiros experientes e especialistas em beleza e t\u00eam, em conjunto, mais de 30 anos de experi\u00eancia pr\u00e1tica. Em 2003, lan\u00e7\u00e1mos o Salonvoordeel.nl (Pa\u00edses Baixos) e, posteriormente, o Salon For All foi fundado para o mercado europeu. Alguns dos nossos funcion\u00e1rios come\u00e7aram o seu pr\u00f3prio neg\u00f3cio e assim nasceu a ideia de lan\u00e7ar uma loja online funcional para cabeleireiros e para os ajudar com o seu equipamento de sal\u00e3o.<\/p>\n<p>O nosso showroom est\u00e1 situado em Dinxperlo, diretamente na fronteira entre os Pa\u00edses Baixos e a Alemanha. Com os nossos muitos anos de experi\u00eancia no sector, podemos servir-lhe de espelho e dar-lhe os conselhos certos - falamos a mesma l\u00edngua! Aconselhamo-lo, inspiramo-lo, motivamo-lo e apoiamo-lo na compra de Cadeira de cosm\u00e9tica Basic 202 com tabuleiros brancos. Os nossos fornecedores est\u00e3o localizados em toda a Europa, desde a Alemanha, Inglaterra, It\u00e1lia at\u00e9 \u00e0 Pol\u00f3nia.<\/p>","protected":false},"excerpt":{"rendered":"<p>O produto Cadeir\u00e3o de Cosm\u00e9tica Basic 202 com Tabuleiros Brancos \u00e9 uma solu\u00e7\u00e3o de alta qualidade para qualquer sal\u00e3o de beleza. O prazo de entrega estimado \u00e9 de aproximadamente 6 dias \u00fateis.<\/p>","protected":false},"featured_media":3731,"comment_status":"open","ping_status":"open","template":"","meta":[],"product_brand":[107],"product_cat":[88,89],"product_tag":[90,91],"class_list":{"0":"post-3730","1":"product","2":"type-product","3":"status-publish","4":"has-post-thumbnail","6":"product_brand-activeshop","7":"product_cat-muebles-de-cosmetica","8":"product_cat-sillas-de-cosmetica","9":"product_tag-muebles-de-cosmetica","10":"product_tag-sillas-de-cosmetica","11":"pa_codigo-ean-7759","12":"pa_garantia-12-meses","13":"pa_marca-activeshop","14":"pa_numero-de-articulo-898","15":"pa_tiempo-estimado-de-entrega-4-5-dias-laborables","17":"first","18":"instock","19":"sale","20":"taxable","21":"shipping-taxable","22":"purchasable","23":"product-type-simple"},"yoast_head":"<!-- This site is optimized with the Yoast SEO plugin v27.3 - https:\/\/yoast.com\/product\/yoast-seo-wordpress\/ -->\n<title>Sill\u00f3n Cosm\u00e9tico Basic 202 Con Bandejas Blanco comprar<\/title>\n<meta name=\"description\" content=\"Compra Sill\u00f3n Cosm\u00e9tico Basic 202 Con Bandejas Blanco online o en el showroom en Salon For ALL Espa\u00f1a. El mayorista para salones, consultas y spas en Espa\u00f1a y Portugal.\" \/>\n<meta name=\"robots\" content=\"index, follow, max-snippet:-1, max-image-preview:large, max-video-preview:-1\" \/>\n<link rel=\"canonical\" href=\"https:\/\/salonforall.es\/pt\/cadeira-de-cosmetica-basic-202-com-tabuleiros-branco\/\" \/>\n<meta property=\"og:locale\" content=\"pt_PT\" \/>\n<meta property=\"og:type\" content=\"article\" \/>\n<meta property=\"og:title\" content=\"Sill\u00f3n Cosm\u00e9tico Basic 202 Con Bandejas Blanco\" \/>\n<meta property=\"og:description\" content=\"Compra Sill\u00f3n Cosm\u00e9tico Basic 202 Con Bandejas Blanco online o en el showroom en Salon For ALL Espa\u00f1a. El mayorista para salones, consultas y spas en Espa\u00f1a y Portugal.\" \/>\n<meta property=\"og:url\" content=\"https:\/\/salonforall.es\/pt\/cadeira-de-cosmetica-basic-202-com-tabuleiros-branco\/\" \/>\n<meta property=\"og:site_name\" content=\"Salon For ALL Espa\u00f1a\" \/>\n<meta property=\"article:modified_time\" content=\"2026-03-24T15:04:49+00:00\" \/>\n<meta property=\"og:image\" content=\"https:\/\/salonforall.es\/wp-content\/uploads\/2025\/12\/Sillon-Cosmetico-Basic-202-Con-Bandejas-Blanco.jpg\" \/>\n\t<meta property=\"og:image:width\" content=\"800\" \/>\n\t<meta property=\"og:image:height\" content=\"800\" \/>\n\t<meta property=\"og:image:type\" content=\"image\/jpeg\" \/>\n<meta name=\"twitter:card\" content=\"summary_large_image\" \/>\n<meta name=\"twitter:title\" content=\"Sill\u00f3n Cosm\u00e9tico Basic 202 Con Bandejas Blanco\" \/>\n<meta name=\"twitter:label1\" content=\"Tempo estimado de leitura\" \/>\n\t<meta name=\"twitter:data1\" content=\"9 minutos\" \/>\n<script type=\"application\/ld+json\" class=\"yoast-schema-graph\">{\"@context\":\"https:\\\/\\\/schema.org\",\"@graph\":[{\"@type\":\"WebPage\",\"@id\":\"https:\\\/\\\/salonforall.es\\\/sillon-cosmetico-basic-202-con-bandejas-blanco\\\/\",\"url\":\"https:\\\/\\\/salonforall.es\\\/sillon-cosmetico-basic-202-con-bandejas-blanco\\\/\",\"name\":\"Sill\u00f3n Cosm\u00e9tico Basic 202 Con Bandejas Blanco comprar\",\"isPartOf\":{\"@id\":\"https:\\\/\\\/salonforall.es\\\/#website\"},\"primaryImageOfPage\":{\"@id\":\"https:\\\/\\\/salonforall.es\\\/sillon-cosmetico-basic-202-con-bandejas-blanco\\\/#primaryimage\"},\"image\":{\"@id\":\"https:\\\/\\\/salonforall.es\\\/sillon-cosmetico-basic-202-con-bandejas-blanco\\\/#primaryimage\"},\"thumbnailUrl\":\"https:\\\/\\\/salonforall.es\\\/wp-content\\\/uploads\\\/2025\\\/12\\\/Sillon-Cosmetico-Basic-202-Con-Bandejas-Blanco.jpg\",\"datePublished\":\"2025-12-02T10:59:49+00:00\",\"dateModified\":\"2026-03-24T15:04:49+00:00\",\"description\":\"Compra Sill\u00f3n Cosm\u00e9tico Basic 202 Con Bandejas Blanco online o en el showroom en Salon For ALL Espa\u00f1a. El mayorista para salones, consultas y spas en Espa\u00f1a y Portugal.\",\"breadcrumb\":{\"@id\":\"https:\\\/\\\/salonforall.es\\\/sillon-cosmetico-basic-202-con-bandejas-blanco\\\/#breadcrumb\"},\"inLanguage\":\"pt-PT\",\"potentialAction\":[{\"@type\":\"ReadAction\",\"target\":[\"https:\\\/\\\/salonforall.es\\\/sillon-cosmetico-basic-202-con-bandejas-blanco\\\/\"]}]},{\"@type\":\"ImageObject\",\"inLanguage\":\"pt-PT\",\"@id\":\"https:\\\/\\\/salonforall.es\\\/sillon-cosmetico-basic-202-con-bandejas-blanco\\\/#primaryimage\",\"url\":\"https:\\\/\\\/salonforall.es\\\/wp-content\\\/uploads\\\/2025\\\/12\\\/Sillon-Cosmetico-Basic-202-Con-Bandejas-Blanco.jpg\",\"contentUrl\":\"https:\\\/\\\/salonforall.es\\\/wp-content\\\/uploads\\\/2025\\\/12\\\/Sillon-Cosmetico-Basic-202-Con-Bandejas-Blanco.jpg\",\"width\":800,\"height\":800,\"caption\":\"Sill\u00f3n Cosm\u00e9tico Basic 202 Con Bandejas Blanco\"},{\"@type\":\"BreadcrumbList\",\"@id\":\"https:\\\/\\\/salonforall.es\\\/sillon-cosmetico-basic-202-con-bandejas-blanco\\\/#breadcrumb\",\"itemListElement\":[{\"@type\":\"ListItem\",\"position\":1,\"name\":\"Home\",\"item\":\"https:\\\/\\\/salonforall.es\\\/\"},{\"@type\":\"ListItem\",\"position\":2,\"name\":\"Winkel\",\"item\":\"https:\\\/\\\/salonforall.es\\\/winkel\\\/\"},{\"@type\":\"ListItem\",\"position\":3,\"name\":\"Sill\u00f3n Cosm\u00e9tico Basic 202 Con Bandejas Blanco\"}]},{\"@type\":\"WebSite\",\"@id\":\"https:\\\/\\\/salonforall.es\\\/#website\",\"url\":\"https:\\\/\\\/salonforall.es\\\/\",\"name\":\"Salon For ALL Espa\u00f1a\",\"description\":\"Mayorista de mobiliario y suministros para consultorios y salones\",\"publisher\":{\"@id\":\"https:\\\/\\\/salonforall.es\\\/#organization\"},\"potentialAction\":[{\"@type\":\"SearchAction\",\"target\":{\"@type\":\"EntryPoint\",\"urlTemplate\":\"https:\\\/\\\/salonforall.es\\\/?s={search_term_string}\"},\"query-input\":{\"@type\":\"PropertyValueSpecification\",\"valueRequired\":true,\"valueName\":\"search_term_string\"}}],\"inLanguage\":\"pt-PT\"},{\"@type\":\"Organization\",\"@id\":\"https:\\\/\\\/salonforall.es\\\/#organization\",\"name\":\"Salon For All B.V. Espa\u00f1a\",\"alternateName\":\"Salon For All B.V. Espa\u00f1a - Mayorista de equipamiento para consultas, salones y suministros\",\"url\":\"https:\\\/\\\/salonforall.es\\\/\",\"logo\":{\"@type\":\"ImageObject\",\"inLanguage\":\"pt-PT\",\"@id\":\"https:\\\/\\\/salonforall.es\\\/#\\\/schema\\\/logo\\\/image\\\/\",\"url\":\"https:\\\/\\\/salonforall.es\\\/wp-content\\\/uploads\\\/2025\\\/11\\\/logo-salon-for-all-e1764543185849.png\",\"contentUrl\":\"https:\\\/\\\/salonforall.es\\\/wp-content\\\/uploads\\\/2025\\\/11\\\/logo-salon-for-all-e1764543185849.png\",\"width\":500,\"height\":150,\"caption\":\"Salon For All B.V. Espa\u00f1a\"},\"image\":{\"@id\":\"https:\\\/\\\/salonforall.es\\\/#\\\/schema\\\/logo\\\/image\\\/\"}}]}<\/script>\n<!-- \/ Yoast SEO plugin. -->","yoast_head_json":{"title":"Cadeir\u00e3o de cosm\u00e9tica Basic 202 com tabuleiros Branco comprar","description":"Comprar Poltrona Cosm\u00e9tica Basic 202 Com Tabuleiros Brancos online ou no showroom da Salon For ALL Espanha. O grossista para sal\u00f5es, consult\u00f3rios e spas em Espanha e Portugal.","robots":{"index":"index","follow":"follow","max-snippet":"max-snippet:-1","max-image-preview":"max-image-preview:large","max-video-preview":"max-video-preview:-1"},"canonical":"https:\/\/salonforall.es\/pt\/cadeira-de-cosmetica-basic-202-com-tabuleiros-branco\/","og_locale":"pt_PT","og_type":"article","og_title":"Sill\u00f3n Cosm\u00e9tico Basic 202 Con Bandejas Blanco","og_description":"Compra Sill\u00f3n Cosm\u00e9tico Basic 202 Con Bandejas Blanco online o en el showroom en Salon For ALL Espa\u00f1a. El mayorista para salones, consultas y spas en Espa\u00f1a y Portugal.","og_url":"https:\/\/salonforall.es\/pt\/cadeira-de-cosmetica-basic-202-com-tabuleiros-branco\/","og_site_name":"Salon For ALL Espa\u00f1a","article_modified_time":"2026-03-24T15:04:49+00:00","og_image":[{"width":800,"height":800,"url":"https:\/\/salonforall.es\/wp-content\/uploads\/2025\/12\/Sillon-Cosmetico-Basic-202-Con-Bandejas-Blanco.jpg","type":"image\/jpeg"}],"twitter_card":"summary_large_image","twitter_title":"Sill\u00f3n Cosm\u00e9tico Basic 202 Con Bandejas Blanco","twitter_misc":{"Tempo estimado de leitura":"9 minutos"},"schema":{"@context":"https:\/\/schema.org","@graph":[{"@type":"WebPage","@id":"https:\/\/salonforall.es\/sillon-cosmetico-basic-202-con-bandejas-blanco\/","url":"https:\/\/salonforall.es\/sillon-cosmetico-basic-202-con-bandejas-blanco\/","name":"Cadeir\u00e3o de cosm\u00e9tica Basic 202 com tabuleiros Branco comprar","isPartOf":{"@id":"https:\/\/salonforall.es\/#website"},"primaryImageOfPage":{"@id":"https:\/\/salonforall.es\/sillon-cosmetico-basic-202-con-bandejas-blanco\/#primaryimage"},"image":{"@id":"https:\/\/salonforall.es\/sillon-cosmetico-basic-202-con-bandejas-blanco\/#primaryimage"},"thumbnailUrl":"https:\/\/salonforall.es\/wp-content\/uploads\/2025\/12\/Sillon-Cosmetico-Basic-202-Con-Bandejas-Blanco.jpg","datePublished":"2025-12-02T10:59:49+00:00","dateModified":"2026-03-24T15:04:49+00:00","description":"Comprar Poltrona Cosm\u00e9tica Basic 202 Com Tabuleiros Brancos online ou no showroom da Salon For ALL Espanha. O grossista para sal\u00f5es, consult\u00f3rios e spas em Espanha e Portugal.","breadcrumb":{"@id":"https:\/\/salonforall.es\/sillon-cosmetico-basic-202-con-bandejas-blanco\/#breadcrumb"},"inLanguage":"pt-PT","potentialAction":[{"@type":"ReadAction","target":["https:\/\/salonforall.es\/sillon-cosmetico-basic-202-con-bandejas-blanco\/"]}]},{"@type":"ImageObject","inLanguage":"pt-PT","@id":"https:\/\/salonforall.es\/sillon-cosmetico-basic-202-con-bandejas-blanco\/#primaryimage","url":"https:\/\/salonforall.es\/wp-content\/uploads\/2025\/12\/Sillon-Cosmetico-Basic-202-Con-Bandejas-Blanco.jpg","contentUrl":"https:\/\/salonforall.es\/wp-content\/uploads\/2025\/12\/Sillon-Cosmetico-Basic-202-Con-Bandejas-Blanco.jpg","width":800,"height":800,"caption":"Sill\u00f3n Cosm\u00e9tico Basic 202 Con Bandejas Blanco"},{"@type":"BreadcrumbList","@id":"https:\/\/salonforall.es\/sillon-cosmetico-basic-202-con-bandejas-blanco\/#breadcrumb","itemListElement":[{"@type":"ListItem","position":1,"name":"Home","item":"https:\/\/salonforall.es\/"},{"@type":"ListItem","position":2,"name":"Winkel","item":"https:\/\/salonforall.es\/winkel\/"},{"@type":"ListItem","position":3,"name":"Sill\u00f3n Cosm\u00e9tico Basic 202 Con Bandejas Blanco"}]},{"@type":"WebSite","@id":"https:\/\/salonforall.es\/#website","url":"https:\/\/salonforall.es\/","name":"Sal\u00e3o de beleza para toda a Espanha","description":"Grossista de mobili\u00e1rio e material para sal\u00f5es de beleza e consult\u00f3rios","publisher":{"@id":"https:\/\/salonforall.es\/#organization"},"potentialAction":[{"@type":"SearchAction","target":{"@type":"EntryPoint","urlTemplate":"https:\/\/salonforall.es\/?s={search_term_string}"},"query-input":{"@type":"PropertyValueSpecification","valueRequired":true,"valueName":"search_term_string"}}],"inLanguage":"pt-PT"},{"@type":"Organization","@id":"https:\/\/salonforall.es\/#organization","name":"Salon For All B.V. Espanha","alternateName":"Salon For All B.V. Espa\u00f1a - Mayorista de equipamiento para consultas, salones y suministros","url":"https:\/\/salonforall.es\/","logo":{"@type":"ImageObject","inLanguage":"pt-PT","@id":"https:\/\/salonforall.es\/#\/schema\/logo\/image\/","url":"https:\/\/salonforall.es\/wp-content\/uploads\/2025\/11\/logo-salon-for-all-e1764543185849.png","contentUrl":"https:\/\/salonforall.es\/wp-content\/uploads\/2025\/11\/logo-salon-for-all-e1764543185849.png","width":500,"height":150,"caption":"Salon For All B.V. Espa\u00f1a"},"image":{"@id":"https:\/\/salonforall.es\/#\/schema\/logo\/image\/"}}]}},"_links":{"self":[{"href":"https:\/\/salonforall.es\/pt\/wp-json\/wp\/v2\/product\/3730","targetHints":{"allow":["GET"]}}],"collection":[{"href":"https:\/\/salonforall.es\/pt\/wp-json\/wp\/v2\/product"}],"about":[{"href":"https:\/\/salonforall.es\/pt\/wp-json\/wp\/v2\/types\/product"}],"replies":[{"embeddable":true,"href":"https:\/\/salonforall.es\/pt\/wp-json\/wp\/v2\/comments?post=3730"}],"wp:featuredmedia":[{"embeddable":true,"href":"https:\/\/salonforall.es\/pt\/wp-json\/wp\/v2\/media\/3731"}],"wp:attachment":[{"href":"https:\/\/salonforall.es\/pt\/wp-json\/wp\/v2\/media?parent=3730"}],"wp:term":[{"taxonomy":"product_brand","embeddable":true,"href":"https:\/\/salonforall.es\/pt\/wp-json\/wp\/v2\/product_brand?post=3730"},{"taxonomy":"product_cat","embeddable":true,"href":"https:\/\/salonforall.es\/pt\/wp-json\/wp\/v2\/product_cat?post=3730"},{"taxonomy":"product_tag","embeddable":true,"href":"https:\/\/salonforall.es\/pt\/wp-json\/wp\/v2\/product_tag?post=3730"}],"curies":[{"name":"wp","href":"https:\/\/api.w.org\/{rel}","templated":true}]}}