{"id":3700,"date":"2025-12-02T11:58:42","date_gmt":"2025-12-02T10:58:42","guid":{"rendered":"https:\/\/salonforall.es\/product\/anillo-de-luz-led-negro-de-18-y-48w-tripode\/"},"modified":"2026-03-24T16:04:47","modified_gmt":"2026-03-24T15:04:47","slug":"anel-luminoso-preto-18w-e-48w-tripe","status":"publish","type":"product","link":"https:\/\/salonforall.es\/pt\/anillo-de-luz-led-negro-de-18-y-48w-tripode\/","title":{"rendered":"Anel luminoso LED preto de 18\u2033 48W + Trip\u00e9"},"content":{"rendered":"<h2>Informa\u00e7\u00f5es sobre o Anel luminoso LED preto de 18\u2033 48W + Trip\u00e9 com o n\u00famero de item 119781<\/h2>\n<div>\n<div>\n<div>\n<div>\n<div>\n<div>O anel luminoso LED \u00e9 ideal para fotografia de rosto, pequenos objectos e macrofotografia. \u00c9 perfeita para maquilhagem, indispens\u00e1vel em qualquer sanat\u00f3rio de cosm\u00e9tica. A l\u00e2mpada garante um funcionamento sem problemas a longo prazo e uma excelente reprodu\u00e7\u00e3o de cores. <\/div>\n<div>A instala\u00e7\u00e3o f\u00e1cil num trip\u00e9 met\u00e1lico est\u00e1vel garante um trabalho extremamente confort\u00e1vel com a l\u00e2mpada. A forma do c\u00edrculo significa que o objeto fotografado \u00e9 iluminado uniformemente de todos os lados e n\u00e3o \u00e9 necess\u00e1rio recorrer a outras fontes de luz. <\/div>\n<div> <\/div>\n<\/div>\n<\/div><\/div>\n<div> dados t\u00e9cnicos: <\/div>\n<div> - pot\u00eancia: 48w <\/div>\n<div> - temperatura de cor: 5500k <\/div>\n<div> - regula\u00e7\u00e3o da intensidade da luz <\/div>\n<div> - regula\u00e7\u00e3o da cor da luz <\/div>\n<div> - suporte para telem\u00f3vel <\/div>\n<div> - di\u00e2metro 18 \u00ab<br \/> - peso: 3,5 kg <br \/> - suporte ajust\u00e1vel do bra\u00e7o do trip\u00e9 <br \/> - garantia: 12 meses <\/div>\n<div> kit: <\/div>\n<div> - l\u00e2mpada led 480 <\/div>\n<div> - suporte para telem\u00f3vel <br \/> - trip\u00e9 ajust\u00e1vel altura m\u00e1xima 185cm <br \/> - saco para transporte da l\u00e2mpada <\/div>\n<div> - difusor incorporado <\/div><\/div><\/div>\n<p>Os produtos da Activeshop s\u00e3o proporcionalmente mais baratos do que os de muitas outras marcas\/fornecedores. O pre\u00e7o est\u00e1 em rela\u00e7\u00e3o com a qualidade. O Anel de Luz LED Preto de 18\u2033 48W + Trip\u00e9 \u00e9, portanto, uma solu\u00e7\u00e3o acess\u00edvel para o seu sal\u00e3o.<\/p>\n<h2>Como \u00e9 entregue o anel luminoso LED preto de 18\u2033 48W + trip\u00e9?<\/h2>\n<p>Anillo De Luz Led Negro De 18\u2033 Y 48W + Tr\u00edpode \u00e9 entregue na(s) embalagem(ns) original(ais). Dentro de Espanha, o envio de Anillo De Luz Led Negro De 18\u2033 Y 48W + Tr\u00edpode \u00e9 totalmente gratuito para encomendas superiores a 100,- euros. Para envios para outros pa\u00edses aplicam-se taxas de envio separadas. Voc\u00ea pode verificar essas taxas conosco ou visualiz\u00e1-las no carrinho de compras. O Anel de Luz Led Preto 18\u2033 Y 48W + Trip\u00e9 \u00e9 enviado atrav\u00e9s de um servi\u00e7o de correio externo.<\/p>\n<p>As encomendas ou paletes s\u00e3o entregues, por norma, at\u00e9 \u00e0 soleira da porta da frente, mesmo que se encontre num edif\u00edcio coletivo, num edif\u00edcio de apartamentos ou num complexo de apartamentos com elevador (desde que o artigo caiba no elevador). N\u00e3o h\u00e1 elevador dispon\u00edvel ou o artigo n\u00e3o cabe no elevador? Ent\u00e3o entregamos at\u00e9 \u00e0 soleira do r\u00e9s do ch\u00e3o.<\/p>\n<p>Se ainda tem d\u00favidas sobre a entrega ou uma situa\u00e7\u00e3o especial, contacte-nos e teremos todo o gosto em ajud\u00e1-lo!<\/p>\n<p>*Os artigos n\u00e3o s\u00e3o desempacotados ou montados como padr\u00e3o. Em situa\u00e7\u00f5es especiais, pode contactar-nos para combinarmos as condi\u00e7\u00f5es.<\/p>\n<h2>Compras online seguras na Salon For All com o selo de qualidade Webwinkelkeur e encripta\u00e7\u00e3o SSL.<\/h2>\n<p>\u00c9 importante para n\u00f3s que os nossos clientes possam fazer compras com seguran\u00e7a na nossa loja online. Estamos afiliados ao selo de qualidade nacional Webwinkelkeur desde 2019. A nossa identidade foi verificada e verificada por eles, e a loja online foi verificada e legalmente aprovada. Al\u00e9m disso, a nossa loja online \u00e9 afiliada a eles para media\u00e7\u00e3o de conflitos. Pode ver o log\u00f3tipo com todas as informa\u00e7\u00f5es deste selo de qualidade da loja online no lado esquerdo ou direito da loja online (bot\u00e3o rosa com branco). Al\u00e9m disso, o nosso s\u00edtio est\u00e1 protegido por um certificado SSL para que possa navegar em seguran\u00e7a connosco. Na barra do seu navegador de Internet, onde aparece o nosso s\u00edtio Web, ver\u00e1 um \u00edcone de cadeado. Se clicar no cadeado, obter\u00e1 todas as informa\u00e7\u00f5es sobre a nossa seguran\u00e7a. Desta forma, sabe que a sua encomenda de Anel de Luz Led Preto de 18\u2033 48W + Trip\u00e9 e os seus dados pessoais s\u00e3o processados de forma segura.<\/p>\n<h2>Como posso pagar o anel luminoso LED preto de 18\u2033 48W + trip\u00e9?<\/h2>\n<p>Queremos tornar as coisas o mais f\u00e1ceis poss\u00edvel para si. \u00c9 por isso que na Salon For All pode pagar com todos os m\u00e9todos de pagamento populares. Pagar antecipadamente, na entrega ou depois - tudo \u00e9 poss\u00edvel. Veja aqui todos os m\u00e9todos de pagamento que oferecemos:<\/p>\n<ul>\n<li>iDEAL<\/li>\n<li>Cart\u00e3o de cr\u00e9dito (Visa, Mastercard, American Express)<\/li>\n<li>Klarna - Pagamento na entrega com fatura<\/li>\n<li>PayPal<\/li>\n<li>Apple Pay<\/li>\n<li>Google Pay<\/li>\n<li>Bizum (para clientes espanh\u00f3is)<\/li>\n<li>Transfer\u00eancia banc\u00e1ria SEPA<\/li>\n<li>Contacto com o banco<\/li>\n<li>Fatura comercial para empresas<\/li>\n<li>Pagamento na sala de exposi\u00e7\u00f5es - Cart\u00e3o e dinheiro (apenas dispon\u00edvel \u00e0 cobran\u00e7a)<\/li>\n<\/ul>\n<h2>Veja tamb\u00e9m as opini\u00f5es de Salon For All<\/h2>\n<p>Por favor, verifique tamb\u00e9m nossas avalia\u00e7\u00f5es para levar em considera\u00e7\u00e3o as experi\u00eancias de nossos clientes atuais em sua decis\u00e3o de solicitar o anel de luz LED de 18 \u2033 preto 48W + trip\u00e9 conosco. Atrav\u00e9s do nosso selo de qualidade de loja online independente Webwinkelkeur, as avalia\u00e7\u00f5es verificadas s\u00e3o recolhidas automaticamente dos clientes que conclu\u00edram uma encomenda connosco. Voc\u00ea pode encontr\u00e1-los atr\u00e1s do bot\u00e3o rosa em nossa loja online ou eles est\u00e3o listados abaixo dos produtos.<\/p>\n<p>Por favor, partilhe tamb\u00e9m a sua experi\u00eancia depois de fazer compras com a sua encomenda e a sua experi\u00eancia com o processo de compra ou com o contacto com a Salon For All para inspirar outros!<\/p>\n<h2>Contactar o Salon For All<\/h2>\n<p>Entre em contato conosco ent\u00e3o. Teremos o maior prazer em ajud\u00e1-lo com a compra de 18 \u2033 Black Led Ring Light 48W + Trip\u00e9. Nos dias \u00fateis, estamos mais dispon\u00edveis entre as 8h30 e as 17h00 atrav\u00e9s do n\u00famero de telefone e endere\u00e7o de e-mail no topo da loja online ou atrav\u00e9s da fun\u00e7\u00e3o de chat. Os pedidos de informa\u00e7\u00e3o fora do hor\u00e1rio de expediente s\u00e3o normalmente respondidos no prazo de 24 horas. Tamb\u00e9m \u00e9 poss\u00edvel visitar-nos fora dos dias \u00fateis ou do hor\u00e1rio de expediente. No entanto, \u00e9 necess\u00e1rio efetuar uma marca\u00e7\u00e3o pr\u00e9via.<\/p>\n<h2>Gostaria de visitar a nossa sala de exposi\u00e7\u00f5es?<\/h2>\n<p>Prefere ver o Anel de Luz LED Preto de 18\u2033 + 48W + Trip\u00e9 ou navegar pela nossa oferta de loja (online) juntamente com o nosso colega? Ent\u00e3o visite o nosso showroom com mais de 1000m\u00b2 de equipamento de showroom e deixe-se inspirar pelos nossos colaboradores. Al\u00e9m disso, se gosta de nos conhecer agradavelmente com uma ch\u00e1vena de caf\u00e9 ou ch\u00e1, \u00e9 muito bem-vindo. N\u00e3o temos todos os produtos em stock, por isso, por favor, avise-nos com anteced\u00eancia que gostaria de vir. Marque sempre uma visita com anteced\u00eancia.<\/p>\n<h2>14 dias de reflex\u00e3o e a nossa pol\u00edtica de devolu\u00e7\u00e3o<\/h2>\n<p>Claro que pode acontecer que o anel de luz LED preto de 18 \u2033 48W + trip\u00e9 entregue n\u00e3o seja totalmente do seu agrado e voc\u00ea queira devolv\u00ea-lo. Isso n\u00e3o \u00e9 problema no Salon For All. Voc\u00ea deve notificar sua devolu\u00e7\u00e3o dentro de 14 dias \u00fateis via info@salonforall.es. Em seguida, voc\u00ea receber\u00e1 primeiro as instru\u00e7\u00f5es e condi\u00e7\u00f5es completas de devolu\u00e7\u00e3o. Observe que o anel de luz LED preto de 18 \u2033 + 48W + trip\u00e9 n\u00e3o deve ser usado, deve conter todas as pe\u00e7as fornecidas e ser devolvido na embalagem original. Os custos de envio para uma devolu\u00e7\u00e3o s\u00e3o sempre por conta do comprador em compras atrav\u00e9s de www.salonforall.es. Voc\u00ea mesmo deve providenciar o transporte com uma transportadora de sua escolha para uma devolu\u00e7\u00e3o. Uma vez que o Anel de Luz Led Preto de 18 \u2033 + 48W + Trip\u00e9 tenha sido devolvido, ele ser\u00e1 verificado quanto \u00e0 integridade e poss\u00edveis danos. Uma vez aprovada a devolu\u00e7\u00e3o, o valor da compra ser\u00e1 reembolsado no prazo de 5 dias \u00fateis para a conta banc\u00e1ria que temos em registo.<\/p>\n<h2>Quem \u00e9 o Salon For All?<\/h2>\n<p>A Salon For All \u00e9 o grossista de todo o equipamento para sal\u00f5es de beleza na Europa. A Salon For All come\u00e7ou em 2003 com o nome Salonvoordeel e cresceu a partir da pr\u00e1tica. Os propriet\u00e1rios da Salon For All eram cabeleireiros experientes e especialistas em beleza e t\u00eam, em conjunto, mais de 30 anos de experi\u00eancia pr\u00e1tica. Em 2003, lan\u00e7\u00e1mos o Salonvoordeel.nl (Pa\u00edses Baixos) e, posteriormente, o Salon For All foi fundado para o mercado europeu. Alguns dos nossos funcion\u00e1rios come\u00e7aram o seu pr\u00f3prio neg\u00f3cio e assim nasceu a ideia de lan\u00e7ar uma loja online funcional para cabeleireiros e para os ajudar com o seu equipamento de sal\u00e3o.<\/p>\n<p>O nosso showroom est\u00e1 situado em Dinxperlo, diretamente na fronteira entre os Pa\u00edses Baixos e a Alemanha. Com a nossa vasta experi\u00eancia no sector, podemos servi-lo como um espelho e fornecer-lhe os conselhos certos - falamos a mesma l\u00edngua! Aconselhamos, inspiramos, motivamos e ajudamos na compra de 18 \u2033 Black LED Ring Light 48W + Trip\u00e9. Os nossos fornecedores est\u00e3o localizados em toda a Europa, desde a Alemanha, Inglaterra, It\u00e1lia at\u00e9 \u00e0 Pol\u00f3nia.<\/p>","protected":false},"excerpt":{"rendered":"<p>O produto Anel de Luz Led Preto 18\u2033 e 48W + Trip\u00e9 \u00e9 uma solu\u00e7\u00e3o de alta qualidade para qualquer sala de estar. O prazo de entrega estimado \u00e9 de aproximadamente 6 dias \u00fateis.<\/p>","protected":false},"featured_media":3701,"comment_status":"open","ping_status":"open","template":"","meta":[],"product_brand":[107],"product_cat":[886,887],"product_tag":[888,889],"class_list":{"0":"post-3700","1":"product","2":"type-product","3":"status-publish","4":"has-post-thumbnail","6":"product_brand-activeshop","7":"product_cat-equipos-para-estudios-de-tatuajes","8":"product_cat-iluminacion-para-tatuajes","9":"product_tag-equipos-para-estudios-de-tatuajes","10":"product_tag-iluminacion-para-tatuajes","11":"pa_codigo-ean-7759","12":"pa_garantia-12-meses","13":"pa_marca-activeshop","14":"pa_numero-de-articulo-884","15":"pa_tiempo-estimado-de-entrega-4-5-dias-laborables","17":"first","18":"instock","19":"sale","20":"taxable","21":"shipping-taxable","22":"purchasable","23":"product-type-simple"},"yoast_head":"<!-- This site is optimized with the Yoast SEO plugin v27.6 - https:\/\/yoast.com\/product\/yoast-seo-wordpress\/ -->\n<title>Anillo De Luz Led Negro De 18&quot; Y 48W + Tr\u00edpode comprar<\/title>\n<meta name=\"description\" content=\"Compra Anillo De Luz Led Negro De 18&quot; Y 48W + Tr\u00edpode online o en el showroom en Salon For ALL Espa\u00f1a. El mayorista para salones, consultas y spas en Espa\u00f1a y Portugal.\" \/>\n<meta name=\"robots\" content=\"index, follow, max-snippet:-1, max-image-preview:large, max-video-preview:-1\" \/>\n<link rel=\"canonical\" href=\"https:\/\/salonforall.es\/pt\/anel-luminoso-preto-18w-e-48w-tripe\/\" \/>\n<meta property=\"og:locale\" content=\"pt_PT\" \/>\n<meta property=\"og:type\" content=\"article\" \/>\n<meta property=\"og:title\" content=\"Anillo De Luz Led Negro De 18&quot; Y 48W + Tr\u00edpode\" \/>\n<meta property=\"og:description\" content=\"Compra Anillo De Luz Led Negro De 18&quot; Y 48W + Tr\u00edpode online o en el showroom en Salon For ALL Espa\u00f1a. El mayorista para salones, consultas y spas en Espa\u00f1a y Portugal.\" \/>\n<meta property=\"og:url\" content=\"https:\/\/salonforall.es\/pt\/anel-luminoso-preto-18w-e-48w-tripe\/\" \/>\n<meta property=\"og:site_name\" content=\"Salon For ALL Espa\u00f1a\" \/>\n<meta property=\"article:modified_time\" content=\"2026-03-24T15:04:47+00:00\" \/>\n<meta property=\"og:image\" content=\"https:\/\/salonforall.es\/wp-content\/uploads\/2025\/12\/Anillo-De-Luz-Led-Negro-De-18-Y-48W-Tripode.jpg\" \/>\n\t<meta property=\"og:image:width\" content=\"800\" \/>\n\t<meta property=\"og:image:height\" content=\"800\" \/>\n\t<meta property=\"og:image:type\" content=\"image\/jpeg\" \/>\n<meta name=\"twitter:card\" content=\"summary_large_image\" \/>\n<meta name=\"twitter:title\" content=\"Anillo De Luz Led Negro De 18&quot; Y 48W + Tr\u00edpode\" \/>\n<meta name=\"twitter:label1\" content=\"Tempo estimado de leitura\" \/>\n\t<meta name=\"twitter:data1\" content=\"7 minutos\" \/>\n<script type=\"application\/ld+json\" class=\"yoast-schema-graph\">{\"@context\":\"https:\\\/\\\/schema.org\",\"@graph\":[{\"@type\":\"WebPage\",\"@id\":\"https:\\\/\\\/salonforall.es\\\/anillo-de-luz-led-negro-de-18-y-48w-tripode\\\/\",\"url\":\"https:\\\/\\\/salonforall.es\\\/anillo-de-luz-led-negro-de-18-y-48w-tripode\\\/\",\"name\":\"Anillo De Luz Led Negro De 18\\\" Y 48W + Tr\u00edpode comprar\",\"isPartOf\":{\"@id\":\"https:\\\/\\\/salonforall.es\\\/#website\"},\"primaryImageOfPage\":{\"@id\":\"https:\\\/\\\/salonforall.es\\\/anillo-de-luz-led-negro-de-18-y-48w-tripode\\\/#primaryimage\"},\"image\":{\"@id\":\"https:\\\/\\\/salonforall.es\\\/anillo-de-luz-led-negro-de-18-y-48w-tripode\\\/#primaryimage\"},\"thumbnailUrl\":\"https:\\\/\\\/salonforall.es\\\/wp-content\\\/uploads\\\/2025\\\/12\\\/Anillo-De-Luz-Led-Negro-De-18-Y-48W-Tripode.jpg\",\"datePublished\":\"2025-12-02T10:58:42+00:00\",\"dateModified\":\"2026-03-24T15:04:47+00:00\",\"description\":\"Compra Anillo De Luz Led Negro De 18\\\" Y 48W + Tr\u00edpode online o en el showroom en Salon For ALL Espa\u00f1a. El mayorista para salones, consultas y spas en Espa\u00f1a y Portugal.\",\"breadcrumb\":{\"@id\":\"https:\\\/\\\/salonforall.es\\\/anillo-de-luz-led-negro-de-18-y-48w-tripode\\\/#breadcrumb\"},\"inLanguage\":\"pt-PT\",\"potentialAction\":[{\"@type\":\"ReadAction\",\"target\":[\"https:\\\/\\\/salonforall.es\\\/anillo-de-luz-led-negro-de-18-y-48w-tripode\\\/\"]}]},{\"@type\":\"ImageObject\",\"inLanguage\":\"pt-PT\",\"@id\":\"https:\\\/\\\/salonforall.es\\\/anillo-de-luz-led-negro-de-18-y-48w-tripode\\\/#primaryimage\",\"url\":\"https:\\\/\\\/salonforall.es\\\/wp-content\\\/uploads\\\/2025\\\/12\\\/Anillo-De-Luz-Led-Negro-De-18-Y-48W-Tripode.jpg\",\"contentUrl\":\"https:\\\/\\\/salonforall.es\\\/wp-content\\\/uploads\\\/2025\\\/12\\\/Anillo-De-Luz-Led-Negro-De-18-Y-48W-Tripode.jpg\",\"width\":800,\"height\":800,\"caption\":\"Anillo De Luz Led Negro De 18\\\" Y 48W + Tr\u00edpode\"},{\"@type\":\"BreadcrumbList\",\"@id\":\"https:\\\/\\\/salonforall.es\\\/anillo-de-luz-led-negro-de-18-y-48w-tripode\\\/#breadcrumb\",\"itemListElement\":[{\"@type\":\"ListItem\",\"position\":1,\"name\":\"Home\",\"item\":\"https:\\\/\\\/salonforall.es\\\/\"},{\"@type\":\"ListItem\",\"position\":2,\"name\":\"Winkel\",\"item\":\"https:\\\/\\\/salonforall.es\\\/winkel\\\/\"},{\"@type\":\"ListItem\",\"position\":3,\"name\":\"Anillo De Luz Led Negro De 18&#8243; Y 48W + Tr\u00edpode\"}]},{\"@type\":\"WebSite\",\"@id\":\"https:\\\/\\\/salonforall.es\\\/#website\",\"url\":\"https:\\\/\\\/salonforall.es\\\/\",\"name\":\"Salon For ALL Espa\u00f1a\",\"description\":\"Mayorista de mobiliario y suministros para consultorios y salones\",\"publisher\":{\"@id\":\"https:\\\/\\\/salonforall.es\\\/#organization\"},\"potentialAction\":[{\"@type\":\"SearchAction\",\"target\":{\"@type\":\"EntryPoint\",\"urlTemplate\":\"https:\\\/\\\/salonforall.es\\\/?s={search_term_string}\"},\"query-input\":{\"@type\":\"PropertyValueSpecification\",\"valueRequired\":true,\"valueName\":\"search_term_string\"}}],\"inLanguage\":\"pt-PT\"},{\"@type\":\"Organization\",\"@id\":\"https:\\\/\\\/salonforall.es\\\/#organization\",\"name\":\"Salon For All B.V. Espa\u00f1a\",\"alternateName\":\"Salon For All B.V. Espa\u00f1a - Mayorista de equipamiento para consultas, salones y suministros\",\"url\":\"https:\\\/\\\/salonforall.es\\\/\",\"logo\":{\"@type\":\"ImageObject\",\"inLanguage\":\"pt-PT\",\"@id\":\"https:\\\/\\\/salonforall.es\\\/#\\\/schema\\\/logo\\\/image\\\/\",\"url\":\"https:\\\/\\\/salonforall.es\\\/wp-content\\\/uploads\\\/2025\\\/11\\\/logo-salon-for-all-e1764543185849.png\",\"contentUrl\":\"https:\\\/\\\/salonforall.es\\\/wp-content\\\/uploads\\\/2025\\\/11\\\/logo-salon-for-all-e1764543185849.png\",\"width\":500,\"height\":150,\"caption\":\"Salon For All B.V. Espa\u00f1a\"},\"image\":{\"@id\":\"https:\\\/\\\/salonforall.es\\\/#\\\/schema\\\/logo\\\/image\\\/\"}}]}<\/script>\n<!-- \/ Yoast SEO plugin. -->","yoast_head_json":{"title":"Anel de luz LED preto de 18\" 48W + compra de trip\u00e9","description":"Comprar Anel de Luz Led Preto de 18\" 48W + 48W + Trip\u00e9 online ou no showroom da Salon For ALL Spain. O grossista para sal\u00f5es, consult\u00f3rios e spas em Espanha e Portugal.","robots":{"index":"index","follow":"follow","max-snippet":"max-snippet:-1","max-image-preview":"max-image-preview:large","max-video-preview":"max-video-preview:-1"},"canonical":"https:\/\/salonforall.es\/pt\/anel-luminoso-preto-18w-e-48w-tripe\/","og_locale":"pt_PT","og_type":"article","og_title":"Anillo De Luz Led Negro De 18\" Y 48W + Tr\u00edpode","og_description":"Compra Anillo De Luz Led Negro De 18\" Y 48W + Tr\u00edpode online o en el showroom en Salon For ALL Espa\u00f1a. El mayorista para salones, consultas y spas en Espa\u00f1a y Portugal.","og_url":"https:\/\/salonforall.es\/pt\/anel-luminoso-preto-18w-e-48w-tripe\/","og_site_name":"Salon For ALL Espa\u00f1a","article_modified_time":"2026-03-24T15:04:47+00:00","og_image":[{"width":800,"height":800,"url":"https:\/\/salonforall.es\/wp-content\/uploads\/2025\/12\/Anillo-De-Luz-Led-Negro-De-18-Y-48W-Tripode.jpg","type":"image\/jpeg"}],"twitter_card":"summary_large_image","twitter_title":"Anillo De Luz Led Negro De 18\" Y 48W + Tr\u00edpode","twitter_misc":{"Tempo estimado de leitura":"7 minutos"},"schema":{"@context":"https:\/\/schema.org","@graph":[{"@type":"WebPage","@id":"https:\/\/salonforall.es\/anillo-de-luz-led-negro-de-18-y-48w-tripode\/","url":"https:\/\/salonforall.es\/anillo-de-luz-led-negro-de-18-y-48w-tripode\/","name":"Anel de luz LED preto de 18\" 48W + compra de trip\u00e9","isPartOf":{"@id":"https:\/\/salonforall.es\/#website"},"primaryImageOfPage":{"@id":"https:\/\/salonforall.es\/anillo-de-luz-led-negro-de-18-y-48w-tripode\/#primaryimage"},"image":{"@id":"https:\/\/salonforall.es\/anillo-de-luz-led-negro-de-18-y-48w-tripode\/#primaryimage"},"thumbnailUrl":"https:\/\/salonforall.es\/wp-content\/uploads\/2025\/12\/Anillo-De-Luz-Led-Negro-De-18-Y-48W-Tripode.jpg","datePublished":"2025-12-02T10:58:42+00:00","dateModified":"2026-03-24T15:04:47+00:00","description":"Comprar Anel de Luz Led Preto de 18\" 48W + 48W + Trip\u00e9 online ou no showroom da Salon For ALL Spain. O grossista para sal\u00f5es, consult\u00f3rios e spas em Espanha e Portugal.","breadcrumb":{"@id":"https:\/\/salonforall.es\/anillo-de-luz-led-negro-de-18-y-48w-tripode\/#breadcrumb"},"inLanguage":"pt-PT","potentialAction":[{"@type":"ReadAction","target":["https:\/\/salonforall.es\/anillo-de-luz-led-negro-de-18-y-48w-tripode\/"]}]},{"@type":"ImageObject","inLanguage":"pt-PT","@id":"https:\/\/salonforall.es\/anillo-de-luz-led-negro-de-18-y-48w-tripode\/#primaryimage","url":"https:\/\/salonforall.es\/wp-content\/uploads\/2025\/12\/Anillo-De-Luz-Led-Negro-De-18-Y-48W-Tripode.jpg","contentUrl":"https:\/\/salonforall.es\/wp-content\/uploads\/2025\/12\/Anillo-De-Luz-Led-Negro-De-18-Y-48W-Tripode.jpg","width":800,"height":800,"caption":"Anillo De Luz Led Negro De 18\" Y 48W + Tr\u00edpode"},{"@type":"BreadcrumbList","@id":"https:\/\/salonforall.es\/anillo-de-luz-led-negro-de-18-y-48w-tripode\/#breadcrumb","itemListElement":[{"@type":"ListItem","position":1,"name":"Home","item":"https:\/\/salonforall.es\/"},{"@type":"ListItem","position":2,"name":"Winkel","item":"https:\/\/salonforall.es\/winkel\/"},{"@type":"ListItem","position":3,"name":"Anillo De Luz Led Negro De 18&#8243; Y 48W + Tr\u00edpode"}]},{"@type":"WebSite","@id":"https:\/\/salonforall.es\/#website","url":"https:\/\/salonforall.es\/","name":"Sal\u00e3o de beleza para toda a Espanha","description":"Grossista de mobili\u00e1rio e material para sal\u00f5es de beleza e consult\u00f3rios","publisher":{"@id":"https:\/\/salonforall.es\/#organization"},"potentialAction":[{"@type":"SearchAction","target":{"@type":"EntryPoint","urlTemplate":"https:\/\/salonforall.es\/?s={search_term_string}"},"query-input":{"@type":"PropertyValueSpecification","valueRequired":true,"valueName":"search_term_string"}}],"inLanguage":"pt-PT"},{"@type":"Organization","@id":"https:\/\/salonforall.es\/#organization","name":"Salon For All B.V. Espanha","alternateName":"Salon For All B.V. Espa\u00f1a - Mayorista de equipamiento para consultas, salones y suministros","url":"https:\/\/salonforall.es\/","logo":{"@type":"ImageObject","inLanguage":"pt-PT","@id":"https:\/\/salonforall.es\/#\/schema\/logo\/image\/","url":"https:\/\/salonforall.es\/wp-content\/uploads\/2025\/11\/logo-salon-for-all-e1764543185849.png","contentUrl":"https:\/\/salonforall.es\/wp-content\/uploads\/2025\/11\/logo-salon-for-all-e1764543185849.png","width":500,"height":150,"caption":"Salon For All B.V. Espa\u00f1a"},"image":{"@id":"https:\/\/salonforall.es\/#\/schema\/logo\/image\/"}}]}},"_links":{"self":[{"href":"https:\/\/salonforall.es\/pt\/wp-json\/wp\/v2\/product\/3700","targetHints":{"allow":["GET"]}}],"collection":[{"href":"https:\/\/salonforall.es\/pt\/wp-json\/wp\/v2\/product"}],"about":[{"href":"https:\/\/salonforall.es\/pt\/wp-json\/wp\/v2\/types\/product"}],"replies":[{"embeddable":true,"href":"https:\/\/salonforall.es\/pt\/wp-json\/wp\/v2\/comments?post=3700"}],"wp:featuredmedia":[{"embeddable":true,"href":"https:\/\/salonforall.es\/pt\/wp-json\/wp\/v2\/media\/3701"}],"wp:attachment":[{"href":"https:\/\/salonforall.es\/pt\/wp-json\/wp\/v2\/media?parent=3700"}],"wp:term":[{"taxonomy":"product_brand","embeddable":true,"href":"https:\/\/salonforall.es\/pt\/wp-json\/wp\/v2\/product_brand?post=3700"},{"taxonomy":"product_cat","embeddable":true,"href":"https:\/\/salonforall.es\/pt\/wp-json\/wp\/v2\/product_cat?post=3700"},{"taxonomy":"product_tag","embeddable":true,"href":"https:\/\/salonforall.es\/pt\/wp-json\/wp\/v2\/product_tag?post=3700"}],"curies":[{"name":"wp","href":"https:\/\/api.w.org\/{rel}","templated":true}]}}