{"id":3642,"date":"2025-12-02T11:58:42","date_gmt":"2025-12-02T10:58:42","guid":{"rendered":"https:\/\/salonforall.es\/product\/sillon-cosmetico-electrico-azzurro-869as-pedi-5-motor-rotary-gris\/"},"modified":"2026-03-24T16:04:32","modified_gmt":"2026-03-24T15:04:32","slug":"cadeira-de-cosmetica-electrica-azzurro-869as-pedi-5-motor-rotativo-cinzento","status":"publish","type":"product","link":"https:\/\/salonforall.es\/pt\/sillon-cosmetico-electrico-azzurro-869as-pedi-5-motor-rotary-gris\/","title":{"rendered":"Cadeira de Cosm\u00e9tica El\u00e9ctrica Azzurro 869As Pedi 5 Motor Rotary Cinzento"},"content":{"rendered":"<h2>Informa\u00e7\u00f5es sobre Azzurro Electric Cosmetic Chair 869As Pedi 5 Rotary Motor Grey com o n\u00famero de artigo 118764<\/h2>\n<p>Cadeira de cosm\u00e9tica el\u00e9ctrica, ideal para sal\u00f5es de beleza e spas. Gra\u00e7as aos seus motores independentes, o assento pode ser ajustado em 5 posi\u00e7\u00f5es atrav\u00e9s de um controlo remoto, permitindo tratamentos faciais e corporais. A cadeira tem uma solu\u00e7\u00e3o inovadora que permite rodar o assento 180 graus no seu eixo. Com o controlo remoto, podemos regular a altura da cadeira, a inclina\u00e7\u00e3o do encosto e dos apoios para os p\u00e9s, e colocar a cadeira em posi\u00e7\u00e3o de ber\u00e7o. <\/p><\/div>\n<div> <\/div>\n<div>Garantia: 2 anos <\/div>\n<div> <\/div>\n<div>\n<div>\n<div> dados t\u00e9cnicos: <\/div>\n<div> altura m\u00edn. 60cm <\/div>\n<div> altura m\u00e1x. 100cm <\/div>\n<div> largura do assento 61cm <\/div>\n<div> largura da poltrona com apoios de bra\u00e7os 88cm <\/div>\n<div> comprimento da poltrona 180cm <\/div>\n<div> peso da cadeira 80kg <\/div>\n<div> capacidade de eleva\u00e7\u00e3o 140kg <\/div>\n<div>\n<div> dimens\u00f5es da embalagem 141x65x70cm <\/div><\/div><\/div><\/div><\/div>\n<p>Os produtos da Activeshop s\u00e3o proporcionalmente mais baratos do que os de muitas outras marcas\/fornecedores. O pre\u00e7o est\u00e1 em rela\u00e7\u00e3o com a qualidade. A Cadeira de Cosm\u00e9tica El\u00e9ctrica Azzurro 869As Pedi 5 Motor Rotary Grey \u00e9, portanto, uma solu\u00e7\u00e3o acess\u00edvel para o seu sal\u00e3o.<\/p>\n<h2>Como \u00e9 entregue a Cadeira de Cosm\u00e9tica El\u00e9ctrica Azzurro 869As Pedi 5 Motor Rotary Cinzento?<\/h2>\n<p>Poltrona Cosm\u00e9tica El\u00e9ctrica Azzurro 869As Pedi 5 Motor Rotary Cinzento \u00e9 entregue na(s) embalagem(ns) de origem. Em Espanha, o envio de Azzurro Electric Cosmetic Chair 869As Pedi 5 Motor Rotary Grey \u00e9 totalmente gratuito para encomendas superiores a 100,- Euro. Para envios para outros pa\u00edses, aplicam-se taxas de envio separadas. Pode verificar estas taxas connosco ou v\u00ea-las no carrinho de compras. A cadeira de cosm\u00e9tica el\u00e9ctrica Azzurro 869As Pedi 5 Motor Rotary Grey \u00e9 enviada atrav\u00e9s de um servi\u00e7o de correio externo.<\/p>\n<p>As encomendas ou paletes s\u00e3o entregues, por norma, at\u00e9 \u00e0 soleira da porta da frente, mesmo que se encontre num edif\u00edcio coletivo, num edif\u00edcio de apartamentos ou num complexo de apartamentos com elevador (desde que o artigo caiba no elevador). N\u00e3o h\u00e1 elevador dispon\u00edvel ou o artigo n\u00e3o cabe no elevador? Ent\u00e3o entregamos at\u00e9 \u00e0 soleira do r\u00e9s do ch\u00e3o.<\/p>\n<p>Se ainda tem d\u00favidas sobre a entrega ou uma situa\u00e7\u00e3o especial, contacte-nos e teremos todo o gosto em ajud\u00e1-lo!<\/p>\n<p>*Os artigos n\u00e3o s\u00e3o desempacotados ou montados como padr\u00e3o. Em situa\u00e7\u00f5es especiais, pode contactar-nos para combinarmos as condi\u00e7\u00f5es.<\/p>\n<h2>Compras online seguras na Salon For All com o selo de qualidade Webwinkelkeur e encripta\u00e7\u00e3o SSL.<\/h2>\n<p>\u00c9 importante para n\u00f3s que os nossos clientes possam fazer compras com seguran\u00e7a na nossa loja online. Estamos afiliados ao selo de qualidade nacional Webwinkelkeur desde 2019. A nossa identidade foi verificada e verificada por eles, e a loja online foi verificada e legalmente aprovada. Al\u00e9m disso, a nossa loja online \u00e9 afiliada a eles para media\u00e7\u00e3o de conflitos. Pode ver o log\u00f3tipo com todas as informa\u00e7\u00f5es deste selo de qualidade da loja online no lado esquerdo ou direito da loja online (bot\u00e3o rosa com branco). Al\u00e9m disso, o nosso s\u00edtio est\u00e1 protegido com um certificado SSL para que possa navegar em seguran\u00e7a connosco. Na barra do seu navegador de Internet, onde aparece o nosso s\u00edtio Web, ver\u00e1 um \u00edcone de cadeado. Se clicar no cadeado, obter\u00e1 todas as informa\u00e7\u00f5es sobre a nossa seguran\u00e7a. Desta forma, sabe que a sua encomenda de Azzurro Electric Cosmetic Chair 869As Pedi 5 Motor Rotary Grey e os seus dados pessoais s\u00e3o processados de forma segura.<\/p>\n<h2>Como posso pagar a Cadeira de Cosm\u00e9tica El\u00e9ctrica Azzurro 869As Pedi 5 Motor Rotativo Cinzento?<\/h2>\n<p>Queremos tornar as coisas o mais f\u00e1ceis poss\u00edvel para si. \u00c9 por isso que na Salon For All pode pagar com todos os m\u00e9todos de pagamento populares. Pagar antecipadamente, na entrega ou depois - tudo \u00e9 poss\u00edvel. Veja aqui todos os m\u00e9todos de pagamento que oferecemos:<\/p>\n<ul>\n<li>iDEAL<\/li>\n<li>Cart\u00e3o de cr\u00e9dito (Visa, Mastercard, American Express)<\/li>\n<li>Klarna - Pagamento na entrega com fatura<\/li>\n<li>PayPal<\/li>\n<li>Apple Pay<\/li>\n<li>Google Pay<\/li>\n<li>Bizum (para clientes espanh\u00f3is)<\/li>\n<li>Transfer\u00eancia banc\u00e1ria SEPA<\/li>\n<li>Contacto com o banco<\/li>\n<li>Fatura comercial para empresas<\/li>\n<li>Pagamento na sala de exposi\u00e7\u00f5es - Cart\u00e3o e dinheiro (apenas dispon\u00edvel \u00e0 cobran\u00e7a)<\/li>\n<\/ul>\n<h2>Veja tamb\u00e9m as opini\u00f5es de Salon For All<\/h2>\n<p>Consulte tamb\u00e9m as nossas opini\u00f5es para ter em conta as experi\u00eancias dos nossos actuais clientes na sua decis\u00e3o de encomendar Azzurro Electric Cosmetic Chair 869As Pedi 5 Motor Rotary Grey connosco. Atrav\u00e9s do nosso selo de qualidade independente da loja online Webwinkelkeur, s\u00e3o recolhidas automaticamente as opini\u00f5es verificadas dos clientes que efectuaram uma encomenda connosco. Pode encontr\u00e1-las atr\u00e1s do bot\u00e3o cor-de-rosa na nossa loja online ou listadas por baixo dos produtos.<\/p>\n<p>Compartilhe tamb\u00e9m sua experi\u00eancia ap\u00f3s fazer compras com seu pedido Azzurro Electric Cosmetic Chair 869As Pedi 5 Motor Rotary Grey e sua experi\u00eancia com o processo de compra ou entrar em contato com Salon For All para inspirar outras pessoas!<\/p>\n<h2>Contactar o Salon For All<\/h2>\n<p>Contacte-nos ent\u00e3o. Teremos todo o gosto em ajud\u00e1-lo com a sua compra de Azzurro Electric Cosmetic Chair 869As Pedi 5 Motor Rotary Grey. Nos dias \u00fateis, estamos dispon\u00edveis entre as 8h30 e as 17h00, atrav\u00e9s do n\u00famero de telefone e do endere\u00e7o de correio eletr\u00f3nico indicados no topo da loja online ou atrav\u00e9s da fun\u00e7\u00e3o de chat. Os pedidos de informa\u00e7\u00e3o fora do hor\u00e1rio de expediente s\u00e3o normalmente respondidos no prazo de 24 horas. Tamb\u00e9m \u00e9 poss\u00edvel visitar-nos fora dos dias \u00fateis ou do hor\u00e1rio de expediente. No entanto, \u00e9 necess\u00e1rio efetuar uma marca\u00e7\u00e3o pr\u00e9via.<\/p>\n<h2>Gostaria de visitar a nossa sala de exposi\u00e7\u00f5es?<\/h2>\n<p>Prefere ver a Cadeira de Cosm\u00e9tica El\u00e9ctrica Azzurro 869As Pedi 5 Motor Rotary Cinzento ou consultar a nossa oferta de loja (online) juntamente com o nosso colega? Ent\u00e3o visite o nosso showroom com mais de 1000m\u00b2 de equipamento para sal\u00f5es de beleza e deixe-se inspirar pelos nossos colaboradores. Se tamb\u00e9m gosta de nos conhecer agradavelmente durante uma ch\u00e1vena de caf\u00e9 ou ch\u00e1, \u00e9 muito bem-vindo. N\u00e3o temos todos os produtos em stock, por isso, por favor, avise-nos com anteced\u00eancia que gostaria de vir. Marque sempre uma visita com anteced\u00eancia.<\/p>\n<h2>14 dias de reflex\u00e3o e a nossa pol\u00edtica de devolu\u00e7\u00e3o<\/h2>\n<p>\u00c9 claro que pode acontecer que a Cadeira de Cosm\u00e9tica El\u00e9ctrica Azzurro 869As Pedi 5 Motor Rotary Grey que lhe foi entregue n\u00e3o seja totalmente do seu agrado e queira devolv\u00ea-la. Na Salon For All, isso n\u00e3o \u00e9 problema. Deve notificar a sua devolu\u00e7\u00e3o no prazo de 14 dias \u00fateis atrav\u00e9s de info@salonforall.es. Receber\u00e1 ent\u00e3o instru\u00e7\u00f5es completas e condi\u00e7\u00f5es de devolu\u00e7\u00e3o. A Cadeira de Cosm\u00e9tica El\u00e9ctrica Azzurro 869As Pedi 5 Motor Rotary Grey n\u00e3o deve ter sido utilizada, deve conter todas as pe\u00e7as fornecidas e deve ser devolvida na embalagem original. Os custos de transporte para uma devolu\u00e7\u00e3o s\u00e3o sempre a cargo do comprador nas compras efectuadas atrav\u00e9s do site www.salonforall.es. Para uma devolu\u00e7\u00e3o, deve ser o pr\u00f3prio comprador a organizar o transporte com uma transportadora \u00e0 sua escolha. Ap\u00f3s a devolu\u00e7\u00e3o da Cadeira de Cosm\u00e9tica El\u00e9ctrica Azzurro 869As Pedi 5 Motor Rotary Cinzento, ser\u00e1 verificada a sua integridade e eventuais danos. Uma vez aprovada a devolu\u00e7\u00e3o, o montante da compra ser\u00e1 reembolsado no prazo de 5 dias \u00fateis na conta banc\u00e1ria de que dispomos.<\/p>\n<h2>Quem \u00e9 o Salon For All?<\/h2>\n<p>A Salon For All \u00e9 o grossista de todo o equipamento para sal\u00f5es de beleza na Europa. A Salon For All come\u00e7ou em 2003 com o nome Salonvoordeel e cresceu a partir da pr\u00e1tica. Os propriet\u00e1rios da Salon For All eram cabeleireiros experientes e especialistas em beleza e t\u00eam, em conjunto, mais de 30 anos de experi\u00eancia pr\u00e1tica. Em 2003, lan\u00e7\u00e1mos o Salonvoordeel.nl (Pa\u00edses Baixos) e, posteriormente, o Salon For All foi fundado para o mercado europeu. Alguns dos nossos funcion\u00e1rios come\u00e7aram o seu pr\u00f3prio neg\u00f3cio e assim nasceu a ideia de lan\u00e7ar uma loja online funcional para cabeleireiros e para os ajudar com o seu equipamento de sal\u00e3o.<\/p>\n<p>O nosso showroom est\u00e1 situado em Dinxperlo, diretamente na fronteira entre os Pa\u00edses Baixos e a Alemanha. Com os nossos muitos anos de experi\u00eancia no sector, podemos servir-lhe de espelho e dar-lhe os conselhos certos - falamos a mesma l\u00edngua! Aconselhamo-lo, inspiramos, motivamos e apoiamos na compra de Azzurro Electric Cosmetic Chair 869As Pedi 5 Motor Rotary Grey. Os nossos fornecedores est\u00e3o localizados em toda a Europa, desde a Alemanha, Inglaterra, It\u00e1lia at\u00e9 \u00e0 Pol\u00f3nia.<\/p>","protected":false},"excerpt":{"rendered":"<p>O produto Azzurro Electric Cosmetic Chair 869As Pedi 5 Rotary Motor Grey \u00e9 uma solu\u00e7\u00e3o de alta qualidade para qualquer sal\u00e3o de beleza. O prazo de entrega estimado \u00e9 de aproximadamente 6 dias \u00fateis.<\/p>","protected":false},"featured_media":3643,"comment_status":"open","ping_status":"open","template":"","meta":[],"product_brand":[87],"product_cat":[161,183],"product_tag":[164,184],"class_list":{"0":"post-3642","1":"product","2":"type-product","3":"status-publish","4":"has-post-thumbnail","6":"product_brand-azzurro","7":"product_cat-podologia","8":"product_cat-sillas-de-podologia","9":"product_tag-podologia","10":"product_tag-sillas-de-podologia","11":"pa_codigo-ean-7759","12":"pa_garantia-12-meses","13":"pa_marca-azzurro","14":"pa_numero-de-articulo-867","15":"pa_tiempo-estimado-de-entrega-4-5-dias-laborables","17":"first","18":"instock","19":"sale","20":"taxable","21":"shipping-taxable","22":"purchasable","23":"product-type-simple"},"yoast_head":"<!-- This site is optimized with the Yoast SEO plugin v27.3 - https:\/\/yoast.com\/product\/yoast-seo-wordpress\/ -->\n<title>Sill\u00f3n Cosm\u00e9tico El\u00e9ctrico Azzurro 869As Pedi 5 Motor Rotary Gris comprar<\/title>\n<meta name=\"description\" content=\"Compra Sill\u00f3n Cosm\u00e9tico El\u00e9ctrico Azzurro 869As Pedi 5 Motor Rotary Gris online o en el showroom en Salon For ALL Espa\u00f1a. El mayorista para salones, consultas y spas en Espa\u00f1a y Portugal.\" \/>\n<meta name=\"robots\" content=\"index, follow, max-snippet:-1, max-image-preview:large, max-video-preview:-1\" \/>\n<link rel=\"canonical\" href=\"https:\/\/salonforall.es\/pt\/cadeira-de-cosmetica-electrica-azzurro-869as-pedi-5-motor-rotativo-cinzento\/\" \/>\n<meta property=\"og:locale\" content=\"pt_PT\" \/>\n<meta property=\"og:type\" content=\"article\" \/>\n<meta property=\"og:title\" content=\"Sill\u00f3n Cosm\u00e9tico El\u00e9ctrico Azzurro 869As Pedi 5 Motor Rotary Gris\" \/>\n<meta property=\"og:description\" content=\"Compra Sill\u00f3n Cosm\u00e9tico El\u00e9ctrico Azzurro 869As Pedi 5 Motor Rotary Gris online o en el showroom en Salon For ALL Espa\u00f1a. El mayorista para salones, consultas y spas en Espa\u00f1a y Portugal.\" \/>\n<meta property=\"og:url\" content=\"https:\/\/salonforall.es\/pt\/cadeira-de-cosmetica-electrica-azzurro-869as-pedi-5-motor-rotativo-cinzento\/\" \/>\n<meta property=\"og:site_name\" content=\"Salon For ALL Espa\u00f1a\" \/>\n<meta property=\"article:modified_time\" content=\"2026-03-24T15:04:32+00:00\" \/>\n<meta property=\"og:image\" content=\"https:\/\/salonforall.es\/wp-content\/uploads\/2025\/12\/Sillon-Cosmetico-Electrico-Azzurro-869As-Pedi-5-Motor-Rotary-Gris.jpg\" \/>\n\t<meta property=\"og:image:width\" content=\"1200\" \/>\n\t<meta property=\"og:image:height\" content=\"1200\" \/>\n\t<meta property=\"og:image:type\" content=\"image\/jpeg\" \/>\n<meta name=\"twitter:card\" content=\"summary_large_image\" \/>\n<meta name=\"twitter:title\" content=\"Sill\u00f3n Cosm\u00e9tico El\u00e9ctrico Azzurro 869As Pedi 5 Motor Rotary Gris\" \/>\n<meta name=\"twitter:label1\" content=\"Tempo estimado de leitura\" \/>\n\t<meta name=\"twitter:data1\" content=\"7 minutos\" \/>\n<script type=\"application\/ld+json\" class=\"yoast-schema-graph\">{\"@context\":\"https:\\\/\\\/schema.org\",\"@graph\":[{\"@type\":\"WebPage\",\"@id\":\"https:\\\/\\\/salonforall.es\\\/sillon-cosmetico-electrico-azzurro-869as-pedi-5-motor-rotary-gris\\\/\",\"url\":\"https:\\\/\\\/salonforall.es\\\/sillon-cosmetico-electrico-azzurro-869as-pedi-5-motor-rotary-gris\\\/\",\"name\":\"Sill\u00f3n Cosm\u00e9tico El\u00e9ctrico Azzurro 869As Pedi 5 Motor Rotary Gris comprar\",\"isPartOf\":{\"@id\":\"https:\\\/\\\/salonforall.es\\\/#website\"},\"primaryImageOfPage\":{\"@id\":\"https:\\\/\\\/salonforall.es\\\/sillon-cosmetico-electrico-azzurro-869as-pedi-5-motor-rotary-gris\\\/#primaryimage\"},\"image\":{\"@id\":\"https:\\\/\\\/salonforall.es\\\/sillon-cosmetico-electrico-azzurro-869as-pedi-5-motor-rotary-gris\\\/#primaryimage\"},\"thumbnailUrl\":\"https:\\\/\\\/salonforall.es\\\/wp-content\\\/uploads\\\/2025\\\/12\\\/Sillon-Cosmetico-Electrico-Azzurro-869As-Pedi-5-Motor-Rotary-Gris.jpg\",\"datePublished\":\"2025-12-02T10:58:42+00:00\",\"dateModified\":\"2026-03-24T15:04:32+00:00\",\"description\":\"Compra Sill\u00f3n Cosm\u00e9tico El\u00e9ctrico Azzurro 869As Pedi 5 Motor Rotary Gris online o en el showroom en Salon For ALL Espa\u00f1a. El mayorista para salones, consultas y spas en Espa\u00f1a y Portugal.\",\"breadcrumb\":{\"@id\":\"https:\\\/\\\/salonforall.es\\\/sillon-cosmetico-electrico-azzurro-869as-pedi-5-motor-rotary-gris\\\/#breadcrumb\"},\"inLanguage\":\"pt-PT\",\"potentialAction\":[{\"@type\":\"ReadAction\",\"target\":[\"https:\\\/\\\/salonforall.es\\\/sillon-cosmetico-electrico-azzurro-869as-pedi-5-motor-rotary-gris\\\/\"]}]},{\"@type\":\"ImageObject\",\"inLanguage\":\"pt-PT\",\"@id\":\"https:\\\/\\\/salonforall.es\\\/sillon-cosmetico-electrico-azzurro-869as-pedi-5-motor-rotary-gris\\\/#primaryimage\",\"url\":\"https:\\\/\\\/salonforall.es\\\/wp-content\\\/uploads\\\/2025\\\/12\\\/Sillon-Cosmetico-Electrico-Azzurro-869As-Pedi-5-Motor-Rotary-Gris.jpg\",\"contentUrl\":\"https:\\\/\\\/salonforall.es\\\/wp-content\\\/uploads\\\/2025\\\/12\\\/Sillon-Cosmetico-Electrico-Azzurro-869As-Pedi-5-Motor-Rotary-Gris.jpg\",\"width\":1200,\"height\":1200,\"caption\":\"Sill\u00f3n Cosm\u00e9tico El\u00e9ctrico Azzurro 869As Pedi 5 Motor Rotary Gris\"},{\"@type\":\"BreadcrumbList\",\"@id\":\"https:\\\/\\\/salonforall.es\\\/sillon-cosmetico-electrico-azzurro-869as-pedi-5-motor-rotary-gris\\\/#breadcrumb\",\"itemListElement\":[{\"@type\":\"ListItem\",\"position\":1,\"name\":\"Home\",\"item\":\"https:\\\/\\\/salonforall.es\\\/\"},{\"@type\":\"ListItem\",\"position\":2,\"name\":\"Winkel\",\"item\":\"https:\\\/\\\/salonforall.es\\\/winkel\\\/\"},{\"@type\":\"ListItem\",\"position\":3,\"name\":\"Sill\u00f3n Cosm\u00e9tico El\u00e9ctrico Azzurro 869As Pedi 5 Motor Rotary Gris\"}]},{\"@type\":\"WebSite\",\"@id\":\"https:\\\/\\\/salonforall.es\\\/#website\",\"url\":\"https:\\\/\\\/salonforall.es\\\/\",\"name\":\"Salon For ALL Espa\u00f1a\",\"description\":\"Mayorista de mobiliario y suministros para consultorios y salones\",\"publisher\":{\"@id\":\"https:\\\/\\\/salonforall.es\\\/#organization\"},\"potentialAction\":[{\"@type\":\"SearchAction\",\"target\":{\"@type\":\"EntryPoint\",\"urlTemplate\":\"https:\\\/\\\/salonforall.es\\\/?s={search_term_string}\"},\"query-input\":{\"@type\":\"PropertyValueSpecification\",\"valueRequired\":true,\"valueName\":\"search_term_string\"}}],\"inLanguage\":\"pt-PT\"},{\"@type\":\"Organization\",\"@id\":\"https:\\\/\\\/salonforall.es\\\/#organization\",\"name\":\"Salon For All B.V. Espa\u00f1a\",\"alternateName\":\"Salon For All B.V. Espa\u00f1a - Mayorista de equipamiento para consultas, salones y suministros\",\"url\":\"https:\\\/\\\/salonforall.es\\\/\",\"logo\":{\"@type\":\"ImageObject\",\"inLanguage\":\"pt-PT\",\"@id\":\"https:\\\/\\\/salonforall.es\\\/#\\\/schema\\\/logo\\\/image\\\/\",\"url\":\"https:\\\/\\\/salonforall.es\\\/wp-content\\\/uploads\\\/2025\\\/11\\\/logo-salon-for-all-e1764543185849.png\",\"contentUrl\":\"https:\\\/\\\/salonforall.es\\\/wp-content\\\/uploads\\\/2025\\\/11\\\/logo-salon-for-all-e1764543185849.png\",\"width\":500,\"height\":150,\"caption\":\"Salon For All B.V. Espa\u00f1a\"},\"image\":{\"@id\":\"https:\\\/\\\/salonforall.es\\\/#\\\/schema\\\/logo\\\/image\\\/\"}}]}<\/script>\n<!-- \/ Yoast SEO plugin. -->","yoast_head_json":{"title":"Cadeira de Cosm\u00e9tica El\u00e9ctrica Azzurro 869As Pedi 5 Motor Rotativo Cinzento comprar","description":"Comprar Cadeira de Cosm\u00e9tica El\u00e9ctrica Azzurro 869As Pedi 5 Motor Rotary Grey online ou no showroom da Salon For ALL Espanha. O grossista para sal\u00f5es, consult\u00f3rios e spas em Espanha e Portugal.","robots":{"index":"index","follow":"follow","max-snippet":"max-snippet:-1","max-image-preview":"max-image-preview:large","max-video-preview":"max-video-preview:-1"},"canonical":"https:\/\/salonforall.es\/pt\/cadeira-de-cosmetica-electrica-azzurro-869as-pedi-5-motor-rotativo-cinzento\/","og_locale":"pt_PT","og_type":"article","og_title":"Sill\u00f3n Cosm\u00e9tico El\u00e9ctrico Azzurro 869As Pedi 5 Motor Rotary Gris","og_description":"Compra Sill\u00f3n Cosm\u00e9tico El\u00e9ctrico Azzurro 869As Pedi 5 Motor Rotary Gris online o en el showroom en Salon For ALL Espa\u00f1a. El mayorista para salones, consultas y spas en Espa\u00f1a y Portugal.","og_url":"https:\/\/salonforall.es\/pt\/cadeira-de-cosmetica-electrica-azzurro-869as-pedi-5-motor-rotativo-cinzento\/","og_site_name":"Salon For ALL Espa\u00f1a","article_modified_time":"2026-03-24T15:04:32+00:00","og_image":[{"width":1200,"height":1200,"url":"https:\/\/salonforall.es\/wp-content\/uploads\/2025\/12\/Sillon-Cosmetico-Electrico-Azzurro-869As-Pedi-5-Motor-Rotary-Gris.jpg","type":"image\/jpeg"}],"twitter_card":"summary_large_image","twitter_title":"Sill\u00f3n Cosm\u00e9tico El\u00e9ctrico Azzurro 869As Pedi 5 Motor Rotary Gris","twitter_misc":{"Tempo estimado de leitura":"7 minutos"},"schema":{"@context":"https:\/\/schema.org","@graph":[{"@type":"WebPage","@id":"https:\/\/salonforall.es\/sillon-cosmetico-electrico-azzurro-869as-pedi-5-motor-rotary-gris\/","url":"https:\/\/salonforall.es\/sillon-cosmetico-electrico-azzurro-869as-pedi-5-motor-rotary-gris\/","name":"Cadeira de Cosm\u00e9tica El\u00e9ctrica Azzurro 869As Pedi 5 Motor Rotativo Cinzento comprar","isPartOf":{"@id":"https:\/\/salonforall.es\/#website"},"primaryImageOfPage":{"@id":"https:\/\/salonforall.es\/sillon-cosmetico-electrico-azzurro-869as-pedi-5-motor-rotary-gris\/#primaryimage"},"image":{"@id":"https:\/\/salonforall.es\/sillon-cosmetico-electrico-azzurro-869as-pedi-5-motor-rotary-gris\/#primaryimage"},"thumbnailUrl":"https:\/\/salonforall.es\/wp-content\/uploads\/2025\/12\/Sillon-Cosmetico-Electrico-Azzurro-869As-Pedi-5-Motor-Rotary-Gris.jpg","datePublished":"2025-12-02T10:58:42+00:00","dateModified":"2026-03-24T15:04:32+00:00","description":"Comprar Cadeira de Cosm\u00e9tica El\u00e9ctrica Azzurro 869As Pedi 5 Motor Rotary Grey online ou no showroom da Salon For ALL Espanha. O grossista para sal\u00f5es, consult\u00f3rios e spas em Espanha e Portugal.","breadcrumb":{"@id":"https:\/\/salonforall.es\/sillon-cosmetico-electrico-azzurro-869as-pedi-5-motor-rotary-gris\/#breadcrumb"},"inLanguage":"pt-PT","potentialAction":[{"@type":"ReadAction","target":["https:\/\/salonforall.es\/sillon-cosmetico-electrico-azzurro-869as-pedi-5-motor-rotary-gris\/"]}]},{"@type":"ImageObject","inLanguage":"pt-PT","@id":"https:\/\/salonforall.es\/sillon-cosmetico-electrico-azzurro-869as-pedi-5-motor-rotary-gris\/#primaryimage","url":"https:\/\/salonforall.es\/wp-content\/uploads\/2025\/12\/Sillon-Cosmetico-Electrico-Azzurro-869As-Pedi-5-Motor-Rotary-Gris.jpg","contentUrl":"https:\/\/salonforall.es\/wp-content\/uploads\/2025\/12\/Sillon-Cosmetico-Electrico-Azzurro-869As-Pedi-5-Motor-Rotary-Gris.jpg","width":1200,"height":1200,"caption":"Sill\u00f3n Cosm\u00e9tico El\u00e9ctrico Azzurro 869As Pedi 5 Motor Rotary Gris"},{"@type":"BreadcrumbList","@id":"https:\/\/salonforall.es\/sillon-cosmetico-electrico-azzurro-869as-pedi-5-motor-rotary-gris\/#breadcrumb","itemListElement":[{"@type":"ListItem","position":1,"name":"Home","item":"https:\/\/salonforall.es\/"},{"@type":"ListItem","position":2,"name":"Winkel","item":"https:\/\/salonforall.es\/winkel\/"},{"@type":"ListItem","position":3,"name":"Sill\u00f3n Cosm\u00e9tico El\u00e9ctrico Azzurro 869As Pedi 5 Motor Rotary Gris"}]},{"@type":"WebSite","@id":"https:\/\/salonforall.es\/#website","url":"https:\/\/salonforall.es\/","name":"Sal\u00e3o de beleza para toda a Espanha","description":"Grossista de mobili\u00e1rio e material para sal\u00f5es de beleza e consult\u00f3rios","publisher":{"@id":"https:\/\/salonforall.es\/#organization"},"potentialAction":[{"@type":"SearchAction","target":{"@type":"EntryPoint","urlTemplate":"https:\/\/salonforall.es\/?s={search_term_string}"},"query-input":{"@type":"PropertyValueSpecification","valueRequired":true,"valueName":"search_term_string"}}],"inLanguage":"pt-PT"},{"@type":"Organization","@id":"https:\/\/salonforall.es\/#organization","name":"Salon For All B.V. Espanha","alternateName":"Salon For All B.V. Espa\u00f1a - Mayorista de equipamiento para consultas, salones y suministros","url":"https:\/\/salonforall.es\/","logo":{"@type":"ImageObject","inLanguage":"pt-PT","@id":"https:\/\/salonforall.es\/#\/schema\/logo\/image\/","url":"https:\/\/salonforall.es\/wp-content\/uploads\/2025\/11\/logo-salon-for-all-e1764543185849.png","contentUrl":"https:\/\/salonforall.es\/wp-content\/uploads\/2025\/11\/logo-salon-for-all-e1764543185849.png","width":500,"height":150,"caption":"Salon For All B.V. Espa\u00f1a"},"image":{"@id":"https:\/\/salonforall.es\/#\/schema\/logo\/image\/"}}]}},"_links":{"self":[{"href":"https:\/\/salonforall.es\/pt\/wp-json\/wp\/v2\/product\/3642","targetHints":{"allow":["GET"]}}],"collection":[{"href":"https:\/\/salonforall.es\/pt\/wp-json\/wp\/v2\/product"}],"about":[{"href":"https:\/\/salonforall.es\/pt\/wp-json\/wp\/v2\/types\/product"}],"replies":[{"embeddable":true,"href":"https:\/\/salonforall.es\/pt\/wp-json\/wp\/v2\/comments?post=3642"}],"wp:featuredmedia":[{"embeddable":true,"href":"https:\/\/salonforall.es\/pt\/wp-json\/wp\/v2\/media\/3643"}],"wp:attachment":[{"href":"https:\/\/salonforall.es\/pt\/wp-json\/wp\/v2\/media?parent=3642"}],"wp:term":[{"taxonomy":"product_brand","embeddable":true,"href":"https:\/\/salonforall.es\/pt\/wp-json\/wp\/v2\/product_brand?post=3642"},{"taxonomy":"product_cat","embeddable":true,"href":"https:\/\/salonforall.es\/pt\/wp-json\/wp\/v2\/product_cat?post=3642"},{"taxonomy":"product_tag","embeddable":true,"href":"https:\/\/salonforall.es\/pt\/wp-json\/wp\/v2\/product_tag?post=3642"}],"curies":[{"name":"wp","href":"https:\/\/api.w.org\/{rel}","templated":true}]}}