{"id":3584,"date":"2025-12-02T11:57:53","date_gmt":"2025-12-02T10:57:53","guid":{"rendered":"https:\/\/salonforall.es\/product\/absorbedor-de-polvo-incorporado-momo-s-41-plateado\/"},"modified":"2026-03-24T16:04:22","modified_gmt":"2026-03-24T15:04:22","slug":"momo-s-41-absorvente-de-po-incorporado-prateado","status":"publish","type":"product","link":"https:\/\/salonforall.es\/pt\/absorbedor-de-polvo-incorporado-momo-s-41-plateado\/","title":{"rendered":"Momo S-41 Silver Momo Absorvedor de poeiras incorporado"},"content":{"rendered":"<h2>Informa\u00e7\u00f5es sobre o absorvente de p\u00f3 incorporado Momo S-41 Silver com o n\u00famero de artigo 116273<\/h2>\n<p><strong>Momo<\/strong> fabrica excelentes acess\u00f3rios para manicura, incluindo absorventes de p\u00f3 e suportes pr\u00e1ticos. Estes produtos s\u00e3o perfeitos para trabalhar durante todo o dia. Uma vasta sele\u00e7\u00e3o de modelos e solu\u00e7\u00f5es pr\u00e1ticas satisfazem os utilizadores mais exigentes.<\/p>\n<p><img decoding=\"async\" src=\"https:\/\/activeshop.com.pl\/media\/wysiwyg\/product\/116273\/EN_116273_1.jpg\"><\/p>\n<h2><strong>Dispositivo indispens\u00e1vel para modelar as unhas<\/strong><\/h2>\n<p>O <strong>absorvedor de p\u00f3 Momo S-41<\/strong> O dispositivo integrado permite tratamentos pr\u00e1ticos de perfura\u00e7\u00e3o de unhas, incluindo uma manicura precisa. O dispositivo, concebido para ser instalado num tampo de secret\u00e1ria, responde \u00e0s necessidades dos estilistas, protegendo eficazmente os pulm\u00f5es dos empregados e dos clientes das poeiras geradas durante o servi\u00e7o.<\/p>\n<p><img decoding=\"async\" src=\"https:\/\/activeshop.com.pl\/media\/wysiwyg\/product\/116273\/EN_116273_2.jpg\"><\/p>\n<h2><strong>Ventoinha de alta velocidade<\/strong><\/h2>\n<p>Os estilistas de unhas, especialmente quando trabalham com um torno, est\u00e3o expostos a um contacto prolongado com o p\u00f3. Por isso, \u00e9 importante assegurar uma purifica\u00e7\u00e3o adequada do ar atrav\u00e9s de um absorvente de p\u00f3 eficiente. O silencioso aspirador de p\u00f3 de alta velocidade Momo S-41 garante conforto e seguran\u00e7a no trabalho. O dispositivo aspira eficazmente o p\u00f3, que \u00e9 depositado diretamente num saco espec\u00edfico. Para garantir uma seguran\u00e7a total, os sacos devem ser substitu\u00eddos periodicamente. As pe\u00e7as sobressalentes substitu\u00edveis podem ser adquiridas no nosso s\u00edtio Web.<\/p>\n<p><img decoding=\"async\" src=\"https:\/\/activeshop.com.pl\/media\/wysiwyg\/product\/116273\/EN_116273_3.jpg\"><\/p>\n<h2><strong>Solu\u00e7\u00f5es para a funcionalidade<\/strong><\/h2>\n<p>A possibilidade de instalar o absorvente na secret\u00e1ria \u00e9 uma excelente solu\u00e7\u00e3o que pode ser utilizada de v\u00e1rias formas. <strong>melhora a est\u00e9tica e a funcionalidade do local de trabalho<\/strong>. Isto facilita muito a manuten\u00e7\u00e3o de um <strong>elevado n\u00edvel de higiene<\/strong> na sala de estar. O absorvedor <strong>tem um aspeto est\u00e9tico agrad\u00e1vel e n\u00e3o ocupa espa\u00e7o valioso na secret\u00e1ria<\/strong>, Isto facilita muito a organiza\u00e7\u00e3o do posto de trabalho. A sua localiza\u00e7\u00e3o <strong>garante uma melhoria significativa da ergonomia no trabalho<\/strong>.<\/p>\n<p><img decoding=\"async\" src=\"https:\/\/activeshop.com.pl\/media\/wysiwyg\/product\/116273\/EN_116273_4.jpg\"><\/p>\n<h2><strong>Design moderno e minimalista<\/strong><\/h2>\n<p>Este modelo <strong>n\u00e3o \u00e9 apenas funcional, mas tamb\u00e9m elegante.<\/strong>. A sua estrutura simples e a grelha met\u00e1lica com um orif\u00edcio de absor\u00e7\u00e3o de design interessante conferem-lhe um aspeto atraente. <strong>aspeto futurista<\/strong> que atrai a aten\u00e7\u00e3o dos clientes e o torna um elemento distintivo e memor\u00e1vel do sal\u00e3o. As superf\u00edcies lacadas conferem ao absorvente um aspeto extremamente elegante e, ao mesmo tempo, \u00e9 dur\u00e1vel, f\u00e1cil de manter limpo e funcional.<\/p>\n<p><img decoding=\"async\" src=\"https:\/\/activeshop.com.pl\/media\/wysiwyg\/product\/116273\/EN_116273_5.jpg\"><\/p>\n<h2><strong>Modo de utiliza\u00e7\u00e3o:<\/strong><\/h2>\n<p>- Instale um saco de p\u00f3 no aparelho.<br \/>- Ligar o aparelho \u00e0 fonte de alimenta\u00e7\u00e3o atrav\u00e9s do cabo de alimenta\u00e7\u00e3o.<br \/>- Ligar o absorvedor com o interrutor.<br \/>- Depois de terminar o trabalho, desligar o aparelho da alimenta\u00e7\u00e3o el\u00e9ctrica e esvaziar o saco do p\u00f3.<\/p>\n<p>Ler atentamente as instru\u00e7\u00f5es antes de utilizar.<br \/><strong>O conjunto inclui:<\/strong> absorvente, dois sacos de p\u00f3 descart\u00e1veis, instru\u00e7\u00f5es.<\/p>\n<p><strong>Dados:<\/strong><br \/>N\u00famero de ventiladores: 1<br \/>Pot\u00eancia: 25 W<br \/>Tens\u00e3o: 220-240 V<br \/>Dimens\u00f5es do aparelho: 30\u00d717\u00d77,5 cm<br \/>Di\u00e2metro do orif\u00edcio de absor\u00e7\u00e3o: 12-15 cm<br \/>Garantia: 12 meses<\/p>\n<p>Os produtos da Activeshop s\u00e3o proporcionalmente mais baratos do que os de muitas outras marcas\/fornecedores. O pre\u00e7o est\u00e1 em rela\u00e7\u00e3o com a qualidade. O absorvente de p\u00f3 Momo S-41 Silver Built-In \u00e9, portanto, uma solu\u00e7\u00e3o econ\u00f3mica para o seu sal\u00e3o.<\/p>\n<h2>Como \u00e9 fornecido o absorvente de p\u00f3 incorporado Momo S-41 Silver?<\/h2>\n<p>O Momo S-41 Silver Dust Absorber \u00e9 entregue na(s) embalagem(ns) original(ais). Dentro de Espanha, o envio do Momo S-41 Silver Dust Absorber \u00e9 totalmente gratuito para encomendas superiores a 100,- Euro. Para envios para outros pa\u00edses, aplicam-se taxas de envio separadas. Pode verificar estas taxas connosco ou v\u00ea-las no carrinho de compras. O absorvente de p\u00f3 incorporado Momo S-41 Silver \u00e9 enviado atrav\u00e9s de um servi\u00e7o de correio externo.<\/p>\n<p>As encomendas ou paletes s\u00e3o entregues, por norma, at\u00e9 \u00e0 soleira da porta da frente, mesmo que se encontre num edif\u00edcio coletivo, num edif\u00edcio de apartamentos ou num complexo de apartamentos com elevador (desde que o artigo caiba no elevador). N\u00e3o h\u00e1 elevador dispon\u00edvel ou o artigo n\u00e3o cabe no elevador? Ent\u00e3o entregamos at\u00e9 \u00e0 soleira do r\u00e9s do ch\u00e3o.<\/p>\n<p>Se ainda tem d\u00favidas sobre a entrega ou uma situa\u00e7\u00e3o especial, contacte-nos e teremos todo o gosto em ajud\u00e1-lo!<\/p>\n<p>*Os artigos n\u00e3o s\u00e3o desempacotados ou montados como padr\u00e3o. Em situa\u00e7\u00f5es especiais, pode contactar-nos para combinarmos as condi\u00e7\u00f5es.<\/p>\n<h2>Compras online seguras na Salon For All com o selo de qualidade Webwinkelkeur e encripta\u00e7\u00e3o SSL.<\/h2>\n<p>\u00c9 importante para n\u00f3s que os nossos clientes possam fazer compras em seguran\u00e7a na nossa loja online. Estamos afiliados ao selo de qualidade nacional Webwinkelkeur desde 2019. A nossa identidade foi verificada e verificada por eles, e a loja online foi verificada e legalmente aprovada. Al\u00e9m disso, a nossa loja online \u00e9 afiliada a eles para media\u00e7\u00e3o de conflitos. Pode ver o log\u00f3tipo com todas as informa\u00e7\u00f5es deste selo de qualidade da loja online no lado esquerdo ou direito da loja online (bot\u00e3o rosa com branco). Al\u00e9m disso, o nosso s\u00edtio est\u00e1 protegido com um certificado SSL para que possa navegar em seguran\u00e7a connosco. Na barra do seu navegador de Internet, onde aparece o nosso s\u00edtio Web, ver\u00e1 um \u00edcone de cadeado. Se clicar no cadeado, obter\u00e1 todas as informa\u00e7\u00f5es sobre a nossa seguran\u00e7a. Desta forma, sabe que a sua encomenda Momo S-41 Silver Momo Built-In Dust Absorber e os seus dados pessoais s\u00e3o processados de forma segura.<\/p>\n<h2>Como posso pagar o absorvente de p\u00f3 incorporado Momo S-41 Silver?<\/h2>\n<p>Queremos tornar as coisas o mais f\u00e1ceis poss\u00edvel para si. \u00c9 por isso que na Salon For All pode pagar com todos os m\u00e9todos de pagamento populares. Pagar antecipadamente, na entrega ou depois - tudo \u00e9 poss\u00edvel. Veja aqui todos os m\u00e9todos de pagamento que oferecemos:<\/p>\n<ul>\n<li>iDEAL<\/li>\n<li>Cart\u00e3o de cr\u00e9dito (Visa, Mastercard, American Express)<\/li>\n<li>Klarna - Pagamento na entrega com fatura<\/li>\n<li>PayPal<\/li>\n<li>Apple Pay<\/li>\n<li>Google Pay<\/li>\n<li>Bizum (para clientes espanh\u00f3is)<\/li>\n<li>Transfer\u00eancia banc\u00e1ria SEPA<\/li>\n<li>Contacto com o banco<\/li>\n<li>Fatura comercial para empresas<\/li>\n<li>Pagamento na sala de exposi\u00e7\u00f5es - Cart\u00e3o e dinheiro (apenas dispon\u00edvel \u00e0 cobran\u00e7a)<\/li>\n<\/ul>\n<h2>Veja tamb\u00e9m as opini\u00f5es de Salon For All<\/h2>\n<p>Consulte tamb\u00e9m as nossas opini\u00f5es para ter em conta as experi\u00eancias dos nossos clientes existentes na sua decis\u00e3o de encomendar connosco o aspirador de p\u00f3 incorporado Momo S-41 Silver. Atrav\u00e9s do nosso selo de qualidade independente da loja online Webwinkelkeur, s\u00e3o recolhidas automaticamente as opini\u00f5es verificadas dos clientes que efectuaram uma encomenda connosco. Pode encontr\u00e1-las atr\u00e1s do bot\u00e3o cor-de-rosa na nossa loja online ou listadas por baixo dos produtos.<\/p>\n<p>Partilhe tamb\u00e9m a sua experi\u00eancia ap\u00f3s comprar o seu Momo Built-In Dust Absorber S-41 Silver e a sua experi\u00eancia com o processo de compra ou com o contacto da Salon For All, para inspirar outras pessoas!<\/p>\n<h2>Contactar o Salon For All<\/h2>\n<p>Ent\u00e3o contacte-nos. Teremos todo o gosto em ajud\u00e1-lo na compra do aspirador de p\u00f3 Momo S-41 Silver Built-In. Nos dias \u00fateis, estamos dispon\u00edveis entre as 8h30 e as 17h00, atrav\u00e9s do n\u00famero de telefone e do endere\u00e7o de correio eletr\u00f3nico indicados na parte superior da loja online ou atrav\u00e9s da fun\u00e7\u00e3o de chat. Os pedidos de informa\u00e7\u00e3o fora do hor\u00e1rio de expediente s\u00e3o normalmente respondidos no prazo de 24 horas. Tamb\u00e9m \u00e9 poss\u00edvel visitar-nos fora dos dias \u00fateis ou do hor\u00e1rio de expediente. No entanto, \u00e9 necess\u00e1rio efetuar uma marca\u00e7\u00e3o pr\u00e9via.<\/p>\n<h2>Gostaria de visitar a nossa sala de exposi\u00e7\u00f5es?<\/h2>\n<p>Prefere ver o aspirador de p\u00f3 incorporado Momo S-41 Silver ou consultar a nossa oferta de loja (online) juntamente com um colega? Ent\u00e3o visite o nosso showroom com mais de 1000m\u00b2 de equipamento para sal\u00f5es de beleza e deixe-se inspirar pelos nossos colaboradores. Al\u00e9m disso, se gosta de nos conhecer agradavelmente durante uma ch\u00e1vena de caf\u00e9 ou ch\u00e1, \u00e9 muito bem-vindo. N\u00e3o temos todos os produtos em stock, por isso, por favor, avise-nos com anteced\u00eancia que gostaria de vir. Marque sempre uma visita com anteced\u00eancia.<\/p>\n<h2>14 dias de reflex\u00e3o e a nossa pol\u00edtica de devolu\u00e7\u00e3o<\/h2>\n<p>\u00c9 claro que pode acontecer que o aspirador de p\u00f3 Momo S-41 Silver Built-In entregue n\u00e3o seja totalmente do seu agrado e queira devolv\u00ea-lo. Isso n\u00e3o \u00e9 problema para a Salon For All. Isso n\u00e3o \u00e9 problema para a Salon For All. Deve notificar a sua devolu\u00e7\u00e3o no prazo de 14 dias \u00fateis atrav\u00e9s de info@salonforall.es. Receber\u00e1 ent\u00e3o primeiro todas as instru\u00e7\u00f5es e condi\u00e7\u00f5es de devolu\u00e7\u00e3o. O aspirador de p\u00f3 incorporado Momo S-41 Silver n\u00e3o deve ser utilizado, deve conter todas as pe\u00e7as fornecidas e deve ser devolvido na embalagem original. Os custos de transporte para uma devolu\u00e7\u00e3o s\u00e3o sempre a cargo do comprador nas compras efectuadas atrav\u00e9s do site www.salonforall.es. Para uma devolu\u00e7\u00e3o, deve ser o pr\u00f3prio comprador a organizar o transporte com uma transportadora \u00e0 sua escolha. Ap\u00f3s a devolu\u00e7\u00e3o, o absorvente de p\u00f3 incorporado Momo S-41 Silver ser\u00e1 verificado quanto \u00e0 sua integridade e eventuais danos. Uma vez aprovada a devolu\u00e7\u00e3o, o montante da compra ser\u00e1 reembolsado no prazo de 5 dias \u00fateis para a conta banc\u00e1ria que temos registada.<\/p>\n<h2>Quem \u00e9 o Salon For All?<\/h2>\n<p>A Salon For All \u00e9 o grossista de todo o equipamento para sal\u00f5es de beleza na Europa. A Salon For All come\u00e7ou em 2003 com o nome Salonvoordeel e cresceu a partir da pr\u00e1tica. Os propriet\u00e1rios da Salon For All eram cabeleireiros experientes e especialistas em beleza e t\u00eam, em conjunto, mais de 30 anos de experi\u00eancia pr\u00e1tica. Em 2003, lan\u00e7\u00e1mos o Salonvoordeel.nl (Pa\u00edses Baixos) e, posteriormente, o Salon For All foi fundado para o mercado europeu. Alguns dos nossos funcion\u00e1rios come\u00e7aram o seu pr\u00f3prio neg\u00f3cio e assim nasceu a ideia de lan\u00e7ar uma loja online funcional para cabeleireiros e para os ajudar com o seu equipamento de sal\u00e3o.<\/p>\n<p>O nosso showroom est\u00e1 situado em Dinxperlo, diretamente na fronteira entre os Pa\u00edses Baixos e a Alemanha. Com os nossos muitos anos de experi\u00eancia no sector, podemos ser o seu espelho e dar-lhe os conselhos certos - falamos a mesma l\u00edngua! Aconselhamo-lo, inspiramo-lo, motivamo-lo e apoiamo-lo na compra de Momo S-41 Silver Dust Absorber. Os nossos fornecedores est\u00e3o localizados em toda a Europa, desde a Alemanha, Inglaterra, It\u00e1lia at\u00e9 \u00e0 Pol\u00f3nia.<\/p>","protected":false},"excerpt":{"rendered":"<p>O absorvente de p\u00f3 embutido Momo S-41 Silver Momo \u00e9 uma solu\u00e7\u00e3o de alta qualidade para qualquer sala de estar. O prazo de entrega estimado \u00e9 de aproximadamente 6 dias \u00fateis.<\/p>","protected":false},"featured_media":3585,"comment_status":"open","ping_status":"open","template":"","meta":[],"product_brand":[826],"product_cat":[827,828],"product_tag":[829,830],"class_list":{"0":"post-3584","1":"product","2":"type-product","3":"status-publish","4":"has-post-thumbnail","6":"product_brand-momo","7":"product_cat-clavos","8":"product_cat-colectores-de-polvo","9":"product_tag-clavos","10":"product_tag-colectores-de-polvo","11":"pa_codigo-ean-7759","12":"pa_garantia-12-meses","13":"pa_marca-momo","14":"pa_numero-de-articulo-823","15":"pa_tiempo-estimado-de-entrega-4-5-dias-laborables","17":"first","18":"instock","19":"sale","20":"taxable","21":"shipping-taxable","22":"purchasable","23":"product-type-simple"},"yoast_head":"<!-- This site is optimized with the Yoast SEO plugin v27.6 - https:\/\/yoast.com\/product\/yoast-seo-wordpress\/ -->\n<title>Absorbedor De Polvo Incorporado Momo S-41 Plateado comprar<\/title>\n<meta name=\"description\" content=\"Compra Absorbedor De Polvo Incorporado Momo S-41 Plateado online o en el showroom en Salon For ALL Espa\u00f1a. El mayorista para salones, consultas y spas en Espa\u00f1a y Portugal.\" \/>\n<meta name=\"robots\" content=\"index, follow, max-snippet:-1, max-image-preview:large, max-video-preview:-1\" \/>\n<link rel=\"canonical\" href=\"https:\/\/salonforall.es\/pt\/momo-s-41-absorvente-de-po-incorporado-prateado\/\" \/>\n<meta property=\"og:locale\" content=\"pt_PT\" \/>\n<meta property=\"og:type\" content=\"article\" \/>\n<meta property=\"og:title\" content=\"Absorbedor De Polvo Incorporado Momo S-41 Plateado\" \/>\n<meta property=\"og:description\" content=\"Compra Absorbedor De Polvo Incorporado Momo S-41 Plateado online o en el showroom en Salon For ALL Espa\u00f1a. El mayorista para salones, consultas y spas en Espa\u00f1a y Portugal.\" \/>\n<meta property=\"og:url\" content=\"https:\/\/salonforall.es\/pt\/momo-s-41-absorvente-de-po-incorporado-prateado\/\" \/>\n<meta property=\"og:site_name\" content=\"Salon For ALL Espa\u00f1a\" \/>\n<meta property=\"article:modified_time\" content=\"2026-03-24T15:04:22+00:00\" \/>\n<meta property=\"og:image\" content=\"https:\/\/salonforall.es\/wp-content\/uploads\/2025\/12\/Absorbedor-De-Polvo-Incorporado-Momo-S-41-Plateado.jpg\" \/>\n\t<meta property=\"og:image:width\" content=\"1200\" \/>\n\t<meta property=\"og:image:height\" content=\"1200\" \/>\n\t<meta property=\"og:image:type\" content=\"image\/jpeg\" \/>\n<meta name=\"twitter:card\" content=\"summary_large_image\" \/>\n<meta name=\"twitter:title\" content=\"Absorbedor De Polvo Incorporado Momo S-41 Plateado\" \/>\n<meta name=\"twitter:label1\" content=\"Tempo estimado de leitura\" \/>\n\t<meta name=\"twitter:data1\" content=\"9 minutos\" \/>\n<script type=\"application\/ld+json\" class=\"yoast-schema-graph\">{\"@context\":\"https:\\\/\\\/schema.org\",\"@graph\":[{\"@type\":\"WebPage\",\"@id\":\"https:\\\/\\\/salonforall.es\\\/absorbedor-de-polvo-incorporado-momo-s-41-plateado\\\/\",\"url\":\"https:\\\/\\\/salonforall.es\\\/absorbedor-de-polvo-incorporado-momo-s-41-plateado\\\/\",\"name\":\"Absorbedor De Polvo Incorporado Momo S-41 Plateado comprar\",\"isPartOf\":{\"@id\":\"https:\\\/\\\/salonforall.es\\\/#website\"},\"primaryImageOfPage\":{\"@id\":\"https:\\\/\\\/salonforall.es\\\/absorbedor-de-polvo-incorporado-momo-s-41-plateado\\\/#primaryimage\"},\"image\":{\"@id\":\"https:\\\/\\\/salonforall.es\\\/absorbedor-de-polvo-incorporado-momo-s-41-plateado\\\/#primaryimage\"},\"thumbnailUrl\":\"https:\\\/\\\/salonforall.es\\\/wp-content\\\/uploads\\\/2025\\\/12\\\/Absorbedor-De-Polvo-Incorporado-Momo-S-41-Plateado.jpg\",\"datePublished\":\"2025-12-02T10:57:53+00:00\",\"dateModified\":\"2026-03-24T15:04:22+00:00\",\"description\":\"Compra Absorbedor De Polvo Incorporado Momo S-41 Plateado online o en el showroom en Salon For ALL Espa\u00f1a. El mayorista para salones, consultas y spas en Espa\u00f1a y Portugal.\",\"breadcrumb\":{\"@id\":\"https:\\\/\\\/salonforall.es\\\/absorbedor-de-polvo-incorporado-momo-s-41-plateado\\\/#breadcrumb\"},\"inLanguage\":\"pt-PT\",\"potentialAction\":[{\"@type\":\"ReadAction\",\"target\":[\"https:\\\/\\\/salonforall.es\\\/absorbedor-de-polvo-incorporado-momo-s-41-plateado\\\/\"]}]},{\"@type\":\"ImageObject\",\"inLanguage\":\"pt-PT\",\"@id\":\"https:\\\/\\\/salonforall.es\\\/absorbedor-de-polvo-incorporado-momo-s-41-plateado\\\/#primaryimage\",\"url\":\"https:\\\/\\\/salonforall.es\\\/wp-content\\\/uploads\\\/2025\\\/12\\\/Absorbedor-De-Polvo-Incorporado-Momo-S-41-Plateado.jpg\",\"contentUrl\":\"https:\\\/\\\/salonforall.es\\\/wp-content\\\/uploads\\\/2025\\\/12\\\/Absorbedor-De-Polvo-Incorporado-Momo-S-41-Plateado.jpg\",\"width\":1200,\"height\":1200,\"caption\":\"Absorbedor De Polvo Incorporado Momo S-41 Plateado\"},{\"@type\":\"BreadcrumbList\",\"@id\":\"https:\\\/\\\/salonforall.es\\\/absorbedor-de-polvo-incorporado-momo-s-41-plateado\\\/#breadcrumb\",\"itemListElement\":[{\"@type\":\"ListItem\",\"position\":1,\"name\":\"Home\",\"item\":\"https:\\\/\\\/salonforall.es\\\/\"},{\"@type\":\"ListItem\",\"position\":2,\"name\":\"Winkel\",\"item\":\"https:\\\/\\\/salonforall.es\\\/winkel\\\/\"},{\"@type\":\"ListItem\",\"position\":3,\"name\":\"Absorbedor De Polvo Incorporado Momo S-41 Plateado\"}]},{\"@type\":\"WebSite\",\"@id\":\"https:\\\/\\\/salonforall.es\\\/#website\",\"url\":\"https:\\\/\\\/salonforall.es\\\/\",\"name\":\"Salon For ALL Espa\u00f1a\",\"description\":\"Mayorista de mobiliario y suministros para consultorios y salones\",\"publisher\":{\"@id\":\"https:\\\/\\\/salonforall.es\\\/#organization\"},\"potentialAction\":[{\"@type\":\"SearchAction\",\"target\":{\"@type\":\"EntryPoint\",\"urlTemplate\":\"https:\\\/\\\/salonforall.es\\\/?s={search_term_string}\"},\"query-input\":{\"@type\":\"PropertyValueSpecification\",\"valueRequired\":true,\"valueName\":\"search_term_string\"}}],\"inLanguage\":\"pt-PT\"},{\"@type\":\"Organization\",\"@id\":\"https:\\\/\\\/salonforall.es\\\/#organization\",\"name\":\"Salon For All B.V. Espa\u00f1a\",\"alternateName\":\"Salon For All B.V. Espa\u00f1a - Mayorista de equipamiento para consultas, salones y suministros\",\"url\":\"https:\\\/\\\/salonforall.es\\\/\",\"logo\":{\"@type\":\"ImageObject\",\"inLanguage\":\"pt-PT\",\"@id\":\"https:\\\/\\\/salonforall.es\\\/#\\\/schema\\\/logo\\\/image\\\/\",\"url\":\"https:\\\/\\\/salonforall.es\\\/wp-content\\\/uploads\\\/2025\\\/11\\\/logo-salon-for-all-e1764543185849.png\",\"contentUrl\":\"https:\\\/\\\/salonforall.es\\\/wp-content\\\/uploads\\\/2025\\\/11\\\/logo-salon-for-all-e1764543185849.png\",\"width\":500,\"height\":150,\"caption\":\"Salon For All B.V. Espa\u00f1a\"},\"image\":{\"@id\":\"https:\\\/\\\/salonforall.es\\\/#\\\/schema\\\/logo\\\/image\\\/\"}}]}<\/script>\n<!-- \/ Yoast SEO plugin. -->","yoast_head_json":{"title":"Momo S-41 Prata Absorvente de poeira embutido Prata Momo S-41 comprar","description":"Comprar Momo S-41 Silver Dust Absorber online ou no showroom da Salon For ALL Espanha. O grossista para sal\u00f5es, consult\u00f3rios e spas em Espanha e Portugal.","robots":{"index":"index","follow":"follow","max-snippet":"max-snippet:-1","max-image-preview":"max-image-preview:large","max-video-preview":"max-video-preview:-1"},"canonical":"https:\/\/salonforall.es\/pt\/momo-s-41-absorvente-de-po-incorporado-prateado\/","og_locale":"pt_PT","og_type":"article","og_title":"Absorbedor De Polvo Incorporado Momo S-41 Plateado","og_description":"Compra Absorbedor De Polvo Incorporado Momo S-41 Plateado online o en el showroom en Salon For ALL Espa\u00f1a. El mayorista para salones, consultas y spas en Espa\u00f1a y Portugal.","og_url":"https:\/\/salonforall.es\/pt\/momo-s-41-absorvente-de-po-incorporado-prateado\/","og_site_name":"Salon For ALL Espa\u00f1a","article_modified_time":"2026-03-24T15:04:22+00:00","og_image":[{"width":1200,"height":1200,"url":"https:\/\/salonforall.es\/wp-content\/uploads\/2025\/12\/Absorbedor-De-Polvo-Incorporado-Momo-S-41-Plateado.jpg","type":"image\/jpeg"}],"twitter_card":"summary_large_image","twitter_title":"Absorbedor De Polvo Incorporado Momo S-41 Plateado","twitter_misc":{"Tempo estimado de leitura":"9 minutos"},"schema":{"@context":"https:\/\/schema.org","@graph":[{"@type":"WebPage","@id":"https:\/\/salonforall.es\/absorbedor-de-polvo-incorporado-momo-s-41-plateado\/","url":"https:\/\/salonforall.es\/absorbedor-de-polvo-incorporado-momo-s-41-plateado\/","name":"Momo S-41 Prata Absorvente de poeira embutido Prata Momo S-41 comprar","isPartOf":{"@id":"https:\/\/salonforall.es\/#website"},"primaryImageOfPage":{"@id":"https:\/\/salonforall.es\/absorbedor-de-polvo-incorporado-momo-s-41-plateado\/#primaryimage"},"image":{"@id":"https:\/\/salonforall.es\/absorbedor-de-polvo-incorporado-momo-s-41-plateado\/#primaryimage"},"thumbnailUrl":"https:\/\/salonforall.es\/wp-content\/uploads\/2025\/12\/Absorbedor-De-Polvo-Incorporado-Momo-S-41-Plateado.jpg","datePublished":"2025-12-02T10:57:53+00:00","dateModified":"2026-03-24T15:04:22+00:00","description":"Comprar Momo S-41 Silver Dust Absorber online ou no showroom da Salon For ALL Espanha. O grossista para sal\u00f5es, consult\u00f3rios e spas em Espanha e Portugal.","breadcrumb":{"@id":"https:\/\/salonforall.es\/absorbedor-de-polvo-incorporado-momo-s-41-plateado\/#breadcrumb"},"inLanguage":"pt-PT","potentialAction":[{"@type":"ReadAction","target":["https:\/\/salonforall.es\/absorbedor-de-polvo-incorporado-momo-s-41-plateado\/"]}]},{"@type":"ImageObject","inLanguage":"pt-PT","@id":"https:\/\/salonforall.es\/absorbedor-de-polvo-incorporado-momo-s-41-plateado\/#primaryimage","url":"https:\/\/salonforall.es\/wp-content\/uploads\/2025\/12\/Absorbedor-De-Polvo-Incorporado-Momo-S-41-Plateado.jpg","contentUrl":"https:\/\/salonforall.es\/wp-content\/uploads\/2025\/12\/Absorbedor-De-Polvo-Incorporado-Momo-S-41-Plateado.jpg","width":1200,"height":1200,"caption":"Absorbedor De Polvo Incorporado Momo S-41 Plateado"},{"@type":"BreadcrumbList","@id":"https:\/\/salonforall.es\/absorbedor-de-polvo-incorporado-momo-s-41-plateado\/#breadcrumb","itemListElement":[{"@type":"ListItem","position":1,"name":"Home","item":"https:\/\/salonforall.es\/"},{"@type":"ListItem","position":2,"name":"Winkel","item":"https:\/\/salonforall.es\/winkel\/"},{"@type":"ListItem","position":3,"name":"Absorbedor De Polvo Incorporado Momo S-41 Plateado"}]},{"@type":"WebSite","@id":"https:\/\/salonforall.es\/#website","url":"https:\/\/salonforall.es\/","name":"Sal\u00e3o de beleza para toda a Espanha","description":"Grossista de mobili\u00e1rio e material para sal\u00f5es de beleza e consult\u00f3rios","publisher":{"@id":"https:\/\/salonforall.es\/#organization"},"potentialAction":[{"@type":"SearchAction","target":{"@type":"EntryPoint","urlTemplate":"https:\/\/salonforall.es\/?s={search_term_string}"},"query-input":{"@type":"PropertyValueSpecification","valueRequired":true,"valueName":"search_term_string"}}],"inLanguage":"pt-PT"},{"@type":"Organization","@id":"https:\/\/salonforall.es\/#organization","name":"Salon For All B.V. Espanha","alternateName":"Salon For All B.V. Espa\u00f1a - Mayorista de equipamiento para consultas, salones y suministros","url":"https:\/\/salonforall.es\/","logo":{"@type":"ImageObject","inLanguage":"pt-PT","@id":"https:\/\/salonforall.es\/#\/schema\/logo\/image\/","url":"https:\/\/salonforall.es\/wp-content\/uploads\/2025\/11\/logo-salon-for-all-e1764543185849.png","contentUrl":"https:\/\/salonforall.es\/wp-content\/uploads\/2025\/11\/logo-salon-for-all-e1764543185849.png","width":500,"height":150,"caption":"Salon For All B.V. Espa\u00f1a"},"image":{"@id":"https:\/\/salonforall.es\/#\/schema\/logo\/image\/"}}]}},"_links":{"self":[{"href":"https:\/\/salonforall.es\/pt\/wp-json\/wp\/v2\/product\/3584","targetHints":{"allow":["GET"]}}],"collection":[{"href":"https:\/\/salonforall.es\/pt\/wp-json\/wp\/v2\/product"}],"about":[{"href":"https:\/\/salonforall.es\/pt\/wp-json\/wp\/v2\/types\/product"}],"replies":[{"embeddable":true,"href":"https:\/\/salonforall.es\/pt\/wp-json\/wp\/v2\/comments?post=3584"}],"wp:featuredmedia":[{"embeddable":true,"href":"https:\/\/salonforall.es\/pt\/wp-json\/wp\/v2\/media\/3585"}],"wp:attachment":[{"href":"https:\/\/salonforall.es\/pt\/wp-json\/wp\/v2\/media?parent=3584"}],"wp:term":[{"taxonomy":"product_brand","embeddable":true,"href":"https:\/\/salonforall.es\/pt\/wp-json\/wp\/v2\/product_brand?post=3584"},{"taxonomy":"product_cat","embeddable":true,"href":"https:\/\/salonforall.es\/pt\/wp-json\/wp\/v2\/product_cat?post=3584"},{"taxonomy":"product_tag","embeddable":true,"href":"https:\/\/salonforall.es\/pt\/wp-json\/wp\/v2\/product_tag?post=3584"}],"curies":[{"name":"wp","href":"https:\/\/api.w.org\/{rel}","templated":true}]}}