{"id":277,"date":"2023-06-07T12:44:17","date_gmt":"2023-06-07T12:44:17","guid":{"rendered":"https:\/\/dummy.xtemos.com\/woodmart2\/furniture2\/?post_type=product&#038;p=277"},"modified":"2025-11-26T12:09:46","modified_gmt":"2025-11-26T11:09:46","slug":"arbour","status":"publish","type":"product","link":"https:\/\/salonforall.es\/pt\/arbour\/","title":{"rendered":"Arboreto"},"content":{"rendered":"<div class=\"wpb-content-wrapper\"><div class=\"vc_row wpb_row vc_row-fluid\"><div class=\"wpb_column vc_column_container vc_col-sm-12\"><div class=\"vc_column-inner\"><div class=\"wpb_wrapper\">\t\t<div id=\"wd-648071e77833a\" class=\"wd-image wd-wpb wd-rs-648071e77833a text-left\">\n\t\t\t\n\t\t\t<img loading=\"lazy\" decoding=\"async\" width=\"680\" height=\"280\" src=\"https:\/\/salonforall.es\/wp-content\/uploads\/2023\/06\/description-about-brand-3.jpg\" class=\"attachment-full size-full\" alt=\"\" \/>\n\t\t\t\t\t<\/div>\n\t\t\t\t<div id=\"wd-642d894344fd8\" class=\"wd-text-block wd-wpb reset-last-child wd-rs-642d894344fd8 text-left\">\n\t\t\t<p>A empresa reinterpreta a tradi\u00e7\u00e3o chamando designers internacionais para trabalhar com ela e desenvolvendo novas tecnologias e materiais para garantir resultados inovadores e surpreendentes. A paix\u00e3o \u00e9 o motor que impulsiona a marca - juntamente com os seus criativos de renome e colaboradores de alto n\u00edvel - a procurar solu\u00e7\u00f5es originais utilizando materiais, m\u00e9todos, ferramentas e tecnologias avan\u00e7adas.<\/p>\n\t\t<\/div>\n\t\t\n\t\t<ul class=\"wd-rs-648071cd5bf68 wd-list wd-wpb color-scheme- wd-fontsize-s wd-type-image wd-style-default text-left vc_custom_1686139351606\" id=\"wd-648071cd5bf68\">\n\t\t\t\t\t\t\t\t\t\t\t<li>\n\t\t\t\t\t<span class=\"wd-icon\"><img decoding=\"async\"  src=\"https:\/\/salonforall.es\/wp-content\/uploads\/2023\/06\/wd-furniture-dot-list.svg\" title=\"wd-mobili\u00e1rio-lista de pontos\" loading=\"lazy\" width=\"6\" height=\"6\"><\/span>\n\t\t\t\t\t<span class=\"wd-list-content list-content\">\n\t\t\t\t\t\t\t\t\t\t\t\t\tEscolha artigos num \u00fanico esquema de cores e estilo\t\t\t\t\t\t\t\t\t\t\t<\/span>\n\t\t\t\t<\/li>\n\t\t\t\t\t\t\t\t\t\t\t<li>\n\t\t\t\t\t<span class=\"wd-icon\"><img decoding=\"async\"  src=\"https:\/\/salonforall.es\/wp-content\/uploads\/2023\/06\/wd-furniture-dot-list.svg\" title=\"wd-mobili\u00e1rio-lista de pontos\" loading=\"lazy\" width=\"6\" height=\"6\"><\/span>\n\t\t\t\t\t<span class=\"wd-list-content list-content\">\n\t\t\t\t\t\t\t\t\t\t\t\t\tConsiderar a \u00e1rea da divis\u00e3o\t\t\t\t\t\t\t\t\t\t\t<\/span>\n\t\t\t\t<\/li>\n\t\t\t\t\t\t\t\t\t\t\t<li>\n\t\t\t\t\t<span class=\"wd-icon\"><img decoding=\"async\"  src=\"https:\/\/salonforall.es\/wp-content\/uploads\/2023\/06\/wd-furniture-dot-list.svg\" title=\"wd-mobili\u00e1rio-lista de pontos\" loading=\"lazy\" width=\"6\" height=\"6\"><\/span>\n\t\t\t\t\t<span class=\"wd-list-content list-content\">\n\t\t\t\t\t\t\t\t\t\t\t\t\tN\u00e3o comprar pe\u00e7as de mobili\u00e1rio desnecess\u00e1rias\t\t\t\t\t\t\t\t\t\t\t<\/span>\n\t\t\t\t<\/li>\n\t\t\t\t\t<\/ul>\n\t\t<\/div><\/div><\/div><\/div>\n<\/div>","protected":false},"excerpt":{"rendered":"<p>As formas org\u00e2nicas esguias s\u00e3o fluidas e graciosas. Noguchi real\u00e7a a leveza dos elementos com estofos finos mas confort\u00e1veis e uma escolha de tecidos de revestimento em cores naturais.<\/p>","protected":false},"featured_media":278,"comment_status":"open","ping_status":"closed","template":"","meta":[],"product_brand":[58],"product_cat":[28],"product_tag":[],"class_list":{"0":"post-277","1":"product","2":"type-product","3":"status-publish","4":"has-post-thumbnail","6":"product_brand-bitte","7":"product_cat-sofas","9":"first","10":"instock","11":"taxable","12":"shipping-taxable","13":"purchasable","14":"product-type-variable"},"yoast_head":"<!-- This site is optimized with the Yoast SEO plugin v27.2 - https:\/\/yoast.com\/product\/yoast-seo-wordpress\/ -->\n<title>Arbour<\/title>\n<meta name=\"description\" content=\"Compra Arbour online o en el showroom en Salon For ALL Espa\u00f1a. El mayorista para salones, consultas y spas en Espa\u00f1a y Portugal.\" \/>\n<meta name=\"robots\" content=\"index, follow, max-snippet:-1, max-image-preview:large, max-video-preview:-1\" \/>\n<link rel=\"canonical\" href=\"https:\/\/salonforall.es\/pt\/produto\/arbour\/\" \/>\n<meta property=\"og:locale\" content=\"pt_PT\" \/>\n<meta property=\"og:type\" content=\"article\" \/>\n<meta property=\"og:title\" content=\"Arbour\" \/>\n<meta property=\"og:description\" content=\"Compra Arbour online o en el showroom en Salon For ALL Espa\u00f1a. El mayorista para salones, consultas y spas en Espa\u00f1a y Portugal.\" \/>\n<meta property=\"og:url\" content=\"https:\/\/salonforall.es\/pt\/produto\/arbour\/\" \/>\n<meta property=\"og:site_name\" content=\"Salon For ALL Espa\u00f1a\" \/>\n<meta property=\"article:modified_time\" content=\"2025-11-26T11:09:46+00:00\" \/>\n<meta property=\"og:image\" content=\"https:\/\/salonforall.es\/wp-content\/uploads\/2023\/06\/wd-furniture-sofas-prod-4-1.jpg\" \/>\n\t<meta property=\"og:image:width\" content=\"700\" \/>\n\t<meta property=\"og:image:height\" content=\"800\" \/>\n\t<meta property=\"og:image:type\" content=\"image\/jpeg\" \/>\n<meta name=\"twitter:card\" content=\"summary_large_image\" \/>\n<meta name=\"twitter:label1\" content=\"Tempo estimado de leitura\" \/>\n\t<meta name=\"twitter:data1\" content=\"2 minutos\" \/>\n<script type=\"application\/ld+json\" class=\"yoast-schema-graph\">{\"@context\":\"https:\/\/schema.org\",\"@graph\":[{\"@type\":\"WebPage\",\"@id\":\"https:\/\/salonforall.es\/product\/arbour\/\",\"url\":\"https:\/\/salonforall.es\/product\/arbour\/\",\"name\":\"Arbour\",\"isPartOf\":{\"@id\":\"https:\/\/salonforall.es\/#website\"},\"primaryImageOfPage\":{\"@id\":\"https:\/\/salonforall.es\/product\/arbour\/#primaryimage\"},\"image\":{\"@id\":\"https:\/\/salonforall.es\/product\/arbour\/#primaryimage\"},\"thumbnailUrl\":\"https:\/\/salonforall.es\/wp-content\/uploads\/2023\/06\/wd-furniture-sofas-prod-4-1.jpg\",\"datePublished\":\"2023-06-07T12:44:17+00:00\",\"dateModified\":\"2025-11-26T11:09:46+00:00\",\"description\":\"Compra Arbour online o en el showroom en Salon For ALL Espa\u00f1a. El mayorista para salones, consultas y spas en Espa\u00f1a y Portugal.\",\"breadcrumb\":{\"@id\":\"https:\/\/salonforall.es\/product\/arbour\/#breadcrumb\"},\"inLanguage\":\"pt-PT\",\"potentialAction\":[{\"@type\":\"ReadAction\",\"target\":[\"https:\/\/salonforall.es\/product\/arbour\/\"]}]},{\"@type\":\"ImageObject\",\"inLanguage\":\"pt-PT\",\"@id\":\"https:\/\/salonforall.es\/product\/arbour\/#primaryimage\",\"url\":\"https:\/\/salonforall.es\/wp-content\/uploads\/2023\/06\/wd-furniture-sofas-prod-4-1.jpg\",\"contentUrl\":\"https:\/\/salonforall.es\/wp-content\/uploads\/2023\/06\/wd-furniture-sofas-prod-4-1.jpg\",\"width\":700,\"height\":800},{\"@type\":\"BreadcrumbList\",\"@id\":\"https:\/\/salonforall.es\/product\/arbour\/#breadcrumb\",\"itemListElement\":[{\"@type\":\"ListItem\",\"position\":1,\"name\":\"Home\",\"item\":\"https:\/\/salonforall.es\/\"},{\"@type\":\"ListItem\",\"position\":2,\"name\":\"Winkel\",\"item\":\"https:\/\/salonforall.es\/winkel\/\"},{\"@type\":\"ListItem\",\"position\":3,\"name\":\"Arbour\"}]},{\"@type\":\"WebSite\",\"@id\":\"https:\/\/salonforall.es\/#website\",\"url\":\"https:\/\/salonforall.es\/\",\"name\":\"Salon For ALL Espa\u00f1a\",\"description\":\"Mayorista de mobiliario y suministros para consultorios y salones\",\"publisher\":{\"@id\":\"https:\/\/salonforall.es\/#organization\"},\"potentialAction\":[{\"@type\":\"SearchAction\",\"target\":{\"@type\":\"EntryPoint\",\"urlTemplate\":\"https:\/\/salonforall.es\/?s={search_term_string}\"},\"query-input\":{\"@type\":\"PropertyValueSpecification\",\"valueRequired\":true,\"valueName\":\"search_term_string\"}}],\"inLanguage\":\"pt-PT\"},{\"@type\":\"Organization\",\"@id\":\"https:\/\/salonforall.es\/#organization\",\"name\":\"Salon For All B.V. Espa\u00f1a\",\"alternateName\":\"Salon For All B.V. Espa\u00f1a - Mayorista de equipamiento para consultas, salones y suministros\",\"url\":\"https:\/\/salonforall.es\/\",\"logo\":{\"@type\":\"ImageObject\",\"inLanguage\":\"pt-PT\",\"@id\":\"https:\/\/salonforall.es\/#\/schema\/logo\/image\/\",\"url\":\"https:\/\/salonforall.es\/wp-content\/uploads\/2025\/11\/logo-salon-for-all-e1764543185849.png\",\"contentUrl\":\"https:\/\/salonforall.es\/wp-content\/uploads\/2025\/11\/logo-salon-for-all-e1764543185849.png\",\"width\":500,\"height\":150,\"caption\":\"Salon For All B.V. Espa\u00f1a\"},\"image\":{\"@id\":\"https:\/\/salonforall.es\/#\/schema\/logo\/image\/\"}}]}<\/script>\n<!-- \/ Yoast SEO plugin. -->","yoast_head_json":{"title":"Arboreto","description":"Compra Arbour online o en el showroom en Salon For ALL Espa\u00f1a. El mayorista para salones, consultas y spas en Espa\u00f1a y Portugal.","robots":{"index":"index","follow":"follow","max-snippet":"max-snippet:-1","max-image-preview":"max-image-preview:large","max-video-preview":"max-video-preview:-1"},"canonical":"https:\/\/salonforall.es\/pt\/produto\/arbour\/","og_locale":"pt_PT","og_type":"article","og_title":"Arbour","og_description":"Compra Arbour online o en el showroom en Salon For ALL Espa\u00f1a. El mayorista para salones, consultas y spas en Espa\u00f1a y Portugal.","og_url":"https:\/\/salonforall.es\/pt\/produto\/arbour\/","og_site_name":"Salon For ALL Espa\u00f1a","article_modified_time":"2025-11-26T11:09:46+00:00","og_image":[{"width":700,"height":800,"url":"https:\/\/salonforall.es\/wp-content\/uploads\/2023\/06\/wd-furniture-sofas-prod-4-1.jpg","type":"image\/jpeg"}],"twitter_card":"summary_large_image","twitter_misc":{"Tempo estimado de leitura":"2 minutos"},"schema":{"@context":"https:\/\/schema.org","@graph":[{"@type":"WebPage","@id":"https:\/\/salonforall.es\/product\/arbour\/","url":"https:\/\/salonforall.es\/product\/arbour\/","name":"Arboreto","isPartOf":{"@id":"https:\/\/salonforall.es\/#website"},"primaryImageOfPage":{"@id":"https:\/\/salonforall.es\/product\/arbour\/#primaryimage"},"image":{"@id":"https:\/\/salonforall.es\/product\/arbour\/#primaryimage"},"thumbnailUrl":"https:\/\/salonforall.es\/wp-content\/uploads\/2023\/06\/wd-furniture-sofas-prod-4-1.jpg","datePublished":"2023-06-07T12:44:17+00:00","dateModified":"2025-11-26T11:09:46+00:00","description":"Compra Arbour online o en el showroom en Salon For ALL Espa\u00f1a. El mayorista para salones, consultas y spas en Espa\u00f1a y Portugal.","breadcrumb":{"@id":"https:\/\/salonforall.es\/product\/arbour\/#breadcrumb"},"inLanguage":"pt-PT","potentialAction":[{"@type":"ReadAction","target":["https:\/\/salonforall.es\/product\/arbour\/"]}]},{"@type":"ImageObject","inLanguage":"pt-PT","@id":"https:\/\/salonforall.es\/product\/arbour\/#primaryimage","url":"https:\/\/salonforall.es\/wp-content\/uploads\/2023\/06\/wd-furniture-sofas-prod-4-1.jpg","contentUrl":"https:\/\/salonforall.es\/wp-content\/uploads\/2023\/06\/wd-furniture-sofas-prod-4-1.jpg","width":700,"height":800},{"@type":"BreadcrumbList","@id":"https:\/\/salonforall.es\/product\/arbour\/#breadcrumb","itemListElement":[{"@type":"ListItem","position":1,"name":"Home","item":"https:\/\/salonforall.es\/"},{"@type":"ListItem","position":2,"name":"Winkel","item":"https:\/\/salonforall.es\/winkel\/"},{"@type":"ListItem","position":3,"name":"Arbour"}]},{"@type":"WebSite","@id":"https:\/\/salonforall.es\/#website","url":"https:\/\/salonforall.es\/","name":"Sal\u00e3o de beleza para toda a Espanha","description":"Grossista de mobili\u00e1rio e material para sal\u00f5es de beleza e consult\u00f3rios","publisher":{"@id":"https:\/\/salonforall.es\/#organization"},"potentialAction":[{"@type":"SearchAction","target":{"@type":"EntryPoint","urlTemplate":"https:\/\/salonforall.es\/?s={search_term_string}"},"query-input":{"@type":"PropertyValueSpecification","valueRequired":true,"valueName":"search_term_string"}}],"inLanguage":"pt-PT"},{"@type":"Organization","@id":"https:\/\/salonforall.es\/#organization","name":"Salon For All B.V. Espanha","alternateName":"Salon For All B.V. Espa\u00f1a - Mayorista de equipamiento para consultas, salones y suministros","url":"https:\/\/salonforall.es\/","logo":{"@type":"ImageObject","inLanguage":"pt-PT","@id":"https:\/\/salonforall.es\/#\/schema\/logo\/image\/","url":"https:\/\/salonforall.es\/wp-content\/uploads\/2025\/11\/logo-salon-for-all-e1764543185849.png","contentUrl":"https:\/\/salonforall.es\/wp-content\/uploads\/2025\/11\/logo-salon-for-all-e1764543185849.png","width":500,"height":150,"caption":"Salon For All B.V. Espa\u00f1a"},"image":{"@id":"https:\/\/salonforall.es\/#\/schema\/logo\/image\/"}}]}},"_links":{"self":[{"href":"https:\/\/salonforall.es\/pt\/wp-json\/wp\/v2\/product\/277","targetHints":{"allow":["GET"]}}],"collection":[{"href":"https:\/\/salonforall.es\/pt\/wp-json\/wp\/v2\/product"}],"about":[{"href":"https:\/\/salonforall.es\/pt\/wp-json\/wp\/v2\/types\/product"}],"replies":[{"embeddable":true,"href":"https:\/\/salonforall.es\/pt\/wp-json\/wp\/v2\/comments?post=277"}],"wp:featuredmedia":[{"embeddable":true,"href":"https:\/\/salonforall.es\/pt\/wp-json\/wp\/v2\/media\/278"}],"wp:attachment":[{"href":"https:\/\/salonforall.es\/pt\/wp-json\/wp\/v2\/media?parent=277"}],"wp:term":[{"taxonomy":"product_brand","embeddable":true,"href":"https:\/\/salonforall.es\/pt\/wp-json\/wp\/v2\/product_brand?post=277"},{"taxonomy":"product_cat","embeddable":true,"href":"https:\/\/salonforall.es\/pt\/wp-json\/wp\/v2\/product_cat?post=277"},{"taxonomy":"product_tag","embeddable":true,"href":"https:\/\/salonforall.es\/pt\/wp-json\/wp\/v2\/product_tag?post=277"}],"curies":[{"name":"wp","href":"https:\/\/api.w.org\/{rel}","templated":true}]}}