{"id":2128,"date":"2025-12-02T11:46:25","date_gmt":"2025-12-02T10:46:25","guid":{"rendered":"https:\/\/salonforall.es\/product\/gabbiano-infrazon-de-pie-gl-505s-plateado\/"},"modified":"2026-03-24T14:46:42","modified_gmt":"2026-03-24T13:46:42","slug":"bomba-de-pe-gabbiano-gl-505s-prateada","status":"publish","type":"product","link":"https:\/\/salonforall.es\/pt\/gabbiano-infrazon-de-pie-gl-505s-plateado\/","title":{"rendered":"Gabbiano Silver Gl-505S Bra\u00e7o de apoio de ch\u00e3o Gl-505S"},"content":{"rendered":"<h2>Informa\u00e7\u00f5es sobre o suporte de ch\u00e3o Gabbiano Gl-505S Silver com o n\u00famero de artigo 109519<\/h2>\n<p><img decoding=\"async\" src=\"https:\/\/activeshop.com.pl\/media\/wysiwyg\/product\/149517\/EN_149517_1.jpg\"><\/p>\n<p><strong>Gabbiano<\/strong> \u00e9 uma marca de luxo de equipamento e mobili\u00e1rio de cabeleireiro, que se distingue pela fiabilidade, qualidade, est\u00e9tica de fabrico e elevado conforto para o utilizador. Oferece uma vasta sele\u00e7\u00e3o de equipamentos funcionais para sal\u00f5es de cabeleireiro, tais como cadeiras, m\u00e1quinas de lavar e infrazones.<\/p>\n<p><img decoding=\"async\" src=\"https:\/\/activeshop.com.pl\/media\/wysiwyg\/product\/149517\/EN_149517_2.jpg\"><\/p>\n<h2><strong>Um dispositivo para trabalho profissional<\/strong><\/h2>\n<p><strong>A unidade profissional de aquecimento por piso radiante Gabbiano GL-505S<\/strong> \u00e9 um dispositivo essencial para a realiza\u00e7\u00e3o de servi\u00e7os que requerem temperaturas elevadas, tais como tratamentos de colora\u00e7\u00e3o, branqueamento, escovagem ou secagem com secador, bem como penteados permanentes. O aparelho reduz significativamente a dura\u00e7\u00e3o do tratamento, o que permite servir mais clientes, mantendo a elevada qualidade do servi\u00e7o.<\/p>\n<p><img decoding=\"async\" src=\"https:\/\/activeshop.com.pl\/media\/wysiwyg\/product\/149517\/EN_149517_3.jpg\"><\/p>\n<h2><strong>Painel de controlo com ampla gama de regula\u00e7\u00e3o<\/strong><\/h2>\n<p><strong>Regula\u00e7\u00e3o eletr\u00f3nica dos par\u00e2metros<\/strong> facilita muito o trabalho do cabeleireiro. O aparelho possui um painel de controlo com visor digital. Com ele, a pot\u00eancia de cada uma das cinco sa\u00eddas de ar pode ser regulada de forma eficiente e independente em quatro n\u00edveis, assim como a temperatura (numa gama de 70-90 \u00b0C) ou a dura\u00e7\u00e3o do tratamento (entre 1 e 59 minutos). Al\u00e9m disso, o aparelho possui uma fun\u00e7\u00e3o de ozono. O aparelho melhora significativamente o desempenho de v\u00e1rios tratamentos.<\/p>\n<p><img decoding=\"async\" src=\"https:\/\/activeshop.com.pl\/media\/wysiwyg\/product\/149517\/EN_149517_4.jpg\"><\/p>\n<h2><strong>Design simples e funcional<\/strong><\/h2>\n<p><strong>A sua habita\u00e7\u00e3o futurista<\/strong> feito de pl\u00e1stico resistente em tons de preto, confere ao aparelho um aspeto moderno e \u00fanico, ideal para a maioria dos interiores. Al\u00e9m disso, \u00e9 resistente e f\u00e1cil de limpar. A sua base de quatro bra\u00e7os com rod\u00edzios proporciona estabilidade, garantindo a mobilidade. <strong>Ajust\u00e1vel numa gama de 142-162 cm<\/strong>, O trip\u00e9 garante um trabalho confort\u00e1vel e adapta o aparelho \u00e0s necessidades individuais.<\/p>\n<p><img decoding=\"async\" src=\"https:\/\/activeshop.com.pl\/media\/wysiwyg\/product\/149517\/EN_149517_5.jpg\"><\/p>\n<p>As medidas do aparelho s\u00e3o apresentadas na imagem.<\/p>\n<p><strong>Dados t\u00e9cnicos:<\/strong><br \/>Cor: preto<br \/>Regula\u00e7\u00e3o da temperatura: 70-90 \u00b0C<br \/>N\u00famero de cabe\u00e7as de aquecimento: 5<br \/>Alimenta\u00e7\u00e3o de ar de cinco watts<br \/>Pot\u00eancia: 1350 W<br \/>Tens\u00e3o de entrada: 220-240 V<\/p>\n<p>Os produtos da Activeshop s\u00e3o proporcionalmente mais baratos do que os de muitas outras marcas\/fornecedores. O pre\u00e7o est\u00e1 em rela\u00e7\u00e3o com a qualidade. O cadeir\u00e3o de ch\u00e3o Gabbiano Silver Gl-505S \u00e9, portanto, uma solu\u00e7\u00e3o econ\u00f3mica para o seu sal\u00e3o.<\/p>\n<h2>Como \u00e9 entregue o Gabbiano Infrazon Gl-505S Silver?<\/h2>\n<p>O Gabbiano Infrazon De Pie Gl-505S Silver \u00e9 entregue na(s) embalagem(ns) original(ais). Em Espanha, a entrega de Gabbiano Infrazon de Pie Gl-505S Prata \u00e9 totalmente gratuita para encomendas superiores a 100,- Euro. Para envios para outros pa\u00edses, aplicam-se taxas de envio separadas. Pode verificar estas taxas connosco ou v\u00ea-las no carrinho de compras. A poltrona de ch\u00e3o Gabbiano Silver Gl-505S \u00e9 enviada atrav\u00e9s de um servi\u00e7o de correio externo.<\/p>\n<p>As encomendas ou paletes s\u00e3o entregues, por norma, at\u00e9 \u00e0 soleira da porta da frente, mesmo que se encontre num edif\u00edcio coletivo, num edif\u00edcio de apartamentos ou num complexo de apartamentos com elevador (desde que o artigo caiba no elevador). N\u00e3o h\u00e1 elevador dispon\u00edvel ou o artigo n\u00e3o cabe no elevador? Ent\u00e3o entregamos at\u00e9 \u00e0 soleira do r\u00e9s do ch\u00e3o.<\/p>\n<p>Se ainda tem d\u00favidas sobre a entrega ou uma situa\u00e7\u00e3o especial, contacte-nos e teremos todo o gosto em ajud\u00e1-lo!<\/p>\n<p>*Os artigos n\u00e3o s\u00e3o desempacotados ou montados como padr\u00e3o. Em situa\u00e7\u00f5es especiais, pode contactar-nos para combinarmos as condi\u00e7\u00f5es.<\/p>\n<h2>Compras online seguras na Salon For All com o selo de qualidade Webwinkelkeur e encripta\u00e7\u00e3o SSL.<\/h2>\n<p>\u00c9 importante para n\u00f3s que os nossos clientes possam fazer compras com seguran\u00e7a na nossa loja online. Estamos afiliados ao selo de qualidade nacional Webwinkelkeur desde 2019. A nossa identidade foi verificada e verificada por eles, e a loja online foi verificada e legalmente aprovada. Al\u00e9m disso, a nossa loja online \u00e9 afiliada a eles para media\u00e7\u00e3o de conflitos. Pode ver o log\u00f3tipo com todas as informa\u00e7\u00f5es deste selo de qualidade da loja online no lado esquerdo ou direito da loja online (bot\u00e3o rosa com branco). Al\u00e9m disso, o nosso s\u00edtio est\u00e1 protegido por um certificado SSL para que possa navegar em seguran\u00e7a connosco. Na barra do seu navegador de Internet, onde aparece o nosso s\u00edtio Web, ver\u00e1 um \u00edcone de cadeado. Se clicar no cadeado, obter\u00e1 todas as informa\u00e7\u00f5es sobre a nossa seguran\u00e7a. Desta forma, sabe que a sua encomenda de Poltrona Gabbiano Silver Gl-505S Floor Stand e os seus dados pessoais s\u00e3o processados de forma segura.<\/p>\n<h2>Como posso pagar o cadeir\u00e3o Gabbiano Gl-505S Silver Stand Up?<\/h2>\n<p>Queremos tornar as coisas o mais f\u00e1ceis poss\u00edvel para si. \u00c9 por isso que na Salon For All pode pagar com todos os m\u00e9todos de pagamento populares. Pagar antecipadamente, na entrega ou depois - tudo \u00e9 poss\u00edvel. Veja aqui todos os m\u00e9todos de pagamento que oferecemos:<\/p>\n<ul>\n<li>iDEAL<\/li>\n<li>Cart\u00e3o de cr\u00e9dito (Visa, Mastercard, American Express)<\/li>\n<li>Klarna - Pagamento na entrega com fatura<\/li>\n<li>PayPal<\/li>\n<li>Apple Pay<\/li>\n<li>Google Pay<\/li>\n<li>Bizum (para clientes espanh\u00f3is)<\/li>\n<li>Transfer\u00eancia banc\u00e1ria SEPA<\/li>\n<li>Contacto com o banco<\/li>\n<li>Fatura comercial para empresas<\/li>\n<li>Pagamento na sala de exposi\u00e7\u00f5es - Cart\u00e3o e dinheiro (apenas dispon\u00edvel \u00e0 cobran\u00e7a)<\/li>\n<\/ul>\n<h2>Veja tamb\u00e9m as opini\u00f5es de Salon For All<\/h2>\n<p>Por favor, consulte tamb\u00e9m as nossas opini\u00f5es para ter em conta as experi\u00eancias dos nossos clientes existentes na sua decis\u00e3o de encomendar Gabbiano Foot Control Gl-505S Silver connosco. Atrav\u00e9s do nosso selo de qualidade independente da loja online Webwinkelkeur, s\u00e3o recolhidas automaticamente as opini\u00f5es verificadas dos clientes que efectuaram uma encomenda connosco. Pode encontr\u00e1-las atr\u00e1s do bot\u00e3o cor-de-rosa na nossa loja online ou est\u00e3o listadas por baixo dos produtos.<\/p>\n<p>Compartilhe tamb\u00e9m sua experi\u00eancia ap\u00f3s fazer compras com seu pedido Gabbiano Infrazon De Pie Gl-505S Silver e sua experi\u00eancia com o processo de compra ou entrar em contato com Salon For All para inspirar outras pessoas!<\/p>\n<h2>Contactar o Salon For All<\/h2>\n<p>Contacte-nos ent\u00e3o. Teremos todo o gosto em ajud\u00e1-lo na sua compra de Gabbiano Infrazon De Pie Gl-505S Silver. Nos dias \u00fateis, estamos dispon\u00edveis entre as 8h30 e as 17h00, atrav\u00e9s do n\u00famero de telefone e do endere\u00e7o de correio eletr\u00f3nico indicados no topo da loja online ou atrav\u00e9s da fun\u00e7\u00e3o de chat. Os pedidos de informa\u00e7\u00e3o fora do hor\u00e1rio de expediente s\u00e3o normalmente respondidos no prazo de 24 horas. Tamb\u00e9m \u00e9 poss\u00edvel visitar-nos fora dos dias \u00fateis ou do hor\u00e1rio de expediente. No entanto, \u00e9 necess\u00e1rio efetuar uma marca\u00e7\u00e3o pr\u00e9via.<\/p>\n<h2>Gostaria de visitar a nossa sala de exposi\u00e7\u00f5es?<\/h2>\n<p>Prefere ver Gabbiano Floor Stand Gl-505S Silver ou consultar a nossa oferta de loja (online) juntamente com o nosso colega? Ent\u00e3o visite o nosso showroom com mais de 1000m\u00b2 de equipamento para salas de estar e deixe-se inspirar pelos nossos colaboradores. Al\u00e9m disso, se gosta de nos conhecer agradavelmente com uma ch\u00e1vena de caf\u00e9 ou ch\u00e1, \u00e9 muito bem-vindo. N\u00e3o temos todos os produtos em stock, por isso, por favor, avise-nos com anteced\u00eancia que gostaria de vir. Marque sempre uma visita com anteced\u00eancia.<\/p>\n<h2>14 dias de reflex\u00e3o e a nossa pol\u00edtica de devolu\u00e7\u00e3o<\/h2>\n<p>\u00c9 claro que pode acontecer que a poltrona Gabbiano Silver Gl-505S com suporte de ch\u00e3o entregue n\u00e3o seja totalmente do seu agrado e queira devolv\u00ea-la. Na Salon For All, isso n\u00e3o \u00e9 problema. Deve notificar a sua devolu\u00e7\u00e3o no prazo de 14 dias \u00fateis atrav\u00e9s de info@salonforall.es. Receber\u00e1 ent\u00e3o instru\u00e7\u00f5es completas e condi\u00e7\u00f5es de devolu\u00e7\u00e3o. Por favor, note que o Gabbiano Infrazon De Pie Gl-505S Silver n\u00e3o deve ter sido utilizado, deve conter todas as pe\u00e7as fornecidas e deve ser devolvido na embalagem original. Os custos de transporte para uma devolu\u00e7\u00e3o s\u00e3o sempre a cargo do comprador nas compras efectuadas atrav\u00e9s do site www.salonforall.es. Para uma devolu\u00e7\u00e3o, o comprador deve organizar o transporte com uma transportadora \u00e0 sua escolha. Ap\u00f3s a devolu\u00e7\u00e3o do Gabbiano Infrazon De Pie Gl-505S Silver, ser\u00e1 efectuada uma verifica\u00e7\u00e3o da integridade do produto e de eventuais danos. Uma vez aprovada a devolu\u00e7\u00e3o, o montante da compra ser\u00e1 reembolsado no prazo de 5 dias \u00fateis na conta banc\u00e1ria que temos registada.<\/p>\n<h2>Quem \u00e9 o Salon For All?<\/h2>\n<p>A Salon For All \u00e9 o grossista de todo o equipamento para sal\u00f5es de beleza na Europa. A Salon For All come\u00e7ou em 2003 com o nome Salonvoordeel e cresceu a partir da pr\u00e1tica. Os propriet\u00e1rios da Salon For All eram cabeleireiros experientes e especialistas em beleza e t\u00eam, em conjunto, mais de 30 anos de experi\u00eancia pr\u00e1tica. Em 2003, lan\u00e7\u00e1mos o Salonvoordeel.nl (Pa\u00edses Baixos) e, posteriormente, o Salon For All foi fundado para o mercado europeu. Alguns dos nossos funcion\u00e1rios come\u00e7aram o seu pr\u00f3prio neg\u00f3cio e assim nasceu a ideia de lan\u00e7ar uma loja online funcional para cabeleireiros e para os ajudar com o seu equipamento de sal\u00e3o.<\/p>\n<p>O nosso showroom est\u00e1 situado em Dinxperlo, diretamente na fronteira entre os Pa\u00edses Baixos e a Alemanha. Com os nossos muitos anos de experi\u00eancia no sector, podemos servir de espelho e fornecer-lhe os conselhos certos - falamos a mesma l\u00edngua! Aconselhamo-lo, inspiramo-nos, motivamo-lo e apoiamo-lo na compra de Gabbiano Floor Stand Armchair Gl-505S Silver. Os nossos fornecedores est\u00e3o localizados em toda a Europa, desde a Alemanha, Inglaterra, It\u00e1lia at\u00e9 \u00e0 Pol\u00f3nia.<\/p>","protected":false},"excerpt":{"rendered":"<p>O suporte de ch\u00e3o Gabbiano Silver Gl-505S \u00e9 uma solu\u00e7\u00e3o de alta qualidade para qualquer sala de estar. O prazo de entrega estimado \u00e9 de aproximadamente 6 dias \u00fateis.<\/p>","protected":false},"featured_media":2129,"comment_status":"open","ping_status":"open","template":"","meta":[],"product_brand":[95],"product_cat":[96,114,115],"product_tag":[100,116],"class_list":{"0":"post-2128","1":"product","2":"type-product","3":"status-publish","4":"has-post-thumbnail","6":"product_brand-gabbiano","7":"product_cat-equipamiento-de-peluqueria","8":"product_cat-equipamiento-de-peluqueria-equipamiento-de-peluqueria","9":"product_cat-saunas-e-infrasonadores-gabbiano","10":"product_tag-equipamiento-de-peluqueria","11":"product_tag-saunas-e-infrasonadores-gabbiano","12":"pa_codigo-ean-7759","13":"pa_garantia-12-meses","14":"pa_marca-gabbiano","15":"pa_numero-de-articulo-117","16":"pa_tiempo-estimado-de-entrega-4-5-dias-laborables","18":"first","19":"outofstock","20":"sale","21":"taxable","22":"shipping-taxable","23":"purchasable","24":"product-type-simple"},"yoast_head":"<!-- This site is optimized with the Yoast SEO plugin v27.6 - https:\/\/yoast.com\/product\/yoast-seo-wordpress\/ -->\n<title>Gabbiano Infraz\u00f3n De Pie Gl-505S Plateado comprar<\/title>\n<meta name=\"description\" content=\"Compra Gabbiano Infraz\u00f3n De Pie Gl-505S Plateado online o en el showroom en Salon For ALL Espa\u00f1a. El mayorista para salones, consultas y spas en Espa\u00f1a y Portugal.\" \/>\n<meta name=\"robots\" content=\"index, follow, max-snippet:-1, max-image-preview:large, max-video-preview:-1\" \/>\n<link rel=\"canonical\" href=\"https:\/\/salonforall.es\/pt\/bomba-de-pe-gabbiano-gl-505s-prateada\/\" \/>\n<meta property=\"og:locale\" content=\"pt_PT\" \/>\n<meta property=\"og:type\" content=\"article\" \/>\n<meta property=\"og:title\" content=\"Gabbiano Infraz\u00f3n De Pie Gl-505S Plateado\" \/>\n<meta property=\"og:description\" content=\"Compra Gabbiano Infraz\u00f3n De Pie Gl-505S Plateado online o en el showroom en Salon For ALL Espa\u00f1a. El mayorista para salones, consultas y spas en Espa\u00f1a y Portugal.\" \/>\n<meta property=\"og:url\" content=\"https:\/\/salonforall.es\/pt\/bomba-de-pe-gabbiano-gl-505s-prateada\/\" \/>\n<meta property=\"og:site_name\" content=\"Salon For ALL Espa\u00f1a\" \/>\n<meta property=\"article:modified_time\" content=\"2026-03-24T13:46:42+00:00\" \/>\n<meta property=\"og:image\" content=\"https:\/\/salonforall.es\/wp-content\/uploads\/2025\/12\/Gabbiano-Infrazon-De-Pie-Gl-505S-Plateado.jpg\" \/>\n\t<meta property=\"og:image:width\" content=\"800\" \/>\n\t<meta property=\"og:image:height\" content=\"800\" \/>\n\t<meta property=\"og:image:type\" content=\"image\/jpeg\" \/>\n<meta name=\"twitter:card\" content=\"summary_large_image\" \/>\n<meta name=\"twitter:title\" content=\"Gabbiano Infraz\u00f3n De Pie Gl-505S Plateado\" \/>\n<meta name=\"twitter:label1\" content=\"Tempo estimado de leitura\" \/>\n\t<meta name=\"twitter:data1\" content=\"8 minutos\" \/>\n<script type=\"application\/ld+json\" class=\"yoast-schema-graph\">{\"@context\":\"https:\\\/\\\/schema.org\",\"@graph\":[{\"@type\":\"WebPage\",\"@id\":\"https:\\\/\\\/salonforall.es\\\/gabbiano-infrazon-de-pie-gl-505s-plateado\\\/\",\"url\":\"https:\\\/\\\/salonforall.es\\\/gabbiano-infrazon-de-pie-gl-505s-plateado\\\/\",\"name\":\"Gabbiano Infraz\u00f3n De Pie Gl-505S Plateado comprar\",\"isPartOf\":{\"@id\":\"https:\\\/\\\/salonforall.es\\\/#website\"},\"primaryImageOfPage\":{\"@id\":\"https:\\\/\\\/salonforall.es\\\/gabbiano-infrazon-de-pie-gl-505s-plateado\\\/#primaryimage\"},\"image\":{\"@id\":\"https:\\\/\\\/salonforall.es\\\/gabbiano-infrazon-de-pie-gl-505s-plateado\\\/#primaryimage\"},\"thumbnailUrl\":\"https:\\\/\\\/salonforall.es\\\/wp-content\\\/uploads\\\/2025\\\/12\\\/Gabbiano-Infrazon-De-Pie-Gl-505S-Plateado.jpg\",\"datePublished\":\"2025-12-02T10:46:25+00:00\",\"dateModified\":\"2026-03-24T13:46:42+00:00\",\"description\":\"Compra Gabbiano Infraz\u00f3n De Pie Gl-505S Plateado online o en el showroom en Salon For ALL Espa\u00f1a. El mayorista para salones, consultas y spas en Espa\u00f1a y Portugal.\",\"breadcrumb\":{\"@id\":\"https:\\\/\\\/salonforall.es\\\/gabbiano-infrazon-de-pie-gl-505s-plateado\\\/#breadcrumb\"},\"inLanguage\":\"pt-PT\",\"potentialAction\":[{\"@type\":\"ReadAction\",\"target\":[\"https:\\\/\\\/salonforall.es\\\/gabbiano-infrazon-de-pie-gl-505s-plateado\\\/\"]}]},{\"@type\":\"ImageObject\",\"inLanguage\":\"pt-PT\",\"@id\":\"https:\\\/\\\/salonforall.es\\\/gabbiano-infrazon-de-pie-gl-505s-plateado\\\/#primaryimage\",\"url\":\"https:\\\/\\\/salonforall.es\\\/wp-content\\\/uploads\\\/2025\\\/12\\\/Gabbiano-Infrazon-De-Pie-Gl-505S-Plateado.jpg\",\"contentUrl\":\"https:\\\/\\\/salonforall.es\\\/wp-content\\\/uploads\\\/2025\\\/12\\\/Gabbiano-Infrazon-De-Pie-Gl-505S-Plateado.jpg\",\"width\":800,\"height\":800,\"caption\":\"Gabbiano Infraz\u00f3n De Pie Gl-505S Plateado\"},{\"@type\":\"BreadcrumbList\",\"@id\":\"https:\\\/\\\/salonforall.es\\\/gabbiano-infrazon-de-pie-gl-505s-plateado\\\/#breadcrumb\",\"itemListElement\":[{\"@type\":\"ListItem\",\"position\":1,\"name\":\"Home\",\"item\":\"https:\\\/\\\/salonforall.es\\\/\"},{\"@type\":\"ListItem\",\"position\":2,\"name\":\"Winkel\",\"item\":\"https:\\\/\\\/salonforall.es\\\/winkel\\\/\"},{\"@type\":\"ListItem\",\"position\":3,\"name\":\"Gabbiano Infraz\u00f3n De Pie Gl-505S Plateado\"}]},{\"@type\":\"WebSite\",\"@id\":\"https:\\\/\\\/salonforall.es\\\/#website\",\"url\":\"https:\\\/\\\/salonforall.es\\\/\",\"name\":\"Salon For ALL Espa\u00f1a\",\"description\":\"Mayorista de mobiliario y suministros para consultorios y salones\",\"publisher\":{\"@id\":\"https:\\\/\\\/salonforall.es\\\/#organization\"},\"potentialAction\":[{\"@type\":\"SearchAction\",\"target\":{\"@type\":\"EntryPoint\",\"urlTemplate\":\"https:\\\/\\\/salonforall.es\\\/?s={search_term_string}\"},\"query-input\":{\"@type\":\"PropertyValueSpecification\",\"valueRequired\":true,\"valueName\":\"search_term_string\"}}],\"inLanguage\":\"pt-PT\"},{\"@type\":\"Organization\",\"@id\":\"https:\\\/\\\/salonforall.es\\\/#organization\",\"name\":\"Salon For All B.V. Espa\u00f1a\",\"alternateName\":\"Salon For All B.V. Espa\u00f1a - Mayorista de equipamiento para consultas, salones y suministros\",\"url\":\"https:\\\/\\\/salonforall.es\\\/\",\"logo\":{\"@type\":\"ImageObject\",\"inLanguage\":\"pt-PT\",\"@id\":\"https:\\\/\\\/salonforall.es\\\/#\\\/schema\\\/logo\\\/image\\\/\",\"url\":\"https:\\\/\\\/salonforall.es\\\/wp-content\\\/uploads\\\/2025\\\/11\\\/logo-salon-for-all-e1764543185849.png\",\"contentUrl\":\"https:\\\/\\\/salonforall.es\\\/wp-content\\\/uploads\\\/2025\\\/11\\\/logo-salon-for-all-e1764543185849.png\",\"width\":500,\"height\":150,\"caption\":\"Salon For All B.V. Espa\u00f1a\"},\"image\":{\"@id\":\"https:\\\/\\\/salonforall.es\\\/#\\\/schema\\\/logo\\\/image\\\/\"}}]}<\/script>\n<!-- \/ Yoast SEO plugin. -->","yoast_head_json":{"title":"Bra\u00e7o de p\u00e9 Gabbiano Gl-505S Prata comprar","description":"Comprar Poltrona Gabbiano Silver Gl-505S com suporte de ch\u00e3o online ou no showroom da Salon For ALL Espanha. O grossista para sal\u00f5es, consult\u00f3rios e spas em Espanha e Portugal.","robots":{"index":"index","follow":"follow","max-snippet":"max-snippet:-1","max-image-preview":"max-image-preview:large","max-video-preview":"max-video-preview:-1"},"canonical":"https:\/\/salonforall.es\/pt\/bomba-de-pe-gabbiano-gl-505s-prateada\/","og_locale":"pt_PT","og_type":"article","og_title":"Gabbiano Infraz\u00f3n De Pie Gl-505S Plateado","og_description":"Compra Gabbiano Infraz\u00f3n De Pie Gl-505S Plateado online o en el showroom en Salon For ALL Espa\u00f1a. El mayorista para salones, consultas y spas en Espa\u00f1a y Portugal.","og_url":"https:\/\/salonforall.es\/pt\/bomba-de-pe-gabbiano-gl-505s-prateada\/","og_site_name":"Salon For ALL Espa\u00f1a","article_modified_time":"2026-03-24T13:46:42+00:00","og_image":[{"width":800,"height":800,"url":"https:\/\/salonforall.es\/wp-content\/uploads\/2025\/12\/Gabbiano-Infrazon-De-Pie-Gl-505S-Plateado.jpg","type":"image\/jpeg"}],"twitter_card":"summary_large_image","twitter_title":"Gabbiano Infraz\u00f3n De Pie Gl-505S Plateado","twitter_misc":{"Tempo estimado de leitura":"8 minutos"},"schema":{"@context":"https:\/\/schema.org","@graph":[{"@type":"WebPage","@id":"https:\/\/salonforall.es\/gabbiano-infrazon-de-pie-gl-505s-plateado\/","url":"https:\/\/salonforall.es\/gabbiano-infrazon-de-pie-gl-505s-plateado\/","name":"Bra\u00e7o de p\u00e9 Gabbiano Gl-505S Prata comprar","isPartOf":{"@id":"https:\/\/salonforall.es\/#website"},"primaryImageOfPage":{"@id":"https:\/\/salonforall.es\/gabbiano-infrazon-de-pie-gl-505s-plateado\/#primaryimage"},"image":{"@id":"https:\/\/salonforall.es\/gabbiano-infrazon-de-pie-gl-505s-plateado\/#primaryimage"},"thumbnailUrl":"https:\/\/salonforall.es\/wp-content\/uploads\/2025\/12\/Gabbiano-Infrazon-De-Pie-Gl-505S-Plateado.jpg","datePublished":"2025-12-02T10:46:25+00:00","dateModified":"2026-03-24T13:46:42+00:00","description":"Comprar Poltrona Gabbiano Silver Gl-505S com suporte de ch\u00e3o online ou no showroom da Salon For ALL Espanha. O grossista para sal\u00f5es, consult\u00f3rios e spas em Espanha e Portugal.","breadcrumb":{"@id":"https:\/\/salonforall.es\/gabbiano-infrazon-de-pie-gl-505s-plateado\/#breadcrumb"},"inLanguage":"pt-PT","potentialAction":[{"@type":"ReadAction","target":["https:\/\/salonforall.es\/gabbiano-infrazon-de-pie-gl-505s-plateado\/"]}]},{"@type":"ImageObject","inLanguage":"pt-PT","@id":"https:\/\/salonforall.es\/gabbiano-infrazon-de-pie-gl-505s-plateado\/#primaryimage","url":"https:\/\/salonforall.es\/wp-content\/uploads\/2025\/12\/Gabbiano-Infrazon-De-Pie-Gl-505S-Plateado.jpg","contentUrl":"https:\/\/salonforall.es\/wp-content\/uploads\/2025\/12\/Gabbiano-Infrazon-De-Pie-Gl-505S-Plateado.jpg","width":800,"height":800,"caption":"Gabbiano Infraz\u00f3n De Pie Gl-505S Plateado"},{"@type":"BreadcrumbList","@id":"https:\/\/salonforall.es\/gabbiano-infrazon-de-pie-gl-505s-plateado\/#breadcrumb","itemListElement":[{"@type":"ListItem","position":1,"name":"Home","item":"https:\/\/salonforall.es\/"},{"@type":"ListItem","position":2,"name":"Winkel","item":"https:\/\/salonforall.es\/winkel\/"},{"@type":"ListItem","position":3,"name":"Gabbiano Infraz\u00f3n De Pie Gl-505S Plateado"}]},{"@type":"WebSite","@id":"https:\/\/salonforall.es\/#website","url":"https:\/\/salonforall.es\/","name":"Sal\u00e3o de beleza para toda a Espanha","description":"Grossista de mobili\u00e1rio e material para sal\u00f5es de beleza e consult\u00f3rios","publisher":{"@id":"https:\/\/salonforall.es\/#organization"},"potentialAction":[{"@type":"SearchAction","target":{"@type":"EntryPoint","urlTemplate":"https:\/\/salonforall.es\/?s={search_term_string}"},"query-input":{"@type":"PropertyValueSpecification","valueRequired":true,"valueName":"search_term_string"}}],"inLanguage":"pt-PT"},{"@type":"Organization","@id":"https:\/\/salonforall.es\/#organization","name":"Salon For All B.V. Espanha","alternateName":"Salon For All B.V. Espa\u00f1a - Mayorista de equipamiento para consultas, salones y suministros","url":"https:\/\/salonforall.es\/","logo":{"@type":"ImageObject","inLanguage":"pt-PT","@id":"https:\/\/salonforall.es\/#\/schema\/logo\/image\/","url":"https:\/\/salonforall.es\/wp-content\/uploads\/2025\/11\/logo-salon-for-all-e1764543185849.png","contentUrl":"https:\/\/salonforall.es\/wp-content\/uploads\/2025\/11\/logo-salon-for-all-e1764543185849.png","width":500,"height":150,"caption":"Salon For All B.V. Espa\u00f1a"},"image":{"@id":"https:\/\/salonforall.es\/#\/schema\/logo\/image\/"}}]}},"_links":{"self":[{"href":"https:\/\/salonforall.es\/pt\/wp-json\/wp\/v2\/product\/2128","targetHints":{"allow":["GET"]}}],"collection":[{"href":"https:\/\/salonforall.es\/pt\/wp-json\/wp\/v2\/product"}],"about":[{"href":"https:\/\/salonforall.es\/pt\/wp-json\/wp\/v2\/types\/product"}],"replies":[{"embeddable":true,"href":"https:\/\/salonforall.es\/pt\/wp-json\/wp\/v2\/comments?post=2128"}],"wp:featuredmedia":[{"embeddable":true,"href":"https:\/\/salonforall.es\/pt\/wp-json\/wp\/v2\/media\/2129"}],"wp:attachment":[{"href":"https:\/\/salonforall.es\/pt\/wp-json\/wp\/v2\/media?parent=2128"}],"wp:term":[{"taxonomy":"product_brand","embeddable":true,"href":"https:\/\/salonforall.es\/pt\/wp-json\/wp\/v2\/product_brand?post=2128"},{"taxonomy":"product_cat","embeddable":true,"href":"https:\/\/salonforall.es\/pt\/wp-json\/wp\/v2\/product_cat?post=2128"},{"taxonomy":"product_tag","embeddable":true,"href":"https:\/\/salonforall.es\/pt\/wp-json\/wp\/v2\/product_tag?post=2128"}],"curies":[{"name":"wp","href":"https:\/\/api.w.org\/{rel}","templated":true}]}}