{"id":19153,"date":"2025-12-02T15:14:34","date_gmt":"2025-12-02T14:14:34","guid":{"rendered":"https:\/\/salonforall.es\/product\/adaptador-divisor-para-el-control-remoto-y-el-pedal-del-sillon-cosmetico-kate\/"},"modified":"2026-03-24T17:37:13","modified_gmt":"2026-03-24T16:37:13","slug":"adaptador-divisor-para-controlo-remoto-e-pedal-da-cadeira-de-cosmetica-kate","status":"publish","type":"product","link":"https:\/\/salonforall.es\/pt\/adaptador-divisor-para-el-control-remoto-y-el-pedal-del-sillon-cosmetico-kate\/","title":{"rendered":"Adaptador divisor para controlo remoto e pedal da cadeira de cosm\u00e9tica Kate"},"content":{"rendered":"<h2>Informa\u00e7\u00f5es sobre o Adaptador divisor para controlo remoto e pedal da cadeira de cosm\u00e9tica Kate com o n\u00famero de item 152023<\/h2>\n<p>Controlo pr\u00e1tico de cadeiras de bra\u00e7os com pedal<\/h2>\n<p><strong>O adaptador do divisor<\/strong> permite-lhe ligar um pedal adicional (dispon\u00edvel na nossa oferta <a href=\"https:\/\/activeshop.com.pl\/eng\/foot-drive-for-kate-and-basic-4-motors.html\">com o c\u00f3digo 133026<\/a>) para as cadeiras de podologia Kate. Proporciona um controlo c\u00f3modo das fun\u00e7\u00f5es da cadeira atrav\u00e9s do controlo remoto e do pedal, aumentando o conforto de utiliza\u00e7\u00e3o em sal\u00f5es de beleza e podologia. <strong>Uma op\u00e7\u00e3o ideal para ampliar o sistema de controlo existente<\/strong>.<\/p>\n<h2>Conce\u00e7\u00e3o inteligente<\/h2>\n<p>Os cabos t\u00eam cerca de 150 cm de comprimento cada, o que perfaz um comprimento total de mais de 3 metros. A constru\u00e7\u00e3o dos cabos foi cuidadosamente concebida: existe uma liga\u00e7\u00e3o no ponto central, a partir da qual se estendem tr\u00eas sec\u00e7\u00f5es: duas numa dire\u00e7\u00e3o (para o pedal e para o telecomando) e uma na dire\u00e7\u00e3o oposta (para a cadeira). Cada sec\u00e7\u00e3o \u00e9 terminada com uma ficha espec\u00edfica. Comprimento do cabo: 3,2 m<\/p>\n<p>Os produtos da Activeshop s\u00e3o proporcionalmente mais baratos do que os de muitas outras marcas\/fornecedores. O pre\u00e7o est\u00e1 em rela\u00e7\u00e3o com a qualidade. Splitter Adapter For Kate Cosmetic Chair Remote Control And Pedal \u00e9, portanto, uma solu\u00e7\u00e3o acess\u00edvel para o seu sal\u00e3o.<\/p>\n<h2>Como \u00e9 fornecido o adaptador divisor para o controlo remoto e o pedal da cadeira de cosm\u00e9tica Kate?<\/h2>\n<p>Adaptador Divisor Para O Controlo Remoto E Pedal Da Cadeira Cosm\u00e9tica Kate \u00e9 entregue na(s) embalagem(ns) original(ais). Em Espanha, o envio de Adtador Divisor Para El Control Remoto Y El Pedal Del Sill\u00f3n Cosm\u00e9tico Kate \u00e9 totalmente gratuito para encomendas superiores a 100,- euros. Para envios para outros pa\u00edses aplicam-se taxas de envio separadas. Pode verificar estas taxas connosco ou v\u00ea-las no carrinho de compras. O adaptador Splitter Adapter For Kate Cosmetic Chair Remote Control And Pedal \u00e9 enviado atrav\u00e9s de um servi\u00e7o de correio externo.<\/p>\n<p>As encomendas ou paletes s\u00e3o entregues, por norma, at\u00e9 \u00e0 soleira da porta da frente, mesmo que se encontre num edif\u00edcio coletivo, num edif\u00edcio de apartamentos ou num complexo de apartamentos com elevador (desde que o artigo caiba no elevador). N\u00e3o h\u00e1 elevador dispon\u00edvel ou o artigo n\u00e3o cabe no elevador? Ent\u00e3o entregamos at\u00e9 \u00e0 soleira do r\u00e9s do ch\u00e3o.<\/p>\n<p>Se ainda tem d\u00favidas sobre a entrega ou uma situa\u00e7\u00e3o especial, contacte-nos e teremos todo o gosto em ajud\u00e1-lo!<\/p>\n<p>*Os artigos n\u00e3o s\u00e3o desempacotados ou montados como padr\u00e3o. Em situa\u00e7\u00f5es especiais, pode contactar-nos para combinarmos as condi\u00e7\u00f5es.<\/p>\n<h2>Compras online seguras na Salon For All com o selo de qualidade Webwinkelkeur e encripta\u00e7\u00e3o SSL.<\/h2>\n<p>\u00c9 importante para n\u00f3s que os nossos clientes possam fazer compras com seguran\u00e7a na nossa loja online. Estamos afiliados ao selo de qualidade nacional Webwinkelkeur desde 2019. A nossa identidade foi verificada e verificada por eles, e a loja online foi verificada e legalmente aprovada. Al\u00e9m disso, a nossa loja online est\u00e1 afiliada a eles para media\u00e7\u00e3o de conflitos. Pode ver o crach\u00e1 com todas as informa\u00e7\u00f5es deste selo de qualidade da loja online no lado esquerdo ou direito da loja online (bot\u00e3o rosa com branco). Al\u00e9m disso, o nosso s\u00edtio est\u00e1 protegido por um certificado SSL para que possa navegar em seguran\u00e7a connosco. Na barra do seu navegador de Internet, onde aparece o nosso s\u00edtio Web, ver\u00e1 um \u00edcone de cadeado. Se clicar no cadeado, obter\u00e1 todas as informa\u00e7\u00f5es sobre a nossa seguran\u00e7a. Desta forma, sabe que a sua encomenda de Kate Cosmetic Chair Remote Control &amp; Pedal Splitter Adapter e os seus dados pessoais s\u00e3o processados de forma segura.<\/p>\n<h2>Como posso adquirir o adaptador divisor para o controlo remoto e o pedal da cadeira de cosm\u00e9tica Kate?<\/h2>\n<p>Queremos tornar as coisas o mais f\u00e1ceis poss\u00edvel para si. \u00c9 por isso que na Salon For All pode pagar com todos os m\u00e9todos de pagamento populares. Pagar antecipadamente, na entrega ou depois - tudo \u00e9 poss\u00edvel. Veja aqui todos os m\u00e9todos de pagamento que oferecemos:<\/p>\n<ul>\n<li>iDEAL<\/li>\n<li>Cart\u00e3o de cr\u00e9dito (Visa, Mastercard, American Express)<\/li>\n<li>Klarna - Pagamento na entrega com fatura<\/li>\n<li>PayPal<\/li>\n<li>Apple Pay<\/li>\n<li>Google Pay<\/li>\n<li>Bizum (para clientes espanh\u00f3is)<\/li>\n<li>Transfer\u00eancia banc\u00e1ria SEPA<\/li>\n<li>Contacto com o banco<\/li>\n<li>Fatura comercial para empresas<\/li>\n<li>Pagamento na sala de exposi\u00e7\u00f5es - Cart\u00e3o e dinheiro (apenas dispon\u00edvel \u00e0 cobran\u00e7a)<\/li>\n<\/ul>\n<h2>Veja tamb\u00e9m as opini\u00f5es de Salon For All<\/h2>\n<p>Consulte tamb\u00e9m as nossas opini\u00f5es para ter em conta as experi\u00eancias dos nossos clientes existentes na sua decis\u00e3o de encomendar Adaptador Splitter Para Kate Cosmetic Chair Controlo Remoto E Pedal connosco. Atrav\u00e9s do nosso selo de qualidade independente da loja online Webwinkelkeur, s\u00e3o recolhidas automaticamente as opini\u00f5es verificadas dos clientes que efectuaram uma encomenda connosco. Pode encontr\u00e1-las atr\u00e1s do bot\u00e3o rosa na nossa loja online ou listadas por baixo dos produtos.<\/p>\n<p>Partilhe tamb\u00e9m a sua experi\u00eancia ap\u00f3s fazer compras com o seu Kate Cosmetic Chair Remote Control &amp; Pedal Splitter Adapter encomendado e a sua experi\u00eancia com o processo de compra ou com o contacto da Salon For All, para inspirar outras pessoas!<\/p>\n<h2>Contactar o Salon For All<\/h2>\n<p>Ent\u00e3o contacte-nos. Teremos todo o gosto em ajud\u00e1-lo com a sua compra de Adaptador Splitter Para Kate Cosmetic Chair Controlo Remoto E Pedal. Durante a semana, estamos dispon\u00edveis entre as 8h30 e as 17h00, atrav\u00e9s do n\u00famero de telefone e do endere\u00e7o de correio eletr\u00f3nico indicados no topo da loja online ou atrav\u00e9s da fun\u00e7\u00e3o de chat. Os pedidos de informa\u00e7\u00e3o fora do hor\u00e1rio de expediente s\u00e3o normalmente respondidos no prazo de 24 horas. Tamb\u00e9m \u00e9 poss\u00edvel visitar-nos fora dos dias \u00fateis ou do hor\u00e1rio de expediente. No entanto, \u00e9 necess\u00e1rio efetuar uma marca\u00e7\u00e3o pr\u00e9via.<\/p>\n<h2>Gostaria de visitar a nossa sala de exposi\u00e7\u00f5es?<\/h2>\n<p>Gostaria de ver Adaptador de divisor para controlo remoto e pedal da cadeira de cosm\u00e9tica Kate ou ver a nossa oferta de loja (online) juntamente com o nosso colega? Ent\u00e3o visite o nosso showroom com mais de 1000m\u00b2 de equipamento para sal\u00f5es de beleza e deixe-se inspirar pelos nossos colaboradores. Al\u00e9m disso, se gosta de nos conhecer agradavelmente durante uma ch\u00e1vena de caf\u00e9 ou ch\u00e1, \u00e9 muito bem-vindo. N\u00e3o temos todos os produtos em stock, por isso, por favor, avise-nos com anteced\u00eancia que gostaria de vir. Marque sempre uma visita com anteced\u00eancia.<\/p>\n<h2>14 dias de reflex\u00e3o e a nossa pol\u00edtica de devolu\u00e7\u00e3o<\/h2>\n<p>\u00c9 claro que pode acontecer que o Adaptador Splitter Para Controlo Remoto E Pedal De Cadeira De Cosm\u00e9tica Kate entregue n\u00e3o seja totalmente do seu agrado e queira devolv\u00ea-lo. Isso n\u00e3o \u00e9 problema para a Salon For All. Deve notificar a sua devolu\u00e7\u00e3o no prazo de 14 dias \u00fateis atrav\u00e9s de info@salonforall.es. Receber\u00e1 ent\u00e3o primeiro instru\u00e7\u00f5es completas e condi\u00e7\u00f5es de devolu\u00e7\u00e3o. Tenha em aten\u00e7\u00e3o que o Splitter Adapter For Kate Cosmetic Chair Remote Control And Pedal n\u00e3o deve ser utilizado, deve conter todas as pe\u00e7as fornecidas e deve ser devolvido na embalagem original. Os custos de envio para uma devolu\u00e7\u00e3o s\u00e3o sempre por conta do comprador em compras atrav\u00e9s de www.salonforall.es. Deve organizar o transporte por si mesmo com uma transportadora de sua escolha para uma devolu\u00e7\u00e3o. Ap\u00f3s a devolu\u00e7\u00e3o do adaptador Splitter For Remote Control And Kate Cosmetic Chair Pedal, ser\u00e1 verificada a sua integridade e eventuais danos. Uma vez aprovada a devolu\u00e7\u00e3o, o montante da compra ser\u00e1 reembolsado no prazo de 5 dias \u00fateis para a conta banc\u00e1ria que temos registada.<\/p>\n<h2>Quem \u00e9 o Salon For All?<\/h2>\n<p>A Salon For All \u00e9 o grossista de todo o equipamento para sal\u00f5es de beleza na Europa. A Salon For All come\u00e7ou em 2003 com o nome Salonvoordeel e cresceu a partir da pr\u00e1tica. Os propriet\u00e1rios da Salon For All eram cabeleireiros experientes e especialistas em beleza e t\u00eam, em conjunto, mais de 30 anos de experi\u00eancia pr\u00e1tica. Em 2003, lan\u00e7\u00e1mos o Salonvoordeel.nl (Pa\u00edses Baixos) e, posteriormente, o Salon For All foi fundado para o mercado europeu. Alguns dos nossos funcion\u00e1rios come\u00e7aram o seu pr\u00f3prio neg\u00f3cio e assim nasceu a ideia de lan\u00e7ar uma loja online funcional para cabeleireiros e para os ajudar com o seu equipamento de sal\u00e3o.<\/p>\n<p>O nosso showroom est\u00e1 situado em Dinxperlo, diretamente na fronteira entre os Pa\u00edses Baixos e a Alemanha. Com a nossa vasta experi\u00eancia no sector, podemos servir-lhe de espelho e dar-lhe os conselhos certos - falamos a mesma l\u00edngua! Aconselhamos, inspiramos, motivamos e ajudamos na aquisi\u00e7\u00e3o de Adaptador divisor para controlo remoto e pedal da cadeira de cosm\u00e9tica Kate. Os nossos fornecedores est\u00e3o localizados em toda a Europa, desde a Alemanha, Inglaterra, It\u00e1lia at\u00e9 \u00e0 Pol\u00f3nia.<\/p>","protected":false},"excerpt":{"rendered":"<p>O Adaptador de Controlo Remoto e Separador de Pedal para Cadeira de Cosm\u00e9tica Kate \u00e9 uma solu\u00e7\u00e3o de alta qualidade para qualquer sal\u00e3o. O prazo de entrega estimado \u00e9 de aproximadamente 6 dias \u00fateis.<\/p>","protected":false},"featured_media":19154,"comment_status":"open","ping_status":"open","template":"","meta":[],"product_brand":[107],"product_cat":[171],"product_tag":[172],"class_list":{"0":"post-19153","1":"product","2":"type-product","3":"status-publish","4":"has-post-thumbnail","6":"product_brand-activeshop","7":"product_cat-repuestos-y-accesorios","8":"product_tag-repuestos-y-accesorios","9":"pa_codigo-ean-7759","10":"pa_garantia-12-meses","11":"pa_marca-activeshop","12":"pa_numero-de-articulo-6983","13":"pa_tiempo-estimado-de-entrega-4-5-dias-laborables","15":"first","16":"instock","17":"sale","18":"taxable","19":"shipping-taxable","20":"purchasable","21":"product-type-simple"},"yoast_head":"<!-- This site is optimized with the Yoast SEO plugin v27.6 - https:\/\/yoast.com\/product\/yoast-seo-wordpress\/ -->\n<title>Adaptador Divisor Para El Control Remoto Y El Pedal Del Sill\u00f3n Cosm\u00e9tico Kate comprar<\/title>\n<meta name=\"description\" content=\"Compra Adaptador Divisor Para El Control Remoto Y El Pedal Del Sill\u00f3n Cosm\u00e9tico Kate online o en el showroom en Salon For ALL Espa\u00f1a. El mayorista para salones, consultas y spas en Espa\u00f1a y Portugal.\" \/>\n<meta name=\"robots\" content=\"index, follow, max-snippet:-1, max-image-preview:large, max-video-preview:-1\" \/>\n<link rel=\"canonical\" href=\"https:\/\/salonforall.es\/pt\/adaptador-divisor-para-controlo-remoto-e-pedal-da-cadeira-de-cosmetica-kate\/\" \/>\n<meta property=\"og:locale\" content=\"pt_PT\" \/>\n<meta property=\"og:type\" content=\"article\" \/>\n<meta property=\"og:title\" content=\"Adaptador Divisor Para El Control Remoto Y El Pedal Del Sill\u00f3n Cosm\u00e9tico Kate\" \/>\n<meta property=\"og:description\" content=\"Compra Adaptador Divisor Para El Control Remoto Y El Pedal Del Sill\u00f3n Cosm\u00e9tico Kate online o en el showroom en Salon For ALL Espa\u00f1a. El mayorista para salones, consultas y spas en Espa\u00f1a y Portugal.\" \/>\n<meta property=\"og:url\" content=\"https:\/\/salonforall.es\/pt\/adaptador-divisor-para-controlo-remoto-e-pedal-da-cadeira-de-cosmetica-kate\/\" \/>\n<meta property=\"og:site_name\" content=\"Salon For ALL Espa\u00f1a\" \/>\n<meta property=\"article:modified_time\" content=\"2026-03-24T16:37:13+00:00\" \/>\n<meta property=\"og:image\" content=\"https:\/\/salonforall.es\/wp-content\/uploads\/2025\/12\/Adaptador-Divisor-Para-El-Control-Remoto-Y-El-Pedal-Del-Sillon-Cosmetico-Kate.jpg\" \/>\n\t<meta property=\"og:image:width\" content=\"1200\" \/>\n\t<meta property=\"og:image:height\" content=\"1200\" \/>\n\t<meta property=\"og:image:type\" content=\"image\/jpeg\" \/>\n<meta name=\"twitter:card\" content=\"summary_large_image\" \/>\n<meta name=\"twitter:title\" content=\"Adaptador Divisor Para El Control Remoto Y El Pedal Del Sill\u00f3n Cosm\u00e9tico Kate\" \/>\n<meta name=\"twitter:label1\" content=\"Tempo estimado de leitura\" \/>\n\t<meta name=\"twitter:data1\" content=\"8 minutos\" \/>\n<script type=\"application\/ld+json\" class=\"yoast-schema-graph\">{\"@context\":\"https:\\\/\\\/schema.org\",\"@graph\":[{\"@type\":\"WebPage\",\"@id\":\"https:\\\/\\\/salonforall.es\\\/adaptador-divisor-para-el-control-remoto-y-el-pedal-del-sillon-cosmetico-kate\\\/\",\"url\":\"https:\\\/\\\/salonforall.es\\\/adaptador-divisor-para-el-control-remoto-y-el-pedal-del-sillon-cosmetico-kate\\\/\",\"name\":\"Adaptador Divisor Para El Control Remoto Y El Pedal Del Sill\u00f3n Cosm\u00e9tico Kate comprar\",\"isPartOf\":{\"@id\":\"https:\\\/\\\/salonforall.es\\\/#website\"},\"primaryImageOfPage\":{\"@id\":\"https:\\\/\\\/salonforall.es\\\/adaptador-divisor-para-el-control-remoto-y-el-pedal-del-sillon-cosmetico-kate\\\/#primaryimage\"},\"image\":{\"@id\":\"https:\\\/\\\/salonforall.es\\\/adaptador-divisor-para-el-control-remoto-y-el-pedal-del-sillon-cosmetico-kate\\\/#primaryimage\"},\"thumbnailUrl\":\"https:\\\/\\\/salonforall.es\\\/wp-content\\\/uploads\\\/2025\\\/12\\\/Adaptador-Divisor-Para-El-Control-Remoto-Y-El-Pedal-Del-Sillon-Cosmetico-Kate.jpg\",\"datePublished\":\"2025-12-02T14:14:34+00:00\",\"dateModified\":\"2026-03-24T16:37:13+00:00\",\"description\":\"Compra Adaptador Divisor Para El Control Remoto Y El Pedal Del Sill\u00f3n Cosm\u00e9tico Kate online o en el showroom en Salon For ALL Espa\u00f1a. El mayorista para salones, consultas y spas en Espa\u00f1a y Portugal.\",\"breadcrumb\":{\"@id\":\"https:\\\/\\\/salonforall.es\\\/adaptador-divisor-para-el-control-remoto-y-el-pedal-del-sillon-cosmetico-kate\\\/#breadcrumb\"},\"inLanguage\":\"pt-PT\",\"potentialAction\":[{\"@type\":\"ReadAction\",\"target\":[\"https:\\\/\\\/salonforall.es\\\/adaptador-divisor-para-el-control-remoto-y-el-pedal-del-sillon-cosmetico-kate\\\/\"]}]},{\"@type\":\"ImageObject\",\"inLanguage\":\"pt-PT\",\"@id\":\"https:\\\/\\\/salonforall.es\\\/adaptador-divisor-para-el-control-remoto-y-el-pedal-del-sillon-cosmetico-kate\\\/#primaryimage\",\"url\":\"https:\\\/\\\/salonforall.es\\\/wp-content\\\/uploads\\\/2025\\\/12\\\/Adaptador-Divisor-Para-El-Control-Remoto-Y-El-Pedal-Del-Sillon-Cosmetico-Kate.jpg\",\"contentUrl\":\"https:\\\/\\\/salonforall.es\\\/wp-content\\\/uploads\\\/2025\\\/12\\\/Adaptador-Divisor-Para-El-Control-Remoto-Y-El-Pedal-Del-Sillon-Cosmetico-Kate.jpg\",\"width\":1200,\"height\":1200,\"caption\":\"Adaptador Divisor Para El Control Remoto Y El Pedal Del Sill\u00f3n Cosm\u00e9tico Kate\"},{\"@type\":\"BreadcrumbList\",\"@id\":\"https:\\\/\\\/salonforall.es\\\/adaptador-divisor-para-el-control-remoto-y-el-pedal-del-sillon-cosmetico-kate\\\/#breadcrumb\",\"itemListElement\":[{\"@type\":\"ListItem\",\"position\":1,\"name\":\"Home\",\"item\":\"https:\\\/\\\/salonforall.es\\\/\"},{\"@type\":\"ListItem\",\"position\":2,\"name\":\"Winkel\",\"item\":\"https:\\\/\\\/salonforall.es\\\/winkel\\\/\"},{\"@type\":\"ListItem\",\"position\":3,\"name\":\"Adaptador Divisor Para El Control Remoto Y El Pedal Del Sill\u00f3n Cosm\u00e9tico Kate\"}]},{\"@type\":\"WebSite\",\"@id\":\"https:\\\/\\\/salonforall.es\\\/#website\",\"url\":\"https:\\\/\\\/salonforall.es\\\/\",\"name\":\"Salon For ALL Espa\u00f1a\",\"description\":\"Mayorista de mobiliario y suministros para consultorios y salones\",\"publisher\":{\"@id\":\"https:\\\/\\\/salonforall.es\\\/#organization\"},\"potentialAction\":[{\"@type\":\"SearchAction\",\"target\":{\"@type\":\"EntryPoint\",\"urlTemplate\":\"https:\\\/\\\/salonforall.es\\\/?s={search_term_string}\"},\"query-input\":{\"@type\":\"PropertyValueSpecification\",\"valueRequired\":true,\"valueName\":\"search_term_string\"}}],\"inLanguage\":\"pt-PT\"},{\"@type\":\"Organization\",\"@id\":\"https:\\\/\\\/salonforall.es\\\/#organization\",\"name\":\"Salon For All B.V. Espa\u00f1a\",\"alternateName\":\"Salon For All B.V. Espa\u00f1a - Mayorista de equipamiento para consultas, salones y suministros\",\"url\":\"https:\\\/\\\/salonforall.es\\\/\",\"logo\":{\"@type\":\"ImageObject\",\"inLanguage\":\"pt-PT\",\"@id\":\"https:\\\/\\\/salonforall.es\\\/#\\\/schema\\\/logo\\\/image\\\/\",\"url\":\"https:\\\/\\\/salonforall.es\\\/wp-content\\\/uploads\\\/2025\\\/11\\\/logo-salon-for-all-e1764543185849.png\",\"contentUrl\":\"https:\\\/\\\/salonforall.es\\\/wp-content\\\/uploads\\\/2025\\\/11\\\/logo-salon-for-all-e1764543185849.png\",\"width\":500,\"height\":150,\"caption\":\"Salon For All B.V. Espa\u00f1a\"},\"image\":{\"@id\":\"https:\\\/\\\/salonforall.es\\\/#\\\/schema\\\/logo\\\/image\\\/\"}}]}<\/script>\n<!-- \/ Yoast SEO plugin. -->","yoast_head_json":{"title":"Adaptador divisor para controlo remoto e pedal para cadeira de cosm\u00e9tica Kate Comprar","description":"Comprar Adaptador Splitter Adaptador Para Kate Cosmetic Chair Controlo Remoto E Pedal online ou no showroom da Salon For ALL Espanha. O grossista para sal\u00f5es, consult\u00f3rios e spas em Espanha e Portugal.","robots":{"index":"index","follow":"follow","max-snippet":"max-snippet:-1","max-image-preview":"max-image-preview:large","max-video-preview":"max-video-preview:-1"},"canonical":"https:\/\/salonforall.es\/pt\/adaptador-divisor-para-controlo-remoto-e-pedal-da-cadeira-de-cosmetica-kate\/","og_locale":"pt_PT","og_type":"article","og_title":"Adaptador Divisor Para El Control Remoto Y El Pedal Del Sill\u00f3n Cosm\u00e9tico Kate","og_description":"Compra Adaptador Divisor Para El Control Remoto Y El Pedal Del Sill\u00f3n Cosm\u00e9tico Kate online o en el showroom en Salon For ALL Espa\u00f1a. El mayorista para salones, consultas y spas en Espa\u00f1a y Portugal.","og_url":"https:\/\/salonforall.es\/pt\/adaptador-divisor-para-controlo-remoto-e-pedal-da-cadeira-de-cosmetica-kate\/","og_site_name":"Salon For ALL Espa\u00f1a","article_modified_time":"2026-03-24T16:37:13+00:00","og_image":[{"width":1200,"height":1200,"url":"https:\/\/salonforall.es\/wp-content\/uploads\/2025\/12\/Adaptador-Divisor-Para-El-Control-Remoto-Y-El-Pedal-Del-Sillon-Cosmetico-Kate.jpg","type":"image\/jpeg"}],"twitter_card":"summary_large_image","twitter_title":"Adaptador Divisor Para El Control Remoto Y El Pedal Del Sill\u00f3n Cosm\u00e9tico Kate","twitter_misc":{"Tempo estimado de leitura":"8 minutos"},"schema":{"@context":"https:\/\/schema.org","@graph":[{"@type":"WebPage","@id":"https:\/\/salonforall.es\/adaptador-divisor-para-el-control-remoto-y-el-pedal-del-sillon-cosmetico-kate\/","url":"https:\/\/salonforall.es\/adaptador-divisor-para-el-control-remoto-y-el-pedal-del-sillon-cosmetico-kate\/","name":"Adaptador divisor para controlo remoto e pedal para cadeira de cosm\u00e9tica Kate Comprar","isPartOf":{"@id":"https:\/\/salonforall.es\/#website"},"primaryImageOfPage":{"@id":"https:\/\/salonforall.es\/adaptador-divisor-para-el-control-remoto-y-el-pedal-del-sillon-cosmetico-kate\/#primaryimage"},"image":{"@id":"https:\/\/salonforall.es\/adaptador-divisor-para-el-control-remoto-y-el-pedal-del-sillon-cosmetico-kate\/#primaryimage"},"thumbnailUrl":"https:\/\/salonforall.es\/wp-content\/uploads\/2025\/12\/Adaptador-Divisor-Para-El-Control-Remoto-Y-El-Pedal-Del-Sillon-Cosmetico-Kate.jpg","datePublished":"2025-12-02T14:14:34+00:00","dateModified":"2026-03-24T16:37:13+00:00","description":"Comprar Adaptador Splitter Adaptador Para Kate Cosmetic Chair Controlo Remoto E Pedal online ou no showroom da Salon For ALL Espanha. O grossista para sal\u00f5es, consult\u00f3rios e spas em Espanha e Portugal.","breadcrumb":{"@id":"https:\/\/salonforall.es\/adaptador-divisor-para-el-control-remoto-y-el-pedal-del-sillon-cosmetico-kate\/#breadcrumb"},"inLanguage":"pt-PT","potentialAction":[{"@type":"ReadAction","target":["https:\/\/salonforall.es\/adaptador-divisor-para-el-control-remoto-y-el-pedal-del-sillon-cosmetico-kate\/"]}]},{"@type":"ImageObject","inLanguage":"pt-PT","@id":"https:\/\/salonforall.es\/adaptador-divisor-para-el-control-remoto-y-el-pedal-del-sillon-cosmetico-kate\/#primaryimage","url":"https:\/\/salonforall.es\/wp-content\/uploads\/2025\/12\/Adaptador-Divisor-Para-El-Control-Remoto-Y-El-Pedal-Del-Sillon-Cosmetico-Kate.jpg","contentUrl":"https:\/\/salonforall.es\/wp-content\/uploads\/2025\/12\/Adaptador-Divisor-Para-El-Control-Remoto-Y-El-Pedal-Del-Sillon-Cosmetico-Kate.jpg","width":1200,"height":1200,"caption":"Adaptador Divisor Para El Control Remoto Y El Pedal Del Sill\u00f3n Cosm\u00e9tico Kate"},{"@type":"BreadcrumbList","@id":"https:\/\/salonforall.es\/adaptador-divisor-para-el-control-remoto-y-el-pedal-del-sillon-cosmetico-kate\/#breadcrumb","itemListElement":[{"@type":"ListItem","position":1,"name":"Home","item":"https:\/\/salonforall.es\/"},{"@type":"ListItem","position":2,"name":"Winkel","item":"https:\/\/salonforall.es\/winkel\/"},{"@type":"ListItem","position":3,"name":"Adaptador Divisor Para El Control Remoto Y El Pedal Del Sill\u00f3n Cosm\u00e9tico Kate"}]},{"@type":"WebSite","@id":"https:\/\/salonforall.es\/#website","url":"https:\/\/salonforall.es\/","name":"Sal\u00e3o de beleza para toda a Espanha","description":"Grossista de mobili\u00e1rio e material para sal\u00f5es de beleza e consult\u00f3rios","publisher":{"@id":"https:\/\/salonforall.es\/#organization"},"potentialAction":[{"@type":"SearchAction","target":{"@type":"EntryPoint","urlTemplate":"https:\/\/salonforall.es\/?s={search_term_string}"},"query-input":{"@type":"PropertyValueSpecification","valueRequired":true,"valueName":"search_term_string"}}],"inLanguage":"pt-PT"},{"@type":"Organization","@id":"https:\/\/salonforall.es\/#organization","name":"Salon For All B.V. Espanha","alternateName":"Salon For All B.V. Espa\u00f1a - Mayorista de equipamiento para consultas, salones y suministros","url":"https:\/\/salonforall.es\/","logo":{"@type":"ImageObject","inLanguage":"pt-PT","@id":"https:\/\/salonforall.es\/#\/schema\/logo\/image\/","url":"https:\/\/salonforall.es\/wp-content\/uploads\/2025\/11\/logo-salon-for-all-e1764543185849.png","contentUrl":"https:\/\/salonforall.es\/wp-content\/uploads\/2025\/11\/logo-salon-for-all-e1764543185849.png","width":500,"height":150,"caption":"Salon For All B.V. Espa\u00f1a"},"image":{"@id":"https:\/\/salonforall.es\/#\/schema\/logo\/image\/"}}]}},"_links":{"self":[{"href":"https:\/\/salonforall.es\/pt\/wp-json\/wp\/v2\/product\/19153","targetHints":{"allow":["GET"]}}],"collection":[{"href":"https:\/\/salonforall.es\/pt\/wp-json\/wp\/v2\/product"}],"about":[{"href":"https:\/\/salonforall.es\/pt\/wp-json\/wp\/v2\/types\/product"}],"replies":[{"embeddable":true,"href":"https:\/\/salonforall.es\/pt\/wp-json\/wp\/v2\/comments?post=19153"}],"wp:featuredmedia":[{"embeddable":true,"href":"https:\/\/salonforall.es\/pt\/wp-json\/wp\/v2\/media\/19154"}],"wp:attachment":[{"href":"https:\/\/salonforall.es\/pt\/wp-json\/wp\/v2\/media?parent=19153"}],"wp:term":[{"taxonomy":"product_brand","embeddable":true,"href":"https:\/\/salonforall.es\/pt\/wp-json\/wp\/v2\/product_brand?post=19153"},{"taxonomy":"product_cat","embeddable":true,"href":"https:\/\/salonforall.es\/pt\/wp-json\/wp\/v2\/product_cat?post=19153"},{"taxonomy":"product_tag","embeddable":true,"href":"https:\/\/salonforall.es\/pt\/wp-json\/wp\/v2\/product_tag?post=19153"}],"curies":[{"name":"wp","href":"https:\/\/api.w.org\/{rel}","templated":true}]}}