{"id":18802,"date":"2025-12-02T15:09:56","date_gmt":"2025-12-02T14:09:56","guid":{"rendered":"https:\/\/salonforall.es\/product\/absorbedor-de-polvo-saeyang-marathon-levent\/"},"modified":"2026-03-24T17:36:01","modified_gmt":"2026-03-24T16:36:01","slug":"absorbedor-de-polvo-saeyang-marathon-levent","status":"publish","type":"product","link":"https:\/\/salonforall.es\/pt\/absorbedor-de-polvo-saeyang-marathon-levent\/","title":{"rendered":"Absorvedor de poeiras Saeyang Marathon Levent"},"content":{"rendered":"<h2>Informaci\u00f3n sobre Absorbedor De Polvo Saeyang Marathon Levent con n\u00famero de art\u00edculo 149721<\/h2>\n<p><img decoding=\"async\" src=\"https:\/\/activeshop.com.pl\/media\/wysiwyg\/product\/149721\/EN_149721_1.jpg\"><\/p>\n<p>A marca <strong>Saeyang<\/strong> oferece ferramentas de alta qualidade, \u00fateis para tratamentos profissionais de manicura e pedicura. Os produtos Saeyang, apreciados pelos cosmetologistas, caracterizam-se pela excelente qualidade de fabrico, pela precis\u00e3o e pela utiliza\u00e7\u00e3o de solu\u00e7\u00f5es inovadoras.<\/p>\n<p><img decoding=\"async\" src=\"https:\/\/activeshop.com.pl\/media\/wysiwyg\/product\/149721\/EN_149721_2.jpg\"><\/p>\n<h2><strong>Un dispositivo eficaz para cualquier estilista<\/strong><\/h2>\n<p>El aspirador de polvo profesional Marathon Levent con dos tipos de filtros protege eficazmente la salud tanto de estilistas como de clientes, eliminando el polvo generado durante los tratamientos. Gracias a su alta potencia y avanzado sistema de filtraci\u00f3n, el dispositivo garantiza comodidad durante las manicuras y pedicuras, proporcionando un entorno limpio y seguro. Adem\u00e1s, su dise\u00f1o moderno y est\u00e9tico lo convierte en un equipo pr\u00e1ctico y elegante en salones de belleza.<\/p>\n<p><img decoding=\"async\" src=\"https:\/\/activeshop.com.pl\/media\/wysiwyg\/product\/149721\/EN_149721_3.jpg\"><\/p>\n<h2><strong>Aspirador de polvo eficiente con la potencia adecuada<\/strong><\/h2>\n<p>Al trabajar con un torno de u\u00f1as, se genera una cantidad significativa de polvo, que puede suponer un riesgo para la salud si se usa durante un tiempo prolongado. Por lo tanto, en un sal\u00f3n de manicura, vale la pena invertir en un aspirador de polvo eficiente que limpie el aire eficazmente, mejore la higiene y proporcione comodidad tanto al estilista como a las clientas. Gracias al ventilador de alta velocidad, el dispositivo aspira r\u00e1pida y eficazmente el polvo generado durante la manicura, dirigi\u00e9ndolo directamente a filtros eficaces que retienen incluso las part\u00edculas m\u00e1s finas.<\/p>\n<p><img decoding=\"async\" src=\"https:\/\/activeshop.com.pl\/media\/wysiwyg\/product\/149721\/EN_149721_4.jpg\"><\/p>\n<h2><strong>Seguridad en el servicio con filtros potentes<\/strong><\/h2>\n<p>El modelo utiliza un filtro HEPA de casete que detiene eficazmente incluso las part\u00edculas de polvo m\u00e1s peque\u00f1as, garantizando un aire limpio en el lugar de trabajo. El aire filtrado se descarga a trav\u00e9s de rejillas de ventilaci\u00f3n ubicadas con precisi\u00f3n, lo que mejora la eficiencia del dispositivo. Una gran superficie de absorci\u00f3n permite sostener el dispositivo con ambas manos a la vez, y gracias a la alta eficiencia del absorbedor, los contaminantes se eliminan eficazmente directamente al filtro. Adem\u00e1s, para aumentar la seguridad e higiene, el dispositivo est\u00e1 equipado con filtros de algod\u00f3n que complementan el sistema de filtraci\u00f3n principal, garantizando una limpieza excepcional en el lugar de trabajo.<\/p>\n<p><img decoding=\"async\" src=\"https:\/\/activeshop.com.pl\/media\/wysiwyg\/product\/149721\/EN_149721_5.jpg\"><\/p>\n<h2><strong>Funcionalidades eficientes para mayor comodidad en el trabajo<\/strong><\/h2>\n<p>El absorbedor Marathon sin bolsa ofrece una regulaci\u00f3n manual sencilla e intuitiva de la velocidad de succi\u00f3n, lo que permite ajustar con precisi\u00f3n el funcionamiento del dispositivo a las necesidades del tratamiento. Adem\u00e1s, el sistema de \u00abclic\u00bb con una se\u00f1al sonora caracter\u00edstica al encender o apagar el dispositivo aumenta la comodidad de uso. Las funciones cuidadosamente dise\u00f1adas del absorbedor mejoran significativamente la ergonom\u00eda del trabajo, garantizando comodidad y eficiencia durante los tratamientos diarios.<\/p>\n<p><img decoding=\"async\" src=\"https:\/\/activeshop.com.pl\/media\/wysiwyg\/product\/149721\/EN_149721_6.jpg\"><\/p>\n<h2><strong>Equipo pr\u00e1ctico con un dise\u00f1o interesante<\/strong><\/h2>\n<p>El absorbedor ha sido dise\u00f1ado con una atenci\u00f3n excepcional al detalle, y su apariencia futurista se integra perfectamente en la est\u00e9tica de los salones de belleza modernos. Su atractivo dise\u00f1o hace que el dispositivo se integre armoniosamente en casi cualquier interior. La cubierta con montaje magn\u00e9tico garantiza la estabilidad y elimina el riesgo de movimiento durante el funcionamiento, y su forma \u00fanica atrae la atenci\u00f3n, causando una buena impresi\u00f3n en los clientes. Su extracci\u00f3n r\u00e1pida facilita la limpieza y, gracias al recubrimiento UV, conserva su forma incluso despu\u00e9s del contacto con acetona. Las patas antideslizantes aumentan la estabilidad del dispositivo, garantizando un uso seguro y c\u00f3modo. Lea atentamente las instrucciones antes de usarlo. El juego incluye: base absorbente, cubierta magn\u00e9tica, filtro HEPA, paquete de 50 filtros de algod\u00f3n, fuente de alimentaci\u00f3n e instrucciones. Datos: N\u00famero de ventiladores: 1 Filtros: 2 HEPA y de algod\u00f3n Velocidad m\u00e1xima: 4000 RPM Caudal de aire: 1,6-1,77 m\u00b3 por minuto Nivel de ruido de funcionamiento: 64 dB (m\u00e1x. 65,9 dB) Color de la carcasa: blanco Potencia: 52,8 W<br \/>Voltaje: 100-240 V<\/p>\n<p>Dimensiones de los filtros desechables: 18 \u00d7 18 cm<br \/>Dimensiones del filtro de casete: 16 \u00d7 16 cm<\/p>\n<div class=\"video-container\"> <iframe height=\"315\" src=\"https:\/\/www.youtube.com\/embed\/t2NtiYs-Ljk\" frameborder=\"0\" width=\"560\" allowfullscreen allow=\"accelerometer; autoplay; encrypted-media; gyroscope; picture-in-picture\"> <\/iframe> <\/div>\n<p>Los productos Activeshop son proporcionalmente m\u00e1s econ\u00f3micos que muchas otras marcas\/proveedores. El precio est\u00e1 en relaci\u00f3n con la calidad. Absorbedor De Polvo Saeyang Marathon Levent es por lo tanto una soluci\u00f3n accesible para su sal\u00f3n.<\/p>\n<h2>\u00bfC\u00f3mo se entrega Absorbedor De Polvo Saeyang Marathon Levent?<\/h2>\n<p>Absorbedor De Polvo Saeyang Marathon Levent se entrega en embalaje(s) original(es). Dentro de Espa\u00f1a el env\u00edo de Absorbedor De Polvo Saeyang Marathon Levent es completamente gratuito para pedidos a partir de 100,- euros. Para env\u00edos a otros pa\u00edses se aplican tarifas de env\u00edo separadas. Puede consultar estas tarifas con nosotros o verlas en el carrito de compra. Absorbedor De Polvo Saeyang Marathon Levent se env\u00eda a trav\u00e9s de un servicio de mensajer\u00eda externo.<\/p>\n<p>As encomendas ou paletes s\u00e3o entregues, por norma, at\u00e9 \u00e0 soleira da porta da frente, mesmo que se encontre num edif\u00edcio coletivo, num edif\u00edcio de apartamentos ou num complexo de apartamentos com elevador (desde que o artigo caiba no elevador). N\u00e3o h\u00e1 elevador dispon\u00edvel ou o artigo n\u00e3o cabe no elevador? Ent\u00e3o entregamos at\u00e9 \u00e0 soleira do r\u00e9s do ch\u00e3o.<\/p>\n<p>Se ainda tem d\u00favidas sobre a entrega ou uma situa\u00e7\u00e3o especial, contacte-nos e teremos todo o gosto em ajud\u00e1-lo!<\/p>\n<p>*Os artigos n\u00e3o s\u00e3o desempacotados ou montados como padr\u00e3o. Em situa\u00e7\u00f5es especiais, pode contactar-nos para combinarmos as condi\u00e7\u00f5es.<\/p>\n<h2>Compras online seguras na Salon For All com o selo de qualidade Webwinkelkeur e encripta\u00e7\u00e3o SSL.<\/h2>\n<p>Es importante para nosotros que nuestros clientes puedan comprar de forma segura en nuestra tienda online. Estamos afiliados al sello de calidad nacional Webwinkelkeur desde 2019. Nuestra identidad ha sido verificada y comprobada por ellos, y la tienda online ha sido revisada y aprobada legalmente. Adem\u00e1s, nuestra tienda online est\u00e1 afiliada a ellos para la mediaci\u00f3n de conflictos. Puede ver la insignia con toda la informaci\u00f3n de este sello de calidad de tienda online en el lado izquierdo o derecho de la tienda online (bot\u00f3n rosa con blanco). Adem\u00e1s, nuestro sitio est\u00e1 protegido con un certificado SSL para que pueda navegar de forma segura con nosotros. En la barra de su navegador de Internet, donde aparece nuestro sitio web, ver\u00e1 un icono de candado. Si hace clic en el candado, obtendr\u00e1 toda la informaci\u00f3n sobre nuestra seguridad. De esta manera sabe que su pedido de Absorbedor De Polvo Saeyang Marathon Levent y sus datos personales se procesan de forma segura.<\/p>\n<h2>\u00bfC\u00f3mo puedo pagar Absorbedor De Polvo Saeyang Marathon Levent?<\/h2>\n<p>Queremos tornar as coisas o mais f\u00e1ceis poss\u00edvel para si. \u00c9 por isso que na Salon For All pode pagar com todos os m\u00e9todos de pagamento populares. Pagar antecipadamente, na entrega ou depois - tudo \u00e9 poss\u00edvel. Veja aqui todos os m\u00e9todos de pagamento que oferecemos:<\/p>\n<ul>\n<li>iDEAL<\/li>\n<li>Cart\u00e3o de cr\u00e9dito (Visa, Mastercard, American Express)<\/li>\n<li>Klarna - Pagamento na entrega com fatura<\/li>\n<li>PayPal<\/li>\n<li>Apple Pay<\/li>\n<li>Google Pay<\/li>\n<li>Bizum (para clientes espanh\u00f3is)<\/li>\n<li>Transfer\u00eancia banc\u00e1ria SEPA<\/li>\n<li>Contacto com o banco<\/li>\n<li>Fatura comercial para empresas<\/li>\n<li>Pagamento na sala de exposi\u00e7\u00f5es - Cart\u00e3o e dinheiro (apenas dispon\u00edvel \u00e0 cobran\u00e7a)<\/li>\n<\/ul>\n<h2>Veja tamb\u00e9m as opini\u00f5es de Salon For All<\/h2>\n<p>Consulte tambi\u00e9n nuestras rese\u00f1as para tener en cuenta las experiencias de nuestros clientes actuales en su decisi\u00f3n de pedir Absorbedor De Polvo Saeyang Marathon Levent con nosotros. A trav\u00e9s de nuestro sello de calidad independiente de tienda online Webwinkelkeur, se recopilan autom\u00e1ticamente rese\u00f1as verificadas de clientes que han completado un pedido con nosotros. Puede encontrarlas detr\u00e1s del bot\u00f3n rosa en nuestra tienda online o aparecen listadas debajo de los productos.<\/p>\n<p>\u00a1Comparta tambi\u00e9n su experiencia despu\u00e9s de su compra con su Absorbedor De Polvo Saeyang Marathon Levent pedido y su experiencia con el proceso de compra o el contacto con Salon For All para inspirar a otros!<\/p>\n<h2>Contactar o Salon For All<\/h2>\n<p>Cont\u00e1ctenos entonces. Estaremos encantados de ayudarle con la adquisici\u00f3n de Absorbedor De Polvo Saeyang Marathon Levent. En d\u00edas laborables estamos mejor disponibles entre las 8.30 y las 17.00 horas a trav\u00e9s del n\u00famero de tel\u00e9fono y direcci\u00f3n de correo electr\u00f3nico en la parte superior de la tienda online o a trav\u00e9s de la funci\u00f3n de chat. Las consultas fuera del horario de oficina suelen responderse en un plazo de 24 horas. Tambi\u00e9n es posible visitarnos fuera de los d\u00edas laborables u horario de oficina. Pero para ello es necesario concertar una cita previa.<\/p>\n<h2>Gostaria de visitar a nossa sala de exposi\u00e7\u00f5es?<\/h2>\n<p>\u00bfPrefiere ver Absorbedor De Polvo Saeyang Marathon Levent o recorrer nuestra oferta de la tienda (online) junto con nuestro colega? Entonces visite nuestro showroom con m\u00e1s de 1000m\u00b2 de equipamiento para salones y d\u00e9jese inspirar por nuestros empleados. Tambi\u00e9n si le gusta conocernos de manera agradable disfrutando de una buena taza de caf\u00e9 o t\u00e9, es muy bienvenido. No tenemos todos los productos en stock, as\u00ed que h\u00e1ganos saber de antemano que desea venir. Concierte siempre una cita previa.<\/p>\n<h2>14 dias de reflex\u00e3o e a nossa pol\u00edtica de devolu\u00e7\u00e3o<\/h2>\n<p>Por supuesto puede ocurrir que Absorbedor De Polvo Saeyang Marathon Levent entregado no sea completamente de su agrado y desee devolverlo. Eso no es ning\u00fan problema en Salon For All. Debe notificar su devoluci\u00f3n dentro de 14 d\u00edas laborables a trav\u00e9s de info@salonforall.es. Entonces recibir\u00e1 primero todas las instrucciones y condiciones de devoluci\u00f3n. Tenga en cuenta que Absorbedor De Polvo Saeyang Marathon Levent no debe haber sido usado, debe contener todas las partes suministradas y debe devolverse empaquetado en el embalaje original. Los costos de env\u00edo de una devoluci\u00f3n son siempre a cargo del comprador en compras a trav\u00e9s de www.salonforall.es. Debe organizar usted mismo un transporte con una empresa de transporte de su elecci\u00f3n para una devoluci\u00f3n. Una vez que Absorbedor De Polvo Saeyang Marathon Levent haya sido devuelto, se verificar\u00e1 su integridad y posibles da\u00f1os. Una vez que la devoluci\u00f3n haya sido aprobada, el importe de la compra se reembolsar\u00e1 dentro de 5 d\u00edas laborables a la cuenta bancaria que tenemos registrada.<\/p>\n<h2>Quem \u00e9 o Salon For All?<\/h2>\n<p>A Salon For All \u00e9 o grossista de todo o equipamento para sal\u00f5es de beleza na Europa. A Salon For All come\u00e7ou em 2003 com o nome Salonvoordeel e cresceu a partir da pr\u00e1tica. Os propriet\u00e1rios da Salon For All eram cabeleireiros experientes e especialistas em beleza e t\u00eam, em conjunto, mais de 30 anos de experi\u00eancia pr\u00e1tica. Em 2003, lan\u00e7\u00e1mos o Salonvoordeel.nl (Pa\u00edses Baixos) e, posteriormente, o Salon For All foi fundado para o mercado europeu. Alguns dos nossos funcion\u00e1rios come\u00e7aram o seu pr\u00f3prio neg\u00f3cio e assim nasceu a ideia de lan\u00e7ar uma loja online funcional para cabeleireiros e para os ajudar com o seu equipamento de sal\u00e3o.<\/p>\n<p>Nuestro showroom se encuentra en Dinxperlo, directamente en la frontera entre los Pa\u00edses Bajos y Alemania. Con nuestra amplia experiencia en el sector podemos servirle de espejo y proporcionarle el asesoramiento adecuado. \u00a1Hablamos el mismo idioma! Le asesoramos, inspiramos, motivamos y ayudamos en la adquisici\u00f3n de Absorbedor De Polvo Saeyang Marathon Levent. Nuestros proveedores se encuentran en toda Europa, desde Alemania, Inglaterra, Italia hasta Polonia.<\/p>","protected":false},"excerpt":{"rendered":"<p>O absorvente de p\u00f3 Saeyang Marathon Levent \u00e9 uma solu\u00e7\u00e3o de alta qualidade para qualquer sal\u00e3o de beleza. O prazo de entrega estimado \u00e9 de aproximadamente 6 dias \u00fateis.<\/p>","protected":false},"featured_media":18803,"comment_status":"open","ping_status":"open","template":"","meta":[],"product_brand":[170],"product_cat":[827,828],"product_tag":[829,830],"class_list":{"0":"post-18802","1":"product","2":"type-product","3":"status-publish","4":"has-post-thumbnail","6":"product_brand-saeyang","7":"product_cat-clavos","8":"product_cat-colectores-de-polvo","9":"product_tag-clavos","10":"product_tag-colectores-de-polvo","11":"pa_codigo-ean-7759","12":"pa_garantia-12-meses","13":"pa_marca-saeyang","14":"pa_numero-de-articulo-6864","15":"pa_tiempo-estimado-de-entrega-4-5-dias-laborables","17":"first","18":"instock","19":"sale","20":"taxable","21":"shipping-taxable","22":"purchasable","23":"product-type-simple"},"yoast_head":"<!-- This site is optimized with the Yoast SEO plugin v27.6 - https:\/\/yoast.com\/product\/yoast-seo-wordpress\/ -->\n<title>Absorbedor De Polvo Saeyang Marathon Levent comprar<\/title>\n<meta name=\"description\" content=\"Compra Absorbedor De Polvo Saeyang Marathon Levent online o en el showroom en Salon For ALL Espa\u00f1a. El mayorista para salones, consultas y spas en Espa\u00f1a y Portugal.\" \/>\n<meta name=\"robots\" content=\"index, follow, max-snippet:-1, max-image-preview:large, max-video-preview:-1\" \/>\n<link rel=\"canonical\" href=\"https:\/\/salonforall.es\/pt\/absorbedor-de-polvo-saeyang-marathon-levent\/\" \/>\n<meta property=\"og:locale\" content=\"pt_PT\" \/>\n<meta property=\"og:type\" content=\"article\" \/>\n<meta property=\"og:title\" content=\"Absorbedor De Polvo Saeyang Marathon Levent\" \/>\n<meta property=\"og:description\" content=\"Compra Absorbedor De Polvo Saeyang Marathon Levent online o en el showroom en Salon For ALL Espa\u00f1a. El mayorista para salones, consultas y spas en Espa\u00f1a y Portugal.\" \/>\n<meta property=\"og:url\" content=\"https:\/\/salonforall.es\/pt\/absorbedor-de-polvo-saeyang-marathon-levent\/\" \/>\n<meta property=\"og:site_name\" content=\"Salon For ALL Espa\u00f1a\" \/>\n<meta property=\"article:modified_time\" content=\"2026-03-24T16:36:01+00:00\" \/>\n<meta property=\"og:image\" content=\"https:\/\/salonforall.es\/wp-content\/uploads\/2025\/12\/Absorbedor-De-Polvo-Saeyang-Marathon-Levent.jpg\" \/>\n\t<meta property=\"og:image:width\" content=\"1200\" \/>\n\t<meta property=\"og:image:height\" content=\"1200\" \/>\n\t<meta property=\"og:image:type\" content=\"image\/jpeg\" \/>\n<meta name=\"twitter:card\" content=\"summary_large_image\" \/>\n<meta name=\"twitter:title\" content=\"Absorbedor De Polvo Saeyang Marathon Levent\" \/>\n<meta name=\"twitter:label1\" content=\"Tempo estimado de leitura\" \/>\n\t<meta name=\"twitter:data1\" content=\"9 minutos\" \/>\n<script type=\"application\/ld+json\" class=\"yoast-schema-graph\">{\"@context\":\"https:\\\/\\\/schema.org\",\"@graph\":[{\"@type\":\"WebPage\",\"@id\":\"https:\\\/\\\/salonforall.es\\\/absorbedor-de-polvo-saeyang-marathon-levent\\\/\",\"url\":\"https:\\\/\\\/salonforall.es\\\/absorbedor-de-polvo-saeyang-marathon-levent\\\/\",\"name\":\"Absorbedor De Polvo Saeyang Marathon Levent comprar\",\"isPartOf\":{\"@id\":\"https:\\\/\\\/salonforall.es\\\/#website\"},\"primaryImageOfPage\":{\"@id\":\"https:\\\/\\\/salonforall.es\\\/absorbedor-de-polvo-saeyang-marathon-levent\\\/#primaryimage\"},\"image\":{\"@id\":\"https:\\\/\\\/salonforall.es\\\/absorbedor-de-polvo-saeyang-marathon-levent\\\/#primaryimage\"},\"thumbnailUrl\":\"https:\\\/\\\/salonforall.es\\\/wp-content\\\/uploads\\\/2025\\\/12\\\/Absorbedor-De-Polvo-Saeyang-Marathon-Levent.jpg\",\"datePublished\":\"2025-12-02T14:09:56+00:00\",\"dateModified\":\"2026-03-24T16:36:01+00:00\",\"description\":\"Compra Absorbedor De Polvo Saeyang Marathon Levent online o en el showroom en Salon For ALL Espa\u00f1a. El mayorista para salones, consultas y spas en Espa\u00f1a y Portugal.\",\"breadcrumb\":{\"@id\":\"https:\\\/\\\/salonforall.es\\\/absorbedor-de-polvo-saeyang-marathon-levent\\\/#breadcrumb\"},\"inLanguage\":\"pt-PT\",\"potentialAction\":[{\"@type\":\"ReadAction\",\"target\":[\"https:\\\/\\\/salonforall.es\\\/absorbedor-de-polvo-saeyang-marathon-levent\\\/\"]}]},{\"@type\":\"ImageObject\",\"inLanguage\":\"pt-PT\",\"@id\":\"https:\\\/\\\/salonforall.es\\\/absorbedor-de-polvo-saeyang-marathon-levent\\\/#primaryimage\",\"url\":\"https:\\\/\\\/salonforall.es\\\/wp-content\\\/uploads\\\/2025\\\/12\\\/Absorbedor-De-Polvo-Saeyang-Marathon-Levent.jpg\",\"contentUrl\":\"https:\\\/\\\/salonforall.es\\\/wp-content\\\/uploads\\\/2025\\\/12\\\/Absorbedor-De-Polvo-Saeyang-Marathon-Levent.jpg\",\"width\":1200,\"height\":1200,\"caption\":\"Absorbedor De Polvo Saeyang Marathon Levent\"},{\"@type\":\"BreadcrumbList\",\"@id\":\"https:\\\/\\\/salonforall.es\\\/absorbedor-de-polvo-saeyang-marathon-levent\\\/#breadcrumb\",\"itemListElement\":[{\"@type\":\"ListItem\",\"position\":1,\"name\":\"Home\",\"item\":\"https:\\\/\\\/salonforall.es\\\/\"},{\"@type\":\"ListItem\",\"position\":2,\"name\":\"Winkel\",\"item\":\"https:\\\/\\\/salonforall.es\\\/winkel\\\/\"},{\"@type\":\"ListItem\",\"position\":3,\"name\":\"Absorbedor De Polvo Saeyang Marathon Levent\"}]},{\"@type\":\"WebSite\",\"@id\":\"https:\\\/\\\/salonforall.es\\\/#website\",\"url\":\"https:\\\/\\\/salonforall.es\\\/\",\"name\":\"Salon For ALL Espa\u00f1a\",\"description\":\"Mayorista de mobiliario y suministros para consultorios y salones\",\"publisher\":{\"@id\":\"https:\\\/\\\/salonforall.es\\\/#organization\"},\"potentialAction\":[{\"@type\":\"SearchAction\",\"target\":{\"@type\":\"EntryPoint\",\"urlTemplate\":\"https:\\\/\\\/salonforall.es\\\/?s={search_term_string}\"},\"query-input\":{\"@type\":\"PropertyValueSpecification\",\"valueRequired\":true,\"valueName\":\"search_term_string\"}}],\"inLanguage\":\"pt-PT\"},{\"@type\":\"Organization\",\"@id\":\"https:\\\/\\\/salonforall.es\\\/#organization\",\"name\":\"Salon For All B.V. Espa\u00f1a\",\"alternateName\":\"Salon For All B.V. Espa\u00f1a - Mayorista de equipamiento para consultas, salones y suministros\",\"url\":\"https:\\\/\\\/salonforall.es\\\/\",\"logo\":{\"@type\":\"ImageObject\",\"inLanguage\":\"pt-PT\",\"@id\":\"https:\\\/\\\/salonforall.es\\\/#\\\/schema\\\/logo\\\/image\\\/\",\"url\":\"https:\\\/\\\/salonforall.es\\\/wp-content\\\/uploads\\\/2025\\\/11\\\/logo-salon-for-all-e1764543185849.png\",\"contentUrl\":\"https:\\\/\\\/salonforall.es\\\/wp-content\\\/uploads\\\/2025\\\/11\\\/logo-salon-for-all-e1764543185849.png\",\"width\":500,\"height\":150,\"caption\":\"Salon For All B.V. Espa\u00f1a\"},\"image\":{\"@id\":\"https:\\\/\\\/salonforall.es\\\/#\\\/schema\\\/logo\\\/image\\\/\"}}]}<\/script>\n<!-- \/ Yoast SEO plugin. -->","yoast_head_json":{"title":"Absorbedor De Polvo Saeyang Marathon Levent comprar","description":"Compra Absorbedor De Polvo Saeyang Marathon Levent online o en el showroom en Salon For ALL Espa\u00f1a. El mayorista para salones, consultas y spas en Espa\u00f1a y Portugal.","robots":{"index":"index","follow":"follow","max-snippet":"max-snippet:-1","max-image-preview":"max-image-preview:large","max-video-preview":"max-video-preview:-1"},"canonical":"https:\/\/salonforall.es\/pt\/absorbedor-de-polvo-saeyang-marathon-levent\/","og_locale":"pt_PT","og_type":"article","og_title":"Absorbedor De Polvo Saeyang Marathon Levent","og_description":"Compra Absorbedor De Polvo Saeyang Marathon Levent online o en el showroom en Salon For ALL Espa\u00f1a. El mayorista para salones, consultas y spas en Espa\u00f1a y Portugal.","og_url":"https:\/\/salonforall.es\/pt\/absorbedor-de-polvo-saeyang-marathon-levent\/","og_site_name":"Salon For ALL Espa\u00f1a","article_modified_time":"2026-03-24T16:36:01+00:00","og_image":[{"width":1200,"height":1200,"url":"https:\/\/salonforall.es\/wp-content\/uploads\/2025\/12\/Absorbedor-De-Polvo-Saeyang-Marathon-Levent.jpg","type":"image\/jpeg"}],"twitter_card":"summary_large_image","twitter_title":"Absorbedor De Polvo Saeyang Marathon Levent","twitter_misc":{"Tempo estimado de leitura":"9 minutos"},"schema":{"@context":"https:\/\/schema.org","@graph":[{"@type":"WebPage","@id":"https:\/\/salonforall.es\/absorbedor-de-polvo-saeyang-marathon-levent\/","url":"https:\/\/salonforall.es\/absorbedor-de-polvo-saeyang-marathon-levent\/","name":"Absorbedor De Polvo Saeyang Marathon Levent comprar","isPartOf":{"@id":"https:\/\/salonforall.es\/#website"},"primaryImageOfPage":{"@id":"https:\/\/salonforall.es\/absorbedor-de-polvo-saeyang-marathon-levent\/#primaryimage"},"image":{"@id":"https:\/\/salonforall.es\/absorbedor-de-polvo-saeyang-marathon-levent\/#primaryimage"},"thumbnailUrl":"https:\/\/salonforall.es\/wp-content\/uploads\/2025\/12\/Absorbedor-De-Polvo-Saeyang-Marathon-Levent.jpg","datePublished":"2025-12-02T14:09:56+00:00","dateModified":"2026-03-24T16:36:01+00:00","description":"Compra Absorbedor De Polvo Saeyang Marathon Levent online o en el showroom en Salon For ALL Espa\u00f1a. El mayorista para salones, consultas y spas en Espa\u00f1a y Portugal.","breadcrumb":{"@id":"https:\/\/salonforall.es\/absorbedor-de-polvo-saeyang-marathon-levent\/#breadcrumb"},"inLanguage":"pt-PT","potentialAction":[{"@type":"ReadAction","target":["https:\/\/salonforall.es\/absorbedor-de-polvo-saeyang-marathon-levent\/"]}]},{"@type":"ImageObject","inLanguage":"pt-PT","@id":"https:\/\/salonforall.es\/absorbedor-de-polvo-saeyang-marathon-levent\/#primaryimage","url":"https:\/\/salonforall.es\/wp-content\/uploads\/2025\/12\/Absorbedor-De-Polvo-Saeyang-Marathon-Levent.jpg","contentUrl":"https:\/\/salonforall.es\/wp-content\/uploads\/2025\/12\/Absorbedor-De-Polvo-Saeyang-Marathon-Levent.jpg","width":1200,"height":1200,"caption":"Absorbedor De Polvo Saeyang Marathon Levent"},{"@type":"BreadcrumbList","@id":"https:\/\/salonforall.es\/absorbedor-de-polvo-saeyang-marathon-levent\/#breadcrumb","itemListElement":[{"@type":"ListItem","position":1,"name":"Home","item":"https:\/\/salonforall.es\/"},{"@type":"ListItem","position":2,"name":"Winkel","item":"https:\/\/salonforall.es\/winkel\/"},{"@type":"ListItem","position":3,"name":"Absorbedor De Polvo Saeyang Marathon Levent"}]},{"@type":"WebSite","@id":"https:\/\/salonforall.es\/#website","url":"https:\/\/salonforall.es\/","name":"Sal\u00e3o de beleza para toda a Espanha","description":"Grossista de mobili\u00e1rio e material para sal\u00f5es de beleza e consult\u00f3rios","publisher":{"@id":"https:\/\/salonforall.es\/#organization"},"potentialAction":[{"@type":"SearchAction","target":{"@type":"EntryPoint","urlTemplate":"https:\/\/salonforall.es\/?s={search_term_string}"},"query-input":{"@type":"PropertyValueSpecification","valueRequired":true,"valueName":"search_term_string"}}],"inLanguage":"pt-PT"},{"@type":"Organization","@id":"https:\/\/salonforall.es\/#organization","name":"Salon For All B.V. Espanha","alternateName":"Salon For All B.V. Espa\u00f1a - Mayorista de equipamiento para consultas, salones y suministros","url":"https:\/\/salonforall.es\/","logo":{"@type":"ImageObject","inLanguage":"pt-PT","@id":"https:\/\/salonforall.es\/#\/schema\/logo\/image\/","url":"https:\/\/salonforall.es\/wp-content\/uploads\/2025\/11\/logo-salon-for-all-e1764543185849.png","contentUrl":"https:\/\/salonforall.es\/wp-content\/uploads\/2025\/11\/logo-salon-for-all-e1764543185849.png","width":500,"height":150,"caption":"Salon For All B.V. Espa\u00f1a"},"image":{"@id":"https:\/\/salonforall.es\/#\/schema\/logo\/image\/"}}]}},"_links":{"self":[{"href":"https:\/\/salonforall.es\/pt\/wp-json\/wp\/v2\/product\/18802","targetHints":{"allow":["GET"]}}],"collection":[{"href":"https:\/\/salonforall.es\/pt\/wp-json\/wp\/v2\/product"}],"about":[{"href":"https:\/\/salonforall.es\/pt\/wp-json\/wp\/v2\/types\/product"}],"replies":[{"embeddable":true,"href":"https:\/\/salonforall.es\/pt\/wp-json\/wp\/v2\/comments?post=18802"}],"wp:featuredmedia":[{"embeddable":true,"href":"https:\/\/salonforall.es\/pt\/wp-json\/wp\/v2\/media\/18803"}],"wp:attachment":[{"href":"https:\/\/salonforall.es\/pt\/wp-json\/wp\/v2\/media?parent=18802"}],"wp:term":[{"taxonomy":"product_brand","embeddable":true,"href":"https:\/\/salonforall.es\/pt\/wp-json\/wp\/v2\/product_brand?post=18802"},{"taxonomy":"product_cat","embeddable":true,"href":"https:\/\/salonforall.es\/pt\/wp-json\/wp\/v2\/product_cat?post=18802"},{"taxonomy":"product_tag","embeddable":true,"href":"https:\/\/salonforall.es\/pt\/wp-json\/wp\/v2\/product_tag?post=18802"}],"curies":[{"name":"wp","href":"https:\/\/api.w.org\/{rel}","templated":true}]}}