{"id":18657,"date":"2025-12-02T15:07:59","date_gmt":"2025-12-02T14:07:59","guid":{"rendered":"https:\/\/salonforall.es\/product\/calentador-de-cera-iwax-flower-blanco\/"},"modified":"2026-03-24T17:35:44","modified_gmt":"2026-03-24T16:35:44","slug":"aquecedor-de-cera-iwax-flower-branco","status":"publish","type":"product","link":"https:\/\/salonforall.es\/pt\/calentador-de-cera-iwax-flower-blanco\/","title":{"rendered":"Aquecedor de cera Iwax Flower Branco"},"content":{"rendered":"<h2>Informa\u00e7\u00f5es sobre o aquecedor de cera Iwax Flower Wax Heater White com o n\u00famero de item 149531<\/h2>\n<p><img decoding=\"async\" src=\"https:\/\/activeshop.com.pl\/media\/wysiwyg\/product\/149530\/EN_149530_1.jpg\"><\/p>\n<p><strong>A marca iWax<\/strong> oferece ferramentas multifuncionais para tratamentos cosm\u00e9ticos com cera e parafina, como os modernos aquecedores de cera para depila\u00e7\u00e3o. A t\u00f3nica \u00e9 colocada no design atraente, na versatilidade do produto e na facilidade de utiliza\u00e7\u00e3o, o que torna os produtos iWax adequados tanto para uso profissional como dom\u00e9stico.<\/p>\n<p><img decoding=\"async\" src=\"https:\/\/activeshop.com.pl\/media\/wysiwyg\/product\/149530\/EN_149530_2.jpg\"><\/p>\n<h2><strong>Aquecedor de cera universal<\/strong><\/h2>\n<p>O elegante <strong>Aquecedor de flores iWax<\/strong> \u00e9 uma ferramenta indispens\u00e1vel para um aquecimento r\u00e1pido e eficaz da cera, ideal tanto para sal\u00f5es de beleza profissionais como para uso dom\u00e9stico. O seu funcionamento simples e intuitivo torna o aquecedor a escolha perfeita para quem procura um dispositivo de depila\u00e7\u00e3o fi\u00e1vel e f\u00e1cil de utilizar. \u00c9 vers\u00e1til e funciona bem tanto com produtos em cubo como em gr\u00e2nulos.<\/p>\n<p><img decoding=\"async\" src=\"https:\/\/activeshop.com.pl\/media\/wysiwyg\/product\/149530\/EN_149530_3.jpg\"><\/p>\n<h2><strong>Instala\u00e7\u00f5es pr\u00e1ticas para uma depila\u00e7\u00e3o confort\u00e1vel<\/strong><\/h2>\n<p>O aquecedor distingue-se pelo seu funcionamento intuitivo, que facilita a regula\u00e7\u00e3o da temperatura atrav\u00e9s de um painel de f\u00e1cil leitura e de um ecr\u00e3 digital. O aparelho tem uma temperatura predefinida de 70 \u00b0C, com um amplo intervalo de regula\u00e7\u00e3o de 35 \u00b0C a 125 \u00b0C, o que lhe permite afinar a temperatura em fun\u00e7\u00e3o do tipo de cera e das suas necessidades. O aquecedor \u00e9 ativado e desativado por sinais sonoros distintos e a tampa transparente permite verificar o grau de fus\u00e3o da cera, protegendo o interior da contamina\u00e7\u00e3o. O recipiente de silicone garante uma fus\u00e3o f\u00e1cil e segura da cera, o que aumenta o conforto de utiliza\u00e7\u00e3o e facilita a limpeza.<\/p>\n<p><img decoding=\"async\" src=\"https:\/\/activeshop.com.pl\/media\/wysiwyg\/product\/149530\/EN_149530_4.jpg\"><\/p>\n<h2><strong>Design \u00fanico e apelativo<\/strong><\/h2>\n<p>A est\u00e9tica do seu fabrico, o seu design \u00fanico e as suas pequenas dimens\u00f5es fazem com que este aquecedor de cera se integre perfeitamente no interior dos sal\u00f5es modernos, tornando-se um elemento distintivo. A sua forma elegante, inspirada num bot\u00e3o de flor, chama a aten\u00e7\u00e3o e real\u00e7a a aten\u00e7\u00e3o para os pormenores, uma carater\u00edstica apreciada tanto pelos clientes como pelos propriet\u00e1rios dos sal\u00f5es. A utiliza\u00e7\u00e3o de pl\u00e1stico dur\u00e1vel em tons de branco garante uma limpeza f\u00e1cil. Al\u00e9m disso, a sua constru\u00e7\u00e3o leve facilita o transporte e a desloca\u00e7\u00e3o, tornando-a uma ferramenta extremamente pr\u00e1tica tanto no sal\u00e3o como em casa.<\/p>\n<p><img decoding=\"async\" src=\"https:\/\/activeshop.com.pl\/media\/wysiwyg\/product\/149530\/EN_149530_5.jpg\"><\/p>\n<h2><strong>Como \u00e9 que \u00e9 utilizado?<\/strong><\/h2>\n<p>1. colocar o aparelho numa superf\u00edcie plana e seca.<br \/>2. Ligar o dispositivo \u00e0 fonte de alimenta\u00e7\u00e3o.<br \/>3. Prima o bot\u00e3o central para ligar o aparelho.<br \/>4. Levantar a tampa e deitar a cera no aparelho.<br \/>5. Utilize os bot\u00f5es + e - para ajustar a temperatura. O intervalo de temperatura do dispositivo \u00e9 de 35 a 125 \u00b0C. Por defeito, o aparelho est\u00e1 definido para 70 \u00b0C. Premir e manter premidos os bot\u00f5es permite-lhe alterar a defini\u00e7\u00e3o mais rapidamente.<br \/>6. Depois de regular a temperatura, aguardar at\u00e9 que o n\u00famero no visor deixe de piscar (o que significa que est\u00e1 aprovado) e, em seguida, at\u00e9 que o aparelho atinja o n\u00edvel adequado (a banda abaixo do valor indicado p\u00e1ra).<br \/>7. Antes de utilizar, certificar-se de que a cera est\u00e1 completamente derretida.<br \/>8. Desligue o dispositivo quando terminar de o utilizar.<br \/>9. Aguardar que a cera arrefe\u00e7a antes de limpar o aparelho.<br \/>10. Limpe o aparelho e guarde-o num local seco.<br \/>ATEN\u00c7\u00c3O: Verificar sempre a temperatura da cera antes de a aplicar na pele para evitar queimaduras. Dimens\u00f5es pormenorizadas: nas imagens. Ler atentamente as instru\u00e7\u00f5es antes de utilizar. Inclui: aquecedor de cera, cabo de alimenta\u00e7\u00e3o, recipiente de silicone para aquecer a cera e instru\u00e7\u00f5es. Detalhes: Cor: branco. Gama de temperaturas: 35-125 \u00b0C. Capacidade: 450 ml. Pot\u00eancia: 100 W. Tens\u00e3o: 220-240 V, 50 Hz.<\/p>\n<p>Os produtos da Activeshop s\u00e3o proporcionalmente mais baratos do que os de muitas outras marcas\/fornecedores. O pre\u00e7o est\u00e1 em rela\u00e7\u00e3o com a qualidade. O aquecedor de cera branca Iwax Flower \u00e9, portanto, uma solu\u00e7\u00e3o econ\u00f3mica para o seu sal\u00e3o.<\/p>\n<h2>Como \u00e9 entregue o aquecedor de cera branca Iwax Flower?<\/h2>\n<p>Calentador De Cera Iwax Flower Blanco \u00e9 entregue na(s) embalagem(ns) original(ais). Em Espanha, o envio de Calentador De Cera Iwax Flower Blanco \u00e9 totalmente gratuito para encomendas superiores a 100,- Euro. Para envios para outros pa\u00edses, aplicam-se taxas de envio separadas. Pode verificar estas taxas connosco ou v\u00ea-las no carrinho de compras. O envio do Calentador De Cera Iwax Flower Blanco \u00e9 efectuado atrav\u00e9s de um servi\u00e7o de correio externo.<\/p>\n<p>As encomendas ou paletes s\u00e3o entregues, por norma, at\u00e9 \u00e0 soleira da porta da frente, mesmo que se encontre num edif\u00edcio coletivo, num edif\u00edcio de apartamentos ou num complexo de apartamentos com elevador (desde que o artigo caiba no elevador). N\u00e3o h\u00e1 elevador dispon\u00edvel ou o artigo n\u00e3o cabe no elevador? Ent\u00e3o entregamos at\u00e9 \u00e0 soleira do r\u00e9s do ch\u00e3o.<\/p>\n<p>Se ainda tem d\u00favidas sobre a entrega ou uma situa\u00e7\u00e3o especial, contacte-nos e teremos todo o gosto em ajud\u00e1-lo!<\/p>\n<p>*Os artigos n\u00e3o s\u00e3o desempacotados ou montados como padr\u00e3o. Em situa\u00e7\u00f5es especiais, pode contactar-nos para combinarmos as condi\u00e7\u00f5es.<\/p>\n<h2>Compras online seguras na Salon For All com o selo de qualidade Webwinkelkeur e encripta\u00e7\u00e3o SSL.<\/h2>\n<p>\u00c9 importante para n\u00f3s que os nossos clientes possam fazer compras com seguran\u00e7a na nossa loja online. Estamos afiliados ao selo de qualidade nacional Webwinkelkeur desde 2019. A nossa identidade foi verificada e verificada por eles, e a loja online foi verificada e legalmente aprovada. Al\u00e9m disso, a nossa loja online \u00e9 afiliada a eles para media\u00e7\u00e3o de conflitos. Pode ver o log\u00f3tipo com todas as informa\u00e7\u00f5es deste selo de qualidade da loja online no lado esquerdo ou direito da loja online (bot\u00e3o rosa com branco). Al\u00e9m disso, o nosso s\u00edtio est\u00e1 protegido com um certificado SSL para que possa navegar em seguran\u00e7a connosco. Na barra do seu navegador de Internet, onde aparece o nosso s\u00edtio Web, ver\u00e1 um \u00edcone de cadeado. Se clicar no cadeado, obter\u00e1 todas as informa\u00e7\u00f5es sobre a nossa seguran\u00e7a. Desta forma, sabe que a sua encomenda Iwax Flower White Wax Warmer e os seus dados pessoais s\u00e3o tratados de forma segura.<\/p>\n<h2>Como pagar a compra do aquecedor de cera branca Iwax Flower?<\/h2>\n<p>Queremos tornar as coisas o mais f\u00e1ceis poss\u00edvel para si. \u00c9 por isso que na Salon For All pode pagar com todos os m\u00e9todos de pagamento populares. Pagar antecipadamente, na entrega ou depois - tudo \u00e9 poss\u00edvel. Veja aqui todos os m\u00e9todos de pagamento que oferecemos:<\/p>\n<ul>\n<li>iDEAL<\/li>\n<li>Cart\u00e3o de cr\u00e9dito (Visa, Mastercard, American Express)<\/li>\n<li>Klarna - Pagamento na entrega com fatura<\/li>\n<li>PayPal<\/li>\n<li>Apple Pay<\/li>\n<li>Google Pay<\/li>\n<li>Bizum (para clientes espanh\u00f3is)<\/li>\n<li>Transfer\u00eancia banc\u00e1ria SEPA<\/li>\n<li>Contacto com o banco<\/li>\n<li>Fatura comercial para empresas<\/li>\n<li>Pagamento na sala de exposi\u00e7\u00f5es - Cart\u00e3o e dinheiro (apenas dispon\u00edvel \u00e0 cobran\u00e7a)<\/li>\n<\/ul>\n<h2>Veja tamb\u00e9m as opini\u00f5es de Salon For All<\/h2>\n<p>Por favor, verifique tamb\u00e9m as nossas opini\u00f5es para ter em conta as experi\u00eancias dos nossos clientes existentes na sua decis\u00e3o de encomendar Iwax Flower Wax Warmer White connosco. Atrav\u00e9s do nosso selo de qualidade independente da loja online Webwinkelkeur, s\u00e3o recolhidas automaticamente as opini\u00f5es verificadas dos clientes que efectuaram uma encomenda connosco. Pode encontr\u00e1-las por detr\u00e1s do bot\u00e3o rosa na nossa loja online ou est\u00e3o listadas por baixo dos produtos.<\/p>\n<p>Partilhe tamb\u00e9m a sua experi\u00eancia ap\u00f3s comprar o seu Iwax Flower White Wax Warmer encomendado e a sua experi\u00eancia com o processo de encomenda ou com o contacto da Salon For All, para que outros se sintam inspirados!<\/p>\n<h2>Contactar o Salon For All<\/h2>\n<p>Contacte-nos ent\u00e3o. Teremos todo o gosto em ajud\u00e1-lo na sua compra de Iwax Flower Wax Heater White. Durante a semana, estamos dispon\u00edveis entre as 8h30 e as 17h00, atrav\u00e9s do n\u00famero de telefone e do endere\u00e7o de correio eletr\u00f3nico indicados no topo da loja online ou atrav\u00e9s da fun\u00e7\u00e3o de chat. Os pedidos de informa\u00e7\u00e3o fora do hor\u00e1rio de expediente s\u00e3o normalmente respondidos no prazo de 24 horas. Tamb\u00e9m \u00e9 poss\u00edvel visitar-nos fora dos dias \u00fateis ou do hor\u00e1rio de expediente. No entanto, \u00e9 necess\u00e1rio efetuar uma marca\u00e7\u00e3o pr\u00e9via.<\/p>\n<h2>Gostaria de visitar a nossa sala de exposi\u00e7\u00f5es?<\/h2>\n<p>Prefere ver o aquecedor de cera Iwax Flower Wax Heater White ou consultar a nossa oferta de loja (online) juntamente com o nosso colega? Ent\u00e3o visite o nosso showroom com mais de 1000m\u00b2 de equipamento para sal\u00f5es de beleza e deixe-se inspirar pelos nossos colaboradores. E se quiser conhecer-nos durante uma ch\u00e1vena de caf\u00e9 ou de ch\u00e1, \u00e9 muito bem-vindo. N\u00e3o temos todos os produtos em stock, por isso, por favor, avise-nos com anteced\u00eancia que gostaria de vir. Marque sempre uma visita com anteced\u00eancia.<\/p>\n<h2>14 dias de reflex\u00e3o e a nossa pol\u00edtica de devolu\u00e7\u00e3o<\/h2>\n<p>\u00c9 claro que pode acontecer que o aquecedor de cera branca Iwax Flower entregue n\u00e3o seja totalmente do seu agrado e queira devolv\u00ea-lo. No Salon For All, isso n\u00e3o \u00e9 problema. Deve notificar a sua devolu\u00e7\u00e3o no prazo de 14 dias \u00fateis atrav\u00e9s de info@salonforall.es. Receber\u00e1 ent\u00e3o, em primeiro lugar, todas as instru\u00e7\u00f5es e condi\u00e7\u00f5es de devolu\u00e7\u00e3o. O aquecedor de cera Iwax Flower Wax Warmer White n\u00e3o deve ser utilizado, deve conter todas as pe\u00e7as fornecidas e deve ser devolvido na embalagem de origem. Os custos de transporte para uma devolu\u00e7\u00e3o s\u00e3o sempre a cargo do comprador nas compras efectuadas atrav\u00e9s do site www.salonforall.es. Deve ser o pr\u00f3prio comprador a organizar o transporte com uma transportadora \u00e0 sua escolha para uma devolu\u00e7\u00e3o. Ap\u00f3s a devolu\u00e7\u00e3o do Calentador De Cera Iwax Flower Blanco, ser\u00e1 verificada a sua integridade e eventuais danos. Uma vez aprovada a devolu\u00e7\u00e3o, o montante da compra ser\u00e1 reembolsado no prazo de 5 dias \u00fateis na conta banc\u00e1ria que temos registada.<\/p>\n<h2>Quem \u00e9 o Salon For All?<\/h2>\n<p>A Salon For All \u00e9 o grossista de todo o equipamento para sal\u00f5es de beleza na Europa. A Salon For All come\u00e7ou em 2003 com o nome Salonvoordeel e cresceu a partir da pr\u00e1tica. Os propriet\u00e1rios da Salon For All eram cabeleireiros experientes e especialistas em beleza e t\u00eam, em conjunto, mais de 30 anos de experi\u00eancia pr\u00e1tica. Em 2003, lan\u00e7\u00e1mos o Salonvoordeel.nl (Pa\u00edses Baixos) e, posteriormente, o Salon For All foi fundado para o mercado europeu. Alguns dos nossos funcion\u00e1rios come\u00e7aram o seu pr\u00f3prio neg\u00f3cio e assim nasceu a ideia de lan\u00e7ar uma loja online funcional para cabeleireiros e para os ajudar com o seu equipamento de sal\u00e3o.<\/p>\n<p>O nosso showroom est\u00e1 situado em Dinxperlo, diretamente na fronteira entre os Pa\u00edses Baixos e a Alemanha. Com a nossa vasta experi\u00eancia no sector, podemos servir de espelho e fornecer-lhe os conselhos certos - falamos a mesma l\u00edngua! Aconselhamo-lo, inspiramo-nos, motivamo-lo e apoiamo-lo na compra de Iwax Flower Wax Heater White. Os nossos fornecedores est\u00e3o localizados em toda a Europa, desde a Alemanha, Inglaterra, It\u00e1lia at\u00e9 \u00e0 Pol\u00f3nia.<\/p>","protected":false},"excerpt":{"rendered":"<p>O produto Iwax Flower Wax Heater White \u00e9 uma solu\u00e7\u00e3o de alta qualidade para qualquer sal\u00e3o de beleza. O prazo de entrega estimado \u00e9 de aproximadamente 6 dias \u00fateis.<\/p>","protected":false},"featured_media":18658,"comment_status":"open","ping_status":"open","template":"","meta":[],"product_brand":[512],"product_cat":[5135,253],"product_tag":[5136,255],"class_list":{"0":"post-18657","1":"product","2":"type-product","3":"status-publish","4":"has-post-thumbnail","6":"product_brand-iwax","7":"product_cat-calentadores-de-cera-y-pasta","8":"product_cat-depilacion","9":"product_tag-calentadores-de-cera-y-pasta","10":"product_tag-depilacion","11":"pa_codigo-ean-7759","12":"pa_garantia-12-meses","13":"pa_marca-iwax","14":"pa_numero-de-articulo-6828","15":"pa_tiempo-estimado-de-entrega-4-5-dias-laborables","17":"first","18":"instock","19":"sale","20":"taxable","21":"shipping-taxable","22":"purchasable","23":"product-type-simple"},"yoast_head":"<!-- This site is optimized with the Yoast SEO plugin v27.6 - https:\/\/yoast.com\/product\/yoast-seo-wordpress\/ -->\n<title>Calentador De Cera Iwax Flower Blanco comprar<\/title>\n<meta name=\"description\" content=\"Compra Calentador De Cera Iwax Flower Blanco online o en el showroom en Salon For ALL Espa\u00f1a. El mayorista para salones, consultas y spas en Espa\u00f1a y Portugal.\" \/>\n<meta name=\"robots\" content=\"index, follow, max-snippet:-1, max-image-preview:large, max-video-preview:-1\" \/>\n<link rel=\"canonical\" href=\"https:\/\/salonforall.es\/pt\/aquecedor-de-cera-iwax-flower-branco\/\" \/>\n<meta property=\"og:locale\" content=\"pt_PT\" \/>\n<meta property=\"og:type\" content=\"article\" \/>\n<meta property=\"og:title\" content=\"Calentador De Cera Iwax Flower Blanco\" \/>\n<meta property=\"og:description\" content=\"Compra Calentador De Cera Iwax Flower Blanco online o en el showroom en Salon For ALL Espa\u00f1a. El mayorista para salones, consultas y spas en Espa\u00f1a y Portugal.\" \/>\n<meta property=\"og:url\" content=\"https:\/\/salonforall.es\/pt\/aquecedor-de-cera-iwax-flower-branco\/\" \/>\n<meta property=\"og:site_name\" content=\"Salon For ALL Espa\u00f1a\" \/>\n<meta property=\"article:modified_time\" content=\"2026-03-24T16:35:44+00:00\" \/>\n<meta property=\"og:image\" content=\"https:\/\/salonforall.es\/wp-content\/uploads\/2025\/12\/Calentador-De-Cera-Iwax-Flower-Blanco.jpg\" \/>\n\t<meta property=\"og:image:width\" content=\"1200\" \/>\n\t<meta property=\"og:image:height\" content=\"1200\" \/>\n\t<meta property=\"og:image:type\" content=\"image\/jpeg\" \/>\n<meta name=\"twitter:card\" content=\"summary_large_image\" \/>\n<meta name=\"twitter:title\" content=\"Calentador De Cera Iwax Flower Blanco\" \/>\n<meta name=\"twitter:label1\" content=\"Tempo estimado de leitura\" \/>\n\t<meta name=\"twitter:data1\" content=\"9 minutos\" \/>\n<script type=\"application\/ld+json\" class=\"yoast-schema-graph\">{\"@context\":\"https:\\\/\\\/schema.org\",\"@graph\":[{\"@type\":\"WebPage\",\"@id\":\"https:\\\/\\\/salonforall.es\\\/calentador-de-cera-iwax-flower-blanco\\\/\",\"url\":\"https:\\\/\\\/salonforall.es\\\/calentador-de-cera-iwax-flower-blanco\\\/\",\"name\":\"Calentador De Cera Iwax Flower Blanco comprar\",\"isPartOf\":{\"@id\":\"https:\\\/\\\/salonforall.es\\\/#website\"},\"primaryImageOfPage\":{\"@id\":\"https:\\\/\\\/salonforall.es\\\/calentador-de-cera-iwax-flower-blanco\\\/#primaryimage\"},\"image\":{\"@id\":\"https:\\\/\\\/salonforall.es\\\/calentador-de-cera-iwax-flower-blanco\\\/#primaryimage\"},\"thumbnailUrl\":\"https:\\\/\\\/salonforall.es\\\/wp-content\\\/uploads\\\/2025\\\/12\\\/Calentador-De-Cera-Iwax-Flower-Blanco.jpg\",\"datePublished\":\"2025-12-02T14:07:59+00:00\",\"dateModified\":\"2026-03-24T16:35:44+00:00\",\"description\":\"Compra Calentador De Cera Iwax Flower Blanco online o en el showroom en Salon For ALL Espa\u00f1a. El mayorista para salones, consultas y spas en Espa\u00f1a y Portugal.\",\"breadcrumb\":{\"@id\":\"https:\\\/\\\/salonforall.es\\\/calentador-de-cera-iwax-flower-blanco\\\/#breadcrumb\"},\"inLanguage\":\"pt-PT\",\"potentialAction\":[{\"@type\":\"ReadAction\",\"target\":[\"https:\\\/\\\/salonforall.es\\\/calentador-de-cera-iwax-flower-blanco\\\/\"]}]},{\"@type\":\"ImageObject\",\"inLanguage\":\"pt-PT\",\"@id\":\"https:\\\/\\\/salonforall.es\\\/calentador-de-cera-iwax-flower-blanco\\\/#primaryimage\",\"url\":\"https:\\\/\\\/salonforall.es\\\/wp-content\\\/uploads\\\/2025\\\/12\\\/Calentador-De-Cera-Iwax-Flower-Blanco.jpg\",\"contentUrl\":\"https:\\\/\\\/salonforall.es\\\/wp-content\\\/uploads\\\/2025\\\/12\\\/Calentador-De-Cera-Iwax-Flower-Blanco.jpg\",\"width\":1200,\"height\":1200,\"caption\":\"Calentador De Cera Iwax Flower Blanco\"},{\"@type\":\"BreadcrumbList\",\"@id\":\"https:\\\/\\\/salonforall.es\\\/calentador-de-cera-iwax-flower-blanco\\\/#breadcrumb\",\"itemListElement\":[{\"@type\":\"ListItem\",\"position\":1,\"name\":\"Home\",\"item\":\"https:\\\/\\\/salonforall.es\\\/\"},{\"@type\":\"ListItem\",\"position\":2,\"name\":\"Winkel\",\"item\":\"https:\\\/\\\/salonforall.es\\\/winkel\\\/\"},{\"@type\":\"ListItem\",\"position\":3,\"name\":\"Calentador De Cera Iwax Flower Blanco\"}]},{\"@type\":\"WebSite\",\"@id\":\"https:\\\/\\\/salonforall.es\\\/#website\",\"url\":\"https:\\\/\\\/salonforall.es\\\/\",\"name\":\"Salon For ALL Espa\u00f1a\",\"description\":\"Mayorista de mobiliario y suministros para consultorios y salones\",\"publisher\":{\"@id\":\"https:\\\/\\\/salonforall.es\\\/#organization\"},\"potentialAction\":[{\"@type\":\"SearchAction\",\"target\":{\"@type\":\"EntryPoint\",\"urlTemplate\":\"https:\\\/\\\/salonforall.es\\\/?s={search_term_string}\"},\"query-input\":{\"@type\":\"PropertyValueSpecification\",\"valueRequired\":true,\"valueName\":\"search_term_string\"}}],\"inLanguage\":\"pt-PT\"},{\"@type\":\"Organization\",\"@id\":\"https:\\\/\\\/salonforall.es\\\/#organization\",\"name\":\"Salon For All B.V. Espa\u00f1a\",\"alternateName\":\"Salon For All B.V. Espa\u00f1a - Mayorista de equipamiento para consultas, salones y suministros\",\"url\":\"https:\\\/\\\/salonforall.es\\\/\",\"logo\":{\"@type\":\"ImageObject\",\"inLanguage\":\"pt-PT\",\"@id\":\"https:\\\/\\\/salonforall.es\\\/#\\\/schema\\\/logo\\\/image\\\/\",\"url\":\"https:\\\/\\\/salonforall.es\\\/wp-content\\\/uploads\\\/2025\\\/11\\\/logo-salon-for-all-e1764543185849.png\",\"contentUrl\":\"https:\\\/\\\/salonforall.es\\\/wp-content\\\/uploads\\\/2025\\\/11\\\/logo-salon-for-all-e1764543185849.png\",\"width\":500,\"height\":150,\"caption\":\"Salon For All B.V. Espa\u00f1a\"},\"image\":{\"@id\":\"https:\\\/\\\/salonforall.es\\\/#\\\/schema\\\/logo\\\/image\\\/\"}}]}<\/script>\n<!-- \/ Yoast SEO plugin. -->","yoast_head_json":{"title":"Aquecedor de cera Iwax Flower Branco comprar","description":"Compre Iwax Flower Wax Heater White online ou no showroom da Salon For ALL Spain. O grossista para sal\u00f5es, consult\u00f3rios e spas em Espanha e Portugal.","robots":{"index":"index","follow":"follow","max-snippet":"max-snippet:-1","max-image-preview":"max-image-preview:large","max-video-preview":"max-video-preview:-1"},"canonical":"https:\/\/salonforall.es\/pt\/aquecedor-de-cera-iwax-flower-branco\/","og_locale":"pt_PT","og_type":"article","og_title":"Calentador De Cera Iwax Flower Blanco","og_description":"Compra Calentador De Cera Iwax Flower Blanco online o en el showroom en Salon For ALL Espa\u00f1a. El mayorista para salones, consultas y spas en Espa\u00f1a y Portugal.","og_url":"https:\/\/salonforall.es\/pt\/aquecedor-de-cera-iwax-flower-branco\/","og_site_name":"Salon For ALL Espa\u00f1a","article_modified_time":"2026-03-24T16:35:44+00:00","og_image":[{"width":1200,"height":1200,"url":"https:\/\/salonforall.es\/wp-content\/uploads\/2025\/12\/Calentador-De-Cera-Iwax-Flower-Blanco.jpg","type":"image\/jpeg"}],"twitter_card":"summary_large_image","twitter_title":"Calentador De Cera Iwax Flower Blanco","twitter_misc":{"Tempo estimado de leitura":"9 minutos"},"schema":{"@context":"https:\/\/schema.org","@graph":[{"@type":"WebPage","@id":"https:\/\/salonforall.es\/calentador-de-cera-iwax-flower-blanco\/","url":"https:\/\/salonforall.es\/calentador-de-cera-iwax-flower-blanco\/","name":"Aquecedor de cera Iwax Flower Branco comprar","isPartOf":{"@id":"https:\/\/salonforall.es\/#website"},"primaryImageOfPage":{"@id":"https:\/\/salonforall.es\/calentador-de-cera-iwax-flower-blanco\/#primaryimage"},"image":{"@id":"https:\/\/salonforall.es\/calentador-de-cera-iwax-flower-blanco\/#primaryimage"},"thumbnailUrl":"https:\/\/salonforall.es\/wp-content\/uploads\/2025\/12\/Calentador-De-Cera-Iwax-Flower-Blanco.jpg","datePublished":"2025-12-02T14:07:59+00:00","dateModified":"2026-03-24T16:35:44+00:00","description":"Compre Iwax Flower Wax Heater White online ou no showroom da Salon For ALL Spain. O grossista para sal\u00f5es, consult\u00f3rios e spas em Espanha e Portugal.","breadcrumb":{"@id":"https:\/\/salonforall.es\/calentador-de-cera-iwax-flower-blanco\/#breadcrumb"},"inLanguage":"pt-PT","potentialAction":[{"@type":"ReadAction","target":["https:\/\/salonforall.es\/calentador-de-cera-iwax-flower-blanco\/"]}]},{"@type":"ImageObject","inLanguage":"pt-PT","@id":"https:\/\/salonforall.es\/calentador-de-cera-iwax-flower-blanco\/#primaryimage","url":"https:\/\/salonforall.es\/wp-content\/uploads\/2025\/12\/Calentador-De-Cera-Iwax-Flower-Blanco.jpg","contentUrl":"https:\/\/salonforall.es\/wp-content\/uploads\/2025\/12\/Calentador-De-Cera-Iwax-Flower-Blanco.jpg","width":1200,"height":1200,"caption":"Calentador De Cera Iwax Flower Blanco"},{"@type":"BreadcrumbList","@id":"https:\/\/salonforall.es\/calentador-de-cera-iwax-flower-blanco\/#breadcrumb","itemListElement":[{"@type":"ListItem","position":1,"name":"Home","item":"https:\/\/salonforall.es\/"},{"@type":"ListItem","position":2,"name":"Winkel","item":"https:\/\/salonforall.es\/winkel\/"},{"@type":"ListItem","position":3,"name":"Calentador De Cera Iwax Flower Blanco"}]},{"@type":"WebSite","@id":"https:\/\/salonforall.es\/#website","url":"https:\/\/salonforall.es\/","name":"Sal\u00e3o de beleza para toda a Espanha","description":"Grossista de mobili\u00e1rio e material para sal\u00f5es de beleza e consult\u00f3rios","publisher":{"@id":"https:\/\/salonforall.es\/#organization"},"potentialAction":[{"@type":"SearchAction","target":{"@type":"EntryPoint","urlTemplate":"https:\/\/salonforall.es\/?s={search_term_string}"},"query-input":{"@type":"PropertyValueSpecification","valueRequired":true,"valueName":"search_term_string"}}],"inLanguage":"pt-PT"},{"@type":"Organization","@id":"https:\/\/salonforall.es\/#organization","name":"Salon For All B.V. Espanha","alternateName":"Salon For All B.V. Espa\u00f1a - Mayorista de equipamiento para consultas, salones y suministros","url":"https:\/\/salonforall.es\/","logo":{"@type":"ImageObject","inLanguage":"pt-PT","@id":"https:\/\/salonforall.es\/#\/schema\/logo\/image\/","url":"https:\/\/salonforall.es\/wp-content\/uploads\/2025\/11\/logo-salon-for-all-e1764543185849.png","contentUrl":"https:\/\/salonforall.es\/wp-content\/uploads\/2025\/11\/logo-salon-for-all-e1764543185849.png","width":500,"height":150,"caption":"Salon For All B.V. Espa\u00f1a"},"image":{"@id":"https:\/\/salonforall.es\/#\/schema\/logo\/image\/"}}]}},"_links":{"self":[{"href":"https:\/\/salonforall.es\/pt\/wp-json\/wp\/v2\/product\/18657","targetHints":{"allow":["GET"]}}],"collection":[{"href":"https:\/\/salonforall.es\/pt\/wp-json\/wp\/v2\/product"}],"about":[{"href":"https:\/\/salonforall.es\/pt\/wp-json\/wp\/v2\/types\/product"}],"replies":[{"embeddable":true,"href":"https:\/\/salonforall.es\/pt\/wp-json\/wp\/v2\/comments?post=18657"}],"wp:featuredmedia":[{"embeddable":true,"href":"https:\/\/salonforall.es\/pt\/wp-json\/wp\/v2\/media\/18658"}],"wp:attachment":[{"href":"https:\/\/salonforall.es\/pt\/wp-json\/wp\/v2\/media?parent=18657"}],"wp:term":[{"taxonomy":"product_brand","embeddable":true,"href":"https:\/\/salonforall.es\/pt\/wp-json\/wp\/v2\/product_brand?post=18657"},{"taxonomy":"product_cat","embeddable":true,"href":"https:\/\/salonforall.es\/pt\/wp-json\/wp\/v2\/product_cat?post=18657"},{"taxonomy":"product_tag","embeddable":true,"href":"https:\/\/salonforall.es\/pt\/wp-json\/wp\/v2\/product_tag?post=18657"}],"curies":[{"name":"wp","href":"https:\/\/api.w.org\/{rel}","templated":true}]}}