{"id":18647,"date":"2025-12-02T15:07:59","date_gmt":"2025-12-02T14:07:59","guid":{"rendered":"https:\/\/salonforall.es\/product\/calentador-de-cera-iwax-flower-rosa\/"},"modified":"2026-03-24T17:35:44","modified_gmt":"2026-03-24T16:35:44","slug":"calentador-de-cera-iwax-flower-rosa","status":"publish","type":"product","link":"https:\/\/salonforall.es\/pt\/calentador-de-cera-iwax-flower-rosa\/","title":{"rendered":"Aquecedor de cera Iwax Flower Rosa"},"content":{"rendered":"<h2>Informaci\u00f3n sobre Calentador De Cera Iwax Flower Rosa con n\u00famero de art\u00edculo 149530<\/h2>\n<p><img decoding=\"async\" src=\"https:\/\/activeshop.com.pl\/media\/wysiwyg\/product\/149530\/EN_149530_1.jpg\"><\/p>\n<p><strong>A marca iWax<\/strong> oferece ferramentas multifuncionais para tratamentos cosm\u00e9ticos com cera e parafina, como os modernos aquecedores de cera para depila\u00e7\u00e3o. A t\u00f3nica \u00e9 colocada no design atraente, na versatilidade do produto e na facilidade de utiliza\u00e7\u00e3o, o que torna os produtos iWax adequados tanto para uso profissional como dom\u00e9stico.<\/p>\n<p><img decoding=\"async\" src=\"https:\/\/activeshop.com.pl\/media\/wysiwyg\/product\/149530\/EN_149530_2.jpg\"><\/p>\n<h2><strong>Aquecedor de cera universal<\/strong><\/h2>\n<p>O elegante <strong>Aquecedor de flores iWax<\/strong> \u00e9 uma ferramenta indispens\u00e1vel para um aquecimento r\u00e1pido e eficaz da cera, ideal tanto para sal\u00f5es de beleza profissionais como para uso dom\u00e9stico. O seu funcionamento simples e intuitivo torna o aquecedor a escolha perfeita para quem procura um dispositivo de depila\u00e7\u00e3o fi\u00e1vel e f\u00e1cil de utilizar. \u00c9 vers\u00e1til e funciona bem tanto com produtos em cubo como em gr\u00e2nulos.<\/p>\n<p><img decoding=\"async\" src=\"https:\/\/activeshop.com.pl\/media\/wysiwyg\/product\/149530\/EN_149530_3.jpg\"><\/p>\n<h2><strong>Instala\u00e7\u00f5es pr\u00e1ticas para uma depila\u00e7\u00e3o confort\u00e1vel<\/strong><\/h2>\n<p>O aquecedor distingue-se pelo seu funcionamento intuitivo, que facilita a regula\u00e7\u00e3o da temperatura atrav\u00e9s de um painel de f\u00e1cil leitura e de um ecr\u00e3 digital. O aparelho tem uma temperatura predefinida de 70 \u00b0C, com um amplo intervalo de regula\u00e7\u00e3o de 35 \u00b0C a 125 \u00b0C, o que lhe permite afinar a temperatura em fun\u00e7\u00e3o do tipo de cera e das suas necessidades. O aquecedor \u00e9 ativado e desativado por sinais sonoros distintos e a tampa transparente permite verificar o grau de fus\u00e3o da cera, protegendo o interior da contamina\u00e7\u00e3o. O recipiente de silicone garante uma fus\u00e3o f\u00e1cil e segura da cera, o que aumenta o conforto de utiliza\u00e7\u00e3o e facilita a limpeza.<\/p>\n<p><img decoding=\"async\" src=\"https:\/\/activeshop.com.pl\/media\/wysiwyg\/product\/149530\/EN_149530_4.jpg\"><\/p>\n<h2><strong>Design \u00fanico e apelativo<\/strong><\/h2>\n<p>La est\u00e9tica de su fabricaci\u00f3n, su dise\u00f1o \u00fanico y sus reducidas dimensiones hacen que este calentador de cera se integre a la perfecci\u00f3n en los interiores modernos de los salones de belleza, convirti\u00e9ndose en su elemento distintivo. Su elegante forma inspirada en un capullo de flor atrae la atenci\u00f3n y destaca la atenci\u00f3n al detalle, una caracter\u00edstica apreciada tanto por clientes como por propietarios de salones. El uso de pl\u00e1stico resistente en tonos rosas garantiza una limpieza f\u00e1cil. Adem\u00e1s, su construcci\u00f3n ligera facilita su transporte y desplazamiento, lo que lo convierte en una herramienta extremadamente pr\u00e1ctica tanto en salones como en casa.<\/p>\n<p><img decoding=\"async\" src=\"https:\/\/activeshop.com.pl\/media\/wysiwyg\/product\/149530\/EN_149530_5.jpg\"><\/p>\n<h2><strong>Como \u00e9 que \u00e9 utilizado?<\/strong><\/h2>\n<p>1. colocar o aparelho numa superf\u00edcie plana e seca.<br \/>2. Ligar o dispositivo \u00e0 fonte de alimenta\u00e7\u00e3o.<br \/>3. Presione el bot\u00f3n central para encender el dispositivo.<br \/>4. Levantar a tampa e deitar a cera no aparelho.<br \/>5. Use los botones + y \u2013 para ajustar la temperatura. El rango de temperatura del dispositivo es de 35 a 125 \u00b0C. Por defecto, el dispositivo est\u00e1 configurado a 70 \u00b0C. Mantener pulsados \u200b\u200blos botones permite cambiar la configuraci\u00f3n m\u00e1s r\u00e1pidamente.<br \/>6. Depois de regular a temperatura, aguardar at\u00e9 que o n\u00famero no visor deixe de piscar (o que significa que est\u00e1 aprovado) e, em seguida, at\u00e9 que o aparelho atinja o n\u00edvel adequado (a banda abaixo do valor indicado p\u00e1ra).<br \/>7. Antes de utilizar, certificar-se de que a cera est\u00e1 completamente derretida.<br \/>8. Desligue o dispositivo quando terminar de o utilizar.<br \/>9. Aguardar que a cera arrefe\u00e7a antes de limpar o aparelho.<br \/>10. Limpe o aparelho e guarde-o num local seco.<br \/>\u00a1PRECAUCI\u00d3N! Comprueba siempre la temperatura de la cera antes de aplicarla sobre la piel para evitar quemaduras. Dimensiones detalladas: en las im\u00e1genes. Lea atentamente las instrucciones antes de usar. Incluye: calentador de cera, cable de alimentaci\u00f3n, recipiente de silicona para calentar la cera e instrucciones. Datos: Color: rosa. Rango de temperatura: 35-125 \u00b0C. Capacidad: 450 ml. Potencia: 100 W. Voltaje: 220-240 V, 50 Hz.<\/p>\n<p>Los productos Activeshop son proporcionalmente m\u00e1s econ\u00f3micos que muchas otras marcas\/proveedores. El precio est\u00e1 en relaci\u00f3n con la calidad. Calentador De Cera Iwax Flower Rosa es por lo tanto una soluci\u00f3n accesible para su sal\u00f3n.<\/p>\n<h2>\u00bfC\u00f3mo se entrega Calentador De Cera Iwax Flower Rosa?<\/h2>\n<p>Calentador De Cera Iwax Flower Rosa se entrega en embalaje(s) original(es). Dentro de Espa\u00f1a el env\u00edo de Calentador De Cera Iwax Flower Rosa es completamente gratuito para pedidos a partir de 100,- euros. Para env\u00edos a otros pa\u00edses se aplican tarifas de env\u00edo separadas. Puede consultar estas tarifas con nosotros o verlas en el carrito de compra. Calentador De Cera Iwax Flower Rosa se env\u00eda a trav\u00e9s de un servicio de mensajer\u00eda externo.<\/p>\n<p>As encomendas ou paletes s\u00e3o entregues, por norma, at\u00e9 \u00e0 soleira da porta da frente, mesmo que se encontre num edif\u00edcio coletivo, num edif\u00edcio de apartamentos ou num complexo de apartamentos com elevador (desde que o artigo caiba no elevador). N\u00e3o h\u00e1 elevador dispon\u00edvel ou o artigo n\u00e3o cabe no elevador? Ent\u00e3o entregamos at\u00e9 \u00e0 soleira do r\u00e9s do ch\u00e3o.<\/p>\n<p>Se ainda tem d\u00favidas sobre a entrega ou uma situa\u00e7\u00e3o especial, contacte-nos e teremos todo o gosto em ajud\u00e1-lo!<\/p>\n<p>*Os artigos n\u00e3o s\u00e3o desempacotados ou montados como padr\u00e3o. Em situa\u00e7\u00f5es especiais, pode contactar-nos para combinarmos as condi\u00e7\u00f5es.<\/p>\n<h2>Compras online seguras na Salon For All com o selo de qualidade Webwinkelkeur e encripta\u00e7\u00e3o SSL.<\/h2>\n<p>Es importante para nosotros que nuestros clientes puedan comprar de forma segura en nuestra tienda online. Estamos afiliados al sello de calidad nacional Webwinkelkeur desde 2019. Nuestra identidad ha sido verificada y comprobada por ellos, y la tienda online ha sido revisada y aprobada legalmente. Adem\u00e1s, nuestra tienda online est\u00e1 afiliada a ellos para la mediaci\u00f3n de conflictos. Puede ver la insignia con toda la informaci\u00f3n de este sello de calidad de tienda online en el lado izquierdo o derecho de la tienda online (bot\u00f3n rosa con blanco). Adem\u00e1s, nuestro sitio est\u00e1 protegido con un certificado SSL para que pueda navegar de forma segura con nosotros. En la barra de su navegador de Internet, donde aparece nuestro sitio web, ver\u00e1 un icono de candado. Si hace clic en el candado, obtendr\u00e1 toda la informaci\u00f3n sobre nuestra seguridad. De esta manera sabe que su pedido de Calentador De Cera Iwax Flower Rosa y sus datos personales se procesan de forma segura.<\/p>\n<h2>\u00bfC\u00f3mo puedo pagar Calentador De Cera Iwax Flower Rosa?<\/h2>\n<p>Queremos tornar as coisas o mais f\u00e1ceis poss\u00edvel para si. \u00c9 por isso que na Salon For All pode pagar com todos os m\u00e9todos de pagamento populares. Pagar antecipadamente, na entrega ou depois - tudo \u00e9 poss\u00edvel. Veja aqui todos os m\u00e9todos de pagamento que oferecemos:<\/p>\n<ul>\n<li>iDEAL<\/li>\n<li>Cart\u00e3o de cr\u00e9dito (Visa, Mastercard, American Express)<\/li>\n<li>Klarna - Pagamento na entrega com fatura<\/li>\n<li>PayPal<\/li>\n<li>Apple Pay<\/li>\n<li>Google Pay<\/li>\n<li>Bizum (para clientes espanh\u00f3is)<\/li>\n<li>Transfer\u00eancia banc\u00e1ria SEPA<\/li>\n<li>Contacto com o banco<\/li>\n<li>Fatura comercial para empresas<\/li>\n<li>Pagamento na sala de exposi\u00e7\u00f5es - Cart\u00e3o e dinheiro (apenas dispon\u00edvel \u00e0 cobran\u00e7a)<\/li>\n<\/ul>\n<h2>Veja tamb\u00e9m as opini\u00f5es de Salon For All<\/h2>\n<p>Consulte tambi\u00e9n nuestras rese\u00f1as para tener en cuenta las experiencias de nuestros clientes actuales en su decisi\u00f3n de pedir Calentador De Cera Iwax Flower Rosa con nosotros. A trav\u00e9s de nuestro sello de calidad independiente de tienda online Webwinkelkeur, se recopilan autom\u00e1ticamente rese\u00f1as verificadas de clientes que han completado un pedido con nosotros. Puede encontrarlas detr\u00e1s del bot\u00f3n rosa en nuestra tienda online o aparecen listadas debajo de los productos.<\/p>\n<p>\u00a1Comparta tambi\u00e9n su experiencia despu\u00e9s de su compra con su Calentador De Cera Iwax Flower Rosa pedido y su experiencia con el proceso de compra o el contacto con Salon For All para inspirar a otros!<\/p>\n<h2>Contactar o Salon For All<\/h2>\n<p>Cont\u00e1ctenos entonces. Estaremos encantados de ayudarle con la adquisici\u00f3n de Calentador De Cera Iwax Flower Rosa. En d\u00edas laborables estamos mejor disponibles entre las 8.30 y las 17.00 horas a trav\u00e9s del n\u00famero de tel\u00e9fono y direcci\u00f3n de correo electr\u00f3nico en la parte superior de la tienda online o a trav\u00e9s de la funci\u00f3n de chat. Las consultas fuera del horario de oficina suelen responderse en un plazo de 24 horas. Tambi\u00e9n es posible visitarnos fuera de los d\u00edas laborables u horario de oficina. Pero para ello es necesario concertar una cita previa.<\/p>\n<h2>Gostaria de visitar a nossa sala de exposi\u00e7\u00f5es?<\/h2>\n<p>\u00bfPrefiere ver Calentador De Cera Iwax Flower Rosa o recorrer nuestra oferta de la tienda (online) junto con nuestro colega? Entonces visite nuestro showroom con m\u00e1s de 1000m\u00b2 de equipamiento para salones y d\u00e9jese inspirar por nuestros empleados. Tambi\u00e9n si le gusta conocernos de manera agradable disfrutando de una buena taza de caf\u00e9 o t\u00e9, es muy bienvenido. No tenemos todos los productos en stock, as\u00ed que h\u00e1ganos saber de antemano que desea venir. Concierte siempre una cita previa.<\/p>\n<h2>14 dias de reflex\u00e3o e a nossa pol\u00edtica de devolu\u00e7\u00e3o<\/h2>\n<p>Por supuesto puede ocurrir que Calentador De Cera Iwax Flower Rosa entregado no sea completamente de su agrado y desee devolverlo. Eso no es ning\u00fan problema en Salon For All. Debe notificar su devoluci\u00f3n dentro de 14 d\u00edas laborables a trav\u00e9s de info@salonforall.es. Entonces recibir\u00e1 primero todas las instrucciones y condiciones de devoluci\u00f3n. Tenga en cuenta que Calentador De Cera Iwax Flower Rosa no debe haber sido usado, debe contener todas las partes suministradas y debe devolverse empaquetado en el embalaje original. Los costos de env\u00edo de una devoluci\u00f3n son siempre a cargo del comprador en compras a trav\u00e9s de www.salonforall.es. Debe organizar usted mismo un transporte con una empresa de transporte de su elecci\u00f3n para una devoluci\u00f3n. Una vez que Calentador De Cera Iwax Flower Rosa haya sido devuelto, se verificar\u00e1 su integridad y posibles da\u00f1os. Una vez que la devoluci\u00f3n haya sido aprobada, el importe de la compra se reembolsar\u00e1 dentro de 5 d\u00edas laborables a la cuenta bancaria que tenemos registrada.<\/p>\n<h2>Quem \u00e9 o Salon For All?<\/h2>\n<p>A Salon For All \u00e9 o grossista de todo o equipamento para sal\u00f5es de beleza na Europa. A Salon For All come\u00e7ou em 2003 com o nome Salonvoordeel e cresceu a partir da pr\u00e1tica. Os propriet\u00e1rios da Salon For All eram cabeleireiros experientes e especialistas em beleza e t\u00eam, em conjunto, mais de 30 anos de experi\u00eancia pr\u00e1tica. Em 2003, lan\u00e7\u00e1mos o Salonvoordeel.nl (Pa\u00edses Baixos) e, posteriormente, o Salon For All foi fundado para o mercado europeu. Alguns dos nossos funcion\u00e1rios come\u00e7aram o seu pr\u00f3prio neg\u00f3cio e assim nasceu a ideia de lan\u00e7ar uma loja online funcional para cabeleireiros e para os ajudar com o seu equipamento de sal\u00e3o.<\/p>\n<p>Nuestro showroom se encuentra en Dinxperlo, directamente en la frontera entre los Pa\u00edses Bajos y Alemania. Con nuestra amplia experiencia en el sector podemos servirle de espejo y proporcionarle el asesoramiento adecuado. \u00a1Hablamos el mismo idioma! Le asesoramos, inspiramos, motivamos y ayudamos en la adquisici\u00f3n de Calentador De Cera Iwax Flower Rosa. Nuestros proveedores se encuentran en toda Europa, desde Alemania, Inglaterra, Italia hasta Polonia.<\/p>","protected":false},"excerpt":{"rendered":"<p>O Aquecedor de Cera Iwax Flower Rosa \u00e9 uma solu\u00e7\u00e3o de alta qualidade para qualquer sal\u00e3o de beleza. O prazo de entrega estimado \u00e9 de aproximadamente 6 dias \u00fateis.<\/p>","protected":false},"featured_media":18648,"comment_status":"open","ping_status":"open","template":"","meta":[],"product_brand":[512],"product_cat":[5135,253],"product_tag":[5136,255],"class_list":{"0":"post-18647","1":"product","2":"type-product","3":"status-publish","4":"has-post-thumbnail","6":"product_brand-iwax","7":"product_cat-calentadores-de-cera-y-pasta","8":"product_cat-depilacion","9":"product_tag-calentadores-de-cera-y-pasta","10":"product_tag-depilacion","11":"pa_codigo-ean-7759","12":"pa_garantia-12-meses","13":"pa_marca-iwax","14":"pa_numero-de-articulo-6826","15":"pa_tiempo-estimado-de-entrega-4-5-dias-laborables","17":"first","18":"instock","19":"sale","20":"taxable","21":"shipping-taxable","22":"purchasable","23":"product-type-simple"},"yoast_head":"<!-- This site is optimized with the Yoast SEO plugin v27.6 - https:\/\/yoast.com\/product\/yoast-seo-wordpress\/ -->\n<title>Calentador De Cera Iwax Flower Rosa comprar<\/title>\n<meta name=\"description\" content=\"Compra Calentador De Cera Iwax Flower Rosa online o en el showroom en Salon For ALL Espa\u00f1a. El mayorista para salones, consultas y spas en Espa\u00f1a y Portugal.\" \/>\n<meta name=\"robots\" content=\"index, follow, max-snippet:-1, max-image-preview:large, max-video-preview:-1\" \/>\n<link rel=\"canonical\" href=\"https:\/\/salonforall.es\/pt\/calentador-de-cera-iwax-flower-rosa\/\" \/>\n<meta property=\"og:locale\" content=\"pt_PT\" \/>\n<meta property=\"og:type\" content=\"article\" \/>\n<meta property=\"og:title\" content=\"Calentador De Cera Iwax Flower Rosa\" \/>\n<meta property=\"og:description\" content=\"Compra Calentador De Cera Iwax Flower Rosa online o en el showroom en Salon For ALL Espa\u00f1a. El mayorista para salones, consultas y spas en Espa\u00f1a y Portugal.\" \/>\n<meta property=\"og:url\" content=\"https:\/\/salonforall.es\/pt\/calentador-de-cera-iwax-flower-rosa\/\" \/>\n<meta property=\"og:site_name\" content=\"Salon For ALL Espa\u00f1a\" \/>\n<meta property=\"article:modified_time\" content=\"2026-03-24T16:35:44+00:00\" \/>\n<meta property=\"og:image\" content=\"https:\/\/salonforall.es\/wp-content\/uploads\/2025\/12\/Calentador-De-Cera-Iwax-Flower-Rosa.jpg\" \/>\n\t<meta property=\"og:image:width\" content=\"1200\" \/>\n\t<meta property=\"og:image:height\" content=\"1200\" \/>\n\t<meta property=\"og:image:type\" content=\"image\/jpeg\" \/>\n<meta name=\"twitter:card\" content=\"summary_large_image\" \/>\n<meta name=\"twitter:title\" content=\"Calentador De Cera Iwax Flower Rosa\" \/>\n<meta name=\"twitter:label1\" content=\"Tempo estimado de leitura\" \/>\n\t<meta name=\"twitter:data1\" content=\"9 minutos\" \/>\n<script type=\"application\/ld+json\" class=\"yoast-schema-graph\">{\"@context\":\"https:\\\/\\\/schema.org\",\"@graph\":[{\"@type\":\"WebPage\",\"@id\":\"https:\\\/\\\/salonforall.es\\\/calentador-de-cera-iwax-flower-rosa\\\/\",\"url\":\"https:\\\/\\\/salonforall.es\\\/calentador-de-cera-iwax-flower-rosa\\\/\",\"name\":\"Calentador De Cera Iwax Flower Rosa comprar\",\"isPartOf\":{\"@id\":\"https:\\\/\\\/salonforall.es\\\/#website\"},\"primaryImageOfPage\":{\"@id\":\"https:\\\/\\\/salonforall.es\\\/calentador-de-cera-iwax-flower-rosa\\\/#primaryimage\"},\"image\":{\"@id\":\"https:\\\/\\\/salonforall.es\\\/calentador-de-cera-iwax-flower-rosa\\\/#primaryimage\"},\"thumbnailUrl\":\"https:\\\/\\\/salonforall.es\\\/wp-content\\\/uploads\\\/2025\\\/12\\\/Calentador-De-Cera-Iwax-Flower-Rosa.jpg\",\"datePublished\":\"2025-12-02T14:07:59+00:00\",\"dateModified\":\"2026-03-24T16:35:44+00:00\",\"description\":\"Compra Calentador De Cera Iwax Flower Rosa online o en el showroom en Salon For ALL Espa\u00f1a. El mayorista para salones, consultas y spas en Espa\u00f1a y Portugal.\",\"breadcrumb\":{\"@id\":\"https:\\\/\\\/salonforall.es\\\/calentador-de-cera-iwax-flower-rosa\\\/#breadcrumb\"},\"inLanguage\":\"pt-PT\",\"potentialAction\":[{\"@type\":\"ReadAction\",\"target\":[\"https:\\\/\\\/salonforall.es\\\/calentador-de-cera-iwax-flower-rosa\\\/\"]}]},{\"@type\":\"ImageObject\",\"inLanguage\":\"pt-PT\",\"@id\":\"https:\\\/\\\/salonforall.es\\\/calentador-de-cera-iwax-flower-rosa\\\/#primaryimage\",\"url\":\"https:\\\/\\\/salonforall.es\\\/wp-content\\\/uploads\\\/2025\\\/12\\\/Calentador-De-Cera-Iwax-Flower-Rosa.jpg\",\"contentUrl\":\"https:\\\/\\\/salonforall.es\\\/wp-content\\\/uploads\\\/2025\\\/12\\\/Calentador-De-Cera-Iwax-Flower-Rosa.jpg\",\"width\":1200,\"height\":1200,\"caption\":\"Calentador De Cera Iwax Flower Rosa\"},{\"@type\":\"BreadcrumbList\",\"@id\":\"https:\\\/\\\/salonforall.es\\\/calentador-de-cera-iwax-flower-rosa\\\/#breadcrumb\",\"itemListElement\":[{\"@type\":\"ListItem\",\"position\":1,\"name\":\"Home\",\"item\":\"https:\\\/\\\/salonforall.es\\\/\"},{\"@type\":\"ListItem\",\"position\":2,\"name\":\"Winkel\",\"item\":\"https:\\\/\\\/salonforall.es\\\/winkel\\\/\"},{\"@type\":\"ListItem\",\"position\":3,\"name\":\"Calentador De Cera Iwax Flower Rosa\"}]},{\"@type\":\"WebSite\",\"@id\":\"https:\\\/\\\/salonforall.es\\\/#website\",\"url\":\"https:\\\/\\\/salonforall.es\\\/\",\"name\":\"Salon For ALL Espa\u00f1a\",\"description\":\"Mayorista de mobiliario y suministros para consultorios y salones\",\"publisher\":{\"@id\":\"https:\\\/\\\/salonforall.es\\\/#organization\"},\"potentialAction\":[{\"@type\":\"SearchAction\",\"target\":{\"@type\":\"EntryPoint\",\"urlTemplate\":\"https:\\\/\\\/salonforall.es\\\/?s={search_term_string}\"},\"query-input\":{\"@type\":\"PropertyValueSpecification\",\"valueRequired\":true,\"valueName\":\"search_term_string\"}}],\"inLanguage\":\"pt-PT\"},{\"@type\":\"Organization\",\"@id\":\"https:\\\/\\\/salonforall.es\\\/#organization\",\"name\":\"Salon For All B.V. Espa\u00f1a\",\"alternateName\":\"Salon For All B.V. Espa\u00f1a - Mayorista de equipamiento para consultas, salones y suministros\",\"url\":\"https:\\\/\\\/salonforall.es\\\/\",\"logo\":{\"@type\":\"ImageObject\",\"inLanguage\":\"pt-PT\",\"@id\":\"https:\\\/\\\/salonforall.es\\\/#\\\/schema\\\/logo\\\/image\\\/\",\"url\":\"https:\\\/\\\/salonforall.es\\\/wp-content\\\/uploads\\\/2025\\\/11\\\/logo-salon-for-all-e1764543185849.png\",\"contentUrl\":\"https:\\\/\\\/salonforall.es\\\/wp-content\\\/uploads\\\/2025\\\/11\\\/logo-salon-for-all-e1764543185849.png\",\"width\":500,\"height\":150,\"caption\":\"Salon For All B.V. Espa\u00f1a\"},\"image\":{\"@id\":\"https:\\\/\\\/salonforall.es\\\/#\\\/schema\\\/logo\\\/image\\\/\"}}]}<\/script>\n<!-- \/ Yoast SEO plugin. -->","yoast_head_json":{"title":"Calentador De Cera Iwax Flower Rosa comprar","description":"Compra Calentador De Cera Iwax Flower Rosa online o en el showroom en Salon For ALL Espa\u00f1a. El mayorista para salones, consultas y spas en Espa\u00f1a y Portugal.","robots":{"index":"index","follow":"follow","max-snippet":"max-snippet:-1","max-image-preview":"max-image-preview:large","max-video-preview":"max-video-preview:-1"},"canonical":"https:\/\/salonforall.es\/pt\/calentador-de-cera-iwax-flower-rosa\/","og_locale":"pt_PT","og_type":"article","og_title":"Calentador De Cera Iwax Flower Rosa","og_description":"Compra Calentador De Cera Iwax Flower Rosa online o en el showroom en Salon For ALL Espa\u00f1a. El mayorista para salones, consultas y spas en Espa\u00f1a y Portugal.","og_url":"https:\/\/salonforall.es\/pt\/calentador-de-cera-iwax-flower-rosa\/","og_site_name":"Salon For ALL Espa\u00f1a","article_modified_time":"2026-03-24T16:35:44+00:00","og_image":[{"width":1200,"height":1200,"url":"https:\/\/salonforall.es\/wp-content\/uploads\/2025\/12\/Calentador-De-Cera-Iwax-Flower-Rosa.jpg","type":"image\/jpeg"}],"twitter_card":"summary_large_image","twitter_title":"Calentador De Cera Iwax Flower Rosa","twitter_misc":{"Tempo estimado de leitura":"9 minutos"},"schema":{"@context":"https:\/\/schema.org","@graph":[{"@type":"WebPage","@id":"https:\/\/salonforall.es\/calentador-de-cera-iwax-flower-rosa\/","url":"https:\/\/salonforall.es\/calentador-de-cera-iwax-flower-rosa\/","name":"Calentador De Cera Iwax Flower Rosa comprar","isPartOf":{"@id":"https:\/\/salonforall.es\/#website"},"primaryImageOfPage":{"@id":"https:\/\/salonforall.es\/calentador-de-cera-iwax-flower-rosa\/#primaryimage"},"image":{"@id":"https:\/\/salonforall.es\/calentador-de-cera-iwax-flower-rosa\/#primaryimage"},"thumbnailUrl":"https:\/\/salonforall.es\/wp-content\/uploads\/2025\/12\/Calentador-De-Cera-Iwax-Flower-Rosa.jpg","datePublished":"2025-12-02T14:07:59+00:00","dateModified":"2026-03-24T16:35:44+00:00","description":"Compra Calentador De Cera Iwax Flower Rosa online o en el showroom en Salon For ALL Espa\u00f1a. El mayorista para salones, consultas y spas en Espa\u00f1a y Portugal.","breadcrumb":{"@id":"https:\/\/salonforall.es\/calentador-de-cera-iwax-flower-rosa\/#breadcrumb"},"inLanguage":"pt-PT","potentialAction":[{"@type":"ReadAction","target":["https:\/\/salonforall.es\/calentador-de-cera-iwax-flower-rosa\/"]}]},{"@type":"ImageObject","inLanguage":"pt-PT","@id":"https:\/\/salonforall.es\/calentador-de-cera-iwax-flower-rosa\/#primaryimage","url":"https:\/\/salonforall.es\/wp-content\/uploads\/2025\/12\/Calentador-De-Cera-Iwax-Flower-Rosa.jpg","contentUrl":"https:\/\/salonforall.es\/wp-content\/uploads\/2025\/12\/Calentador-De-Cera-Iwax-Flower-Rosa.jpg","width":1200,"height":1200,"caption":"Calentador De Cera Iwax Flower Rosa"},{"@type":"BreadcrumbList","@id":"https:\/\/salonforall.es\/calentador-de-cera-iwax-flower-rosa\/#breadcrumb","itemListElement":[{"@type":"ListItem","position":1,"name":"Home","item":"https:\/\/salonforall.es\/"},{"@type":"ListItem","position":2,"name":"Winkel","item":"https:\/\/salonforall.es\/winkel\/"},{"@type":"ListItem","position":3,"name":"Calentador De Cera Iwax Flower Rosa"}]},{"@type":"WebSite","@id":"https:\/\/salonforall.es\/#website","url":"https:\/\/salonforall.es\/","name":"Sal\u00e3o de beleza para toda a Espanha","description":"Grossista de mobili\u00e1rio e material para sal\u00f5es de beleza e consult\u00f3rios","publisher":{"@id":"https:\/\/salonforall.es\/#organization"},"potentialAction":[{"@type":"SearchAction","target":{"@type":"EntryPoint","urlTemplate":"https:\/\/salonforall.es\/?s={search_term_string}"},"query-input":{"@type":"PropertyValueSpecification","valueRequired":true,"valueName":"search_term_string"}}],"inLanguage":"pt-PT"},{"@type":"Organization","@id":"https:\/\/salonforall.es\/#organization","name":"Salon For All B.V. Espanha","alternateName":"Salon For All B.V. Espa\u00f1a - Mayorista de equipamiento para consultas, salones y suministros","url":"https:\/\/salonforall.es\/","logo":{"@type":"ImageObject","inLanguage":"pt-PT","@id":"https:\/\/salonforall.es\/#\/schema\/logo\/image\/","url":"https:\/\/salonforall.es\/wp-content\/uploads\/2025\/11\/logo-salon-for-all-e1764543185849.png","contentUrl":"https:\/\/salonforall.es\/wp-content\/uploads\/2025\/11\/logo-salon-for-all-e1764543185849.png","width":500,"height":150,"caption":"Salon For All B.V. Espa\u00f1a"},"image":{"@id":"https:\/\/salonforall.es\/#\/schema\/logo\/image\/"}}]}},"_links":{"self":[{"href":"https:\/\/salonforall.es\/pt\/wp-json\/wp\/v2\/product\/18647","targetHints":{"allow":["GET"]}}],"collection":[{"href":"https:\/\/salonforall.es\/pt\/wp-json\/wp\/v2\/product"}],"about":[{"href":"https:\/\/salonforall.es\/pt\/wp-json\/wp\/v2\/types\/product"}],"replies":[{"embeddable":true,"href":"https:\/\/salonforall.es\/pt\/wp-json\/wp\/v2\/comments?post=18647"}],"wp:featuredmedia":[{"embeddable":true,"href":"https:\/\/salonforall.es\/pt\/wp-json\/wp\/v2\/media\/18648"}],"wp:attachment":[{"href":"https:\/\/salonforall.es\/pt\/wp-json\/wp\/v2\/media?parent=18647"}],"wp:term":[{"taxonomy":"product_brand","embeddable":true,"href":"https:\/\/salonforall.es\/pt\/wp-json\/wp\/v2\/product_brand?post=18647"},{"taxonomy":"product_cat","embeddable":true,"href":"https:\/\/salonforall.es\/pt\/wp-json\/wp\/v2\/product_cat?post=18647"},{"taxonomy":"product_tag","embeddable":true,"href":"https:\/\/salonforall.es\/pt\/wp-json\/wp\/v2\/product_tag?post=18647"}],"curies":[{"name":"wp","href":"https:\/\/api.w.org\/{rel}","templated":true}]}}