{"id":17822,"date":"2025-12-02T14:56:42","date_gmt":"2025-12-02T13:56:42","guid":{"rendered":"https:\/\/salonforall.es\/product\/kessner-lab-ampollas-hidratantes-para-cuero-cabelludo-y-cabello-10-x-10-ml\/"},"modified":"2026-03-24T17:33:42","modified_gmt":"2026-03-24T16:33:42","slug":"kessner-lab-ampollas-hidratantes-para-cuero-cabelludo-y-cabello-10-x-10-ml","status":"publish","type":"product","link":"https:\/\/salonforall.es\/pt\/kessner-lab-ampollas-hidratantes-para-cuero-cabelludo-y-cabello-10-x-10-ml\/","title":{"rendered":"Kessner Lab Ampolas Hidratantes para Couro Cabeludo e Cabelo 10 X 10 Ml"},"content":{"rendered":"<h2>Informaci\u00f3n sobre Kessner Lab Ampollas Hidratantes Para Cuero Cabelludo Y Cabello 10 X 10 Ml con n\u00famero de art\u00edculo 150251<\/h2>\n<p><img decoding=\"async\" src=\"https:\/\/activeshop.com.pl\/media\/wysiwyg\/product\/150251\/EN_150251_1.jpg\"><\/p>\n<p><strong>KESSNER LAB<\/strong> es una l\u00ednea innovadora de la marca KESSNER que ofrece cosm\u00e9ticos avanzados para el cuero cabelludo y el cabello. Las ampollas y tratamientos responden a diversas necesidades del usuario, como hidratar el cuero cabelludo, fortalecer el cabello o prevenir la ca\u00edda, proporcionando un cuidado integral y eficaz.<\/p>\n<p><img decoding=\"async\" src=\"https:\/\/activeshop.com.pl\/media\/wysiwyg\/product\/150251\/EN_150251_2.jpg\"><\/p>\n<h2><strong>Hidrataci\u00f3n eficaz del cuero cabelludo y el cabello<\/strong><\/h2>\n<p><strong>Las ampollas hidratantes KESSNER LAB<\/strong> son una forma eficaz de cuidar el cuero cabelludo y el cabello. Dise\u00f1ados para cabello seco y da\u00f1ado, lo regeneran y nutren eficazmente. Las ampollas hidratan intensamente, aportando suavidad y elasticidad al cabello, a la vez que reducen la est\u00e1tica. El complejo de amino\u00e1cidos imita el Factor Hidratante Natural (FNH), proporcionando la hidrataci\u00f3n adecuada al cuero cabelludo, fortaleciendo el cabello y ayudando a reducir la ca\u00edda. Las ampollas hidratantes KESSNER LAB hidratan y regeneran intensamente el cabello seco y da\u00f1ado, devolvi\u00e9ndole suavidad y elasticidad. Gracias al complejo de amino\u00e1cidos, fortalecen el cuero cabelludo y reducen la ca\u00edda del cabello y la est\u00e1tica. Para obtener mejores resultados, se recomienda su uso regular. El envase contiene 10 ampollas de 10 ml cada una. \u2022 Beta\u00edna<\/strong><br \/>La beta\u00edna es un compuesto hidr\u00f3filo con un potente efecto hidratante. Protege las membranas celulares y posee fuertes propiedades de retenci\u00f3n de agua, lo que la hace altamente hidratante. Adem\u00e1s, es una sustancia antiest\u00e1tica que previene la est\u00e1tica del cabello.<\/p>\n<p><strong>&nbsp; &nbsp; \u2022 PCA s\u00f3dico<\/strong><br \/>La sal s\u00f3dica del \u00e1cido piroglut\u00e1mico es uno de los humectantes o sustancias que retienen el agua m\u00e1s potentes, lo que la hace hidratante, suavizante y alisadora de la piel. Tambi\u00e9n se utiliza en cosm\u00e9ticos capilares como agente antiest\u00e1tico, previniendo la est\u00e1tica del cabello.<\/p>\n<p><strong>&nbsp; &nbsp; \u2022 Lactato de sodio<\/strong><br \/>El lactato de sodio es un potente humectante y uno de los componentes clave del NMF. Suaviza la piel y retiene la humedad, lo que mejora su condici\u00f3n. Fortalece la estructura de la piel y el cabello, mejorando su elasticidad y reduciendo la rotura.<\/p>\n<p><strong>&nbsp; &nbsp; \u2022 Hialuronato de sodio<\/strong><br \/>El \u00e1cido hialur\u00f3nico forma una pel\u00edcula en la superficie de la piel que retiene el agua. Como resultado, reduce la p\u00e9rdida transepid\u00e9rmica de agua (TEWL) y proporciona una hidrataci\u00f3n adecuada. Suaviza y alisa la piel y el cabello. Aumenta la elasticidad de los tejidos y estimula la regeneraci\u00f3n de los tejidos epiteliales y d\u00e9rmicos.<\/p>\n<p><strong>&nbsp; &nbsp; \u2022 Amino\u00e1cidos: Serina, Alanina, Glicina, Prolina, \u00c1cido glut\u00e1mico, Treonina, Arginina<\/strong><br \/>Un rico complejo de amino\u00e1cidos que mejora la hidrataci\u00f3n y fortalece el cabello. Favorece la reconstrucci\u00f3n de la estructura capilar y fortalece la barrera protectora del cuero cabelludo. Los amino\u00e1cidos tambi\u00e9n tienen un efecto antiest\u00e1tico, previniendo la est\u00e1tica capilar.<\/p>\n<p>Los productos Activeshop son proporcionalmente m\u00e1s econ\u00f3micos que muchas otras marcas\/proveedores. El precio est\u00e1 en relaci\u00f3n con la calidad. Kessner Lab Ampollas Hidratantes Para Cuero Cabelludo Y Cabello 10 X 10 Ml es por lo tanto una soluci\u00f3n accesible para su sal\u00f3n.<\/p>\n<h2>\u00bfC\u00f3mo se entrega Kessner Lab Ampollas Hidratantes Para Cuero Cabelludo Y Cabello 10 X 10 Ml?<\/h2>\n<p>Kessner Lab Ampollas Hidratantes Para Cuero Cabelludo Y Cabello 10 X 10 Ml se entrega en embalaje(s) original(es). Dentro de Espa\u00f1a el env\u00edo de Kessner Lab Ampollas Hidratantes Para Cuero Cabelludo Y Cabello 10 X 10 Ml es completamente gratuito para pedidos a partir de 100,- euros. Para env\u00edos a otros pa\u00edses se aplican tarifas de env\u00edo separadas. Puede consultar estas tarifas con nosotros o verlas en el carrito de compra. Kessner Lab Ampollas Hidratantes Para Cuero Cabelludo Y Cabello 10 X 10 Ml se env\u00eda a trav\u00e9s de un servicio de mensajer\u00eda externo.<\/p>\n<p>As encomendas ou paletes s\u00e3o entregues, por norma, at\u00e9 \u00e0 soleira da porta da frente, mesmo que se encontre num edif\u00edcio coletivo, num edif\u00edcio de apartamentos ou num complexo de apartamentos com elevador (desde que o artigo caiba no elevador). N\u00e3o h\u00e1 elevador dispon\u00edvel ou o artigo n\u00e3o cabe no elevador? Ent\u00e3o entregamos at\u00e9 \u00e0 soleira do r\u00e9s do ch\u00e3o.<\/p>\n<p>Se ainda tem d\u00favidas sobre a entrega ou uma situa\u00e7\u00e3o especial, contacte-nos e teremos todo o gosto em ajud\u00e1-lo!<\/p>\n<p>*Os artigos n\u00e3o s\u00e3o desempacotados ou montados como padr\u00e3o. Em situa\u00e7\u00f5es especiais, pode contactar-nos para combinarmos as condi\u00e7\u00f5es.<\/p>\n<h2>Compras online seguras na Salon For All com o selo de qualidade Webwinkelkeur e encripta\u00e7\u00e3o SSL.<\/h2>\n<p>Es importante para nosotros que nuestros clientes puedan comprar de forma segura en nuestra tienda online. Estamos afiliados al sello de calidad nacional Webwinkelkeur desde 2019. Nuestra identidad ha sido verificada y comprobada por ellos, y la tienda online ha sido revisada y aprobada legalmente. Adem\u00e1s, nuestra tienda online est\u00e1 afiliada a ellos para la mediaci\u00f3n de conflictos. Puede ver la insignia con toda la informaci\u00f3n de este sello de calidad de tienda online en el lado izquierdo o derecho de la tienda online (bot\u00f3n rosa con blanco). Adem\u00e1s, nuestro sitio est\u00e1 protegido con un certificado SSL para que pueda navegar de forma segura con nosotros. En la barra de su navegador de Internet, donde aparece nuestro sitio web, ver\u00e1 un icono de candado. Si hace clic en el candado, obtendr\u00e1 toda la informaci\u00f3n sobre nuestra seguridad. De esta manera sabe que su pedido de Kessner Lab Ampollas Hidratantes Para Cuero Cabelludo Y Cabello 10 X 10 Ml y sus datos personales se procesan de forma segura.<\/p>\n<h2>\u00bfC\u00f3mo puedo pagar Kessner Lab Ampollas Hidratantes Para Cuero Cabelludo Y Cabello 10 X 10 Ml?<\/h2>\n<p>Queremos tornar as coisas o mais f\u00e1ceis poss\u00edvel para si. \u00c9 por isso que na Salon For All pode pagar com todos os m\u00e9todos de pagamento populares. Pagar antecipadamente, na entrega ou depois - tudo \u00e9 poss\u00edvel. Veja aqui todos os m\u00e9todos de pagamento que oferecemos:<\/p>\n<ul>\n<li>iDEAL<\/li>\n<li>Cart\u00e3o de cr\u00e9dito (Visa, Mastercard, American Express)<\/li>\n<li>Klarna - Pagamento na entrega com fatura<\/li>\n<li>PayPal<\/li>\n<li>Apple Pay<\/li>\n<li>Google Pay<\/li>\n<li>Bizum (para clientes espanh\u00f3is)<\/li>\n<li>Transfer\u00eancia banc\u00e1ria SEPA<\/li>\n<li>Contacto com o banco<\/li>\n<li>Fatura comercial para empresas<\/li>\n<li>Pagamento na sala de exposi\u00e7\u00f5es - Cart\u00e3o e dinheiro (apenas dispon\u00edvel \u00e0 cobran\u00e7a)<\/li>\n<\/ul>\n<h2>Veja tamb\u00e9m as opini\u00f5es de Salon For All<\/h2>\n<p>Consulte tambi\u00e9n nuestras rese\u00f1as para tener en cuenta las experiencias de nuestros clientes actuales en su decisi\u00f3n de pedir Kessner Lab Ampollas Hidratantes Para Cuero Cabelludo Y Cabello 10 X 10 Ml con nosotros. A trav\u00e9s de nuestro sello de calidad independiente de tienda online Webwinkelkeur, se recopilan autom\u00e1ticamente rese\u00f1as verificadas de clientes que han completado un pedido con nosotros. Puede encontrarlas detr\u00e1s del bot\u00f3n rosa en nuestra tienda online o aparecen listadas debajo de los productos.<\/p>\n<p>\u00a1Comparta tambi\u00e9n su experiencia despu\u00e9s de su compra con su Kessner Lab Ampollas Hidratantes Para Cuero Cabelludo Y Cabello 10 X 10 Ml pedido y su experiencia con el proceso de compra o el contacto con Salon For All para inspirar a otros!<\/p>\n<h2>Contactar o Salon For All<\/h2>\n<p>Cont\u00e1ctenos entonces. Estaremos encantados de ayudarle con la adquisici\u00f3n de Kessner Lab Ampollas Hidratantes Para Cuero Cabelludo Y Cabello 10 X 10 Ml. En d\u00edas laborables estamos mejor disponibles entre las 8.30 y las 17.00 horas a trav\u00e9s del n\u00famero de tel\u00e9fono y direcci\u00f3n de correo electr\u00f3nico en la parte superior de la tienda online o a trav\u00e9s de la funci\u00f3n de chat. Las consultas fuera del horario de oficina suelen responderse en un plazo de 24 horas. Tambi\u00e9n es posible visitarnos fuera de los d\u00edas laborables u horario de oficina. Pero para ello es necesario concertar una cita previa.<\/p>\n<h2>Gostaria de visitar a nossa sala de exposi\u00e7\u00f5es?<\/h2>\n<p>\u00bfPrefiere ver Kessner Lab Ampollas Hidratantes Para Cuero Cabelludo Y Cabello 10 X 10 Ml o recorrer nuestra oferta de la tienda (online) junto con nuestro colega? Entonces visite nuestro showroom con m\u00e1s de 1000m\u00b2 de equipamiento para salones y d\u00e9jese inspirar por nuestros empleados. Tambi\u00e9n si le gusta conocernos de manera agradable disfrutando de una buena taza de caf\u00e9 o t\u00e9, es muy bienvenido. No tenemos todos los productos en stock, as\u00ed que h\u00e1ganos saber de antemano que desea venir. Concierte siempre una cita previa.<\/p>\n<h2>14 dias de reflex\u00e3o e a nossa pol\u00edtica de devolu\u00e7\u00e3o<\/h2>\n<p>Por supuesto puede ocurrir que Kessner Lab Ampollas Hidratantes Para Cuero Cabelludo Y Cabello 10 X 10 Ml entregado no sea completamente de su agrado y desee devolverlo. Eso no es ning\u00fan problema en Salon For All. Debe notificar su devoluci\u00f3n dentro de 14 d\u00edas laborables a trav\u00e9s de info@salonforall.es. Entonces recibir\u00e1 primero todas las instrucciones y condiciones de devoluci\u00f3n. Tenga en cuenta que Kessner Lab Ampollas Hidratantes Para Cuero Cabelludo Y Cabello 10 X 10 Ml no debe haber sido usado, debe contener todas las partes suministradas y debe devolverse empaquetado en el embalaje original. Los costos de env\u00edo de una devoluci\u00f3n son siempre a cargo del comprador en compras a trav\u00e9s de www.salonforall.es. Debe organizar usted mismo un transporte con una empresa de transporte de su elecci\u00f3n para una devoluci\u00f3n. Una vez que Kessner Lab Ampollas Hidratantes Para Cuero Cabelludo Y Cabello 10 X 10 Ml haya sido devuelto, se verificar\u00e1 su integridad y posibles da\u00f1os. Una vez que la devoluci\u00f3n haya sido aprobada, el importe de la compra se reembolsar\u00e1 dentro de 5 d\u00edas laborables a la cuenta bancaria que tenemos registrada.<\/p>\n<h2>Quem \u00e9 o Salon For All?<\/h2>\n<p>A Salon For All \u00e9 o grossista de todo o equipamento para sal\u00f5es de beleza na Europa. A Salon For All come\u00e7ou em 2003 com o nome Salonvoordeel e cresceu a partir da pr\u00e1tica. Os propriet\u00e1rios da Salon For All eram cabeleireiros experientes e especialistas em beleza e t\u00eam, em conjunto, mais de 30 anos de experi\u00eancia pr\u00e1tica. Em 2003, lan\u00e7\u00e1mos o Salonvoordeel.nl (Pa\u00edses Baixos) e, posteriormente, o Salon For All foi fundado para o mercado europeu. Alguns dos nossos funcion\u00e1rios come\u00e7aram o seu pr\u00f3prio neg\u00f3cio e assim nasceu a ideia de lan\u00e7ar uma loja online funcional para cabeleireiros e para os ajudar com o seu equipamento de sal\u00e3o.<\/p>\n<p>Nuestro showroom se encuentra en Dinxperlo, directamente en la frontera entre los Pa\u00edses Bajos y Alemania. Con nuestra amplia experiencia en el sector podemos servirle de espejo y proporcionarle el asesoramiento adecuado. \u00a1Hablamos el mismo idioma! Le asesoramos, inspiramos, motivamos y ayudamos en la adquisici\u00f3n de Kessner Lab Ampollas Hidratantes Para Cuero Cabelludo Y Cabello 10 X 10 Ml. Nuestros proveedores se encuentran en toda Europa, desde Alemania, Inglaterra, Italia hasta Polonia.<\/p>","protected":false},"excerpt":{"rendered":"<p>El producto Kessner Lab Ampollas Hidratantes Para Cuero Cabelludo Y Cabello 10 X 10 Ml es una soluci\u00f3n de alta calidad para cualquier sal\u00f3n. El plazo de entrega estimado es de aproximadamente 6 d\u00edas laborables.<\/p>","protected":false},"featured_media":17823,"comment_status":"open","ping_status":"open","template":"","meta":[],"product_brand":[382],"product_cat":[3170],"product_tag":[3171],"class_list":{"0":"post-17822","1":"product","2":"type-product","3":"status-publish","4":"has-post-thumbnail","6":"product_brand-kessner","7":"product_cat-value","8":"product_tag-value","9":"pa_codigo-ean-7759","10":"pa_garantia-12-meses","11":"pa_marca-kessner","12":"pa_numero-de-articulo-6584","13":"pa_tiempo-estimado-de-entrega-4-5-dias-laborables","15":"first","16":"instock","17":"sale","18":"taxable","19":"shipping-taxable","20":"purchasable","21":"product-type-simple"},"yoast_head":"<!-- This site is optimized with the Yoast SEO plugin v27.4 - https:\/\/yoast.com\/product\/yoast-seo-wordpress\/ -->\n<title>Kessner Lab Ampollas Hidratantes Para Cuero Cabelludo Y Cabello 10 X 10 Ml comprar<\/title>\n<meta name=\"description\" content=\"Compra Kessner Lab Ampollas Hidratantes Para Cuero Cabelludo Y Cabello 10 X 10 Ml online o en el showroom en Salon For ALL Espa\u00f1a. El mayorista para salones, consultas y spas en Espa\u00f1a y Portugal.\" \/>\n<meta name=\"robots\" content=\"index, follow, max-snippet:-1, max-image-preview:large, max-video-preview:-1\" \/>\n<link rel=\"canonical\" href=\"https:\/\/salonforall.es\/pt\/kessner-lab-ampollas-hidratantes-para-cuero-cabelludo-y-cabello-10-x-10-ml\/\" \/>\n<meta property=\"og:locale\" content=\"pt_PT\" \/>\n<meta property=\"og:type\" content=\"article\" \/>\n<meta property=\"og:title\" content=\"Kessner Lab Ampollas Hidratantes Para Cuero Cabelludo Y Cabello 10 X 10 Ml\" \/>\n<meta property=\"og:description\" content=\"Compra Kessner Lab Ampollas Hidratantes Para Cuero Cabelludo Y Cabello 10 X 10 Ml online o en el showroom en Salon For ALL Espa\u00f1a. El mayorista para salones, consultas y spas en Espa\u00f1a y Portugal.\" \/>\n<meta property=\"og:url\" content=\"https:\/\/salonforall.es\/pt\/kessner-lab-ampollas-hidratantes-para-cuero-cabelludo-y-cabello-10-x-10-ml\/\" \/>\n<meta property=\"og:site_name\" content=\"Salon For ALL Espa\u00f1a\" \/>\n<meta property=\"article:modified_time\" content=\"2026-03-24T16:33:42+00:00\" \/>\n<meta property=\"og:image\" content=\"https:\/\/salonforall.es\/wp-content\/uploads\/2025\/12\/Kessner-Lab-Ampollas-Hidratantes-Para-Cuero-Cabelludo-Y-Cabello-10-X-10-Ml.jpg\" \/>\n\t<meta property=\"og:image:width\" content=\"1200\" \/>\n\t<meta property=\"og:image:height\" content=\"1200\" \/>\n\t<meta property=\"og:image:type\" content=\"image\/jpeg\" \/>\n<meta name=\"twitter:card\" content=\"summary_large_image\" \/>\n<meta name=\"twitter:title\" content=\"Kessner Lab Ampollas Hidratantes Para Cuero Cabelludo Y Cabello 10 X 10 Ml\" \/>\n<meta name=\"twitter:label1\" content=\"Tempo estimado de leitura\" \/>\n\t<meta name=\"twitter:data1\" content=\"9 minutos\" \/>\n<script type=\"application\/ld+json\" class=\"yoast-schema-graph\">{\"@context\":\"https:\\\/\\\/schema.org\",\"@graph\":[{\"@type\":\"WebPage\",\"@id\":\"https:\\\/\\\/salonforall.es\\\/kessner-lab-ampollas-hidratantes-para-cuero-cabelludo-y-cabello-10-x-10-ml\\\/\",\"url\":\"https:\\\/\\\/salonforall.es\\\/kessner-lab-ampollas-hidratantes-para-cuero-cabelludo-y-cabello-10-x-10-ml\\\/\",\"name\":\"Kessner Lab Ampollas Hidratantes Para Cuero Cabelludo Y Cabello 10 X 10 Ml comprar\",\"isPartOf\":{\"@id\":\"https:\\\/\\\/salonforall.es\\\/#website\"},\"primaryImageOfPage\":{\"@id\":\"https:\\\/\\\/salonforall.es\\\/kessner-lab-ampollas-hidratantes-para-cuero-cabelludo-y-cabello-10-x-10-ml\\\/#primaryimage\"},\"image\":{\"@id\":\"https:\\\/\\\/salonforall.es\\\/kessner-lab-ampollas-hidratantes-para-cuero-cabelludo-y-cabello-10-x-10-ml\\\/#primaryimage\"},\"thumbnailUrl\":\"https:\\\/\\\/salonforall.es\\\/wp-content\\\/uploads\\\/2025\\\/12\\\/Kessner-Lab-Ampollas-Hidratantes-Para-Cuero-Cabelludo-Y-Cabello-10-X-10-Ml.jpg\",\"datePublished\":\"2025-12-02T13:56:42+00:00\",\"dateModified\":\"2026-03-24T16:33:42+00:00\",\"description\":\"Compra Kessner Lab Ampollas Hidratantes Para Cuero Cabelludo Y Cabello 10 X 10 Ml online o en el showroom en Salon For ALL Espa\u00f1a. El mayorista para salones, consultas y spas en Espa\u00f1a y Portugal.\",\"breadcrumb\":{\"@id\":\"https:\\\/\\\/salonforall.es\\\/kessner-lab-ampollas-hidratantes-para-cuero-cabelludo-y-cabello-10-x-10-ml\\\/#breadcrumb\"},\"inLanguage\":\"pt-PT\",\"potentialAction\":[{\"@type\":\"ReadAction\",\"target\":[\"https:\\\/\\\/salonforall.es\\\/kessner-lab-ampollas-hidratantes-para-cuero-cabelludo-y-cabello-10-x-10-ml\\\/\"]}]},{\"@type\":\"ImageObject\",\"inLanguage\":\"pt-PT\",\"@id\":\"https:\\\/\\\/salonforall.es\\\/kessner-lab-ampollas-hidratantes-para-cuero-cabelludo-y-cabello-10-x-10-ml\\\/#primaryimage\",\"url\":\"https:\\\/\\\/salonforall.es\\\/wp-content\\\/uploads\\\/2025\\\/12\\\/Kessner-Lab-Ampollas-Hidratantes-Para-Cuero-Cabelludo-Y-Cabello-10-X-10-Ml.jpg\",\"contentUrl\":\"https:\\\/\\\/salonforall.es\\\/wp-content\\\/uploads\\\/2025\\\/12\\\/Kessner-Lab-Ampollas-Hidratantes-Para-Cuero-Cabelludo-Y-Cabello-10-X-10-Ml.jpg\",\"width\":1200,\"height\":1200,\"caption\":\"Kessner Lab Ampollas Hidratantes Para Cuero Cabelludo Y Cabello 10 X 10 Ml\"},{\"@type\":\"BreadcrumbList\",\"@id\":\"https:\\\/\\\/salonforall.es\\\/kessner-lab-ampollas-hidratantes-para-cuero-cabelludo-y-cabello-10-x-10-ml\\\/#breadcrumb\",\"itemListElement\":[{\"@type\":\"ListItem\",\"position\":1,\"name\":\"Home\",\"item\":\"https:\\\/\\\/salonforall.es\\\/\"},{\"@type\":\"ListItem\",\"position\":2,\"name\":\"Winkel\",\"item\":\"https:\\\/\\\/salonforall.es\\\/winkel\\\/\"},{\"@type\":\"ListItem\",\"position\":3,\"name\":\"Kessner Lab Ampollas Hidratantes Para Cuero Cabelludo Y Cabello 10 X 10 Ml\"}]},{\"@type\":\"WebSite\",\"@id\":\"https:\\\/\\\/salonforall.es\\\/#website\",\"url\":\"https:\\\/\\\/salonforall.es\\\/\",\"name\":\"Salon For ALL Espa\u00f1a\",\"description\":\"Mayorista de mobiliario y suministros para consultorios y salones\",\"publisher\":{\"@id\":\"https:\\\/\\\/salonforall.es\\\/#organization\"},\"potentialAction\":[{\"@type\":\"SearchAction\",\"target\":{\"@type\":\"EntryPoint\",\"urlTemplate\":\"https:\\\/\\\/salonforall.es\\\/?s={search_term_string}\"},\"query-input\":{\"@type\":\"PropertyValueSpecification\",\"valueRequired\":true,\"valueName\":\"search_term_string\"}}],\"inLanguage\":\"pt-PT\"},{\"@type\":\"Organization\",\"@id\":\"https:\\\/\\\/salonforall.es\\\/#organization\",\"name\":\"Salon For All B.V. Espa\u00f1a\",\"alternateName\":\"Salon For All B.V. Espa\u00f1a - Mayorista de equipamiento para consultas, salones y suministros\",\"url\":\"https:\\\/\\\/salonforall.es\\\/\",\"logo\":{\"@type\":\"ImageObject\",\"inLanguage\":\"pt-PT\",\"@id\":\"https:\\\/\\\/salonforall.es\\\/#\\\/schema\\\/logo\\\/image\\\/\",\"url\":\"https:\\\/\\\/salonforall.es\\\/wp-content\\\/uploads\\\/2025\\\/11\\\/logo-salon-for-all-e1764543185849.png\",\"contentUrl\":\"https:\\\/\\\/salonforall.es\\\/wp-content\\\/uploads\\\/2025\\\/11\\\/logo-salon-for-all-e1764543185849.png\",\"width\":500,\"height\":150,\"caption\":\"Salon For All B.V. Espa\u00f1a\"},\"image\":{\"@id\":\"https:\\\/\\\/salonforall.es\\\/#\\\/schema\\\/logo\\\/image\\\/\"}}]}<\/script>\n<!-- \/ Yoast SEO plugin. -->","yoast_head_json":{"title":"Kessner Lab Ampollas Hidratantes Para Cuero Cabelludo Y Cabello 10 X 10 Ml comprar","description":"Compra Kessner Lab Ampollas Hidratantes Para Cuero Cabelludo Y Cabello 10 X 10 Ml online o en el showroom en Salon For ALL Espa\u00f1a. El mayorista para salones, consultas y spas en Espa\u00f1a y Portugal.","robots":{"index":"index","follow":"follow","max-snippet":"max-snippet:-1","max-image-preview":"max-image-preview:large","max-video-preview":"max-video-preview:-1"},"canonical":"https:\/\/salonforall.es\/pt\/kessner-lab-ampollas-hidratantes-para-cuero-cabelludo-y-cabello-10-x-10-ml\/","og_locale":"pt_PT","og_type":"article","og_title":"Kessner Lab Ampollas Hidratantes Para Cuero Cabelludo Y Cabello 10 X 10 Ml","og_description":"Compra Kessner Lab Ampollas Hidratantes Para Cuero Cabelludo Y Cabello 10 X 10 Ml online o en el showroom en Salon For ALL Espa\u00f1a. El mayorista para salones, consultas y spas en Espa\u00f1a y Portugal.","og_url":"https:\/\/salonforall.es\/pt\/kessner-lab-ampollas-hidratantes-para-cuero-cabelludo-y-cabello-10-x-10-ml\/","og_site_name":"Salon For ALL Espa\u00f1a","article_modified_time":"2026-03-24T16:33:42+00:00","og_image":[{"width":1200,"height":1200,"url":"https:\/\/salonforall.es\/wp-content\/uploads\/2025\/12\/Kessner-Lab-Ampollas-Hidratantes-Para-Cuero-Cabelludo-Y-Cabello-10-X-10-Ml.jpg","type":"image\/jpeg"}],"twitter_card":"summary_large_image","twitter_title":"Kessner Lab Ampollas Hidratantes Para Cuero Cabelludo Y Cabello 10 X 10 Ml","twitter_misc":{"Tempo estimado de leitura":"9 minutos"},"schema":{"@context":"https:\/\/schema.org","@graph":[{"@type":"WebPage","@id":"https:\/\/salonforall.es\/kessner-lab-ampollas-hidratantes-para-cuero-cabelludo-y-cabello-10-x-10-ml\/","url":"https:\/\/salonforall.es\/kessner-lab-ampollas-hidratantes-para-cuero-cabelludo-y-cabello-10-x-10-ml\/","name":"Kessner Lab Ampollas Hidratantes Para Cuero Cabelludo Y Cabello 10 X 10 Ml comprar","isPartOf":{"@id":"https:\/\/salonforall.es\/#website"},"primaryImageOfPage":{"@id":"https:\/\/salonforall.es\/kessner-lab-ampollas-hidratantes-para-cuero-cabelludo-y-cabello-10-x-10-ml\/#primaryimage"},"image":{"@id":"https:\/\/salonforall.es\/kessner-lab-ampollas-hidratantes-para-cuero-cabelludo-y-cabello-10-x-10-ml\/#primaryimage"},"thumbnailUrl":"https:\/\/salonforall.es\/wp-content\/uploads\/2025\/12\/Kessner-Lab-Ampollas-Hidratantes-Para-Cuero-Cabelludo-Y-Cabello-10-X-10-Ml.jpg","datePublished":"2025-12-02T13:56:42+00:00","dateModified":"2026-03-24T16:33:42+00:00","description":"Compra Kessner Lab Ampollas Hidratantes Para Cuero Cabelludo Y Cabello 10 X 10 Ml online o en el showroom en Salon For ALL Espa\u00f1a. El mayorista para salones, consultas y spas en Espa\u00f1a y Portugal.","breadcrumb":{"@id":"https:\/\/salonforall.es\/kessner-lab-ampollas-hidratantes-para-cuero-cabelludo-y-cabello-10-x-10-ml\/#breadcrumb"},"inLanguage":"pt-PT","potentialAction":[{"@type":"ReadAction","target":["https:\/\/salonforall.es\/kessner-lab-ampollas-hidratantes-para-cuero-cabelludo-y-cabello-10-x-10-ml\/"]}]},{"@type":"ImageObject","inLanguage":"pt-PT","@id":"https:\/\/salonforall.es\/kessner-lab-ampollas-hidratantes-para-cuero-cabelludo-y-cabello-10-x-10-ml\/#primaryimage","url":"https:\/\/salonforall.es\/wp-content\/uploads\/2025\/12\/Kessner-Lab-Ampollas-Hidratantes-Para-Cuero-Cabelludo-Y-Cabello-10-X-10-Ml.jpg","contentUrl":"https:\/\/salonforall.es\/wp-content\/uploads\/2025\/12\/Kessner-Lab-Ampollas-Hidratantes-Para-Cuero-Cabelludo-Y-Cabello-10-X-10-Ml.jpg","width":1200,"height":1200,"caption":"Kessner Lab Ampollas Hidratantes Para Cuero Cabelludo Y Cabello 10 X 10 Ml"},{"@type":"BreadcrumbList","@id":"https:\/\/salonforall.es\/kessner-lab-ampollas-hidratantes-para-cuero-cabelludo-y-cabello-10-x-10-ml\/#breadcrumb","itemListElement":[{"@type":"ListItem","position":1,"name":"Home","item":"https:\/\/salonforall.es\/"},{"@type":"ListItem","position":2,"name":"Winkel","item":"https:\/\/salonforall.es\/winkel\/"},{"@type":"ListItem","position":3,"name":"Kessner Lab Ampollas Hidratantes Para Cuero Cabelludo Y Cabello 10 X 10 Ml"}]},{"@type":"WebSite","@id":"https:\/\/salonforall.es\/#website","url":"https:\/\/salonforall.es\/","name":"Sal\u00e3o de beleza para toda a Espanha","description":"Grossista de mobili\u00e1rio e material para sal\u00f5es de beleza e consult\u00f3rios","publisher":{"@id":"https:\/\/salonforall.es\/#organization"},"potentialAction":[{"@type":"SearchAction","target":{"@type":"EntryPoint","urlTemplate":"https:\/\/salonforall.es\/?s={search_term_string}"},"query-input":{"@type":"PropertyValueSpecification","valueRequired":true,"valueName":"search_term_string"}}],"inLanguage":"pt-PT"},{"@type":"Organization","@id":"https:\/\/salonforall.es\/#organization","name":"Salon For All B.V. Espanha","alternateName":"Salon For All B.V. Espa\u00f1a - Mayorista de equipamiento para consultas, salones y suministros","url":"https:\/\/salonforall.es\/","logo":{"@type":"ImageObject","inLanguage":"pt-PT","@id":"https:\/\/salonforall.es\/#\/schema\/logo\/image\/","url":"https:\/\/salonforall.es\/wp-content\/uploads\/2025\/11\/logo-salon-for-all-e1764543185849.png","contentUrl":"https:\/\/salonforall.es\/wp-content\/uploads\/2025\/11\/logo-salon-for-all-e1764543185849.png","width":500,"height":150,"caption":"Salon For All B.V. Espa\u00f1a"},"image":{"@id":"https:\/\/salonforall.es\/#\/schema\/logo\/image\/"}}]}},"_links":{"self":[{"href":"https:\/\/salonforall.es\/pt\/wp-json\/wp\/v2\/product\/17822","targetHints":{"allow":["GET"]}}],"collection":[{"href":"https:\/\/salonforall.es\/pt\/wp-json\/wp\/v2\/product"}],"about":[{"href":"https:\/\/salonforall.es\/pt\/wp-json\/wp\/v2\/types\/product"}],"replies":[{"embeddable":true,"href":"https:\/\/salonforall.es\/pt\/wp-json\/wp\/v2\/comments?post=17822"}],"wp:featuredmedia":[{"embeddable":true,"href":"https:\/\/salonforall.es\/pt\/wp-json\/wp\/v2\/media\/17823"}],"wp:attachment":[{"href":"https:\/\/salonforall.es\/pt\/wp-json\/wp\/v2\/media?parent=17822"}],"wp:term":[{"taxonomy":"product_brand","embeddable":true,"href":"https:\/\/salonforall.es\/pt\/wp-json\/wp\/v2\/product_brand?post=17822"},{"taxonomy":"product_cat","embeddable":true,"href":"https:\/\/salonforall.es\/pt\/wp-json\/wp\/v2\/product_cat?post=17822"},{"taxonomy":"product_tag","embeddable":true,"href":"https:\/\/salonforall.es\/pt\/wp-json\/wp\/v2\/product_tag?post=17822"}],"curies":[{"name":"wp","href":"https:\/\/api.w.org\/{rel}","templated":true}]}}