{"id":17490,"date":"2025-12-02T14:52:51","date_gmt":"2025-12-02T13:52:51","guid":{"rendered":"https:\/\/salonforall.es\/product\/maquina-de-tatuaje-el-cartel-vispa-rojo-negro\/"},"modified":"2026-03-24T17:32:51","modified_gmt":"2026-03-24T16:32:51","slug":"maquina-de-tatuaje-el-cartel-vispa-rojo-negro","status":"publish","type":"product","link":"https:\/\/salonforall.es\/pt\/maquina-de-tatuaje-el-cartel-vispa-rojo-negro\/","title":{"rendered":"M\u00e1quina de tatuagem El Cartel Vispa Vermelho\/Preto"},"content":{"rendered":"<h2>Informaci\u00f3n sobre M\u00e1quina De Tatuaje El Cartel Vispa Rojo\/Negro con n\u00famero de art\u00edculo 150975<\/h2>\n<p><p><img src=\"https:\/\/activeshop.com.pl\/media\/wysiwyg\/product\/150974\/EN_150974_01.jpg\"><\/p> <\/p>\n<p><strong>El Cartel<\/strong> es una marca de productos profesionales para tatuajes que ofrece cartuchos, m\u00e1quinas y otros accesorios esenciales para tatuajes. Se caracteriza por su alta calidad, precisi\u00f3n y dise\u00f1o \u00fanico. Garantiza comodidad y cumple con los m\u00e1s altos est\u00e1ndares de la industria del tatuaje. Goza de gran inter\u00e9s y est\u00e1 ganando cada vez m\u00e1s popularidad, como lo confirman las opiniones positivas de los usuarios.<\/p>\n<p> <p><img src=\"https:\/\/activeshop.com.pl\/media\/wysiwyg\/product\/150974\/EN_150974_02.jpg\"><\/p> <\/p>\n<h2>EL CARTEL VISPA<\/h2>\n<p>La m\u00e1quina rotativa inal\u00e1mbrica El Cartel con recorrido ajustable es la opci\u00f3n perfecta tanto para principiantes como para tatuadores profesionales. Se caracteriza por su ligereza, fluidez y funcionamiento estable. Adem\u00e1s, cuenta con bater\u00edas reemplazables y un adaptador para trabajar con un cable, lo que lo hace extremadamente vers\u00e1til y c\u00f3modo de usar.<\/p>\n<p> <p><img src=\"https:\/\/activeshop.com.pl\/media\/wysiwyg\/product\/150974\/EN_150974_03.jpg\"><\/p> <\/p>\n<h2>Ligero y ergon\u00f3mico<\/h2>\n<p>El Cartel VISPA es un dise\u00f1o con la comodidad en mente. Su carcasa ligera de aluminio (peso del dispositivo + bater\u00eda: 225 g) y empu\u00f1aduras reemplazables (perfiladas y rectas) hacen que se ajuste perfectamente a la mano, lo que minimiza la fatiga incluso durante trabajos largos.<\/p>\n<p> <p><img src=\"https:\/\/activeshop.com.pl\/media\/wysiwyg\/product\/150974\/EN_150974_04.jpg\"><\/p> <\/p>\n<h2>Convi\u00e9rtete en un artista a\u00fan mejor<\/h2>\n<p>Su gran ventaja es su recorrido ajustable de 2,4 a 4,2 mm, ajustable mediante un anillo (hasta 7 ajustes) para adaptarse a una variedad de estilos y t\u00e9cnicas de tatuaje. Est\u00e1 equipada con un potente motor sin n\u00facleo, cuyo voltaje tambi\u00e9n es ajustable y seguro. Ofrece un funcionamiento suave y estable de 4 a 12 voltios, lo que le brinda el m\u00e1ximo control sobre el proceso de tatuaje.<\/p>\n<p> <p><img src=\"https:\/\/activeshop.com.pl\/media\/wysiwyg\/product\/150974\/EN_150974_05.jpg\"><\/p> <\/p>\n<h2>Disfrute de la comodidad<\/h2>\n<p>La afeitadora cuenta con una bater\u00eda reemplazable de pol\u00edmero de litio de 1800 mAh que proporciona hasta 7 horas de funcionamiento (seg\u00fan el ajuste de potencia) y un puerto USB-C integrado para una carga r\u00e1pida y sencilla. El kit incluye una bater\u00eda adicional y un adaptador RCA que permite usar la afeitadora con cable.<\/p>\n<p> <p><img src=\"https:\/\/activeshop.com.pl\/media\/wysiwyg\/product\/150974\/EN_150974_06.jpg\"><\/p> <\/p>\n<h2>Comodidad ante todo<\/h2>\n<p>El dispositivo est\u00e1 equipado con una pantalla LED digital a color con la posibilidad de cambiar de color (azul, verde, rosa, rojo, verde azulado, blanco, amarillo) y rotar la disposici\u00f3n de vertical a horizontal. Esta soluci\u00f3n sin duda facilitar\u00e1 el trabajo y mejorar\u00e1 la comodidad de uso seg\u00fan las preferencias personales. Su manejo es extremadamente sencillo gracias a sus tres botones. La interfaz es sencilla e intuitiva. Muestra informaci\u00f3n como el nivel de bater\u00eda, el voltaje y la frecuencia actuales, el tiempo de funcionamiento y uno de los tres modos seleccionados (M1, M2, M3), que puede guardar gracias a la memoria integrada.<\/p>\n<p> <p><img src=\"https:\/\/activeshop.com.pl\/media\/wysiwyg\/product\/150974\/EN_150974_07.jpg\"><\/p> <\/p>\n<h2>Apuesta por el dise\u00f1o y la funcionalidad<\/h2>\n<p>Nuestras afeitadoras rotativas VISPA funcionan con un motor el\u00e9ctrico que acciona la aguja. Este sistema permite un trabajo silencioso y, sobre todo, suave, permitiendo contornear con precisi\u00f3n, sombrear a la perfecci\u00f3n y rellenar \u00e1reas m\u00e1s extensas del tatuaje. Su versatilidad no lo es todo: est\u00e1n hechos de materiales de alta calidad, son c\u00f3modos de usar, ligeros y eficientes, lo que los convierte en un producto de este tipo sin concesiones en el mercado.<\/p>\n<p><strong>O conjunto inclui:<\/strong><\/p>\n<p>1x DISPOSITIVO<br \/>2x AGARRE<br \/>2x BATER\u00cdAS<br \/>1x ADAPTADOR RCA<br \/>1x CABLE USB-C \/ USB-A<br \/>1x CABLE RCA-CINCH \/ JACK 6.35 mm<br \/>2x LLAVES IMBUS<br \/>1x INSTRUCCIONES<br \/>1x CAJA<\/p>\n<p><strong>Especifica\u00e7\u00f5es:<\/strong><\/p>\n<p>FABRICANTE: EL CARTEL<br \/>TIPO: rotatorio<br \/>APLICACI\u00d3N: universal \/ en cartucho<br \/>MATERIAL: aluminio<br \/>COLOR: tonos de negro y rojo<br \/>PESO DEL DISPOSITIVO: 165 g<br \/>PESO DE LA BATER\u00cdA: 60 g<br \/>ANCHO DE EMPU\u00d1ADURA: 60 g<br \/>TIPO DE MOTOR: sin n\u00facleo<br \/>VOLTAJE DE FUNCIONAMIENTO: 4-12 V CC<br \/>VOLTAJE DE ARRANQUE: 0,3 segundos a 9 V<br \/>RECORTE: ajustable<br \/>VALOR DE RECORTE: 2,4 \/ 2,7 \/ 3,0 \/ 3,3 \/ 3,6 \/ 3,9 \/ 4,2 mm<br \/>TIPO DE BATER\u00cdA: pol\u00edmero de litio.<br \/>CARGA: conector USB-C integrado<br \/>TIEMPO DE CARGA: hasta 60 minutos<br \/>DURACI\u00d3N DE LA BATER\u00cdA: hasta 7 horas<br \/>MEMORIA INTEGRADA: capacidad para almacenar 3 MODOS DE ALIMENTACI\u00d3N (M1 \/ M2 \/ M3)<br \/>PANTALLA LED INTEGRADA en ingl\u00e9s<br \/>GARANT\u00cdA: 12 meses<\/p>\n<p>Los productos Activeshop son proporcionalmente m\u00e1s econ\u00f3micos que muchas otras marcas\/proveedores. El precio est\u00e1 en relaci\u00f3n con la calidad. M\u00e1quina De Tatuaje El Cartel Vispa Rojo\/Negro es por lo tanto una soluci\u00f3n accesible para su sal\u00f3n.<\/p>\n<h2>\u00bfC\u00f3mo se entrega M\u00e1quina De Tatuaje El Cartel Vispa Rojo\/Negro?<\/h2>\n<p>M\u00e1quina De Tatuaje El Cartel Vispa Rojo\/Negro se entrega en embalaje(s) original(es). Dentro de Espa\u00f1a el env\u00edo de M\u00e1quina De Tatuaje El Cartel Vispa Rojo\/Negro es completamente gratuito para pedidos a partir de 100,- euros. Para env\u00edos a otros pa\u00edses se aplican tarifas de env\u00edo separadas. Puede consultar estas tarifas con nosotros o verlas en el carrito de compra. M\u00e1quina De Tatuaje El Cartel Vispa Rojo\/Negro se env\u00eda a trav\u00e9s de un servicio de mensajer\u00eda externo.<\/p>\n<p>As encomendas ou paletes s\u00e3o entregues, por norma, at\u00e9 \u00e0 soleira da porta da frente, mesmo que se encontre num edif\u00edcio coletivo, num edif\u00edcio de apartamentos ou num complexo de apartamentos com elevador (desde que o artigo caiba no elevador). N\u00e3o h\u00e1 elevador dispon\u00edvel ou o artigo n\u00e3o cabe no elevador? Ent\u00e3o entregamos at\u00e9 \u00e0 soleira do r\u00e9s do ch\u00e3o.<\/p>\n<p>Se ainda tem d\u00favidas sobre a entrega ou uma situa\u00e7\u00e3o especial, contacte-nos e teremos todo o gosto em ajud\u00e1-lo!<\/p>\n<p>*Os artigos n\u00e3o s\u00e3o desempacotados ou montados como padr\u00e3o. Em situa\u00e7\u00f5es especiais, pode contactar-nos para combinarmos as condi\u00e7\u00f5es.<\/p>\n<h2>Compras online seguras na Salon For All com o selo de qualidade Webwinkelkeur e encripta\u00e7\u00e3o SSL.<\/h2>\n<p>Es importante para nosotros que nuestros clientes puedan comprar de forma segura en nuestra tienda online. Estamos afiliados al sello de calidad nacional Webwinkelkeur desde 2019. Nuestra identidad ha sido verificada y comprobada por ellos, y la tienda online ha sido revisada y aprobada legalmente. Adem\u00e1s, nuestra tienda online est\u00e1 afiliada a ellos para la mediaci\u00f3n de conflictos. Puede ver la insignia con toda la informaci\u00f3n de este sello de calidad de tienda online en el lado izquierdo o derecho de la tienda online (bot\u00f3n rosa con blanco). Adem\u00e1s, nuestro sitio est\u00e1 protegido con un certificado SSL para que pueda navegar de forma segura con nosotros. En la barra de su navegador de Internet, donde aparece nuestro sitio web, ver\u00e1 un icono de candado. Si hace clic en el candado, obtendr\u00e1 toda la informaci\u00f3n sobre nuestra seguridad. De esta manera sabe que su pedido de M\u00e1quina De Tatuaje El Cartel Vispa Rojo\/Negro y sus datos personales se procesan de forma segura.<\/p>\n<h2>\u00bfC\u00f3mo puedo pagar M\u00e1quina De Tatuaje El Cartel Vispa Rojo\/Negro?<\/h2>\n<p>Queremos tornar as coisas o mais f\u00e1ceis poss\u00edvel para si. \u00c9 por isso que na Salon For All pode pagar com todos os m\u00e9todos de pagamento populares. Pagar antecipadamente, na entrega ou depois - tudo \u00e9 poss\u00edvel. Veja aqui todos os m\u00e9todos de pagamento que oferecemos:<\/p>\n<ul>\n<li>iDEAL<\/li>\n<li>Cart\u00e3o de cr\u00e9dito (Visa, Mastercard, American Express)<\/li>\n<li>Klarna - Pagamento na entrega com fatura<\/li>\n<li>PayPal<\/li>\n<li>Apple Pay<\/li>\n<li>Google Pay<\/li>\n<li>Bizum (para clientes espanh\u00f3is)<\/li>\n<li>Transfer\u00eancia banc\u00e1ria SEPA<\/li>\n<li>Contacto com o banco<\/li>\n<li>Fatura comercial para empresas<\/li>\n<li>Pagamento na sala de exposi\u00e7\u00f5es - Cart\u00e3o e dinheiro (apenas dispon\u00edvel \u00e0 cobran\u00e7a)<\/li>\n<\/ul>\n<h2>Veja tamb\u00e9m as opini\u00f5es de Salon For All<\/h2>\n<p>Consulte tambi\u00e9n nuestras rese\u00f1as para tener en cuenta las experiencias de nuestros clientes actuales en su decisi\u00f3n de pedir M\u00e1quina De Tatuaje El Cartel Vispa Rojo\/Negro con nosotros. A trav\u00e9s de nuestro sello de calidad independiente de tienda online Webwinkelkeur, se recopilan autom\u00e1ticamente rese\u00f1as verificadas de clientes que han completado un pedido con nosotros. Puede encontrarlas detr\u00e1s del bot\u00f3n rosa en nuestra tienda online o aparecen listadas debajo de los productos.<\/p>\n<p>\u00a1Comparta tambi\u00e9n su experiencia despu\u00e9s de su compra con su M\u00e1quina De Tatuaje El Cartel Vispa Rojo\/Negro pedido y su experiencia con el proceso de compra o el contacto con Salon For All para inspirar a otros!<\/p>\n<h2>Contactar o Salon For All<\/h2>\n<p>Cont\u00e1ctenos entonces. Estaremos encantados de ayudarle con la adquisici\u00f3n de M\u00e1quina De Tatuaje El Cartel Vispa Rojo\/Negro. En d\u00edas laborables estamos mejor disponibles entre las 8.30 y las 17.00 horas a trav\u00e9s del n\u00famero de tel\u00e9fono y direcci\u00f3n de correo electr\u00f3nico en la parte superior de la tienda online o a trav\u00e9s de la funci\u00f3n de chat. Las consultas fuera del horario de oficina suelen responderse en un plazo de 24 horas. Tambi\u00e9n es posible visitarnos fuera de los d\u00edas laborables u horario de oficina. Pero para ello es necesario concertar una cita previa.<\/p>\n<h2>Gostaria de visitar a nossa sala de exposi\u00e7\u00f5es?<\/h2>\n<p>\u00bfPrefiere ver M\u00e1quina De Tatuaje El Cartel Vispa Rojo\/Negro o recorrer nuestra oferta de la tienda (online) junto con nuestro colega? Entonces visite nuestro showroom con m\u00e1s de 1000m\u00b2 de equipamiento para salones y d\u00e9jese inspirar por nuestros empleados. Tambi\u00e9n si le gusta conocernos de manera agradable disfrutando de una buena taza de caf\u00e9 o t\u00e9, es muy bienvenido. No tenemos todos los productos en stock, as\u00ed que h\u00e1ganos saber de antemano que desea venir. Concierte siempre una cita previa.<\/p>\n<h2>14 dias de reflex\u00e3o e a nossa pol\u00edtica de devolu\u00e7\u00e3o<\/h2>\n<p>Por supuesto puede ocurrir que M\u00e1quina De Tatuaje El Cartel Vispa Rojo\/Negro entregado no sea completamente de su agrado y desee devolverlo. Eso no es ning\u00fan problema en Salon For All. Debe notificar su devoluci\u00f3n dentro de 14 d\u00edas laborables a trav\u00e9s de info@salonforall.es. Entonces recibir\u00e1 primero todas las instrucciones y condiciones de devoluci\u00f3n. Tenga en cuenta que M\u00e1quina De Tatuaje El Cartel Vispa Rojo\/Negro no debe haber sido usado, debe contener todas las partes suministradas y debe devolverse empaquetado en el embalaje original. Los costos de env\u00edo de una devoluci\u00f3n son siempre a cargo del comprador en compras a trav\u00e9s de www.salonforall.es. Debe organizar usted mismo un transporte con una empresa de transporte de su elecci\u00f3n para una devoluci\u00f3n. Una vez que M\u00e1quina De Tatuaje El Cartel Vispa Rojo\/Negro haya sido devuelto, se verificar\u00e1 su integridad y posibles da\u00f1os. Una vez que la devoluci\u00f3n haya sido aprobada, el importe de la compra se reembolsar\u00e1 dentro de 5 d\u00edas laborables a la cuenta bancaria que tenemos registrada.<\/p>\n<h2>Quem \u00e9 o Salon For All?<\/h2>\n<p>A Salon For All \u00e9 o grossista de todo o equipamento para sal\u00f5es de beleza na Europa. A Salon For All come\u00e7ou em 2003 com o nome Salonvoordeel e cresceu a partir da pr\u00e1tica. Os propriet\u00e1rios da Salon For All eram cabeleireiros experientes e especialistas em beleza e t\u00eam, em conjunto, mais de 30 anos de experi\u00eancia pr\u00e1tica. Em 2003, lan\u00e7\u00e1mos o Salonvoordeel.nl (Pa\u00edses Baixos) e, posteriormente, o Salon For All foi fundado para o mercado europeu. Alguns dos nossos funcion\u00e1rios come\u00e7aram o seu pr\u00f3prio neg\u00f3cio e assim nasceu a ideia de lan\u00e7ar uma loja online funcional para cabeleireiros e para os ajudar com o seu equipamento de sal\u00e3o.<\/p>\n<p>Nuestro showroom se encuentra en Dinxperlo, directamente en la frontera entre los Pa\u00edses Bajos y Alemania. Con nuestra amplia experiencia en el sector podemos servirle de espejo y proporcionarle el asesoramiento adecuado. \u00a1Hablamos el mismo idioma! Le asesoramos, inspiramos, motivamos y ayudamos en la adquisici\u00f3n de M\u00e1quina De Tatuaje El Cartel Vispa Rojo\/Negro. Nuestros proveedores se encuentran en toda Europa, desde Alemania, Inglaterra, Italia hasta Polonia.<\/p>","protected":false},"excerpt":{"rendered":"<p>O produto El Cartel Vispa Red\/Black Tattoo Machine \u00e9 uma solu\u00e7\u00e3o de alta qualidade para qualquer sal\u00e3o de beleza. O prazo de entrega estimado \u00e9 de aproximadamente 6 dias \u00fateis.<\/p>","protected":false},"featured_media":17491,"comment_status":"open","ping_status":"open","template":"","meta":[],"product_brand":[3025],"product_cat":[886,4690],"product_tag":[888,4691],"class_list":{"0":"post-17490","1":"product","2":"type-product","3":"status-publish","4":"has-post-thumbnail","6":"product_brand-el-cartel","7":"product_cat-equipos-para-estudios-de-tatuajes","8":"product_cat-maquina-de-tatuajes","9":"product_tag-equipos-para-estudios-de-tatuajes","10":"product_tag-maquina-de-tatuajes","11":"pa_codigo-ean-7759","12":"pa_garantia-12-meses","13":"pa_marca-el-cartel","14":"pa_numero-de-articulo-6486","15":"pa_tiempo-estimado-de-entrega-4-5-dias-laborables","17":"first","18":"instock","19":"sale","20":"taxable","21":"shipping-taxable","22":"purchasable","23":"product-type-simple"},"yoast_head":"<!-- This site is optimized with the Yoast SEO plugin v27.6 - https:\/\/yoast.com\/product\/yoast-seo-wordpress\/ -->\n<title>M\u00e1quina De Tatuaje El Cartel Vispa Rojo\/Negro comprar<\/title>\n<meta name=\"description\" content=\"Compra M\u00e1quina De Tatuaje El Cartel Vispa Rojo\/Negro online o en el showroom en Salon For ALL Espa\u00f1a. El mayorista para salones, consultas y spas en Espa\u00f1a y Portugal.\" \/>\n<meta name=\"robots\" content=\"index, follow, max-snippet:-1, max-image-preview:large, max-video-preview:-1\" \/>\n<link rel=\"canonical\" href=\"https:\/\/salonforall.es\/pt\/maquina-de-tatuaje-el-cartel-vispa-rojo-negro\/\" \/>\n<meta property=\"og:locale\" content=\"pt_PT\" \/>\n<meta property=\"og:type\" content=\"article\" \/>\n<meta property=\"og:title\" content=\"M\u00e1quina De Tatuaje El Cartel Vispa Rojo\/Negro\" \/>\n<meta property=\"og:description\" content=\"Compra M\u00e1quina De Tatuaje El Cartel Vispa Rojo\/Negro online o en el showroom en Salon For ALL Espa\u00f1a. El mayorista para salones, consultas y spas en Espa\u00f1a y Portugal.\" \/>\n<meta property=\"og:url\" content=\"https:\/\/salonforall.es\/pt\/maquina-de-tatuaje-el-cartel-vispa-rojo-negro\/\" \/>\n<meta property=\"og:site_name\" content=\"Salon For ALL Espa\u00f1a\" \/>\n<meta property=\"article:modified_time\" content=\"2026-03-24T16:32:51+00:00\" \/>\n<meta property=\"og:image\" content=\"https:\/\/salonforall.es\/wp-content\/uploads\/2025\/12\/Maquina-De-Tatuaje-El-Cartel-Vispa-RojoNegro.jpg\" \/>\n\t<meta property=\"og:image:width\" content=\"1200\" \/>\n\t<meta property=\"og:image:height\" content=\"1200\" \/>\n\t<meta property=\"og:image:type\" content=\"image\/jpeg\" \/>\n<meta name=\"twitter:card\" content=\"summary_large_image\" \/>\n<meta name=\"twitter:title\" content=\"M\u00e1quina De Tatuaje El Cartel Vispa Rojo\/Negro\" \/>\n<meta name=\"twitter:label1\" content=\"Tempo estimado de leitura\" \/>\n\t<meta name=\"twitter:data1\" content=\"10 minutos\" \/>\n<script type=\"application\/ld+json\" class=\"yoast-schema-graph\">{\"@context\":\"https:\\\/\\\/schema.org\",\"@graph\":[{\"@type\":\"WebPage\",\"@id\":\"https:\\\/\\\/salonforall.es\\\/maquina-de-tatuaje-el-cartel-vispa-rojo-negro\\\/\",\"url\":\"https:\\\/\\\/salonforall.es\\\/maquina-de-tatuaje-el-cartel-vispa-rojo-negro\\\/\",\"name\":\"M\u00e1quina De Tatuaje El Cartel Vispa Rojo\\\/Negro comprar\",\"isPartOf\":{\"@id\":\"https:\\\/\\\/salonforall.es\\\/#website\"},\"primaryImageOfPage\":{\"@id\":\"https:\\\/\\\/salonforall.es\\\/maquina-de-tatuaje-el-cartel-vispa-rojo-negro\\\/#primaryimage\"},\"image\":{\"@id\":\"https:\\\/\\\/salonforall.es\\\/maquina-de-tatuaje-el-cartel-vispa-rojo-negro\\\/#primaryimage\"},\"thumbnailUrl\":\"https:\\\/\\\/salonforall.es\\\/wp-content\\\/uploads\\\/2025\\\/12\\\/Maquina-De-Tatuaje-El-Cartel-Vispa-RojoNegro.jpg\",\"datePublished\":\"2025-12-02T13:52:51+00:00\",\"dateModified\":\"2026-03-24T16:32:51+00:00\",\"description\":\"Compra M\u00e1quina De Tatuaje El Cartel Vispa Rojo\\\/Negro online o en el showroom en Salon For ALL Espa\u00f1a. El mayorista para salones, consultas y spas en Espa\u00f1a y Portugal.\",\"breadcrumb\":{\"@id\":\"https:\\\/\\\/salonforall.es\\\/maquina-de-tatuaje-el-cartel-vispa-rojo-negro\\\/#breadcrumb\"},\"inLanguage\":\"pt-PT\",\"potentialAction\":[{\"@type\":\"ReadAction\",\"target\":[\"https:\\\/\\\/salonforall.es\\\/maquina-de-tatuaje-el-cartel-vispa-rojo-negro\\\/\"]}]},{\"@type\":\"ImageObject\",\"inLanguage\":\"pt-PT\",\"@id\":\"https:\\\/\\\/salonforall.es\\\/maquina-de-tatuaje-el-cartel-vispa-rojo-negro\\\/#primaryimage\",\"url\":\"https:\\\/\\\/salonforall.es\\\/wp-content\\\/uploads\\\/2025\\\/12\\\/Maquina-De-Tatuaje-El-Cartel-Vispa-RojoNegro.jpg\",\"contentUrl\":\"https:\\\/\\\/salonforall.es\\\/wp-content\\\/uploads\\\/2025\\\/12\\\/Maquina-De-Tatuaje-El-Cartel-Vispa-RojoNegro.jpg\",\"width\":1200,\"height\":1200,\"caption\":\"M\u00e1quina De Tatuaje El Cartel Vispa Rojo\\\/Negro\"},{\"@type\":\"BreadcrumbList\",\"@id\":\"https:\\\/\\\/salonforall.es\\\/maquina-de-tatuaje-el-cartel-vispa-rojo-negro\\\/#breadcrumb\",\"itemListElement\":[{\"@type\":\"ListItem\",\"position\":1,\"name\":\"Home\",\"item\":\"https:\\\/\\\/salonforall.es\\\/\"},{\"@type\":\"ListItem\",\"position\":2,\"name\":\"Winkel\",\"item\":\"https:\\\/\\\/salonforall.es\\\/winkel\\\/\"},{\"@type\":\"ListItem\",\"position\":3,\"name\":\"M\u00e1quina De Tatuaje El Cartel Vispa Rojo\\\/Negro\"}]},{\"@type\":\"WebSite\",\"@id\":\"https:\\\/\\\/salonforall.es\\\/#website\",\"url\":\"https:\\\/\\\/salonforall.es\\\/\",\"name\":\"Salon For ALL Espa\u00f1a\",\"description\":\"Mayorista de mobiliario y suministros para consultorios y salones\",\"publisher\":{\"@id\":\"https:\\\/\\\/salonforall.es\\\/#organization\"},\"potentialAction\":[{\"@type\":\"SearchAction\",\"target\":{\"@type\":\"EntryPoint\",\"urlTemplate\":\"https:\\\/\\\/salonforall.es\\\/?s={search_term_string}\"},\"query-input\":{\"@type\":\"PropertyValueSpecification\",\"valueRequired\":true,\"valueName\":\"search_term_string\"}}],\"inLanguage\":\"pt-PT\"},{\"@type\":\"Organization\",\"@id\":\"https:\\\/\\\/salonforall.es\\\/#organization\",\"name\":\"Salon For All B.V. Espa\u00f1a\",\"alternateName\":\"Salon For All B.V. Espa\u00f1a - Mayorista de equipamiento para consultas, salones y suministros\",\"url\":\"https:\\\/\\\/salonforall.es\\\/\",\"logo\":{\"@type\":\"ImageObject\",\"inLanguage\":\"pt-PT\",\"@id\":\"https:\\\/\\\/salonforall.es\\\/#\\\/schema\\\/logo\\\/image\\\/\",\"url\":\"https:\\\/\\\/salonforall.es\\\/wp-content\\\/uploads\\\/2025\\\/11\\\/logo-salon-for-all-e1764543185849.png\",\"contentUrl\":\"https:\\\/\\\/salonforall.es\\\/wp-content\\\/uploads\\\/2025\\\/11\\\/logo-salon-for-all-e1764543185849.png\",\"width\":500,\"height\":150,\"caption\":\"Salon For All B.V. Espa\u00f1a\"},\"image\":{\"@id\":\"https:\\\/\\\/salonforall.es\\\/#\\\/schema\\\/logo\\\/image\\\/\"}}]}<\/script>\n<!-- \/ Yoast SEO plugin. -->","yoast_head_json":{"title":"M\u00e1quina De Tatuaje El Cartel Vispa Rojo\/Negro comprar","description":"Compra M\u00e1quina De Tatuaje El Cartel Vispa Rojo\/Negro online o en el showroom en Salon For ALL Espa\u00f1a. El mayorista para salones, consultas y spas en Espa\u00f1a y Portugal.","robots":{"index":"index","follow":"follow","max-snippet":"max-snippet:-1","max-image-preview":"max-image-preview:large","max-video-preview":"max-video-preview:-1"},"canonical":"https:\/\/salonforall.es\/pt\/maquina-de-tatuaje-el-cartel-vispa-rojo-negro\/","og_locale":"pt_PT","og_type":"article","og_title":"M\u00e1quina De Tatuaje El Cartel Vispa Rojo\/Negro","og_description":"Compra M\u00e1quina De Tatuaje El Cartel Vispa Rojo\/Negro online o en el showroom en Salon For ALL Espa\u00f1a. El mayorista para salones, consultas y spas en Espa\u00f1a y Portugal.","og_url":"https:\/\/salonforall.es\/pt\/maquina-de-tatuaje-el-cartel-vispa-rojo-negro\/","og_site_name":"Salon For ALL Espa\u00f1a","article_modified_time":"2026-03-24T16:32:51+00:00","og_image":[{"width":1200,"height":1200,"url":"https:\/\/salonforall.es\/wp-content\/uploads\/2025\/12\/Maquina-De-Tatuaje-El-Cartel-Vispa-RojoNegro.jpg","type":"image\/jpeg"}],"twitter_card":"summary_large_image","twitter_title":"M\u00e1quina De Tatuaje El Cartel Vispa Rojo\/Negro","twitter_misc":{"Tempo estimado de leitura":"10 minutos"},"schema":{"@context":"https:\/\/schema.org","@graph":[{"@type":"WebPage","@id":"https:\/\/salonforall.es\/maquina-de-tatuaje-el-cartel-vispa-rojo-negro\/","url":"https:\/\/salonforall.es\/maquina-de-tatuaje-el-cartel-vispa-rojo-negro\/","name":"M\u00e1quina De Tatuaje El Cartel Vispa Rojo\/Negro comprar","isPartOf":{"@id":"https:\/\/salonforall.es\/#website"},"primaryImageOfPage":{"@id":"https:\/\/salonforall.es\/maquina-de-tatuaje-el-cartel-vispa-rojo-negro\/#primaryimage"},"image":{"@id":"https:\/\/salonforall.es\/maquina-de-tatuaje-el-cartel-vispa-rojo-negro\/#primaryimage"},"thumbnailUrl":"https:\/\/salonforall.es\/wp-content\/uploads\/2025\/12\/Maquina-De-Tatuaje-El-Cartel-Vispa-RojoNegro.jpg","datePublished":"2025-12-02T13:52:51+00:00","dateModified":"2026-03-24T16:32:51+00:00","description":"Compra M\u00e1quina De Tatuaje El Cartel Vispa Rojo\/Negro online o en el showroom en Salon For ALL Espa\u00f1a. El mayorista para salones, consultas y spas en Espa\u00f1a y Portugal.","breadcrumb":{"@id":"https:\/\/salonforall.es\/maquina-de-tatuaje-el-cartel-vispa-rojo-negro\/#breadcrumb"},"inLanguage":"pt-PT","potentialAction":[{"@type":"ReadAction","target":["https:\/\/salonforall.es\/maquina-de-tatuaje-el-cartel-vispa-rojo-negro\/"]}]},{"@type":"ImageObject","inLanguage":"pt-PT","@id":"https:\/\/salonforall.es\/maquina-de-tatuaje-el-cartel-vispa-rojo-negro\/#primaryimage","url":"https:\/\/salonforall.es\/wp-content\/uploads\/2025\/12\/Maquina-De-Tatuaje-El-Cartel-Vispa-RojoNegro.jpg","contentUrl":"https:\/\/salonforall.es\/wp-content\/uploads\/2025\/12\/Maquina-De-Tatuaje-El-Cartel-Vispa-RojoNegro.jpg","width":1200,"height":1200,"caption":"M\u00e1quina De Tatuaje El Cartel Vispa Rojo\/Negro"},{"@type":"BreadcrumbList","@id":"https:\/\/salonforall.es\/maquina-de-tatuaje-el-cartel-vispa-rojo-negro\/#breadcrumb","itemListElement":[{"@type":"ListItem","position":1,"name":"Home","item":"https:\/\/salonforall.es\/"},{"@type":"ListItem","position":2,"name":"Winkel","item":"https:\/\/salonforall.es\/winkel\/"},{"@type":"ListItem","position":3,"name":"M\u00e1quina De Tatuaje El Cartel Vispa Rojo\/Negro"}]},{"@type":"WebSite","@id":"https:\/\/salonforall.es\/#website","url":"https:\/\/salonforall.es\/","name":"Sal\u00e3o de beleza para toda a Espanha","description":"Grossista de mobili\u00e1rio e material para sal\u00f5es de beleza e consult\u00f3rios","publisher":{"@id":"https:\/\/salonforall.es\/#organization"},"potentialAction":[{"@type":"SearchAction","target":{"@type":"EntryPoint","urlTemplate":"https:\/\/salonforall.es\/?s={search_term_string}"},"query-input":{"@type":"PropertyValueSpecification","valueRequired":true,"valueName":"search_term_string"}}],"inLanguage":"pt-PT"},{"@type":"Organization","@id":"https:\/\/salonforall.es\/#organization","name":"Salon For All B.V. Espanha","alternateName":"Salon For All B.V. Espa\u00f1a - Mayorista de equipamiento para consultas, salones y suministros","url":"https:\/\/salonforall.es\/","logo":{"@type":"ImageObject","inLanguage":"pt-PT","@id":"https:\/\/salonforall.es\/#\/schema\/logo\/image\/","url":"https:\/\/salonforall.es\/wp-content\/uploads\/2025\/11\/logo-salon-for-all-e1764543185849.png","contentUrl":"https:\/\/salonforall.es\/wp-content\/uploads\/2025\/11\/logo-salon-for-all-e1764543185849.png","width":500,"height":150,"caption":"Salon For All B.V. Espa\u00f1a"},"image":{"@id":"https:\/\/salonforall.es\/#\/schema\/logo\/image\/"}}]}},"_links":{"self":[{"href":"https:\/\/salonforall.es\/pt\/wp-json\/wp\/v2\/product\/17490","targetHints":{"allow":["GET"]}}],"collection":[{"href":"https:\/\/salonforall.es\/pt\/wp-json\/wp\/v2\/product"}],"about":[{"href":"https:\/\/salonforall.es\/pt\/wp-json\/wp\/v2\/types\/product"}],"replies":[{"embeddable":true,"href":"https:\/\/salonforall.es\/pt\/wp-json\/wp\/v2\/comments?post=17490"}],"wp:featuredmedia":[{"embeddable":true,"href":"https:\/\/salonforall.es\/pt\/wp-json\/wp\/v2\/media\/17491"}],"wp:attachment":[{"href":"https:\/\/salonforall.es\/pt\/wp-json\/wp\/v2\/media?parent=17490"}],"wp:term":[{"taxonomy":"product_brand","embeddable":true,"href":"https:\/\/salonforall.es\/pt\/wp-json\/wp\/v2\/product_brand?post=17490"},{"taxonomy":"product_cat","embeddable":true,"href":"https:\/\/salonforall.es\/pt\/wp-json\/wp\/v2\/product_cat?post=17490"},{"taxonomy":"product_tag","embeddable":true,"href":"https:\/\/salonforall.es\/pt\/wp-json\/wp\/v2\/product_tag?post=17490"}],"curies":[{"name":"wp","href":"https:\/\/api.w.org\/{rel}","templated":true}]}}