{"id":17065,"date":"2025-12-02T14:46:29","date_gmt":"2025-12-02T13:46:29","guid":{"rendered":"https:\/\/salonforall.es\/product\/guantes-de-nitrilo-desechables-para-diagnostico-all4med-negros-l-10x100-piezas\/"},"modified":"2026-03-24T17:31:33","modified_gmt":"2026-03-24T16:31:33","slug":"luvas-descartaveis-de-nitrilo-para-diagnostico-all4med-preto-l-10x100-unidades","status":"publish","type":"product","link":"https:\/\/salonforall.es\/pt\/guantes-de-nitrilo-desechables-para-diagnostico-all4med-negros-l-10x100-piezas\/","title":{"rendered":"All4Med Luvas de diagn\u00f3stico descart\u00e1veis de nitrilo Preto L 10X100 unidades"},"content":{"rendered":"<h2>Informa\u00e7\u00f5es sobre All4Med Luvas descart\u00e1veis de nitrilo para diagn\u00f3stico Preto L 10X100 pe\u00e7as com o n\u00famero de item 122932<\/h2>\n<div>As luvas de nitrilo all4med s\u00e3o um produto da mais alta qualidade. Gra\u00e7as \u00e0 sua elevada gramagem, s\u00e3o muito dur\u00e1veis e resistentes a fissuras. S\u00e3o aprovadas para a ind\u00fastria alimentar e para o contacto com alimentos. As luvas de nitrilo all4med s\u00e3o resistentes \u00e0 gordura, ao \u00f3leo e \u00e0 gordura. Tamb\u00e9m apresentam resist\u00eancia qu\u00edmica a produtos qu\u00edmicos sens\u00edveis. <\/div>\n<div> <\/div>\n<div> informa\u00e7\u00f5es gerais <\/div>\n<div> - peso 4,3 +\/- 0,2 forte <br \/> - tipo - diagn\u00f3stico, n\u00e3o est\u00e9ril <br \/> - material - nitrilo <br \/> - superf\u00edcie - lisa, textura de ponta de dedo <br \/> - forma - universal, punho enrolado <br \/> - agente de pulveriza\u00e7\u00e3o - nenhum <br \/> - n\u00edvel aql - 1,5 <\/div>\n<div> <\/div>\n<div> propriedades <br \/> - macio, flex\u00edvel, resistente ao estiramento <br \/> - O acabamento dos bordos facilita a sua remo\u00e7\u00e3o, n\u00e3o se enrola <br \/> - protege contra subst\u00e2ncias indesejadas ou perigosas <br \/> - proporciona o m\u00e1ximo conforto e um ajuste natural na m\u00e3o do utilizador <\/div>\n<div> regras <br \/> - diretiva 93\/42 \/ ce com a reda\u00e7\u00e3o que lhe foi dada pela diretiva 2007\/47 \/ ce <br \/> - Declara\u00e7\u00e3o CE de conformidade <br \/> - iso 9001: 2008 <br \/> - iso 13485: 2003 <br \/> - ISO 13485: cmdcas <br \/> - <\/div>\n<div> Informa\u00e7\u00f5es adicionais <br \/> - Produto descart\u00e1vel <br \/> - Embalagem - 10\u00d7100 unidades, <br \/> - Prazo de validade - 5 anos <\/div>\n<p>Os produtos da Activeshop s\u00e3o proporcionalmente mais baratos do que os de muitas outras marcas\/fornecedores. O pre\u00e7o est\u00e1 em rela\u00e7\u00e3o com a qualidade. All4Med Diagnostic Disposable Nitrile Gloves Black L 10X100 Pieces \u00e9, portanto, uma solu\u00e7\u00e3o econ\u00f3mica para o seu sal\u00e3o.<\/p>\n<h2>Como \u00e9 que as Luvas de Nitrilo Descart\u00e1veis para Diagn\u00f3stico All4Med Preto L 10X100 unidades s\u00e3o entregues?<\/h2>\n<p>All4Med Disposable Nitrile Diagnostic Gloves Black L 10X100 Pieces \u00e9 entregue na(s) embalagem(ns) original(ais). Em Espanha, o envio de All4Med Disposable Nitrile Diagnostic Gloves Black L 10X100 Pieces \u00e9 totalmente gratuito para encomendas superiores a 100,- Euro. Para envios para outros pa\u00edses, aplicam-se taxas de envio separadas. Pode verificar estas taxas connosco ou v\u00ea-las no carrinho de compras. All4Med Diagnostic Disposable Nitrile Gloves Black L 10X100 Pieces \u00e9 enviado atrav\u00e9s de um servi\u00e7o de correio externo.<\/p>\n<p>As encomendas ou paletes s\u00e3o entregues, por norma, at\u00e9 \u00e0 soleira da porta da frente, mesmo que se encontre num edif\u00edcio coletivo, num edif\u00edcio de apartamentos ou num complexo de apartamentos com elevador (desde que o artigo caiba no elevador). N\u00e3o h\u00e1 elevador dispon\u00edvel ou o artigo n\u00e3o cabe no elevador? Ent\u00e3o entregamos at\u00e9 \u00e0 soleira do r\u00e9s do ch\u00e3o.<\/p>\n<p>Se ainda tem d\u00favidas sobre a entrega ou uma situa\u00e7\u00e3o especial, contacte-nos e teremos todo o gosto em ajud\u00e1-lo!<\/p>\n<p>*Os artigos n\u00e3o s\u00e3o desempacotados ou montados como padr\u00e3o. Em situa\u00e7\u00f5es especiais, pode contactar-nos para combinarmos as condi\u00e7\u00f5es.<\/p>\n<h2>Compras online seguras na Salon For All com o selo de qualidade Webwinkelkeur e encripta\u00e7\u00e3o SSL.<\/h2>\n<p>\u00c9 importante para n\u00f3s que os nossos clientes possam fazer compras com seguran\u00e7a na nossa loja online. Estamos afiliados ao selo de qualidade nacional Webwinkelkeur desde 2019. A nossa identidade foi verificada e verificada por eles, e a loja online foi verificada e legalmente aprovada. Al\u00e9m disso, a nossa loja online \u00e9 afiliada a eles para media\u00e7\u00e3o de conflitos. Pode ver o log\u00f3tipo com todas as informa\u00e7\u00f5es deste selo de qualidade da loja online no lado esquerdo ou direito da loja online (bot\u00e3o rosa com branco). Al\u00e9m disso, o nosso s\u00edtio est\u00e1 protegido com um certificado SSL para que possa navegar em seguran\u00e7a connosco. Na barra do seu navegador de Internet, onde aparece o nosso s\u00edtio Web, ver\u00e1 um \u00edcone de cadeado. Se clicar no cadeado, obter\u00e1 todas as informa\u00e7\u00f5es sobre a nossa seguran\u00e7a. Desta forma, sabe que a sua encomenda de All4Med Diagnostic Disposable Nitrile Gloves Black L 10X100 Pieces e os seus dados pessoais s\u00e3o processados de forma segura.<\/p>\n<h2>Como posso pagar as Luvas de Nitrilo Descart\u00e1veis para Diagn\u00f3stico All4Med Preto L 10X100 unidades?<\/h2>\n<p>Queremos tornar as coisas o mais f\u00e1ceis poss\u00edvel para si. \u00c9 por isso que na Salon For All pode pagar com todos os m\u00e9todos de pagamento populares. Pagar antecipadamente, na entrega ou depois - tudo \u00e9 poss\u00edvel. Veja aqui todos os m\u00e9todos de pagamento que oferecemos:<\/p>\n<ul>\n<li>iDEAL<\/li>\n<li>Cart\u00e3o de cr\u00e9dito (Visa, Mastercard, American Express)<\/li>\n<li>Klarna - Pagamento na entrega com fatura<\/li>\n<li>PayPal<\/li>\n<li>Apple Pay<\/li>\n<li>Google Pay<\/li>\n<li>Bizum (para clientes espanh\u00f3is)<\/li>\n<li>Transfer\u00eancia banc\u00e1ria SEPA<\/li>\n<li>Contacto com o banco<\/li>\n<li>Fatura comercial para empresas<\/li>\n<li>Pagamento na sala de exposi\u00e7\u00f5es - Cart\u00e3o e dinheiro (apenas dispon\u00edvel \u00e0 cobran\u00e7a)<\/li>\n<\/ul>\n<h2>Veja tamb\u00e9m as opini\u00f5es de Salon For All<\/h2>\n<p>Consulte tamb\u00e9m as nossas opini\u00f5es para ter em conta as experi\u00eancias dos nossos actuais clientes na sua decis\u00e3o de encomendar All4Med Diagnostic Disposable Nitrile Gloves Black L 10X100 Pieces connosco. Atrav\u00e9s do nosso selo de qualidade independente da loja online Webwinkelkeur, s\u00e3o recolhidas automaticamente as opini\u00f5es verificadas dos clientes que efectuaram uma encomenda connosco. Pode encontr\u00e1-las atr\u00e1s do bot\u00e3o rosa na nossa loja online ou est\u00e3o listadas por baixo dos produtos.<\/p>\n<p>Por favor, compartilhe sua experi\u00eancia ap\u00f3s fazer compras com seu pedido All4Med Diagnostic Disposable Nitrile Gloves Black L 10X100 Pieces e sua experi\u00eancia com o processo de compra ou entrar em contato com Salon For All para inspirar outras pessoas!<\/p>\n<h2>Contactar o Salon For All<\/h2>\n<p>Ent\u00e3o contacte-nos. Teremos todo o gosto em ajud\u00e1-lo na compra de All4Med Diagnostic Disposable Nitrile Gloves Black L 10X100 Pieces. Nos dias \u00fateis, estamos dispon\u00edveis entre as 8h30 e as 17h00, atrav\u00e9s do n\u00famero de telefone e do endere\u00e7o de correio eletr\u00f3nico indicados no topo da loja online ou atrav\u00e9s da fun\u00e7\u00e3o de chat. Os pedidos de informa\u00e7\u00e3o fora do hor\u00e1rio de expediente s\u00e3o normalmente respondidos no prazo de 24 horas. Tamb\u00e9m \u00e9 poss\u00edvel visitar-nos fora dos dias \u00fateis ou do hor\u00e1rio de expediente. No entanto, \u00e9 necess\u00e1rio efetuar uma marca\u00e7\u00e3o pr\u00e9via.<\/p>\n<h2>Gostaria de visitar a nossa sala de exposi\u00e7\u00f5es?<\/h2>\n<p>Quer ver as Luvas descart\u00e1veis de nitrilo para diagn\u00f3stico All4Med Preto L 10X100 unidades ou consultar a nossa oferta de loja (online) juntamente com o seu colega? Ent\u00e3o visite o nosso showroom com mais de 1000m\u00b2 de equipamento para sal\u00f5es de beleza e deixe-se inspirar pelos nossos colaboradores. Al\u00e9m disso, se gosta de nos conhecer agradavelmente durante uma ch\u00e1vena de caf\u00e9 ou ch\u00e1, \u00e9 muito bem-vindo. N\u00e3o temos todos os produtos em stock, por isso, por favor, avise-nos com anteced\u00eancia que gostaria de vir. Marque sempre uma visita com anteced\u00eancia.<\/p>\n<h2>14 dias de reflex\u00e3o e a nossa pol\u00edtica de devolu\u00e7\u00e3o<\/h2>\n<p>\u00c9 claro que pode acontecer que as Luvas de Nitrilo Descart\u00e1veis para Diagn\u00f3stico All4Med Preto L 10X100 Pe\u00e7as entregues n\u00e3o sejam totalmente do seu agrado e queira devolv\u00ea-las. Isso n\u00e3o \u00e9 problema para a Salon For All. Deve notificar a sua devolu\u00e7\u00e3o no prazo de 14 dias \u00fateis atrav\u00e9s de info@salonforall.es. Receber\u00e1 ent\u00e3o primeiro todas as instru\u00e7\u00f5es e condi\u00e7\u00f5es de devolu\u00e7\u00e3o. Por favor, note que as Luvas de Nitrilo Descart\u00e1veis para Diagn\u00f3stico All4Med Preto L 10X100 Pe\u00e7as n\u00e3o devem ser usadas, devem conter todas as pe\u00e7as fornecidas e devem ser devolvidas na embalagem original. Os custos de envio para uma devolu\u00e7\u00e3o s\u00e3o sempre por conta do comprador em compras atrav\u00e9s de www.salonforall.es. Deve organizar o transporte com uma transportadora da sua escolha para uma devolu\u00e7\u00e3o. Uma vez devolvidas, as luvas de nitrilo descart\u00e1veis All4Med Diagnostic Black L 10X100 Pieces ser\u00e3o verificadas quanto \u00e0 sua integridade e eventuais danos. Uma vez aprovada a devolu\u00e7\u00e3o, o montante da compra ser\u00e1 reembolsado no prazo de 5 dias \u00fateis para a conta banc\u00e1ria que temos registada.<\/p>\n<h2>Quem \u00e9 o Salon For All?<\/h2>\n<p>A Salon For All \u00e9 o grossista de todo o equipamento para sal\u00f5es de beleza na Europa. A Salon For All come\u00e7ou em 2003 com o nome Salonvoordeel e cresceu a partir da pr\u00e1tica. Os propriet\u00e1rios da Salon For All eram cabeleireiros experientes e especialistas em beleza e t\u00eam, em conjunto, mais de 30 anos de experi\u00eancia pr\u00e1tica. Em 2003, lan\u00e7\u00e1mos o Salonvoordeel.nl (Pa\u00edses Baixos) e, posteriormente, o Salon For All foi fundado para o mercado europeu. Alguns dos nossos funcion\u00e1rios come\u00e7aram o seu pr\u00f3prio neg\u00f3cio e assim nasceu a ideia de lan\u00e7ar uma loja online funcional para cabeleireiros e para os ajudar com o seu equipamento de sal\u00e3o.<\/p>\n<p>O nosso showroom est\u00e1 situado em Dinxperlo, diretamente na fronteira entre os Pa\u00edses Baixos e a Alemanha. Com os nossos muitos anos de experi\u00eancia no sector, podemos espelhar-nos e aconselh\u00e1-lo - falamos a mesma l\u00edngua! Aconselhamo-lo, inspiramo-lo, motivamo-lo e apoiamo-lo na aquisi\u00e7\u00e3o de All4Med Diagnostic Disposable Nitrile Gloves Black L 10X100 Pieces. Os nossos fornecedores est\u00e3o localizados em toda a Europa, desde a Alemanha, Inglaterra, It\u00e1lia at\u00e9 \u00e0 Pol\u00f3nia.<\/p>","protected":false},"excerpt":{"rendered":"<p>O produto All4Med Luvas de Nitrilo Descart\u00e1veis para Diagn\u00f3stico Preto L 10X100 Pe\u00e7as \u00e9 uma solu\u00e7\u00e3o de alta qualidade para qualquer sal\u00e3o de beleza. O prazo de entrega estimado \u00e9 de aproximadamente 6 dias \u00fateis.<\/p>","protected":false},"featured_media":17066,"comment_status":"open","ping_status":"open","template":"","meta":[],"product_brand":[925],"product_cat":[76,459],"product_tag":[79,460],"class_list":{"0":"post-17065","1":"product","2":"type-product","3":"status-publish","4":"has-post-thumbnail","6":"product_brand-all4med","7":"product_cat-cosmetica-profesional","8":"product_cat-productos-desechables","9":"product_tag-cosmetica-profesional","10":"product_tag-productos-desechables","11":"pa_codigo-ean-7759","12":"pa_garantia-12-meses","13":"pa_marca-all4med","14":"pa_numero-de-articulo-6356","15":"pa_tiempo-estimado-de-entrega-4-5-dias-laborables","17":"first","18":"instock","19":"sale","20":"taxable","21":"shipping-taxable","22":"purchasable","23":"product-type-simple"},"yoast_head":"<!-- This site is optimized with the Yoast SEO plugin v27.6 - https:\/\/yoast.com\/product\/yoast-seo-wordpress\/ -->\n<title>Guantes De Nitrilo Desechables Para Diagn\u00f3stico All4Med Negros L 10X100 Piezas comprar<\/title>\n<meta name=\"description\" content=\"Compra Guantes De Nitrilo Desechables Para Diagn\u00f3stico All4Med Negros L 10X100 Piezas online o en el showroom en Salon For ALL Espa\u00f1a. El mayorista para salones, consultas y spas en Espa\u00f1a y Portugal.\" \/>\n<meta name=\"robots\" content=\"index, follow, max-snippet:-1, max-image-preview:large, max-video-preview:-1\" \/>\n<link rel=\"canonical\" href=\"https:\/\/salonforall.es\/pt\/luvas-descartaveis-de-nitrilo-para-diagnostico-all4med-preto-l-10x100-unidades\/\" \/>\n<meta property=\"og:locale\" content=\"pt_PT\" \/>\n<meta property=\"og:type\" content=\"article\" \/>\n<meta property=\"og:title\" content=\"Guantes De Nitrilo Desechables Para Diagn\u00f3stico All4Med Negros L 10X100 Piezas\" \/>\n<meta property=\"og:description\" content=\"Compra Guantes De Nitrilo Desechables Para Diagn\u00f3stico All4Med Negros L 10X100 Piezas online o en el showroom en Salon For ALL Espa\u00f1a. El mayorista para salones, consultas y spas en Espa\u00f1a y Portugal.\" \/>\n<meta property=\"og:url\" content=\"https:\/\/salonforall.es\/pt\/luvas-descartaveis-de-nitrilo-para-diagnostico-all4med-preto-l-10x100-unidades\/\" \/>\n<meta property=\"og:site_name\" content=\"Salon For ALL Espa\u00f1a\" \/>\n<meta property=\"article:modified_time\" content=\"2026-03-24T16:31:33+00:00\" \/>\n<meta property=\"og:image\" content=\"https:\/\/salonforall.es\/wp-content\/uploads\/2025\/12\/Guantes-De-Nitrilo-Desechables-Para-Diagnostico-All4Med-Negros-L-10X100-Piezas.jpg\" \/>\n\t<meta property=\"og:image:width\" content=\"1200\" \/>\n\t<meta property=\"og:image:height\" content=\"1200\" \/>\n\t<meta property=\"og:image:type\" content=\"image\/jpeg\" \/>\n<meta name=\"twitter:card\" content=\"summary_large_image\" \/>\n<meta name=\"twitter:title\" content=\"Guantes De Nitrilo Desechables Para Diagn\u00f3stico All4Med Negros L 10X100 Piezas\" \/>\n<meta name=\"twitter:label1\" content=\"Tempo estimado de leitura\" \/>\n\t<meta name=\"twitter:data1\" content=\"8 minutos\" \/>\n<script type=\"application\/ld+json\" class=\"yoast-schema-graph\">{\"@context\":\"https:\\\/\\\/schema.org\",\"@graph\":[{\"@type\":\"WebPage\",\"@id\":\"https:\\\/\\\/salonforall.es\\\/guantes-de-nitrilo-desechables-para-diagnostico-all4med-negros-l-10x100-piezas\\\/\",\"url\":\"https:\\\/\\\/salonforall.es\\\/guantes-de-nitrilo-desechables-para-diagnostico-all4med-negros-l-10x100-piezas\\\/\",\"name\":\"Guantes De Nitrilo Desechables Para Diagn\u00f3stico All4Med Negros L 10X100 Piezas comprar\",\"isPartOf\":{\"@id\":\"https:\\\/\\\/salonforall.es\\\/#website\"},\"primaryImageOfPage\":{\"@id\":\"https:\\\/\\\/salonforall.es\\\/guantes-de-nitrilo-desechables-para-diagnostico-all4med-negros-l-10x100-piezas\\\/#primaryimage\"},\"image\":{\"@id\":\"https:\\\/\\\/salonforall.es\\\/guantes-de-nitrilo-desechables-para-diagnostico-all4med-negros-l-10x100-piezas\\\/#primaryimage\"},\"thumbnailUrl\":\"https:\\\/\\\/salonforall.es\\\/wp-content\\\/uploads\\\/2025\\\/12\\\/Guantes-De-Nitrilo-Desechables-Para-Diagnostico-All4Med-Negros-L-10X100-Piezas.jpg\",\"datePublished\":\"2025-12-02T13:46:29+00:00\",\"dateModified\":\"2026-03-24T16:31:33+00:00\",\"description\":\"Compra Guantes De Nitrilo Desechables Para Diagn\u00f3stico All4Med Negros L 10X100 Piezas online o en el showroom en Salon For ALL Espa\u00f1a. El mayorista para salones, consultas y spas en Espa\u00f1a y Portugal.\",\"breadcrumb\":{\"@id\":\"https:\\\/\\\/salonforall.es\\\/guantes-de-nitrilo-desechables-para-diagnostico-all4med-negros-l-10x100-piezas\\\/#breadcrumb\"},\"inLanguage\":\"pt-PT\",\"potentialAction\":[{\"@type\":\"ReadAction\",\"target\":[\"https:\\\/\\\/salonforall.es\\\/guantes-de-nitrilo-desechables-para-diagnostico-all4med-negros-l-10x100-piezas\\\/\"]}]},{\"@type\":\"ImageObject\",\"inLanguage\":\"pt-PT\",\"@id\":\"https:\\\/\\\/salonforall.es\\\/guantes-de-nitrilo-desechables-para-diagnostico-all4med-negros-l-10x100-piezas\\\/#primaryimage\",\"url\":\"https:\\\/\\\/salonforall.es\\\/wp-content\\\/uploads\\\/2025\\\/12\\\/Guantes-De-Nitrilo-Desechables-Para-Diagnostico-All4Med-Negros-L-10X100-Piezas.jpg\",\"contentUrl\":\"https:\\\/\\\/salonforall.es\\\/wp-content\\\/uploads\\\/2025\\\/12\\\/Guantes-De-Nitrilo-Desechables-Para-Diagnostico-All4Med-Negros-L-10X100-Piezas.jpg\",\"width\":1200,\"height\":1200,\"caption\":\"Guantes De Nitrilo Desechables Para Diagn\u00f3stico All4Med Negros L 10X100 Piezas\"},{\"@type\":\"BreadcrumbList\",\"@id\":\"https:\\\/\\\/salonforall.es\\\/guantes-de-nitrilo-desechables-para-diagnostico-all4med-negros-l-10x100-piezas\\\/#breadcrumb\",\"itemListElement\":[{\"@type\":\"ListItem\",\"position\":1,\"name\":\"Home\",\"item\":\"https:\\\/\\\/salonforall.es\\\/\"},{\"@type\":\"ListItem\",\"position\":2,\"name\":\"Winkel\",\"item\":\"https:\\\/\\\/salonforall.es\\\/winkel\\\/\"},{\"@type\":\"ListItem\",\"position\":3,\"name\":\"Guantes De Nitrilo Desechables Para Diagn\u00f3stico All4Med Negros L 10X100 Piezas\"}]},{\"@type\":\"WebSite\",\"@id\":\"https:\\\/\\\/salonforall.es\\\/#website\",\"url\":\"https:\\\/\\\/salonforall.es\\\/\",\"name\":\"Salon For ALL Espa\u00f1a\",\"description\":\"Mayorista de mobiliario y suministros para consultorios y salones\",\"publisher\":{\"@id\":\"https:\\\/\\\/salonforall.es\\\/#organization\"},\"potentialAction\":[{\"@type\":\"SearchAction\",\"target\":{\"@type\":\"EntryPoint\",\"urlTemplate\":\"https:\\\/\\\/salonforall.es\\\/?s={search_term_string}\"},\"query-input\":{\"@type\":\"PropertyValueSpecification\",\"valueRequired\":true,\"valueName\":\"search_term_string\"}}],\"inLanguage\":\"pt-PT\"},{\"@type\":\"Organization\",\"@id\":\"https:\\\/\\\/salonforall.es\\\/#organization\",\"name\":\"Salon For All B.V. Espa\u00f1a\",\"alternateName\":\"Salon For All B.V. Espa\u00f1a - Mayorista de equipamiento para consultas, salones y suministros\",\"url\":\"https:\\\/\\\/salonforall.es\\\/\",\"logo\":{\"@type\":\"ImageObject\",\"inLanguage\":\"pt-PT\",\"@id\":\"https:\\\/\\\/salonforall.es\\\/#\\\/schema\\\/logo\\\/image\\\/\",\"url\":\"https:\\\/\\\/salonforall.es\\\/wp-content\\\/uploads\\\/2025\\\/11\\\/logo-salon-for-all-e1764543185849.png\",\"contentUrl\":\"https:\\\/\\\/salonforall.es\\\/wp-content\\\/uploads\\\/2025\\\/11\\\/logo-salon-for-all-e1764543185849.png\",\"width\":500,\"height\":150,\"caption\":\"Salon For All B.V. Espa\u00f1a\"},\"image\":{\"@id\":\"https:\\\/\\\/salonforall.es\\\/#\\\/schema\\\/logo\\\/image\\\/\"}}]}<\/script>\n<!-- \/ Yoast SEO plugin. -->","yoast_head_json":{"title":"All4Med Luvas descart\u00e1veis de nitrilo para diagn\u00f3stico Preto L 10X100 unidades comprar","description":"Compre All4Med Luvas Nitr\u00edlicas Descart\u00e1veis para Diagn\u00f3stico Preto L 10X100 Pe\u00e7as online ou no showroom da Salon For ALL Spain. O grossista para sal\u00f5es, consult\u00f3rios e spas em Espanha e Portugal.","robots":{"index":"index","follow":"follow","max-snippet":"max-snippet:-1","max-image-preview":"max-image-preview:large","max-video-preview":"max-video-preview:-1"},"canonical":"https:\/\/salonforall.es\/pt\/luvas-descartaveis-de-nitrilo-para-diagnostico-all4med-preto-l-10x100-unidades\/","og_locale":"pt_PT","og_type":"article","og_title":"Guantes De Nitrilo Desechables Para Diagn\u00f3stico All4Med Negros L 10X100 Piezas","og_description":"Compra Guantes De Nitrilo Desechables Para Diagn\u00f3stico All4Med Negros L 10X100 Piezas online o en el showroom en Salon For ALL Espa\u00f1a. El mayorista para salones, consultas y spas en Espa\u00f1a y Portugal.","og_url":"https:\/\/salonforall.es\/pt\/luvas-descartaveis-de-nitrilo-para-diagnostico-all4med-preto-l-10x100-unidades\/","og_site_name":"Salon For ALL Espa\u00f1a","article_modified_time":"2026-03-24T16:31:33+00:00","og_image":[{"width":1200,"height":1200,"url":"https:\/\/salonforall.es\/wp-content\/uploads\/2025\/12\/Guantes-De-Nitrilo-Desechables-Para-Diagnostico-All4Med-Negros-L-10X100-Piezas.jpg","type":"image\/jpeg"}],"twitter_card":"summary_large_image","twitter_title":"Guantes De Nitrilo Desechables Para Diagn\u00f3stico All4Med Negros L 10X100 Piezas","twitter_misc":{"Tempo estimado de leitura":"8 minutos"},"schema":{"@context":"https:\/\/schema.org","@graph":[{"@type":"WebPage","@id":"https:\/\/salonforall.es\/guantes-de-nitrilo-desechables-para-diagnostico-all4med-negros-l-10x100-piezas\/","url":"https:\/\/salonforall.es\/guantes-de-nitrilo-desechables-para-diagnostico-all4med-negros-l-10x100-piezas\/","name":"All4Med Luvas descart\u00e1veis de nitrilo para diagn\u00f3stico Preto L 10X100 unidades comprar","isPartOf":{"@id":"https:\/\/salonforall.es\/#website"},"primaryImageOfPage":{"@id":"https:\/\/salonforall.es\/guantes-de-nitrilo-desechables-para-diagnostico-all4med-negros-l-10x100-piezas\/#primaryimage"},"image":{"@id":"https:\/\/salonforall.es\/guantes-de-nitrilo-desechables-para-diagnostico-all4med-negros-l-10x100-piezas\/#primaryimage"},"thumbnailUrl":"https:\/\/salonforall.es\/wp-content\/uploads\/2025\/12\/Guantes-De-Nitrilo-Desechables-Para-Diagnostico-All4Med-Negros-L-10X100-Piezas.jpg","datePublished":"2025-12-02T13:46:29+00:00","dateModified":"2026-03-24T16:31:33+00:00","description":"Compre All4Med Luvas Nitr\u00edlicas Descart\u00e1veis para Diagn\u00f3stico Preto L 10X100 Pe\u00e7as online ou no showroom da Salon For ALL Spain. O grossista para sal\u00f5es, consult\u00f3rios e spas em Espanha e Portugal.","breadcrumb":{"@id":"https:\/\/salonforall.es\/guantes-de-nitrilo-desechables-para-diagnostico-all4med-negros-l-10x100-piezas\/#breadcrumb"},"inLanguage":"pt-PT","potentialAction":[{"@type":"ReadAction","target":["https:\/\/salonforall.es\/guantes-de-nitrilo-desechables-para-diagnostico-all4med-negros-l-10x100-piezas\/"]}]},{"@type":"ImageObject","inLanguage":"pt-PT","@id":"https:\/\/salonforall.es\/guantes-de-nitrilo-desechables-para-diagnostico-all4med-negros-l-10x100-piezas\/#primaryimage","url":"https:\/\/salonforall.es\/wp-content\/uploads\/2025\/12\/Guantes-De-Nitrilo-Desechables-Para-Diagnostico-All4Med-Negros-L-10X100-Piezas.jpg","contentUrl":"https:\/\/salonforall.es\/wp-content\/uploads\/2025\/12\/Guantes-De-Nitrilo-Desechables-Para-Diagnostico-All4Med-Negros-L-10X100-Piezas.jpg","width":1200,"height":1200,"caption":"Guantes De Nitrilo Desechables Para Diagn\u00f3stico All4Med Negros L 10X100 Piezas"},{"@type":"BreadcrumbList","@id":"https:\/\/salonforall.es\/guantes-de-nitrilo-desechables-para-diagnostico-all4med-negros-l-10x100-piezas\/#breadcrumb","itemListElement":[{"@type":"ListItem","position":1,"name":"Home","item":"https:\/\/salonforall.es\/"},{"@type":"ListItem","position":2,"name":"Winkel","item":"https:\/\/salonforall.es\/winkel\/"},{"@type":"ListItem","position":3,"name":"Guantes De Nitrilo Desechables Para Diagn\u00f3stico All4Med Negros L 10X100 Piezas"}]},{"@type":"WebSite","@id":"https:\/\/salonforall.es\/#website","url":"https:\/\/salonforall.es\/","name":"Sal\u00e3o de beleza para toda a Espanha","description":"Grossista de mobili\u00e1rio e material para sal\u00f5es de beleza e consult\u00f3rios","publisher":{"@id":"https:\/\/salonforall.es\/#organization"},"potentialAction":[{"@type":"SearchAction","target":{"@type":"EntryPoint","urlTemplate":"https:\/\/salonforall.es\/?s={search_term_string}"},"query-input":{"@type":"PropertyValueSpecification","valueRequired":true,"valueName":"search_term_string"}}],"inLanguage":"pt-PT"},{"@type":"Organization","@id":"https:\/\/salonforall.es\/#organization","name":"Salon For All B.V. Espanha","alternateName":"Salon For All B.V. Espa\u00f1a - Mayorista de equipamiento para consultas, salones y suministros","url":"https:\/\/salonforall.es\/","logo":{"@type":"ImageObject","inLanguage":"pt-PT","@id":"https:\/\/salonforall.es\/#\/schema\/logo\/image\/","url":"https:\/\/salonforall.es\/wp-content\/uploads\/2025\/11\/logo-salon-for-all-e1764543185849.png","contentUrl":"https:\/\/salonforall.es\/wp-content\/uploads\/2025\/11\/logo-salon-for-all-e1764543185849.png","width":500,"height":150,"caption":"Salon For All B.V. Espa\u00f1a"},"image":{"@id":"https:\/\/salonforall.es\/#\/schema\/logo\/image\/"}}]}},"_links":{"self":[{"href":"https:\/\/salonforall.es\/pt\/wp-json\/wp\/v2\/product\/17065","targetHints":{"allow":["GET"]}}],"collection":[{"href":"https:\/\/salonforall.es\/pt\/wp-json\/wp\/v2\/product"}],"about":[{"href":"https:\/\/salonforall.es\/pt\/wp-json\/wp\/v2\/types\/product"}],"replies":[{"embeddable":true,"href":"https:\/\/salonforall.es\/pt\/wp-json\/wp\/v2\/comments?post=17065"}],"wp:featuredmedia":[{"embeddable":true,"href":"https:\/\/salonforall.es\/pt\/wp-json\/wp\/v2\/media\/17066"}],"wp:attachment":[{"href":"https:\/\/salonforall.es\/pt\/wp-json\/wp\/v2\/media?parent=17065"}],"wp:term":[{"taxonomy":"product_brand","embeddable":true,"href":"https:\/\/salonforall.es\/pt\/wp-json\/wp\/v2\/product_brand?post=17065"},{"taxonomy":"product_cat","embeddable":true,"href":"https:\/\/salonforall.es\/pt\/wp-json\/wp\/v2\/product_cat?post=17065"},{"taxonomy":"product_tag","embeddable":true,"href":"https:\/\/salonforall.es\/pt\/wp-json\/wp\/v2\/product_tag?post=17065"}],"curies":[{"name":"wp","href":"https:\/\/api.w.org\/{rel}","templated":true}]}}