{"id":16748,"date":"2025-12-02T14:42:47","date_gmt":"2025-12-02T13:42:47","guid":{"rendered":"https:\/\/salonforall.es\/product\/lampara-de-tratamiento-de-sobremesa-glow-l03-blanca\/"},"modified":"2026-03-24T17:30:27","modified_gmt":"2026-03-24T16:30:27","slug":"lampara-de-tratamiento-de-sobremesa-glow-l03-blanca","status":"publish","type":"product","link":"https:\/\/salonforall.es\/pt\/lampara-de-tratamiento-de-sobremesa-glow-l03-blanca\/","title":{"rendered":"Luz de tratamento de mesa Glow L03 Branco"},"content":{"rendered":"<h2>Informaci\u00f3n sobre L\u00e1mpara De Tratamiento De Sobremesa Glow L03 Blanca con n\u00famero de art\u00edculo 148448<\/h2>\n<p><img decoding=\"async\" src=\"https:\/\/activeshop.com.pl\/media\/wysiwyg\/product\/148448\/EN_148448_1.jpg\"><\/p>\n<p><strong>Los productos de la marca GLOW<\/strong> son iluminaci\u00f3n profesional que mejora el rendimiento de los servicios tanto en salones de belleza como en consultorios m\u00e9dicos. Ofrece una amplia selecci\u00f3n de l\u00e1mparas especializadas, incluyendo l\u00e1mparas UV\/LED y de tratamiento, necesarias para un trabajo preciso.<\/p>\n<p><img decoding=\"async\" src=\"https:\/\/activeshop.com.pl\/media\/wysiwyg\/product\/148448\/EN_148448_2.jpg\"><\/p>\n<h2><strong>L\u00e1mpara cosm\u00e9tica sin sombras<\/strong><\/h2>\n<p>La pr\u00e1ctica <strong>l\u00e1mpara de tratamiento Glow L03<\/strong>, que se puede montar sobre una mesa, est\u00e1 equipada con un <strong>exclusivo cabezal transformable<\/strong> y un marco ajustable. Proporciona una <strong>excelente iluminaci\u00f3n<\/strong> durante los tratamientos que requieren precisi\u00f3n. Se utilizar\u00e1 en numerosas consultas especializadas donde la iluminaci\u00f3n adecuada influye significativamente en la calidad de los servicios prestados, como extensiones de pesta\u00f1as, estilismo de u\u00f1as, tratamientos de belleza, tatuajes o maquillaje. Tambi\u00e9n es perfecta para preparar materiales para redes sociales, como tomar fotos o grabar v\u00eddeos.<\/p>\n<p><img decoding=\"async\" src=\"https:\/\/activeshop.com.pl\/media\/wysiwyg\/product\/148448\/EN_148448_3.jpg\"><\/p>\n<h2><strong>Cabezal innovador y ajustable<\/strong><\/h2>\n<p>Una caracter\u00edstica distintiva de la l\u00e1mpara es el cabezal con brazos que se pueden mover verticalmente en un rango de 215\u00b0, lo que combina un dise\u00f1o atractivo con una alta funcionalidad. El perfil con tira LED proporciona una iluminaci\u00f3n sin sombras del \u00e1rea de tratamiento, lo que garantiza la comodidad de los servicios y la facilidad de adaptaci\u00f3n a las necesidades individuales. La l\u00e1mpara tambi\u00e9n es perfecta para fotografiar los efectos de los tratamientos y complementar su presentaci\u00f3n. La superficie transl\u00facida del panel dispersa la luz, por lo que la l\u00e1mpara no da\u00f1a la vista. Los par\u00e1metros adecuados y la posibilidad de ajustar el color y la intensidad de la luz garantizan una reproducci\u00f3n perfecta de los colores, lo que reduce la fatiga visual durante trabajos prolongados. Adem\u00e1s, el cabezal giratorio con amplio rango de movimiento permite ajustar la iluminaci\u00f3n de forma \u00f3ptima seg\u00fan las preferencias y el servicio que se est\u00e9 realizando en cada momento.<\/p>\n<p><img decoding=\"async\" src=\"https:\/\/activeshop.com.pl\/media\/wysiwyg\/product\/148448\/EN_148448_4.jpg\"><\/p>\n<h2><strong>Amplias posibilidades de personalizaci\u00f3n<\/strong><\/h2>\n<p>El gran potencial que ofrecen las partes m\u00f3viles del tr\u00edpode y el cabezal de la l\u00e1mpara permite ajustar libremente la iluminaci\u00f3n del espacio de trabajo seg\u00fan el procedimiento que se est\u00e9 realizando. La posici\u00f3n del tr\u00edpode se ajusta f\u00e1cilmente gracias a las cuatro articulaciones del brazo, con amplio rango de movimiento, y a su base giratoria de 360\u00b0. Esto permite ajustar f\u00e1cilmente la posici\u00f3n del cabezal a las necesidades individuales del usuario y al tipo de servicio realizado, garantizando una excelente iluminaci\u00f3n del espacio de trabajo.<\/p>\n<p><img decoding=\"async\" src=\"https:\/\/activeshop.com.pl\/media\/wysiwyg\/product\/148448\/EN_148448_5.jpg\"><\/p>\n<h2><strong>Color e intensidad ajustables<\/strong><\/h2>\n<p>El color y la intensidad de la luz se pueden ajustar gradualmente mediante un panel t\u00e1ctil ubicado en el cabezal. La regulaci\u00f3n cuenta con 5 niveles, tanto de temperatura de color (fr\u00edo-neutro-c\u00e1lido) como de intensidad de la luz. Tambi\u00e9n es posible ajustarlo de forma continua, lo que ofrece amplias posibilidades para adaptar la iluminaci\u00f3n a sus necesidades. La l\u00e1mpara tambi\u00e9n tiene un sensor que <strong>ajusta autom\u00e1ticamente el nivel de intensidad de la luz<\/strong> en funci\u00f3n del brillo ambiental.<\/p>\n<p><img decoding=\"async\" src=\"https:\/\/activeshop.com.pl\/media\/wysiwyg\/product\/148448\/EN_148448_6.jpg\"><\/p>\n<h2><strong>Dise\u00f1o moderno y funcionalidad<\/strong><\/h2>\n<p><strong>La forma sencilla del tr\u00edpode<\/strong> en un tono blanco cl\u00e1sico y el acabado mate le dan un <strong>aspecto elegante<\/strong> y hacen que la l\u00e1mpara se vea genial en casi cualquier interior. Se instala f\u00e1cilmente en la encimera mediante un mango tipo tornillo de banco, cuya apertura m\u00e1xima es de 6,3 cm. Es compatible con la mayor\u00eda de las encimeras.<\/p>\n<div class=\"video-container\"><iframe loading=\"lazy\" src=\"https:\/\/www.youtube.com\/embed\/gruOA-ybcBs\" width=\"560\" height=\"315\" frameborder=\"0\" allowfullscreen=\"allowfullscreen\"><\/iframe><\/div>\n<p>As dimens\u00f5es pormenorizadas s\u00e3o apresentadas na fotografia.<br \/><strong>Aten\u00e7\u00e3o:<\/strong> Antes de usar, lea atentamente las instrucciones e instale el producto correctamente.<br \/><strong>O conjunto inclui:<\/strong> l\u00e1mpara, cable de alimentaci\u00f3n, marco, soporte para tornillo de banco e instrucciones.<\/p>\n<p><strong>Dados:<\/strong><br \/>Color del marco: tonos de blanco<br \/>Color de la luz: 3000-6500 K<br \/>Flujo luminoso: 1200-1340 LM<br \/>Apertura m\u00e1xima del mango: 6,3 cm<br \/>Longitud del cable: 2 m<br \/>Potencia: 24 W<br \/>Tensi\u00f3n de entrada de la l\u00e1mpara: 24 V<br \/>Tens\u00e3o de entrada: 220-240 V<br \/>Garantia: 12 meses<\/p>\n<p>Los productos Activeshop son proporcionalmente m\u00e1s econ\u00f3micos que muchas otras marcas\/proveedores. El precio est\u00e1 en relaci\u00f3n con la calidad. L\u00e1mpara De Tratamiento De Sobremesa Glow L03 Blanca es por lo tanto una soluci\u00f3n accesible para su sal\u00f3n.<\/p>\n<h2>\u00bfC\u00f3mo se entrega L\u00e1mpara De Tratamiento De Sobremesa Glow L03 Blanca?<\/h2>\n<p>L\u00e1mpara De Tratamiento De Sobremesa Glow L03 Blanca se entrega en embalaje(s) original(es). Dentro de Espa\u00f1a el env\u00edo de L\u00e1mpara De Tratamiento De Sobremesa Glow L03 Blanca es completamente gratuito para pedidos a partir de 100,- euros. Para env\u00edos a otros pa\u00edses se aplican tarifas de env\u00edo separadas. Puede consultar estas tarifas con nosotros o verlas en el carrito de compra. L\u00e1mpara De Tratamiento De Sobremesa Glow L03 Blanca se env\u00eda a trav\u00e9s de un servicio de mensajer\u00eda externo.<\/p>\n<p>As encomendas ou paletes s\u00e3o entregues, por norma, at\u00e9 \u00e0 soleira da porta da frente, mesmo que se encontre num edif\u00edcio coletivo, num edif\u00edcio de apartamentos ou num complexo de apartamentos com elevador (desde que o artigo caiba no elevador). N\u00e3o h\u00e1 elevador dispon\u00edvel ou o artigo n\u00e3o cabe no elevador? Ent\u00e3o entregamos at\u00e9 \u00e0 soleira do r\u00e9s do ch\u00e3o.<\/p>\n<p>Se ainda tem d\u00favidas sobre a entrega ou uma situa\u00e7\u00e3o especial, contacte-nos e teremos todo o gosto em ajud\u00e1-lo!<\/p>\n<p>*Os artigos n\u00e3o s\u00e3o desempacotados ou montados como padr\u00e3o. Em situa\u00e7\u00f5es especiais, pode contactar-nos para combinarmos as condi\u00e7\u00f5es.<\/p>\n<h2>Compras online seguras na Salon For All com o selo de qualidade Webwinkelkeur e encripta\u00e7\u00e3o SSL.<\/h2>\n<p>Es importante para nosotros que nuestros clientes puedan comprar de forma segura en nuestra tienda online. Estamos afiliados al sello de calidad nacional Webwinkelkeur desde 2019. Nuestra identidad ha sido verificada y comprobada por ellos, y la tienda online ha sido revisada y aprobada legalmente. Adem\u00e1s, nuestra tienda online est\u00e1 afiliada a ellos para la mediaci\u00f3n de conflictos. Puede ver la insignia con toda la informaci\u00f3n de este sello de calidad de tienda online en el lado izquierdo o derecho de la tienda online (bot\u00f3n rosa con blanco). Adem\u00e1s, nuestro sitio est\u00e1 protegido con un certificado SSL para que pueda navegar de forma segura con nosotros. En la barra de su navegador de Internet, donde aparece nuestro sitio web, ver\u00e1 un icono de candado. Si hace clic en el candado, obtendr\u00e1 toda la informaci\u00f3n sobre nuestra seguridad. De esta manera sabe que su pedido de L\u00e1mpara De Tratamiento De Sobremesa Glow L03 Blanca y sus datos personales se procesan de forma segura.<\/p>\n<h2>\u00bfC\u00f3mo puedo pagar L\u00e1mpara De Tratamiento De Sobremesa Glow L03 Blanca?<\/h2>\n<p>Queremos tornar as coisas o mais f\u00e1ceis poss\u00edvel para si. \u00c9 por isso que na Salon For All pode pagar com todos os m\u00e9todos de pagamento populares. Pagar antecipadamente, na entrega ou depois - tudo \u00e9 poss\u00edvel. Veja aqui todos os m\u00e9todos de pagamento que oferecemos:<\/p>\n<ul>\n<li>iDEAL<\/li>\n<li>Cart\u00e3o de cr\u00e9dito (Visa, Mastercard, American Express)<\/li>\n<li>Klarna - Pagamento na entrega com fatura<\/li>\n<li>PayPal<\/li>\n<li>Apple Pay<\/li>\n<li>Google Pay<\/li>\n<li>Bizum (para clientes espanh\u00f3is)<\/li>\n<li>Transfer\u00eancia banc\u00e1ria SEPA<\/li>\n<li>Contacto com o banco<\/li>\n<li>Fatura comercial para empresas<\/li>\n<li>Pagamento na sala de exposi\u00e7\u00f5es - Cart\u00e3o e dinheiro (apenas dispon\u00edvel \u00e0 cobran\u00e7a)<\/li>\n<\/ul>\n<h2>Veja tamb\u00e9m as opini\u00f5es de Salon For All<\/h2>\n<p>Consulte tambi\u00e9n nuestras rese\u00f1as para tener en cuenta las experiencias de nuestros clientes actuales en su decisi\u00f3n de pedir L\u00e1mpara De Tratamiento De Sobremesa Glow L03 Blanca con nosotros. A trav\u00e9s de nuestro sello de calidad independiente de tienda online Webwinkelkeur, se recopilan autom\u00e1ticamente rese\u00f1as verificadas de clientes que han completado un pedido con nosotros. Puede encontrarlas detr\u00e1s del bot\u00f3n rosa en nuestra tienda online o aparecen listadas debajo de los productos.<\/p>\n<p>\u00a1Comparta tambi\u00e9n su experiencia despu\u00e9s de su compra con su L\u00e1mpara De Tratamiento De Sobremesa Glow L03 Blanca pedido y su experiencia con el proceso de compra o el contacto con Salon For All para inspirar a otros!<\/p>\n<h2>Contactar o Salon For All<\/h2>\n<p>Cont\u00e1ctenos entonces. Estaremos encantados de ayudarle con la adquisici\u00f3n de L\u00e1mpara De Tratamiento De Sobremesa Glow L03 Blanca. En d\u00edas laborables estamos mejor disponibles entre las 8.30 y las 17.00 horas a trav\u00e9s del n\u00famero de tel\u00e9fono y direcci\u00f3n de correo electr\u00f3nico en la parte superior de la tienda online o a trav\u00e9s de la funci\u00f3n de chat. Las consultas fuera del horario de oficina suelen responderse en un plazo de 24 horas. Tambi\u00e9n es posible visitarnos fuera de los d\u00edas laborables u horario de oficina. Pero para ello es necesario concertar una cita previa.<\/p>\n<h2>Gostaria de visitar a nossa sala de exposi\u00e7\u00f5es?<\/h2>\n<p>\u00bfPrefiere ver L\u00e1mpara De Tratamiento De Sobremesa Glow L03 Blanca o recorrer nuestra oferta de la tienda (online) junto con nuestro colega? Entonces visite nuestro showroom con m\u00e1s de 1000m\u00b2 de equipamiento para salones y d\u00e9jese inspirar por nuestros empleados. Tambi\u00e9n si le gusta conocernos de manera agradable disfrutando de una buena taza de caf\u00e9 o t\u00e9, es muy bienvenido. No tenemos todos los productos en stock, as\u00ed que h\u00e1ganos saber de antemano que desea venir. Concierte siempre una cita previa.<\/p>\n<h2>14 dias de reflex\u00e3o e a nossa pol\u00edtica de devolu\u00e7\u00e3o<\/h2>\n<p>Por supuesto puede ocurrir que L\u00e1mpara De Tratamiento De Sobremesa Glow L03 Blanca entregado no sea completamente de su agrado y desee devolverlo. Eso no es ning\u00fan problema en Salon For All. Debe notificar su devoluci\u00f3n dentro de 14 d\u00edas laborables a trav\u00e9s de info@salonforall.es. Entonces recibir\u00e1 primero todas las instrucciones y condiciones de devoluci\u00f3n. Tenga en cuenta que L\u00e1mpara De Tratamiento De Sobremesa Glow L03 Blanca no debe haber sido usado, debe contener todas las partes suministradas y debe devolverse empaquetado en el embalaje original. Los costos de env\u00edo de una devoluci\u00f3n son siempre a cargo del comprador en compras a trav\u00e9s de www.salonforall.es. Debe organizar usted mismo un transporte con una empresa de transporte de su elecci\u00f3n para una devoluci\u00f3n. Una vez que L\u00e1mpara De Tratamiento De Sobremesa Glow L03 Blanca haya sido devuelto, se verificar\u00e1 su integridad y posibles da\u00f1os. Una vez que la devoluci\u00f3n haya sido aprobada, el importe de la compra se reembolsar\u00e1 dentro de 5 d\u00edas laborables a la cuenta bancaria que tenemos registrada.<\/p>\n<h2>Quem \u00e9 o Salon For All?<\/h2>\n<p>A Salon For All \u00e9 o grossista de todo o equipamento para sal\u00f5es de beleza na Europa. A Salon For All come\u00e7ou em 2003 com o nome Salonvoordeel e cresceu a partir da pr\u00e1tica. Os propriet\u00e1rios da Salon For All eram cabeleireiros experientes e especialistas em beleza e t\u00eam, em conjunto, mais de 30 anos de experi\u00eancia pr\u00e1tica. Em 2003, lan\u00e7\u00e1mos o Salonvoordeel.nl (Pa\u00edses Baixos) e, posteriormente, o Salon For All foi fundado para o mercado europeu. Alguns dos nossos funcion\u00e1rios come\u00e7aram o seu pr\u00f3prio neg\u00f3cio e assim nasceu a ideia de lan\u00e7ar uma loja online funcional para cabeleireiros e para os ajudar com o seu equipamento de sal\u00e3o.<\/p>\n<p>Nuestro showroom se encuentra en Dinxperlo, directamente en la frontera entre los Pa\u00edses Bajos y Alemania. Con nuestra amplia experiencia en el sector podemos servirle de espejo y proporcionarle el asesoramiento adecuado. \u00a1Hablamos el mismo idioma! Le asesoramos, inspiramos, motivamos y ayudamos en la adquisici\u00f3n de L\u00e1mpara De Tratamiento De Sobremesa Glow L03 Blanca. Nuestros proveedores se encuentran en toda Europa, desde Alemania, Inglaterra, Italia hasta Polonia.<\/p>","protected":false},"excerpt":{"rendered":"<p>El producto L\u00e1mpara De Tratamiento De Sobremesa Glow L03 Blanca es una soluci\u00f3n de alta calidad para cualquier sal\u00f3n. El plazo de entrega estimado es de aproximadamente 6 d\u00edas laborables.<\/p>","protected":false},"featured_media":16749,"comment_status":"open","ping_status":"open","template":"","meta":[],"product_brand":[640],"product_cat":[741,621],"product_tag":[742,623],"class_list":{"0":"post-16748","1":"product","2":"type-product","3":"status-publish","4":"has-post-thumbnail","6":"product_brand-glow","7":"product_cat-lamparas-de-escritorio","8":"product_cat-unas","9":"product_tag-lamparas-de-escritorio","10":"product_tag-unas","11":"pa_codigo-ean-7759","12":"pa_garantia-12-meses","13":"pa_marca-glow","14":"pa_numero-de-articulo-6268","15":"pa_tiempo-estimado-de-entrega-4-5-dias-laborables","17":"first","18":"instock","19":"sale","20":"taxable","21":"shipping-taxable","22":"purchasable","23":"product-type-simple"},"yoast_head":"<!-- This site is optimized with the Yoast SEO plugin v27.3 - https:\/\/yoast.com\/product\/yoast-seo-wordpress\/ -->\n<title>L\u00e1mpara De Tratamiento De Sobremesa Glow L03 Blanca comprar<\/title>\n<meta name=\"description\" content=\"Compra L\u00e1mpara De Tratamiento De Sobremesa Glow L03 Blanca online o en el showroom en Salon For ALL Espa\u00f1a. El mayorista para salones, consultas y spas en Espa\u00f1a y Portugal.\" \/>\n<meta name=\"robots\" content=\"index, follow, max-snippet:-1, max-image-preview:large, max-video-preview:-1\" \/>\n<link rel=\"canonical\" href=\"https:\/\/salonforall.es\/pt\/lampara-de-tratamiento-de-sobremesa-glow-l03-blanca\/\" \/>\n<meta property=\"og:locale\" content=\"pt_PT\" \/>\n<meta property=\"og:type\" content=\"article\" \/>\n<meta property=\"og:title\" content=\"L\u00e1mpara De Tratamiento De Sobremesa Glow L03 Blanca\" \/>\n<meta property=\"og:description\" content=\"Compra L\u00e1mpara De Tratamiento De Sobremesa Glow L03 Blanca online o en el showroom en Salon For ALL Espa\u00f1a. El mayorista para salones, consultas y spas en Espa\u00f1a y Portugal.\" \/>\n<meta property=\"og:url\" content=\"https:\/\/salonforall.es\/pt\/lampara-de-tratamiento-de-sobremesa-glow-l03-blanca\/\" \/>\n<meta property=\"og:site_name\" content=\"Salon For ALL Espa\u00f1a\" \/>\n<meta property=\"article:modified_time\" content=\"2026-03-24T16:30:27+00:00\" \/>\n<meta property=\"og:image\" content=\"https:\/\/salonforall.es\/wp-content\/uploads\/2025\/12\/Lampara-De-Tratamiento-De-Sobremesa-Glow-L03-Blanca.jpg\" \/>\n\t<meta property=\"og:image:width\" content=\"1200\" \/>\n\t<meta property=\"og:image:height\" content=\"1200\" \/>\n\t<meta property=\"og:image:type\" content=\"image\/jpeg\" \/>\n<meta name=\"twitter:card\" content=\"summary_large_image\" \/>\n<meta name=\"twitter:title\" content=\"L\u00e1mpara De Tratamiento De Sobremesa Glow L03 Blanca\" \/>\n<meta name=\"twitter:label1\" content=\"Tempo estimado de leitura\" \/>\n\t<meta name=\"twitter:data1\" content=\"10 minutos\" \/>\n<script type=\"application\/ld+json\" class=\"yoast-schema-graph\">{\"@context\":\"https:\\\/\\\/schema.org\",\"@graph\":[{\"@type\":\"WebPage\",\"@id\":\"https:\\\/\\\/salonforall.es\\\/lampara-de-tratamiento-de-sobremesa-glow-l03-blanca\\\/\",\"url\":\"https:\\\/\\\/salonforall.es\\\/lampara-de-tratamiento-de-sobremesa-glow-l03-blanca\\\/\",\"name\":\"L\u00e1mpara De Tratamiento De Sobremesa Glow L03 Blanca comprar\",\"isPartOf\":{\"@id\":\"https:\\\/\\\/salonforall.es\\\/#website\"},\"primaryImageOfPage\":{\"@id\":\"https:\\\/\\\/salonforall.es\\\/lampara-de-tratamiento-de-sobremesa-glow-l03-blanca\\\/#primaryimage\"},\"image\":{\"@id\":\"https:\\\/\\\/salonforall.es\\\/lampara-de-tratamiento-de-sobremesa-glow-l03-blanca\\\/#primaryimage\"},\"thumbnailUrl\":\"https:\\\/\\\/salonforall.es\\\/wp-content\\\/uploads\\\/2025\\\/12\\\/Lampara-De-Tratamiento-De-Sobremesa-Glow-L03-Blanca.jpg\",\"datePublished\":\"2025-12-02T13:42:47+00:00\",\"dateModified\":\"2026-03-24T16:30:27+00:00\",\"description\":\"Compra L\u00e1mpara De Tratamiento De Sobremesa Glow L03 Blanca online o en el showroom en Salon For ALL Espa\u00f1a. El mayorista para salones, consultas y spas en Espa\u00f1a y Portugal.\",\"breadcrumb\":{\"@id\":\"https:\\\/\\\/salonforall.es\\\/lampara-de-tratamiento-de-sobremesa-glow-l03-blanca\\\/#breadcrumb\"},\"inLanguage\":\"pt-PT\",\"potentialAction\":[{\"@type\":\"ReadAction\",\"target\":[\"https:\\\/\\\/salonforall.es\\\/lampara-de-tratamiento-de-sobremesa-glow-l03-blanca\\\/\"]}]},{\"@type\":\"ImageObject\",\"inLanguage\":\"pt-PT\",\"@id\":\"https:\\\/\\\/salonforall.es\\\/lampara-de-tratamiento-de-sobremesa-glow-l03-blanca\\\/#primaryimage\",\"url\":\"https:\\\/\\\/salonforall.es\\\/wp-content\\\/uploads\\\/2025\\\/12\\\/Lampara-De-Tratamiento-De-Sobremesa-Glow-L03-Blanca.jpg\",\"contentUrl\":\"https:\\\/\\\/salonforall.es\\\/wp-content\\\/uploads\\\/2025\\\/12\\\/Lampara-De-Tratamiento-De-Sobremesa-Glow-L03-Blanca.jpg\",\"width\":1200,\"height\":1200,\"caption\":\"L\u00e1mpara De Tratamiento De Sobremesa Glow L03 Blanca\"},{\"@type\":\"BreadcrumbList\",\"@id\":\"https:\\\/\\\/salonforall.es\\\/lampara-de-tratamiento-de-sobremesa-glow-l03-blanca\\\/#breadcrumb\",\"itemListElement\":[{\"@type\":\"ListItem\",\"position\":1,\"name\":\"Home\",\"item\":\"https:\\\/\\\/salonforall.es\\\/\"},{\"@type\":\"ListItem\",\"position\":2,\"name\":\"Winkel\",\"item\":\"https:\\\/\\\/salonforall.es\\\/winkel\\\/\"},{\"@type\":\"ListItem\",\"position\":3,\"name\":\"L\u00e1mpara De Tratamiento De Sobremesa Glow L03 Blanca\"}]},{\"@type\":\"WebSite\",\"@id\":\"https:\\\/\\\/salonforall.es\\\/#website\",\"url\":\"https:\\\/\\\/salonforall.es\\\/\",\"name\":\"Salon For ALL Espa\u00f1a\",\"description\":\"Mayorista de mobiliario y suministros para consultorios y salones\",\"publisher\":{\"@id\":\"https:\\\/\\\/salonforall.es\\\/#organization\"},\"potentialAction\":[{\"@type\":\"SearchAction\",\"target\":{\"@type\":\"EntryPoint\",\"urlTemplate\":\"https:\\\/\\\/salonforall.es\\\/?s={search_term_string}\"},\"query-input\":{\"@type\":\"PropertyValueSpecification\",\"valueRequired\":true,\"valueName\":\"search_term_string\"}}],\"inLanguage\":\"pt-PT\"},{\"@type\":\"Organization\",\"@id\":\"https:\\\/\\\/salonforall.es\\\/#organization\",\"name\":\"Salon For All B.V. Espa\u00f1a\",\"alternateName\":\"Salon For All B.V. Espa\u00f1a - Mayorista de equipamiento para consultas, salones y suministros\",\"url\":\"https:\\\/\\\/salonforall.es\\\/\",\"logo\":{\"@type\":\"ImageObject\",\"inLanguage\":\"pt-PT\",\"@id\":\"https:\\\/\\\/salonforall.es\\\/#\\\/schema\\\/logo\\\/image\\\/\",\"url\":\"https:\\\/\\\/salonforall.es\\\/wp-content\\\/uploads\\\/2025\\\/11\\\/logo-salon-for-all-e1764543185849.png\",\"contentUrl\":\"https:\\\/\\\/salonforall.es\\\/wp-content\\\/uploads\\\/2025\\\/11\\\/logo-salon-for-all-e1764543185849.png\",\"width\":500,\"height\":150,\"caption\":\"Salon For All B.V. Espa\u00f1a\"},\"image\":{\"@id\":\"https:\\\/\\\/salonforall.es\\\/#\\\/schema\\\/logo\\\/image\\\/\"}}]}<\/script>\n<!-- \/ Yoast SEO plugin. -->","yoast_head_json":{"title":"L\u00e1mpara De Tratamiento De Sobremesa Glow L03 Blanca comprar","description":"Compra L\u00e1mpara De Tratamiento De Sobremesa Glow L03 Blanca online o en el showroom en Salon For ALL Espa\u00f1a. El mayorista para salones, consultas y spas en Espa\u00f1a y Portugal.","robots":{"index":"index","follow":"follow","max-snippet":"max-snippet:-1","max-image-preview":"max-image-preview:large","max-video-preview":"max-video-preview:-1"},"canonical":"https:\/\/salonforall.es\/pt\/lampara-de-tratamiento-de-sobremesa-glow-l03-blanca\/","og_locale":"pt_PT","og_type":"article","og_title":"L\u00e1mpara De Tratamiento De Sobremesa Glow L03 Blanca","og_description":"Compra L\u00e1mpara De Tratamiento De Sobremesa Glow L03 Blanca online o en el showroom en Salon For ALL Espa\u00f1a. El mayorista para salones, consultas y spas en Espa\u00f1a y Portugal.","og_url":"https:\/\/salonforall.es\/pt\/lampara-de-tratamiento-de-sobremesa-glow-l03-blanca\/","og_site_name":"Salon For ALL Espa\u00f1a","article_modified_time":"2026-03-24T16:30:27+00:00","og_image":[{"width":1200,"height":1200,"url":"https:\/\/salonforall.es\/wp-content\/uploads\/2025\/12\/Lampara-De-Tratamiento-De-Sobremesa-Glow-L03-Blanca.jpg","type":"image\/jpeg"}],"twitter_card":"summary_large_image","twitter_title":"L\u00e1mpara De Tratamiento De Sobremesa Glow L03 Blanca","twitter_misc":{"Tempo estimado de leitura":"10 minutos"},"schema":{"@context":"https:\/\/schema.org","@graph":[{"@type":"WebPage","@id":"https:\/\/salonforall.es\/lampara-de-tratamiento-de-sobremesa-glow-l03-blanca\/","url":"https:\/\/salonforall.es\/lampara-de-tratamiento-de-sobremesa-glow-l03-blanca\/","name":"L\u00e1mpara De Tratamiento De Sobremesa Glow L03 Blanca comprar","isPartOf":{"@id":"https:\/\/salonforall.es\/#website"},"primaryImageOfPage":{"@id":"https:\/\/salonforall.es\/lampara-de-tratamiento-de-sobremesa-glow-l03-blanca\/#primaryimage"},"image":{"@id":"https:\/\/salonforall.es\/lampara-de-tratamiento-de-sobremesa-glow-l03-blanca\/#primaryimage"},"thumbnailUrl":"https:\/\/salonforall.es\/wp-content\/uploads\/2025\/12\/Lampara-De-Tratamiento-De-Sobremesa-Glow-L03-Blanca.jpg","datePublished":"2025-12-02T13:42:47+00:00","dateModified":"2026-03-24T16:30:27+00:00","description":"Compra L\u00e1mpara De Tratamiento De Sobremesa Glow L03 Blanca online o en el showroom en Salon For ALL Espa\u00f1a. El mayorista para salones, consultas y spas en Espa\u00f1a y Portugal.","breadcrumb":{"@id":"https:\/\/salonforall.es\/lampara-de-tratamiento-de-sobremesa-glow-l03-blanca\/#breadcrumb"},"inLanguage":"pt-PT","potentialAction":[{"@type":"ReadAction","target":["https:\/\/salonforall.es\/lampara-de-tratamiento-de-sobremesa-glow-l03-blanca\/"]}]},{"@type":"ImageObject","inLanguage":"pt-PT","@id":"https:\/\/salonforall.es\/lampara-de-tratamiento-de-sobremesa-glow-l03-blanca\/#primaryimage","url":"https:\/\/salonforall.es\/wp-content\/uploads\/2025\/12\/Lampara-De-Tratamiento-De-Sobremesa-Glow-L03-Blanca.jpg","contentUrl":"https:\/\/salonforall.es\/wp-content\/uploads\/2025\/12\/Lampara-De-Tratamiento-De-Sobremesa-Glow-L03-Blanca.jpg","width":1200,"height":1200,"caption":"L\u00e1mpara De Tratamiento De Sobremesa Glow L03 Blanca"},{"@type":"BreadcrumbList","@id":"https:\/\/salonforall.es\/lampara-de-tratamiento-de-sobremesa-glow-l03-blanca\/#breadcrumb","itemListElement":[{"@type":"ListItem","position":1,"name":"Home","item":"https:\/\/salonforall.es\/"},{"@type":"ListItem","position":2,"name":"Winkel","item":"https:\/\/salonforall.es\/winkel\/"},{"@type":"ListItem","position":3,"name":"L\u00e1mpara De Tratamiento De Sobremesa Glow L03 Blanca"}]},{"@type":"WebSite","@id":"https:\/\/salonforall.es\/#website","url":"https:\/\/salonforall.es\/","name":"Sal\u00e3o de beleza para toda a Espanha","description":"Grossista de mobili\u00e1rio e material para sal\u00f5es de beleza e consult\u00f3rios","publisher":{"@id":"https:\/\/salonforall.es\/#organization"},"potentialAction":[{"@type":"SearchAction","target":{"@type":"EntryPoint","urlTemplate":"https:\/\/salonforall.es\/?s={search_term_string}"},"query-input":{"@type":"PropertyValueSpecification","valueRequired":true,"valueName":"search_term_string"}}],"inLanguage":"pt-PT"},{"@type":"Organization","@id":"https:\/\/salonforall.es\/#organization","name":"Salon For All B.V. Espanha","alternateName":"Salon For All B.V. Espa\u00f1a - Mayorista de equipamiento para consultas, salones y suministros","url":"https:\/\/salonforall.es\/","logo":{"@type":"ImageObject","inLanguage":"pt-PT","@id":"https:\/\/salonforall.es\/#\/schema\/logo\/image\/","url":"https:\/\/salonforall.es\/wp-content\/uploads\/2025\/11\/logo-salon-for-all-e1764543185849.png","contentUrl":"https:\/\/salonforall.es\/wp-content\/uploads\/2025\/11\/logo-salon-for-all-e1764543185849.png","width":500,"height":150,"caption":"Salon For All B.V. Espa\u00f1a"},"image":{"@id":"https:\/\/salonforall.es\/#\/schema\/logo\/image\/"}}]}},"_links":{"self":[{"href":"https:\/\/salonforall.es\/pt\/wp-json\/wp\/v2\/product\/16748","targetHints":{"allow":["GET"]}}],"collection":[{"href":"https:\/\/salonforall.es\/pt\/wp-json\/wp\/v2\/product"}],"about":[{"href":"https:\/\/salonforall.es\/pt\/wp-json\/wp\/v2\/types\/product"}],"replies":[{"embeddable":true,"href":"https:\/\/salonforall.es\/pt\/wp-json\/wp\/v2\/comments?post=16748"}],"wp:featuredmedia":[{"embeddable":true,"href":"https:\/\/salonforall.es\/pt\/wp-json\/wp\/v2\/media\/16749"}],"wp:attachment":[{"href":"https:\/\/salonforall.es\/pt\/wp-json\/wp\/v2\/media?parent=16748"}],"wp:term":[{"taxonomy":"product_brand","embeddable":true,"href":"https:\/\/salonforall.es\/pt\/wp-json\/wp\/v2\/product_brand?post=16748"},{"taxonomy":"product_cat","embeddable":true,"href":"https:\/\/salonforall.es\/pt\/wp-json\/wp\/v2\/product_cat?post=16748"},{"taxonomy":"product_tag","embeddable":true,"href":"https:\/\/salonforall.es\/pt\/wp-json\/wp\/v2\/product_tag?post=16748"}],"curies":[{"name":"wp","href":"https:\/\/api.w.org\/{rel}","templated":true}]}}