{"id":16368,"date":"2025-12-02T14:39:22","date_gmt":"2025-12-02T13:39:22","guid":{"rendered":"https:\/\/salonforall.es\/product\/sillon-cosmetico-electrico-azzurro-891-gris\/"},"modified":"2026-03-24T17:29:40","modified_gmt":"2026-03-24T16:29:40","slug":"sillon-cosmetico-electrico-azzurro-891-gris","status":"publish","type":"product","link":"https:\/\/salonforall.es\/pt\/sillon-cosmetico-electrico-azzurro-891-gris\/","title":{"rendered":"Cadeir\u00e3o de cosm\u00e9tica el\u00e9trico Azzurro 891 Cinzento"},"content":{"rendered":"<h2>Informaci\u00f3n sobre Sill\u00f3n Cosm\u00e9tico El\u00e9ctrico Azzurro 891 Gris con n\u00famero de art\u00edculo 148294<\/h2>\n<p>La marca Azzurro ofrece sillones y camas de alta calidad para est\u00e9tica, as\u00ed como dispositivos multifuncionales. Este equipo profesional se utiliza, entre otros, en salones de belleza, consultorios podol\u00f3gicos, estudios de masaje o fisioterapia. Se caracteriza por su estabilidad, dise\u00f1o minimalista y versatilidad, por lo que es ideal para diversas oficinas especializadas.<\/p>\n<p><img decoding=\"async\" src=\"https:\/\/activeshop.com.pl\/media\/wysiwyg\/product\/148294\/EN_148294_2.jpg\"><\/p>\n<h2><strong>Ajuste libre mediante control remoto<\/strong><\/h2>\n<p>Con un control remoto simple e intuitivo, el sill\u00f3n se puede ajustar suavemente en tres niveles: altura del asiento, respaldo y reposapi\u00e9s ajustables. Esto permite ajustar la posici\u00f3n seg\u00fan el procedimiento, lo que mejora la comodidad tanto del usuario como de quien realiza el servicio. Las dimensiones y el ancho del ajuste permiten que el equipo sea f\u00e1cilmente utilizado por personas de diferentes alturas y facilitan su adaptaci\u00f3n a las necesidades tanto del cliente como de quien realiza el tratamiento.<\/p>\n<p><img decoding=\"async\" src=\"https:\/\/activeshop.com.pl\/media\/wysiwyg\/product\/148294\/EN_148294_3.jpg\"><\/p>\n<h2><strong>Funcionalidades que facilitan su uso<\/strong><\/h2>\n<p>La altura del asiento es ajustable de 61 a 92 cm y, cuando est\u00e1 completamente extendido, alcanza una longitud de 190 cm. Estas dimensiones permiten que el equipo sea f\u00e1cilmente utilizado por personas de diferentes alturas y facilitan su adaptaci\u00f3n a las necesidades tanto del cliente como de quien realiza el procedimiento. Las asas a ambos lados del asiento permiten colgar el control remoto libremente para tenerlo siempre a mano. Asiento y reposabrazos c\u00f3modos. El amplio asiento garantiza comodidad durante tratamientos largos. Los reposabrazos son m\u00f3viles, se pueden colocar en posici\u00f3n vertical o girar 180\u00ba, lo que facilita sentarse en la silla y proporciona un acceso c\u00f3modo a la persona que realiza el procedimiento. Se pueden retirar f\u00e1cil y r\u00e1pidamente si es necesario.<\/p>\n<p><img decoding=\"async\" src=\"https:\/\/activeshop.com.pl\/media\/wysiwyg\/product\/148294\/EN_148294_4.jpg\"><\/p>\n<h2><strong>Instalaciones para tratamientos faciales y corporales<\/strong><\/h2>\n<p>La posibilidad de desplegar el equipo libremente en posici\u00f3n de camilla aumenta significativamente su funcionalidad tanto para tratamientos faciales como corporales. Esto permite realizar f\u00e1cilmente diversos tipos de tratamientos, como cosm\u00e9ticos, fisioterapia y tatuajes. El reposapi\u00e9s se extiende un m\u00e1ximo de 15 cm, lo que ayuda a adaptar el equipo a las necesidades de usuarios de diferentes alturas, garantizando un soporte estable para las piernas durante los distintos tratamientos. Las soluciones empleadas mejoran significativamente la comodidad de uso y la ergonom\u00eda del trabajo.<\/p>\n<p><img decoding=\"async\" src=\"https:\/\/activeshop.com.pl\/media\/wysiwyg\/product\/148294\/EN_148294_5.jpg\"><\/p>\n<h2><strong>Modelo minimalista de sill\u00f3n cosm\u00e9tico<\/strong><\/h2>\n<p>El sill\u00f3n est\u00e1 relleno de espuma de dureza adecuada y revestido de polipiel agradable al tacto en tonos grises. Gracias al uso de un material f\u00e1cil de limpiar y resistente a desinfectantes seleccionados, el equipo es c\u00f3modo de usar, resistente a la humedad y f\u00e1cil de limpiar. Una base s\u00f3lida de material blanco duradero garantiza la estabilidad durante los tratamientos. Los dobladillos bien perfilados le dan a la silla un aspecto elegante y hacen que el asiento sea ergon\u00f3mico.<\/p>\n<div class=\"video-container\"> <iframe height=\"315\" src=\"https:\/\/www.youtube.com\/embed\/JFnGWlX3Sak\" frameborder=\"0\" width=\"560\" allowfullscreen allow=\"accelerometer; autoplay; encrypted-media; gyroscope; picture-in-picture\"> <\/iframe> <\/div>\n<p>As dimens\u00f5es pormenorizadas da cadeira s\u00e3o apresentadas na fotografia.<br \/><strong>O conjunto inclui:<\/strong> asiento con base, control remoto con cable, fuente de alimentaci\u00f3n.<\/p>\n<p><strong>Dados:<\/strong><br \/>Tipo: el\u00e9trico<br \/>N\u00famero de actuadores: 3<br \/>Cor de base: tons de branco<br \/>Cor dos estofos: tons de cinzento<br \/>Material dos estofos: couro sint\u00e9tico<br \/>Forro do assento: espuma<br \/>Control: control remoto con cable<br \/>Alimentaci\u00f3n: 160 W<br \/>Tens\u00e3o: 220-240 V<br \/>Garant\u00eda: 24 meses<\/p>\n<p>Los productos Activeshop son proporcionalmente m\u00e1s econ\u00f3micos que muchas otras marcas\/proveedores. El precio est\u00e1 en relaci\u00f3n con la calidad. Sill\u00f3n Cosm\u00e9tico El\u00e9ctrico Azzurro 891 Gris es por lo tanto una soluci\u00f3n accesible para su sal\u00f3n.<\/p>\n<h2>\u00bfC\u00f3mo se entrega Sill\u00f3n Cosm\u00e9tico El\u00e9ctrico Azzurro 891 Gris?<\/h2>\n<p>Sill\u00f3n Cosm\u00e9tico El\u00e9ctrico Azzurro 891 Gris se entrega en embalaje(s) original(es). Dentro de Espa\u00f1a el env\u00edo de Sill\u00f3n Cosm\u00e9tico El\u00e9ctrico Azzurro 891 Gris es completamente gratuito para pedidos a partir de 100,- euros. Para env\u00edos a otros pa\u00edses se aplican tarifas de env\u00edo separadas. Puede consultar estas tarifas con nosotros o verlas en el carrito de compra. Sill\u00f3n Cosm\u00e9tico El\u00e9ctrico Azzurro 891 Gris se env\u00eda a trav\u00e9s de un servicio de mensajer\u00eda externo.<\/p>\n<p>As encomendas ou paletes s\u00e3o entregues, por norma, at\u00e9 \u00e0 soleira da porta da frente, mesmo que se encontre num edif\u00edcio coletivo, num edif\u00edcio de apartamentos ou num complexo de apartamentos com elevador (desde que o artigo caiba no elevador). N\u00e3o h\u00e1 elevador dispon\u00edvel ou o artigo n\u00e3o cabe no elevador? Ent\u00e3o entregamos at\u00e9 \u00e0 soleira do r\u00e9s do ch\u00e3o.<\/p>\n<p>Se ainda tem d\u00favidas sobre a entrega ou uma situa\u00e7\u00e3o especial, contacte-nos e teremos todo o gosto em ajud\u00e1-lo!<\/p>\n<p>*Os artigos n\u00e3o s\u00e3o desempacotados ou montados como padr\u00e3o. Em situa\u00e7\u00f5es especiais, pode contactar-nos para combinarmos as condi\u00e7\u00f5es.<\/p>\n<h2>Compras online seguras na Salon For All com o selo de qualidade Webwinkelkeur e encripta\u00e7\u00e3o SSL.<\/h2>\n<p>Es importante para nosotros que nuestros clientes puedan comprar de forma segura en nuestra tienda online. Estamos afiliados al sello de calidad nacional Webwinkelkeur desde 2019. Nuestra identidad ha sido verificada y comprobada por ellos, y la tienda online ha sido revisada y aprobada legalmente. Adem\u00e1s, nuestra tienda online est\u00e1 afiliada a ellos para la mediaci\u00f3n de conflictos. Puede ver la insignia con toda la informaci\u00f3n de este sello de calidad de tienda online en el lado izquierdo o derecho de la tienda online (bot\u00f3n rosa con blanco). Adem\u00e1s, nuestro sitio est\u00e1 protegido con un certificado SSL para que pueda navegar de forma segura con nosotros. En la barra de su navegador de Internet, donde aparece nuestro sitio web, ver\u00e1 un icono de candado. Si hace clic en el candado, obtendr\u00e1 toda la informaci\u00f3n sobre nuestra seguridad. De esta manera sabe que su pedido de Sill\u00f3n Cosm\u00e9tico El\u00e9ctrico Azzurro 891 Gris y sus datos personales se procesan de forma segura.<\/p>\n<h2>\u00bfC\u00f3mo puedo pagar Sill\u00f3n Cosm\u00e9tico El\u00e9ctrico Azzurro 891 Gris?<\/h2>\n<p>Queremos tornar as coisas o mais f\u00e1ceis poss\u00edvel para si. \u00c9 por isso que na Salon For All pode pagar com todos os m\u00e9todos de pagamento populares. Pagar antecipadamente, na entrega ou depois - tudo \u00e9 poss\u00edvel. Veja aqui todos os m\u00e9todos de pagamento que oferecemos:<\/p>\n<ul>\n<li>iDEAL<\/li>\n<li>Cart\u00e3o de cr\u00e9dito (Visa, Mastercard, American Express)<\/li>\n<li>Klarna - Pagamento na entrega com fatura<\/li>\n<li>PayPal<\/li>\n<li>Apple Pay<\/li>\n<li>Google Pay<\/li>\n<li>Bizum (para clientes espanh\u00f3is)<\/li>\n<li>Transfer\u00eancia banc\u00e1ria SEPA<\/li>\n<li>Contacto com o banco<\/li>\n<li>Fatura comercial para empresas<\/li>\n<li>Pagamento na sala de exposi\u00e7\u00f5es - Cart\u00e3o e dinheiro (apenas dispon\u00edvel \u00e0 cobran\u00e7a)<\/li>\n<\/ul>\n<h2>Veja tamb\u00e9m as opini\u00f5es de Salon For All<\/h2>\n<p>Consulte tambi\u00e9n nuestras rese\u00f1as para tener en cuenta las experiencias de nuestros clientes actuales en su decisi\u00f3n de pedir Sill\u00f3n Cosm\u00e9tico El\u00e9ctrico Azzurro 891 Gris con nosotros. A trav\u00e9s de nuestro sello de calidad independiente de tienda online Webwinkelkeur, se recopilan autom\u00e1ticamente rese\u00f1as verificadas de clientes que han completado un pedido con nosotros. Puede encontrarlas detr\u00e1s del bot\u00f3n rosa en nuestra tienda online o aparecen listadas debajo de los productos.<\/p>\n<p>\u00a1Comparta tambi\u00e9n su experiencia despu\u00e9s de su compra con su Sill\u00f3n Cosm\u00e9tico El\u00e9ctrico Azzurro 891 Gris pedido y su experiencia con el proceso de compra o el contacto con Salon For All para inspirar a otros!<\/p>\n<h2>Contactar o Salon For All<\/h2>\n<p>Cont\u00e1ctenos entonces. Estaremos encantados de ayudarle con la adquisici\u00f3n de Sill\u00f3n Cosm\u00e9tico El\u00e9ctrico Azzurro 891 Gris. En d\u00edas laborables estamos mejor disponibles entre las 8.30 y las 17.00 horas a trav\u00e9s del n\u00famero de tel\u00e9fono y direcci\u00f3n de correo electr\u00f3nico en la parte superior de la tienda online o a trav\u00e9s de la funci\u00f3n de chat. Las consultas fuera del horario de oficina suelen responderse en un plazo de 24 horas. Tambi\u00e9n es posible visitarnos fuera de los d\u00edas laborables u horario de oficina. Pero para ello es necesario concertar una cita previa.<\/p>\n<h2>Gostaria de visitar a nossa sala de exposi\u00e7\u00f5es?<\/h2>\n<p>\u00bfPrefiere ver Sill\u00f3n Cosm\u00e9tico El\u00e9ctrico Azzurro 891 Gris o recorrer nuestra oferta de la tienda (online) junto con nuestro colega? Entonces visite nuestro showroom con m\u00e1s de 1000m\u00b2 de equipamiento para salones y d\u00e9jese inspirar por nuestros empleados. Tambi\u00e9n si le gusta conocernos de manera agradable disfrutando de una buena taza de caf\u00e9 o t\u00e9, es muy bienvenido. No tenemos todos los productos en stock, as\u00ed que h\u00e1ganos saber de antemano que desea venir. Concierte siempre una cita previa.<\/p>\n<h2>14 dias de reflex\u00e3o e a nossa pol\u00edtica de devolu\u00e7\u00e3o<\/h2>\n<p>Por supuesto puede ocurrir que Sill\u00f3n Cosm\u00e9tico El\u00e9ctrico Azzurro 891 Gris entregado no sea completamente de su agrado y desee devolverlo. Eso no es ning\u00fan problema en Salon For All. Debe notificar su devoluci\u00f3n dentro de 14 d\u00edas laborables a trav\u00e9s de info@salonforall.es. Entonces recibir\u00e1 primero todas las instrucciones y condiciones de devoluci\u00f3n. Tenga en cuenta que Sill\u00f3n Cosm\u00e9tico El\u00e9ctrico Azzurro 891 Gris no debe haber sido usado, debe contener todas las partes suministradas y debe devolverse empaquetado en el embalaje original. Los costos de env\u00edo de una devoluci\u00f3n son siempre a cargo del comprador en compras a trav\u00e9s de www.salonforall.es. Debe organizar usted mismo un transporte con una empresa de transporte de su elecci\u00f3n para una devoluci\u00f3n. Una vez que Sill\u00f3n Cosm\u00e9tico El\u00e9ctrico Azzurro 891 Gris haya sido devuelto, se verificar\u00e1 su integridad y posibles da\u00f1os. Una vez que la devoluci\u00f3n haya sido aprobada, el importe de la compra se reembolsar\u00e1 dentro de 5 d\u00edas laborables a la cuenta bancaria que tenemos registrada.<\/p>\n<h2>Quem \u00e9 o Salon For All?<\/h2>\n<p>A Salon For All \u00e9 o grossista de todo o equipamento para sal\u00f5es de beleza na Europa. A Salon For All come\u00e7ou em 2003 com o nome Salonvoordeel e cresceu a partir da pr\u00e1tica. Os propriet\u00e1rios da Salon For All eram cabeleireiros experientes e especialistas em beleza e t\u00eam, em conjunto, mais de 30 anos de experi\u00eancia pr\u00e1tica. Em 2003, lan\u00e7\u00e1mos o Salonvoordeel.nl (Pa\u00edses Baixos) e, posteriormente, o Salon For All foi fundado para o mercado europeu. Alguns dos nossos funcion\u00e1rios come\u00e7aram o seu pr\u00f3prio neg\u00f3cio e assim nasceu a ideia de lan\u00e7ar uma loja online funcional para cabeleireiros e para os ajudar com o seu equipamento de sal\u00e3o.<\/p>\n<p>Nuestro showroom se encuentra en Dinxperlo, directamente en la frontera entre los Pa\u00edses Bajos y Alemania. Con nuestra amplia experiencia en el sector podemos servirle de espejo y proporcionarle el asesoramiento adecuado. \u00a1Hablamos el mismo idioma! Le asesoramos, inspiramos, motivamos y ayudamos en la adquisici\u00f3n de Sill\u00f3n Cosm\u00e9tico El\u00e9ctrico Azzurro 891 Gris. Nuestros proveedores se encuentran en toda Europa, desde Alemania, Inglaterra, Italia hasta Polonia.<\/p>","protected":false},"excerpt":{"rendered":"<p>El producto Sill\u00f3n Cosm\u00e9tico El\u00e9ctrico Azzurro 891 Gris es una soluci\u00f3n de alta calidad para cualquier sal\u00f3n. El plazo de entrega estimado es de aproximadamente 6 d\u00edas laborables.<\/p>","protected":false},"featured_media":16369,"comment_status":"open","ping_status":"open","template":"","meta":[],"product_brand":[87],"product_cat":[88,89],"product_tag":[90,91],"class_list":{"0":"post-16368","1":"product","2":"type-product","3":"status-publish","4":"has-post-thumbnail","6":"product_brand-azzurro","7":"product_cat-muebles-de-cosmetica","8":"product_cat-sillas-de-cosmetica","9":"product_tag-muebles-de-cosmetica","10":"product_tag-sillas-de-cosmetica","11":"pa_codigo-ean-7759","12":"pa_garantia-12-meses","13":"pa_marca-azzurro","14":"pa_numero-de-articulo-6164","15":"pa_tiempo-estimado-de-entrega-4-5-dias-laborables","17":"first","18":"instock","19":"sale","20":"taxable","21":"shipping-taxable","22":"purchasable","23":"product-type-simple"},"yoast_head":"<!-- This site is optimized with the Yoast SEO plugin v27.2 - https:\/\/yoast.com\/product\/yoast-seo-wordpress\/ -->\n<title>Sill\u00f3n Cosm\u00e9tico El\u00e9ctrico Azzurro 891 Gris comprar<\/title>\n<meta name=\"description\" content=\"Compra Sill\u00f3n Cosm\u00e9tico El\u00e9ctrico Azzurro 891 Gris online o en el showroom en Salon For ALL Espa\u00f1a. El mayorista para salones, consultas y spas en Espa\u00f1a y Portugal.\" \/>\n<meta name=\"robots\" content=\"index, follow, max-snippet:-1, max-image-preview:large, max-video-preview:-1\" \/>\n<link rel=\"canonical\" href=\"https:\/\/salonforall.es\/pt\/sillon-cosmetico-electrico-azzurro-891-gris\/\" \/>\n<meta property=\"og:locale\" content=\"pt_PT\" \/>\n<meta property=\"og:type\" content=\"article\" \/>\n<meta property=\"og:title\" content=\"Sill\u00f3n Cosm\u00e9tico El\u00e9ctrico Azzurro 891 Gris\" \/>\n<meta property=\"og:description\" content=\"Compra Sill\u00f3n Cosm\u00e9tico El\u00e9ctrico Azzurro 891 Gris online o en el showroom en Salon For ALL Espa\u00f1a. El mayorista para salones, consultas y spas en Espa\u00f1a y Portugal.\" \/>\n<meta property=\"og:url\" content=\"https:\/\/salonforall.es\/pt\/sillon-cosmetico-electrico-azzurro-891-gris\/\" \/>\n<meta property=\"og:site_name\" content=\"Salon For ALL Espa\u00f1a\" \/>\n<meta property=\"article:modified_time\" content=\"2026-03-24T16:29:40+00:00\" \/>\n<meta property=\"og:image\" content=\"https:\/\/salonforall.es\/wp-content\/uploads\/2025\/12\/Sillon-Cosmetico-Electrico-Azzurro-891-Gris.jpg\" \/>\n\t<meta property=\"og:image:width\" content=\"1200\" \/>\n\t<meta property=\"og:image:height\" content=\"1200\" \/>\n\t<meta property=\"og:image:type\" content=\"image\/jpeg\" \/>\n<meta name=\"twitter:card\" content=\"summary_large_image\" \/>\n<meta name=\"twitter:title\" content=\"Sill\u00f3n Cosm\u00e9tico El\u00e9ctrico Azzurro 891 Gris\" \/>\n<meta name=\"twitter:label1\" content=\"Tempo estimado de leitura\" \/>\n\t<meta name=\"twitter:data1\" content=\"9 minutos\" \/>\n<script type=\"application\/ld+json\" class=\"yoast-schema-graph\">{\"@context\":\"https:\/\/schema.org\",\"@graph\":[{\"@type\":\"WebPage\",\"@id\":\"https:\/\/salonforall.es\/sillon-cosmetico-electrico-azzurro-891-gris\/\",\"url\":\"https:\/\/salonforall.es\/sillon-cosmetico-electrico-azzurro-891-gris\/\",\"name\":\"Sill\u00f3n Cosm\u00e9tico El\u00e9ctrico Azzurro 891 Gris comprar\",\"isPartOf\":{\"@id\":\"https:\/\/salonforall.es\/#website\"},\"primaryImageOfPage\":{\"@id\":\"https:\/\/salonforall.es\/sillon-cosmetico-electrico-azzurro-891-gris\/#primaryimage\"},\"image\":{\"@id\":\"https:\/\/salonforall.es\/sillon-cosmetico-electrico-azzurro-891-gris\/#primaryimage\"},\"thumbnailUrl\":\"https:\/\/salonforall.es\/wp-content\/uploads\/2025\/12\/Sillon-Cosmetico-Electrico-Azzurro-891-Gris.jpg\",\"datePublished\":\"2025-12-02T13:39:22+00:00\",\"dateModified\":\"2026-03-24T16:29:40+00:00\",\"description\":\"Compra Sill\u00f3n Cosm\u00e9tico El\u00e9ctrico Azzurro 891 Gris online o en el showroom en Salon For ALL Espa\u00f1a. El mayorista para salones, consultas y spas en Espa\u00f1a y Portugal.\",\"breadcrumb\":{\"@id\":\"https:\/\/salonforall.es\/sillon-cosmetico-electrico-azzurro-891-gris\/#breadcrumb\"},\"inLanguage\":\"pt-PT\",\"potentialAction\":[{\"@type\":\"ReadAction\",\"target\":[\"https:\/\/salonforall.es\/sillon-cosmetico-electrico-azzurro-891-gris\/\"]}]},{\"@type\":\"ImageObject\",\"inLanguage\":\"pt-PT\",\"@id\":\"https:\/\/salonforall.es\/sillon-cosmetico-electrico-azzurro-891-gris\/#primaryimage\",\"url\":\"https:\/\/salonforall.es\/wp-content\/uploads\/2025\/12\/Sillon-Cosmetico-Electrico-Azzurro-891-Gris.jpg\",\"contentUrl\":\"https:\/\/salonforall.es\/wp-content\/uploads\/2025\/12\/Sillon-Cosmetico-Electrico-Azzurro-891-Gris.jpg\",\"width\":1200,\"height\":1200,\"caption\":\"Sill\u00f3n Cosm\u00e9tico El\u00e9ctrico Azzurro 891 Gris\"},{\"@type\":\"BreadcrumbList\",\"@id\":\"https:\/\/salonforall.es\/sillon-cosmetico-electrico-azzurro-891-gris\/#breadcrumb\",\"itemListElement\":[{\"@type\":\"ListItem\",\"position\":1,\"name\":\"Home\",\"item\":\"https:\/\/salonforall.es\/\"},{\"@type\":\"ListItem\",\"position\":2,\"name\":\"Winkel\",\"item\":\"https:\/\/salonforall.es\/winkel\/\"},{\"@type\":\"ListItem\",\"position\":3,\"name\":\"Sill\u00f3n Cosm\u00e9tico El\u00e9ctrico Azzurro 891 Gris\"}]},{\"@type\":\"WebSite\",\"@id\":\"https:\/\/salonforall.es\/#website\",\"url\":\"https:\/\/salonforall.es\/\",\"name\":\"Salon For ALL Espa\u00f1a\",\"description\":\"Mayorista de mobiliario y suministros para consultorios y salones\",\"publisher\":{\"@id\":\"https:\/\/salonforall.es\/#organization\"},\"potentialAction\":[{\"@type\":\"SearchAction\",\"target\":{\"@type\":\"EntryPoint\",\"urlTemplate\":\"https:\/\/salonforall.es\/?s={search_term_string}\"},\"query-input\":{\"@type\":\"PropertyValueSpecification\",\"valueRequired\":true,\"valueName\":\"search_term_string\"}}],\"inLanguage\":\"pt-PT\"},{\"@type\":\"Organization\",\"@id\":\"https:\/\/salonforall.es\/#organization\",\"name\":\"Salon For All B.V. Espa\u00f1a\",\"alternateName\":\"Salon For All B.V. Espa\u00f1a - Mayorista de equipamiento para consultas, salones y suministros\",\"url\":\"https:\/\/salonforall.es\/\",\"logo\":{\"@type\":\"ImageObject\",\"inLanguage\":\"pt-PT\",\"@id\":\"https:\/\/salonforall.es\/#\/schema\/logo\/image\/\",\"url\":\"https:\/\/salonforall.es\/wp-content\/uploads\/2025\/11\/logo-salon-for-all-e1764543185849.png\",\"contentUrl\":\"https:\/\/salonforall.es\/wp-content\/uploads\/2025\/11\/logo-salon-for-all-e1764543185849.png\",\"width\":500,\"height\":150,\"caption\":\"Salon For All B.V. Espa\u00f1a\"},\"image\":{\"@id\":\"https:\/\/salonforall.es\/#\/schema\/logo\/image\/\"}}]}<\/script>\n<!-- \/ Yoast SEO plugin. -->","yoast_head_json":{"title":"Sill\u00f3n Cosm\u00e9tico El\u00e9ctrico Azzurro 891 Gris comprar","description":"Compra Sill\u00f3n Cosm\u00e9tico El\u00e9ctrico Azzurro 891 Gris online o en el showroom en Salon For ALL Espa\u00f1a. El mayorista para salones, consultas y spas en Espa\u00f1a y Portugal.","robots":{"index":"index","follow":"follow","max-snippet":"max-snippet:-1","max-image-preview":"max-image-preview:large","max-video-preview":"max-video-preview:-1"},"canonical":"https:\/\/salonforall.es\/pt\/sillon-cosmetico-electrico-azzurro-891-gris\/","og_locale":"pt_PT","og_type":"article","og_title":"Sill\u00f3n Cosm\u00e9tico El\u00e9ctrico Azzurro 891 Gris","og_description":"Compra Sill\u00f3n Cosm\u00e9tico El\u00e9ctrico Azzurro 891 Gris online o en el showroom en Salon For ALL Espa\u00f1a. El mayorista para salones, consultas y spas en Espa\u00f1a y Portugal.","og_url":"https:\/\/salonforall.es\/pt\/sillon-cosmetico-electrico-azzurro-891-gris\/","og_site_name":"Salon For ALL Espa\u00f1a","article_modified_time":"2026-03-24T16:29:40+00:00","og_image":[{"width":1200,"height":1200,"url":"https:\/\/salonforall.es\/wp-content\/uploads\/2025\/12\/Sillon-Cosmetico-Electrico-Azzurro-891-Gris.jpg","type":"image\/jpeg"}],"twitter_card":"summary_large_image","twitter_title":"Sill\u00f3n Cosm\u00e9tico El\u00e9ctrico Azzurro 891 Gris","twitter_misc":{"Tempo estimado de leitura":"9 minutos"},"schema":{"@context":"https:\/\/schema.org","@graph":[{"@type":"WebPage","@id":"https:\/\/salonforall.es\/sillon-cosmetico-electrico-azzurro-891-gris\/","url":"https:\/\/salonforall.es\/sillon-cosmetico-electrico-azzurro-891-gris\/","name":"Sill\u00f3n Cosm\u00e9tico El\u00e9ctrico Azzurro 891 Gris comprar","isPartOf":{"@id":"https:\/\/salonforall.es\/#website"},"primaryImageOfPage":{"@id":"https:\/\/salonforall.es\/sillon-cosmetico-electrico-azzurro-891-gris\/#primaryimage"},"image":{"@id":"https:\/\/salonforall.es\/sillon-cosmetico-electrico-azzurro-891-gris\/#primaryimage"},"thumbnailUrl":"https:\/\/salonforall.es\/wp-content\/uploads\/2025\/12\/Sillon-Cosmetico-Electrico-Azzurro-891-Gris.jpg","datePublished":"2025-12-02T13:39:22+00:00","dateModified":"2026-03-24T16:29:40+00:00","description":"Compra Sill\u00f3n Cosm\u00e9tico El\u00e9ctrico Azzurro 891 Gris online o en el showroom en Salon For ALL Espa\u00f1a. El mayorista para salones, consultas y spas en Espa\u00f1a y Portugal.","breadcrumb":{"@id":"https:\/\/salonforall.es\/sillon-cosmetico-electrico-azzurro-891-gris\/#breadcrumb"},"inLanguage":"pt-PT","potentialAction":[{"@type":"ReadAction","target":["https:\/\/salonforall.es\/sillon-cosmetico-electrico-azzurro-891-gris\/"]}]},{"@type":"ImageObject","inLanguage":"pt-PT","@id":"https:\/\/salonforall.es\/sillon-cosmetico-electrico-azzurro-891-gris\/#primaryimage","url":"https:\/\/salonforall.es\/wp-content\/uploads\/2025\/12\/Sillon-Cosmetico-Electrico-Azzurro-891-Gris.jpg","contentUrl":"https:\/\/salonforall.es\/wp-content\/uploads\/2025\/12\/Sillon-Cosmetico-Electrico-Azzurro-891-Gris.jpg","width":1200,"height":1200,"caption":"Sill\u00f3n Cosm\u00e9tico El\u00e9ctrico Azzurro 891 Gris"},{"@type":"BreadcrumbList","@id":"https:\/\/salonforall.es\/sillon-cosmetico-electrico-azzurro-891-gris\/#breadcrumb","itemListElement":[{"@type":"ListItem","position":1,"name":"Home","item":"https:\/\/salonforall.es\/"},{"@type":"ListItem","position":2,"name":"Winkel","item":"https:\/\/salonforall.es\/winkel\/"},{"@type":"ListItem","position":3,"name":"Sill\u00f3n Cosm\u00e9tico El\u00e9ctrico Azzurro 891 Gris"}]},{"@type":"WebSite","@id":"https:\/\/salonforall.es\/#website","url":"https:\/\/salonforall.es\/","name":"Sal\u00e3o de beleza para toda a Espanha","description":"Grossista de mobili\u00e1rio e material para sal\u00f5es de beleza e consult\u00f3rios","publisher":{"@id":"https:\/\/salonforall.es\/#organization"},"potentialAction":[{"@type":"SearchAction","target":{"@type":"EntryPoint","urlTemplate":"https:\/\/salonforall.es\/?s={search_term_string}"},"query-input":{"@type":"PropertyValueSpecification","valueRequired":true,"valueName":"search_term_string"}}],"inLanguage":"pt-PT"},{"@type":"Organization","@id":"https:\/\/salonforall.es\/#organization","name":"Salon For All B.V. Espanha","alternateName":"Salon For All B.V. Espa\u00f1a - Mayorista de equipamiento para consultas, salones y suministros","url":"https:\/\/salonforall.es\/","logo":{"@type":"ImageObject","inLanguage":"pt-PT","@id":"https:\/\/salonforall.es\/#\/schema\/logo\/image\/","url":"https:\/\/salonforall.es\/wp-content\/uploads\/2025\/11\/logo-salon-for-all-e1764543185849.png","contentUrl":"https:\/\/salonforall.es\/wp-content\/uploads\/2025\/11\/logo-salon-for-all-e1764543185849.png","width":500,"height":150,"caption":"Salon For All B.V. Espa\u00f1a"},"image":{"@id":"https:\/\/salonforall.es\/#\/schema\/logo\/image\/"}}]}},"_links":{"self":[{"href":"https:\/\/salonforall.es\/pt\/wp-json\/wp\/v2\/product\/16368","targetHints":{"allow":["GET"]}}],"collection":[{"href":"https:\/\/salonforall.es\/pt\/wp-json\/wp\/v2\/product"}],"about":[{"href":"https:\/\/salonforall.es\/pt\/wp-json\/wp\/v2\/types\/product"}],"replies":[{"embeddable":true,"href":"https:\/\/salonforall.es\/pt\/wp-json\/wp\/v2\/comments?post=16368"}],"wp:featuredmedia":[{"embeddable":true,"href":"https:\/\/salonforall.es\/pt\/wp-json\/wp\/v2\/media\/16369"}],"wp:attachment":[{"href":"https:\/\/salonforall.es\/pt\/wp-json\/wp\/v2\/media?parent=16368"}],"wp:term":[{"taxonomy":"product_brand","embeddable":true,"href":"https:\/\/salonforall.es\/pt\/wp-json\/wp\/v2\/product_brand?post=16368"},{"taxonomy":"product_cat","embeddable":true,"href":"https:\/\/salonforall.es\/pt\/wp-json\/wp\/v2\/product_cat?post=16368"},{"taxonomy":"product_tag","embeddable":true,"href":"https:\/\/salonforall.es\/pt\/wp-json\/wp\/v2\/product_tag?post=16368"}],"curies":[{"name":"wp","href":"https:\/\/api.w.org\/{rel}","templated":true}]}}