{"id":16345,"date":"2025-12-02T14:39:22","date_gmt":"2025-12-02T13:39:22","guid":{"rendered":"https:\/\/salonforall.es\/product\/filtro-plano-para-aspiradora-de-peluqueria\/"},"modified":"2026-03-24T17:29:39","modified_gmt":"2026-03-24T16:29:39","slug":"filtro-plano-para-aspirador-de-cabeleireiro","status":"publish","type":"product","link":"https:\/\/salonforall.es\/pt\/filtro-plano-para-aspiradora-de-peluqueria\/","title":{"rendered":"Filtro plano para aspirador de cabeleireiro"},"content":{"rendered":"<h2>Informa\u00e7\u00f5es sobre Filtro plano para aspirador de cabeleireiro com o n\u00famero de artigo 148201<\/h2>\n<p><strong>Gabbiano<\/strong> \u00e9 uma marca de luxo de equipamento e mobili\u00e1rio de cabeleireiro que se distingue pela fiabilidade, qualidade e est\u00e9tica, bem como pelo elevado conforto do utilizador. A oferta inclui uma vasta sele\u00e7\u00e3o de equipamento funcional para sal\u00f5es de cabeleireiro, como cadeiras, m\u00e1quinas de lavar e infrazones.<\/p>\n<h2><strong>Filtro HEPA substitu\u00edvel para aspirador de cabeleireiro<\/strong><\/h2>\n<p><strong>O microfiltro substitu\u00edvel para o aspirador de cabeleireiro Automatic<\/strong> com filtro HEPA HF4 \u00e9 um filtro extremamente eficaz que ret\u00e9m at\u00e9 as part\u00edculas mais pequenas, incluindo alerg\u00e9nios, bact\u00e9rias e outros poluentes do ar. Gra\u00e7as a ele, o aspirador elimina at\u00e9 as part\u00edculas mais pequenas do ar, garantindo um ambiente de trabalho fresco e limpo. <strong>N\u00e3o se esque\u00e7a de o substituir regularmente<\/strong> para garantir que o filtro est\u00e1 sempre limpo e sem elementos que possam impedir a livre circula\u00e7\u00e3o do ar. Esta \u00e9 uma quest\u00e3o fundamental para manter o desempenho \u00f3timo do dispositivo e prolongar a sua vida \u00fatil.<\/p>\n<p>Os produtos da Activeshop s\u00e3o proporcionalmente mais baratos do que os de muitas outras marcas\/fornecedores. O pre\u00e7o est\u00e1 em rela\u00e7\u00e3o com a qualidade. O filtro plano para aspirador de cabeleireiro \u00e9, portanto, uma solu\u00e7\u00e3o econ\u00f3mica para o seu sal\u00e3o.<\/p>\n<h2>Como \u00e9 entregue o filtro plano para aspirador de cabeleireiro?<\/h2>\n<p>O Filtro Plano Para Aspiradora De Peluquer\u00eda \u00e9 entregue na(s) embalagem(ns) original(ais). Em Espanha, a entrega do Filtro Plano Para Aspiradora De Peluquer\u00eda \u00e9 totalmente gratuita para encomendas superiores a 100,- Euro. Para envios para outros pa\u00edses, aplicam-se taxas de envio separadas. Pode verificar estas taxas connosco ou v\u00ea-las no carrinho de compras. O envio do Filtro Plano Para Aspiradora De Peluquer\u00eda \u00e9 efectuado atrav\u00e9s de um servi\u00e7o de correio externo.<\/p>\n<p>As encomendas ou paletes s\u00e3o entregues, por norma, at\u00e9 \u00e0 soleira da porta da frente, mesmo que se encontre num edif\u00edcio coletivo, num edif\u00edcio de apartamentos ou num complexo de apartamentos com elevador (desde que o artigo caiba no elevador). N\u00e3o h\u00e1 elevador dispon\u00edvel ou o artigo n\u00e3o cabe no elevador? Ent\u00e3o entregamos at\u00e9 \u00e0 soleira do r\u00e9s do ch\u00e3o.<\/p>\n<p>Se ainda tem d\u00favidas sobre a entrega ou uma situa\u00e7\u00e3o especial, contacte-nos e teremos todo o gosto em ajud\u00e1-lo!<\/p>\n<p>*Os artigos n\u00e3o s\u00e3o desempacotados ou montados como padr\u00e3o. Em situa\u00e7\u00f5es especiais, pode contactar-nos para combinarmos as condi\u00e7\u00f5es.<\/p>\n<h2>Compras online seguras na Salon For All com o selo de qualidade Webwinkelkeur e encripta\u00e7\u00e3o SSL.<\/h2>\n<p>\u00c9 importante para n\u00f3s que os nossos clientes possam fazer compras com seguran\u00e7a na nossa loja online. Estamos afiliados ao selo de qualidade nacional Webwinkelkeur desde 2019. A nossa identidade foi verificada e verificada por eles, e a loja online foi verificada e legalmente aprovada. Al\u00e9m disso, a nossa loja online \u00e9 afiliada a eles para media\u00e7\u00e3o de conflitos. Pode ver o log\u00f3tipo com todas as informa\u00e7\u00f5es deste selo de qualidade da loja online no lado esquerdo ou direito da loja online (bot\u00e3o rosa com branco). Al\u00e9m disso, o nosso s\u00edtio est\u00e1 protegido por um certificado SSL para que possa navegar em seguran\u00e7a connosco. Na barra do seu navegador de Internet, onde aparece o nosso s\u00edtio Web, ver\u00e1 um \u00edcone de cadeado. Se clicar no cadeado, obter\u00e1 todas as informa\u00e7\u00f5es sobre a nossa seguran\u00e7a. Desta forma, sabe que a sua encomenda de Flat Filter For Hairdresser Vacuum Cleaner e os seus dados pessoais s\u00e3o processados de forma segura.<\/p>\n<h2>Como posso pagar o filtro plano para o aspirador de cabeleireiro?<\/h2>\n<p>Queremos tornar as coisas o mais f\u00e1ceis poss\u00edvel para si. \u00c9 por isso que na Salon For All pode pagar com todos os m\u00e9todos de pagamento populares. Pagar antecipadamente, na entrega ou depois - tudo \u00e9 poss\u00edvel. Veja aqui todos os m\u00e9todos de pagamento que oferecemos:<\/p>\n<ul>\n<li>iDEAL<\/li>\n<li>Cart\u00e3o de cr\u00e9dito (Visa, Mastercard, American Express)<\/li>\n<li>Klarna - Pagamento na entrega com fatura<\/li>\n<li>PayPal<\/li>\n<li>Apple Pay<\/li>\n<li>Google Pay<\/li>\n<li>Bizum (para clientes espanh\u00f3is)<\/li>\n<li>Transfer\u00eancia banc\u00e1ria SEPA<\/li>\n<li>Contacto com o banco<\/li>\n<li>Fatura comercial para empresas<\/li>\n<li>Pagamento na sala de exposi\u00e7\u00f5es - Cart\u00e3o e dinheiro (apenas dispon\u00edvel \u00e0 cobran\u00e7a)<\/li>\n<\/ul>\n<h2>Veja tamb\u00e9m as opini\u00f5es de Salon For All<\/h2>\n<p>Consulte tamb\u00e9m as nossas opini\u00f5es para ter em conta as experi\u00eancias dos nossos clientes actuais na sua decis\u00e3o de encomendar o Flat Filter For Hairdresser Vacuum Cleaner. Atrav\u00e9s do selo de qualidade da nossa loja online independente Webwinkelkeur, s\u00e3o automaticamente recolhidas opini\u00f5es verificadas de clientes que efectuaram uma encomenda connosco. Pode encontr\u00e1-las atr\u00e1s do bot\u00e3o cor-de-rosa na nossa loja online ou est\u00e3o listadas por baixo dos produtos.<\/p>\n<p>Partilhe tamb\u00e9m a sua experi\u00eancia ap\u00f3s comprar o seu Hairdresser Vacuum Cleaner Flat Filter encomendado e a sua experi\u00eancia com o processo de compra ou com o contacto da Salon For All, para que outros se sintam inspirados!<\/p>\n<h2>Contactar o Salon For All<\/h2>\n<p>Ent\u00e3o contacte-nos. Teremos todo o gosto em ajud\u00e1-lo na compra de Filtro plano para aspirador de cabeleireiro. Durante a semana, estamos dispon\u00edveis entre as 8h30 e as 17h00, atrav\u00e9s do n\u00famero de telefone e do endere\u00e7o de correio eletr\u00f3nico indicados na parte superior da loja online ou atrav\u00e9s da fun\u00e7\u00e3o de chat. Os pedidos de informa\u00e7\u00e3o fora do hor\u00e1rio de expediente s\u00e3o normalmente respondidos no prazo de 24 horas. Tamb\u00e9m \u00e9 poss\u00edvel visitar-nos fora dos dias \u00fateis ou do hor\u00e1rio de expediente. No entanto, \u00e9 necess\u00e1rio efetuar uma marca\u00e7\u00e3o pr\u00e9via.<\/p>\n<h2>Gostaria de visitar a nossa sala de exposi\u00e7\u00f5es?<\/h2>\n<p>Prefere ver Filtro plano para aspirador de cabeleireiro ou consultar a nossa oferta de loja (online) juntamente com o nosso colega? Ent\u00e3o visite o nosso showroom com mais de 1000m\u00b2 de equipamento para sal\u00f5es de beleza e deixe-se inspirar pelos nossos colaboradores. Al\u00e9m disso, se gosta de nos conhecer agradavelmente com uma ch\u00e1vena de caf\u00e9 ou ch\u00e1, \u00e9 muito bem-vindo. N\u00e3o temos todos os produtos em stock, por isso, por favor, avise-nos com anteced\u00eancia que gostaria de vir. Marque sempre uma visita com anteced\u00eancia.<\/p>\n<h2>14 dias de reflex\u00e3o e a nossa pol\u00edtica de devolu\u00e7\u00e3o<\/h2>\n<p>\u00c9 claro que pode acontecer que o Filtro plano para aspirador de cabeleireiro entregue n\u00e3o seja totalmente do seu agrado e deseje devolv\u00ea-lo. Na Salon For All, isso n\u00e3o \u00e9 problema. Deve notificar a sua devolu\u00e7\u00e3o no prazo de 14 dias \u00fateis atrav\u00e9s de info@salonforall.es. Receber\u00e1 ent\u00e3o primeiro todas as instru\u00e7\u00f5es e condi\u00e7\u00f5es de devolu\u00e7\u00e3o. O filtro plano para aspirador de cabeleireiro n\u00e3o deve ter sido utilizado, deve conter todas as pe\u00e7as fornecidas e deve ser devolvido na embalagem original. Os custos de transporte para uma devolu\u00e7\u00e3o s\u00e3o sempre a cargo do comprador nas compras efectuadas atrav\u00e9s de www.salonforall.es. Para uma devolu\u00e7\u00e3o, deve organizar um transporte com uma empresa de transportes \u00e0 sua escolha. Ap\u00f3s a devolu\u00e7\u00e3o do filtro plano do aspirador de cabeleireiro, ser\u00e1 verificada a sua integridade e eventuais danos. Uma vez aprovada a devolu\u00e7\u00e3o, o montante da compra ser\u00e1 reembolsado no prazo de 5 dias \u00fateis para a conta banc\u00e1ria que temos registada.<\/p>\n<h2>Quem \u00e9 o Salon For All?<\/h2>\n<p>A Salon For All \u00e9 o grossista de todo o equipamento para sal\u00f5es de beleza na Europa. A Salon For All come\u00e7ou em 2003 com o nome Salonvoordeel e cresceu a partir da pr\u00e1tica. Os propriet\u00e1rios da Salon For All eram cabeleireiros experientes e especialistas em beleza e t\u00eam, em conjunto, mais de 30 anos de experi\u00eancia pr\u00e1tica. Em 2003, lan\u00e7\u00e1mos o Salonvoordeel.nl (Pa\u00edses Baixos) e, posteriormente, o Salon For All foi fundado para o mercado europeu. Alguns dos nossos funcion\u00e1rios come\u00e7aram o seu pr\u00f3prio neg\u00f3cio e assim nasceu a ideia de lan\u00e7ar uma loja online funcional para cabeleireiros e para os ajudar com o seu equipamento de sal\u00e3o.<\/p>\n<p>O nosso showroom est\u00e1 situado em Dinxperlo, diretamente na fronteira entre os Pa\u00edses Baixos e a Alemanha. Com os nossos muitos anos de experi\u00eancia no sector, podemos ser o seu espelho e dar-lhe os conselhos certos - falamos a mesma l\u00edngua! Aconselhamos, inspiramos, motivamos e apoiamo-lo na aquisi\u00e7\u00e3o de Filtro plano para aspirador de cabeleireiro. Os nossos fornecedores est\u00e3o localizados em toda a Europa, desde a Alemanha, Inglaterra, It\u00e1lia at\u00e9 \u00e0 Pol\u00f3nia.<\/p>","protected":false},"excerpt":{"rendered":"<p>O produto Filtro plano para aspirador de cabeleireiro \u00e9 uma solu\u00e7\u00e3o de alta qualidade para qualquer sal\u00e3o de beleza. O prazo de entrega estimado \u00e9 de aproximadamente 6 dias \u00fateis.<\/p>","protected":false},"featured_media":16346,"comment_status":"open","ping_status":"open","template":"","meta":[],"product_brand":[95],"product_cat":[133,96],"product_tag":[134,100],"class_list":{"0":"post-16345","1":"product","2":"type-product","3":"status-publish","4":"has-post-thumbnail","6":"product_brand-gabbiano","7":"product_cat-accesorios-de-peluqueria","8":"product_cat-equipamiento-de-peluqueria","9":"product_tag-accesorios-de-peluqueria","10":"product_tag-equipamiento-de-peluqueria","11":"pa_codigo-ean-7759","12":"pa_garantia-12-meses","13":"pa_marca-gabbiano","14":"pa_numero-de-articulo-6160","15":"pa_tiempo-estimado-de-entrega-4-5-dias-laborables","17":"first","18":"instock","19":"sale","20":"taxable","21":"shipping-taxable","22":"purchasable","23":"product-type-simple"},"yoast_head":"<!-- This site is optimized with the Yoast SEO plugin v27.3 - https:\/\/yoast.com\/product\/yoast-seo-wordpress\/ -->\n<title>Filtro Plano Para Aspiradora De Peluquer\u00eda comprar<\/title>\n<meta name=\"description\" content=\"Compra Filtro Plano Para Aspiradora De Peluquer\u00eda online o en el showroom en Salon For ALL Espa\u00f1a. El mayorista para salones, consultas y spas en Espa\u00f1a y Portugal.\" \/>\n<meta name=\"robots\" content=\"index, follow, max-snippet:-1, max-image-preview:large, max-video-preview:-1\" \/>\n<link rel=\"canonical\" href=\"https:\/\/salonforall.es\/pt\/filtro-plano-para-aspirador-de-cabeleireiro\/\" \/>\n<meta property=\"og:locale\" content=\"pt_PT\" \/>\n<meta property=\"og:type\" content=\"article\" \/>\n<meta property=\"og:title\" content=\"Filtro Plano Para Aspiradora De Peluquer\u00eda\" \/>\n<meta property=\"og:description\" content=\"Compra Filtro Plano Para Aspiradora De Peluquer\u00eda online o en el showroom en Salon For ALL Espa\u00f1a. El mayorista para salones, consultas y spas en Espa\u00f1a y Portugal.\" \/>\n<meta property=\"og:url\" content=\"https:\/\/salonforall.es\/pt\/filtro-plano-para-aspirador-de-cabeleireiro\/\" \/>\n<meta property=\"og:site_name\" content=\"Salon For ALL Espa\u00f1a\" \/>\n<meta property=\"article:modified_time\" content=\"2026-03-24T16:29:39+00:00\" \/>\n<meta property=\"og:image\" content=\"https:\/\/salonforall.es\/wp-content\/uploads\/2025\/12\/Filtro-Plano-Para-Aspiradora-De-Peluqueria.jpg\" \/>\n\t<meta property=\"og:image:width\" content=\"1200\" \/>\n\t<meta property=\"og:image:height\" content=\"1200\" \/>\n\t<meta property=\"og:image:type\" content=\"image\/jpeg\" \/>\n<meta name=\"twitter:card\" content=\"summary_large_image\" \/>\n<meta name=\"twitter:title\" content=\"Filtro Plano Para Aspiradora De Peluquer\u00eda\" \/>\n<meta name=\"twitter:label1\" content=\"Tempo estimado de leitura\" \/>\n\t<meta name=\"twitter:data1\" content=\"7 minutos\" \/>\n<script type=\"application\/ld+json\" class=\"yoast-schema-graph\">{\"@context\":\"https:\\\/\\\/schema.org\",\"@graph\":[{\"@type\":\"WebPage\",\"@id\":\"https:\\\/\\\/salonforall.es\\\/filtro-plano-para-aspiradora-de-peluqueria\\\/\",\"url\":\"https:\\\/\\\/salonforall.es\\\/filtro-plano-para-aspiradora-de-peluqueria\\\/\",\"name\":\"Filtro Plano Para Aspiradora De Peluquer\u00eda comprar\",\"isPartOf\":{\"@id\":\"https:\\\/\\\/salonforall.es\\\/#website\"},\"primaryImageOfPage\":{\"@id\":\"https:\\\/\\\/salonforall.es\\\/filtro-plano-para-aspiradora-de-peluqueria\\\/#primaryimage\"},\"image\":{\"@id\":\"https:\\\/\\\/salonforall.es\\\/filtro-plano-para-aspiradora-de-peluqueria\\\/#primaryimage\"},\"thumbnailUrl\":\"https:\\\/\\\/salonforall.es\\\/wp-content\\\/uploads\\\/2025\\\/12\\\/Filtro-Plano-Para-Aspiradora-De-Peluqueria.jpg\",\"datePublished\":\"2025-12-02T13:39:22+00:00\",\"dateModified\":\"2026-03-24T16:29:39+00:00\",\"description\":\"Compra Filtro Plano Para Aspiradora De Peluquer\u00eda online o en el showroom en Salon For ALL Espa\u00f1a. El mayorista para salones, consultas y spas en Espa\u00f1a y Portugal.\",\"breadcrumb\":{\"@id\":\"https:\\\/\\\/salonforall.es\\\/filtro-plano-para-aspiradora-de-peluqueria\\\/#breadcrumb\"},\"inLanguage\":\"pt-PT\",\"potentialAction\":[{\"@type\":\"ReadAction\",\"target\":[\"https:\\\/\\\/salonforall.es\\\/filtro-plano-para-aspiradora-de-peluqueria\\\/\"]}]},{\"@type\":\"ImageObject\",\"inLanguage\":\"pt-PT\",\"@id\":\"https:\\\/\\\/salonforall.es\\\/filtro-plano-para-aspiradora-de-peluqueria\\\/#primaryimage\",\"url\":\"https:\\\/\\\/salonforall.es\\\/wp-content\\\/uploads\\\/2025\\\/12\\\/Filtro-Plano-Para-Aspiradora-De-Peluqueria.jpg\",\"contentUrl\":\"https:\\\/\\\/salonforall.es\\\/wp-content\\\/uploads\\\/2025\\\/12\\\/Filtro-Plano-Para-Aspiradora-De-Peluqueria.jpg\",\"width\":1200,\"height\":1200,\"caption\":\"Filtro Plano Para Aspiradora De Peluquer\u00eda\"},{\"@type\":\"BreadcrumbList\",\"@id\":\"https:\\\/\\\/salonforall.es\\\/filtro-plano-para-aspiradora-de-peluqueria\\\/#breadcrumb\",\"itemListElement\":[{\"@type\":\"ListItem\",\"position\":1,\"name\":\"Home\",\"item\":\"https:\\\/\\\/salonforall.es\\\/\"},{\"@type\":\"ListItem\",\"position\":2,\"name\":\"Winkel\",\"item\":\"https:\\\/\\\/salonforall.es\\\/winkel\\\/\"},{\"@type\":\"ListItem\",\"position\":3,\"name\":\"Filtro Plano Para Aspiradora De Peluquer\u00eda\"}]},{\"@type\":\"WebSite\",\"@id\":\"https:\\\/\\\/salonforall.es\\\/#website\",\"url\":\"https:\\\/\\\/salonforall.es\\\/\",\"name\":\"Salon For ALL Espa\u00f1a\",\"description\":\"Mayorista de mobiliario y suministros para consultorios y salones\",\"publisher\":{\"@id\":\"https:\\\/\\\/salonforall.es\\\/#organization\"},\"potentialAction\":[{\"@type\":\"SearchAction\",\"target\":{\"@type\":\"EntryPoint\",\"urlTemplate\":\"https:\\\/\\\/salonforall.es\\\/?s={search_term_string}\"},\"query-input\":{\"@type\":\"PropertyValueSpecification\",\"valueRequired\":true,\"valueName\":\"search_term_string\"}}],\"inLanguage\":\"pt-PT\"},{\"@type\":\"Organization\",\"@id\":\"https:\\\/\\\/salonforall.es\\\/#organization\",\"name\":\"Salon For All B.V. Espa\u00f1a\",\"alternateName\":\"Salon For All B.V. Espa\u00f1a - Mayorista de equipamiento para consultas, salones y suministros\",\"url\":\"https:\\\/\\\/salonforall.es\\\/\",\"logo\":{\"@type\":\"ImageObject\",\"inLanguage\":\"pt-PT\",\"@id\":\"https:\\\/\\\/salonforall.es\\\/#\\\/schema\\\/logo\\\/image\\\/\",\"url\":\"https:\\\/\\\/salonforall.es\\\/wp-content\\\/uploads\\\/2025\\\/11\\\/logo-salon-for-all-e1764543185849.png\",\"contentUrl\":\"https:\\\/\\\/salonforall.es\\\/wp-content\\\/uploads\\\/2025\\\/11\\\/logo-salon-for-all-e1764543185849.png\",\"width\":500,\"height\":150,\"caption\":\"Salon For All B.V. Espa\u00f1a\"},\"image\":{\"@id\":\"https:\\\/\\\/salonforall.es\\\/#\\\/schema\\\/logo\\\/image\\\/\"}}]}<\/script>\n<!-- \/ Yoast SEO plugin. -->","yoast_head_json":{"title":"Filtro plano para aspirador de cabeleireiro Comprar","description":"Comprar Filtro plano para aspirador de cabeleireiro online ou no showroom da Salon For ALL Espanha. O grossista para sal\u00f5es, cl\u00ednicas de est\u00e9tica e spas em Espanha e Portugal.","robots":{"index":"index","follow":"follow","max-snippet":"max-snippet:-1","max-image-preview":"max-image-preview:large","max-video-preview":"max-video-preview:-1"},"canonical":"https:\/\/salonforall.es\/pt\/filtro-plano-para-aspirador-de-cabeleireiro\/","og_locale":"pt_PT","og_type":"article","og_title":"Filtro Plano Para Aspiradora De Peluquer\u00eda","og_description":"Compra Filtro Plano Para Aspiradora De Peluquer\u00eda online o en el showroom en Salon For ALL Espa\u00f1a. El mayorista para salones, consultas y spas en Espa\u00f1a y Portugal.","og_url":"https:\/\/salonforall.es\/pt\/filtro-plano-para-aspirador-de-cabeleireiro\/","og_site_name":"Salon For ALL Espa\u00f1a","article_modified_time":"2026-03-24T16:29:39+00:00","og_image":[{"width":1200,"height":1200,"url":"https:\/\/salonforall.es\/wp-content\/uploads\/2025\/12\/Filtro-Plano-Para-Aspiradora-De-Peluqueria.jpg","type":"image\/jpeg"}],"twitter_card":"summary_large_image","twitter_title":"Filtro Plano Para Aspiradora De Peluquer\u00eda","twitter_misc":{"Tempo estimado de leitura":"7 minutos"},"schema":{"@context":"https:\/\/schema.org","@graph":[{"@type":"WebPage","@id":"https:\/\/salonforall.es\/filtro-plano-para-aspiradora-de-peluqueria\/","url":"https:\/\/salonforall.es\/filtro-plano-para-aspiradora-de-peluqueria\/","name":"Filtro plano para aspirador de cabeleireiro Comprar","isPartOf":{"@id":"https:\/\/salonforall.es\/#website"},"primaryImageOfPage":{"@id":"https:\/\/salonforall.es\/filtro-plano-para-aspiradora-de-peluqueria\/#primaryimage"},"image":{"@id":"https:\/\/salonforall.es\/filtro-plano-para-aspiradora-de-peluqueria\/#primaryimage"},"thumbnailUrl":"https:\/\/salonforall.es\/wp-content\/uploads\/2025\/12\/Filtro-Plano-Para-Aspiradora-De-Peluqueria.jpg","datePublished":"2025-12-02T13:39:22+00:00","dateModified":"2026-03-24T16:29:39+00:00","description":"Comprar Filtro plano para aspirador de cabeleireiro online ou no showroom da Salon For ALL Espanha. O grossista para sal\u00f5es, cl\u00ednicas de est\u00e9tica e spas em Espanha e Portugal.","breadcrumb":{"@id":"https:\/\/salonforall.es\/filtro-plano-para-aspiradora-de-peluqueria\/#breadcrumb"},"inLanguage":"pt-PT","potentialAction":[{"@type":"ReadAction","target":["https:\/\/salonforall.es\/filtro-plano-para-aspiradora-de-peluqueria\/"]}]},{"@type":"ImageObject","inLanguage":"pt-PT","@id":"https:\/\/salonforall.es\/filtro-plano-para-aspiradora-de-peluqueria\/#primaryimage","url":"https:\/\/salonforall.es\/wp-content\/uploads\/2025\/12\/Filtro-Plano-Para-Aspiradora-De-Peluqueria.jpg","contentUrl":"https:\/\/salonforall.es\/wp-content\/uploads\/2025\/12\/Filtro-Plano-Para-Aspiradora-De-Peluqueria.jpg","width":1200,"height":1200,"caption":"Filtro Plano Para Aspiradora De Peluquer\u00eda"},{"@type":"BreadcrumbList","@id":"https:\/\/salonforall.es\/filtro-plano-para-aspiradora-de-peluqueria\/#breadcrumb","itemListElement":[{"@type":"ListItem","position":1,"name":"Home","item":"https:\/\/salonforall.es\/"},{"@type":"ListItem","position":2,"name":"Winkel","item":"https:\/\/salonforall.es\/winkel\/"},{"@type":"ListItem","position":3,"name":"Filtro Plano Para Aspiradora De Peluquer\u00eda"}]},{"@type":"WebSite","@id":"https:\/\/salonforall.es\/#website","url":"https:\/\/salonforall.es\/","name":"Sal\u00e3o de beleza para toda a Espanha","description":"Grossista de mobili\u00e1rio e material para sal\u00f5es de beleza e consult\u00f3rios","publisher":{"@id":"https:\/\/salonforall.es\/#organization"},"potentialAction":[{"@type":"SearchAction","target":{"@type":"EntryPoint","urlTemplate":"https:\/\/salonforall.es\/?s={search_term_string}"},"query-input":{"@type":"PropertyValueSpecification","valueRequired":true,"valueName":"search_term_string"}}],"inLanguage":"pt-PT"},{"@type":"Organization","@id":"https:\/\/salonforall.es\/#organization","name":"Salon For All B.V. Espanha","alternateName":"Salon For All B.V. Espa\u00f1a - Mayorista de equipamiento para consultas, salones y suministros","url":"https:\/\/salonforall.es\/","logo":{"@type":"ImageObject","inLanguage":"pt-PT","@id":"https:\/\/salonforall.es\/#\/schema\/logo\/image\/","url":"https:\/\/salonforall.es\/wp-content\/uploads\/2025\/11\/logo-salon-for-all-e1764543185849.png","contentUrl":"https:\/\/salonforall.es\/wp-content\/uploads\/2025\/11\/logo-salon-for-all-e1764543185849.png","width":500,"height":150,"caption":"Salon For All B.V. Espa\u00f1a"},"image":{"@id":"https:\/\/salonforall.es\/#\/schema\/logo\/image\/"}}]}},"_links":{"self":[{"href":"https:\/\/salonforall.es\/pt\/wp-json\/wp\/v2\/product\/16345","targetHints":{"allow":["GET"]}}],"collection":[{"href":"https:\/\/salonforall.es\/pt\/wp-json\/wp\/v2\/product"}],"about":[{"href":"https:\/\/salonforall.es\/pt\/wp-json\/wp\/v2\/types\/product"}],"replies":[{"embeddable":true,"href":"https:\/\/salonforall.es\/pt\/wp-json\/wp\/v2\/comments?post=16345"}],"wp:featuredmedia":[{"embeddable":true,"href":"https:\/\/salonforall.es\/pt\/wp-json\/wp\/v2\/media\/16346"}],"wp:attachment":[{"href":"https:\/\/salonforall.es\/pt\/wp-json\/wp\/v2\/media?parent=16345"}],"wp:term":[{"taxonomy":"product_brand","embeddable":true,"href":"https:\/\/salonforall.es\/pt\/wp-json\/wp\/v2\/product_brand?post=16345"},{"taxonomy":"product_cat","embeddable":true,"href":"https:\/\/salonforall.es\/pt\/wp-json\/wp\/v2\/product_cat?post=16345"},{"taxonomy":"product_tag","embeddable":true,"href":"https:\/\/salonforall.es\/pt\/wp-json\/wp\/v2\/product_tag?post=16345"}],"curies":[{"name":"wp","href":"https:\/\/api.w.org\/{rel}","templated":true}]}}