{"id":15953,"date":"2025-12-02T14:33:17","date_gmt":"2025-12-02T13:33:17","guid":{"rendered":"https:\/\/salonforall.es\/product\/silla-giratoria-4rico-qs-of212g-gris\/"},"modified":"2026-03-24T17:29:13","modified_gmt":"2026-03-24T16:29:13","slug":"cadeira-giratoria-4rico-qs-of212g-cinzento","status":"publish","type":"product","link":"https:\/\/salonforall.es\/pt\/silla-giratoria-4rico-qs-of212g-gris\/","title":{"rendered":"Cadeira girat\u00f3ria 4Rico Qs-Of212G Cinzento"},"content":{"rendered":"<h2>Informa\u00e7\u00f5es sobre 4Rico Qs-Of212G Cadeira girat\u00f3ria cinzenta n\u00famero do artigo 148134<\/h2>\n<p><img decoding=\"async\" src=\"https:\/\/activeshop.com.pl\/media\/wysiwyg\/product\/148134\/EN_148134_1.jpg\"><\/p>\n<p>O mobili\u00e1rio 4Rico combina funcionalidade e conforto. As poltronas e cadeiras de maquilhagem dispon\u00edveis distinguem-se por uma vasta sele\u00e7\u00e3o de padr\u00f5es, cores e materiais de estofo. Ser\u00e3o um toque sofisticado em qualquer espa\u00e7o, seja ele profissional ou dom\u00e9stico.<\/p>\n<p><img decoding=\"async\" src=\"https:\/\/activeshop.com.pl\/media\/wysiwyg\/product\/148134\/EN_148134_2.jpg\"><\/p>\n<h2><strong>Cadeira elegante e funcional<\/strong><\/h2>\n<p>A elegante cadeira 4Rico QS-OF212G, estofada num material agrad\u00e1vel ao toque, com costuras est\u00e9ticas e elementos polidos em tons dourados, integra-se perfeitamente em qualquer interior. O mobili\u00e1rio caracteriza-se pela sua <strong>eleg\u00e2ncia intemporal<\/strong> e a sua grande versatilidade: \u00e9 perfeito para sal\u00f5es profissionais, como sal\u00f5es de beleza, sal\u00f5es de unhas, escrit\u00f3rios ou recep\u00e7\u00f5es elegantes, bem como para uso dom\u00e9stico.<\/p>\n<p><img decoding=\"async\" src=\"https:\/\/activeshop.com.pl\/media\/wysiwyg\/product\/148134\/EN_148134_3.jpg\"><\/p>\n<h2><strong>Grandes possibilidades de ajuste<\/strong><\/h2>\n<p>A cadeira est\u00e1 equipada com um <strong>mecanismo de rota\u00e7\u00e3o total<\/strong>, O eficiente pist\u00e3o a g\u00e1s permite uma regula\u00e7\u00e3o f\u00e1cil e suave da altura do assento entre 43 e 54 cm. O eficiente pist\u00e3o a g\u00e1s permite uma regula\u00e7\u00e3o f\u00e1cil e suave da altura do assento entre 43 e 54 cm. Isto permite que a cadeira seja adaptada \u00e0s necessidades individuais e aos servi\u00e7os prestados, assegurando um elevado n\u00edvel de conforto para o utilizador, quer seja durante a maquilhagem, o alinhamento das sobrancelhas ou outras actividades. A cadeira <strong>suporte com um perfil adequado<\/strong> garante o conforto do assento, o apoio das costas e facilita a <strong>posicionamento correto dos ombros<\/strong>. A abertura entre o encosto e o assento facilita a limpeza da sala de estar.<\/p>\n<p><img decoding=\"async\" src=\"https:\/\/activeshop.com.pl\/media\/wysiwyg\/product\/148134\/EN_148134_4.jpg\"><\/p>\n<h2><strong>Design elegante para maior conforto<\/strong><\/h2>\n<p><strong>O seu acabamento elegante<\/strong> torna a pe\u00e7a de mobili\u00e1rio atractiva. O estofo em veludo em tons de cinzento, agrad\u00e1vel ao toque, confere-lhe um car\u00e1cter \u00fanico. A base dourada confere eleg\u00e2ncia, combinando perfeitamente com o veludo, e os rod\u00edzios funcionais asseguram a mobilidade, facilitando a desloca\u00e7\u00e3o da cadeira pela sala de estar enquanto trabalha. A est\u00e9tica da sua constru\u00e7\u00e3o, o conforto da sua utiliza\u00e7\u00e3o, a <strong>costura decorativa<\/strong> e o encosto ergon\u00f3mico permitem que a cadeira satisfa\u00e7a as necessidades dos utilizadores mais exigentes.<\/p>\n<p><img decoding=\"async\" src=\"https:\/\/activeshop.com.pl\/media\/wysiwyg\/product\/148134\/EN_148134_5.jpg\"><\/p>\n<p>As dimens\u00f5es exactas est\u00e3o indicadas na fotografia.<br \/><strong>O conjunto inclui: <\/strong>assento, base com atuador e kit de montagem.<\/p>\n<p><strong>Dados:<\/strong><br \/>Material do estofo: veludo<br \/>Atuador: elevador de g\u00e1s<br \/>Cor dos estofos: tons de cinzento<br \/>Cor de base: tons dourados<br \/>Os elementos banhados a ouro s\u00e3o lacados. N\u00e3o s\u00e3o admiss\u00edveis reclama\u00e7\u00f5es por danos mec\u00e2nicos no revestimento.<\/p>\n<p>Os produtos da Activeshop s\u00e3o proporcionalmente mais baratos do que os de muitas outras marcas\/fornecedores. O pre\u00e7o est\u00e1 em rela\u00e7\u00e3o com a qualidade. A Cadeira Girat\u00f3ria 4Rico Qs-Of212G Cinza \u00e9, portanto, uma solu\u00e7\u00e3o econ\u00f3mica para o seu sal\u00e3o.<\/p>\n<h2>Como \u00e9 entregue a cadeira girat\u00f3ria 4Rico Qs-Of212G cinzenta?<\/h2>\n<p>A cadeira girat\u00f3ria 4Rico Qs-Of212G Gris \u00e9 entregue na(s) embalagem(ns) original(ais). Dentro de Espanha, o envio de Silla Giratoria 4Rico Qs-Of212G Gris \u00e9 totalmente gratuito para encomendas superiores a 100,- Euro. Para envios para outros pa\u00edses, aplicam-se taxas de envio separadas. Pode verificar estas taxas connosco ou v\u00ea-las no carrinho de compras. A cadeira girat\u00f3ria 4Rico Qs-Of212G Gris \u00e9 enviada atrav\u00e9s de um servi\u00e7o de correio externo.<\/p>\n<p>As encomendas ou paletes s\u00e3o entregues, por norma, at\u00e9 \u00e0 soleira da porta da frente, mesmo que se encontre num edif\u00edcio coletivo, num edif\u00edcio de apartamentos ou num complexo de apartamentos com elevador (desde que o artigo caiba no elevador). N\u00e3o h\u00e1 elevador dispon\u00edvel ou o artigo n\u00e3o cabe no elevador? Ent\u00e3o entregamos at\u00e9 \u00e0 soleira do r\u00e9s do ch\u00e3o.<\/p>\n<p>Se ainda tem d\u00favidas sobre a entrega ou uma situa\u00e7\u00e3o especial, contacte-nos e teremos todo o gosto em ajud\u00e1-lo!<\/p>\n<p>*Os artigos n\u00e3o s\u00e3o desempacotados ou montados como padr\u00e3o. Em situa\u00e7\u00f5es especiais, pode contactar-nos para combinarmos as condi\u00e7\u00f5es.<\/p>\n<h2>Compras online seguras na Salon For All com o selo de qualidade Webwinkelkeur e encripta\u00e7\u00e3o SSL.<\/h2>\n<p>\u00c9 importante para n\u00f3s que os nossos clientes possam fazer compras com seguran\u00e7a na nossa loja online. Estamos afiliados ao selo de qualidade nacional Webwinkelkeur desde 2019. A nossa identidade foi verificada e verificada por eles, e a loja online foi verificada e legalmente aprovada. Al\u00e9m disso, a nossa loja online \u00e9 afiliada a eles para media\u00e7\u00e3o de conflitos. Pode ver o log\u00f3tipo com todas as informa\u00e7\u00f5es deste selo de qualidade da loja online no lado esquerdo ou direito da loja online (bot\u00e3o rosa com branco). Al\u00e9m disso, o nosso s\u00edtio est\u00e1 protegido por um certificado SSL para que possa navegar em seguran\u00e7a connosco. Na barra do seu navegador de Internet, onde aparece o nosso s\u00edtio Web, ver\u00e1 um \u00edcone de cadeado. Se clicar no cadeado, obter\u00e1 todas as informa\u00e7\u00f5es sobre a nossa seguran\u00e7a. Desta forma, sabe que a sua encomenda de 4Rico Swivel Chair Qs-Of212G Grey e os seus dados pessoais s\u00e3o processados de forma segura.<\/p>\n<h2>Como posso pagar a cadeira girat\u00f3ria 4Rico Qs-Of212G cinzenta?<\/h2>\n<p>Queremos tornar as coisas o mais f\u00e1ceis poss\u00edvel para si. \u00c9 por isso que na Salon For All pode pagar com todos os m\u00e9todos de pagamento populares. Pagar antecipadamente, na entrega ou depois - tudo \u00e9 poss\u00edvel. Veja aqui todos os m\u00e9todos de pagamento que oferecemos:<\/p>\n<ul>\n<li>iDEAL<\/li>\n<li>Cart\u00e3o de cr\u00e9dito (Visa, Mastercard, American Express)<\/li>\n<li>Klarna - Pagamento na entrega com fatura<\/li>\n<li>PayPal<\/li>\n<li>Apple Pay<\/li>\n<li>Google Pay<\/li>\n<li>Bizum (para clientes espanh\u00f3is)<\/li>\n<li>Transfer\u00eancia banc\u00e1ria SEPA<\/li>\n<li>Contacto com o banco<\/li>\n<li>Fatura comercial para empresas<\/li>\n<li>Pagamento na sala de exposi\u00e7\u00f5es - Cart\u00e3o e dinheiro (apenas dispon\u00edvel \u00e0 cobran\u00e7a)<\/li>\n<\/ul>\n<h2>Veja tamb\u00e9m as opini\u00f5es de Salon For All<\/h2>\n<p>Consulte tamb\u00e9m as nossas opini\u00f5es para ter em conta as experi\u00eancias dos nossos clientes actuais na sua decis\u00e3o de encomendar 4Rico Swivel Chair Qs-Of212G Grey connosco. Atrav\u00e9s do nosso selo de qualidade independente da loja online Webwinkelkeur, s\u00e3o recolhidas automaticamente as opini\u00f5es verificadas dos clientes que efectuaram uma encomenda connosco. Pode encontr\u00e1-las atr\u00e1s do bot\u00e3o rosa na nossa loja online ou listadas por baixo dos produtos.<\/p>\n<p>Partilhe tamb\u00e9m a sua experi\u00eancia ap\u00f3s fazer uma compra com a sua encomenda Cadeira Girat\u00f3ria 4Rico Qs-Of212G Cinzenta e a sua experi\u00eancia com o processo de compra ou com o contacto da Salon For All, para inspirar outras pessoas!<\/p>\n<h2>Contactar o Salon For All<\/h2>\n<p>Ent\u00e3o, contacte-nos. Teremos todo o gosto em ajud\u00e1-lo na sua compra de 4Rico Swivel Chair Qs-Of212G Grey. Durante a semana, estamos dispon\u00edveis entre as 8h30 e as 17h00, atrav\u00e9s do n\u00famero de telefone e do endere\u00e7o de correio eletr\u00f3nico indicados no topo da loja online ou atrav\u00e9s da fun\u00e7\u00e3o de chat. Os pedidos de informa\u00e7\u00e3o fora do hor\u00e1rio de expediente s\u00e3o normalmente respondidos no prazo de 24 horas. Tamb\u00e9m \u00e9 poss\u00edvel visitar-nos fora dos dias \u00fateis ou do hor\u00e1rio de expediente. No entanto, \u00e9 necess\u00e1rio efetuar uma marca\u00e7\u00e3o pr\u00e9via.<\/p>\n<h2>Gostaria de visitar a nossa sala de exposi\u00e7\u00f5es?<\/h2>\n<p>Prefere ver a cadeira girat\u00f3ria 4Rico Qs-Of212G cinzenta ou consultar a nossa oferta de loja (online) juntamente com um colega? Ent\u00e3o visite o nosso showroom com mais de 1000m\u00b2 de equipamento para salas de estar e deixe-se inspirar pela nossa equipa. Al\u00e9m disso, se gosta de nos conhecer agradavelmente com uma ch\u00e1vena de caf\u00e9 ou ch\u00e1, \u00e9 muito bem-vindo. N\u00e3o temos todos os produtos em stock, por isso, por favor, avise-nos com anteced\u00eancia de que gostaria de vir. Marque sempre uma visita com anteced\u00eancia.<\/p>\n<h2>14 dias de reflex\u00e3o e a nossa pol\u00edtica de devolu\u00e7\u00e3o<\/h2>\n<p>\u00c9 claro que pode acontecer que a Cadeira Girat\u00f3ria 4Rico Qs-Of212G Cinzenta entregue n\u00e3o seja totalmente do seu agrado e queira devolv\u00ea-la. Isso n\u00e3o \u00e9 problema para a Salon For All. Deve notificar a sua devolu\u00e7\u00e3o no prazo de 14 dias \u00fateis atrav\u00e9s de info@salonforall.es. Receber\u00e1 ent\u00e3o primeiro todas as instru\u00e7\u00f5es e condi\u00e7\u00f5es de devolu\u00e7\u00e3o. Tenha em aten\u00e7\u00e3o que a cadeira girat\u00f3ria 4Rico Qs-Of212G Cinzento n\u00e3o deve ser utilizada, deve conter todas as pe\u00e7as fornecidas e deve ser devolvida na embalagem original. Os custos de envio para uma devolu\u00e7\u00e3o s\u00e3o sempre a cargo do comprador para compras atrav\u00e9s de www.salonforall.es. Deve organizar o transporte com uma transportadora \u00e0 sua escolha para uma devolu\u00e7\u00e3o. Ap\u00f3s a devolu\u00e7\u00e3o da Cadeira girat\u00f3ria 4Rico Qs-Of212G Cinzento, ser\u00e1 verificada a sua integridade e eventuais danos. Uma vez aprovada a devolu\u00e7\u00e3o, o montante da compra ser\u00e1 reembolsado no prazo de 5 dias \u00fateis na conta banc\u00e1ria que temos registada.<\/p>\n<h2>Quem \u00e9 o Salon For All?<\/h2>\n<p>A Salon For All \u00e9 o grossista de todo o equipamento para sal\u00f5es de beleza na Europa. A Salon For All come\u00e7ou em 2003 com o nome Salonvoordeel e cresceu a partir da pr\u00e1tica. Os propriet\u00e1rios da Salon For All eram cabeleireiros experientes e especialistas em beleza e t\u00eam, em conjunto, mais de 30 anos de experi\u00eancia pr\u00e1tica. Em 2003, lan\u00e7\u00e1mos o Salonvoordeel.nl (Pa\u00edses Baixos) e, posteriormente, o Salon For All foi fundado para o mercado europeu. Alguns dos nossos funcion\u00e1rios come\u00e7aram o seu pr\u00f3prio neg\u00f3cio e assim nasceu a ideia de lan\u00e7ar uma loja online funcional para cabeleireiros e para os ajudar com o seu equipamento de sal\u00e3o.<\/p>\n<p>O nosso showroom est\u00e1 situado em Dinxperlo, diretamente na fronteira entre os Pa\u00edses Baixos e a Alemanha. Com os nossos muitos anos de experi\u00eancia no sector, podemos ser o seu espelho e dar-lhe os conselhos certos - falamos a mesma l\u00edngua! Aconselhamo-lo, inspiramo-nos, motivamo-lo e apoiamo-lo na compra da cadeira girat\u00f3ria 4Rico Qs-Of212G Grey. Os nossos fornecedores est\u00e3o localizados em toda a Europa, desde a Alemanha, Inglaterra, It\u00e1lia at\u00e9 \u00e0 Pol\u00f3nia.<\/p>","protected":false},"excerpt":{"rendered":"<p>O produto Cadeira Girat\u00f3ria 4Rico Qs-Of212G Cinza \u00e9 uma solu\u00e7\u00e3o de alta qualidade para qualquer sala de estar. O prazo de entrega estimado \u00e9 de aproximadamente 6 dias \u00fateis.<\/p>","protected":false},"featured_media":15954,"comment_status":"open","ping_status":"open","template":"","meta":[],"product_brand":[4091],"product_cat":[4092],"product_tag":[4093],"class_list":{"0":"post-15953","1":"product","2":"type-product","3":"status-publish","4":"has-post-thumbnail","6":"product_brand-4rico","7":"product_cat-muebles-4rico","8":"product_tag-muebles-4rico","9":"pa_codigo-ean-7759","10":"pa_garantia-12-meses","11":"pa_marca-4rico","12":"pa_numero-de-articulo-6070","13":"pa_tiempo-estimado-de-entrega-4-5-dias-laborables","15":"first","16":"instock","17":"sale","18":"taxable","19":"shipping-taxable","20":"purchasable","21":"product-type-simple"},"yoast_head":"<!-- This site is optimized with the Yoast SEO plugin v27.6 - https:\/\/yoast.com\/product\/yoast-seo-wordpress\/ -->\n<title>Silla Giratoria 4Rico Qs-Of212G Gris comprar<\/title>\n<meta name=\"description\" content=\"Compra Silla Giratoria 4Rico Qs-Of212G Gris online o en el showroom en Salon For ALL Espa\u00f1a. El mayorista para salones, consultas y spas en Espa\u00f1a y Portugal.\" \/>\n<meta name=\"robots\" content=\"index, follow, max-snippet:-1, max-image-preview:large, max-video-preview:-1\" \/>\n<link rel=\"canonical\" href=\"https:\/\/salonforall.es\/pt\/cadeira-giratoria-4rico-qs-of212g-cinzento\/\" \/>\n<meta property=\"og:locale\" content=\"pt_PT\" \/>\n<meta property=\"og:type\" content=\"article\" \/>\n<meta property=\"og:title\" content=\"Silla Giratoria 4Rico Qs-Of212G Gris\" \/>\n<meta property=\"og:description\" content=\"Compra Silla Giratoria 4Rico Qs-Of212G Gris online o en el showroom en Salon For ALL Espa\u00f1a. El mayorista para salones, consultas y spas en Espa\u00f1a y Portugal.\" \/>\n<meta property=\"og:url\" content=\"https:\/\/salonforall.es\/pt\/cadeira-giratoria-4rico-qs-of212g-cinzento\/\" \/>\n<meta property=\"og:site_name\" content=\"Salon For ALL Espa\u00f1a\" \/>\n<meta property=\"article:modified_time\" content=\"2026-03-24T16:29:13+00:00\" \/>\n<meta property=\"og:image\" content=\"https:\/\/salonforall.es\/wp-content\/uploads\/2025\/12\/Silla-Giratoria-4Rico-Qs-Of212G-Gris.jpg\" \/>\n\t<meta property=\"og:image:width\" content=\"1200\" \/>\n\t<meta property=\"og:image:height\" content=\"1200\" \/>\n\t<meta property=\"og:image:type\" content=\"image\/jpeg\" \/>\n<meta name=\"twitter:card\" content=\"summary_large_image\" \/>\n<meta name=\"twitter:title\" content=\"Silla Giratoria 4Rico Qs-Of212G Gris\" \/>\n<meta name=\"twitter:label1\" content=\"Tempo estimado de leitura\" \/>\n\t<meta name=\"twitter:data1\" content=\"8 minutos\" \/>\n<script type=\"application\/ld+json\" class=\"yoast-schema-graph\">{\"@context\":\"https:\\\/\\\/schema.org\",\"@graph\":[{\"@type\":\"WebPage\",\"@id\":\"https:\\\/\\\/salonforall.es\\\/silla-giratoria-4rico-qs-of212g-gris\\\/\",\"url\":\"https:\\\/\\\/salonforall.es\\\/silla-giratoria-4rico-qs-of212g-gris\\\/\",\"name\":\"Silla Giratoria 4Rico Qs-Of212G Gris comprar\",\"isPartOf\":{\"@id\":\"https:\\\/\\\/salonforall.es\\\/#website\"},\"primaryImageOfPage\":{\"@id\":\"https:\\\/\\\/salonforall.es\\\/silla-giratoria-4rico-qs-of212g-gris\\\/#primaryimage\"},\"image\":{\"@id\":\"https:\\\/\\\/salonforall.es\\\/silla-giratoria-4rico-qs-of212g-gris\\\/#primaryimage\"},\"thumbnailUrl\":\"https:\\\/\\\/salonforall.es\\\/wp-content\\\/uploads\\\/2025\\\/12\\\/Silla-Giratoria-4Rico-Qs-Of212G-Gris.jpg\",\"datePublished\":\"2025-12-02T13:33:17+00:00\",\"dateModified\":\"2026-03-24T16:29:13+00:00\",\"description\":\"Compra Silla Giratoria 4Rico Qs-Of212G Gris online o en el showroom en Salon For ALL Espa\u00f1a. El mayorista para salones, consultas y spas en Espa\u00f1a y Portugal.\",\"breadcrumb\":{\"@id\":\"https:\\\/\\\/salonforall.es\\\/silla-giratoria-4rico-qs-of212g-gris\\\/#breadcrumb\"},\"inLanguage\":\"pt-PT\",\"potentialAction\":[{\"@type\":\"ReadAction\",\"target\":[\"https:\\\/\\\/salonforall.es\\\/silla-giratoria-4rico-qs-of212g-gris\\\/\"]}]},{\"@type\":\"ImageObject\",\"inLanguage\":\"pt-PT\",\"@id\":\"https:\\\/\\\/salonforall.es\\\/silla-giratoria-4rico-qs-of212g-gris\\\/#primaryimage\",\"url\":\"https:\\\/\\\/salonforall.es\\\/wp-content\\\/uploads\\\/2025\\\/12\\\/Silla-Giratoria-4Rico-Qs-Of212G-Gris.jpg\",\"contentUrl\":\"https:\\\/\\\/salonforall.es\\\/wp-content\\\/uploads\\\/2025\\\/12\\\/Silla-Giratoria-4Rico-Qs-Of212G-Gris.jpg\",\"width\":1200,\"height\":1200,\"caption\":\"Silla Giratoria 4Rico Qs-Of212G Gris\"},{\"@type\":\"BreadcrumbList\",\"@id\":\"https:\\\/\\\/salonforall.es\\\/silla-giratoria-4rico-qs-of212g-gris\\\/#breadcrumb\",\"itemListElement\":[{\"@type\":\"ListItem\",\"position\":1,\"name\":\"Home\",\"item\":\"https:\\\/\\\/salonforall.es\\\/\"},{\"@type\":\"ListItem\",\"position\":2,\"name\":\"Winkel\",\"item\":\"https:\\\/\\\/salonforall.es\\\/winkel\\\/\"},{\"@type\":\"ListItem\",\"position\":3,\"name\":\"Silla Giratoria 4Rico Qs-Of212G Gris\"}]},{\"@type\":\"WebSite\",\"@id\":\"https:\\\/\\\/salonforall.es\\\/#website\",\"url\":\"https:\\\/\\\/salonforall.es\\\/\",\"name\":\"Salon For ALL Espa\u00f1a\",\"description\":\"Mayorista de mobiliario y suministros para consultorios y salones\",\"publisher\":{\"@id\":\"https:\\\/\\\/salonforall.es\\\/#organization\"},\"potentialAction\":[{\"@type\":\"SearchAction\",\"target\":{\"@type\":\"EntryPoint\",\"urlTemplate\":\"https:\\\/\\\/salonforall.es\\\/?s={search_term_string}\"},\"query-input\":{\"@type\":\"PropertyValueSpecification\",\"valueRequired\":true,\"valueName\":\"search_term_string\"}}],\"inLanguage\":\"pt-PT\"},{\"@type\":\"Organization\",\"@id\":\"https:\\\/\\\/salonforall.es\\\/#organization\",\"name\":\"Salon For All B.V. Espa\u00f1a\",\"alternateName\":\"Salon For All B.V. Espa\u00f1a - Mayorista de equipamiento para consultas, salones y suministros\",\"url\":\"https:\\\/\\\/salonforall.es\\\/\",\"logo\":{\"@type\":\"ImageObject\",\"inLanguage\":\"pt-PT\",\"@id\":\"https:\\\/\\\/salonforall.es\\\/#\\\/schema\\\/logo\\\/image\\\/\",\"url\":\"https:\\\/\\\/salonforall.es\\\/wp-content\\\/uploads\\\/2025\\\/11\\\/logo-salon-for-all-e1764543185849.png\",\"contentUrl\":\"https:\\\/\\\/salonforall.es\\\/wp-content\\\/uploads\\\/2025\\\/11\\\/logo-salon-for-all-e1764543185849.png\",\"width\":500,\"height\":150,\"caption\":\"Salon For All B.V. Espa\u00f1a\"},\"image\":{\"@id\":\"https:\\\/\\\/salonforall.es\\\/#\\\/schema\\\/logo\\\/image\\\/\"}}]}<\/script>\n<!-- \/ Yoast SEO plugin. -->","yoast_head_json":{"title":"4Rico Qs-Of212G Cadeira girat\u00f3ria cinzenta comprar","description":"Compre 4Rico Swivel Chair Qs-Of212G Grey online ou no showroom da Salon For ALL Spain. O grossista para sal\u00f5es, consult\u00f3rios e spas em Espanha e Portugal.","robots":{"index":"index","follow":"follow","max-snippet":"max-snippet:-1","max-image-preview":"max-image-preview:large","max-video-preview":"max-video-preview:-1"},"canonical":"https:\/\/salonforall.es\/pt\/cadeira-giratoria-4rico-qs-of212g-cinzento\/","og_locale":"pt_PT","og_type":"article","og_title":"Silla Giratoria 4Rico Qs-Of212G Gris","og_description":"Compra Silla Giratoria 4Rico Qs-Of212G Gris online o en el showroom en Salon For ALL Espa\u00f1a. El mayorista para salones, consultas y spas en Espa\u00f1a y Portugal.","og_url":"https:\/\/salonforall.es\/pt\/cadeira-giratoria-4rico-qs-of212g-cinzento\/","og_site_name":"Salon For ALL Espa\u00f1a","article_modified_time":"2026-03-24T16:29:13+00:00","og_image":[{"width":1200,"height":1200,"url":"https:\/\/salonforall.es\/wp-content\/uploads\/2025\/12\/Silla-Giratoria-4Rico-Qs-Of212G-Gris.jpg","type":"image\/jpeg"}],"twitter_card":"summary_large_image","twitter_title":"Silla Giratoria 4Rico Qs-Of212G Gris","twitter_misc":{"Tempo estimado de leitura":"8 minutos"},"schema":{"@context":"https:\/\/schema.org","@graph":[{"@type":"WebPage","@id":"https:\/\/salonforall.es\/silla-giratoria-4rico-qs-of212g-gris\/","url":"https:\/\/salonforall.es\/silla-giratoria-4rico-qs-of212g-gris\/","name":"4Rico Qs-Of212G Cadeira girat\u00f3ria cinzenta comprar","isPartOf":{"@id":"https:\/\/salonforall.es\/#website"},"primaryImageOfPage":{"@id":"https:\/\/salonforall.es\/silla-giratoria-4rico-qs-of212g-gris\/#primaryimage"},"image":{"@id":"https:\/\/salonforall.es\/silla-giratoria-4rico-qs-of212g-gris\/#primaryimage"},"thumbnailUrl":"https:\/\/salonforall.es\/wp-content\/uploads\/2025\/12\/Silla-Giratoria-4Rico-Qs-Of212G-Gris.jpg","datePublished":"2025-12-02T13:33:17+00:00","dateModified":"2026-03-24T16:29:13+00:00","description":"Compre 4Rico Swivel Chair Qs-Of212G Grey online ou no showroom da Salon For ALL Spain. O grossista para sal\u00f5es, consult\u00f3rios e spas em Espanha e Portugal.","breadcrumb":{"@id":"https:\/\/salonforall.es\/silla-giratoria-4rico-qs-of212g-gris\/#breadcrumb"},"inLanguage":"pt-PT","potentialAction":[{"@type":"ReadAction","target":["https:\/\/salonforall.es\/silla-giratoria-4rico-qs-of212g-gris\/"]}]},{"@type":"ImageObject","inLanguage":"pt-PT","@id":"https:\/\/salonforall.es\/silla-giratoria-4rico-qs-of212g-gris\/#primaryimage","url":"https:\/\/salonforall.es\/wp-content\/uploads\/2025\/12\/Silla-Giratoria-4Rico-Qs-Of212G-Gris.jpg","contentUrl":"https:\/\/salonforall.es\/wp-content\/uploads\/2025\/12\/Silla-Giratoria-4Rico-Qs-Of212G-Gris.jpg","width":1200,"height":1200,"caption":"Silla Giratoria 4Rico Qs-Of212G Gris"},{"@type":"BreadcrumbList","@id":"https:\/\/salonforall.es\/silla-giratoria-4rico-qs-of212g-gris\/#breadcrumb","itemListElement":[{"@type":"ListItem","position":1,"name":"Home","item":"https:\/\/salonforall.es\/"},{"@type":"ListItem","position":2,"name":"Winkel","item":"https:\/\/salonforall.es\/winkel\/"},{"@type":"ListItem","position":3,"name":"Silla Giratoria 4Rico Qs-Of212G Gris"}]},{"@type":"WebSite","@id":"https:\/\/salonforall.es\/#website","url":"https:\/\/salonforall.es\/","name":"Sal\u00e3o de beleza para toda a Espanha","description":"Grossista de mobili\u00e1rio e material para sal\u00f5es de beleza e consult\u00f3rios","publisher":{"@id":"https:\/\/salonforall.es\/#organization"},"potentialAction":[{"@type":"SearchAction","target":{"@type":"EntryPoint","urlTemplate":"https:\/\/salonforall.es\/?s={search_term_string}"},"query-input":{"@type":"PropertyValueSpecification","valueRequired":true,"valueName":"search_term_string"}}],"inLanguage":"pt-PT"},{"@type":"Organization","@id":"https:\/\/salonforall.es\/#organization","name":"Salon For All B.V. Espanha","alternateName":"Salon For All B.V. Espa\u00f1a - Mayorista de equipamiento para consultas, salones y suministros","url":"https:\/\/salonforall.es\/","logo":{"@type":"ImageObject","inLanguage":"pt-PT","@id":"https:\/\/salonforall.es\/#\/schema\/logo\/image\/","url":"https:\/\/salonforall.es\/wp-content\/uploads\/2025\/11\/logo-salon-for-all-e1764543185849.png","contentUrl":"https:\/\/salonforall.es\/wp-content\/uploads\/2025\/11\/logo-salon-for-all-e1764543185849.png","width":500,"height":150,"caption":"Salon For All B.V. Espa\u00f1a"},"image":{"@id":"https:\/\/salonforall.es\/#\/schema\/logo\/image\/"}}]}},"_links":{"self":[{"href":"https:\/\/salonforall.es\/pt\/wp-json\/wp\/v2\/product\/15953","targetHints":{"allow":["GET"]}}],"collection":[{"href":"https:\/\/salonforall.es\/pt\/wp-json\/wp\/v2\/product"}],"about":[{"href":"https:\/\/salonforall.es\/pt\/wp-json\/wp\/v2\/types\/product"}],"replies":[{"embeddable":true,"href":"https:\/\/salonforall.es\/pt\/wp-json\/wp\/v2\/comments?post=15953"}],"wp:featuredmedia":[{"embeddable":true,"href":"https:\/\/salonforall.es\/pt\/wp-json\/wp\/v2\/media\/15954"}],"wp:attachment":[{"href":"https:\/\/salonforall.es\/pt\/wp-json\/wp\/v2\/media?parent=15953"}],"wp:term":[{"taxonomy":"product_brand","embeddable":true,"href":"https:\/\/salonforall.es\/pt\/wp-json\/wp\/v2\/product_brand?post=15953"},{"taxonomy":"product_cat","embeddable":true,"href":"https:\/\/salonforall.es\/pt\/wp-json\/wp\/v2\/product_cat?post=15953"},{"taxonomy":"product_tag","embeddable":true,"href":"https:\/\/salonforall.es\/pt\/wp-json\/wp\/v2\/product_tag?post=15953"}],"curies":[{"name":"wp","href":"https:\/\/api.w.org\/{rel}","templated":true}]}}