{"id":15733,"date":"2025-12-02T14:31:17","date_gmt":"2025-12-02T13:31:17","guid":{"rendered":"https:\/\/salonforall.es\/product\/preparacion-podoland-podoserum-restauracion-de-piel-y-unas-15-ml\/"},"modified":"2026-03-24T17:28:12","modified_gmt":"2026-03-24T16:28:12","slug":"podoland-podoserum-preparacao-para-a-restauracao-da-pele-e-das-unhas-15-ml","status":"publish","type":"product","link":"https:\/\/salonforall.es\/pt\/preparacion-podoland-podoserum-restauracion-de-piel-y-unas-15-ml\/","title":{"rendered":"Podoland Podoserum Prepara\u00e7\u00e3o para a Restaura\u00e7\u00e3o da Pele e Unhas 15 Ml"},"content":{"rendered":"<h2>Informa\u00e7\u00e3o sobre Podoland Podoserum Prepara\u00e7\u00e3o para a Restaura\u00e7\u00e3o da Pele e Unhas 15 Ml com o n\u00famero de artigo 149589<\/h2>\n<p><strong>PodoSerum - Reconstru\u00e7\u00e3o da pele e das unhas<\/strong><\/p>\n<p>O s\u00e9rum regenerador e reparador de unhas PodoSerum foi criado por podologistas de topo com muitos anos de experi\u00eancia no cuidado e preven\u00e7\u00e3o da sa\u00fade dos p\u00e9s. Gra\u00e7as a uma f\u00f3rmula bem pensada e cuidadosamente formulada, o produto apoia a reconstru\u00e7\u00e3o da l\u00e2mina ungueal e da epiderme, al\u00e9m de ter um efeito positivo no seu estado e na sua est\u00e9tica. Al\u00e9m disso, o \u00f3leo da \u00e1rvore do ch\u00e1 que cont\u00e9m tem propriedades antibacterianas.<\/p>\n<p><strong>PodoSerum:<\/strong><\/p>\n<ul>\n<li>aumenta a flexibilidade da placa ungueal e a sua resist\u00eancia aos danos<\/li>\n<li>hidrata e refor\u00e7a a epiderme das pregas periungueais<\/li>\n<li>ao nutrir a matriz, favorece a reconstru\u00e7\u00e3o e a regenera\u00e7\u00e3o das unhas.<\/li>\n<li>refor\u00e7a a capacidade natural da epiderme para se regenerar<\/li>\n<li>reduz a descolora\u00e7\u00e3o e previne a forma\u00e7\u00e3o de descolora\u00e7\u00e3o<\/li>\n<\/ul>\n<p><strong>Ingredientes activos:<\/strong><\/p>\n<p>Colag\u00e9nio: previne a fragilidade, ajuda a nutrir o leito ungueal e favorece o crescimento das unhas<br \/>Sumo de alo\u00e9 vera mexicano: cont\u00e9m vitamina B12, magn\u00e9sio, prote\u00ednas e \u00e1cidos gordos: compostos necess\u00e1rios para o crescimento saud\u00e1vel das unhas.<br \/>Biotina: melhora a hidrata\u00e7\u00e3o do leito ungueal, torna a placa ungueal mais flex\u00edvel e previne a fragilidade.<br \/>\u00d3leo essencial de \u00e1rvore-do-ch\u00e1: rico em antioxidantes e terpenos, reduz a descolora\u00e7\u00e3o e a fragilidade das unhas e tem propriedades antibacterianas.<\/p>\n<p><strong>Instru\u00e7\u00f5es de utiliza\u00e7\u00e3o:<\/strong> Com o aplicador que se encontra na extremidade do frasco, aplicar suavemente uma ou duas gotas de s\u00e9rum na pele limpa e seca, na matriz da unha e sob a placa ungueal, esfregando ligeiramente. Utilizar duas vezes por dia.<\/p>\n<p>Conservar \u00e0 temperatura ambiente, ao abrigo do calor e da luz. N\u00e3o utilizar em caso de hipersensibilidade a qualquer um dos ingredientes.<\/p>\n<p>O produto \u00e9 fabricado em condi\u00e7\u00f5es de produ\u00e7\u00e3o e de controlo de qualidade certificadas, em conformidade com a norma ISO 22716.<\/p>\n<p><strong>Produto:<\/strong> Podol\u00e2ndia<\/p>\n<p>Os produtos da Activeshop s\u00e3o proporcionalmente mais baratos do que os de muitas outras marcas\/fornecedores. O pre\u00e7o est\u00e1 em rela\u00e7\u00e3o com a qualidade. Podoland Podoserum Prepara\u00e7\u00e3o para a Restaura\u00e7\u00e3o da Pele e Unhas 15 Ml \u00e9, portanto, uma solu\u00e7\u00e3o acess\u00edvel para o seu sal\u00e3o.<\/p>\n<h2>Como \u00e9 que o Podoland Podoserum Prepara\u00e7\u00e3o para a Restaura\u00e7\u00e3o da Pele e Unhas 15 Ml \u00e9 entregue?<\/h2>\n<p>Podoland Podoserum Preparation Skin &amp; Nail Restoration 15 Ml \u00e9 entregue na(s) embalagem(ns) original(ais). Em Espanha, o envio de Podoland Podoserum Preparation Skin And Nail Restoration 15 Ml \u00e9 totalmente gratuito para encomendas superiores a 100,- Euro. Para envios para outros pa\u00edses, aplicam-se taxas de envio separadas. Pode verificar estas taxas connosco ou v\u00ea-las no carrinho de compras. Podoland Podoserum Prepara\u00e7\u00e3o para a Restaura\u00e7\u00e3o da Pele e Unhas 15 Ml \u00e9 enviado atrav\u00e9s de um servi\u00e7o de correio externo.<\/p>\n<p>As encomendas ou paletes s\u00e3o entregues, por norma, at\u00e9 \u00e0 soleira da porta da frente, mesmo que se encontre num edif\u00edcio coletivo, num edif\u00edcio de apartamentos ou num complexo de apartamentos com elevador (desde que o artigo caiba no elevador). N\u00e3o h\u00e1 elevador dispon\u00edvel ou o artigo n\u00e3o cabe no elevador? Ent\u00e3o entregamos at\u00e9 \u00e0 soleira do r\u00e9s do ch\u00e3o.<\/p>\n<p>Se ainda tem d\u00favidas sobre a entrega ou uma situa\u00e7\u00e3o especial, contacte-nos e teremos todo o gosto em ajud\u00e1-lo!<\/p>\n<p>*Os artigos n\u00e3o s\u00e3o desempacotados ou montados como padr\u00e3o. Em situa\u00e7\u00f5es especiais, pode contactar-nos para combinarmos as condi\u00e7\u00f5es.<\/p>\n<h2>Compras online seguras na Salon For All com o selo de qualidade Webwinkelkeur e encripta\u00e7\u00e3o SSL.<\/h2>\n<p>\u00c9 importante para n\u00f3s que os nossos clientes possam fazer compras com seguran\u00e7a na nossa loja online. Estamos afiliados ao selo de qualidade nacional Webwinkelkeur desde 2019. A nossa identidade foi verificada e verificada por eles, e a loja online foi verificada e legalmente aprovada. Al\u00e9m disso, a nossa loja online \u00e9 afiliada a eles para media\u00e7\u00e3o de conflitos. Pode ver o log\u00f3tipo com todas as informa\u00e7\u00f5es deste selo de qualidade da loja online no lado esquerdo ou direito da loja online (bot\u00e3o rosa com branco). Al\u00e9m disso, o nosso s\u00edtio est\u00e1 protegido por um certificado SSL para que possa navegar em seguran\u00e7a connosco. Na barra do seu navegador de Internet, onde aparece o nosso s\u00edtio Web, ver\u00e1 um \u00edcone de cadeado. Se clicar no cadeado, obter\u00e1 todas as informa\u00e7\u00f5es sobre a nossa seguran\u00e7a. Desta forma, sabe que a sua encomenda de Podoland Podoserum Skin &amp; Nail Restoration Preparation 15 Ml e os seus dados pessoais s\u00e3o processados de forma segura.<\/p>\n<h2>Como posso pagar o Podoland Podoserum Prepara\u00e7\u00e3o para a Restaura\u00e7\u00e3o da Pele e Unhas 15 Ml?<\/h2>\n<p>Queremos tornar as coisas o mais f\u00e1ceis poss\u00edvel para si. \u00c9 por isso que na Salon For All pode pagar com todos os m\u00e9todos de pagamento populares. Pagar antecipadamente, na entrega ou depois - tudo \u00e9 poss\u00edvel. Veja aqui todos os m\u00e9todos de pagamento que oferecemos:<\/p>\n<ul>\n<li>iDEAL<\/li>\n<li>Cart\u00e3o de cr\u00e9dito (Visa, Mastercard, American Express)<\/li>\n<li>Klarna - Pagamento na entrega com fatura<\/li>\n<li>PayPal<\/li>\n<li>Apple Pay<\/li>\n<li>Google Pay<\/li>\n<li>Bizum (para clientes espanh\u00f3is)<\/li>\n<li>Transfer\u00eancia banc\u00e1ria SEPA<\/li>\n<li>Contacto com o banco<\/li>\n<li>Fatura comercial para empresas<\/li>\n<li>Pagamento na sala de exposi\u00e7\u00f5es - Cart\u00e3o e dinheiro (apenas dispon\u00edvel \u00e0 cobran\u00e7a)<\/li>\n<\/ul>\n<h2>Veja tamb\u00e9m as opini\u00f5es de Salon For All<\/h2>\n<p>Por favor, verifique tamb\u00e9m as nossas opini\u00f5es para ter em conta as experi\u00eancias dos nossos clientes actuais na sua decis\u00e3o de encomendar Podoland Podoserum Prepara\u00e7\u00e3o para a Restaura\u00e7\u00e3o da Pele e Unhas 15 Ml connosco. Atrav\u00e9s do selo de qualidade da nossa loja online independente Webwinkelkeur, as opini\u00f5es verificadas s\u00e3o automaticamente recolhidas dos clientes que conclu\u00edram uma encomenda connosco. Pode encontr\u00e1-los atr\u00e1s do bot\u00e3o rosa na nossa loja online ou est\u00e3o listados sob os produtos.<\/p>\n<p>Partilhe tamb\u00e9m a sua experi\u00eancia ap\u00f3s a compra da sua encomenda Podoland Podoserum Skin &amp; Nail Restoration Preparation 15 Ml e a sua experi\u00eancia com o processo de compra ou o contacto com Salon For All para inspirar outras pessoas!<\/p>\n<h2>Contactar o Salon For All<\/h2>\n<p>Contacte-nos ent\u00e3o. Teremos todo o gosto em ajud\u00e1-lo com a compra de Podoland Podoserum Prepara\u00e7\u00e3o para a Restaura\u00e7\u00e3o da Pele e Unhas 15 Ml. Nos dias \u00fateis, estamos dispon\u00edveis entre as 8h30 e as 17h00, atrav\u00e9s do n\u00famero de telefone e do endere\u00e7o de correio eletr\u00f3nico indicados no topo da loja online ou atrav\u00e9s da fun\u00e7\u00e3o de chat. Os pedidos de informa\u00e7\u00e3o fora do hor\u00e1rio de expediente s\u00e3o normalmente respondidos no prazo de 24 horas. Tamb\u00e9m \u00e9 poss\u00edvel visitar-nos fora dos dias \u00fateis ou do hor\u00e1rio de expediente. No entanto, \u00e9 necess\u00e1rio efetuar uma marca\u00e7\u00e3o pr\u00e9via.<\/p>\n<h2>Gostaria de visitar a nossa sala de exposi\u00e7\u00f5es?<\/h2>\n<p>Prefere ver Podoland Podoserum Prepara\u00e7\u00e3o para a Restaura\u00e7\u00e3o da Pele e Unhas 15 Ml ou ver a nossa oferta de loja (online) juntamente com um colega? Ent\u00e3o visite o nosso showroom com mais de 1000m\u00b2 de equipamento de sal\u00e3o e deixe-se inspirar pela nossa equipa. Se tamb\u00e9m gosta de nos conhecer agradavelmente durante uma ch\u00e1vena de caf\u00e9 ou ch\u00e1, \u00e9 muito bem-vindo. N\u00e3o temos todos os produtos em stock, por isso, por favor, avise-nos com anteced\u00eancia que gostaria de vir. Marque sempre uma visita com anteced\u00eancia.<\/p>\n<h2>14 dias de reflex\u00e3o e a nossa pol\u00edtica de devolu\u00e7\u00e3o<\/h2>\n<p>\u00c9 claro que pode acontecer que Podoland Podoserum Prepara\u00e7\u00e3o para a Restaura\u00e7\u00e3o da Pele e Unhas 15 Ml entregue n\u00e3o seja completamente do seu agrado e deseje devolv\u00ea-la. Isso n\u00e3o \u00e9 problema para a Salon For All. Deve notificar a sua devolu\u00e7\u00e3o no prazo de 14 dias \u00fateis atrav\u00e9s de info@salonforall.es. Receber\u00e1 ent\u00e3o primeiro todas as instru\u00e7\u00f5es e condi\u00e7\u00f5es de devolu\u00e7\u00e3o. Tenha em aten\u00e7\u00e3o que a Prepara\u00e7\u00e3o para a Restaura\u00e7\u00e3o da Pele e Unhas Podoland Podoserum 15 Ml n\u00e3o deve ter sido utilizada, deve conter todas as pe\u00e7as fornecidas e deve ser devolvida na embalagem original. Os custos de transporte para uma devolu\u00e7\u00e3o s\u00e3o sempre por conta do comprador em compras via www.salonforall.es. Deve organizar um transporte com uma empresa de transporte da sua escolha para uma devolu\u00e7\u00e3o. Ap\u00f3s a devolu\u00e7\u00e3o do produto Podoland Podoserum Prepara\u00e7\u00e3o para a Restaura\u00e7\u00e3o da Pele e Unhas 15 Ml, ser\u00e1 verificada a sua integridade e eventuais danos. Uma vez aprovada a devolu\u00e7\u00e3o, o montante da compra ser\u00e1 reembolsado no prazo de 5 dias \u00fateis para a conta banc\u00e1ria que temos registada.<\/p>\n<h2>Quem \u00e9 o Salon For All?<\/h2>\n<p>A Salon For All \u00e9 o grossista de todo o equipamento para sal\u00f5es de beleza na Europa. A Salon For All come\u00e7ou em 2003 com o nome Salonvoordeel e cresceu a partir da pr\u00e1tica. Os propriet\u00e1rios da Salon For All eram cabeleireiros experientes e especialistas em beleza e t\u00eam, em conjunto, mais de 30 anos de experi\u00eancia pr\u00e1tica. Em 2003, lan\u00e7\u00e1mos o Salonvoordeel.nl (Pa\u00edses Baixos) e, posteriormente, o Salon For All foi fundado para o mercado europeu. Alguns dos nossos funcion\u00e1rios come\u00e7aram o seu pr\u00f3prio neg\u00f3cio e assim nasceu a ideia de lan\u00e7ar uma loja online funcional para cabeleireiros e para os ajudar com o seu equipamento de sal\u00e3o.<\/p>\n<p>O nosso showroom est\u00e1 situado em Dinxperlo, diretamente na fronteira entre os Pa\u00edses Baixos e a Alemanha. Com os nossos muitos anos de experi\u00eancia no sector, podemos servir de espelho e fornecer-lhe os conselhos certos - falamos a mesma l\u00edngua! Aconselhamo-lo, inspiramo-lo, motivamo-lo e apoiamo-lo na compra de Podoland Podoserum Prepara\u00e7\u00e3o para a Restaura\u00e7\u00e3o da Pele e Unhas 15 Ml. Os nossos fornecedores est\u00e3o localizados em toda a Europa, desde a Alemanha, Inglaterra, It\u00e1lia at\u00e9 \u00e0 Pol\u00f3nia.<\/p>","protected":false},"excerpt":{"rendered":"<p>O produto Podoland Podoserum Prepara\u00e7\u00e3o para a Restaura\u00e7\u00e3o da Pele e Unhas 15 Ml \u00e9 uma solu\u00e7\u00e3o de alta qualidade para qualquer sal\u00e3o de beleza. O prazo de entrega estimado \u00e9 de aproximadamente 6 dias \u00fateis.<\/p>","protected":false},"featured_media":15734,"comment_status":"open","ping_status":"open","template":"","meta":[],"product_brand":[5973],"product_cat":[161,5975,5974],"product_tag":[164,5977,5976],"class_list":{"0":"post-15733","1":"product","2":"type-product","3":"status-publish","4":"has-post-thumbnail","6":"product_brand-podoland","7":"product_cat-podologia","8":"product_cat-preparados-podoland","9":"product_cat-productos-podoland","10":"product_tag-podologia","11":"product_tag-preparados-podoland","12":"product_tag-productos-podoland","13":"pa_codigo-ean-7759","14":"pa_garantia-12-meses","15":"pa_marca-podoland","16":"pa_numero-de-articulo-5978","17":"pa_tiempo-estimado-de-entrega-4-5-dias-laborables","19":"first","20":"instock","21":"sale","22":"taxable","23":"shipping-taxable","24":"purchasable","25":"product-type-simple"},"yoast_head":"<!-- This site is optimized with the Yoast SEO plugin v27.6 - https:\/\/yoast.com\/product\/yoast-seo-wordpress\/ -->\n<title>Preparaci\u00f3n Podoland Podoserum Restauraci\u00f3n De Piel Y U\u00f1as 15 Ml comprar<\/title>\n<meta name=\"description\" content=\"Compra Preparaci\u00f3n Podoland Podoserum Restauraci\u00f3n De Piel Y U\u00f1as 15 Ml online o en el showroom en Salon For ALL Espa\u00f1a. El mayorista para salones, consultas y spas en Espa\u00f1a y Portugal.\" \/>\n<meta name=\"robots\" content=\"index, follow, max-snippet:-1, max-image-preview:large, max-video-preview:-1\" \/>\n<link rel=\"canonical\" href=\"https:\/\/salonforall.es\/pt\/podoland-podoserum-preparacao-para-a-restauracao-da-pele-e-das-unhas-15-ml\/\" \/>\n<meta property=\"og:locale\" content=\"pt_PT\" \/>\n<meta property=\"og:type\" content=\"article\" \/>\n<meta property=\"og:title\" content=\"Preparaci\u00f3n Podoland Podoserum Restauraci\u00f3n De Piel Y U\u00f1as 15 Ml\" \/>\n<meta property=\"og:description\" content=\"Compra Preparaci\u00f3n Podoland Podoserum Restauraci\u00f3n De Piel Y U\u00f1as 15 Ml online o en el showroom en Salon For ALL Espa\u00f1a. El mayorista para salones, consultas y spas en Espa\u00f1a y Portugal.\" \/>\n<meta property=\"og:url\" content=\"https:\/\/salonforall.es\/pt\/podoland-podoserum-preparacao-para-a-restauracao-da-pele-e-das-unhas-15-ml\/\" \/>\n<meta property=\"og:site_name\" content=\"Salon For ALL Espa\u00f1a\" \/>\n<meta property=\"article:modified_time\" content=\"2026-03-24T16:28:12+00:00\" \/>\n<meta property=\"og:image\" content=\"https:\/\/salonforall.es\/wp-content\/uploads\/2025\/12\/Preparacion-Podoland-Podoserum-Restauracion-De-Piel-Y-Unas-15-Ml.jpg\" \/>\n\t<meta property=\"og:image:width\" content=\"1200\" \/>\n\t<meta property=\"og:image:height\" content=\"1200\" \/>\n\t<meta property=\"og:image:type\" content=\"image\/jpeg\" \/>\n<meta name=\"twitter:card\" content=\"summary_large_image\" \/>\n<meta name=\"twitter:title\" content=\"Preparaci\u00f3n Podoland Podoserum Restauraci\u00f3n De Piel Y U\u00f1as 15 Ml\" \/>\n<meta name=\"twitter:label1\" content=\"Tempo estimado de leitura\" \/>\n\t<meta name=\"twitter:data1\" content=\"8 minutos\" \/>\n<script type=\"application\/ld+json\" class=\"yoast-schema-graph\">{\"@context\":\"https:\\\/\\\/schema.org\",\"@graph\":[{\"@type\":\"WebPage\",\"@id\":\"https:\\\/\\\/salonforall.es\\\/preparacion-podoland-podoserum-restauracion-de-piel-y-unas-15-ml\\\/\",\"url\":\"https:\\\/\\\/salonforall.es\\\/preparacion-podoland-podoserum-restauracion-de-piel-y-unas-15-ml\\\/\",\"name\":\"Preparaci\u00f3n Podoland Podoserum Restauraci\u00f3n De Piel Y U\u00f1as 15 Ml comprar\",\"isPartOf\":{\"@id\":\"https:\\\/\\\/salonforall.es\\\/#website\"},\"primaryImageOfPage\":{\"@id\":\"https:\\\/\\\/salonforall.es\\\/preparacion-podoland-podoserum-restauracion-de-piel-y-unas-15-ml\\\/#primaryimage\"},\"image\":{\"@id\":\"https:\\\/\\\/salonforall.es\\\/preparacion-podoland-podoserum-restauracion-de-piel-y-unas-15-ml\\\/#primaryimage\"},\"thumbnailUrl\":\"https:\\\/\\\/salonforall.es\\\/wp-content\\\/uploads\\\/2025\\\/12\\\/Preparacion-Podoland-Podoserum-Restauracion-De-Piel-Y-Unas-15-Ml.jpg\",\"datePublished\":\"2025-12-02T13:31:17+00:00\",\"dateModified\":\"2026-03-24T16:28:12+00:00\",\"description\":\"Compra Preparaci\u00f3n Podoland Podoserum Restauraci\u00f3n De Piel Y U\u00f1as 15 Ml online o en el showroom en Salon For ALL Espa\u00f1a. El mayorista para salones, consultas y spas en Espa\u00f1a y Portugal.\",\"breadcrumb\":{\"@id\":\"https:\\\/\\\/salonforall.es\\\/preparacion-podoland-podoserum-restauracion-de-piel-y-unas-15-ml\\\/#breadcrumb\"},\"inLanguage\":\"pt-PT\",\"potentialAction\":[{\"@type\":\"ReadAction\",\"target\":[\"https:\\\/\\\/salonforall.es\\\/preparacion-podoland-podoserum-restauracion-de-piel-y-unas-15-ml\\\/\"]}]},{\"@type\":\"ImageObject\",\"inLanguage\":\"pt-PT\",\"@id\":\"https:\\\/\\\/salonforall.es\\\/preparacion-podoland-podoserum-restauracion-de-piel-y-unas-15-ml\\\/#primaryimage\",\"url\":\"https:\\\/\\\/salonforall.es\\\/wp-content\\\/uploads\\\/2025\\\/12\\\/Preparacion-Podoland-Podoserum-Restauracion-De-Piel-Y-Unas-15-Ml.jpg\",\"contentUrl\":\"https:\\\/\\\/salonforall.es\\\/wp-content\\\/uploads\\\/2025\\\/12\\\/Preparacion-Podoland-Podoserum-Restauracion-De-Piel-Y-Unas-15-Ml.jpg\",\"width\":1200,\"height\":1200,\"caption\":\"Preparaci\u00f3n Podoland Podoserum Restauraci\u00f3n De Piel Y U\u00f1as 15 Ml\"},{\"@type\":\"BreadcrumbList\",\"@id\":\"https:\\\/\\\/salonforall.es\\\/preparacion-podoland-podoserum-restauracion-de-piel-y-unas-15-ml\\\/#breadcrumb\",\"itemListElement\":[{\"@type\":\"ListItem\",\"position\":1,\"name\":\"Home\",\"item\":\"https:\\\/\\\/salonforall.es\\\/\"},{\"@type\":\"ListItem\",\"position\":2,\"name\":\"Winkel\",\"item\":\"https:\\\/\\\/salonforall.es\\\/winkel\\\/\"},{\"@type\":\"ListItem\",\"position\":3,\"name\":\"Preparaci\u00f3n Podoland Podoserum Restauraci\u00f3n De Piel Y U\u00f1as 15 Ml\"}]},{\"@type\":\"WebSite\",\"@id\":\"https:\\\/\\\/salonforall.es\\\/#website\",\"url\":\"https:\\\/\\\/salonforall.es\\\/\",\"name\":\"Salon For ALL Espa\u00f1a\",\"description\":\"Mayorista de mobiliario y suministros para consultorios y salones\",\"publisher\":{\"@id\":\"https:\\\/\\\/salonforall.es\\\/#organization\"},\"potentialAction\":[{\"@type\":\"SearchAction\",\"target\":{\"@type\":\"EntryPoint\",\"urlTemplate\":\"https:\\\/\\\/salonforall.es\\\/?s={search_term_string}\"},\"query-input\":{\"@type\":\"PropertyValueSpecification\",\"valueRequired\":true,\"valueName\":\"search_term_string\"}}],\"inLanguage\":\"pt-PT\"},{\"@type\":\"Organization\",\"@id\":\"https:\\\/\\\/salonforall.es\\\/#organization\",\"name\":\"Salon For All B.V. Espa\u00f1a\",\"alternateName\":\"Salon For All B.V. Espa\u00f1a - Mayorista de equipamiento para consultas, salones y suministros\",\"url\":\"https:\\\/\\\/salonforall.es\\\/\",\"logo\":{\"@type\":\"ImageObject\",\"inLanguage\":\"pt-PT\",\"@id\":\"https:\\\/\\\/salonforall.es\\\/#\\\/schema\\\/logo\\\/image\\\/\",\"url\":\"https:\\\/\\\/salonforall.es\\\/wp-content\\\/uploads\\\/2025\\\/11\\\/logo-salon-for-all-e1764543185849.png\",\"contentUrl\":\"https:\\\/\\\/salonforall.es\\\/wp-content\\\/uploads\\\/2025\\\/11\\\/logo-salon-for-all-e1764543185849.png\",\"width\":500,\"height\":150,\"caption\":\"Salon For All B.V. Espa\u00f1a\"},\"image\":{\"@id\":\"https:\\\/\\\/salonforall.es\\\/#\\\/schema\\\/logo\\\/image\\\/\"}}]}<\/script>\n<!-- \/ Yoast SEO plugin. -->","yoast_head_json":{"title":"Podoland Podoserum Prepara\u00e7\u00e3o para a Restaura\u00e7\u00e3o da Pele e Unhas 15 Ml comprar","description":"Compre Podoland Podoserum Prepara\u00e7\u00e3o para a restaura\u00e7\u00e3o da pele e unhas 15 Ml online ou no showroom da Salon For ALL Spain. O grossista para sal\u00f5es, consult\u00f3rios e spas em Espanha e Portugal.","robots":{"index":"index","follow":"follow","max-snippet":"max-snippet:-1","max-image-preview":"max-image-preview:large","max-video-preview":"max-video-preview:-1"},"canonical":"https:\/\/salonforall.es\/pt\/podoland-podoserum-preparacao-para-a-restauracao-da-pele-e-das-unhas-15-ml\/","og_locale":"pt_PT","og_type":"article","og_title":"Preparaci\u00f3n Podoland Podoserum Restauraci\u00f3n De Piel Y U\u00f1as 15 Ml","og_description":"Compra Preparaci\u00f3n Podoland Podoserum Restauraci\u00f3n De Piel Y U\u00f1as 15 Ml online o en el showroom en Salon For ALL Espa\u00f1a. El mayorista para salones, consultas y spas en Espa\u00f1a y Portugal.","og_url":"https:\/\/salonforall.es\/pt\/podoland-podoserum-preparacao-para-a-restauracao-da-pele-e-das-unhas-15-ml\/","og_site_name":"Salon For ALL Espa\u00f1a","article_modified_time":"2026-03-24T16:28:12+00:00","og_image":[{"width":1200,"height":1200,"url":"https:\/\/salonforall.es\/wp-content\/uploads\/2025\/12\/Preparacion-Podoland-Podoserum-Restauracion-De-Piel-Y-Unas-15-Ml.jpg","type":"image\/jpeg"}],"twitter_card":"summary_large_image","twitter_title":"Preparaci\u00f3n Podoland Podoserum Restauraci\u00f3n De Piel Y U\u00f1as 15 Ml","twitter_misc":{"Tempo estimado de leitura":"8 minutos"},"schema":{"@context":"https:\/\/schema.org","@graph":[{"@type":"WebPage","@id":"https:\/\/salonforall.es\/preparacion-podoland-podoserum-restauracion-de-piel-y-unas-15-ml\/","url":"https:\/\/salonforall.es\/preparacion-podoland-podoserum-restauracion-de-piel-y-unas-15-ml\/","name":"Podoland Podoserum Prepara\u00e7\u00e3o para a Restaura\u00e7\u00e3o da Pele e Unhas 15 Ml comprar","isPartOf":{"@id":"https:\/\/salonforall.es\/#website"},"primaryImageOfPage":{"@id":"https:\/\/salonforall.es\/preparacion-podoland-podoserum-restauracion-de-piel-y-unas-15-ml\/#primaryimage"},"image":{"@id":"https:\/\/salonforall.es\/preparacion-podoland-podoserum-restauracion-de-piel-y-unas-15-ml\/#primaryimage"},"thumbnailUrl":"https:\/\/salonforall.es\/wp-content\/uploads\/2025\/12\/Preparacion-Podoland-Podoserum-Restauracion-De-Piel-Y-Unas-15-Ml.jpg","datePublished":"2025-12-02T13:31:17+00:00","dateModified":"2026-03-24T16:28:12+00:00","description":"Compre Podoland Podoserum Prepara\u00e7\u00e3o para a restaura\u00e7\u00e3o da pele e unhas 15 Ml online ou no showroom da Salon For ALL Spain. O grossista para sal\u00f5es, consult\u00f3rios e spas em Espanha e Portugal.","breadcrumb":{"@id":"https:\/\/salonforall.es\/preparacion-podoland-podoserum-restauracion-de-piel-y-unas-15-ml\/#breadcrumb"},"inLanguage":"pt-PT","potentialAction":[{"@type":"ReadAction","target":["https:\/\/salonforall.es\/preparacion-podoland-podoserum-restauracion-de-piel-y-unas-15-ml\/"]}]},{"@type":"ImageObject","inLanguage":"pt-PT","@id":"https:\/\/salonforall.es\/preparacion-podoland-podoserum-restauracion-de-piel-y-unas-15-ml\/#primaryimage","url":"https:\/\/salonforall.es\/wp-content\/uploads\/2025\/12\/Preparacion-Podoland-Podoserum-Restauracion-De-Piel-Y-Unas-15-Ml.jpg","contentUrl":"https:\/\/salonforall.es\/wp-content\/uploads\/2025\/12\/Preparacion-Podoland-Podoserum-Restauracion-De-Piel-Y-Unas-15-Ml.jpg","width":1200,"height":1200,"caption":"Preparaci\u00f3n Podoland Podoserum Restauraci\u00f3n De Piel Y U\u00f1as 15 Ml"},{"@type":"BreadcrumbList","@id":"https:\/\/salonforall.es\/preparacion-podoland-podoserum-restauracion-de-piel-y-unas-15-ml\/#breadcrumb","itemListElement":[{"@type":"ListItem","position":1,"name":"Home","item":"https:\/\/salonforall.es\/"},{"@type":"ListItem","position":2,"name":"Winkel","item":"https:\/\/salonforall.es\/winkel\/"},{"@type":"ListItem","position":3,"name":"Preparaci\u00f3n Podoland Podoserum Restauraci\u00f3n De Piel Y U\u00f1as 15 Ml"}]},{"@type":"WebSite","@id":"https:\/\/salonforall.es\/#website","url":"https:\/\/salonforall.es\/","name":"Sal\u00e3o de beleza para toda a Espanha","description":"Grossista de mobili\u00e1rio e material para sal\u00f5es de beleza e consult\u00f3rios","publisher":{"@id":"https:\/\/salonforall.es\/#organization"},"potentialAction":[{"@type":"SearchAction","target":{"@type":"EntryPoint","urlTemplate":"https:\/\/salonforall.es\/?s={search_term_string}"},"query-input":{"@type":"PropertyValueSpecification","valueRequired":true,"valueName":"search_term_string"}}],"inLanguage":"pt-PT"},{"@type":"Organization","@id":"https:\/\/salonforall.es\/#organization","name":"Salon For All B.V. Espanha","alternateName":"Salon For All B.V. Espa\u00f1a - Mayorista de equipamiento para consultas, salones y suministros","url":"https:\/\/salonforall.es\/","logo":{"@type":"ImageObject","inLanguage":"pt-PT","@id":"https:\/\/salonforall.es\/#\/schema\/logo\/image\/","url":"https:\/\/salonforall.es\/wp-content\/uploads\/2025\/11\/logo-salon-for-all-e1764543185849.png","contentUrl":"https:\/\/salonforall.es\/wp-content\/uploads\/2025\/11\/logo-salon-for-all-e1764543185849.png","width":500,"height":150,"caption":"Salon For All B.V. Espa\u00f1a"},"image":{"@id":"https:\/\/salonforall.es\/#\/schema\/logo\/image\/"}}]}},"_links":{"self":[{"href":"https:\/\/salonforall.es\/pt\/wp-json\/wp\/v2\/product\/15733","targetHints":{"allow":["GET"]}}],"collection":[{"href":"https:\/\/salonforall.es\/pt\/wp-json\/wp\/v2\/product"}],"about":[{"href":"https:\/\/salonforall.es\/pt\/wp-json\/wp\/v2\/types\/product"}],"replies":[{"embeddable":true,"href":"https:\/\/salonforall.es\/pt\/wp-json\/wp\/v2\/comments?post=15733"}],"wp:featuredmedia":[{"embeddable":true,"href":"https:\/\/salonforall.es\/pt\/wp-json\/wp\/v2\/media\/15734"}],"wp:attachment":[{"href":"https:\/\/salonforall.es\/pt\/wp-json\/wp\/v2\/media?parent=15733"}],"wp:term":[{"taxonomy":"product_brand","embeddable":true,"href":"https:\/\/salonforall.es\/pt\/wp-json\/wp\/v2\/product_brand?post=15733"},{"taxonomy":"product_cat","embeddable":true,"href":"https:\/\/salonforall.es\/pt\/wp-json\/wp\/v2\/product_cat?post=15733"},{"taxonomy":"product_tag","embeddable":true,"href":"https:\/\/salonforall.es\/pt\/wp-json\/wp\/v2\/product_tag?post=15733"}],"curies":[{"name":"wp","href":"https:\/\/api.w.org\/{rel}","templated":true}]}}