{"id":14744,"date":"2025-12-02T14:16:35","date_gmt":"2025-12-02T13:16:35","guid":{"rendered":"https:\/\/salonforall.es\/product\/absorbedor-de-polvo-incorporado-momo-s-41-dorado\/"},"modified":"2026-03-24T17:15:42","modified_gmt":"2026-03-24T16:15:42","slug":"absorbedor-de-polvo-incorporado-momo-s-41-dorado","status":"publish","type":"product","link":"https:\/\/salonforall.es\/pt\/absorbedor-de-polvo-incorporado-momo-s-41-dorado\/","title":{"rendered":"Momo S-41 dourado com absorvedor de poeiras incorporado"},"content":{"rendered":"<h2>Informaci\u00f3n sobre Absorbedor De Polvo Incorporado Momo S-41 Dorado con n\u00famero de art\u00edculo 124816<\/h2>\n<p><strong>Momo<\/strong> fabrica excelentes acess\u00f3rios para manicura, incluindo absorventes de p\u00f3 e suportes pr\u00e1ticos. Estes produtos s\u00e3o perfeitos para trabalhar durante todo o dia. Uma vasta sele\u00e7\u00e3o de modelos e solu\u00e7\u00f5es pr\u00e1ticas satisfazem os utilizadores mais exigentes.<\/p>\n<p><img decoding=\"async\" src=\"https:\/\/activeshop.com.pl\/media\/wysiwyg\/product\/124816\/EN_124816_1.jpg\"><\/p>\n<h2><strong>Dispositivo indispensable para el estilismo de u\u00f1as<\/strong><\/h2>\n<p>O <strong>absorvedor de p\u00f3 Momo S-41<\/strong> integrado permite realizar tratamientos con un torno de u\u00f1as c\u00f3modamente, incluyendo una manicura precisa. El dispositivo, dise\u00f1ado para su instalaci\u00f3n en la encimera de un escritorio, responde a las necesidades de los estilistas, protegiendo eficazmente los pulmones tanto de empleados como de clientes del polvo generado durante el servicio.<\/p>\n<p><img decoding=\"async\" src=\"https:\/\/activeshop.com.pl\/media\/wysiwyg\/product\/124816\/EN_124816_2.jpg\"><\/p>\n<h2><strong>Ventoinha de alta velocidade<\/strong><\/h2>\n<p>Os estilistas de unhas, especialmente quando trabalham com um torno, est\u00e3o expostos a um contacto prolongado com o p\u00f3. Por isso, \u00e9 importante assegurar uma purifica\u00e7\u00e3o adequada do ar atrav\u00e9s de um absorvente de p\u00f3 eficiente. O silencioso aspirador de p\u00f3 de alta velocidade Momo S-41 garante conforto e seguran\u00e7a no trabalho. O dispositivo aspira eficazmente o p\u00f3, que \u00e9 depositado diretamente num saco espec\u00edfico. Para garantir uma seguran\u00e7a total, os sacos devem ser substitu\u00eddos periodicamente. As pe\u00e7as sobressalentes substitu\u00edveis podem ser adquiridas no nosso s\u00edtio Web.<\/p>\n<p><img decoding=\"async\" src=\"https:\/\/activeshop.com.pl\/media\/wysiwyg\/product\/124816\/EN_124816_3.jpg\"><\/p>\n<h2><strong>Solu\u00e7\u00f5es para a funcionalidade<\/strong><\/h2>\n<p>A possibilidade de instalar o absorvente na secret\u00e1ria \u00e9 uma excelente solu\u00e7\u00e3o que pode ser utilizada de v\u00e1rias formas. <strong>melhora a est\u00e9tica e a funcionalidade do local de trabalho<\/strong>. Isto facilita muito a manuten\u00e7\u00e3o de um <strong>elevado n\u00edvel de higiene<\/strong> na sala de estar. O absorvedor <strong>tem um aspeto est\u00e9tico agrad\u00e1vel e n\u00e3o ocupa espa\u00e7o valioso na secret\u00e1ria<\/strong>, Isto facilita muito a organiza\u00e7\u00e3o do posto de trabalho. A sua localiza\u00e7\u00e3o <strong>garante uma melhoria significativa da ergonomia no trabalho<\/strong>.<\/p>\n<p><img decoding=\"async\" src=\"https:\/\/activeshop.com.pl\/media\/wysiwyg\/product\/124816\/EN_124816_4.jpg\"><\/p>\n<h2><strong>Design moderno e minimalista<\/strong><\/h2>\n<p>Este modelo no solo es un dispositivo funcional, sino tambi\u00e9n elegante. Su estructura sencilla y la rejilla met\u00e1lica con un orificio absorbente de dise\u00f1o interesante le confieren un aspecto futurista que atrae la atenci\u00f3n de los clientes y lo convierte en un elemento distintivo y memorable del sal\u00f3n. Las superficies lacadas le dan al absorbedor un aspecto extremadamente elegante y, al mismo tiempo, es duradero, f\u00e1cil de mantener limpio y funcional.<\/p>\n<p><img decoding=\"async\" src=\"https:\/\/activeshop.com.pl\/media\/wysiwyg\/product\/124816\/EN_124816_5.jpg\"><\/p>\n<h2><strong>Modo de utiliza\u00e7\u00e3o:<\/strong><\/h2>\n<p>- Instale um saco de p\u00f3 no aparelho.<br \/>- Ligar o aparelho \u00e0 fonte de alimenta\u00e7\u00e3o atrav\u00e9s do cabo de alimenta\u00e7\u00e3o.<br \/>- Ligar o absorvedor com o interrutor.<br \/>- Depois de terminar o trabalho, desligar o aparelho da alimenta\u00e7\u00e3o el\u00e9ctrica e esvaziar o saco do p\u00f3.<\/p>\n<p>Ler atentamente as instru\u00e7\u00f5es antes de utilizar.<br \/><strong>O conjunto inclui:<\/strong> absorvente, dois sacos de p\u00f3 descart\u00e1veis, instru\u00e7\u00f5es.<\/p>\n<p><strong>Dados:<\/strong><br \/>N\u00famero de ventiladores: 1<br \/>Pot\u00eancia: 25 W<br \/>Tens\u00e3o: 220-240 V<br \/>Dimens\u00f5es do aparelho: 30\u00d717\u00d77,5 cm<br \/>Di\u00e2metro do orif\u00edcio de absor\u00e7\u00e3o: 12-15 cm<br \/>Garantia: 12 meses<\/p>\n<p>Los productos Activeshop son proporcionalmente m\u00e1s econ\u00f3micos que muchas otras marcas\/proveedores. El precio est\u00e1 en relaci\u00f3n con la calidad. Absorbedor De Polvo Incorporado Momo S-41 Dorado es por lo tanto una soluci\u00f3n accesible para su sal\u00f3n.<\/p>\n<h2>\u00bfC\u00f3mo se entrega Absorbedor De Polvo Incorporado Momo S-41 Dorado?<\/h2>\n<p>Absorbedor De Polvo Incorporado Momo S-41 Dorado se entrega en embalaje(s) original(es). Dentro de Espa\u00f1a el env\u00edo de Absorbedor De Polvo Incorporado Momo S-41 Dorado es completamente gratuito para pedidos a partir de 100,- euros. Para env\u00edos a otros pa\u00edses se aplican tarifas de env\u00edo separadas. Puede consultar estas tarifas con nosotros o verlas en el carrito de compra. Absorbedor De Polvo Incorporado Momo S-41 Dorado se env\u00eda a trav\u00e9s de un servicio de mensajer\u00eda externo.<\/p>\n<p>As encomendas ou paletes s\u00e3o entregues, por norma, at\u00e9 \u00e0 soleira da porta da frente, mesmo que se encontre num edif\u00edcio coletivo, num edif\u00edcio de apartamentos ou num complexo de apartamentos com elevador (desde que o artigo caiba no elevador). N\u00e3o h\u00e1 elevador dispon\u00edvel ou o artigo n\u00e3o cabe no elevador? Ent\u00e3o entregamos at\u00e9 \u00e0 soleira do r\u00e9s do ch\u00e3o.<\/p>\n<p>Se ainda tem d\u00favidas sobre a entrega ou uma situa\u00e7\u00e3o especial, contacte-nos e teremos todo o gosto em ajud\u00e1-lo!<\/p>\n<p>*Os artigos n\u00e3o s\u00e3o desempacotados ou montados como padr\u00e3o. Em situa\u00e7\u00f5es especiais, pode contactar-nos para combinarmos as condi\u00e7\u00f5es.<\/p>\n<h2>Compras online seguras na Salon For All com o selo de qualidade Webwinkelkeur e encripta\u00e7\u00e3o SSL.<\/h2>\n<p>Es importante para nosotros que nuestros clientes puedan comprar de forma segura en nuestra tienda online. Estamos afiliados al sello de calidad nacional Webwinkelkeur desde 2019. Nuestra identidad ha sido verificada y comprobada por ellos, y la tienda online ha sido revisada y aprobada legalmente. Adem\u00e1s, nuestra tienda online est\u00e1 afiliada a ellos para la mediaci\u00f3n de conflictos. Puede ver la insignia con toda la informaci\u00f3n de este sello de calidad de tienda online en el lado izquierdo o derecho de la tienda online (bot\u00f3n rosa con blanco). Adem\u00e1s, nuestro sitio est\u00e1 protegido con un certificado SSL para que pueda navegar de forma segura con nosotros. En la barra de su navegador de Internet, donde aparece nuestro sitio web, ver\u00e1 un icono de candado. Si hace clic en el candado, obtendr\u00e1 toda la informaci\u00f3n sobre nuestra seguridad. De esta manera sabe que su pedido de Absorbedor De Polvo Incorporado Momo S-41 Dorado y sus datos personales se procesan de forma segura.<\/p>\n<h2>\u00bfC\u00f3mo puedo pagar Absorbedor De Polvo Incorporado Momo S-41 Dorado?<\/h2>\n<p>Queremos tornar as coisas o mais f\u00e1ceis poss\u00edvel para si. \u00c9 por isso que na Salon For All pode pagar com todos os m\u00e9todos de pagamento populares. Pagar antecipadamente, na entrega ou depois - tudo \u00e9 poss\u00edvel. Veja aqui todos os m\u00e9todos de pagamento que oferecemos:<\/p>\n<ul>\n<li>iDEAL<\/li>\n<li>Cart\u00e3o de cr\u00e9dito (Visa, Mastercard, American Express)<\/li>\n<li>Klarna - Pagamento na entrega com fatura<\/li>\n<li>PayPal<\/li>\n<li>Apple Pay<\/li>\n<li>Google Pay<\/li>\n<li>Bizum (para clientes espanh\u00f3is)<\/li>\n<li>Transfer\u00eancia banc\u00e1ria SEPA<\/li>\n<li>Contacto com o banco<\/li>\n<li>Fatura comercial para empresas<\/li>\n<li>Pagamento na sala de exposi\u00e7\u00f5es - Cart\u00e3o e dinheiro (apenas dispon\u00edvel \u00e0 cobran\u00e7a)<\/li>\n<\/ul>\n<h2>Veja tamb\u00e9m as opini\u00f5es de Salon For All<\/h2>\n<p>Consulte tambi\u00e9n nuestras rese\u00f1as para tener en cuenta las experiencias de nuestros clientes actuales en su decisi\u00f3n de pedir Absorbedor De Polvo Incorporado Momo S-41 Dorado con nosotros. A trav\u00e9s de nuestro sello de calidad independiente de tienda online Webwinkelkeur, se recopilan autom\u00e1ticamente rese\u00f1as verificadas de clientes que han completado un pedido con nosotros. Puede encontrarlas detr\u00e1s del bot\u00f3n rosa en nuestra tienda online o aparecen listadas debajo de los productos.<\/p>\n<p>\u00a1Comparta tambi\u00e9n su experiencia despu\u00e9s de su compra con su Absorbedor De Polvo Incorporado Momo S-41 Dorado pedido y su experiencia con el proceso de compra o el contacto con Salon For All para inspirar a otros!<\/p>\n<h2>Contactar o Salon For All<\/h2>\n<p>Cont\u00e1ctenos entonces. Estaremos encantados de ayudarle con la adquisici\u00f3n de Absorbedor De Polvo Incorporado Momo S-41 Dorado. En d\u00edas laborables estamos mejor disponibles entre las 8.30 y las 17.00 horas a trav\u00e9s del n\u00famero de tel\u00e9fono y direcci\u00f3n de correo electr\u00f3nico en la parte superior de la tienda online o a trav\u00e9s de la funci\u00f3n de chat. Las consultas fuera del horario de oficina suelen responderse en un plazo de 24 horas. Tambi\u00e9n es posible visitarnos fuera de los d\u00edas laborables u horario de oficina. Pero para ello es necesario concertar una cita previa.<\/p>\n<h2>Gostaria de visitar a nossa sala de exposi\u00e7\u00f5es?<\/h2>\n<p>\u00bfPrefiere ver Absorbedor De Polvo Incorporado Momo S-41 Dorado o recorrer nuestra oferta de la tienda (online) junto con nuestro colega? Entonces visite nuestro showroom con m\u00e1s de 1000m\u00b2 de equipamiento para salones y d\u00e9jese inspirar por nuestros empleados. Tambi\u00e9n si le gusta conocernos de manera agradable disfrutando de una buena taza de caf\u00e9 o t\u00e9, es muy bienvenido. No tenemos todos los productos en stock, as\u00ed que h\u00e1ganos saber de antemano que desea venir. Concierte siempre una cita previa.<\/p>\n<h2>14 dias de reflex\u00e3o e a nossa pol\u00edtica de devolu\u00e7\u00e3o<\/h2>\n<p>Por supuesto puede ocurrir que Absorbedor De Polvo Incorporado Momo S-41 Dorado entregado no sea completamente de su agrado y desee devolverlo. Eso no es ning\u00fan problema en Salon For All. Debe notificar su devoluci\u00f3n dentro de 14 d\u00edas laborables a trav\u00e9s de info@salonforall.es. Entonces recibir\u00e1 primero todas las instrucciones y condiciones de devoluci\u00f3n. Tenga en cuenta que Absorbedor De Polvo Incorporado Momo S-41 Dorado no debe haber sido usado, debe contener todas las partes suministradas y debe devolverse empaquetado en el embalaje original. Los costos de env\u00edo de una devoluci\u00f3n son siempre a cargo del comprador en compras a trav\u00e9s de www.salonforall.es. Debe organizar usted mismo un transporte con una empresa de transporte de su elecci\u00f3n para una devoluci\u00f3n. Una vez que Absorbedor De Polvo Incorporado Momo S-41 Dorado haya sido devuelto, se verificar\u00e1 su integridad y posibles da\u00f1os. Una vez que la devoluci\u00f3n haya sido aprobada, el importe de la compra se reembolsar\u00e1 dentro de 5 d\u00edas laborables a la cuenta bancaria que tenemos registrada.<\/p>\n<h2>Quem \u00e9 o Salon For All?<\/h2>\n<p>A Salon For All \u00e9 o grossista de todo o equipamento para sal\u00f5es de beleza na Europa. A Salon For All come\u00e7ou em 2003 com o nome Salonvoordeel e cresceu a partir da pr\u00e1tica. Os propriet\u00e1rios da Salon For All eram cabeleireiros experientes e especialistas em beleza e t\u00eam, em conjunto, mais de 30 anos de experi\u00eancia pr\u00e1tica. Em 2003, lan\u00e7\u00e1mos o Salonvoordeel.nl (Pa\u00edses Baixos) e, posteriormente, o Salon For All foi fundado para o mercado europeu. Alguns dos nossos funcion\u00e1rios come\u00e7aram o seu pr\u00f3prio neg\u00f3cio e assim nasceu a ideia de lan\u00e7ar uma loja online funcional para cabeleireiros e para os ajudar com o seu equipamento de sal\u00e3o.<\/p>\n<p>Nuestro showroom se encuentra en Dinxperlo, directamente en la frontera entre los Pa\u00edses Bajos y Alemania. Con nuestra amplia experiencia en el sector podemos servirle de espejo y proporcionarle el asesoramiento adecuado. \u00a1Hablamos el mismo idioma! Le asesoramos, inspiramos, motivamos y ayudamos en la adquisici\u00f3n de Absorbedor De Polvo Incorporado Momo S-41 Dorado. Nuestros proveedores se encuentran en toda Europa, desde Alemania, Inglaterra, Italia hasta Polonia.<\/p>","protected":false},"excerpt":{"rendered":"<p>O produto Momo S-41 Gold Built-In Dust Absorber \u00e9 uma solu\u00e7\u00e3o de alta qualidade para qualquer sala de estar. O prazo de entrega estimado \u00e9 de aproximadamente 6 dias \u00fateis.<\/p>","protected":false},"featured_media":14745,"comment_status":"open","ping_status":"open","template":"","meta":[],"product_brand":[826],"product_cat":[827,828],"product_tag":[829,830],"class_list":{"0":"post-14744","1":"product","2":"type-product","3":"status-publish","4":"has-post-thumbnail","6":"product_brand-momo","7":"product_cat-clavos","8":"product_cat-colectores-de-polvo","9":"product_tag-clavos","10":"product_tag-colectores-de-polvo","11":"pa_codigo-ean-7759","12":"pa_garantia-12-meses","13":"pa_marca-momo","14":"pa_numero-de-articulo-5738","15":"pa_tiempo-estimado-de-entrega-4-5-dias-laborables","17":"first","18":"instock","19":"sale","20":"taxable","21":"shipping-taxable","22":"purchasable","23":"product-type-simple"},"yoast_head":"<!-- This site is optimized with the Yoast SEO plugin v27.6 - https:\/\/yoast.com\/product\/yoast-seo-wordpress\/ -->\n<title>Absorbedor De Polvo Incorporado Momo S-41 Dorado comprar<\/title>\n<meta name=\"description\" content=\"Compra Absorbedor De Polvo Incorporado Momo S-41 Dorado online o en el showroom en Salon For ALL Espa\u00f1a. El mayorista para salones, consultas y spas en Espa\u00f1a y Portugal.\" \/>\n<meta name=\"robots\" content=\"index, follow, max-snippet:-1, max-image-preview:large, max-video-preview:-1\" \/>\n<link rel=\"canonical\" href=\"https:\/\/salonforall.es\/pt\/absorbedor-de-polvo-incorporado-momo-s-41-dorado\/\" \/>\n<meta property=\"og:locale\" content=\"pt_PT\" \/>\n<meta property=\"og:type\" content=\"article\" \/>\n<meta property=\"og:title\" content=\"Absorbedor De Polvo Incorporado Momo S-41 Dorado\" \/>\n<meta property=\"og:description\" content=\"Compra Absorbedor De Polvo Incorporado Momo S-41 Dorado online o en el showroom en Salon For ALL Espa\u00f1a. El mayorista para salones, consultas y spas en Espa\u00f1a y Portugal.\" \/>\n<meta property=\"og:url\" content=\"https:\/\/salonforall.es\/pt\/absorbedor-de-polvo-incorporado-momo-s-41-dorado\/\" \/>\n<meta property=\"og:site_name\" content=\"Salon For ALL Espa\u00f1a\" \/>\n<meta property=\"article:modified_time\" content=\"2026-03-24T16:15:42+00:00\" \/>\n<meta property=\"og:image\" content=\"https:\/\/salonforall.es\/wp-content\/uploads\/2025\/12\/Absorbedor-De-Polvo-Incorporado-Momo-S-41-Dorado.jpg\" \/>\n\t<meta property=\"og:image:width\" content=\"1200\" \/>\n\t<meta property=\"og:image:height\" content=\"1200\" \/>\n\t<meta property=\"og:image:type\" content=\"image\/jpeg\" \/>\n<meta name=\"twitter:card\" content=\"summary_large_image\" \/>\n<meta name=\"twitter:title\" content=\"Absorbedor De Polvo Incorporado Momo S-41 Dorado\" \/>\n<meta name=\"twitter:label1\" content=\"Tempo estimado de leitura\" \/>\n\t<meta name=\"twitter:data1\" content=\"9 minutos\" \/>\n<script type=\"application\/ld+json\" class=\"yoast-schema-graph\">{\"@context\":\"https:\\\/\\\/schema.org\",\"@graph\":[{\"@type\":\"WebPage\",\"@id\":\"https:\\\/\\\/salonforall.es\\\/absorbedor-de-polvo-incorporado-momo-s-41-dorado\\\/\",\"url\":\"https:\\\/\\\/salonforall.es\\\/absorbedor-de-polvo-incorporado-momo-s-41-dorado\\\/\",\"name\":\"Absorbedor De Polvo Incorporado Momo S-41 Dorado comprar\",\"isPartOf\":{\"@id\":\"https:\\\/\\\/salonforall.es\\\/#website\"},\"primaryImageOfPage\":{\"@id\":\"https:\\\/\\\/salonforall.es\\\/absorbedor-de-polvo-incorporado-momo-s-41-dorado\\\/#primaryimage\"},\"image\":{\"@id\":\"https:\\\/\\\/salonforall.es\\\/absorbedor-de-polvo-incorporado-momo-s-41-dorado\\\/#primaryimage\"},\"thumbnailUrl\":\"https:\\\/\\\/salonforall.es\\\/wp-content\\\/uploads\\\/2025\\\/12\\\/Absorbedor-De-Polvo-Incorporado-Momo-S-41-Dorado.jpg\",\"datePublished\":\"2025-12-02T13:16:35+00:00\",\"dateModified\":\"2026-03-24T16:15:42+00:00\",\"description\":\"Compra Absorbedor De Polvo Incorporado Momo S-41 Dorado online o en el showroom en Salon For ALL Espa\u00f1a. El mayorista para salones, consultas y spas en Espa\u00f1a y Portugal.\",\"breadcrumb\":{\"@id\":\"https:\\\/\\\/salonforall.es\\\/absorbedor-de-polvo-incorporado-momo-s-41-dorado\\\/#breadcrumb\"},\"inLanguage\":\"pt-PT\",\"potentialAction\":[{\"@type\":\"ReadAction\",\"target\":[\"https:\\\/\\\/salonforall.es\\\/absorbedor-de-polvo-incorporado-momo-s-41-dorado\\\/\"]}]},{\"@type\":\"ImageObject\",\"inLanguage\":\"pt-PT\",\"@id\":\"https:\\\/\\\/salonforall.es\\\/absorbedor-de-polvo-incorporado-momo-s-41-dorado\\\/#primaryimage\",\"url\":\"https:\\\/\\\/salonforall.es\\\/wp-content\\\/uploads\\\/2025\\\/12\\\/Absorbedor-De-Polvo-Incorporado-Momo-S-41-Dorado.jpg\",\"contentUrl\":\"https:\\\/\\\/salonforall.es\\\/wp-content\\\/uploads\\\/2025\\\/12\\\/Absorbedor-De-Polvo-Incorporado-Momo-S-41-Dorado.jpg\",\"width\":1200,\"height\":1200,\"caption\":\"Absorbedor De Polvo Incorporado Momo S-41 Dorado\"},{\"@type\":\"BreadcrumbList\",\"@id\":\"https:\\\/\\\/salonforall.es\\\/absorbedor-de-polvo-incorporado-momo-s-41-dorado\\\/#breadcrumb\",\"itemListElement\":[{\"@type\":\"ListItem\",\"position\":1,\"name\":\"Home\",\"item\":\"https:\\\/\\\/salonforall.es\\\/\"},{\"@type\":\"ListItem\",\"position\":2,\"name\":\"Winkel\",\"item\":\"https:\\\/\\\/salonforall.es\\\/winkel\\\/\"},{\"@type\":\"ListItem\",\"position\":3,\"name\":\"Absorbedor De Polvo Incorporado Momo S-41 Dorado\"}]},{\"@type\":\"WebSite\",\"@id\":\"https:\\\/\\\/salonforall.es\\\/#website\",\"url\":\"https:\\\/\\\/salonforall.es\\\/\",\"name\":\"Salon For ALL Espa\u00f1a\",\"description\":\"Mayorista de mobiliario y suministros para consultorios y salones\",\"publisher\":{\"@id\":\"https:\\\/\\\/salonforall.es\\\/#organization\"},\"potentialAction\":[{\"@type\":\"SearchAction\",\"target\":{\"@type\":\"EntryPoint\",\"urlTemplate\":\"https:\\\/\\\/salonforall.es\\\/?s={search_term_string}\"},\"query-input\":{\"@type\":\"PropertyValueSpecification\",\"valueRequired\":true,\"valueName\":\"search_term_string\"}}],\"inLanguage\":\"pt-PT\"},{\"@type\":\"Organization\",\"@id\":\"https:\\\/\\\/salonforall.es\\\/#organization\",\"name\":\"Salon For All B.V. Espa\u00f1a\",\"alternateName\":\"Salon For All B.V. Espa\u00f1a - Mayorista de equipamiento para consultas, salones y suministros\",\"url\":\"https:\\\/\\\/salonforall.es\\\/\",\"logo\":{\"@type\":\"ImageObject\",\"inLanguage\":\"pt-PT\",\"@id\":\"https:\\\/\\\/salonforall.es\\\/#\\\/schema\\\/logo\\\/image\\\/\",\"url\":\"https:\\\/\\\/salonforall.es\\\/wp-content\\\/uploads\\\/2025\\\/11\\\/logo-salon-for-all-e1764543185849.png\",\"contentUrl\":\"https:\\\/\\\/salonforall.es\\\/wp-content\\\/uploads\\\/2025\\\/11\\\/logo-salon-for-all-e1764543185849.png\",\"width\":500,\"height\":150,\"caption\":\"Salon For All B.V. Espa\u00f1a\"},\"image\":{\"@id\":\"https:\\\/\\\/salonforall.es\\\/#\\\/schema\\\/logo\\\/image\\\/\"}}]}<\/script>\n<!-- \/ Yoast SEO plugin. -->","yoast_head_json":{"title":"Absorbedor De Polvo Incorporado Momo S-41 Dorado comprar","description":"Compra Absorbedor De Polvo Incorporado Momo S-41 Dorado online o en el showroom en Salon For ALL Espa\u00f1a. El mayorista para salones, consultas y spas en Espa\u00f1a y Portugal.","robots":{"index":"index","follow":"follow","max-snippet":"max-snippet:-1","max-image-preview":"max-image-preview:large","max-video-preview":"max-video-preview:-1"},"canonical":"https:\/\/salonforall.es\/pt\/absorbedor-de-polvo-incorporado-momo-s-41-dorado\/","og_locale":"pt_PT","og_type":"article","og_title":"Absorbedor De Polvo Incorporado Momo S-41 Dorado","og_description":"Compra Absorbedor De Polvo Incorporado Momo S-41 Dorado online o en el showroom en Salon For ALL Espa\u00f1a. El mayorista para salones, consultas y spas en Espa\u00f1a y Portugal.","og_url":"https:\/\/salonforall.es\/pt\/absorbedor-de-polvo-incorporado-momo-s-41-dorado\/","og_site_name":"Salon For ALL Espa\u00f1a","article_modified_time":"2026-03-24T16:15:42+00:00","og_image":[{"width":1200,"height":1200,"url":"https:\/\/salonforall.es\/wp-content\/uploads\/2025\/12\/Absorbedor-De-Polvo-Incorporado-Momo-S-41-Dorado.jpg","type":"image\/jpeg"}],"twitter_card":"summary_large_image","twitter_title":"Absorbedor De Polvo Incorporado Momo S-41 Dorado","twitter_misc":{"Tempo estimado de leitura":"9 minutos"},"schema":{"@context":"https:\/\/schema.org","@graph":[{"@type":"WebPage","@id":"https:\/\/salonforall.es\/absorbedor-de-polvo-incorporado-momo-s-41-dorado\/","url":"https:\/\/salonforall.es\/absorbedor-de-polvo-incorporado-momo-s-41-dorado\/","name":"Absorbedor De Polvo Incorporado Momo S-41 Dorado comprar","isPartOf":{"@id":"https:\/\/salonforall.es\/#website"},"primaryImageOfPage":{"@id":"https:\/\/salonforall.es\/absorbedor-de-polvo-incorporado-momo-s-41-dorado\/#primaryimage"},"image":{"@id":"https:\/\/salonforall.es\/absorbedor-de-polvo-incorporado-momo-s-41-dorado\/#primaryimage"},"thumbnailUrl":"https:\/\/salonforall.es\/wp-content\/uploads\/2025\/12\/Absorbedor-De-Polvo-Incorporado-Momo-S-41-Dorado.jpg","datePublished":"2025-12-02T13:16:35+00:00","dateModified":"2026-03-24T16:15:42+00:00","description":"Compra Absorbedor De Polvo Incorporado Momo S-41 Dorado online o en el showroom en Salon For ALL Espa\u00f1a. El mayorista para salones, consultas y spas en Espa\u00f1a y Portugal.","breadcrumb":{"@id":"https:\/\/salonforall.es\/absorbedor-de-polvo-incorporado-momo-s-41-dorado\/#breadcrumb"},"inLanguage":"pt-PT","potentialAction":[{"@type":"ReadAction","target":["https:\/\/salonforall.es\/absorbedor-de-polvo-incorporado-momo-s-41-dorado\/"]}]},{"@type":"ImageObject","inLanguage":"pt-PT","@id":"https:\/\/salonforall.es\/absorbedor-de-polvo-incorporado-momo-s-41-dorado\/#primaryimage","url":"https:\/\/salonforall.es\/wp-content\/uploads\/2025\/12\/Absorbedor-De-Polvo-Incorporado-Momo-S-41-Dorado.jpg","contentUrl":"https:\/\/salonforall.es\/wp-content\/uploads\/2025\/12\/Absorbedor-De-Polvo-Incorporado-Momo-S-41-Dorado.jpg","width":1200,"height":1200,"caption":"Absorbedor De Polvo Incorporado Momo S-41 Dorado"},{"@type":"BreadcrumbList","@id":"https:\/\/salonforall.es\/absorbedor-de-polvo-incorporado-momo-s-41-dorado\/#breadcrumb","itemListElement":[{"@type":"ListItem","position":1,"name":"Home","item":"https:\/\/salonforall.es\/"},{"@type":"ListItem","position":2,"name":"Winkel","item":"https:\/\/salonforall.es\/winkel\/"},{"@type":"ListItem","position":3,"name":"Absorbedor De Polvo Incorporado Momo S-41 Dorado"}]},{"@type":"WebSite","@id":"https:\/\/salonforall.es\/#website","url":"https:\/\/salonforall.es\/","name":"Sal\u00e3o de beleza para toda a Espanha","description":"Grossista de mobili\u00e1rio e material para sal\u00f5es de beleza e consult\u00f3rios","publisher":{"@id":"https:\/\/salonforall.es\/#organization"},"potentialAction":[{"@type":"SearchAction","target":{"@type":"EntryPoint","urlTemplate":"https:\/\/salonforall.es\/?s={search_term_string}"},"query-input":{"@type":"PropertyValueSpecification","valueRequired":true,"valueName":"search_term_string"}}],"inLanguage":"pt-PT"},{"@type":"Organization","@id":"https:\/\/salonforall.es\/#organization","name":"Salon For All B.V. Espanha","alternateName":"Salon For All B.V. Espa\u00f1a - Mayorista de equipamiento para consultas, salones y suministros","url":"https:\/\/salonforall.es\/","logo":{"@type":"ImageObject","inLanguage":"pt-PT","@id":"https:\/\/salonforall.es\/#\/schema\/logo\/image\/","url":"https:\/\/salonforall.es\/wp-content\/uploads\/2025\/11\/logo-salon-for-all-e1764543185849.png","contentUrl":"https:\/\/salonforall.es\/wp-content\/uploads\/2025\/11\/logo-salon-for-all-e1764543185849.png","width":500,"height":150,"caption":"Salon For All B.V. Espa\u00f1a"},"image":{"@id":"https:\/\/salonforall.es\/#\/schema\/logo\/image\/"}}]}},"_links":{"self":[{"href":"https:\/\/salonforall.es\/pt\/wp-json\/wp\/v2\/product\/14744","targetHints":{"allow":["GET"]}}],"collection":[{"href":"https:\/\/salonforall.es\/pt\/wp-json\/wp\/v2\/product"}],"about":[{"href":"https:\/\/salonforall.es\/pt\/wp-json\/wp\/v2\/types\/product"}],"replies":[{"embeddable":true,"href":"https:\/\/salonforall.es\/pt\/wp-json\/wp\/v2\/comments?post=14744"}],"wp:featuredmedia":[{"embeddable":true,"href":"https:\/\/salonforall.es\/pt\/wp-json\/wp\/v2\/media\/14745"}],"wp:attachment":[{"href":"https:\/\/salonforall.es\/pt\/wp-json\/wp\/v2\/media?parent=14744"}],"wp:term":[{"taxonomy":"product_brand","embeddable":true,"href":"https:\/\/salonforall.es\/pt\/wp-json\/wp\/v2\/product_brand?post=14744"},{"taxonomy":"product_cat","embeddable":true,"href":"https:\/\/salonforall.es\/pt\/wp-json\/wp\/v2\/product_cat?post=14744"},{"taxonomy":"product_tag","embeddable":true,"href":"https:\/\/salonforall.es\/pt\/wp-json\/wp\/v2\/product_tag?post=14744"}],"curies":[{"name":"wp","href":"https:\/\/api.w.org\/{rel}","templated":true}]}}