{"id":14207,"date":"2025-12-02T14:11:40","date_gmt":"2025-12-02T13:11:40","guid":{"rendered":"https:\/\/salonforall.es\/product\/syis-mascarilla-antioxidante-algas-500-ml\/"},"modified":"2026-03-24T17:14:44","modified_gmt":"2026-03-24T16:14:44","slug":"syis-mascarilla-antioxidante-algas-500-ml","status":"publish","type":"product","link":"https:\/\/salonforall.es\/pt\/syis-mascarilla-antioxidante-algas-500-ml\/","title":{"rendered":"M\u00e1scara Antioxidante de Algas Syis 500 Ml"},"content":{"rendered":"<h2>Informaci\u00f3n sobre Syis Mascarilla Antioxidante Algas 500 Ml con n\u00famero de art\u00edculo 148395<\/h2>\n<p><img decoding=\"async\" src=\"https:\/\/activeshop.com.pl\/media\/wysiwyg\/product\/148395\/EN_148395_01.jpg\"><\/p>\n<p><img decoding=\"async\" src=\"https:\/\/activeshop.com.pl\/media\/wysiwyg\/product\/148395\/EN_148395_02.jpg\"><\/p>\n<h2>Mascarilla Antioxidante de Algas con Vitamina C<\/h2>\n<p>Una <strong>mascarilla antioxidante de algas<\/strong> profesional dise\u00f1ada para pieles que <strong>necesitan luminosidad, nutrici\u00f3n y regeneraci\u00f3n<\/strong>. Gracias a las algas y la glucosa, <strong>proporciona el nivel adecuado de hidrataci\u00f3n y elasticidad<\/strong> a la piel. Ideal para usar en salones de belleza y cuidado personal. Especialmente recomendado para pieles con signos de fatiga, despu\u00e9s del verano o en invierno, cuando la tez pierde su luminosidad.<\/p>\n<p><img decoding=\"async\" src=\"https:\/\/activeshop.com.pl\/media\/wysiwyg\/product\/148395\/EN_148395_03.jpg\"><\/p>\n<h2>Para pieles que necesitan luminosidad y un color uniforme<\/h2>\n<p><strong>La forma estable de vitamina C<\/strong> contenida en la f\u00f3rmula ilumina, protege contra el estr\u00e9s oxidativo y favorece la regeneraci\u00f3n. La glucosa <strong>tiene un efecto fortalecedor sobre la barrera cut\u00e1nea natural<\/strong>, mientras que los minerales naturales, como la tierra de diatomeas, limpian y cuidan la piel con suavidad sin causar irritaci\u00f3n. <strong>La mascarilla hidrata intensamente, favorece la regeneraci\u00f3n y proporciona una sensaci\u00f3n calmante<\/strong>.<\/p>\n<p><img decoding=\"async\" src=\"https:\/\/activeshop.com.pl\/media\/wysiwyg\/product\/148395\/EN_148395_05.jpg\"><\/p>\n<h2>Efic\u00e1cia comprovada<\/h2>\n<p>La eficacia se confirm\u00f3 <strong>en un estudio de aplicaci\u00f3n<\/strong> realizado en condiciones naturales: hasta el <strong>80%<\/strong> de los participantes confirmaron el efecto refrescante, nutritivo y calmante, mientras que el <strong>67%<\/strong> not\u00f3 un efecto iluminador, reducci\u00f3n de manchas oscuras y unificaci\u00f3n del tono de la piel.<\/p>\n<p><img decoding=\"async\" src=\"https:\/\/activeshop.com.pl\/media\/wysiwyg\/product\/148395\/EN_148395_04.jpg\"><\/p>\n<h2>Ingredientes activos:<\/h2>\n<h3>Ascorbilo Gluc\u00f3sido<\/h3>\n<p>Forma estable de vitamina C con un potente efecto antioxidante. Ilumina la tez, unifica el tono y ayuda a reducir las manchas oscuras. Promueve la s\u00edntesis de col\u00e1geno y tiene un efecto antienvejecimiento.<\/p>\n<h3>Glucosa<\/h3>\n<p>Un az\u00facar simple con efecto hidratante que fortalece la barrera natural de la piel, protegi\u00e9ndola de la sequedad y de los efectos nocivos de los factores externos. Favorece los procesos regenerativos y mejora el estado general de la piel.<\/p>\n<h3>\u00d3leo de casca de Citrus Aurantium Dulcis<\/h3>\n<p>El aceite de c\u00e1scara de naranja dulce tiene un efecto refrescante, proporciona a la piel un aspecto radiante y saludable, ayuda a limpiar los poros y reduce la inflamaci\u00f3n.<\/p>\n<h3>Terra de diatom\u00e1ceas<\/h3>\n<p>A terra de diatom\u00e1ceas, rica em minerais, ajuda a limpar a pele e esfolia suavemente. Apoia os processos de regenera\u00e7\u00e3o da epiderme.<\/p>\n<h3>Alginato de pot\u00e1ssio e alginato<\/h3>\n<p>Os alginatos naturais formam uma camada oclusiva flex\u00edvel que promove a absor\u00e7\u00e3o dos ingredientes activos e tem um efeito ben\u00e9fico no estado da pele.<\/p>\n<p><img decoding=\"async\" src=\"https:\/\/activeshop.com.pl\/media\/wysiwyg\/product\/148395\/EN_148395_06.jpg\"><\/p>\n<h2>Instru\u00e7\u00f5es de utiliza\u00e7\u00e3o:<\/h2>\n<p>Mezclar la mascarilla con agua hasta obtener una consistencia suave y homog\u00e9nea. Aplicar uniformemente sobre el rostro, el cuello y el escote limpios. Dejar actuar durante aprox. 20 minutos, luego ret\u00edrelo.<\/p>\n<p><strong>Capacidade:<\/strong> 500 ml<br \/><strong>Ingredientes (INCI):<\/strong> Tierra de diatomeas, algina, glucosa, alginato de potasio, sulfato de calcio, gluc\u00f3sido de ascorbilo, aceite de c\u00e1scara de Citrus Aurantium Dulcis, pirofosfato tetras\u00f3dico, carbonato de sodio, geraniol, perfume, linalol, limoneno, acetato de linalilo, hexil cinamal, alfa-isometil ionona, terpineol, hexametilindanopirano, cumarina, fluorflogopita sint\u00e9tica, CI 77891, CI 77491, \u00f3xido de esta\u00f1o.<\/p>\n<p><strong>SYIS<\/strong> es una marca polaca de cosm\u00e9ticos profesionales creada con el cuidado eficaz en mente. &nbsp;Se distingue por la alta calidad de sus ingredientes activos que satisfacen las necesidades de los clientes modernos y conscientes.<\/p>\n<p>Los productos Activeshop son proporcionalmente m\u00e1s econ\u00f3micos que muchas otras marcas\/proveedores. El precio est\u00e1 en relaci\u00f3n con la calidad. Syis Mascarilla Antioxidante Algas 500 Ml es por lo tanto una soluci\u00f3n accesible para su sal\u00f3n.<\/p>\n<h2>\u00bfC\u00f3mo se entrega Syis Mascarilla Antioxidante Algas 500 Ml?<\/h2>\n<p>Syis Mascarilla Antioxidante Algas 500 Ml se entrega en embalaje(s) original(es). Dentro de Espa\u00f1a el env\u00edo de Syis Mascarilla Antioxidante Algas 500 Ml es completamente gratuito para pedidos a partir de 100,- euros. Para env\u00edos a otros pa\u00edses se aplican tarifas de env\u00edo separadas. Puede consultar estas tarifas con nosotros o verlas en el carrito de compra. Syis Mascarilla Antioxidante Algas 500 Ml se env\u00eda a trav\u00e9s de un servicio de mensajer\u00eda externo.<\/p>\n<p>As encomendas ou paletes s\u00e3o entregues, por norma, at\u00e9 \u00e0 soleira da porta da frente, mesmo que se encontre num edif\u00edcio coletivo, num edif\u00edcio de apartamentos ou num complexo de apartamentos com elevador (desde que o artigo caiba no elevador). N\u00e3o h\u00e1 elevador dispon\u00edvel ou o artigo n\u00e3o cabe no elevador? Ent\u00e3o entregamos at\u00e9 \u00e0 soleira do r\u00e9s do ch\u00e3o.<\/p>\n<p>Se ainda tem d\u00favidas sobre a entrega ou uma situa\u00e7\u00e3o especial, contacte-nos e teremos todo o gosto em ajud\u00e1-lo!<\/p>\n<p>*Os artigos n\u00e3o s\u00e3o desempacotados ou montados como padr\u00e3o. Em situa\u00e7\u00f5es especiais, pode contactar-nos para combinarmos as condi\u00e7\u00f5es.<\/p>\n<h2>Compras online seguras na Salon For All com o selo de qualidade Webwinkelkeur e encripta\u00e7\u00e3o SSL.<\/h2>\n<p>Es importante para nosotros que nuestros clientes puedan comprar de forma segura en nuestra tienda online. Estamos afiliados al sello de calidad nacional Webwinkelkeur desde 2019. Nuestra identidad ha sido verificada y comprobada por ellos, y la tienda online ha sido revisada y aprobada legalmente. Adem\u00e1s, nuestra tienda online est\u00e1 afiliada a ellos para la mediaci\u00f3n de conflictos. Puede ver la insignia con toda la informaci\u00f3n de este sello de calidad de tienda online en el lado izquierdo o derecho de la tienda online (bot\u00f3n rosa con blanco). Adem\u00e1s, nuestro sitio est\u00e1 protegido con un certificado SSL para que pueda navegar de forma segura con nosotros. En la barra de su navegador de Internet, donde aparece nuestro sitio web, ver\u00e1 un icono de candado. Si hace clic en el candado, obtendr\u00e1 toda la informaci\u00f3n sobre nuestra seguridad. De esta manera sabe que su pedido de Syis Mascarilla Antioxidante Algas 500 Ml y sus datos personales se procesan de forma segura.<\/p>\n<h2>\u00bfC\u00f3mo puedo pagar Syis Mascarilla Antioxidante Algas 500 Ml?<\/h2>\n<p>Queremos tornar as coisas o mais f\u00e1ceis poss\u00edvel para si. \u00c9 por isso que na Salon For All pode pagar com todos os m\u00e9todos de pagamento populares. Pagar antecipadamente, na entrega ou depois - tudo \u00e9 poss\u00edvel. Veja aqui todos os m\u00e9todos de pagamento que oferecemos:<\/p>\n<ul>\n<li>iDEAL<\/li>\n<li>Cart\u00e3o de cr\u00e9dito (Visa, Mastercard, American Express)<\/li>\n<li>Klarna - Pagamento na entrega com fatura<\/li>\n<li>PayPal<\/li>\n<li>Apple Pay<\/li>\n<li>Google Pay<\/li>\n<li>Bizum (para clientes espanh\u00f3is)<\/li>\n<li>Transfer\u00eancia banc\u00e1ria SEPA<\/li>\n<li>Contacto com o banco<\/li>\n<li>Fatura comercial para empresas<\/li>\n<li>Pagamento na sala de exposi\u00e7\u00f5es - Cart\u00e3o e dinheiro (apenas dispon\u00edvel \u00e0 cobran\u00e7a)<\/li>\n<\/ul>\n<h2>Veja tamb\u00e9m as opini\u00f5es de Salon For All<\/h2>\n<p>Consulte tambi\u00e9n nuestras rese\u00f1as para tener en cuenta las experiencias de nuestros clientes actuales en su decisi\u00f3n de pedir Syis Mascarilla Antioxidante Algas 500 Ml con nosotros. A trav\u00e9s de nuestro sello de calidad independiente de tienda online Webwinkelkeur, se recopilan autom\u00e1ticamente rese\u00f1as verificadas de clientes que han completado un pedido con nosotros. Puede encontrarlas detr\u00e1s del bot\u00f3n rosa en nuestra tienda online o aparecen listadas debajo de los productos.<\/p>\n<p>\u00a1Comparta tambi\u00e9n su experiencia despu\u00e9s de su compra con su Syis Mascarilla Antioxidante Algas 500 Ml pedido y su experiencia con el proceso de compra o el contacto con Salon For All para inspirar a otros!<\/p>\n<h2>Contactar o Salon For All<\/h2>\n<p>Cont\u00e1ctenos entonces. Estaremos encantados de ayudarle con la adquisici\u00f3n de Syis Mascarilla Antioxidante Algas 500 Ml. En d\u00edas laborables estamos mejor disponibles entre las 8.30 y las 17.00 horas a trav\u00e9s del n\u00famero de tel\u00e9fono y direcci\u00f3n de correo electr\u00f3nico en la parte superior de la tienda online o a trav\u00e9s de la funci\u00f3n de chat. Las consultas fuera del horario de oficina suelen responderse en un plazo de 24 horas. Tambi\u00e9n es posible visitarnos fuera de los d\u00edas laborables u horario de oficina. Pero para ello es necesario concertar una cita previa.<\/p>\n<h2>Gostaria de visitar a nossa sala de exposi\u00e7\u00f5es?<\/h2>\n<p>\u00bfPrefiere ver Syis Mascarilla Antioxidante Algas 500 Ml o recorrer nuestra oferta de la tienda (online) junto con nuestro colega? Entonces visite nuestro showroom con m\u00e1s de 1000m\u00b2 de equipamiento para salones y d\u00e9jese inspirar por nuestros empleados. Tambi\u00e9n si le gusta conocernos de manera agradable disfrutando de una buena taza de caf\u00e9 o t\u00e9, es muy bienvenido. No tenemos todos los productos en stock, as\u00ed que h\u00e1ganos saber de antemano que desea venir. Concierte siempre una cita previa.<\/p>\n<h2>14 dias de reflex\u00e3o e a nossa pol\u00edtica de devolu\u00e7\u00e3o<\/h2>\n<p>Por supuesto puede ocurrir que Syis Mascarilla Antioxidante Algas 500 Ml entregado no sea completamente de su agrado y desee devolverlo. Eso no es ning\u00fan problema en Salon For All. Debe notificar su devoluci\u00f3n dentro de 14 d\u00edas laborables a trav\u00e9s de info@salonforall.es. Entonces recibir\u00e1 primero todas las instrucciones y condiciones de devoluci\u00f3n. Tenga en cuenta que Syis Mascarilla Antioxidante Algas 500 Ml no debe haber sido usado, debe contener todas las partes suministradas y debe devolverse empaquetado en el embalaje original. Los costos de env\u00edo de una devoluci\u00f3n son siempre a cargo del comprador en compras a trav\u00e9s de www.salonforall.es. Debe organizar usted mismo un transporte con una empresa de transporte de su elecci\u00f3n para una devoluci\u00f3n. Una vez que Syis Mascarilla Antioxidante Algas 500 Ml haya sido devuelto, se verificar\u00e1 su integridad y posibles da\u00f1os. Una vez que la devoluci\u00f3n haya sido aprobada, el importe de la compra se reembolsar\u00e1 dentro de 5 d\u00edas laborables a la cuenta bancaria que tenemos registrada.<\/p>\n<h2>Quem \u00e9 o Salon For All?<\/h2>\n<p>A Salon For All \u00e9 o grossista de todo o equipamento para sal\u00f5es de beleza na Europa. A Salon For All come\u00e7ou em 2003 com o nome Salonvoordeel e cresceu a partir da pr\u00e1tica. Os propriet\u00e1rios da Salon For All eram cabeleireiros experientes e especialistas em beleza e t\u00eam, em conjunto, mais de 30 anos de experi\u00eancia pr\u00e1tica. Em 2003, lan\u00e7\u00e1mos o Salonvoordeel.nl (Pa\u00edses Baixos) e, posteriormente, o Salon For All foi fundado para o mercado europeu. Alguns dos nossos funcion\u00e1rios come\u00e7aram o seu pr\u00f3prio neg\u00f3cio e assim nasceu a ideia de lan\u00e7ar uma loja online funcional para cabeleireiros e para os ajudar com o seu equipamento de sal\u00e3o.<\/p>\n<p>Nuestro showroom se encuentra en Dinxperlo, directamente en la frontera entre los Pa\u00edses Bajos y Alemania. Con nuestra amplia experiencia en el sector podemos servirle de espejo y proporcionarle el asesoramiento adecuado. \u00a1Hablamos el mismo idioma! Le asesoramos, inspiramos, motivamos y ayudamos en la adquisici\u00f3n de Syis Mascarilla Antioxidante Algas 500 Ml. Nuestros proveedores se encuentran en toda Europa, desde Alemania, Inglaterra, Italia hasta Polonia.<\/p>","protected":false},"excerpt":{"rendered":"<p>El producto Syis Mascarilla Antioxidante Algas 500 Ml es una soluci\u00f3n de alta calidad para cualquier sal\u00f3n. El plazo de entrega estimado es de aproximadamente 6 d\u00edas laborables.<\/p>","protected":false},"featured_media":14208,"comment_status":"open","ping_status":"open","template":"","meta":[],"product_brand":[362],"product_cat":[5601,76,363,5600],"product_tag":[5603,79,365,5602],"class_list":{"0":"post-14207","1":"product","2":"type-product","3":"status-publish","4":"has-post-thumbnail","6":"product_brand-syis","7":"product_cat-algas","8":"product_cat-cosmetica-profesional","9":"product_cat-cosmetica-syis-pro","10":"product_cat-mascarillas","11":"product_tag-algas","12":"product_tag-cosmetica-profesional","13":"product_tag-cosmetica-syis-pro","14":"product_tag-mascarillas","15":"pa_codigo-ean-7759","16":"pa_garantia-12-meses","17":"pa_marca-syis","18":"pa_numero-de-articulo-5604","19":"pa_tiempo-estimado-de-entrega-4-5-dias-laborables","21":"first","22":"instock","23":"sale","24":"taxable","25":"shipping-taxable","26":"purchasable","27":"product-type-simple"},"yoast_head":"<!-- This site is optimized with the Yoast SEO plugin v27.6 - https:\/\/yoast.com\/product\/yoast-seo-wordpress\/ -->\n<title>Syis Mascarilla Antioxidante Algas 500 Ml comprar<\/title>\n<meta name=\"description\" content=\"Compra Syis Mascarilla Antioxidante Algas 500 Ml online o en el showroom en Salon For ALL Espa\u00f1a. El mayorista para salones, consultas y spas en Espa\u00f1a y Portugal.\" \/>\n<meta name=\"robots\" content=\"index, follow, max-snippet:-1, max-image-preview:large, max-video-preview:-1\" \/>\n<link rel=\"canonical\" href=\"https:\/\/salonforall.es\/pt\/syis-mascarilla-antioxidante-algas-500-ml\/\" \/>\n<meta property=\"og:locale\" content=\"pt_PT\" \/>\n<meta property=\"og:type\" content=\"article\" \/>\n<meta property=\"og:title\" content=\"Syis Mascarilla Antioxidante Algas 500 Ml\" \/>\n<meta property=\"og:description\" content=\"Compra Syis Mascarilla Antioxidante Algas 500 Ml online o en el showroom en Salon For ALL Espa\u00f1a. El mayorista para salones, consultas y spas en Espa\u00f1a y Portugal.\" \/>\n<meta property=\"og:url\" content=\"https:\/\/salonforall.es\/pt\/syis-mascarilla-antioxidante-algas-500-ml\/\" \/>\n<meta property=\"og:site_name\" content=\"Salon For ALL Espa\u00f1a\" \/>\n<meta property=\"article:modified_time\" content=\"2026-03-24T16:14:44+00:00\" \/>\n<meta property=\"og:image\" content=\"https:\/\/salonforall.es\/wp-content\/uploads\/2025\/12\/Syis-Mascarilla-Antioxidante-Algas-500-Ml.jpg\" \/>\n\t<meta property=\"og:image:width\" content=\"1200\" \/>\n\t<meta property=\"og:image:height\" content=\"1200\" \/>\n\t<meta property=\"og:image:type\" content=\"image\/jpeg\" \/>\n<meta name=\"twitter:card\" content=\"summary_large_image\" \/>\n<meta name=\"twitter:title\" content=\"Syis Mascarilla Antioxidante Algas 500 Ml\" \/>\n<meta name=\"twitter:label1\" content=\"Tempo estimado de leitura\" \/>\n\t<meta name=\"twitter:data1\" content=\"9 minutos\" \/>\n<script type=\"application\/ld+json\" class=\"yoast-schema-graph\">{\"@context\":\"https:\\\/\\\/schema.org\",\"@graph\":[{\"@type\":\"WebPage\",\"@id\":\"https:\\\/\\\/salonforall.es\\\/syis-mascarilla-antioxidante-algas-500-ml\\\/\",\"url\":\"https:\\\/\\\/salonforall.es\\\/syis-mascarilla-antioxidante-algas-500-ml\\\/\",\"name\":\"Syis Mascarilla Antioxidante Algas 500 Ml comprar\",\"isPartOf\":{\"@id\":\"https:\\\/\\\/salonforall.es\\\/#website\"},\"primaryImageOfPage\":{\"@id\":\"https:\\\/\\\/salonforall.es\\\/syis-mascarilla-antioxidante-algas-500-ml\\\/#primaryimage\"},\"image\":{\"@id\":\"https:\\\/\\\/salonforall.es\\\/syis-mascarilla-antioxidante-algas-500-ml\\\/#primaryimage\"},\"thumbnailUrl\":\"https:\\\/\\\/salonforall.es\\\/wp-content\\\/uploads\\\/2025\\\/12\\\/Syis-Mascarilla-Antioxidante-Algas-500-Ml.jpg\",\"datePublished\":\"2025-12-02T13:11:40+00:00\",\"dateModified\":\"2026-03-24T16:14:44+00:00\",\"description\":\"Compra Syis Mascarilla Antioxidante Algas 500 Ml online o en el showroom en Salon For ALL Espa\u00f1a. El mayorista para salones, consultas y spas en Espa\u00f1a y Portugal.\",\"breadcrumb\":{\"@id\":\"https:\\\/\\\/salonforall.es\\\/syis-mascarilla-antioxidante-algas-500-ml\\\/#breadcrumb\"},\"inLanguage\":\"pt-PT\",\"potentialAction\":[{\"@type\":\"ReadAction\",\"target\":[\"https:\\\/\\\/salonforall.es\\\/syis-mascarilla-antioxidante-algas-500-ml\\\/\"]}]},{\"@type\":\"ImageObject\",\"inLanguage\":\"pt-PT\",\"@id\":\"https:\\\/\\\/salonforall.es\\\/syis-mascarilla-antioxidante-algas-500-ml\\\/#primaryimage\",\"url\":\"https:\\\/\\\/salonforall.es\\\/wp-content\\\/uploads\\\/2025\\\/12\\\/Syis-Mascarilla-Antioxidante-Algas-500-Ml.jpg\",\"contentUrl\":\"https:\\\/\\\/salonforall.es\\\/wp-content\\\/uploads\\\/2025\\\/12\\\/Syis-Mascarilla-Antioxidante-Algas-500-Ml.jpg\",\"width\":1200,\"height\":1200,\"caption\":\"Syis Mascarilla Antioxidante Algas 500 Ml\"},{\"@type\":\"BreadcrumbList\",\"@id\":\"https:\\\/\\\/salonforall.es\\\/syis-mascarilla-antioxidante-algas-500-ml\\\/#breadcrumb\",\"itemListElement\":[{\"@type\":\"ListItem\",\"position\":1,\"name\":\"Home\",\"item\":\"https:\\\/\\\/salonforall.es\\\/\"},{\"@type\":\"ListItem\",\"position\":2,\"name\":\"Winkel\",\"item\":\"https:\\\/\\\/salonforall.es\\\/winkel\\\/\"},{\"@type\":\"ListItem\",\"position\":3,\"name\":\"Syis Mascarilla Antioxidante Algas 500 Ml\"}]},{\"@type\":\"WebSite\",\"@id\":\"https:\\\/\\\/salonforall.es\\\/#website\",\"url\":\"https:\\\/\\\/salonforall.es\\\/\",\"name\":\"Salon For ALL Espa\u00f1a\",\"description\":\"Mayorista de mobiliario y suministros para consultorios y salones\",\"publisher\":{\"@id\":\"https:\\\/\\\/salonforall.es\\\/#organization\"},\"potentialAction\":[{\"@type\":\"SearchAction\",\"target\":{\"@type\":\"EntryPoint\",\"urlTemplate\":\"https:\\\/\\\/salonforall.es\\\/?s={search_term_string}\"},\"query-input\":{\"@type\":\"PropertyValueSpecification\",\"valueRequired\":true,\"valueName\":\"search_term_string\"}}],\"inLanguage\":\"pt-PT\"},{\"@type\":\"Organization\",\"@id\":\"https:\\\/\\\/salonforall.es\\\/#organization\",\"name\":\"Salon For All B.V. Espa\u00f1a\",\"alternateName\":\"Salon For All B.V. Espa\u00f1a - Mayorista de equipamiento para consultas, salones y suministros\",\"url\":\"https:\\\/\\\/salonforall.es\\\/\",\"logo\":{\"@type\":\"ImageObject\",\"inLanguage\":\"pt-PT\",\"@id\":\"https:\\\/\\\/salonforall.es\\\/#\\\/schema\\\/logo\\\/image\\\/\",\"url\":\"https:\\\/\\\/salonforall.es\\\/wp-content\\\/uploads\\\/2025\\\/11\\\/logo-salon-for-all-e1764543185849.png\",\"contentUrl\":\"https:\\\/\\\/salonforall.es\\\/wp-content\\\/uploads\\\/2025\\\/11\\\/logo-salon-for-all-e1764543185849.png\",\"width\":500,\"height\":150,\"caption\":\"Salon For All B.V. Espa\u00f1a\"},\"image\":{\"@id\":\"https:\\\/\\\/salonforall.es\\\/#\\\/schema\\\/logo\\\/image\\\/\"}}]}<\/script>\n<!-- \/ Yoast SEO plugin. -->","yoast_head_json":{"title":"Syis Mascarilla Antioxidante Algas 500 Ml comprar","description":"Compra Syis Mascarilla Antioxidante Algas 500 Ml online o en el showroom en Salon For ALL Espa\u00f1a. El mayorista para salones, consultas y spas en Espa\u00f1a y Portugal.","robots":{"index":"index","follow":"follow","max-snippet":"max-snippet:-1","max-image-preview":"max-image-preview:large","max-video-preview":"max-video-preview:-1"},"canonical":"https:\/\/salonforall.es\/pt\/syis-mascarilla-antioxidante-algas-500-ml\/","og_locale":"pt_PT","og_type":"article","og_title":"Syis Mascarilla Antioxidante Algas 500 Ml","og_description":"Compra Syis Mascarilla Antioxidante Algas 500 Ml online o en el showroom en Salon For ALL Espa\u00f1a. El mayorista para salones, consultas y spas en Espa\u00f1a y Portugal.","og_url":"https:\/\/salonforall.es\/pt\/syis-mascarilla-antioxidante-algas-500-ml\/","og_site_name":"Salon For ALL Espa\u00f1a","article_modified_time":"2026-03-24T16:14:44+00:00","og_image":[{"width":1200,"height":1200,"url":"https:\/\/salonforall.es\/wp-content\/uploads\/2025\/12\/Syis-Mascarilla-Antioxidante-Algas-500-Ml.jpg","type":"image\/jpeg"}],"twitter_card":"summary_large_image","twitter_title":"Syis Mascarilla Antioxidante Algas 500 Ml","twitter_misc":{"Tempo estimado de leitura":"9 minutos"},"schema":{"@context":"https:\/\/schema.org","@graph":[{"@type":"WebPage","@id":"https:\/\/salonforall.es\/syis-mascarilla-antioxidante-algas-500-ml\/","url":"https:\/\/salonforall.es\/syis-mascarilla-antioxidante-algas-500-ml\/","name":"Syis Mascarilla Antioxidante Algas 500 Ml comprar","isPartOf":{"@id":"https:\/\/salonforall.es\/#website"},"primaryImageOfPage":{"@id":"https:\/\/salonforall.es\/syis-mascarilla-antioxidante-algas-500-ml\/#primaryimage"},"image":{"@id":"https:\/\/salonforall.es\/syis-mascarilla-antioxidante-algas-500-ml\/#primaryimage"},"thumbnailUrl":"https:\/\/salonforall.es\/wp-content\/uploads\/2025\/12\/Syis-Mascarilla-Antioxidante-Algas-500-Ml.jpg","datePublished":"2025-12-02T13:11:40+00:00","dateModified":"2026-03-24T16:14:44+00:00","description":"Compra Syis Mascarilla Antioxidante Algas 500 Ml online o en el showroom en Salon For ALL Espa\u00f1a. El mayorista para salones, consultas y spas en Espa\u00f1a y Portugal.","breadcrumb":{"@id":"https:\/\/salonforall.es\/syis-mascarilla-antioxidante-algas-500-ml\/#breadcrumb"},"inLanguage":"pt-PT","potentialAction":[{"@type":"ReadAction","target":["https:\/\/salonforall.es\/syis-mascarilla-antioxidante-algas-500-ml\/"]}]},{"@type":"ImageObject","inLanguage":"pt-PT","@id":"https:\/\/salonforall.es\/syis-mascarilla-antioxidante-algas-500-ml\/#primaryimage","url":"https:\/\/salonforall.es\/wp-content\/uploads\/2025\/12\/Syis-Mascarilla-Antioxidante-Algas-500-Ml.jpg","contentUrl":"https:\/\/salonforall.es\/wp-content\/uploads\/2025\/12\/Syis-Mascarilla-Antioxidante-Algas-500-Ml.jpg","width":1200,"height":1200,"caption":"Syis Mascarilla Antioxidante Algas 500 Ml"},{"@type":"BreadcrumbList","@id":"https:\/\/salonforall.es\/syis-mascarilla-antioxidante-algas-500-ml\/#breadcrumb","itemListElement":[{"@type":"ListItem","position":1,"name":"Home","item":"https:\/\/salonforall.es\/"},{"@type":"ListItem","position":2,"name":"Winkel","item":"https:\/\/salonforall.es\/winkel\/"},{"@type":"ListItem","position":3,"name":"Syis Mascarilla Antioxidante Algas 500 Ml"}]},{"@type":"WebSite","@id":"https:\/\/salonforall.es\/#website","url":"https:\/\/salonforall.es\/","name":"Sal\u00e3o de beleza para toda a Espanha","description":"Grossista de mobili\u00e1rio e material para sal\u00f5es de beleza e consult\u00f3rios","publisher":{"@id":"https:\/\/salonforall.es\/#organization"},"potentialAction":[{"@type":"SearchAction","target":{"@type":"EntryPoint","urlTemplate":"https:\/\/salonforall.es\/?s={search_term_string}"},"query-input":{"@type":"PropertyValueSpecification","valueRequired":true,"valueName":"search_term_string"}}],"inLanguage":"pt-PT"},{"@type":"Organization","@id":"https:\/\/salonforall.es\/#organization","name":"Salon For All B.V. Espanha","alternateName":"Salon For All B.V. Espa\u00f1a - Mayorista de equipamiento para consultas, salones y suministros","url":"https:\/\/salonforall.es\/","logo":{"@type":"ImageObject","inLanguage":"pt-PT","@id":"https:\/\/salonforall.es\/#\/schema\/logo\/image\/","url":"https:\/\/salonforall.es\/wp-content\/uploads\/2025\/11\/logo-salon-for-all-e1764543185849.png","contentUrl":"https:\/\/salonforall.es\/wp-content\/uploads\/2025\/11\/logo-salon-for-all-e1764543185849.png","width":500,"height":150,"caption":"Salon For All B.V. Espa\u00f1a"},"image":{"@id":"https:\/\/salonforall.es\/#\/schema\/logo\/image\/"}}]}},"_links":{"self":[{"href":"https:\/\/salonforall.es\/pt\/wp-json\/wp\/v2\/product\/14207","targetHints":{"allow":["GET"]}}],"collection":[{"href":"https:\/\/salonforall.es\/pt\/wp-json\/wp\/v2\/product"}],"about":[{"href":"https:\/\/salonforall.es\/pt\/wp-json\/wp\/v2\/types\/product"}],"replies":[{"embeddable":true,"href":"https:\/\/salonforall.es\/pt\/wp-json\/wp\/v2\/comments?post=14207"}],"wp:featuredmedia":[{"embeddable":true,"href":"https:\/\/salonforall.es\/pt\/wp-json\/wp\/v2\/media\/14208"}],"wp:attachment":[{"href":"https:\/\/salonforall.es\/pt\/wp-json\/wp\/v2\/media?parent=14207"}],"wp:term":[{"taxonomy":"product_brand","embeddable":true,"href":"https:\/\/salonforall.es\/pt\/wp-json\/wp\/v2\/product_brand?post=14207"},{"taxonomy":"product_cat","embeddable":true,"href":"https:\/\/salonforall.es\/pt\/wp-json\/wp\/v2\/product_cat?post=14207"},{"taxonomy":"product_tag","embeddable":true,"href":"https:\/\/salonforall.es\/pt\/wp-json\/wp\/v2\/product_tag?post=14207"}],"curies":[{"name":"wp","href":"https:\/\/api.w.org\/{rel}","templated":true}]}}