{"id":14201,"date":"2025-12-02T14:11:40","date_gmt":"2025-12-02T13:11:40","guid":{"rendered":"https:\/\/salonforall.es\/product\/mascarilla-de-algas-hialuronicas-syis-500-ml\/"},"modified":"2026-03-24T17:14:43","modified_gmt":"2026-03-24T16:14:43","slug":"mascara-hialuronica-de-algas-marinhas-syis-500-ml","status":"publish","type":"product","link":"https:\/\/salonforall.es\/pt\/mascarilla-de-algas-hialuronicas-syis-500-ml\/","title":{"rendered":"M\u00e1scara de Algas Hialur\u00f3nicas Syis 500 Ml"},"content":{"rendered":"<h2>Informa\u00e7\u00f5es sobre o artigo Syis Hyaluronic Algae Mask 500 Ml n\u00famero 148394<\/h2>\n<p><p><img src=\"https:\/\/activeshop.com.pl\/media\/wysiwyg\/product\/148394\/ES_148394_01.jpg\"><\/p> <p><img src=\"https:\/\/activeshop.com.pl\/media\/wysiwyg\/product\/148394\/ES_148394_02.jpg\"><\/p> <\/p>\n<h2>M\u00e1scara hialur\u00f3nica de algas<\/h2>\n<p>Uma m\u00e1scara especializada de algas marinhas com \u00e1cido hialur\u00f3nico que hidrata intensamente e refresca a pele do rosto, pesco\u00e7o e decote. Indicada para todos os tipos de pele, especialmente para as peles secas, desidratadas e ba\u00e7as. Ideal para utiliza\u00e7\u00e3o em sal\u00f5es de beleza e de cuidados pessoais. Especialmente recomendado ap\u00f3s os tratamentos de limpeza e esfolia\u00e7\u00e3o, como complemento calmante dos cuidados da pele.<\/p>\n<p> <p><img src=\"https:\/\/activeshop.com.pl\/media\/wysiwyg\/product\/148394\/EN_148394_03.jpg\"><\/p> <\/p>\n<h2>Para uma pele que sacia a sede e uma apar\u00eancia radiante<\/h2>\n<p>A f\u00f3rmula da m\u00e1scara cont\u00e9m ingredientes activos cuidadosamente selecionados, incluindo: \u00e1cido hialur\u00f3nico, \u00f3leo de casca de laranja doce, argila branca e terra de diatom\u00e1ceas. Gra\u00e7as \u00e0s suas propriedades oclusivas, a m\u00e1scara promove a absor\u00e7\u00e3o dos ingredientes activos, refor\u00e7ando o efeito das prepara\u00e7\u00f5es previamente aplicadas. Ap\u00f3s o tratamento, a pele fica limpa, intensamente hidratada e radiante.<\/p>\n<p> <p><img src=\"https:\/\/activeshop.com.pl\/media\/wysiwyg\/product\/148394\/EN_148394_05.jpg\"><\/p> <\/p>\n<h2>Efic\u00e1cia comprovada<\/h2>\n<p>A efic\u00e1cia foi confirmada num estudo de aplica\u00e7\u00e3o realizado em condi\u00e7\u00f5es naturais: 93 % dos participantes indicaram um efeito de limpeza e refrescante, 87 % confirmaram o efeito hidratante e 80 % notaram uma pele mais radiante e com um aspeto mais saud\u00e1vel.<\/p>\n<p> <p><img src=\"https:\/\/activeshop.com.pl\/media\/wysiwyg\/product\/148394\/EN_148394_04.jpg\"><\/p> <\/p>\n<h2>Ingredientes activos:<\/h2>\n<h3>Hialuronato de s\u00f3dio<\/h3>\n<p>Um ingrediente com um poderoso efeito hidratante que ret\u00e9m a \u00e1gua na epiderme e evita a sua perda. Suaviza a pele, melhora a sua elasticidade e favorece a sua regenera\u00e7\u00e3o.<\/p>\n<h3>\u00d3leo de casca de Citrus Aurantium Dulcis<\/h3>\n<p>O \u00f3leo de casca de laranja doce tem um efeito refrescante, d\u00e1 \u00e0 pele um aspeto radiante e saud\u00e1vel e ajuda a desobstruir os poros e a reduzir a inflama\u00e7\u00e3o.<\/p>\n<h3>Caulino<\/h3>\n<p>A argila branca \u00e9 conhecida pelas suas propriedades de limpeza suave e matificante. Promove a remo\u00e7\u00e3o suave das impurezas e do sebo.<\/p>\n<h3>Terra de diatom\u00e1ceas<\/h3>\n<p>A terra de diatom\u00e1ceas, rica em minerais, ajuda a limpar a pele e esfolia suavemente. Apoia os processos de regenera\u00e7\u00e3o da epiderme.<\/p>\n<h3>Alginato de pot\u00e1ssio e alginato<\/h3>\n<p>Os alginatos naturais formam uma camada oclusiva flex\u00edvel que promove a absor\u00e7\u00e3o dos ingredientes activos e tem um efeito ben\u00e9fico no estado da pele.<\/p>\n<p> <p><img src=\"https:\/\/activeshop.com.pl\/media\/wysiwyg\/product\/148394\/EN_148394_06.jpg\"><\/p> <\/p>\n<h2>Instru\u00e7\u00f5es de utiliza\u00e7\u00e3o:<\/h2>\n<p>Misturar a m\u00e1scara com \u00e1gua at\u00e9 obter uma consist\u00eancia suave e homog\u00e9nea. Aplicar uniformemente no rosto, pesco\u00e7o e decote limpos. Deixar atuar durante cerca de 20 minutos e depois retirar.<\/p>\n<p><strong>Capacidade:<\/strong> 500 ml<\/p>\n<p><strong>Ingredientes (INCI):<\/strong> Terra de diatom\u00e1ceas, algas, glucose, perfume, alginato de pot\u00e1ssio, sulfato de c\u00e1lcio, hialuronato de s\u00f3dio, \u00f3leo de casca de Citrus Aurantium Dulcis, caulino, pirofosfato tetrass\u00f3dico, carbonato de s\u00f3dio, tetrametilacetilacetonahidronaftalenos, linalol, limoneno, alfa-isometilionona, terpineol, hexametilindanopirano, geraniol, trimetilbenzeno propanol, cetonas de rosas, carvona, s\u00edlica, CI 77007.<\/p>\n<p><strong>SYIS<\/strong> \u00e9 uma marca polaca de cosm\u00e9ticos profissionais criada a pensar em cuidados eficazes. Distingue-se pela elevada qualidade dos seus ingredientes activos que satisfazem as necessidades dos clientes modernos e conscientes.<\/p>\n<p>Os produtos da Activeshop s\u00e3o proporcionalmente mais baratos do que os de muitas outras marcas\/fornecedores. O pre\u00e7o est\u00e1 em rela\u00e7\u00e3o com a qualidade. Syis Hyaluronic Algae Mask 500 Ml \u00e9, portanto, uma solu\u00e7\u00e3o acess\u00edvel para o seu sal\u00e3o.<\/p>\n<h2>Como \u00e9 fornecida a M\u00e1scara de Algas Hialur\u00f3nicas Syis 500 Ml?<\/h2>\n<p>Syis Hyaluronic Algae Mask 500 Ml \u00e9 entregue na(s) embalagem(ns) original(ais). Em Espanha, a entrega de Syis Hyaluronic Algae Mask 500 Ml \u00e9 totalmente gratuita para encomendas superiores a 100,- Euro. Para envios para outros pa\u00edses, aplicam-se taxas de envio separadas. Pode verificar estas taxas connosco ou v\u00ea-las no carrinho de compras. Syis Hyaluronic Algae Mask 500 Ml \u00e9 enviada atrav\u00e9s de um servi\u00e7o de correio externo.<\/p>\n<p>As encomendas ou paletes s\u00e3o entregues, por norma, at\u00e9 \u00e0 soleira da porta da frente, mesmo que se encontre num edif\u00edcio coletivo, num edif\u00edcio de apartamentos ou num complexo de apartamentos com elevador (desde que o artigo caiba no elevador). N\u00e3o h\u00e1 elevador dispon\u00edvel ou o artigo n\u00e3o cabe no elevador? Ent\u00e3o entregamos at\u00e9 \u00e0 soleira do r\u00e9s do ch\u00e3o.<\/p>\n<p>Se ainda tem d\u00favidas sobre a entrega ou uma situa\u00e7\u00e3o especial, contacte-nos e teremos todo o gosto em ajud\u00e1-lo!<\/p>\n<p>*Os artigos n\u00e3o s\u00e3o desempacotados ou montados como padr\u00e3o. Em situa\u00e7\u00f5es especiais, pode contactar-nos para combinarmos as condi\u00e7\u00f5es.<\/p>\n<h2>Compras online seguras na Salon For All com o selo de qualidade Webwinkelkeur e encripta\u00e7\u00e3o SSL.<\/h2>\n<p>\u00c9 importante para n\u00f3s que os nossos clientes possam fazer compras com seguran\u00e7a na nossa loja online. Estamos afiliados ao selo de qualidade nacional Webwinkelkeur desde 2019. A nossa identidade foi verificada e verificada por eles, e a loja online foi verificada e legalmente aprovada. Al\u00e9m disso, a nossa loja online \u00e9 afiliada a eles para media\u00e7\u00e3o de conflitos. Pode ver o log\u00f3tipo com todas as informa\u00e7\u00f5es deste selo de qualidade da loja online no lado esquerdo ou direito da loja online (bot\u00e3o rosa com branco). Al\u00e9m disso, o nosso s\u00edtio est\u00e1 protegido por um certificado SSL para que possa navegar em seguran\u00e7a connosco. Na barra do seu navegador de Internet, onde aparece o nosso s\u00edtio Web, ver\u00e1 um \u00edcone de cadeado. Se clicar no cadeado, obter\u00e1 todas as informa\u00e7\u00f5es sobre a nossa seguran\u00e7a. Desta forma, sabe que a sua encomenda de Syis Hyaluronic Algae Mask 500 Ml e os seus dados pessoais s\u00e3o processados de forma segura.<\/p>\n<h2>Como posso pagar a M\u00e1scara de Algas Hialur\u00f3nicas Syis 500 Ml?<\/h2>\n<p>Queremos tornar as coisas o mais f\u00e1ceis poss\u00edvel para si. \u00c9 por isso que na Salon For All pode pagar com todos os m\u00e9todos de pagamento populares. Pagar antecipadamente, na entrega ou depois - tudo \u00e9 poss\u00edvel. Veja aqui todos os m\u00e9todos de pagamento que oferecemos:<\/p>\n<ul>\n<li>iDEAL<\/li>\n<li>Cart\u00e3o de cr\u00e9dito (Visa, Mastercard, American Express)<\/li>\n<li>Klarna - Pagamento na entrega com fatura<\/li>\n<li>PayPal<\/li>\n<li>Apple Pay<\/li>\n<li>Google Pay<\/li>\n<li>Bizum (para clientes espanh\u00f3is)<\/li>\n<li>Transfer\u00eancia banc\u00e1ria SEPA<\/li>\n<li>Contacto com o banco<\/li>\n<li>Fatura comercial para empresas<\/li>\n<li>Pagamento na sala de exposi\u00e7\u00f5es - Cart\u00e3o e dinheiro (apenas dispon\u00edvel \u00e0 cobran\u00e7a)<\/li>\n<\/ul>\n<h2>Veja tamb\u00e9m as opini\u00f5es de Salon For All<\/h2>\n<p>Por favor, verifique tamb\u00e9m as nossas opini\u00f5es para ter em conta as experi\u00eancias dos nossos clientes actuais na sua decis\u00e3o de encomendar Syis Hyaluronic Algae Mask 500 Ml connosco. Atrav\u00e9s do selo de qualidade da nossa loja online independente Webwinkelkeur, s\u00e3o recolhidas automaticamente as opini\u00f5es verificadas dos clientes que efectuaram uma encomenda connosco. Pode encontr\u00e1-las atr\u00e1s do bot\u00e3o cor-de-rosa na nossa loja online ou est\u00e3o listadas por baixo dos produtos.<\/p>\n<p>Partilhe tamb\u00e9m a sua experi\u00eancia ap\u00f3s comprar Syis Hyaluronic Algae Mask 500 Ml na sua encomenda, bem como o processo de compra e o contacto com Salon For All, para inspirar outras pessoas!<\/p>\n<h2>Contactar o Salon For All<\/h2>\n<p>Contacte-nos ent\u00e3o. Teremos todo o gosto em ajud\u00e1-lo na compra de Syis Hyaluronic Algae Mask 500 Ml. Nos dias \u00fateis, estamos dispon\u00edveis entre as 8h30 e as 17h00, atrav\u00e9s do n\u00famero de telefone e do endere\u00e7o de correio eletr\u00f3nico indicados no topo da loja online ou atrav\u00e9s da fun\u00e7\u00e3o de chat. Os pedidos de informa\u00e7\u00e3o fora do hor\u00e1rio de expediente s\u00e3o normalmente respondidos no prazo de 24 horas. Tamb\u00e9m \u00e9 poss\u00edvel visitar-nos fora dos dias \u00fateis ou do hor\u00e1rio de expediente. No entanto, \u00e9 necess\u00e1rio efetuar uma marca\u00e7\u00e3o pr\u00e9via.<\/p>\n<h2>Gostaria de visitar a nossa sala de exposi\u00e7\u00f5es?<\/h2>\n<p>Prefere ver Syis Hyaluronic Algae Mask 500 Ml ou consultar a nossa oferta de loja (online) juntamente com o nosso colega? Ent\u00e3o visite o nosso showroom com mais de 1000m\u00b2 de equipamento de sal\u00e3o e deixe-se inspirar pelos nossos colaboradores. Se tamb\u00e9m gosta de nos conhecer agradavelmente durante uma ch\u00e1vena de caf\u00e9 ou ch\u00e1, \u00e9 muito bem-vindo. N\u00e3o temos todos os produtos em stock, por isso, por favor, avise-nos com anteced\u00eancia que gostaria de vir. Marque sempre uma visita com anteced\u00eancia.<\/p>\n<h2>14 dias de reflex\u00e3o e a nossa pol\u00edtica de devolu\u00e7\u00e3o<\/h2>\n<p>\u00c9 claro que pode acontecer que a M\u00e1scara de Algas Hialur\u00f3nicas Syis 500 Ml entregue n\u00e3o seja totalmente do seu agrado e queira devolv\u00ea-la. Isso n\u00e3o \u00e9 problema para a Salon For All. Deve notificar a sua devolu\u00e7\u00e3o no prazo de 14 dias \u00fateis atrav\u00e9s de info@salonforall.es. Receber\u00e1 ent\u00e3o, em primeiro lugar, todas as instru\u00e7\u00f5es e condi\u00e7\u00f5es de devolu\u00e7\u00e3o. Tenha em aten\u00e7\u00e3o que a m\u00e1scara Syis Hyaluronic Algae Mask 500 Ml n\u00e3o deve ser utilizada, deve conter todas as pe\u00e7as fornecidas e deve ser devolvida na embalagem original. Os custos de transporte para uma devolu\u00e7\u00e3o s\u00e3o sempre a cargo do comprador nas compras efectuadas atrav\u00e9s do site www.salonforall.es. Para uma devolu\u00e7\u00e3o, deve ser o pr\u00f3prio comprador a organizar o transporte junto de uma empresa de transportes \u00e0 sua escolha. Ap\u00f3s a devolu\u00e7\u00e3o da Syis Hyaluronic Algae Mask 500 Ml, ser\u00e1 verificada a sua integridade e eventuais danos. Uma vez aprovada a devolu\u00e7\u00e3o, o montante da compra ser\u00e1 reembolsado no prazo de 5 dias \u00fateis para a conta banc\u00e1ria que temos registada.<\/p>\n<h2>Quem \u00e9 o Salon For All?<\/h2>\n<p>A Salon For All \u00e9 o grossista de todo o equipamento para sal\u00f5es de beleza na Europa. A Salon For All come\u00e7ou em 2003 com o nome Salonvoordeel e cresceu a partir da pr\u00e1tica. Os propriet\u00e1rios da Salon For All eram cabeleireiros experientes e especialistas em beleza e t\u00eam, em conjunto, mais de 30 anos de experi\u00eancia pr\u00e1tica. Em 2003, lan\u00e7\u00e1mos o Salonvoordeel.nl (Pa\u00edses Baixos) e, posteriormente, o Salon For All foi fundado para o mercado europeu. Alguns dos nossos funcion\u00e1rios come\u00e7aram o seu pr\u00f3prio neg\u00f3cio e assim nasceu a ideia de lan\u00e7ar uma loja online funcional para cabeleireiros e para os ajudar com o seu equipamento de sal\u00e3o.<\/p>\n<p>O nosso showroom est\u00e1 situado em Dinxperlo, diretamente na fronteira entre os Pa\u00edses Baixos e a Alemanha. Com os nossos muitos anos de experi\u00eancia no sector, podemos servir-lhe de espelho e dar-lhe os conselhos certos - falamos a mesma l\u00edngua! Aconselhamo-lo, inspiramos, motivamos e apoiamos na compra de Syis Hyaluronic Algae Mask 500 Ml. Os nossos fornecedores est\u00e3o localizados em toda a Europa, desde a Alemanha, Inglaterra, It\u00e1lia at\u00e9 \u00e0 Pol\u00f3nia.<\/p>","protected":false},"excerpt":{"rendered":"<p>O produto Syis Hyaluronic Algae Mask 500 Ml \u00e9 uma solu\u00e7\u00e3o de alta qualidade para qualquer sal\u00e3o de beleza. O prazo de entrega estimado \u00e9 de aproximadamente 6 dias \u00fateis.<\/p>","protected":false},"featured_media":14202,"comment_status":"open","ping_status":"open","template":"","meta":[],"product_brand":[362],"product_cat":[5601,76,363,5600],"product_tag":[5603,79,365,5602],"class_list":{"0":"post-14201","1":"product","2":"type-product","3":"status-publish","4":"has-post-thumbnail","6":"product_brand-syis","7":"product_cat-algas","8":"product_cat-cosmetica-profesional","9":"product_cat-cosmetica-syis-pro","10":"product_cat-mascarillas","11":"product_tag-algas","12":"product_tag-cosmetica-profesional","13":"product_tag-cosmetica-syis-pro","14":"product_tag-mascarillas","15":"pa_codigo-ean-7759","16":"pa_garantia-12-meses","17":"pa_marca-syis","18":"pa_numero-de-articulo-5598","19":"pa_tiempo-estimado-de-entrega-4-5-dias-laborables","21":"first","22":"instock","23":"sale","24":"taxable","25":"shipping-taxable","26":"purchasable","27":"product-type-simple"},"yoast_head":"<!-- This site is optimized with the Yoast SEO plugin v27.6 - https:\/\/yoast.com\/product\/yoast-seo-wordpress\/ -->\n<title>Mascarilla De Algas Hialur\u00f3nicas Syis 500 Ml comprar<\/title>\n<meta name=\"description\" content=\"Compra Mascarilla De Algas Hialur\u00f3nicas Syis 500 Ml online o en el showroom en Salon For ALL Espa\u00f1a. El mayorista para salones, consultas y spas en Espa\u00f1a y Portugal.\" \/>\n<meta name=\"robots\" content=\"index, follow, max-snippet:-1, max-image-preview:large, max-video-preview:-1\" \/>\n<link rel=\"canonical\" href=\"https:\/\/salonforall.es\/pt\/mascara-hialuronica-de-algas-marinhas-syis-500-ml\/\" \/>\n<meta property=\"og:locale\" content=\"pt_PT\" \/>\n<meta property=\"og:type\" content=\"article\" \/>\n<meta property=\"og:title\" content=\"Mascarilla De Algas Hialur\u00f3nicas Syis 500 Ml\" \/>\n<meta property=\"og:description\" content=\"Compra Mascarilla De Algas Hialur\u00f3nicas Syis 500 Ml online o en el showroom en Salon For ALL Espa\u00f1a. El mayorista para salones, consultas y spas en Espa\u00f1a y Portugal.\" \/>\n<meta property=\"og:url\" content=\"https:\/\/salonforall.es\/pt\/mascara-hialuronica-de-algas-marinhas-syis-500-ml\/\" \/>\n<meta property=\"og:site_name\" content=\"Salon For ALL Espa\u00f1a\" \/>\n<meta property=\"article:modified_time\" content=\"2026-03-24T16:14:43+00:00\" \/>\n<meta property=\"og:image\" content=\"https:\/\/salonforall.es\/wp-content\/uploads\/2025\/12\/Mascarilla-De-Algas-Hialuronicas-Syis-500-Ml.jpg\" \/>\n\t<meta property=\"og:image:width\" content=\"1200\" \/>\n\t<meta property=\"og:image:height\" content=\"1200\" \/>\n\t<meta property=\"og:image:type\" content=\"image\/jpeg\" \/>\n<meta name=\"twitter:card\" content=\"summary_large_image\" \/>\n<meta name=\"twitter:title\" content=\"Mascarilla De Algas Hialur\u00f3nicas Syis 500 Ml\" \/>\n<meta name=\"twitter:label1\" content=\"Tempo estimado de leitura\" \/>\n\t<meta name=\"twitter:data1\" content=\"9 minutos\" \/>\n<script type=\"application\/ld+json\" class=\"yoast-schema-graph\">{\"@context\":\"https:\\\/\\\/schema.org\",\"@graph\":[{\"@type\":\"WebPage\",\"@id\":\"https:\\\/\\\/salonforall.es\\\/mascarilla-de-algas-hialuronicas-syis-500-ml\\\/\",\"url\":\"https:\\\/\\\/salonforall.es\\\/mascarilla-de-algas-hialuronicas-syis-500-ml\\\/\",\"name\":\"Mascarilla De Algas Hialur\u00f3nicas Syis 500 Ml comprar\",\"isPartOf\":{\"@id\":\"https:\\\/\\\/salonforall.es\\\/#website\"},\"primaryImageOfPage\":{\"@id\":\"https:\\\/\\\/salonforall.es\\\/mascarilla-de-algas-hialuronicas-syis-500-ml\\\/#primaryimage\"},\"image\":{\"@id\":\"https:\\\/\\\/salonforall.es\\\/mascarilla-de-algas-hialuronicas-syis-500-ml\\\/#primaryimage\"},\"thumbnailUrl\":\"https:\\\/\\\/salonforall.es\\\/wp-content\\\/uploads\\\/2025\\\/12\\\/Mascarilla-De-Algas-Hialuronicas-Syis-500-Ml.jpg\",\"datePublished\":\"2025-12-02T13:11:40+00:00\",\"dateModified\":\"2026-03-24T16:14:43+00:00\",\"description\":\"Compra Mascarilla De Algas Hialur\u00f3nicas Syis 500 Ml online o en el showroom en Salon For ALL Espa\u00f1a. El mayorista para salones, consultas y spas en Espa\u00f1a y Portugal.\",\"breadcrumb\":{\"@id\":\"https:\\\/\\\/salonforall.es\\\/mascarilla-de-algas-hialuronicas-syis-500-ml\\\/#breadcrumb\"},\"inLanguage\":\"pt-PT\",\"potentialAction\":[{\"@type\":\"ReadAction\",\"target\":[\"https:\\\/\\\/salonforall.es\\\/mascarilla-de-algas-hialuronicas-syis-500-ml\\\/\"]}]},{\"@type\":\"ImageObject\",\"inLanguage\":\"pt-PT\",\"@id\":\"https:\\\/\\\/salonforall.es\\\/mascarilla-de-algas-hialuronicas-syis-500-ml\\\/#primaryimage\",\"url\":\"https:\\\/\\\/salonforall.es\\\/wp-content\\\/uploads\\\/2025\\\/12\\\/Mascarilla-De-Algas-Hialuronicas-Syis-500-Ml.jpg\",\"contentUrl\":\"https:\\\/\\\/salonforall.es\\\/wp-content\\\/uploads\\\/2025\\\/12\\\/Mascarilla-De-Algas-Hialuronicas-Syis-500-Ml.jpg\",\"width\":1200,\"height\":1200,\"caption\":\"Mascarilla De Algas Hialur\u00f3nicas Syis 500 Ml\"},{\"@type\":\"BreadcrumbList\",\"@id\":\"https:\\\/\\\/salonforall.es\\\/mascarilla-de-algas-hialuronicas-syis-500-ml\\\/#breadcrumb\",\"itemListElement\":[{\"@type\":\"ListItem\",\"position\":1,\"name\":\"Home\",\"item\":\"https:\\\/\\\/salonforall.es\\\/\"},{\"@type\":\"ListItem\",\"position\":2,\"name\":\"Winkel\",\"item\":\"https:\\\/\\\/salonforall.es\\\/winkel\\\/\"},{\"@type\":\"ListItem\",\"position\":3,\"name\":\"Mascarilla De Algas Hialur\u00f3nicas Syis 500 Ml\"}]},{\"@type\":\"WebSite\",\"@id\":\"https:\\\/\\\/salonforall.es\\\/#website\",\"url\":\"https:\\\/\\\/salonforall.es\\\/\",\"name\":\"Salon For ALL Espa\u00f1a\",\"description\":\"Mayorista de mobiliario y suministros para consultorios y salones\",\"publisher\":{\"@id\":\"https:\\\/\\\/salonforall.es\\\/#organization\"},\"potentialAction\":[{\"@type\":\"SearchAction\",\"target\":{\"@type\":\"EntryPoint\",\"urlTemplate\":\"https:\\\/\\\/salonforall.es\\\/?s={search_term_string}\"},\"query-input\":{\"@type\":\"PropertyValueSpecification\",\"valueRequired\":true,\"valueName\":\"search_term_string\"}}],\"inLanguage\":\"pt-PT\"},{\"@type\":\"Organization\",\"@id\":\"https:\\\/\\\/salonforall.es\\\/#organization\",\"name\":\"Salon For All B.V. Espa\u00f1a\",\"alternateName\":\"Salon For All B.V. Espa\u00f1a - Mayorista de equipamiento para consultas, salones y suministros\",\"url\":\"https:\\\/\\\/salonforall.es\\\/\",\"logo\":{\"@type\":\"ImageObject\",\"inLanguage\":\"pt-PT\",\"@id\":\"https:\\\/\\\/salonforall.es\\\/#\\\/schema\\\/logo\\\/image\\\/\",\"url\":\"https:\\\/\\\/salonforall.es\\\/wp-content\\\/uploads\\\/2025\\\/11\\\/logo-salon-for-all-e1764543185849.png\",\"contentUrl\":\"https:\\\/\\\/salonforall.es\\\/wp-content\\\/uploads\\\/2025\\\/11\\\/logo-salon-for-all-e1764543185849.png\",\"width\":500,\"height\":150,\"caption\":\"Salon For All B.V. Espa\u00f1a\"},\"image\":{\"@id\":\"https:\\\/\\\/salonforall.es\\\/#\\\/schema\\\/logo\\\/image\\\/\"}}]}<\/script>\n<!-- \/ Yoast SEO plugin. -->","yoast_head_json":{"title":"Syis Hyaluronic Algae Mask 500 Ml comprar","description":"Compre Syis Hyaluronic Algae Mask 500 Ml online ou no showroom da Salon For ALL Spain. O grossista para sal\u00f5es, consult\u00f3rios e spas em Espanha e Portugal.","robots":{"index":"index","follow":"follow","max-snippet":"max-snippet:-1","max-image-preview":"max-image-preview:large","max-video-preview":"max-video-preview:-1"},"canonical":"https:\/\/salonforall.es\/pt\/mascara-hialuronica-de-algas-marinhas-syis-500-ml\/","og_locale":"pt_PT","og_type":"article","og_title":"Mascarilla De Algas Hialur\u00f3nicas Syis 500 Ml","og_description":"Compra Mascarilla De Algas Hialur\u00f3nicas Syis 500 Ml online o en el showroom en Salon For ALL Espa\u00f1a. El mayorista para salones, consultas y spas en Espa\u00f1a y Portugal.","og_url":"https:\/\/salonforall.es\/pt\/mascara-hialuronica-de-algas-marinhas-syis-500-ml\/","og_site_name":"Salon For ALL Espa\u00f1a","article_modified_time":"2026-03-24T16:14:43+00:00","og_image":[{"width":1200,"height":1200,"url":"https:\/\/salonforall.es\/wp-content\/uploads\/2025\/12\/Mascarilla-De-Algas-Hialuronicas-Syis-500-Ml.jpg","type":"image\/jpeg"}],"twitter_card":"summary_large_image","twitter_title":"Mascarilla De Algas Hialur\u00f3nicas Syis 500 Ml","twitter_misc":{"Tempo estimado de leitura":"9 minutos"},"schema":{"@context":"https:\/\/schema.org","@graph":[{"@type":"WebPage","@id":"https:\/\/salonforall.es\/mascarilla-de-algas-hialuronicas-syis-500-ml\/","url":"https:\/\/salonforall.es\/mascarilla-de-algas-hialuronicas-syis-500-ml\/","name":"Syis Hyaluronic Algae Mask 500 Ml comprar","isPartOf":{"@id":"https:\/\/salonforall.es\/#website"},"primaryImageOfPage":{"@id":"https:\/\/salonforall.es\/mascarilla-de-algas-hialuronicas-syis-500-ml\/#primaryimage"},"image":{"@id":"https:\/\/salonforall.es\/mascarilla-de-algas-hialuronicas-syis-500-ml\/#primaryimage"},"thumbnailUrl":"https:\/\/salonforall.es\/wp-content\/uploads\/2025\/12\/Mascarilla-De-Algas-Hialuronicas-Syis-500-Ml.jpg","datePublished":"2025-12-02T13:11:40+00:00","dateModified":"2026-03-24T16:14:43+00:00","description":"Compre Syis Hyaluronic Algae Mask 500 Ml online ou no showroom da Salon For ALL Spain. O grossista para sal\u00f5es, consult\u00f3rios e spas em Espanha e Portugal.","breadcrumb":{"@id":"https:\/\/salonforall.es\/mascarilla-de-algas-hialuronicas-syis-500-ml\/#breadcrumb"},"inLanguage":"pt-PT","potentialAction":[{"@type":"ReadAction","target":["https:\/\/salonforall.es\/mascarilla-de-algas-hialuronicas-syis-500-ml\/"]}]},{"@type":"ImageObject","inLanguage":"pt-PT","@id":"https:\/\/salonforall.es\/mascarilla-de-algas-hialuronicas-syis-500-ml\/#primaryimage","url":"https:\/\/salonforall.es\/wp-content\/uploads\/2025\/12\/Mascarilla-De-Algas-Hialuronicas-Syis-500-Ml.jpg","contentUrl":"https:\/\/salonforall.es\/wp-content\/uploads\/2025\/12\/Mascarilla-De-Algas-Hialuronicas-Syis-500-Ml.jpg","width":1200,"height":1200,"caption":"Mascarilla De Algas Hialur\u00f3nicas Syis 500 Ml"},{"@type":"BreadcrumbList","@id":"https:\/\/salonforall.es\/mascarilla-de-algas-hialuronicas-syis-500-ml\/#breadcrumb","itemListElement":[{"@type":"ListItem","position":1,"name":"Home","item":"https:\/\/salonforall.es\/"},{"@type":"ListItem","position":2,"name":"Winkel","item":"https:\/\/salonforall.es\/winkel\/"},{"@type":"ListItem","position":3,"name":"Mascarilla De Algas Hialur\u00f3nicas Syis 500 Ml"}]},{"@type":"WebSite","@id":"https:\/\/salonforall.es\/#website","url":"https:\/\/salonforall.es\/","name":"Sal\u00e3o de beleza para toda a Espanha","description":"Grossista de mobili\u00e1rio e material para sal\u00f5es de beleza e consult\u00f3rios","publisher":{"@id":"https:\/\/salonforall.es\/#organization"},"potentialAction":[{"@type":"SearchAction","target":{"@type":"EntryPoint","urlTemplate":"https:\/\/salonforall.es\/?s={search_term_string}"},"query-input":{"@type":"PropertyValueSpecification","valueRequired":true,"valueName":"search_term_string"}}],"inLanguage":"pt-PT"},{"@type":"Organization","@id":"https:\/\/salonforall.es\/#organization","name":"Salon For All B.V. Espanha","alternateName":"Salon For All B.V. Espa\u00f1a - Mayorista de equipamiento para consultas, salones y suministros","url":"https:\/\/salonforall.es\/","logo":{"@type":"ImageObject","inLanguage":"pt-PT","@id":"https:\/\/salonforall.es\/#\/schema\/logo\/image\/","url":"https:\/\/salonforall.es\/wp-content\/uploads\/2025\/11\/logo-salon-for-all-e1764543185849.png","contentUrl":"https:\/\/salonforall.es\/wp-content\/uploads\/2025\/11\/logo-salon-for-all-e1764543185849.png","width":500,"height":150,"caption":"Salon For All B.V. Espa\u00f1a"},"image":{"@id":"https:\/\/salonforall.es\/#\/schema\/logo\/image\/"}}]}},"_links":{"self":[{"href":"https:\/\/salonforall.es\/pt\/wp-json\/wp\/v2\/product\/14201","targetHints":{"allow":["GET"]}}],"collection":[{"href":"https:\/\/salonforall.es\/pt\/wp-json\/wp\/v2\/product"}],"about":[{"href":"https:\/\/salonforall.es\/pt\/wp-json\/wp\/v2\/types\/product"}],"replies":[{"embeddable":true,"href":"https:\/\/salonforall.es\/pt\/wp-json\/wp\/v2\/comments?post=14201"}],"wp:featuredmedia":[{"embeddable":true,"href":"https:\/\/salonforall.es\/pt\/wp-json\/wp\/v2\/media\/14202"}],"wp:attachment":[{"href":"https:\/\/salonforall.es\/pt\/wp-json\/wp\/v2\/media?parent=14201"}],"wp:term":[{"taxonomy":"product_brand","embeddable":true,"href":"https:\/\/salonforall.es\/pt\/wp-json\/wp\/v2\/product_brand?post=14201"},{"taxonomy":"product_cat","embeddable":true,"href":"https:\/\/salonforall.es\/pt\/wp-json\/wp\/v2\/product_cat?post=14201"},{"taxonomy":"product_tag","embeddable":true,"href":"https:\/\/salonforall.es\/pt\/wp-json\/wp\/v2\/product_tag?post=14201"}],"curies":[{"name":"wp","href":"https:\/\/api.w.org\/{rel}","templated":true}]}}