{"id":13931,"date":"2025-12-02T14:08:46","date_gmt":"2025-12-02T13:08:46","guid":{"rendered":"https:\/\/salonforall.es\/product\/mostrador-de-recepcion-gabbiano-g26w-blanco\/"},"modified":"2026-03-24T17:13:46","modified_gmt":"2026-03-24T16:13:46","slug":"mostrador-de-recepcion-gabbiano-g26w-blanco","status":"publish","type":"product","link":"https:\/\/salonforall.es\/pt\/mostrador-de-recepcion-gabbiano-g26w-blanco\/","title":{"rendered":"Balc\u00e3o de rece\u00e7\u00e3o Gabbiano G26W Branco"},"content":{"rendered":"<h2>Informaci\u00f3n sobre Mostrador De Recepci\u00f3n Gabbiano G26W Blanco con n\u00famero de art\u00edculo 147863<\/h2>\n<p><img decoding=\"async\" src=\"https:\/\/activeshop.com.pl\/media\/wysiwyg\/product\/147863\/EN_147863_1.jpg\"><\/p>\n<p><strong>Gabbiano<\/strong> es una marca de lujo de equipos y muebles de peluquer\u00eda que se distingue por su fiabilidad, calidad y est\u00e9tica, as\u00ed como por su gran comodidad de uso. La oferta incluye una amplia selecci\u00f3n de equipos funcionales para peluquer\u00edas, como sillones, lavadoras e infrazonas.<\/p>\n<p><img decoding=\"async\" src=\"https:\/\/activeshop.com.pl\/media\/wysiwyg\/product\/147863\/EN_147863_2.jpg\"><\/p>\n<h2><strong>Cuidando la primera impresi\u00f3n<\/strong><\/h2>\n<p>El elegante mostrador de recepci\u00f3n <strong>Gabbiano G26W<\/strong> ser\u00e1 un excelente escaparate para un sal\u00f3n profesional, tanto de peluquer\u00eda como de est\u00e9tica. Este mueble llama la atenci\u00f3n, deja una impresi\u00f3n inolvidable y se integra a la perfecci\u00f3n en el ambiente de salones exclusivos. Resaltar\u00e1 fant\u00e1sticamente los interiores de estilo glamuroso, a la vez que mejora significativamente la organizaci\u00f3n del espacio de trabajo.<\/p>\n<p><img decoding=\"async\" src=\"https:\/\/activeshop.com.pl\/media\/wysiwyg\/product\/147863\/EN_147863_3.jpg\"><\/p>\n<h2><strong>Alta funcionalidad para mayor comodidad en el trabajo<\/strong><\/h2>\n<p>El mostrador de recepci\u00f3n est\u00e1 dise\u00f1ado para ser el mueble m\u00e1s espacioso y pr\u00e1ctico. Para mayor comodidad, est\u00e1 equipado con tres estantes abiertos de varios tama\u00f1os, un estante extra\u00edble, un caj\u00f3n para llaves y dos armarios con cerradura y elegantes tiradores en tonos plateados. Los espacios se han dispuesto de tal manera que <strong>facilitan la organizaci\u00f3n y el mantenimiento del orden<\/strong> en el lugar donde se almacenan todos los documentos importantes.<\/p>\n<p><img decoding=\"async\" src=\"https:\/\/activeshop.com.pl\/media\/wysiwyg\/product\/147863\/ES_147863_4.jpg\"><\/p>\n<h2><strong>Soluciones que se adaptan a sus necesidades<\/strong><\/h2>\n<p>En la pr\u00e1ctica encimera, que crea <strong>un espacio perfecto para art\u00edculos esenciales<\/strong>, como un tel\u00e9fono, accesorios de oficina o un calendario, hay un orificio dedicado para cables, lo que permite una f\u00e1cil conexi\u00f3n de la computadora y otros equipos necesarios. Las soluciones bien pensadas y la disposici\u00f3n adecuada de los estantes ofrecen grandes posibilidades para personalizar la recepci\u00f3n.<\/p>\n<p><img decoding=\"async\" src=\"https:\/\/activeshop.com.pl\/media\/wysiwyg\/product\/147863\/EN_147863_5.jpg\"><\/p>\n<h2><strong>Elegancia que define el interior<\/strong><\/h2>\n<p>Este mueble est\u00e1 fabricado con tablero laminado resistente y de alta calidad en tonos blancos, y sus superficies lisas son f\u00e1ciles de limpiar: en caso de suciedad, basta con limpiarlas con un pa\u00f1o h\u00famedo. El frontal decorativo est\u00e1 tapizado con piel sint\u00e9tica en tonos blancos, lo que le da un aspecto elegante, garantiza su durabilidad y facilita su limpieza. Los botones decorativos a\u00f1aden elegancia y singularidad, realzando el car\u00e1cter del interior. El mostrador de recepci\u00f3n fue fabricado con cuidado, es estable y los materiales utilizados garantizan muchos a\u00f1os de uso eficaz.<\/p>\n<p><img decoding=\"async\" src=\"https:\/\/activeshop.com.pl\/media\/wysiwyg\/product\/147863\/EN_147863_6.jpg\"><\/p>\n<p>El mueble no requiere montaje; tras desembalarlo, est\u00e1 listo para usar.<br \/>As dimens\u00f5es exactas est\u00e3o indicadas na fotografia.<\/p>\n<p><strong>Dados:<\/strong><br \/>Color del tablero laminado: tonos de blanco<br \/>Color de la parte frontal: tonos de blanco<br \/>Material de la parte frontal: cuero sint\u00e9tico<\/p>\n<p>Los productos Activeshop son proporcionalmente m\u00e1s econ\u00f3micos que muchas otras marcas\/proveedores. El precio est\u00e1 en relaci\u00f3n con la calidad. Mostrador De Recepci\u00f3n Gabbiano G26W Blanco es por lo tanto una soluci\u00f3n accesible para su sal\u00f3n.<\/p>\n<h2>\u00bfC\u00f3mo se entrega Mostrador De Recepci\u00f3n Gabbiano G26W Blanco?<\/h2>\n<p>Mostrador De Recepci\u00f3n Gabbiano G26W Blanco se entrega en embalaje(s) original(es). Dentro de Espa\u00f1a el env\u00edo de Mostrador De Recepci\u00f3n Gabbiano G26W Blanco es completamente gratuito para pedidos a partir de 100,- euros. Para env\u00edos a otros pa\u00edses se aplican tarifas de env\u00edo separadas. Puede consultar estas tarifas con nosotros o verlas en el carrito de compra. Mostrador De Recepci\u00f3n Gabbiano G26W Blanco se env\u00eda a trav\u00e9s de un servicio de mensajer\u00eda externo.<\/p>\n<p>As encomendas ou paletes s\u00e3o entregues, por norma, at\u00e9 \u00e0 soleira da porta da frente, mesmo que se encontre num edif\u00edcio coletivo, num edif\u00edcio de apartamentos ou num complexo de apartamentos com elevador (desde que o artigo caiba no elevador). N\u00e3o h\u00e1 elevador dispon\u00edvel ou o artigo n\u00e3o cabe no elevador? Ent\u00e3o entregamos at\u00e9 \u00e0 soleira do r\u00e9s do ch\u00e3o.<\/p>\n<p>Se ainda tem d\u00favidas sobre a entrega ou uma situa\u00e7\u00e3o especial, contacte-nos e teremos todo o gosto em ajud\u00e1-lo!<\/p>\n<p>*Os artigos n\u00e3o s\u00e3o desempacotados ou montados como padr\u00e3o. Em situa\u00e7\u00f5es especiais, pode contactar-nos para combinarmos as condi\u00e7\u00f5es.<\/p>\n<h2>Compras online seguras na Salon For All com o selo de qualidade Webwinkelkeur e encripta\u00e7\u00e3o SSL.<\/h2>\n<p>Es importante para nosotros que nuestros clientes puedan comprar de forma segura en nuestra tienda online. Estamos afiliados al sello de calidad nacional Webwinkelkeur desde 2019. Nuestra identidad ha sido verificada y comprobada por ellos, y la tienda online ha sido revisada y aprobada legalmente. Adem\u00e1s, nuestra tienda online est\u00e1 afiliada a ellos para la mediaci\u00f3n de conflictos. Puede ver la insignia con toda la informaci\u00f3n de este sello de calidad de tienda online en el lado izquierdo o derecho de la tienda online (bot\u00f3n rosa con blanco). Adem\u00e1s, nuestro sitio est\u00e1 protegido con un certificado SSL para que pueda navegar de forma segura con nosotros. En la barra de su navegador de Internet, donde aparece nuestro sitio web, ver\u00e1 un icono de candado. Si hace clic en el candado, obtendr\u00e1 toda la informaci\u00f3n sobre nuestra seguridad. De esta manera sabe que su pedido de Mostrador De Recepci\u00f3n Gabbiano G26W Blanco y sus datos personales se procesan de forma segura.<\/p>\n<h2>\u00bfC\u00f3mo puedo pagar Mostrador De Recepci\u00f3n Gabbiano G26W Blanco?<\/h2>\n<p>Queremos tornar as coisas o mais f\u00e1ceis poss\u00edvel para si. \u00c9 por isso que na Salon For All pode pagar com todos os m\u00e9todos de pagamento populares. Pagar antecipadamente, na entrega ou depois - tudo \u00e9 poss\u00edvel. Veja aqui todos os m\u00e9todos de pagamento que oferecemos:<\/p>\n<ul>\n<li>iDEAL<\/li>\n<li>Cart\u00e3o de cr\u00e9dito (Visa, Mastercard, American Express)<\/li>\n<li>Klarna - Pagamento na entrega com fatura<\/li>\n<li>PayPal<\/li>\n<li>Apple Pay<\/li>\n<li>Google Pay<\/li>\n<li>Bizum (para clientes espanh\u00f3is)<\/li>\n<li>Transfer\u00eancia banc\u00e1ria SEPA<\/li>\n<li>Contacto com o banco<\/li>\n<li>Fatura comercial para empresas<\/li>\n<li>Pagamento na sala de exposi\u00e7\u00f5es - Cart\u00e3o e dinheiro (apenas dispon\u00edvel \u00e0 cobran\u00e7a)<\/li>\n<\/ul>\n<h2>Veja tamb\u00e9m as opini\u00f5es de Salon For All<\/h2>\n<p>Consulte tambi\u00e9n nuestras rese\u00f1as para tener en cuenta las experiencias de nuestros clientes actuales en su decisi\u00f3n de pedir Mostrador De Recepci\u00f3n Gabbiano G26W Blanco con nosotros. A trav\u00e9s de nuestro sello de calidad independiente de tienda online Webwinkelkeur, se recopilan autom\u00e1ticamente rese\u00f1as verificadas de clientes que han completado un pedido con nosotros. Puede encontrarlas detr\u00e1s del bot\u00f3n rosa en nuestra tienda online o aparecen listadas debajo de los productos.<\/p>\n<p>\u00a1Comparta tambi\u00e9n su experiencia despu\u00e9s de su compra con su Mostrador De Recepci\u00f3n Gabbiano G26W Blanco pedido y su experiencia con el proceso de compra o el contacto con Salon For All para inspirar a otros!<\/p>\n<h2>Contactar o Salon For All<\/h2>\n<p>Cont\u00e1ctenos entonces. Estaremos encantados de ayudarle con la adquisici\u00f3n de Mostrador De Recepci\u00f3n Gabbiano G26W Blanco. En d\u00edas laborables estamos mejor disponibles entre las 8.30 y las 17.00 horas a trav\u00e9s del n\u00famero de tel\u00e9fono y direcci\u00f3n de correo electr\u00f3nico en la parte superior de la tienda online o a trav\u00e9s de la funci\u00f3n de chat. Las consultas fuera del horario de oficina suelen responderse en un plazo de 24 horas. Tambi\u00e9n es posible visitarnos fuera de los d\u00edas laborables u horario de oficina. Pero para ello es necesario concertar una cita previa.<\/p>\n<h2>Gostaria de visitar a nossa sala de exposi\u00e7\u00f5es?<\/h2>\n<p>\u00bfPrefiere ver Mostrador De Recepci\u00f3n Gabbiano G26W Blanco o recorrer nuestra oferta de la tienda (online) junto con nuestro colega? Entonces visite nuestro showroom con m\u00e1s de 1000m\u00b2 de equipamiento para salones y d\u00e9jese inspirar por nuestros empleados. Tambi\u00e9n si le gusta conocernos de manera agradable disfrutando de una buena taza de caf\u00e9 o t\u00e9, es muy bienvenido. No tenemos todos los productos en stock, as\u00ed que h\u00e1ganos saber de antemano que desea venir. Concierte siempre una cita previa.<\/p>\n<h2>14 dias de reflex\u00e3o e a nossa pol\u00edtica de devolu\u00e7\u00e3o<\/h2>\n<p>Por supuesto puede ocurrir que Mostrador De Recepci\u00f3n Gabbiano G26W Blanco entregado no sea completamente de su agrado y desee devolverlo. Eso no es ning\u00fan problema en Salon For All. Debe notificar su devoluci\u00f3n dentro de 14 d\u00edas laborables a trav\u00e9s de info@salonforall.es. Entonces recibir\u00e1 primero todas las instrucciones y condiciones de devoluci\u00f3n. Tenga en cuenta que Mostrador De Recepci\u00f3n Gabbiano G26W Blanco no debe haber sido usado, debe contener todas las partes suministradas y debe devolverse empaquetado en el embalaje original. Los costos de env\u00edo de una devoluci\u00f3n son siempre a cargo del comprador en compras a trav\u00e9s de www.salonforall.es. Debe organizar usted mismo un transporte con una empresa de transporte de su elecci\u00f3n para una devoluci\u00f3n. Una vez que Mostrador De Recepci\u00f3n Gabbiano G26W Blanco haya sido devuelto, se verificar\u00e1 su integridad y posibles da\u00f1os. Una vez que la devoluci\u00f3n haya sido aprobada, el importe de la compra se reembolsar\u00e1 dentro de 5 d\u00edas laborables a la cuenta bancaria que tenemos registrada.<\/p>\n<h2>Quem \u00e9 o Salon For All?<\/h2>\n<p>A Salon For All \u00e9 o grossista de todo o equipamento para sal\u00f5es de beleza na Europa. A Salon For All come\u00e7ou em 2003 com o nome Salonvoordeel e cresceu a partir da pr\u00e1tica. Os propriet\u00e1rios da Salon For All eram cabeleireiros experientes e especialistas em beleza e t\u00eam, em conjunto, mais de 30 anos de experi\u00eancia pr\u00e1tica. Em 2003, lan\u00e7\u00e1mos o Salonvoordeel.nl (Pa\u00edses Baixos) e, posteriormente, o Salon For All foi fundado para o mercado europeu. Alguns dos nossos funcion\u00e1rios come\u00e7aram o seu pr\u00f3prio neg\u00f3cio e assim nasceu a ideia de lan\u00e7ar uma loja online funcional para cabeleireiros e para os ajudar com o seu equipamento de sal\u00e3o.<\/p>\n<p>Nuestro showroom se encuentra en Dinxperlo, directamente en la frontera entre los Pa\u00edses Bajos y Alemania. Con nuestra amplia experiencia en el sector podemos servirle de espejo y proporcionarle el asesoramiento adecuado. \u00a1Hablamos el mismo idioma! Le asesoramos, inspiramos, motivamos y ayudamos en la adquisici\u00f3n de Mostrador De Recepci\u00f3n Gabbiano G26W Blanco. Nuestros proveedores se encuentran en toda Europa, desde Alemania, Inglaterra, Italia hasta Polonia.<\/p>","protected":false},"excerpt":{"rendered":"<p>O balc\u00e3o de rece\u00e7\u00e3o Gabbiano G26W Branco \u00e9 uma solu\u00e7\u00e3o de alta qualidade para qualquer sal\u00e3o de beleza. O prazo de entrega estimado \u00e9 de aproximadamente 6 dias \u00fateis.<\/p>","protected":false},"featured_media":13932,"comment_status":"open","ping_status":"open","template":"","meta":[],"product_brand":[95],"product_cat":[108,1439],"product_tag":[110,1440],"class_list":{"0":"post-13931","1":"product","2":"type-product","3":"status-publish","4":"has-post-thumbnail","6":"product_brand-gabbiano","7":"product_cat-mobiliario-cosmetico","8":"product_cat-salones-y-mostradores-de-recepcion","9":"product_tag-mobiliario-cosmetico","10":"product_tag-salones-y-mostradores-de-recepcion","11":"pa_codigo-ean-7759","12":"pa_garantia-12-meses","13":"pa_marca-gabbiano","14":"pa_numero-de-articulo-5498","15":"pa_tiempo-estimado-de-entrega-4-5-dias-laborables","17":"first","18":"instock","19":"sale","20":"taxable","21":"shipping-taxable","22":"purchasable","23":"product-type-simple"},"yoast_head":"<!-- This site is optimized with the Yoast SEO plugin v27.6 - https:\/\/yoast.com\/product\/yoast-seo-wordpress\/ -->\n<title>Mostrador De Recepci\u00f3n Gabbiano G26W Blanco comprar<\/title>\n<meta name=\"description\" content=\"Compra Mostrador De Recepci\u00f3n Gabbiano G26W Blanco online o en el showroom en Salon For ALL Espa\u00f1a. El mayorista para salones, consultas y spas en Espa\u00f1a y Portugal.\" \/>\n<meta name=\"robots\" content=\"index, follow, max-snippet:-1, max-image-preview:large, max-video-preview:-1\" \/>\n<link rel=\"canonical\" href=\"https:\/\/salonforall.es\/pt\/mostrador-de-recepcion-gabbiano-g26w-blanco\/\" \/>\n<meta property=\"og:locale\" content=\"pt_PT\" \/>\n<meta property=\"og:type\" content=\"article\" \/>\n<meta property=\"og:title\" content=\"Mostrador De Recepci\u00f3n Gabbiano G26W Blanco\" \/>\n<meta property=\"og:description\" content=\"Compra Mostrador De Recepci\u00f3n Gabbiano G26W Blanco online o en el showroom en Salon For ALL Espa\u00f1a. El mayorista para salones, consultas y spas en Espa\u00f1a y Portugal.\" \/>\n<meta property=\"og:url\" content=\"https:\/\/salonforall.es\/pt\/mostrador-de-recepcion-gabbiano-g26w-blanco\/\" \/>\n<meta property=\"og:site_name\" content=\"Salon For ALL Espa\u00f1a\" \/>\n<meta property=\"article:modified_time\" content=\"2026-03-24T16:13:46+00:00\" \/>\n<meta property=\"og:image\" content=\"https:\/\/salonforall.es\/wp-content\/uploads\/2025\/12\/Mostrador-De-Recepcion-Gabbiano-G26W-Blanco.jpg\" \/>\n\t<meta property=\"og:image:width\" content=\"1200\" \/>\n\t<meta property=\"og:image:height\" content=\"1200\" \/>\n\t<meta property=\"og:image:type\" content=\"image\/jpeg\" \/>\n<meta name=\"twitter:card\" content=\"summary_large_image\" \/>\n<meta name=\"twitter:title\" content=\"Mostrador De Recepci\u00f3n Gabbiano G26W Blanco\" \/>\n<meta name=\"twitter:label1\" content=\"Tempo estimado de leitura\" \/>\n\t<meta name=\"twitter:data1\" content=\"8 minutos\" \/>\n<script type=\"application\/ld+json\" class=\"yoast-schema-graph\">{\"@context\":\"https:\\\/\\\/schema.org\",\"@graph\":[{\"@type\":\"WebPage\",\"@id\":\"https:\\\/\\\/salonforall.es\\\/mostrador-de-recepcion-gabbiano-g26w-blanco\\\/\",\"url\":\"https:\\\/\\\/salonforall.es\\\/mostrador-de-recepcion-gabbiano-g26w-blanco\\\/\",\"name\":\"Mostrador De Recepci\u00f3n Gabbiano G26W Blanco comprar\",\"isPartOf\":{\"@id\":\"https:\\\/\\\/salonforall.es\\\/#website\"},\"primaryImageOfPage\":{\"@id\":\"https:\\\/\\\/salonforall.es\\\/mostrador-de-recepcion-gabbiano-g26w-blanco\\\/#primaryimage\"},\"image\":{\"@id\":\"https:\\\/\\\/salonforall.es\\\/mostrador-de-recepcion-gabbiano-g26w-blanco\\\/#primaryimage\"},\"thumbnailUrl\":\"https:\\\/\\\/salonforall.es\\\/wp-content\\\/uploads\\\/2025\\\/12\\\/Mostrador-De-Recepcion-Gabbiano-G26W-Blanco.jpg\",\"datePublished\":\"2025-12-02T13:08:46+00:00\",\"dateModified\":\"2026-03-24T16:13:46+00:00\",\"description\":\"Compra Mostrador De Recepci\u00f3n Gabbiano G26W Blanco online o en el showroom en Salon For ALL Espa\u00f1a. El mayorista para salones, consultas y spas en Espa\u00f1a y Portugal.\",\"breadcrumb\":{\"@id\":\"https:\\\/\\\/salonforall.es\\\/mostrador-de-recepcion-gabbiano-g26w-blanco\\\/#breadcrumb\"},\"inLanguage\":\"pt-PT\",\"potentialAction\":[{\"@type\":\"ReadAction\",\"target\":[\"https:\\\/\\\/salonforall.es\\\/mostrador-de-recepcion-gabbiano-g26w-blanco\\\/\"]}]},{\"@type\":\"ImageObject\",\"inLanguage\":\"pt-PT\",\"@id\":\"https:\\\/\\\/salonforall.es\\\/mostrador-de-recepcion-gabbiano-g26w-blanco\\\/#primaryimage\",\"url\":\"https:\\\/\\\/salonforall.es\\\/wp-content\\\/uploads\\\/2025\\\/12\\\/Mostrador-De-Recepcion-Gabbiano-G26W-Blanco.jpg\",\"contentUrl\":\"https:\\\/\\\/salonforall.es\\\/wp-content\\\/uploads\\\/2025\\\/12\\\/Mostrador-De-Recepcion-Gabbiano-G26W-Blanco.jpg\",\"width\":1200,\"height\":1200,\"caption\":\"Mostrador De Recepci\u00f3n Gabbiano G26W Blanco\"},{\"@type\":\"BreadcrumbList\",\"@id\":\"https:\\\/\\\/salonforall.es\\\/mostrador-de-recepcion-gabbiano-g26w-blanco\\\/#breadcrumb\",\"itemListElement\":[{\"@type\":\"ListItem\",\"position\":1,\"name\":\"Home\",\"item\":\"https:\\\/\\\/salonforall.es\\\/\"},{\"@type\":\"ListItem\",\"position\":2,\"name\":\"Winkel\",\"item\":\"https:\\\/\\\/salonforall.es\\\/winkel\\\/\"},{\"@type\":\"ListItem\",\"position\":3,\"name\":\"Mostrador De Recepci\u00f3n Gabbiano G26W Blanco\"}]},{\"@type\":\"WebSite\",\"@id\":\"https:\\\/\\\/salonforall.es\\\/#website\",\"url\":\"https:\\\/\\\/salonforall.es\\\/\",\"name\":\"Salon For ALL Espa\u00f1a\",\"description\":\"Mayorista de mobiliario y suministros para consultorios y salones\",\"publisher\":{\"@id\":\"https:\\\/\\\/salonforall.es\\\/#organization\"},\"potentialAction\":[{\"@type\":\"SearchAction\",\"target\":{\"@type\":\"EntryPoint\",\"urlTemplate\":\"https:\\\/\\\/salonforall.es\\\/?s={search_term_string}\"},\"query-input\":{\"@type\":\"PropertyValueSpecification\",\"valueRequired\":true,\"valueName\":\"search_term_string\"}}],\"inLanguage\":\"pt-PT\"},{\"@type\":\"Organization\",\"@id\":\"https:\\\/\\\/salonforall.es\\\/#organization\",\"name\":\"Salon For All B.V. Espa\u00f1a\",\"alternateName\":\"Salon For All B.V. Espa\u00f1a - Mayorista de equipamiento para consultas, salones y suministros\",\"url\":\"https:\\\/\\\/salonforall.es\\\/\",\"logo\":{\"@type\":\"ImageObject\",\"inLanguage\":\"pt-PT\",\"@id\":\"https:\\\/\\\/salonforall.es\\\/#\\\/schema\\\/logo\\\/image\\\/\",\"url\":\"https:\\\/\\\/salonforall.es\\\/wp-content\\\/uploads\\\/2025\\\/11\\\/logo-salon-for-all-e1764543185849.png\",\"contentUrl\":\"https:\\\/\\\/salonforall.es\\\/wp-content\\\/uploads\\\/2025\\\/11\\\/logo-salon-for-all-e1764543185849.png\",\"width\":500,\"height\":150,\"caption\":\"Salon For All B.V. Espa\u00f1a\"},\"image\":{\"@id\":\"https:\\\/\\\/salonforall.es\\\/#\\\/schema\\\/logo\\\/image\\\/\"}}]}<\/script>\n<!-- \/ Yoast SEO plugin. -->","yoast_head_json":{"title":"Mostrador De Recepci\u00f3n Gabbiano G26W Blanco comprar","description":"Compra Mostrador De Recepci\u00f3n Gabbiano G26W Blanco online o en el showroom en Salon For ALL Espa\u00f1a. El mayorista para salones, consultas y spas en Espa\u00f1a y Portugal.","robots":{"index":"index","follow":"follow","max-snippet":"max-snippet:-1","max-image-preview":"max-image-preview:large","max-video-preview":"max-video-preview:-1"},"canonical":"https:\/\/salonforall.es\/pt\/mostrador-de-recepcion-gabbiano-g26w-blanco\/","og_locale":"pt_PT","og_type":"article","og_title":"Mostrador De Recepci\u00f3n Gabbiano G26W Blanco","og_description":"Compra Mostrador De Recepci\u00f3n Gabbiano G26W Blanco online o en el showroom en Salon For ALL Espa\u00f1a. El mayorista para salones, consultas y spas en Espa\u00f1a y Portugal.","og_url":"https:\/\/salonforall.es\/pt\/mostrador-de-recepcion-gabbiano-g26w-blanco\/","og_site_name":"Salon For ALL Espa\u00f1a","article_modified_time":"2026-03-24T16:13:46+00:00","og_image":[{"width":1200,"height":1200,"url":"https:\/\/salonforall.es\/wp-content\/uploads\/2025\/12\/Mostrador-De-Recepcion-Gabbiano-G26W-Blanco.jpg","type":"image\/jpeg"}],"twitter_card":"summary_large_image","twitter_title":"Mostrador De Recepci\u00f3n Gabbiano G26W Blanco","twitter_misc":{"Tempo estimado de leitura":"8 minutos"},"schema":{"@context":"https:\/\/schema.org","@graph":[{"@type":"WebPage","@id":"https:\/\/salonforall.es\/mostrador-de-recepcion-gabbiano-g26w-blanco\/","url":"https:\/\/salonforall.es\/mostrador-de-recepcion-gabbiano-g26w-blanco\/","name":"Mostrador De Recepci\u00f3n Gabbiano G26W Blanco comprar","isPartOf":{"@id":"https:\/\/salonforall.es\/#website"},"primaryImageOfPage":{"@id":"https:\/\/salonforall.es\/mostrador-de-recepcion-gabbiano-g26w-blanco\/#primaryimage"},"image":{"@id":"https:\/\/salonforall.es\/mostrador-de-recepcion-gabbiano-g26w-blanco\/#primaryimage"},"thumbnailUrl":"https:\/\/salonforall.es\/wp-content\/uploads\/2025\/12\/Mostrador-De-Recepcion-Gabbiano-G26W-Blanco.jpg","datePublished":"2025-12-02T13:08:46+00:00","dateModified":"2026-03-24T16:13:46+00:00","description":"Compra Mostrador De Recepci\u00f3n Gabbiano G26W Blanco online o en el showroom en Salon For ALL Espa\u00f1a. El mayorista para salones, consultas y spas en Espa\u00f1a y Portugal.","breadcrumb":{"@id":"https:\/\/salonforall.es\/mostrador-de-recepcion-gabbiano-g26w-blanco\/#breadcrumb"},"inLanguage":"pt-PT","potentialAction":[{"@type":"ReadAction","target":["https:\/\/salonforall.es\/mostrador-de-recepcion-gabbiano-g26w-blanco\/"]}]},{"@type":"ImageObject","inLanguage":"pt-PT","@id":"https:\/\/salonforall.es\/mostrador-de-recepcion-gabbiano-g26w-blanco\/#primaryimage","url":"https:\/\/salonforall.es\/wp-content\/uploads\/2025\/12\/Mostrador-De-Recepcion-Gabbiano-G26W-Blanco.jpg","contentUrl":"https:\/\/salonforall.es\/wp-content\/uploads\/2025\/12\/Mostrador-De-Recepcion-Gabbiano-G26W-Blanco.jpg","width":1200,"height":1200,"caption":"Mostrador De Recepci\u00f3n Gabbiano G26W Blanco"},{"@type":"BreadcrumbList","@id":"https:\/\/salonforall.es\/mostrador-de-recepcion-gabbiano-g26w-blanco\/#breadcrumb","itemListElement":[{"@type":"ListItem","position":1,"name":"Home","item":"https:\/\/salonforall.es\/"},{"@type":"ListItem","position":2,"name":"Winkel","item":"https:\/\/salonforall.es\/winkel\/"},{"@type":"ListItem","position":3,"name":"Mostrador De Recepci\u00f3n Gabbiano G26W Blanco"}]},{"@type":"WebSite","@id":"https:\/\/salonforall.es\/#website","url":"https:\/\/salonforall.es\/","name":"Sal\u00e3o de beleza para toda a Espanha","description":"Grossista de mobili\u00e1rio e material para sal\u00f5es de beleza e consult\u00f3rios","publisher":{"@id":"https:\/\/salonforall.es\/#organization"},"potentialAction":[{"@type":"SearchAction","target":{"@type":"EntryPoint","urlTemplate":"https:\/\/salonforall.es\/?s={search_term_string}"},"query-input":{"@type":"PropertyValueSpecification","valueRequired":true,"valueName":"search_term_string"}}],"inLanguage":"pt-PT"},{"@type":"Organization","@id":"https:\/\/salonforall.es\/#organization","name":"Salon For All B.V. Espanha","alternateName":"Salon For All B.V. Espa\u00f1a - Mayorista de equipamiento para consultas, salones y suministros","url":"https:\/\/salonforall.es\/","logo":{"@type":"ImageObject","inLanguage":"pt-PT","@id":"https:\/\/salonforall.es\/#\/schema\/logo\/image\/","url":"https:\/\/salonforall.es\/wp-content\/uploads\/2025\/11\/logo-salon-for-all-e1764543185849.png","contentUrl":"https:\/\/salonforall.es\/wp-content\/uploads\/2025\/11\/logo-salon-for-all-e1764543185849.png","width":500,"height":150,"caption":"Salon For All B.V. Espa\u00f1a"},"image":{"@id":"https:\/\/salonforall.es\/#\/schema\/logo\/image\/"}}]}},"_links":{"self":[{"href":"https:\/\/salonforall.es\/pt\/wp-json\/wp\/v2\/product\/13931","targetHints":{"allow":["GET"]}}],"collection":[{"href":"https:\/\/salonforall.es\/pt\/wp-json\/wp\/v2\/product"}],"about":[{"href":"https:\/\/salonforall.es\/pt\/wp-json\/wp\/v2\/types\/product"}],"replies":[{"embeddable":true,"href":"https:\/\/salonforall.es\/pt\/wp-json\/wp\/v2\/comments?post=13931"}],"wp:featuredmedia":[{"embeddable":true,"href":"https:\/\/salonforall.es\/pt\/wp-json\/wp\/v2\/media\/13932"}],"wp:attachment":[{"href":"https:\/\/salonforall.es\/pt\/wp-json\/wp\/v2\/media?parent=13931"}],"wp:term":[{"taxonomy":"product_brand","embeddable":true,"href":"https:\/\/salonforall.es\/pt\/wp-json\/wp\/v2\/product_brand?post=13931"},{"taxonomy":"product_cat","embeddable":true,"href":"https:\/\/salonforall.es\/pt\/wp-json\/wp\/v2\/product_cat?post=13931"},{"taxonomy":"product_tag","embeddable":true,"href":"https:\/\/salonforall.es\/pt\/wp-json\/wp\/v2\/product_tag?post=13931"}],"curies":[{"name":"wp","href":"https:\/\/api.w.org\/{rel}","templated":true}]}}