{"id":13614,"date":"2025-12-02T14:03:40","date_gmt":"2025-12-02T13:03:40","guid":{"rendered":"https:\/\/salonforall.es\/product\/lampara-uv-led-glow-f2-rn-220w\/"},"modified":"2026-03-24T17:12:14","modified_gmt":"2026-03-24T16:12:14","slug":"lampara-uv-led-glow-f2-rn-220w","status":"publish","type":"product","link":"https:\/\/salonforall.es\/pt\/lampara-uv-led-glow-f2-rn-220w\/","title":{"rendered":"L\u00e2mpada Uv Led F2 Rn 220W Uv Led Glow F2 Rn"},"content":{"rendered":"<h2>Informaci\u00f3n sobre L\u00e1mpara Uv Led Glow F2 Rn 220W con n\u00famero de art\u00edculo 147273<\/h2>\n<p>Os produtos da marca <strong>GLOW<\/strong> s\u00e3o l\u00e2mpadas profissionais que melhoram a qualidade dos servi\u00e7os tanto nos sal\u00f5es de beleza como nos consult\u00f3rios m\u00e9dicos. Oferece uma vasta sele\u00e7\u00e3o de l\u00e2mpadas especializadas, incluindo UV\/LED e l\u00e2mpadas de tratamento, necess\u00e1rias para um trabalho preciso.<\/p>\n<p><img decoding=\"async\" src=\"https:\/\/activeshop.com.pl\/media\/wysiwyg\/product\/147273\/EN_147273_1.jpg\"><\/p>\n<h2><strong>Uma forma pr\u00e1tica de ter umas unhas bonitas<\/strong><\/h2>\n<p><strong>La l\u00e1mpara de u\u00f1as Glow F2<\/strong> es un dispositivo con pr\u00e1cticas funciones que permite realizar manicuras y pedicuras eficazmente con esmaltes h\u00edbridos, geles u otras preparaciones fotopolimerizables. Los LED uniformemente espaciados y la innovadora tecnolog\u00eda Dual LED garantizan una fijaci\u00f3n perfecta del peinado. Su dise\u00f1o \u00fanico, facilidad de uso y funcionalidades bien pensadas hacen que esta l\u00e1mpara sea perfecta tanto para uso profesional como dom\u00e9stico.<\/p>\n<p><img decoding=\"async\" src=\"https:\/\/activeshop.com.pl\/media\/wysiwyg\/product\/147273\/EN_147273_2.jpg\"><\/p>\n<h2><strong>Dispositivo sem sombras com tecnologia Dual LED<\/strong><\/h2>\n<p>Est\u00e1 equipado con hasta <strong>57 LED<\/strong> correctamente dispuestos (sin la llamada \u00abzona muerta\u00bb) con una <strong>potencia total de 220 W<\/strong>, lo que garantiza un secado perfecto de geles y esmaltes h\u00edbridos. El modelo Glow F2 tiene una forma cerrada, la llamada <strong>cabina<\/strong>, que permite un secado uniforme y preciso del estilismo de u\u00f1as. La <strong>tecnolog\u00eda Dual Led<\/strong> utilizada en este dispositivo hace que los diodos emitan luz de dos longitudes de onda, <strong>sin cansar la vista y proporcionando un amplio espectro de funcionamiento<\/strong>. Gracias a las soluciones utilizadas, la l\u00e1mpara cura r\u00e1pida y correctamente incluso los productos m\u00e1s exigentes, llegando incluso a los puntos m\u00e1s inaccesibles de la placa ungueal.<\/p>\n<p><img decoding=\"async\" src=\"https:\/\/activeshop.com.pl\/media\/wysiwyg\/product\/147273\/EN_147273_3.jpg\"><\/p>\n<h2><strong>Tiempo de curado ajustable a las necesidades individuales<\/strong><\/h2>\n<p>La l\u00e1mpara est\u00e1 equipada con un temporizador con cuatro tiempos de curado programados: 10 s, 30 s, 60 s y 99 s (el llamado \u00abModo de Calor Bajo\u00bb), que se muestran en la pantalla digital. Adem\u00e1s, si no se selecciona ning\u00fan modo, el sensor de movimiento integrado encender\u00e1 autom\u00e1ticamente la l\u00e1mpara al colocar los dedos o el pie debajo, con un tiempo de exposici\u00f3n m\u00e1ximo de 120 s. La pantalla mostrar\u00e1 el tiempo de curado. Esto le permite seleccionar f\u00e1cilmente la duraci\u00f3n del secado seg\u00fan el peinado y los productos utilizados.<\/p>\n<p><img decoding=\"async\" src=\"https:\/\/activeshop.com.pl\/media\/wysiwyg\/product\/147273\/EN_147273_4.jpg\"><\/p>\n<h2><strong>Modo de baja temperatura \u00f3ptimo<\/strong><\/h2>\n<p>\u00a1Se acabaron las molestas quemaduras al secar las u\u00f1as! El sistema de baja temperatura ya mencionado permite que, durante el secado de las u\u00f1as, el dispositivo aumente gradualmente su potencia, calent\u00e1ndose m\u00e1s lentamente. Esto evita la sensaci\u00f3n de calor durante la exposici\u00f3n. Esta es una funci\u00f3n indispensable, especialmente al curar geles, que suele causar molestias al usar otras l\u00e1mparas disponibles en el mercado.<\/p>\n<p><img decoding=\"async\" src=\"https:\/\/activeshop.com.pl\/media\/wysiwyg\/product\/147273\/EN_147273_5.jpg\"><\/p>\n<h2><strong>Posibilidad de desmontar el panel inferior<\/strong><\/h2>\n<p>El dispositivo cuenta con un panel inferior extra\u00edble y f\u00e1cil de desmontar, que, en el caso de tratamientos de pedicura o podolog\u00eda, facilita enormemente la colocaci\u00f3n del pie debajo de la l\u00e1mpara. Esta opci\u00f3n tambi\u00e9n es ideal para limpiar o desinfectar el dispositivo. Un mango plateado con acabado pulido es un atractivo a\u00f1adido que facilita el movimiento del dispositivo y es ideal para estilistas m\u00f3viles. Tambi\u00e9n incluye una ranura en la carcasa que puede usarse como soporte para tel\u00e9fono. Esto le permite disfrutar m\u00e1s del tratamiento viendo su pel\u00edcula favorita.<\/p>\n<h2><strong>Dispositivo \u00fanico y funcional<\/strong><\/h2>\n<p>Sus pr\u00e1cticas funciones, su forma ergon\u00f3mica y su dise\u00f1o \u00fanico con un acabado met\u00e1lico degradado en tonos rosa y azul hacen de esta l\u00e1mpara un elemento pr\u00e1ctico y a la vez elegante para el equipamiento de su sal\u00f3n de belleza.<\/strong> Las dimensiones adecuadas permiten una <strong>colocaci\u00f3n c\u00f3moda de toda la mano o el pie bajo la l\u00e1mpara<\/strong>, lo que garantiza un secado uniforme del peinado.<\/p>\n<div class=\"video-container\"> <iframe height=\"315\" src=\"https:\/\/www.youtube.com\/embed\/5nQPZHlbAXQ\" frameborder=\"0\" width=\"560\" allowfullscreen allow=\"accelerometer; autoplay; encrypted-media; gyroscope; picture-in-picture\"> <\/iframe> <\/div>\n<p>Ler atentamente as instru\u00e7\u00f5es antes de utilizar.<br \/><strong>Inclui:<\/strong> l\u00e1mpara, fuente de alimentaci\u00f3n, instrucciones.<\/p>\n<p><strong>Dados:<\/strong><br \/>Color de la carcasa: tonos rosa y azul<br \/>Temporizador: 10 s, 30 s, 60 s, 99 s<br \/>Tiempo m\u00e1ximo de trabajo: 120 s<br \/>Sensor de movimento: sim<br \/>Pantalla: digital Pantalla LCD<br \/>N\u00famero de LED: 57<br \/>Potencia: 220 W<br \/>Tens\u00e3o de entrada: 100-240 V<br \/>Longitud de onda: 365 nm, 405 nm<br \/>Dimensiones: 22,5 cm x 20 cm x 11 cm<br \/>Garantia: 12 meses<\/p>\n<p>Los productos Activeshop son proporcionalmente m\u00e1s econ\u00f3micos que muchas otras marcas\/proveedores. El precio est\u00e1 en relaci\u00f3n con la calidad. L\u00e1mpara Uv Led Glow F2 Rn 220W es por lo tanto una soluci\u00f3n accesible para su sal\u00f3n.<\/p>\n<h2>\u00bfC\u00f3mo se entrega L\u00e1mpara Uv Led Glow F2 Rn 220W?<\/h2>\n<p>L\u00e1mpara Uv Led Glow F2 Rn 220W se entrega en embalaje(s) original(es). Dentro de Espa\u00f1a el env\u00edo de L\u00e1mpara Uv Led Glow F2 Rn 220W es completamente gratuito para pedidos a partir de 100,- euros. Para env\u00edos a otros pa\u00edses se aplican tarifas de env\u00edo separadas. Puede consultar estas tarifas con nosotros o verlas en el carrito de compra. L\u00e1mpara Uv Led Glow F2 Rn 220W se env\u00eda a trav\u00e9s de un servicio de mensajer\u00eda externo.<\/p>\n<p>As encomendas ou paletes s\u00e3o entregues, por norma, at\u00e9 \u00e0 soleira da porta da frente, mesmo que se encontre num edif\u00edcio coletivo, num edif\u00edcio de apartamentos ou num complexo de apartamentos com elevador (desde que o artigo caiba no elevador). N\u00e3o h\u00e1 elevador dispon\u00edvel ou o artigo n\u00e3o cabe no elevador? Ent\u00e3o entregamos at\u00e9 \u00e0 soleira do r\u00e9s do ch\u00e3o.<\/p>\n<p>Se ainda tem d\u00favidas sobre a entrega ou uma situa\u00e7\u00e3o especial, contacte-nos e teremos todo o gosto em ajud\u00e1-lo!<\/p>\n<p>*Os artigos n\u00e3o s\u00e3o desempacotados ou montados como padr\u00e3o. Em situa\u00e7\u00f5es especiais, pode contactar-nos para combinarmos as condi\u00e7\u00f5es.<\/p>\n<h2>Compras online seguras na Salon For All com o selo de qualidade Webwinkelkeur e encripta\u00e7\u00e3o SSL.<\/h2>\n<p>Es importante para nosotros que nuestros clientes puedan comprar de forma segura en nuestra tienda online. Estamos afiliados al sello de calidad nacional Webwinkelkeur desde 2019. Nuestra identidad ha sido verificada y comprobada por ellos, y la tienda online ha sido revisada y aprobada legalmente. Adem\u00e1s, nuestra tienda online est\u00e1 afiliada a ellos para la mediaci\u00f3n de conflictos. Puede ver la insignia con toda la informaci\u00f3n de este sello de calidad de tienda online en el lado izquierdo o derecho de la tienda online (bot\u00f3n rosa con blanco). Adem\u00e1s, nuestro sitio est\u00e1 protegido con un certificado SSL para que pueda navegar de forma segura con nosotros. En la barra de su navegador de Internet, donde aparece nuestro sitio web, ver\u00e1 un icono de candado. Si hace clic en el candado, obtendr\u00e1 toda la informaci\u00f3n sobre nuestra seguridad. De esta manera sabe que su pedido de L\u00e1mpara Uv Led Glow F2 Rn 220W y sus datos personales se procesan de forma segura.<\/p>\n<h2>\u00bfC\u00f3mo puedo pagar L\u00e1mpara Uv Led Glow F2 Rn 220W?<\/h2>\n<p>Queremos tornar as coisas o mais f\u00e1ceis poss\u00edvel para si. \u00c9 por isso que na Salon For All pode pagar com todos os m\u00e9todos de pagamento populares. Pagar antecipadamente, na entrega ou depois - tudo \u00e9 poss\u00edvel. Veja aqui todos os m\u00e9todos de pagamento que oferecemos:<\/p>\n<ul>\n<li>iDEAL<\/li>\n<li>Cart\u00e3o de cr\u00e9dito (Visa, Mastercard, American Express)<\/li>\n<li>Klarna - Pagamento na entrega com fatura<\/li>\n<li>PayPal<\/li>\n<li>Apple Pay<\/li>\n<li>Google Pay<\/li>\n<li>Bizum (para clientes espanh\u00f3is)<\/li>\n<li>Transfer\u00eancia banc\u00e1ria SEPA<\/li>\n<li>Contacto com o banco<\/li>\n<li>Fatura comercial para empresas<\/li>\n<li>Pagamento na sala de exposi\u00e7\u00f5es - Cart\u00e3o e dinheiro (apenas dispon\u00edvel \u00e0 cobran\u00e7a)<\/li>\n<\/ul>\n<h2>Veja tamb\u00e9m as opini\u00f5es de Salon For All<\/h2>\n<p>Consulte tambi\u00e9n nuestras rese\u00f1as para tener en cuenta las experiencias de nuestros clientes actuales en su decisi\u00f3n de pedir L\u00e1mpara Uv Led Glow F2 Rn 220W con nosotros. A trav\u00e9s de nuestro sello de calidad independiente de tienda online Webwinkelkeur, se recopilan autom\u00e1ticamente rese\u00f1as verificadas de clientes que han completado un pedido con nosotros. Puede encontrarlas detr\u00e1s del bot\u00f3n rosa en nuestra tienda online o aparecen listadas debajo de los productos.<\/p>\n<p>\u00a1Comparta tambi\u00e9n su experiencia despu\u00e9s de su compra con su L\u00e1mpara Uv Led Glow F2 Rn 220W pedido y su experiencia con el proceso de compra o el contacto con Salon For All para inspirar a otros!<\/p>\n<h2>Contactar o Salon For All<\/h2>\n<p>Cont\u00e1ctenos entonces. Estaremos encantados de ayudarle con la adquisici\u00f3n de L\u00e1mpara Uv Led Glow F2 Rn 220W. En d\u00edas laborables estamos mejor disponibles entre las 8.30 y las 17.00 horas a trav\u00e9s del n\u00famero de tel\u00e9fono y direcci\u00f3n de correo electr\u00f3nico en la parte superior de la tienda online o a trav\u00e9s de la funci\u00f3n de chat. Las consultas fuera del horario de oficina suelen responderse en un plazo de 24 horas. Tambi\u00e9n es posible visitarnos fuera de los d\u00edas laborables u horario de oficina. Pero para ello es necesario concertar una cita previa.<\/p>\n<h2>Gostaria de visitar a nossa sala de exposi\u00e7\u00f5es?<\/h2>\n<p>\u00bfPrefiere ver L\u00e1mpara Uv Led Glow F2 Rn 220W o recorrer nuestra oferta de la tienda (online) junto con nuestro colega? Entonces visite nuestro showroom con m\u00e1s de 1000m\u00b2 de equipamiento para salones y d\u00e9jese inspirar por nuestros empleados. Tambi\u00e9n si le gusta conocernos de manera agradable disfrutando de una buena taza de caf\u00e9 o t\u00e9, es muy bienvenido. No tenemos todos los productos en stock, as\u00ed que h\u00e1ganos saber de antemano que desea venir. Concierte siempre una cita previa.<\/p>\n<h2>14 dias de reflex\u00e3o e a nossa pol\u00edtica de devolu\u00e7\u00e3o<\/h2>\n<p>Por supuesto puede ocurrir que L\u00e1mpara Uv Led Glow F2 Rn 220W entregado no sea completamente de su agrado y desee devolverlo. Eso no es ning\u00fan problema en Salon For All. Debe notificar su devoluci\u00f3n dentro de 14 d\u00edas laborables a trav\u00e9s de info@salonforall.es. Entonces recibir\u00e1 primero todas las instrucciones y condiciones de devoluci\u00f3n. Tenga en cuenta que L\u00e1mpara Uv Led Glow F2 Rn 220W no debe haber sido usado, debe contener todas las partes suministradas y debe devolverse empaquetado en el embalaje original. Los costos de env\u00edo de una devoluci\u00f3n son siempre a cargo del comprador en compras a trav\u00e9s de www.salonforall.es. Debe organizar usted mismo un transporte con una empresa de transporte de su elecci\u00f3n para una devoluci\u00f3n. Una vez que L\u00e1mpara Uv Led Glow F2 Rn 220W haya sido devuelto, se verificar\u00e1 su integridad y posibles da\u00f1os. Una vez que la devoluci\u00f3n haya sido aprobada, el importe de la compra se reembolsar\u00e1 dentro de 5 d\u00edas laborables a la cuenta bancaria que tenemos registrada.<\/p>\n<h2>Quem \u00e9 o Salon For All?<\/h2>\n<p>A Salon For All \u00e9 o grossista de todo o equipamento para sal\u00f5es de beleza na Europa. A Salon For All come\u00e7ou em 2003 com o nome Salonvoordeel e cresceu a partir da pr\u00e1tica. Os propriet\u00e1rios da Salon For All eram cabeleireiros experientes e especialistas em beleza e t\u00eam, em conjunto, mais de 30 anos de experi\u00eancia pr\u00e1tica. Em 2003, lan\u00e7\u00e1mos o Salonvoordeel.nl (Pa\u00edses Baixos) e, posteriormente, o Salon For All foi fundado para o mercado europeu. Alguns dos nossos funcion\u00e1rios come\u00e7aram o seu pr\u00f3prio neg\u00f3cio e assim nasceu a ideia de lan\u00e7ar uma loja online funcional para cabeleireiros e para os ajudar com o seu equipamento de sal\u00e3o.<\/p>\n<p>Nuestro showroom se encuentra en Dinxperlo, directamente en la frontera entre los Pa\u00edses Bajos y Alemania. Con nuestra amplia experiencia en el sector podemos servirle de espejo y proporcionarle el asesoramiento adecuado. \u00a1Hablamos el mismo idioma! Le asesoramos, inspiramos, motivamos y ayudamos en la adquisici\u00f3n de L\u00e1mpara Uv Led Glow F2 Rn 220W. Nuestros proveedores se encuentran en toda Europa, desde Alemania, Inglaterra, Italia hasta Polonia.<\/p>","protected":false},"excerpt":{"rendered":"<p>O produto Uv Led Glow F2 Rn 220W \u00e9 uma solu\u00e7\u00e3o de alta qualidade para qualquer sala de estar. O prazo de entrega estimado \u00e9 de aproximadamente 6 dias \u00fateis.<\/p>","protected":false},"featured_media":13615,"comment_status":"open","ping_status":"open","template":"","meta":[],"product_brand":[640],"product_cat":[2240,621],"product_tag":[2241,623],"class_list":{"0":"post-13614","1":"product","2":"type-product","3":"status-publish","4":"has-post-thumbnail","6":"product_brand-glow","7":"product_cat-lamparas-led-y-uv-para-unas","8":"product_cat-unas","9":"product_tag-lamparas-led-y-uv-para-unas","10":"product_tag-unas","11":"pa_codigo-ean-7759","12":"pa_garantia-12-meses","13":"pa_marca-glow","14":"pa_numero-de-articulo-5386","15":"pa_tiempo-estimado-de-entrega-4-5-dias-laborables","17":"first","18":"instock","19":"sale","20":"taxable","21":"shipping-taxable","22":"purchasable","23":"product-type-simple"},"yoast_head":"<!-- This site is optimized with the Yoast SEO plugin v27.6 - https:\/\/yoast.com\/product\/yoast-seo-wordpress\/ -->\n<title>L\u00e1mpara Uv Led Glow F2 Rn 220W comprar<\/title>\n<meta name=\"description\" content=\"Compra L\u00e1mpara Uv Led Glow F2 Rn 220W online o en el showroom en Salon For ALL Espa\u00f1a. El mayorista para salones, consultas y spas en Espa\u00f1a y Portugal.\" \/>\n<meta name=\"robots\" content=\"index, follow, max-snippet:-1, max-image-preview:large, max-video-preview:-1\" \/>\n<link rel=\"canonical\" href=\"https:\/\/salonforall.es\/pt\/lampara-uv-led-glow-f2-rn-220w\/\" \/>\n<meta property=\"og:locale\" content=\"pt_PT\" \/>\n<meta property=\"og:type\" content=\"article\" \/>\n<meta property=\"og:title\" content=\"L\u00e1mpara Uv Led Glow F2 Rn 220W\" \/>\n<meta property=\"og:description\" content=\"Compra L\u00e1mpara Uv Led Glow F2 Rn 220W online o en el showroom en Salon For ALL Espa\u00f1a. El mayorista para salones, consultas y spas en Espa\u00f1a y Portugal.\" \/>\n<meta property=\"og:url\" content=\"https:\/\/salonforall.es\/pt\/lampara-uv-led-glow-f2-rn-220w\/\" \/>\n<meta property=\"og:site_name\" content=\"Salon For ALL Espa\u00f1a\" \/>\n<meta property=\"article:modified_time\" content=\"2026-03-24T16:12:14+00:00\" \/>\n<meta property=\"og:image\" content=\"https:\/\/salonforall.es\/wp-content\/uploads\/2025\/12\/Lampara-Uv-Led-Glow-F2-Rn-220W.jpg\" \/>\n\t<meta property=\"og:image:width\" content=\"1200\" \/>\n\t<meta property=\"og:image:height\" content=\"1200\" \/>\n\t<meta property=\"og:image:type\" content=\"image\/jpeg\" \/>\n<meta name=\"twitter:card\" content=\"summary_large_image\" \/>\n<meta name=\"twitter:title\" content=\"L\u00e1mpara Uv Led Glow F2 Rn 220W\" \/>\n<meta name=\"twitter:label1\" content=\"Tempo estimado de leitura\" \/>\n\t<meta name=\"twitter:data1\" content=\"10 minutos\" \/>\n<script type=\"application\/ld+json\" class=\"yoast-schema-graph\">{\"@context\":\"https:\\\/\\\/schema.org\",\"@graph\":[{\"@type\":\"WebPage\",\"@id\":\"https:\\\/\\\/salonforall.es\\\/lampara-uv-led-glow-f2-rn-220w\\\/\",\"url\":\"https:\\\/\\\/salonforall.es\\\/lampara-uv-led-glow-f2-rn-220w\\\/\",\"name\":\"L\u00e1mpara Uv Led Glow F2 Rn 220W comprar\",\"isPartOf\":{\"@id\":\"https:\\\/\\\/salonforall.es\\\/#website\"},\"primaryImageOfPage\":{\"@id\":\"https:\\\/\\\/salonforall.es\\\/lampara-uv-led-glow-f2-rn-220w\\\/#primaryimage\"},\"image\":{\"@id\":\"https:\\\/\\\/salonforall.es\\\/lampara-uv-led-glow-f2-rn-220w\\\/#primaryimage\"},\"thumbnailUrl\":\"https:\\\/\\\/salonforall.es\\\/wp-content\\\/uploads\\\/2025\\\/12\\\/Lampara-Uv-Led-Glow-F2-Rn-220W.jpg\",\"datePublished\":\"2025-12-02T13:03:40+00:00\",\"dateModified\":\"2026-03-24T16:12:14+00:00\",\"description\":\"Compra L\u00e1mpara Uv Led Glow F2 Rn 220W online o en el showroom en Salon For ALL Espa\u00f1a. El mayorista para salones, consultas y spas en Espa\u00f1a y Portugal.\",\"breadcrumb\":{\"@id\":\"https:\\\/\\\/salonforall.es\\\/lampara-uv-led-glow-f2-rn-220w\\\/#breadcrumb\"},\"inLanguage\":\"pt-PT\",\"potentialAction\":[{\"@type\":\"ReadAction\",\"target\":[\"https:\\\/\\\/salonforall.es\\\/lampara-uv-led-glow-f2-rn-220w\\\/\"]}]},{\"@type\":\"ImageObject\",\"inLanguage\":\"pt-PT\",\"@id\":\"https:\\\/\\\/salonforall.es\\\/lampara-uv-led-glow-f2-rn-220w\\\/#primaryimage\",\"url\":\"https:\\\/\\\/salonforall.es\\\/wp-content\\\/uploads\\\/2025\\\/12\\\/Lampara-Uv-Led-Glow-F2-Rn-220W.jpg\",\"contentUrl\":\"https:\\\/\\\/salonforall.es\\\/wp-content\\\/uploads\\\/2025\\\/12\\\/Lampara-Uv-Led-Glow-F2-Rn-220W.jpg\",\"width\":1200,\"height\":1200,\"caption\":\"L\u00e1mpara Uv Led Glow F2 Rn 220W\"},{\"@type\":\"BreadcrumbList\",\"@id\":\"https:\\\/\\\/salonforall.es\\\/lampara-uv-led-glow-f2-rn-220w\\\/#breadcrumb\",\"itemListElement\":[{\"@type\":\"ListItem\",\"position\":1,\"name\":\"Home\",\"item\":\"https:\\\/\\\/salonforall.es\\\/\"},{\"@type\":\"ListItem\",\"position\":2,\"name\":\"Winkel\",\"item\":\"https:\\\/\\\/salonforall.es\\\/winkel\\\/\"},{\"@type\":\"ListItem\",\"position\":3,\"name\":\"L\u00e1mpara Uv Led Glow F2 Rn 220W\"}]},{\"@type\":\"WebSite\",\"@id\":\"https:\\\/\\\/salonforall.es\\\/#website\",\"url\":\"https:\\\/\\\/salonforall.es\\\/\",\"name\":\"Salon For ALL Espa\u00f1a\",\"description\":\"Mayorista de mobiliario y suministros para consultorios y salones\",\"publisher\":{\"@id\":\"https:\\\/\\\/salonforall.es\\\/#organization\"},\"potentialAction\":[{\"@type\":\"SearchAction\",\"target\":{\"@type\":\"EntryPoint\",\"urlTemplate\":\"https:\\\/\\\/salonforall.es\\\/?s={search_term_string}\"},\"query-input\":{\"@type\":\"PropertyValueSpecification\",\"valueRequired\":true,\"valueName\":\"search_term_string\"}}],\"inLanguage\":\"pt-PT\"},{\"@type\":\"Organization\",\"@id\":\"https:\\\/\\\/salonforall.es\\\/#organization\",\"name\":\"Salon For All B.V. Espa\u00f1a\",\"alternateName\":\"Salon For All B.V. Espa\u00f1a - Mayorista de equipamiento para consultas, salones y suministros\",\"url\":\"https:\\\/\\\/salonforall.es\\\/\",\"logo\":{\"@type\":\"ImageObject\",\"inLanguage\":\"pt-PT\",\"@id\":\"https:\\\/\\\/salonforall.es\\\/#\\\/schema\\\/logo\\\/image\\\/\",\"url\":\"https:\\\/\\\/salonforall.es\\\/wp-content\\\/uploads\\\/2025\\\/11\\\/logo-salon-for-all-e1764543185849.png\",\"contentUrl\":\"https:\\\/\\\/salonforall.es\\\/wp-content\\\/uploads\\\/2025\\\/11\\\/logo-salon-for-all-e1764543185849.png\",\"width\":500,\"height\":150,\"caption\":\"Salon For All B.V. Espa\u00f1a\"},\"image\":{\"@id\":\"https:\\\/\\\/salonforall.es\\\/#\\\/schema\\\/logo\\\/image\\\/\"}}]}<\/script>\n<!-- \/ Yoast SEO plugin. -->","yoast_head_json":{"title":"L\u00e1mpara Uv Led Glow F2 Rn 220W comprar","description":"Compra L\u00e1mpara Uv Led Glow F2 Rn 220W online o en el showroom en Salon For ALL Espa\u00f1a. El mayorista para salones, consultas y spas en Espa\u00f1a y Portugal.","robots":{"index":"index","follow":"follow","max-snippet":"max-snippet:-1","max-image-preview":"max-image-preview:large","max-video-preview":"max-video-preview:-1"},"canonical":"https:\/\/salonforall.es\/pt\/lampara-uv-led-glow-f2-rn-220w\/","og_locale":"pt_PT","og_type":"article","og_title":"L\u00e1mpara Uv Led Glow F2 Rn 220W","og_description":"Compra L\u00e1mpara Uv Led Glow F2 Rn 220W online o en el showroom en Salon For ALL Espa\u00f1a. El mayorista para salones, consultas y spas en Espa\u00f1a y Portugal.","og_url":"https:\/\/salonforall.es\/pt\/lampara-uv-led-glow-f2-rn-220w\/","og_site_name":"Salon For ALL Espa\u00f1a","article_modified_time":"2026-03-24T16:12:14+00:00","og_image":[{"width":1200,"height":1200,"url":"https:\/\/salonforall.es\/wp-content\/uploads\/2025\/12\/Lampara-Uv-Led-Glow-F2-Rn-220W.jpg","type":"image\/jpeg"}],"twitter_card":"summary_large_image","twitter_title":"L\u00e1mpara Uv Led Glow F2 Rn 220W","twitter_misc":{"Tempo estimado de leitura":"10 minutos"},"schema":{"@context":"https:\/\/schema.org","@graph":[{"@type":"WebPage","@id":"https:\/\/salonforall.es\/lampara-uv-led-glow-f2-rn-220w\/","url":"https:\/\/salonforall.es\/lampara-uv-led-glow-f2-rn-220w\/","name":"L\u00e1mpara Uv Led Glow F2 Rn 220W comprar","isPartOf":{"@id":"https:\/\/salonforall.es\/#website"},"primaryImageOfPage":{"@id":"https:\/\/salonforall.es\/lampara-uv-led-glow-f2-rn-220w\/#primaryimage"},"image":{"@id":"https:\/\/salonforall.es\/lampara-uv-led-glow-f2-rn-220w\/#primaryimage"},"thumbnailUrl":"https:\/\/salonforall.es\/wp-content\/uploads\/2025\/12\/Lampara-Uv-Led-Glow-F2-Rn-220W.jpg","datePublished":"2025-12-02T13:03:40+00:00","dateModified":"2026-03-24T16:12:14+00:00","description":"Compra L\u00e1mpara Uv Led Glow F2 Rn 220W online o en el showroom en Salon For ALL Espa\u00f1a. El mayorista para salones, consultas y spas en Espa\u00f1a y Portugal.","breadcrumb":{"@id":"https:\/\/salonforall.es\/lampara-uv-led-glow-f2-rn-220w\/#breadcrumb"},"inLanguage":"pt-PT","potentialAction":[{"@type":"ReadAction","target":["https:\/\/salonforall.es\/lampara-uv-led-glow-f2-rn-220w\/"]}]},{"@type":"ImageObject","inLanguage":"pt-PT","@id":"https:\/\/salonforall.es\/lampara-uv-led-glow-f2-rn-220w\/#primaryimage","url":"https:\/\/salonforall.es\/wp-content\/uploads\/2025\/12\/Lampara-Uv-Led-Glow-F2-Rn-220W.jpg","contentUrl":"https:\/\/salonforall.es\/wp-content\/uploads\/2025\/12\/Lampara-Uv-Led-Glow-F2-Rn-220W.jpg","width":1200,"height":1200,"caption":"L\u00e1mpara Uv Led Glow F2 Rn 220W"},{"@type":"BreadcrumbList","@id":"https:\/\/salonforall.es\/lampara-uv-led-glow-f2-rn-220w\/#breadcrumb","itemListElement":[{"@type":"ListItem","position":1,"name":"Home","item":"https:\/\/salonforall.es\/"},{"@type":"ListItem","position":2,"name":"Winkel","item":"https:\/\/salonforall.es\/winkel\/"},{"@type":"ListItem","position":3,"name":"L\u00e1mpara Uv Led Glow F2 Rn 220W"}]},{"@type":"WebSite","@id":"https:\/\/salonforall.es\/#website","url":"https:\/\/salonforall.es\/","name":"Sal\u00e3o de beleza para toda a Espanha","description":"Grossista de mobili\u00e1rio e material para sal\u00f5es de beleza e consult\u00f3rios","publisher":{"@id":"https:\/\/salonforall.es\/#organization"},"potentialAction":[{"@type":"SearchAction","target":{"@type":"EntryPoint","urlTemplate":"https:\/\/salonforall.es\/?s={search_term_string}"},"query-input":{"@type":"PropertyValueSpecification","valueRequired":true,"valueName":"search_term_string"}}],"inLanguage":"pt-PT"},{"@type":"Organization","@id":"https:\/\/salonforall.es\/#organization","name":"Salon For All B.V. Espanha","alternateName":"Salon For All B.V. Espa\u00f1a - Mayorista de equipamiento para consultas, salones y suministros","url":"https:\/\/salonforall.es\/","logo":{"@type":"ImageObject","inLanguage":"pt-PT","@id":"https:\/\/salonforall.es\/#\/schema\/logo\/image\/","url":"https:\/\/salonforall.es\/wp-content\/uploads\/2025\/11\/logo-salon-for-all-e1764543185849.png","contentUrl":"https:\/\/salonforall.es\/wp-content\/uploads\/2025\/11\/logo-salon-for-all-e1764543185849.png","width":500,"height":150,"caption":"Salon For All B.V. Espa\u00f1a"},"image":{"@id":"https:\/\/salonforall.es\/#\/schema\/logo\/image\/"}}]}},"_links":{"self":[{"href":"https:\/\/salonforall.es\/pt\/wp-json\/wp\/v2\/product\/13614","targetHints":{"allow":["GET"]}}],"collection":[{"href":"https:\/\/salonforall.es\/pt\/wp-json\/wp\/v2\/product"}],"about":[{"href":"https:\/\/salonforall.es\/pt\/wp-json\/wp\/v2\/types\/product"}],"replies":[{"embeddable":true,"href":"https:\/\/salonforall.es\/pt\/wp-json\/wp\/v2\/comments?post=13614"}],"wp:featuredmedia":[{"embeddable":true,"href":"https:\/\/salonforall.es\/pt\/wp-json\/wp\/v2\/media\/13615"}],"wp:attachment":[{"href":"https:\/\/salonforall.es\/pt\/wp-json\/wp\/v2\/media?parent=13614"}],"wp:term":[{"taxonomy":"product_brand","embeddable":true,"href":"https:\/\/salonforall.es\/pt\/wp-json\/wp\/v2\/product_brand?post=13614"},{"taxonomy":"product_cat","embeddable":true,"href":"https:\/\/salonforall.es\/pt\/wp-json\/wp\/v2\/product_cat?post=13614"},{"taxonomy":"product_tag","embeddable":true,"href":"https:\/\/salonforall.es\/pt\/wp-json\/wp\/v2\/product_tag?post=13614"}],"curies":[{"name":"wp","href":"https:\/\/api.w.org\/{rel}","templated":true}]}}