{"id":13536,"date":"2025-12-02T14:02:09","date_gmt":"2025-12-02T13:02:09","guid":{"rendered":"https:\/\/salonforall.es\/product\/lampara-uv-led-glow-v1-azul-168w\/"},"modified":"2026-03-24T17:11:58","modified_gmt":"2026-03-24T16:11:58","slug":"lampada-uv-led-glow-v1-azul-uv-168w","status":"publish","type":"product","link":"https:\/\/salonforall.es\/pt\/lampara-uv-led-glow-v1-azul-168w\/","title":{"rendered":"L\u00e2mpada incandescente Uv Led V1 Azul 168W"},"content":{"rendered":"<h2>Informa\u00e7\u00f5es sobre Uv Led Glow V1 Blue 168W com o n\u00famero de artigo 147267<\/h2>\n<p>Os produtos da marca <strong>GLOW<\/strong> s\u00e3o l\u00e2mpadas profissionais que melhoram a qualidade dos servi\u00e7os tanto nos sal\u00f5es de beleza como nos consult\u00f3rios m\u00e9dicos. Oferece uma vasta sele\u00e7\u00e3o de l\u00e2mpadas especializadas, incluindo UV\/LED e l\u00e2mpadas de tratamento, necess\u00e1rias para um trabalho preciso.<\/p>\n<p><img decoding=\"async\" src=\"https:\/\/activeshop.com.pl\/media\/wysiwyg\/product\/147267\/EN_147267_1.jpg\"><\/p>\n<h2><strong>Um pr\u00e1tico candeeiro de manicura<\/strong><\/h2>\n<p><strong>A l\u00e2mpada de unhas GLOW V1<\/strong>, equipado com fun\u00e7\u00f5es pr\u00e1ticas, facilita os tratamentos de manicura e pedicura, durante os quais s\u00e3o utilizados vernizes h\u00edbridos, g\u00e9is ou outras prepara\u00e7\u00f5es fotopolimeriz\u00e1veis. Os d\u00edodos corretamente posicionados e a tecnologia Dual LED garantem uma fixa\u00e7\u00e3o perfeita do design das unhas. A facilidade de manuseamento torna-o perfeito tanto para uso profissional como dom\u00e9stico.<\/p>\n<p><img decoding=\"async\" src=\"https:\/\/activeshop.com.pl\/media\/wysiwyg\/product\/147267\/EN_147267_2.jpg\"><\/p>\n<h2><strong>Dispositivo sem sombras com tecnologia Dual LED<\/strong><\/h2>\n<p>A l\u00e2mpada caracteriza-se por uma pot\u00eancia de 168 W, composta por at\u00e9 42 LEDs corretamente dispostos (sem a chamada \u00abzona morta\u00bb), que garantem uma secagem perfeita de g\u00e9is e vernizes h\u00edbridos. O modelo V1 tem uma forma fechada, a chamada cabina, que permite uma secagem mais precisa e uniforme do styling. A tecnologia Dual LED permite que os d\u00edodos emitam luz de dois comprimentos de onda sem cansar os olhos, proporcionando um amplo espetro de a\u00e7\u00e3o e uma r\u00e1pida fixa\u00e7\u00e3o do penteado. As solu\u00e7\u00f5es utilizadas permitem que a l\u00e2mpada cure corretamente at\u00e9 os vernizes mais exigentes, alcan\u00e7ando as zonas mais inacess\u00edveis da placa ungueal.<\/p>\n<p><img decoding=\"async\" src=\"https:\/\/activeshop.com.pl\/media\/wysiwyg\/product\/147267\/EN_147267_3.jpg\"><\/p>\n<h2><strong>Ajustar o tempo de trabalho \u00e0s necessidades individuais<\/strong><\/h2>\n<p>O temporizador da l\u00e2mpada tem quatro tempos de funcionamento predefinidos: 10 s, 30 s, 60 s e 99 s (o chamado \u00abModo de Calor Reduzido\u00bb). Al\u00e9m disso, se n\u00e3o for selecionado nenhum modo, o sensor de movimento incorporado liga automaticamente a l\u00e2mpada ao colocar os dedos ou o p\u00e9 por baixo, com um tempo de exposi\u00e7\u00e3o m\u00e1ximo de 120 s. O visor apresenta o tempo de cura, independentemente do modo selecionado. Isto permite-lhe selecionar facilmente o tempo de exposi\u00e7\u00e3o adequado ao penteado que est\u00e1 a modelar.<\/p>\n<p><img decoding=\"async\" src=\"https:\/\/activeshop.com.pl\/media\/wysiwyg\/product\/147267\/EN_147267_4.jpg\"><\/p>\n<h2><strong>Modo confort\u00e1vel de baixa temperatura<\/strong><\/h2>\n<p>O sistema de baixa temperatura acima mencionado faz com que a l\u00e2mpada aumente gradualmente a sua pot\u00eancia durante a cura, aquecendo mais lentamente. Deste modo, evita-se a sensa\u00e7\u00e3o de queimadura ou de calor durante a exposi\u00e7\u00e3o. Esta \u00e9 uma <strong>fun\u00e7\u00e3o insubstitu\u00edvel, nomeadamente na cura de g\u00e9is<\/strong>, o que muitas vezes causa desconforto quando se utilizam outras l\u00e2mpadas dispon\u00edveis no mercado.<\/p>\n<p><img decoding=\"async\" src=\"https:\/\/activeshop.com.pl\/media\/wysiwyg\/product\/147267\/EN_147267_5.jpg\"><\/p>\n<h2><strong>Painel inferior amov\u00edvel para uma pedicura confort\u00e1vel<\/strong><\/h2>\n<p>Al\u00e9m disso, a l\u00e2mpada tem uma <strong>painel inferior amov\u00edvel e f\u00e1cil de remover<\/strong>, que melhora consideravelmente o desempenho dos tratamentos de quiropodia ou podologia, tornando-o <strong>mais f\u00e1cil de colocar o p\u00e9<\/strong> por baixo do aparelho. Esta op\u00e7\u00e3o tamb\u00e9m \u00e9 perfeita para limpar ou desinfetar o dispositivo.<\/p>\n<h2><strong>Design elegante e funcional<\/strong><\/h2>\n<p><strong>Fun\u00e7\u00f5es pr\u00e1ticas, forma ergon\u00f3mica e uma paleta de cores cl\u00e1ssica<\/strong> fazem deste candeeiro um elemento pr\u00e1tico e est\u00e9tico no equipamento de um sal\u00e3o de beleza. O interior escuro e uma inser\u00e7\u00e3o colorida em forma de c\u00edrculo com um acabamento polido em tons de azul conferem ao aparelho um estilo elegante. O tamanho correto permite colocar toda a m\u00e3o ou o p\u00e9 sob o candeeiro, o que garante uma secagem uniforme do penteado.<\/p>\n<div class=\"video-container\"><iframe loading=\"lazy\" src=\"https:\/\/www.youtube.com\/embed\/M1G3V9IH3i0\" allowfullscreen=\"allowfullscreen\" width=\"560\" height=\"315\" frameborder=\"0\"><\/iframe><\/div>\n<p>Ler atentamente as instru\u00e7\u00f5es antes de utilizar.<br \/><strong>Inclui:<\/strong> l\u00e2mpada, adaptador de corrente, instru\u00e7\u00f5es.<\/p>\n<p><strong>Dados:<\/strong><br \/>Cor da habita\u00e7\u00e3o: tons de branco e azul<br \/>Temporizador: 10 s, 30 s, 60 s, 99 s<br \/>Tempo m\u00e1ximo de funcionamento: 120 s<br \/>Sensor de movimento: sim<br \/>Ecr\u00e3: LCD digital<br \/>N\u00famero de LEDs: 42<br \/>Pot\u00eancia: 168 W<br \/>Tens\u00e3o de entrada: 100-240 V<br \/>Comprimento de onda da luz: 365 nm, 405 nm<br \/>Dimens\u00f5es: 23,5 \u00d7 22,3 \u00d7 10,2 cm<br \/>Garantia: 12 meses<\/p>\n<p>Os produtos da Activeshop s\u00e3o proporcionalmente mais baratos do que os de muitas outras marcas\/fornecedores. O pre\u00e7o est\u00e1 em rela\u00e7\u00e3o com a qualidade. Uv Led Glow V1 Blue 168W \u00e9, portanto, uma solu\u00e7\u00e3o econ\u00f3mica para o seu sal\u00e3o.<\/p>\n<h2>Como \u00e9 que \u00e9 entregue o Uv Led Glow V1 Blue 168W?<\/h2>\n<p>Uv Led Glow V1 Azul 168W \u00e9 entregue na(s) embalagem(ns) original(ais). Dentro de Espanha, o envio de L\u00e1mpara Uv Led Glow V1 Azul 168W \u00e9 totalmente gratuito para encomendas superiores a 100,- Euro. Para entregas noutros pa\u00edses aplicam-se taxas de envio separadas. Pode verificar estas taxas connosco ou v\u00ea-las no carrinho de compras. O Uv Led Glow V1 Azul 168W \u00e9 enviado atrav\u00e9s de um servi\u00e7o de correio externo.<\/p>\n<p>As encomendas ou paletes s\u00e3o entregues, por norma, at\u00e9 \u00e0 soleira da porta da frente, mesmo que se encontre num edif\u00edcio coletivo, num edif\u00edcio de apartamentos ou num complexo de apartamentos com elevador (desde que o artigo caiba no elevador). N\u00e3o h\u00e1 elevador dispon\u00edvel ou o artigo n\u00e3o cabe no elevador? Ent\u00e3o entregamos at\u00e9 \u00e0 soleira do r\u00e9s do ch\u00e3o.<\/p>\n<p>Se ainda tem d\u00favidas sobre a entrega ou uma situa\u00e7\u00e3o especial, contacte-nos e teremos todo o gosto em ajud\u00e1-lo!<\/p>\n<p>*Os artigos n\u00e3o s\u00e3o desempacotados ou montados como padr\u00e3o. Em situa\u00e7\u00f5es especiais, pode contactar-nos para combinarmos as condi\u00e7\u00f5es.<\/p>\n<h2>Compras online seguras na Salon For All com o selo de qualidade Webwinkelkeur e encripta\u00e7\u00e3o SSL.<\/h2>\n<p>\u00c9 importante para n\u00f3s que os nossos clientes possam fazer compras com seguran\u00e7a na nossa loja online. Estamos afiliados ao selo de qualidade nacional Webwinkelkeur desde 2019. A nossa identidade foi verificada e verificada por eles, e a loja online foi verificada e legalmente aprovada. Al\u00e9m disso, a nossa loja online \u00e9 afiliada a eles para media\u00e7\u00e3o de conflitos. Pode ver o log\u00f3tipo com todas as informa\u00e7\u00f5es deste selo de qualidade da loja online no lado esquerdo ou direito da loja online (bot\u00e3o rosa com branco). Al\u00e9m disso, o nosso s\u00edtio est\u00e1 protegido com um certificado SSL para que possa navegar em seguran\u00e7a connosco. Na barra do seu navegador de Internet, onde aparece o nosso s\u00edtio Web, ver\u00e1 um \u00edcone de cadeado. Se clicar no cadeado, obter\u00e1 todas as informa\u00e7\u00f5es sobre a nossa seguran\u00e7a. Desta forma, sabe que a sua encomenda de Uv Led Glow Lamp V1 Blue 168W e os seus dados pessoais s\u00e3o processados de forma segura.<\/p>\n<h2>Como posso pagar o Uv Led Glow V1 Blue 168W?<\/h2>\n<p>Queremos tornar as coisas o mais f\u00e1ceis poss\u00edvel para si. \u00c9 por isso que na Salon For All pode pagar com todos os m\u00e9todos de pagamento populares. Pagar antecipadamente, na entrega ou depois - tudo \u00e9 poss\u00edvel. Veja aqui todos os m\u00e9todos de pagamento que oferecemos:<\/p>\n<ul>\n<li>iDEAL<\/li>\n<li>Cart\u00e3o de cr\u00e9dito (Visa, Mastercard, American Express)<\/li>\n<li>Klarna - Pagamento na entrega com fatura<\/li>\n<li>PayPal<\/li>\n<li>Apple Pay<\/li>\n<li>Google Pay<\/li>\n<li>Bizum (para clientes espanh\u00f3is)<\/li>\n<li>Transfer\u00eancia banc\u00e1ria SEPA<\/li>\n<li>Contacto com o banco<\/li>\n<li>Fatura comercial para empresas<\/li>\n<li>Pagamento na sala de exposi\u00e7\u00f5es - Cart\u00e3o e dinheiro (apenas dispon\u00edvel \u00e0 cobran\u00e7a)<\/li>\n<\/ul>\n<h2>Veja tamb\u00e9m as opini\u00f5es de Salon For All<\/h2>\n<p>Por favor, verifique tamb\u00e9m os nossos coment\u00e1rios para ter em conta as experi\u00eancias dos nossos clientes actuais na sua decis\u00e3o de encomendar connosco a L\u00e2mpada Led Glow V1 Blue 168W Uv. Atrav\u00e9s do nosso selo de qualidade independente da loja online Webwinkelkeur, s\u00e3o automaticamente recolhidas opini\u00f5es verificadas de clientes que efectuaram uma encomenda connosco. Pode encontr\u00e1-las atr\u00e1s do bot\u00e3o rosa na nossa loja online ou est\u00e3o listadas por baixo dos produtos.<\/p>\n<p>Partilhe tamb\u00e9m a sua experi\u00eancia ap\u00f3s comprar L\u00e2mpada incandescente Led Glow V1 Azul 168W Uv Led Glow Lamp e a sua experi\u00eancia com o processo de compra ou com o contacto para Salon For All de modo a inspirar outras pessoas!<\/p>\n<h2>Contactar o Salon For All<\/h2>\n<p>Ent\u00e3o contacte-nos. Teremos todo o gosto em ajud\u00e1-lo com a sua compra de L\u00e2mpada Uv Led Glow V1 Azul 168W. Durante a semana, estamos dispon\u00edveis entre as 8h30 e as 17h00, atrav\u00e9s do n\u00famero de telefone e do endere\u00e7o de correio eletr\u00f3nico indicados no topo da loja online ou atrav\u00e9s da fun\u00e7\u00e3o de chat. Os pedidos de informa\u00e7\u00e3o fora do hor\u00e1rio de expediente s\u00e3o normalmente respondidos no prazo de 24 horas. Tamb\u00e9m \u00e9 poss\u00edvel visitar-nos fora dos dias \u00fateis ou do hor\u00e1rio de expediente. No entanto, \u00e9 necess\u00e1rio efetuar uma marca\u00e7\u00e3o pr\u00e9via.<\/p>\n<h2>Gostaria de visitar a nossa sala de exposi\u00e7\u00f5es?<\/h2>\n<p>Gostaria de ver o nosso Uv Led Glow V1 Blue 168W ou gostaria de consultar a nossa oferta de loja (online) juntamente com o nosso colega? Ent\u00e3o visite o nosso showroom com mais de 1000m\u00b2 de equipamento para sal\u00f5es de beleza e deixe-se inspirar pelos nossos colaboradores. Al\u00e9m disso, se quiser conhecer-nos agradavelmente durante uma ch\u00e1vena de caf\u00e9 ou de ch\u00e1, \u00e9 muito bem-vindo. N\u00e3o temos todos os produtos em stock, por isso, por favor, avise-nos com anteced\u00eancia que gostaria de vir. Marque sempre uma visita com anteced\u00eancia.<\/p>\n<h2>14 dias de reflex\u00e3o e a nossa pol\u00edtica de devolu\u00e7\u00e3o<\/h2>\n<p>\u00c9 claro que pode acontecer que o Uv Led Glow V1 Blue 168W entregue n\u00e3o seja totalmente do seu agrado e voc\u00ea queira devolv\u00ea-lo. Isso n\u00e3o \u00e9 problema para a Salon For All. Isso n\u00e3o \u00e9 problema para a Salon For All. Deve notificar a sua devolu\u00e7\u00e3o no prazo de 14 dias \u00fateis atrav\u00e9s de info@salonforall.es. Receber\u00e1 ent\u00e3o primeiro todas as instru\u00e7\u00f5es e condi\u00e7\u00f5es de devolu\u00e7\u00e3o. Tenha em aten\u00e7\u00e3o que o Uv Led Glow Lamp V1 Blue 168W n\u00e3o deve ter sido utilizado, deve conter todas as pe\u00e7as fornecidas e deve ser devolvido na embalagem original. Os custos de transporte para uma devolu\u00e7\u00e3o s\u00e3o sempre por conta do comprador em compras atrav\u00e9s de www.salonforall.es. Deve organizar o transporte com uma transportadora de sua escolha para uma devolu\u00e7\u00e3o. Uma vez devolvido o Uv Led Glow Lamp V1 Blue 168W, ser\u00e1 verificada a sua integridade e eventuais danos. Uma vez aprovada a devolu\u00e7\u00e3o, o montante da compra ser\u00e1 reembolsado no prazo de 5 dias \u00fateis para a conta banc\u00e1ria que temos registada.<\/p>\n<h2>Quem \u00e9 o Salon For All?<\/h2>\n<p>A Salon For All \u00e9 o grossista de todo o equipamento para sal\u00f5es de beleza na Europa. A Salon For All come\u00e7ou em 2003 com o nome Salonvoordeel e cresceu a partir da pr\u00e1tica. Os propriet\u00e1rios da Salon For All eram cabeleireiros experientes e especialistas em beleza e t\u00eam, em conjunto, mais de 30 anos de experi\u00eancia pr\u00e1tica. Em 2003, lan\u00e7\u00e1mos o Salonvoordeel.nl (Pa\u00edses Baixos) e, posteriormente, o Salon For All foi fundado para o mercado europeu. Alguns dos nossos funcion\u00e1rios come\u00e7aram o seu pr\u00f3prio neg\u00f3cio e assim nasceu a ideia de lan\u00e7ar uma loja online funcional para cabeleireiros e para os ajudar com o seu equipamento de sal\u00e3o.<\/p>\n<p>O nosso showroom est\u00e1 situado em Dinxperlo, diretamente na fronteira entre os Pa\u00edses Baixos e a Alemanha. Com a nossa vasta experi\u00eancia no sector, podemos servir-lhe de espelho e dar-lhe os conselhos certos - falamos a mesma l\u00edngua! Aconselhamos, inspiramos, motivamos e apoiamos na compra de Uv Led Glow V1 Blue 168W. Os nossos fornecedores est\u00e3o localizados em toda a Europa, desde a Alemanha, Inglaterra, It\u00e1lia at\u00e9 \u00e0 Pol\u00f3nia.<\/p>","protected":false},"excerpt":{"rendered":"<p>O produto Uv Led Glow V1 Blue 168W \u00e9 uma solu\u00e7\u00e3o de alta qualidade para qualquer sala de estar. O prazo de entrega estimado \u00e9 de aproximadamente 6 dias \u00fateis.<\/p>","protected":false},"featured_media":13537,"comment_status":"open","ping_status":"open","template":"","meta":[],"product_brand":[640],"product_cat":[2240,621],"product_tag":[2241,623],"class_list":{"0":"post-13536","1":"product","2":"type-product","3":"status-publish","4":"has-post-thumbnail","6":"product_brand-glow","7":"product_cat-lamparas-led-y-uv-para-unas","8":"product_cat-unas","9":"product_tag-lamparas-led-y-uv-para-unas","10":"product_tag-unas","11":"pa_codigo-ean-7759","12":"pa_garantia-12-meses","13":"pa_marca-glow","14":"pa_numero-de-articulo-5358","15":"pa_tiempo-estimado-de-entrega-4-5-dias-laborables","17":"first","18":"instock","19":"sale","20":"taxable","21":"shipping-taxable","22":"purchasable","23":"product-type-simple"},"yoast_head":"<!-- This site is optimized with the Yoast SEO plugin v27.6 - https:\/\/yoast.com\/product\/yoast-seo-wordpress\/ -->\n<title>L\u00e1mpara Uv Led Glow V1 Azul 168W comprar<\/title>\n<meta name=\"description\" content=\"Compra L\u00e1mpara Uv Led Glow V1 Azul 168W online o en el showroom en Salon For ALL Espa\u00f1a. El mayorista para salones, consultas y spas en Espa\u00f1a y Portugal.\" \/>\n<meta name=\"robots\" content=\"index, follow, max-snippet:-1, max-image-preview:large, max-video-preview:-1\" \/>\n<link rel=\"canonical\" href=\"https:\/\/salonforall.es\/pt\/lampada-uv-led-glow-v1-azul-uv-168w\/\" \/>\n<meta property=\"og:locale\" content=\"pt_PT\" \/>\n<meta property=\"og:type\" content=\"article\" \/>\n<meta property=\"og:title\" content=\"L\u00e1mpara Uv Led Glow V1 Azul 168W\" \/>\n<meta property=\"og:description\" content=\"Compra L\u00e1mpara Uv Led Glow V1 Azul 168W online o en el showroom en Salon For ALL Espa\u00f1a. El mayorista para salones, consultas y spas en Espa\u00f1a y Portugal.\" \/>\n<meta property=\"og:url\" content=\"https:\/\/salonforall.es\/pt\/lampada-uv-led-glow-v1-azul-uv-168w\/\" \/>\n<meta property=\"og:site_name\" content=\"Salon For ALL Espa\u00f1a\" \/>\n<meta property=\"article:modified_time\" content=\"2026-03-24T16:11:58+00:00\" \/>\n<meta property=\"og:image\" content=\"https:\/\/salonforall.es\/wp-content\/uploads\/2025\/12\/Lampara-Uv-Led-Glow-V1-Azul-168W.jpg\" \/>\n\t<meta property=\"og:image:width\" content=\"1200\" \/>\n\t<meta property=\"og:image:height\" content=\"1200\" \/>\n\t<meta property=\"og:image:type\" content=\"image\/jpeg\" \/>\n<meta name=\"twitter:card\" content=\"summary_large_image\" \/>\n<meta name=\"twitter:title\" content=\"L\u00e1mpara Uv Led Glow V1 Azul 168W\" \/>\n<meta name=\"twitter:label1\" content=\"Tempo estimado de leitura\" \/>\n\t<meta name=\"twitter:data1\" content=\"9 minutos\" \/>\n<script type=\"application\/ld+json\" class=\"yoast-schema-graph\">{\"@context\":\"https:\\\/\\\/schema.org\",\"@graph\":[{\"@type\":\"WebPage\",\"@id\":\"https:\\\/\\\/salonforall.es\\\/lampara-uv-led-glow-v1-azul-168w\\\/\",\"url\":\"https:\\\/\\\/salonforall.es\\\/lampara-uv-led-glow-v1-azul-168w\\\/\",\"name\":\"L\u00e1mpara Uv Led Glow V1 Azul 168W comprar\",\"isPartOf\":{\"@id\":\"https:\\\/\\\/salonforall.es\\\/#website\"},\"primaryImageOfPage\":{\"@id\":\"https:\\\/\\\/salonforall.es\\\/lampara-uv-led-glow-v1-azul-168w\\\/#primaryimage\"},\"image\":{\"@id\":\"https:\\\/\\\/salonforall.es\\\/lampara-uv-led-glow-v1-azul-168w\\\/#primaryimage\"},\"thumbnailUrl\":\"https:\\\/\\\/salonforall.es\\\/wp-content\\\/uploads\\\/2025\\\/12\\\/Lampara-Uv-Led-Glow-V1-Azul-168W.jpg\",\"datePublished\":\"2025-12-02T13:02:09+00:00\",\"dateModified\":\"2026-03-24T16:11:58+00:00\",\"description\":\"Compra L\u00e1mpara Uv Led Glow V1 Azul 168W online o en el showroom en Salon For ALL Espa\u00f1a. El mayorista para salones, consultas y spas en Espa\u00f1a y Portugal.\",\"breadcrumb\":{\"@id\":\"https:\\\/\\\/salonforall.es\\\/lampara-uv-led-glow-v1-azul-168w\\\/#breadcrumb\"},\"inLanguage\":\"pt-PT\",\"potentialAction\":[{\"@type\":\"ReadAction\",\"target\":[\"https:\\\/\\\/salonforall.es\\\/lampara-uv-led-glow-v1-azul-168w\\\/\"]}]},{\"@type\":\"ImageObject\",\"inLanguage\":\"pt-PT\",\"@id\":\"https:\\\/\\\/salonforall.es\\\/lampara-uv-led-glow-v1-azul-168w\\\/#primaryimage\",\"url\":\"https:\\\/\\\/salonforall.es\\\/wp-content\\\/uploads\\\/2025\\\/12\\\/Lampara-Uv-Led-Glow-V1-Azul-168W.jpg\",\"contentUrl\":\"https:\\\/\\\/salonforall.es\\\/wp-content\\\/uploads\\\/2025\\\/12\\\/Lampara-Uv-Led-Glow-V1-Azul-168W.jpg\",\"width\":1200,\"height\":1200,\"caption\":\"L\u00e1mpara Uv Led Glow V1 Azul 168W\"},{\"@type\":\"BreadcrumbList\",\"@id\":\"https:\\\/\\\/salonforall.es\\\/lampara-uv-led-glow-v1-azul-168w\\\/#breadcrumb\",\"itemListElement\":[{\"@type\":\"ListItem\",\"position\":1,\"name\":\"Home\",\"item\":\"https:\\\/\\\/salonforall.es\\\/\"},{\"@type\":\"ListItem\",\"position\":2,\"name\":\"Winkel\",\"item\":\"https:\\\/\\\/salonforall.es\\\/winkel\\\/\"},{\"@type\":\"ListItem\",\"position\":3,\"name\":\"L\u00e1mpara Uv Led Glow V1 Azul 168W\"}]},{\"@type\":\"WebSite\",\"@id\":\"https:\\\/\\\/salonforall.es\\\/#website\",\"url\":\"https:\\\/\\\/salonforall.es\\\/\",\"name\":\"Salon For ALL Espa\u00f1a\",\"description\":\"Mayorista de mobiliario y suministros para consultorios y salones\",\"publisher\":{\"@id\":\"https:\\\/\\\/salonforall.es\\\/#organization\"},\"potentialAction\":[{\"@type\":\"SearchAction\",\"target\":{\"@type\":\"EntryPoint\",\"urlTemplate\":\"https:\\\/\\\/salonforall.es\\\/?s={search_term_string}\"},\"query-input\":{\"@type\":\"PropertyValueSpecification\",\"valueRequired\":true,\"valueName\":\"search_term_string\"}}],\"inLanguage\":\"pt-PT\"},{\"@type\":\"Organization\",\"@id\":\"https:\\\/\\\/salonforall.es\\\/#organization\",\"name\":\"Salon For All B.V. Espa\u00f1a\",\"alternateName\":\"Salon For All B.V. Espa\u00f1a - Mayorista de equipamiento para consultas, salones y suministros\",\"url\":\"https:\\\/\\\/salonforall.es\\\/\",\"logo\":{\"@type\":\"ImageObject\",\"inLanguage\":\"pt-PT\",\"@id\":\"https:\\\/\\\/salonforall.es\\\/#\\\/schema\\\/logo\\\/image\\\/\",\"url\":\"https:\\\/\\\/salonforall.es\\\/wp-content\\\/uploads\\\/2025\\\/11\\\/logo-salon-for-all-e1764543185849.png\",\"contentUrl\":\"https:\\\/\\\/salonforall.es\\\/wp-content\\\/uploads\\\/2025\\\/11\\\/logo-salon-for-all-e1764543185849.png\",\"width\":500,\"height\":150,\"caption\":\"Salon For All B.V. Espa\u00f1a\"},\"image\":{\"@id\":\"https:\\\/\\\/salonforall.es\\\/#\\\/schema\\\/logo\\\/image\\\/\"}}]}<\/script>\n<!-- \/ Yoast SEO plugin. -->","yoast_head_json":{"title":"L\u00e2mpada incandescente Uv Led V1 Azul 168W comprar","description":"Compre Uv Led Glow Lamp V1 Blue 168W online ou no showroom da Salon For ALL Spain. O grossista para sal\u00f5es, consult\u00f3rios e spas em Espanha e Portugal.","robots":{"index":"index","follow":"follow","max-snippet":"max-snippet:-1","max-image-preview":"max-image-preview:large","max-video-preview":"max-video-preview:-1"},"canonical":"https:\/\/salonforall.es\/pt\/lampada-uv-led-glow-v1-azul-uv-168w\/","og_locale":"pt_PT","og_type":"article","og_title":"L\u00e1mpara Uv Led Glow V1 Azul 168W","og_description":"Compra L\u00e1mpara Uv Led Glow V1 Azul 168W online o en el showroom en Salon For ALL Espa\u00f1a. El mayorista para salones, consultas y spas en Espa\u00f1a y Portugal.","og_url":"https:\/\/salonforall.es\/pt\/lampada-uv-led-glow-v1-azul-uv-168w\/","og_site_name":"Salon For ALL Espa\u00f1a","article_modified_time":"2026-03-24T16:11:58+00:00","og_image":[{"width":1200,"height":1200,"url":"https:\/\/salonforall.es\/wp-content\/uploads\/2025\/12\/Lampara-Uv-Led-Glow-V1-Azul-168W.jpg","type":"image\/jpeg"}],"twitter_card":"summary_large_image","twitter_title":"L\u00e1mpara Uv Led Glow V1 Azul 168W","twitter_misc":{"Tempo estimado de leitura":"9 minutos"},"schema":{"@context":"https:\/\/schema.org","@graph":[{"@type":"WebPage","@id":"https:\/\/salonforall.es\/lampara-uv-led-glow-v1-azul-168w\/","url":"https:\/\/salonforall.es\/lampara-uv-led-glow-v1-azul-168w\/","name":"L\u00e2mpada incandescente Uv Led V1 Azul 168W comprar","isPartOf":{"@id":"https:\/\/salonforall.es\/#website"},"primaryImageOfPage":{"@id":"https:\/\/salonforall.es\/lampara-uv-led-glow-v1-azul-168w\/#primaryimage"},"image":{"@id":"https:\/\/salonforall.es\/lampara-uv-led-glow-v1-azul-168w\/#primaryimage"},"thumbnailUrl":"https:\/\/salonforall.es\/wp-content\/uploads\/2025\/12\/Lampara-Uv-Led-Glow-V1-Azul-168W.jpg","datePublished":"2025-12-02T13:02:09+00:00","dateModified":"2026-03-24T16:11:58+00:00","description":"Compre Uv Led Glow Lamp V1 Blue 168W online ou no showroom da Salon For ALL Spain. O grossista para sal\u00f5es, consult\u00f3rios e spas em Espanha e Portugal.","breadcrumb":{"@id":"https:\/\/salonforall.es\/lampara-uv-led-glow-v1-azul-168w\/#breadcrumb"},"inLanguage":"pt-PT","potentialAction":[{"@type":"ReadAction","target":["https:\/\/salonforall.es\/lampara-uv-led-glow-v1-azul-168w\/"]}]},{"@type":"ImageObject","inLanguage":"pt-PT","@id":"https:\/\/salonforall.es\/lampara-uv-led-glow-v1-azul-168w\/#primaryimage","url":"https:\/\/salonforall.es\/wp-content\/uploads\/2025\/12\/Lampara-Uv-Led-Glow-V1-Azul-168W.jpg","contentUrl":"https:\/\/salonforall.es\/wp-content\/uploads\/2025\/12\/Lampara-Uv-Led-Glow-V1-Azul-168W.jpg","width":1200,"height":1200,"caption":"L\u00e1mpara Uv Led Glow V1 Azul 168W"},{"@type":"BreadcrumbList","@id":"https:\/\/salonforall.es\/lampara-uv-led-glow-v1-azul-168w\/#breadcrumb","itemListElement":[{"@type":"ListItem","position":1,"name":"Home","item":"https:\/\/salonforall.es\/"},{"@type":"ListItem","position":2,"name":"Winkel","item":"https:\/\/salonforall.es\/winkel\/"},{"@type":"ListItem","position":3,"name":"L\u00e1mpara Uv Led Glow V1 Azul 168W"}]},{"@type":"WebSite","@id":"https:\/\/salonforall.es\/#website","url":"https:\/\/salonforall.es\/","name":"Sal\u00e3o de beleza para toda a Espanha","description":"Grossista de mobili\u00e1rio e material para sal\u00f5es de beleza e consult\u00f3rios","publisher":{"@id":"https:\/\/salonforall.es\/#organization"},"potentialAction":[{"@type":"SearchAction","target":{"@type":"EntryPoint","urlTemplate":"https:\/\/salonforall.es\/?s={search_term_string}"},"query-input":{"@type":"PropertyValueSpecification","valueRequired":true,"valueName":"search_term_string"}}],"inLanguage":"pt-PT"},{"@type":"Organization","@id":"https:\/\/salonforall.es\/#organization","name":"Salon For All B.V. Espanha","alternateName":"Salon For All B.V. Espa\u00f1a - Mayorista de equipamiento para consultas, salones y suministros","url":"https:\/\/salonforall.es\/","logo":{"@type":"ImageObject","inLanguage":"pt-PT","@id":"https:\/\/salonforall.es\/#\/schema\/logo\/image\/","url":"https:\/\/salonforall.es\/wp-content\/uploads\/2025\/11\/logo-salon-for-all-e1764543185849.png","contentUrl":"https:\/\/salonforall.es\/wp-content\/uploads\/2025\/11\/logo-salon-for-all-e1764543185849.png","width":500,"height":150,"caption":"Salon For All B.V. Espa\u00f1a"},"image":{"@id":"https:\/\/salonforall.es\/#\/schema\/logo\/image\/"}}]}},"_links":{"self":[{"href":"https:\/\/salonforall.es\/pt\/wp-json\/wp\/v2\/product\/13536","targetHints":{"allow":["GET"]}}],"collection":[{"href":"https:\/\/salonforall.es\/pt\/wp-json\/wp\/v2\/product"}],"about":[{"href":"https:\/\/salonforall.es\/pt\/wp-json\/wp\/v2\/types\/product"}],"replies":[{"embeddable":true,"href":"https:\/\/salonforall.es\/pt\/wp-json\/wp\/v2\/comments?post=13536"}],"wp:featuredmedia":[{"embeddable":true,"href":"https:\/\/salonforall.es\/pt\/wp-json\/wp\/v2\/media\/13537"}],"wp:attachment":[{"href":"https:\/\/salonforall.es\/pt\/wp-json\/wp\/v2\/media?parent=13536"}],"wp:term":[{"taxonomy":"product_brand","embeddable":true,"href":"https:\/\/salonforall.es\/pt\/wp-json\/wp\/v2\/product_brand?post=13536"},{"taxonomy":"product_cat","embeddable":true,"href":"https:\/\/salonforall.es\/pt\/wp-json\/wp\/v2\/product_cat?post=13536"},{"taxonomy":"product_tag","embeddable":true,"href":"https:\/\/salonforall.es\/pt\/wp-json\/wp\/v2\/product_tag?post=13536"}],"curies":[{"name":"wp","href":"https:\/\/api.w.org\/{rel}","templated":true}]}}