{"id":12986,"date":"2025-12-02T13:56:37","date_gmt":"2025-12-02T12:56:37","guid":{"rendered":"https:\/\/salonforall.es\/product\/kit-de-inicio-hibrido-ocho-nails-3\/"},"modified":"2026-03-24T17:10:10","modified_gmt":"2026-03-24T16:10:10","slug":"kit-de-inicio-hibrido-ocho-nails-3","status":"publish","type":"product","link":"https:\/\/salonforall.es\/pt\/kit-de-inicio-hibrido-ocho-nails-3\/","title":{"rendered":"Kit De Inicio H\u00edbrido Ocho Nails 3"},"content":{"rendered":"<h2>Informaci\u00f3n sobre Kit De Inicio H\u00edbrido Ocho Nails 3 con n\u00famero de art\u00edculo 148217<\/h2>\n<h2><strong>KIT DE INICIO H\u00cdBRIDO OCHO NAILS 3:<\/strong><\/h2>\n<p>O conjunto cont\u00e9m os produtos essenciais para a cria\u00e7\u00e3o de um estilo de unhas. Inclui vernizes h\u00edbridos, l\u00edquidos e prepara\u00e7\u00f5es, bem como acess\u00f3rios. Al\u00e9m disso, est\u00e1 inclu\u00edda uma l\u00e2mpada profissional para secagem de unhas h\u00edbridas.<\/p>\n<p><strong>OCHO NAILS<\/strong> \u00e9 uma marca \u00fanica especializada em produtos profissionais para estilistas de unhas. A sua gama inclui vernizes h\u00edbridos, g\u00e9is, l\u00e2mpadas especializadas e acess\u00f3rios para o cuidado das unhas. Os produtos <strong>OCHO NAILS<\/strong> satisfar\u00e1n tanto a usuarias experimentadas como a quienes se inician en la manicura.<\/p>\n<h2><strong>L\u00e1mpara UV LED Ocho Nails 8 blanca de 84 W<\/strong><\/h2>\n<p>Este dispositivo, equipado con pr\u00e1cticas funciones, permite realizar f\u00e1cilmente tratamientos de manicura y pedicura con esmaltes h\u00edbridos, geles u otras preparaciones fotopolimerizables. Los LED uniformemente espaciados y la tecnolog\u00eda Dual Led garantizan una fijaci\u00f3n perfecta del estilismo de u\u00f1as. Su dise\u00f1o minimalista, facilidad de uso y pr\u00e1cticas funciones la hacen perfecta tanto para uso profesional como dom\u00e9stico. L\u00e1mpara sin sombras con tecnolog\u00eda Dual Led: el secado perfecto de geles y esmaltes h\u00edbridos est\u00e1 garantizado por 42 LED estrat\u00e9gicamente dispuestos, sin la llamada zona muerta. La forma cerrada, denominada \u00abcabina\u00bb, utilizada en el dise\u00f1o de este modelo, permite un secado m\u00e1s preciso y r\u00e1pido del estilismo de u\u00f1as. La tecnolog\u00eda Dual Led permite que los diodos emitan luz de dos longitudes de onda, evitando as\u00ed la fatiga visual y proporcionando al dispositivo un amplio espectro de acci\u00f3n. Las soluciones seleccionadas facilitan el curado correcto incluso de los productos m\u00e1s exigentes, permiti\u00e9ndole alcanzar incluso las zonas m\u00e1s inaccesibles de la placa ungueal.<\/p>\n<h2>Tiempo de trabajo ajustable a sus necesidades<\/h2>\n<p>La l\u00e1mpara est\u00e1 equipada con un temporizador con tres tiempos de trabajo preprogramados: 30 s, 60 s y 120 s (el llamado \u00abModo de Calor Bajo\u00bb), que se muestran en una pantalla digital. Un sensor de movimiento integrado activa autom\u00e1ticamente la l\u00e1mpara al colocar los dedos de la mano o el pie debajo, con un tiempo de exposici\u00f3n m\u00e1ximo de 120 s. Esta funci\u00f3n funciona cuando no se selecciona ning\u00fan modo y la pantalla muestra el tiempo de curado transcurrido. Esto le permite elegir libremente la duraci\u00f3n de la exposici\u00f3n seg\u00fan el peinado que est\u00e9 realizando. Adem\u00e1s, al seleccionar el sistema \u00abModo de Calor Bajo\u00bb ya mencionado, la l\u00e1mpara se calienta m\u00e1s lentamente durante el secado del peinado, aumentando gradualmente su potencia. Esto evita la sensaci\u00f3n de ardor o calor durante la exposici\u00f3n. Esta funci\u00f3n es indispensable, especialmente al secar geles, que a menudo causa molestias con otras l\u00e1mparas disponibles en el mercado. Dise\u00f1o minimalista y funcionalidad. Las funciones cuidadosamente seleccionadas, el acabado mate y las cl\u00e1sicas pantallas blancas de la carcasa hacen de la l\u00e1mpara un elemento elegante y extremadamente pr\u00e1ctico en el equipo del sal\u00f3n. Sus dimensiones adecuadas permiten colocar libremente la mano o el pie debajo de la l\u00e1mpara durante el procedimiento. Esto garantiza un secado eficiente y uniforme del peinado y reduce el riesgo de alergias. Su base f\u00e1cilmente extra\u00edble facilita notablemente la colocaci\u00f3n del pie debajo para tratamientos de pedicura o podolog\u00eda. Esta opci\u00f3n tambi\u00e9n es ideal para limpiar o desinfectar el dispositivo.<\/p>\n<p>Ler atentamente as instru\u00e7\u00f5es antes de utilizar.<br \/><strong>Inclui:<\/strong> l\u00e2mpada, fonte de alimenta\u00e7\u00e3o, manual.<\/p>\n<p><strong>Dados:<\/strong><br \/>Temporizador: 30 s, 60 s, 120 s<br \/>Tempo m\u00e1ximo de tratamento: 120 s<br \/>Sensor de movimento: sim<br \/>Tens\u00e3o de entrada: 100-240 V<br \/>Pot\u00eancia: 84 W<br \/>N\u00famero de LEDs: 42<br \/>Comprimento de onda da luz: 365 nm, 405 nm<br \/>Vida \u00fatil: 50.000 horas<br \/>Dimens\u00f5es: 23,5 \u00d7 21,5 \u00d7 12,5 cm<br \/>Color de la carcasa: tonos negros<br \/>Garantia: 12 meses<\/p>\n<p><strong>Conjunto Incluye:<\/strong><br \/>147365 Esmalte de u\u00f1as h\u00edbrido negro OCHO NAILS 002 &#8211; 5 g 1 ud.<br \/>147464 Esmalte de u\u00f1as h\u00edbrido con purpurina G05 &#8211; 5 g 1 ud.<br \/>147462 Esmalte de u\u00f1as h\u00edbrido con purpurina G03 &#8211; 5 g 1 ud.<br \/>147369 Esmalte de u\u00f1as h\u00edbrido rojo OCHO NAILS 203 &#8211; 5 g 1 ud.<br \/>147515 Top coat OCHO NAILS Diamonds sin toallita 110 &#8211; 5 g 1 ud.<br \/>147500 Base OCHO NAILS 101 &#8211; 5 g 1 ud.<br \/>147505 Base flexible OCHO NAILS 153 &#8211; 5 g 1 ud.<br \/>147520 Aceite de cereza OCHO NAILS 132 &#8211; 5 ml 1 ud.<br \/>147529 OCHO NAILS Prebase sin \u00e1cido con vitaminas 120 &#8211; 5 g (1 unidad).<br \/>125992 OCHO NAILS Limpiador de fresa 100 ml (1 unidad).<br \/>137672 OCHO NAILS Acetona de fresa 100 ml (1 unidad).<br \/>100994 OCHO NAILS Hisopos antipolvo (500 unidades en caja).<br \/>147530 OCHO NAILS Quitacut\u00edculas 121 &#8211; 5 g (1 unidad).<br \/>138308 Coj\u00edn de manicura dorado (1 unidad).<br \/>137628 Lima EXO media luna 100\/180 (3 unidades).<br \/>147192 Ocho Nails L\u00e1mpara UV LED blanca de 84 W (8 unidades).<br \/>144219 OCHO Casco pulido PO10 de 13,7 cm (1 unidad).<\/p>\n<p>Los productos Activeshop son proporcionalmente m\u00e1s econ\u00f3micos que muchas otras marcas\/proveedores. El precio est\u00e1 en relaci\u00f3n con la calidad. Kit De Inicio H\u00edbrido Ocho Nails 3 es por lo tanto una soluci\u00f3n accesible para su sal\u00f3n.<\/p>\n<h2>\u00bfC\u00f3mo se entrega Kit De Inicio H\u00edbrido Ocho Nails 3?<\/h2>\n<p>Kit De Inicio H\u00edbrido Ocho Nails 3 se entrega en embalaje(s) original(es). Dentro de Espa\u00f1a el env\u00edo de Kit De Inicio H\u00edbrido Ocho Nails 3 es completamente gratuito para pedidos a partir de 100,- euros. Para env\u00edos a otros pa\u00edses se aplican tarifas de env\u00edo separadas. Puede consultar estas tarifas con nosotros o verlas en el carrito de compra. Kit De Inicio H\u00edbrido Ocho Nails 3 se env\u00eda a trav\u00e9s de un servicio de mensajer\u00eda externo.<\/p>\n<p>As encomendas ou paletes s\u00e3o entregues, por norma, at\u00e9 \u00e0 soleira da porta da frente, mesmo que se encontre num edif\u00edcio coletivo, num edif\u00edcio de apartamentos ou num complexo de apartamentos com elevador (desde que o artigo caiba no elevador). N\u00e3o h\u00e1 elevador dispon\u00edvel ou o artigo n\u00e3o cabe no elevador? Ent\u00e3o entregamos at\u00e9 \u00e0 soleira do r\u00e9s do ch\u00e3o.<\/p>\n<p>Se ainda tem d\u00favidas sobre a entrega ou uma situa\u00e7\u00e3o especial, contacte-nos e teremos todo o gosto em ajud\u00e1-lo!<\/p>\n<p>*Os artigos n\u00e3o s\u00e3o desempacotados ou montados como padr\u00e3o. Em situa\u00e7\u00f5es especiais, pode contactar-nos para combinarmos as condi\u00e7\u00f5es.<\/p>\n<h2>Compras online seguras na Salon For All com o selo de qualidade Webwinkelkeur e encripta\u00e7\u00e3o SSL.<\/h2>\n<p>Es importante para nosotros que nuestros clientes puedan comprar de forma segura en nuestra tienda online. Estamos afiliados al sello de calidad nacional Webwinkelkeur desde 2019. Nuestra identidad ha sido verificada y comprobada por ellos, y la tienda online ha sido revisada y aprobada legalmente. Adem\u00e1s, nuestra tienda online est\u00e1 afiliada a ellos para la mediaci\u00f3n de conflictos. Puede ver la insignia con toda la informaci\u00f3n de este sello de calidad de tienda online en el lado izquierdo o derecho de la tienda online (bot\u00f3n rosa con blanco). Adem\u00e1s, nuestro sitio est\u00e1 protegido con un certificado SSL para que pueda navegar de forma segura con nosotros. En la barra de su navegador de Internet, donde aparece nuestro sitio web, ver\u00e1 un icono de candado. Si hace clic en el candado, obtendr\u00e1 toda la informaci\u00f3n sobre nuestra seguridad. De esta manera sabe que su pedido de Kit De Inicio H\u00edbrido Ocho Nails 3 y sus datos personales se procesan de forma segura.<\/p>\n<h2>\u00bfC\u00f3mo puedo pagar Kit De Inicio H\u00edbrido Ocho Nails 3?<\/h2>\n<p>Queremos tornar as coisas o mais f\u00e1ceis poss\u00edvel para si. \u00c9 por isso que na Salon For All pode pagar com todos os m\u00e9todos de pagamento populares. Pagar antecipadamente, na entrega ou depois - tudo \u00e9 poss\u00edvel. Veja aqui todos os m\u00e9todos de pagamento que oferecemos:<\/p>\n<ul>\n<li>iDEAL<\/li>\n<li>Cart\u00e3o de cr\u00e9dito (Visa, Mastercard, American Express)<\/li>\n<li>Klarna - Pagamento na entrega com fatura<\/li>\n<li>PayPal<\/li>\n<li>Apple Pay<\/li>\n<li>Google Pay<\/li>\n<li>Bizum (para clientes espanh\u00f3is)<\/li>\n<li>Transfer\u00eancia banc\u00e1ria SEPA<\/li>\n<li>Contacto com o banco<\/li>\n<li>Fatura comercial para empresas<\/li>\n<li>Pagamento na sala de exposi\u00e7\u00f5es - Cart\u00e3o e dinheiro (apenas dispon\u00edvel \u00e0 cobran\u00e7a)<\/li>\n<\/ul>\n<h2>Veja tamb\u00e9m as opini\u00f5es de Salon For All<\/h2>\n<p>Consulte tambi\u00e9n nuestras rese\u00f1as para tener en cuenta las experiencias de nuestros clientes actuales en su decisi\u00f3n de pedir Kit De Inicio H\u00edbrido Ocho Nails 3 con nosotros. A trav\u00e9s de nuestro sello de calidad independiente de tienda online Webwinkelkeur, se recopilan autom\u00e1ticamente rese\u00f1as verificadas de clientes que han completado un pedido con nosotros. Puede encontrarlas detr\u00e1s del bot\u00f3n rosa en nuestra tienda online o aparecen listadas debajo de los productos.<\/p>\n<p>\u00a1Comparta tambi\u00e9n su experiencia despu\u00e9s de su compra con su Kit De Inicio H\u00edbrido Ocho Nails 3 pedido y su experiencia con el proceso de compra o el contacto con Salon For All para inspirar a otros!<\/p>\n<h2>Contactar o Salon For All<\/h2>\n<p>Cont\u00e1ctenos entonces. Estaremos encantados de ayudarle con la adquisici\u00f3n de Kit De Inicio H\u00edbrido Ocho Nails 3. En d\u00edas laborables estamos mejor disponibles entre las 8.30 y las 17.00 horas a trav\u00e9s del n\u00famero de tel\u00e9fono y direcci\u00f3n de correo electr\u00f3nico en la parte superior de la tienda online o a trav\u00e9s de la funci\u00f3n de chat. Las consultas fuera del horario de oficina suelen responderse en un plazo de 24 horas. Tambi\u00e9n es posible visitarnos fuera de los d\u00edas laborables u horario de oficina. Pero para ello es necesario concertar una cita previa.<\/p>\n<h2>Gostaria de visitar a nossa sala de exposi\u00e7\u00f5es?<\/h2>\n<p>\u00bfPrefiere ver Kit De Inicio H\u00edbrido Ocho Nails 3 o recorrer nuestra oferta de la tienda (online) junto con nuestro colega? Entonces visite nuestro showroom con m\u00e1s de 1000m\u00b2 de equipamiento para salones y d\u00e9jese inspirar por nuestros empleados. Tambi\u00e9n si le gusta conocernos de manera agradable disfrutando de una buena taza de caf\u00e9 o t\u00e9, es muy bienvenido. No tenemos todos los productos en stock, as\u00ed que h\u00e1ganos saber de antemano que desea venir. Concierte siempre una cita previa.<\/p>\n<h2>14 dias de reflex\u00e3o e a nossa pol\u00edtica de devolu\u00e7\u00e3o<\/h2>\n<p>Por supuesto puede ocurrir que Kit De Inicio H\u00edbrido Ocho Nails 3 entregado no sea completamente de su agrado y desee devolverlo. Eso no es ning\u00fan problema en Salon For All. Debe notificar su devoluci\u00f3n dentro de 14 d\u00edas laborables a trav\u00e9s de info@salonforall.es. Entonces recibir\u00e1 primero todas las instrucciones y condiciones de devoluci\u00f3n. Tenga en cuenta que Kit De Inicio H\u00edbrido Ocho Nails 3 no debe haber sido usado, debe contener todas las partes suministradas y debe devolverse empaquetado en el embalaje original. Los costos de env\u00edo de una devoluci\u00f3n son siempre a cargo del comprador en compras a trav\u00e9s de www.salonforall.es. Debe organizar usted mismo un transporte con una empresa de transporte de su elecci\u00f3n para una devoluci\u00f3n. Una vez que Kit De Inicio H\u00edbrido Ocho Nails 3 haya sido devuelto, se verificar\u00e1 su integridad y posibles da\u00f1os. Una vez que la devoluci\u00f3n haya sido aprobada, el importe de la compra se reembolsar\u00e1 dentro de 5 d\u00edas laborables a la cuenta bancaria que tenemos registrada.<\/p>\n<h2>Quem \u00e9 o Salon For All?<\/h2>\n<p>A Salon For All \u00e9 o grossista de todo o equipamento para sal\u00f5es de beleza na Europa. A Salon For All come\u00e7ou em 2003 com o nome Salonvoordeel e cresceu a partir da pr\u00e1tica. Os propriet\u00e1rios da Salon For All eram cabeleireiros experientes e especialistas em beleza e t\u00eam, em conjunto, mais de 30 anos de experi\u00eancia pr\u00e1tica. Em 2003, lan\u00e7\u00e1mos o Salonvoordeel.nl (Pa\u00edses Baixos) e, posteriormente, o Salon For All foi fundado para o mercado europeu. Alguns dos nossos funcion\u00e1rios come\u00e7aram o seu pr\u00f3prio neg\u00f3cio e assim nasceu a ideia de lan\u00e7ar uma loja online funcional para cabeleireiros e para os ajudar com o seu equipamento de sal\u00e3o.<\/p>\n<p>Nuestro showroom se encuentra en Dinxperlo, directamente en la frontera entre los Pa\u00edses Bajos y Alemania. Con nuestra amplia experiencia en el sector podemos servirle de espejo y proporcionarle el asesoramiento adecuado. \u00a1Hablamos el mismo idioma! Le asesoramos, inspiramos, motivamos y ayudamos en la adquisici\u00f3n de Kit De Inicio H\u00edbrido Ocho Nails 3. Nuestros proveedores se encuentran en toda Europa, desde Alemania, Inglaterra, Italia hasta Polonia.<\/p>","protected":false},"excerpt":{"rendered":"<p>El producto Kit De Inicio H\u00edbrido Ocho Nails 3 es una soluci\u00f3n de alta calidad para cualquier sal\u00f3n. El plazo de entrega estimado es de aproximadamente 6 d\u00edas laborables.<\/p>","protected":false},"featured_media":12987,"comment_status":"open","ping_status":"open","template":"","meta":[],"product_brand":[1418],"product_cat":[5199,621],"product_tag":[5200,623],"class_list":{"0":"post-12986","1":"product","2":"type-product","3":"status-publish","4":"has-post-thumbnail","6":"product_brand-ocho-nails","7":"product_cat-kits-uv-promocionales","8":"product_cat-unas","9":"product_tag-kits-uv-promocionales","10":"product_tag-unas","11":"pa_codigo-ean-7759","12":"pa_garantia-12-meses","13":"pa_marca-ocho-nails","14":"pa_numero-de-articulo-5201","15":"pa_tiempo-estimado-de-entrega-4-5-dias-laborables","17":"first","18":"instock","19":"sale","20":"taxable","21":"shipping-taxable","22":"purchasable","23":"product-type-simple"},"yoast_head":"<!-- This site is optimized with the Yoast SEO plugin v27.6 - https:\/\/yoast.com\/product\/yoast-seo-wordpress\/ -->\n<title>Kit De Inicio H\u00edbrido Ocho Nails 3 comprar<\/title>\n<meta name=\"description\" content=\"Compra Kit De Inicio H\u00edbrido Ocho Nails 3 online o en el showroom en Salon For ALL Espa\u00f1a. El mayorista para salones, consultas y spas en Espa\u00f1a y Portugal.\" \/>\n<meta name=\"robots\" content=\"index, follow, max-snippet:-1, max-image-preview:large, max-video-preview:-1\" \/>\n<link rel=\"canonical\" href=\"https:\/\/salonforall.es\/pt\/kit-de-inicio-hibrido-ocho-nails-3\/\" \/>\n<meta property=\"og:locale\" content=\"pt_PT\" \/>\n<meta property=\"og:type\" content=\"article\" \/>\n<meta property=\"og:title\" content=\"Kit De Inicio H\u00edbrido Ocho Nails 3\" \/>\n<meta property=\"og:description\" content=\"Compra Kit De Inicio H\u00edbrido Ocho Nails 3 online o en el showroom en Salon For ALL Espa\u00f1a. El mayorista para salones, consultas y spas en Espa\u00f1a y Portugal.\" \/>\n<meta property=\"og:url\" content=\"https:\/\/salonforall.es\/pt\/kit-de-inicio-hibrido-ocho-nails-3\/\" \/>\n<meta property=\"og:site_name\" content=\"Salon For ALL Espa\u00f1a\" \/>\n<meta property=\"article:modified_time\" content=\"2026-03-24T16:10:10+00:00\" \/>\n<meta property=\"og:image\" content=\"https:\/\/salonforall.es\/wp-content\/uploads\/2025\/12\/Kit-De-Inicio-Hibrido-Ocho-Nails-3.jpg\" \/>\n\t<meta property=\"og:image:width\" content=\"1200\" \/>\n\t<meta property=\"og:image:height\" content=\"1200\" \/>\n\t<meta property=\"og:image:type\" content=\"image\/jpeg\" \/>\n<meta name=\"twitter:card\" content=\"summary_large_image\" \/>\n<meta name=\"twitter:title\" content=\"Kit De Inicio H\u00edbrido Ocho Nails 3\" \/>\n<meta name=\"twitter:label1\" content=\"Tempo estimado de leitura\" \/>\n\t<meta name=\"twitter:data1\" content=\"10 minutos\" \/>\n<script type=\"application\/ld+json\" class=\"yoast-schema-graph\">{\"@context\":\"https:\\\/\\\/schema.org\",\"@graph\":[{\"@type\":\"WebPage\",\"@id\":\"https:\\\/\\\/salonforall.es\\\/kit-de-inicio-hibrido-ocho-nails-3\\\/\",\"url\":\"https:\\\/\\\/salonforall.es\\\/kit-de-inicio-hibrido-ocho-nails-3\\\/\",\"name\":\"Kit De Inicio H\u00edbrido Ocho Nails 3 comprar\",\"isPartOf\":{\"@id\":\"https:\\\/\\\/salonforall.es\\\/#website\"},\"primaryImageOfPage\":{\"@id\":\"https:\\\/\\\/salonforall.es\\\/kit-de-inicio-hibrido-ocho-nails-3\\\/#primaryimage\"},\"image\":{\"@id\":\"https:\\\/\\\/salonforall.es\\\/kit-de-inicio-hibrido-ocho-nails-3\\\/#primaryimage\"},\"thumbnailUrl\":\"https:\\\/\\\/salonforall.es\\\/wp-content\\\/uploads\\\/2025\\\/12\\\/Kit-De-Inicio-Hibrido-Ocho-Nails-3.jpg\",\"datePublished\":\"2025-12-02T12:56:37+00:00\",\"dateModified\":\"2026-03-24T16:10:10+00:00\",\"description\":\"Compra Kit De Inicio H\u00edbrido Ocho Nails 3 online o en el showroom en Salon For ALL Espa\u00f1a. El mayorista para salones, consultas y spas en Espa\u00f1a y Portugal.\",\"breadcrumb\":{\"@id\":\"https:\\\/\\\/salonforall.es\\\/kit-de-inicio-hibrido-ocho-nails-3\\\/#breadcrumb\"},\"inLanguage\":\"pt-PT\",\"potentialAction\":[{\"@type\":\"ReadAction\",\"target\":[\"https:\\\/\\\/salonforall.es\\\/kit-de-inicio-hibrido-ocho-nails-3\\\/\"]}]},{\"@type\":\"ImageObject\",\"inLanguage\":\"pt-PT\",\"@id\":\"https:\\\/\\\/salonforall.es\\\/kit-de-inicio-hibrido-ocho-nails-3\\\/#primaryimage\",\"url\":\"https:\\\/\\\/salonforall.es\\\/wp-content\\\/uploads\\\/2025\\\/12\\\/Kit-De-Inicio-Hibrido-Ocho-Nails-3.jpg\",\"contentUrl\":\"https:\\\/\\\/salonforall.es\\\/wp-content\\\/uploads\\\/2025\\\/12\\\/Kit-De-Inicio-Hibrido-Ocho-Nails-3.jpg\",\"width\":1200,\"height\":1200,\"caption\":\"Kit De Inicio H\u00edbrido Ocho Nails 3\"},{\"@type\":\"BreadcrumbList\",\"@id\":\"https:\\\/\\\/salonforall.es\\\/kit-de-inicio-hibrido-ocho-nails-3\\\/#breadcrumb\",\"itemListElement\":[{\"@type\":\"ListItem\",\"position\":1,\"name\":\"Home\",\"item\":\"https:\\\/\\\/salonforall.es\\\/\"},{\"@type\":\"ListItem\",\"position\":2,\"name\":\"Winkel\",\"item\":\"https:\\\/\\\/salonforall.es\\\/winkel\\\/\"},{\"@type\":\"ListItem\",\"position\":3,\"name\":\"Kit De Inicio H\u00edbrido Ocho Nails 3\"}]},{\"@type\":\"WebSite\",\"@id\":\"https:\\\/\\\/salonforall.es\\\/#website\",\"url\":\"https:\\\/\\\/salonforall.es\\\/\",\"name\":\"Salon For ALL Espa\u00f1a\",\"description\":\"Mayorista de mobiliario y suministros para consultorios y salones\",\"publisher\":{\"@id\":\"https:\\\/\\\/salonforall.es\\\/#organization\"},\"potentialAction\":[{\"@type\":\"SearchAction\",\"target\":{\"@type\":\"EntryPoint\",\"urlTemplate\":\"https:\\\/\\\/salonforall.es\\\/?s={search_term_string}\"},\"query-input\":{\"@type\":\"PropertyValueSpecification\",\"valueRequired\":true,\"valueName\":\"search_term_string\"}}],\"inLanguage\":\"pt-PT\"},{\"@type\":\"Organization\",\"@id\":\"https:\\\/\\\/salonforall.es\\\/#organization\",\"name\":\"Salon For All B.V. Espa\u00f1a\",\"alternateName\":\"Salon For All B.V. Espa\u00f1a - Mayorista de equipamiento para consultas, salones y suministros\",\"url\":\"https:\\\/\\\/salonforall.es\\\/\",\"logo\":{\"@type\":\"ImageObject\",\"inLanguage\":\"pt-PT\",\"@id\":\"https:\\\/\\\/salonforall.es\\\/#\\\/schema\\\/logo\\\/image\\\/\",\"url\":\"https:\\\/\\\/salonforall.es\\\/wp-content\\\/uploads\\\/2025\\\/11\\\/logo-salon-for-all-e1764543185849.png\",\"contentUrl\":\"https:\\\/\\\/salonforall.es\\\/wp-content\\\/uploads\\\/2025\\\/11\\\/logo-salon-for-all-e1764543185849.png\",\"width\":500,\"height\":150,\"caption\":\"Salon For All B.V. Espa\u00f1a\"},\"image\":{\"@id\":\"https:\\\/\\\/salonforall.es\\\/#\\\/schema\\\/logo\\\/image\\\/\"}}]}<\/script>\n<!-- \/ Yoast SEO plugin. -->","yoast_head_json":{"title":"Kit De Inicio H\u00edbrido Ocho Nails 3 comprar","description":"Compra Kit De Inicio H\u00edbrido Ocho Nails 3 online o en el showroom en Salon For ALL Espa\u00f1a. El mayorista para salones, consultas y spas en Espa\u00f1a y Portugal.","robots":{"index":"index","follow":"follow","max-snippet":"max-snippet:-1","max-image-preview":"max-image-preview:large","max-video-preview":"max-video-preview:-1"},"canonical":"https:\/\/salonforall.es\/pt\/kit-de-inicio-hibrido-ocho-nails-3\/","og_locale":"pt_PT","og_type":"article","og_title":"Kit De Inicio H\u00edbrido Ocho Nails 3","og_description":"Compra Kit De Inicio H\u00edbrido Ocho Nails 3 online o en el showroom en Salon For ALL Espa\u00f1a. El mayorista para salones, consultas y spas en Espa\u00f1a y Portugal.","og_url":"https:\/\/salonforall.es\/pt\/kit-de-inicio-hibrido-ocho-nails-3\/","og_site_name":"Salon For ALL Espa\u00f1a","article_modified_time":"2026-03-24T16:10:10+00:00","og_image":[{"width":1200,"height":1200,"url":"https:\/\/salonforall.es\/wp-content\/uploads\/2025\/12\/Kit-De-Inicio-Hibrido-Ocho-Nails-3.jpg","type":"image\/jpeg"}],"twitter_card":"summary_large_image","twitter_title":"Kit De Inicio H\u00edbrido Ocho Nails 3","twitter_misc":{"Tempo estimado de leitura":"10 minutos"},"schema":{"@context":"https:\/\/schema.org","@graph":[{"@type":"WebPage","@id":"https:\/\/salonforall.es\/kit-de-inicio-hibrido-ocho-nails-3\/","url":"https:\/\/salonforall.es\/kit-de-inicio-hibrido-ocho-nails-3\/","name":"Kit De Inicio H\u00edbrido Ocho Nails 3 comprar","isPartOf":{"@id":"https:\/\/salonforall.es\/#website"},"primaryImageOfPage":{"@id":"https:\/\/salonforall.es\/kit-de-inicio-hibrido-ocho-nails-3\/#primaryimage"},"image":{"@id":"https:\/\/salonforall.es\/kit-de-inicio-hibrido-ocho-nails-3\/#primaryimage"},"thumbnailUrl":"https:\/\/salonforall.es\/wp-content\/uploads\/2025\/12\/Kit-De-Inicio-Hibrido-Ocho-Nails-3.jpg","datePublished":"2025-12-02T12:56:37+00:00","dateModified":"2026-03-24T16:10:10+00:00","description":"Compra Kit De Inicio H\u00edbrido Ocho Nails 3 online o en el showroom en Salon For ALL Espa\u00f1a. El mayorista para salones, consultas y spas en Espa\u00f1a y Portugal.","breadcrumb":{"@id":"https:\/\/salonforall.es\/kit-de-inicio-hibrido-ocho-nails-3\/#breadcrumb"},"inLanguage":"pt-PT","potentialAction":[{"@type":"ReadAction","target":["https:\/\/salonforall.es\/kit-de-inicio-hibrido-ocho-nails-3\/"]}]},{"@type":"ImageObject","inLanguage":"pt-PT","@id":"https:\/\/salonforall.es\/kit-de-inicio-hibrido-ocho-nails-3\/#primaryimage","url":"https:\/\/salonforall.es\/wp-content\/uploads\/2025\/12\/Kit-De-Inicio-Hibrido-Ocho-Nails-3.jpg","contentUrl":"https:\/\/salonforall.es\/wp-content\/uploads\/2025\/12\/Kit-De-Inicio-Hibrido-Ocho-Nails-3.jpg","width":1200,"height":1200,"caption":"Kit De Inicio H\u00edbrido Ocho Nails 3"},{"@type":"BreadcrumbList","@id":"https:\/\/salonforall.es\/kit-de-inicio-hibrido-ocho-nails-3\/#breadcrumb","itemListElement":[{"@type":"ListItem","position":1,"name":"Home","item":"https:\/\/salonforall.es\/"},{"@type":"ListItem","position":2,"name":"Winkel","item":"https:\/\/salonforall.es\/winkel\/"},{"@type":"ListItem","position":3,"name":"Kit De Inicio H\u00edbrido Ocho Nails 3"}]},{"@type":"WebSite","@id":"https:\/\/salonforall.es\/#website","url":"https:\/\/salonforall.es\/","name":"Sal\u00e3o de beleza para toda a Espanha","description":"Grossista de mobili\u00e1rio e material para sal\u00f5es de beleza e consult\u00f3rios","publisher":{"@id":"https:\/\/salonforall.es\/#organization"},"potentialAction":[{"@type":"SearchAction","target":{"@type":"EntryPoint","urlTemplate":"https:\/\/salonforall.es\/?s={search_term_string}"},"query-input":{"@type":"PropertyValueSpecification","valueRequired":true,"valueName":"search_term_string"}}],"inLanguage":"pt-PT"},{"@type":"Organization","@id":"https:\/\/salonforall.es\/#organization","name":"Salon For All B.V. Espanha","alternateName":"Salon For All B.V. Espa\u00f1a - Mayorista de equipamiento para consultas, salones y suministros","url":"https:\/\/salonforall.es\/","logo":{"@type":"ImageObject","inLanguage":"pt-PT","@id":"https:\/\/salonforall.es\/#\/schema\/logo\/image\/","url":"https:\/\/salonforall.es\/wp-content\/uploads\/2025\/11\/logo-salon-for-all-e1764543185849.png","contentUrl":"https:\/\/salonforall.es\/wp-content\/uploads\/2025\/11\/logo-salon-for-all-e1764543185849.png","width":500,"height":150,"caption":"Salon For All B.V. Espa\u00f1a"},"image":{"@id":"https:\/\/salonforall.es\/#\/schema\/logo\/image\/"}}]}},"_links":{"self":[{"href":"https:\/\/salonforall.es\/pt\/wp-json\/wp\/v2\/product\/12986","targetHints":{"allow":["GET"]}}],"collection":[{"href":"https:\/\/salonforall.es\/pt\/wp-json\/wp\/v2\/product"}],"about":[{"href":"https:\/\/salonforall.es\/pt\/wp-json\/wp\/v2\/types\/product"}],"replies":[{"embeddable":true,"href":"https:\/\/salonforall.es\/pt\/wp-json\/wp\/v2\/comments?post=12986"}],"wp:featuredmedia":[{"embeddable":true,"href":"https:\/\/salonforall.es\/pt\/wp-json\/wp\/v2\/media\/12987"}],"wp:attachment":[{"href":"https:\/\/salonforall.es\/pt\/wp-json\/wp\/v2\/media?parent=12986"}],"wp:term":[{"taxonomy":"product_brand","embeddable":true,"href":"https:\/\/salonforall.es\/pt\/wp-json\/wp\/v2\/product_brand?post=12986"},{"taxonomy":"product_cat","embeddable":true,"href":"https:\/\/salonforall.es\/pt\/wp-json\/wp\/v2\/product_cat?post=12986"},{"taxonomy":"product_tag","embeddable":true,"href":"https:\/\/salonforall.es\/pt\/wp-json\/wp\/v2\/product_tag?post=12986"}],"curies":[{"name":"wp","href":"https:\/\/api.w.org\/{rel}","templated":true}]}}