{"id":12820,"date":"2025-12-02T13:53:20","date_gmt":"2025-12-02T12:53:20","guid":{"rendered":"https:\/\/salonforall.es\/product\/unidad-de-podologia-y-300-set-max\/"},"modified":"2026-03-24T17:09:48","modified_gmt":"2026-03-24T16:09:48","slug":"unidad-de-podologia-y-300-set-max","status":"publish","type":"product","link":"https:\/\/salonforall.es\/pt\/unidad-de-podologia-y-300-set-max\/","title":{"rendered":"Unidade de Podologia Y-300 Set Max."},"content":{"rendered":"<h2>Informaci\u00f3n sobre Unidad De Podolog\u00eda Y-300 Set M\u00e1x. con n\u00famero de art\u00edculo 148193<\/h2>\n<p><img decoding=\"async\" src=\"https:\/\/activeshop.com.pl\/media\/wysiwyg\/product\/148193\/EN_148193_1.jpg\"><\/p>\n<p>Desde hace muchos a\u00f1os, la marca <strong>ACTIVESHOP<\/strong> ofrece una amplia gama de productos adecuados para uso profesional en diversas industrias. En su cat\u00e1logo, encontrar\u00e1 art\u00edculos de diversas categor\u00edas, desde peque\u00f1os accesorios esenciales hasta equipos especializados, como mobiliario para cosm\u00e9tica.<\/p>\n<p><img decoding=\"async\" src=\"https:\/\/activeshop.com.pl\/media\/wysiwyg\/product\/148193\/EN_148193_2.jpg\"><\/p>\n<h2><strong>Kit de estaci\u00f3n de trabajo podol\u00f3gica profesional<\/strong><\/h2>\n<p><strong>Una estaci\u00f3n de trabajo ergon\u00f3mica<\/strong> es clave para realizar con comodidad diversos tratamientos precisos. La atenci\u00f3n al detalle, la versatilidad y la funcionalidad son las caracter\u00edsticas que distinguen a este <strong>kit de podolog\u00eda<\/strong>. Los elementos que lo componen permiten un trabajo altamente eficiente.<\/p>\n<h2><strong>O conjunto inclui:<\/strong><\/h2>\n<p>\u2022 Unidad de podolog\u00eda Y-300<br \/>\u2022 Taladro con absorbedor Exo Podo Line<br \/>\u2022 L\u00e1mpara de aumento Elegante 6025<br \/>\u2022 Esterilizador UV-C Blue<\/p>\n<p><img decoding=\"async\" src=\"https:\/\/activeshop.com.pl\/media\/wysiwyg\/product\/148193\/EN_148193_3.jpg\"><\/p>\n<h2><strong>Ayudante m\u00f3vil y ajustable<\/strong><\/h2>\n<p><strong>La s\u00f3lida unidad de podolog\u00eda Y-300<\/strong> est\u00e1 dise\u00f1ada para facilitar el trabajo del profesional. <strong>Tres cajones espaciosos<\/strong> albergar\u00e1n todos los accesorios, herramientas y productos necesarios. Una ventaja significativa es su estante extra\u00edble, donde se pueden colocar los dispositivos necesarios para el trabajo del pod\u00f3logo, como un esterilizador o un taladro. Tambi\u00e9n es un excelente lugar para utensilios o preparaciones que conviene tener siempre a mano. El mueble est\u00e1 equipado con ruedas, lo que facilita el trabajo y su traslado. Permiten transportarlo f\u00e1cilmente entre habitaciones. El soporte TUBE permite fijar la l\u00e1mpara directamente a la mesa en cualquier lugar. El ayudante est\u00e1 fabricado con materiales duraderos, es f\u00e1cil de limpiar y mejorar\u00e1 significativamente el rendimiento de los servicios especializados.<\/p>\n<p><img decoding=\"async\" src=\"https:\/\/activeshop.com.pl\/media\/wysiwyg\/product\/148193\/EN_148193_4.jpg\"><\/p>\n<h2><strong>Eficaz taladro con absorbedor<\/strong><\/h2>\n<p><strong>El taladro con absorbedor de Exo Podo Line<\/strong> es una excelente soluci\u00f3n que permite mantener altos est\u00e1ndares de higiene en la oficina, a la vez que protege la salud de las personas que prestan servicios y de los clientes. El cabezal del taladro tiene una potencia de 50 W, por lo que puede funcionar a velocidades de hasta 30 000 revoluciones por minuto, lo que permite una eliminaci\u00f3n eficiente de la epidermis queratinizada. Durante los tratamientos, puede ajustar libremente la velocidad, la direcci\u00f3n de rotaci\u00f3n del cabezal y la potencia de succi\u00f3n del absorbedor. Existe la opci\u00f3n de adquirir un pedal para el taladro, que permite ajustar el funcionamiento del dispositivo sin usar las manos. La pantalla digital permite controlar el nivel de llenado del filtro y la configuraci\u00f3n actual del dispositivo. Este producto de alta calidad es perfecto para pedicuras y tratamientos podol\u00f3gicos especializados.<\/p>\n<p><img decoding=\"async\" src=\"https:\/\/activeshop.com.pl\/media\/wysiwyg\/product\/148193\/EN_148193_5.jpg\"><\/p>\n<h2><strong>L\u00e1mpara de aumento para tratamientos de precisi\u00f3n<\/strong><\/h2>\n<p><strong>La l\u00e1mpara de aumento sin sombras Elegante<\/strong> permite ver la piel con un aumento de 5D y proporciona una excelente iluminaci\u00f3n. El cristal antirreflejos garantiza una mayor comodidad durante el trabajo, reduciendo el riesgo de dolores de cabeza durante los servicios. El color fr\u00edo de la luz mejora la concentraci\u00f3n. El tr\u00edpode ajustable permite ajustar la altura y los \u00e1ngulos de inclinaci\u00f3n, lo que facilita la personalizaci\u00f3n de la iluminaci\u00f3n. La l\u00e1mpara de aumento es ideal para diagn\u00f3sticos y tratamientos precisos del tejido cut\u00e1neo, lo que facilita enormemente el trabajo del pod\u00f3logo.<\/p>\n<p><img decoding=\"async\" src=\"https:\/\/activeshop.com.pl\/media\/wysiwyg\/product\/148193\/EN_148193_6.jpg\"><\/p>\n<h2><strong>Esterilizador UV-C pr\u00e1ctico<\/strong><\/h2>\n<p><strong>El esterilizador UV-C Blue, f\u00e1cil de usar, es un dispositivo compacto para la desinfecci\u00f3n en seco, perfecto para peluquer\u00edas o salones de belleza. No se utilizan soluciones qu\u00edmicas durante el proceso. La luz ultravioleta con una longitud de onda de 254 nm, que incide directamente sobre la superficie, <strong>destruye eficazmente las formas vegetativas de los microorganismos<\/strong>. Para preparar adecuadamente los instrumentos para la esterilizaci\u00f3n, es necesario lavarlos y secarlos, y los de estructura m\u00e1s compleja, desmontarlos. <strong>La desinfecci\u00f3n completa tarda 45 minutos<\/strong>.<\/p>\n<p><img decoding=\"async\" src=\"https:\/\/activeshop.com.pl\/media\/wysiwyg\/product\/148193\/EN_148193_7.jpg\"><\/p>\n<p>Los productos Activeshop son proporcionalmente m\u00e1s econ\u00f3micos que muchas otras marcas\/proveedores. El precio est\u00e1 en relaci\u00f3n con la calidad. Unidad De Podolog\u00eda Y-300 Set M\u00e1x. es por lo tanto una soluci\u00f3n accesible para su sal\u00f3n.<\/p>\n<h2>\u00bfC\u00f3mo se entrega Unidad De Podolog\u00eda Y-300 Set M\u00e1x.?<\/h2>\n<p>Unidad De Podolog\u00eda Y-300 Set M\u00e1x. se entrega en embalaje(s) original(es). Dentro de Espa\u00f1a el env\u00edo de Unidad De Podolog\u00eda Y-300 Set M\u00e1x. es completamente gratuito para pedidos a partir de 100,- euros. Para env\u00edos a otros pa\u00edses se aplican tarifas de env\u00edo separadas. Puede consultar estas tarifas con nosotros o verlas en el carrito de compra. Unidad De Podolog\u00eda Y-300 Set M\u00e1x. se env\u00eda a trav\u00e9s de un servicio de mensajer\u00eda externo.<\/p>\n<p>As encomendas ou paletes s\u00e3o entregues, por norma, at\u00e9 \u00e0 soleira da porta da frente, mesmo que se encontre num edif\u00edcio coletivo, num edif\u00edcio de apartamentos ou num complexo de apartamentos com elevador (desde que o artigo caiba no elevador). N\u00e3o h\u00e1 elevador dispon\u00edvel ou o artigo n\u00e3o cabe no elevador? Ent\u00e3o entregamos at\u00e9 \u00e0 soleira do r\u00e9s do ch\u00e3o.<\/p>\n<p>Se ainda tem d\u00favidas sobre a entrega ou uma situa\u00e7\u00e3o especial, contacte-nos e teremos todo o gosto em ajud\u00e1-lo!<\/p>\n<p>*Os artigos n\u00e3o s\u00e3o desempacotados ou montados como padr\u00e3o. Em situa\u00e7\u00f5es especiais, pode contactar-nos para combinarmos as condi\u00e7\u00f5es.<\/p>\n<h2>Compras online seguras na Salon For All com o selo de qualidade Webwinkelkeur e encripta\u00e7\u00e3o SSL.<\/h2>\n<p>Es importante para nosotros que nuestros clientes puedan comprar de forma segura en nuestra tienda online. Estamos afiliados al sello de calidad nacional Webwinkelkeur desde 2019. Nuestra identidad ha sido verificada y comprobada por ellos, y la tienda online ha sido revisada y aprobada legalmente. Adem\u00e1s, nuestra tienda online est\u00e1 afiliada a ellos para la mediaci\u00f3n de conflictos. Puede ver la insignia con toda la informaci\u00f3n de este sello de calidad de tienda online en el lado izquierdo o derecho de la tienda online (bot\u00f3n rosa con blanco). Adem\u00e1s, nuestro sitio est\u00e1 protegido con un certificado SSL para que pueda navegar de forma segura con nosotros. En la barra de su navegador de Internet, donde aparece nuestro sitio web, ver\u00e1 un icono de candado. Si hace clic en el candado, obtendr\u00e1 toda la informaci\u00f3n sobre nuestra seguridad. De esta manera sabe que su pedido de Unidad De Podolog\u00eda Y-300 Set M\u00e1x. y sus datos personales se procesan de forma segura.<\/p>\n<h2>\u00bfC\u00f3mo puedo pagar Unidad De Podolog\u00eda Y-300 Set M\u00e1x.?<\/h2>\n<p>Queremos tornar as coisas o mais f\u00e1ceis poss\u00edvel para si. \u00c9 por isso que na Salon For All pode pagar com todos os m\u00e9todos de pagamento populares. Pagar antecipadamente, na entrega ou depois - tudo \u00e9 poss\u00edvel. Veja aqui todos os m\u00e9todos de pagamento que oferecemos:<\/p>\n<ul>\n<li>iDEAL<\/li>\n<li>Cart\u00e3o de cr\u00e9dito (Visa, Mastercard, American Express)<\/li>\n<li>Klarna - Pagamento na entrega com fatura<\/li>\n<li>PayPal<\/li>\n<li>Apple Pay<\/li>\n<li>Google Pay<\/li>\n<li>Bizum (para clientes espanh\u00f3is)<\/li>\n<li>Transfer\u00eancia banc\u00e1ria SEPA<\/li>\n<li>Contacto com o banco<\/li>\n<li>Fatura comercial para empresas<\/li>\n<li>Pagamento na sala de exposi\u00e7\u00f5es - Cart\u00e3o e dinheiro (apenas dispon\u00edvel \u00e0 cobran\u00e7a)<\/li>\n<\/ul>\n<h2>Veja tamb\u00e9m as opini\u00f5es de Salon For All<\/h2>\n<p>Consulte tambi\u00e9n nuestras rese\u00f1as para tener en cuenta las experiencias de nuestros clientes actuales en su decisi\u00f3n de pedir Unidad De Podolog\u00eda Y-300 Set M\u00e1x. con nosotros. A trav\u00e9s de nuestro sello de calidad independiente de tienda online Webwinkelkeur, se recopilan autom\u00e1ticamente rese\u00f1as verificadas de clientes que han completado un pedido con nosotros. Puede encontrarlas detr\u00e1s del bot\u00f3n rosa en nuestra tienda online o aparecen listadas debajo de los productos.<\/p>\n<p>\u00a1Comparta tambi\u00e9n su experiencia despu\u00e9s de su compra con su Unidad De Podolog\u00eda Y-300 Set M\u00e1x. pedido y su experiencia con el proceso de compra o el contacto con Salon For All para inspirar a otros!<\/p>\n<h2>Contactar o Salon For All<\/h2>\n<p>Cont\u00e1ctenos entonces. Estaremos encantados de ayudarle con la adquisici\u00f3n de Unidad De Podolog\u00eda Y-300 Set M\u00e1x.. En d\u00edas laborables estamos mejor disponibles entre las 8.30 y las 17.00 horas a trav\u00e9s del n\u00famero de tel\u00e9fono y direcci\u00f3n de correo electr\u00f3nico en la parte superior de la tienda online o a trav\u00e9s de la funci\u00f3n de chat. Las consultas fuera del horario de oficina suelen responderse en un plazo de 24 horas. Tambi\u00e9n es posible visitarnos fuera de los d\u00edas laborables u horario de oficina. Pero para ello es necesario concertar una cita previa.<\/p>\n<h2>Gostaria de visitar a nossa sala de exposi\u00e7\u00f5es?<\/h2>\n<p>\u00bfPrefiere ver Unidad De Podolog\u00eda Y-300 Set M\u00e1x. o recorrer nuestra oferta de la tienda (online) junto con nuestro colega? Entonces visite nuestro showroom con m\u00e1s de 1000m\u00b2 de equipamiento para salones y d\u00e9jese inspirar por nuestros empleados. Tambi\u00e9n si le gusta conocernos de manera agradable disfrutando de una buena taza de caf\u00e9 o t\u00e9, es muy bienvenido. No tenemos todos los productos en stock, as\u00ed que h\u00e1ganos saber de antemano que desea venir. Concierte siempre una cita previa.<\/p>\n<h2>14 dias de reflex\u00e3o e a nossa pol\u00edtica de devolu\u00e7\u00e3o<\/h2>\n<p>Por supuesto puede ocurrir que Unidad De Podolog\u00eda Y-300 Set M\u00e1x. entregado no sea completamente de su agrado y desee devolverlo. Eso no es ning\u00fan problema en Salon For All. Debe notificar su devoluci\u00f3n dentro de 14 d\u00edas laborables a trav\u00e9s de info@salonforall.es. Entonces recibir\u00e1 primero todas las instrucciones y condiciones de devoluci\u00f3n. Tenga en cuenta que Unidad De Podolog\u00eda Y-300 Set M\u00e1x. no debe haber sido usado, debe contener todas las partes suministradas y debe devolverse empaquetado en el embalaje original. Los costos de env\u00edo de una devoluci\u00f3n son siempre a cargo del comprador en compras a trav\u00e9s de www.salonforall.es. Debe organizar usted mismo un transporte con una empresa de transporte de su elecci\u00f3n para una devoluci\u00f3n. Una vez que Unidad De Podolog\u00eda Y-300 Set M\u00e1x. haya sido devuelto, se verificar\u00e1 su integridad y posibles da\u00f1os. Una vez que la devoluci\u00f3n haya sido aprobada, el importe de la compra se reembolsar\u00e1 dentro de 5 d\u00edas laborables a la cuenta bancaria que tenemos registrada.<\/p>\n<h2>Quem \u00e9 o Salon For All?<\/h2>\n<p>A Salon For All \u00e9 o grossista de todo o equipamento para sal\u00f5es de beleza na Europa. A Salon For All come\u00e7ou em 2003 com o nome Salonvoordeel e cresceu a partir da pr\u00e1tica. Os propriet\u00e1rios da Salon For All eram cabeleireiros experientes e especialistas em beleza e t\u00eam, em conjunto, mais de 30 anos de experi\u00eancia pr\u00e1tica. Em 2003, lan\u00e7\u00e1mos o Salonvoordeel.nl (Pa\u00edses Baixos) e, posteriormente, o Salon For All foi fundado para o mercado europeu. Alguns dos nossos funcion\u00e1rios come\u00e7aram o seu pr\u00f3prio neg\u00f3cio e assim nasceu a ideia de lan\u00e7ar uma loja online funcional para cabeleireiros e para os ajudar com o seu equipamento de sal\u00e3o.<\/p>\n<p>Nuestro showroom se encuentra en Dinxperlo, directamente en la frontera entre los Pa\u00edses Bajos y Alemania. Con nuestra amplia experiencia en el sector podemos servirle de espejo y proporcionarle el asesoramiento adecuado. \u00a1Hablamos el mismo idioma! Le asesoramos, inspiramos, motivamos y ayudamos en la adquisici\u00f3n de Unidad De Podolog\u00eda Y-300 Set M\u00e1x.. Nuestros proveedores se encuentran en toda Europa, desde Alemania, Inglaterra, Italia hasta Polonia.<\/p>","protected":false},"excerpt":{"rendered":"<p>O produto Unidade de Podologia Y-300 Set Max. \u00e9 uma solu\u00e7\u00e3o de alta qualidade para qualquer sal\u00e3o de beleza. O prazo de entrega estimado \u00e9 de aproximadamente 6 dias \u00fateis.<\/p>","protected":false},"featured_media":12821,"comment_status":"open","ping_status":"open","template":"","meta":[],"product_brand":[107],"product_cat":[1304,4813],"product_tag":[1306,4814],"class_list":{"0":"post-12820","1":"product","2":"type-product","3":"status-publish","4":"has-post-thumbnail","6":"product_brand-activeshop","7":"product_cat-brocas-y-taladros-para-unas","8":"product_cat-juegos-de-brocas-para-unas","9":"product_tag-brocas-y-taladros-para-unas","10":"product_tag-juegos-de-brocas-para-unas","11":"pa_codigo-ean-7759","12":"pa_garantia-12-meses","13":"pa_marca-activeshop","14":"pa_numero-de-articulo-5141","15":"pa_tiempo-estimado-de-entrega-4-5-dias-laborables","17":"first","18":"instock","19":"sale","20":"taxable","21":"shipping-taxable","22":"purchasable","23":"product-type-simple"},"yoast_head":"<!-- This site is optimized with the Yoast SEO plugin v27.6 - https:\/\/yoast.com\/product\/yoast-seo-wordpress\/ -->\n<title>Unidad De Podolog\u00eda Y-300 Set M\u00e1x. comprar<\/title>\n<meta name=\"description\" content=\"Compra Unidad De Podolog\u00eda Y-300 Set M\u00e1x. online o en el showroom en Salon For ALL Espa\u00f1a. El mayorista para salones, consultas y spas en Espa\u00f1a y Portugal.\" \/>\n<meta name=\"robots\" content=\"index, follow, max-snippet:-1, max-image-preview:large, max-video-preview:-1\" \/>\n<link rel=\"canonical\" href=\"https:\/\/salonforall.es\/pt\/unidad-de-podologia-y-300-set-max\/\" \/>\n<meta property=\"og:locale\" content=\"pt_PT\" \/>\n<meta property=\"og:type\" content=\"article\" \/>\n<meta property=\"og:title\" content=\"Unidad De Podolog\u00eda Y-300 Set M\u00e1x.\" \/>\n<meta property=\"og:description\" content=\"Compra Unidad De Podolog\u00eda Y-300 Set M\u00e1x. online o en el showroom en Salon For ALL Espa\u00f1a. El mayorista para salones, consultas y spas en Espa\u00f1a y Portugal.\" \/>\n<meta property=\"og:url\" content=\"https:\/\/salonforall.es\/pt\/unidad-de-podologia-y-300-set-max\/\" \/>\n<meta property=\"og:site_name\" content=\"Salon For ALL Espa\u00f1a\" \/>\n<meta property=\"article:modified_time\" content=\"2026-03-24T16:09:48+00:00\" \/>\n<meta property=\"og:image\" content=\"https:\/\/salonforall.es\/wp-content\/uploads\/2025\/12\/Unidad-De-Podologia-Y-300-Set-Max.jpg\" \/>\n\t<meta property=\"og:image:width\" content=\"800\" \/>\n\t<meta property=\"og:image:height\" content=\"800\" \/>\n\t<meta property=\"og:image:type\" content=\"image\/jpeg\" \/>\n<meta name=\"twitter:card\" content=\"summary_large_image\" \/>\n<meta name=\"twitter:title\" content=\"Unidad De Podolog\u00eda Y-300 Set M\u00e1x.\" \/>\n<meta name=\"twitter:label1\" content=\"Tempo estimado de leitura\" \/>\n\t<meta name=\"twitter:data1\" content=\"9 minutos\" \/>\n<script type=\"application\/ld+json\" class=\"yoast-schema-graph\">{\"@context\":\"https:\\\/\\\/schema.org\",\"@graph\":[{\"@type\":\"WebPage\",\"@id\":\"https:\\\/\\\/salonforall.es\\\/unidad-de-podologia-y-300-set-max\\\/\",\"url\":\"https:\\\/\\\/salonforall.es\\\/unidad-de-podologia-y-300-set-max\\\/\",\"name\":\"Unidad De Podolog\u00eda Y-300 Set M\u00e1x. comprar\",\"isPartOf\":{\"@id\":\"https:\\\/\\\/salonforall.es\\\/#website\"},\"primaryImageOfPage\":{\"@id\":\"https:\\\/\\\/salonforall.es\\\/unidad-de-podologia-y-300-set-max\\\/#primaryimage\"},\"image\":{\"@id\":\"https:\\\/\\\/salonforall.es\\\/unidad-de-podologia-y-300-set-max\\\/#primaryimage\"},\"thumbnailUrl\":\"https:\\\/\\\/salonforall.es\\\/wp-content\\\/uploads\\\/2025\\\/12\\\/Unidad-De-Podologia-Y-300-Set-Max.jpg\",\"datePublished\":\"2025-12-02T12:53:20+00:00\",\"dateModified\":\"2026-03-24T16:09:48+00:00\",\"description\":\"Compra Unidad De Podolog\u00eda Y-300 Set M\u00e1x. online o en el showroom en Salon For ALL Espa\u00f1a. El mayorista para salones, consultas y spas en Espa\u00f1a y Portugal.\",\"breadcrumb\":{\"@id\":\"https:\\\/\\\/salonforall.es\\\/unidad-de-podologia-y-300-set-max\\\/#breadcrumb\"},\"inLanguage\":\"pt-PT\",\"potentialAction\":[{\"@type\":\"ReadAction\",\"target\":[\"https:\\\/\\\/salonforall.es\\\/unidad-de-podologia-y-300-set-max\\\/\"]}]},{\"@type\":\"ImageObject\",\"inLanguage\":\"pt-PT\",\"@id\":\"https:\\\/\\\/salonforall.es\\\/unidad-de-podologia-y-300-set-max\\\/#primaryimage\",\"url\":\"https:\\\/\\\/salonforall.es\\\/wp-content\\\/uploads\\\/2025\\\/12\\\/Unidad-De-Podologia-Y-300-Set-Max.jpg\",\"contentUrl\":\"https:\\\/\\\/salonforall.es\\\/wp-content\\\/uploads\\\/2025\\\/12\\\/Unidad-De-Podologia-Y-300-Set-Max.jpg\",\"width\":800,\"height\":800,\"caption\":\"Unidad De Podolog\u00eda Y-300 Set M\u00e1x.\"},{\"@type\":\"BreadcrumbList\",\"@id\":\"https:\\\/\\\/salonforall.es\\\/unidad-de-podologia-y-300-set-max\\\/#breadcrumb\",\"itemListElement\":[{\"@type\":\"ListItem\",\"position\":1,\"name\":\"Home\",\"item\":\"https:\\\/\\\/salonforall.es\\\/\"},{\"@type\":\"ListItem\",\"position\":2,\"name\":\"Winkel\",\"item\":\"https:\\\/\\\/salonforall.es\\\/winkel\\\/\"},{\"@type\":\"ListItem\",\"position\":3,\"name\":\"Unidad De Podolog\u00eda Y-300 Set M\u00e1x.\"}]},{\"@type\":\"WebSite\",\"@id\":\"https:\\\/\\\/salonforall.es\\\/#website\",\"url\":\"https:\\\/\\\/salonforall.es\\\/\",\"name\":\"Salon For ALL Espa\u00f1a\",\"description\":\"Mayorista de mobiliario y suministros para consultorios y salones\",\"publisher\":{\"@id\":\"https:\\\/\\\/salonforall.es\\\/#organization\"},\"potentialAction\":[{\"@type\":\"SearchAction\",\"target\":{\"@type\":\"EntryPoint\",\"urlTemplate\":\"https:\\\/\\\/salonforall.es\\\/?s={search_term_string}\"},\"query-input\":{\"@type\":\"PropertyValueSpecification\",\"valueRequired\":true,\"valueName\":\"search_term_string\"}}],\"inLanguage\":\"pt-PT\"},{\"@type\":\"Organization\",\"@id\":\"https:\\\/\\\/salonforall.es\\\/#organization\",\"name\":\"Salon For All B.V. Espa\u00f1a\",\"alternateName\":\"Salon For All B.V. Espa\u00f1a - Mayorista de equipamiento para consultas, salones y suministros\",\"url\":\"https:\\\/\\\/salonforall.es\\\/\",\"logo\":{\"@type\":\"ImageObject\",\"inLanguage\":\"pt-PT\",\"@id\":\"https:\\\/\\\/salonforall.es\\\/#\\\/schema\\\/logo\\\/image\\\/\",\"url\":\"https:\\\/\\\/salonforall.es\\\/wp-content\\\/uploads\\\/2025\\\/11\\\/logo-salon-for-all-e1764543185849.png\",\"contentUrl\":\"https:\\\/\\\/salonforall.es\\\/wp-content\\\/uploads\\\/2025\\\/11\\\/logo-salon-for-all-e1764543185849.png\",\"width\":500,\"height\":150,\"caption\":\"Salon For All B.V. Espa\u00f1a\"},\"image\":{\"@id\":\"https:\\\/\\\/salonforall.es\\\/#\\\/schema\\\/logo\\\/image\\\/\"}}]}<\/script>\n<!-- \/ Yoast SEO plugin. -->","yoast_head_json":{"title":"Unidad De Podolog\u00eda Y-300 Set M\u00e1x. comprar","description":"Compra Unidad De Podolog\u00eda Y-300 Set M\u00e1x. online o en el showroom en Salon For ALL Espa\u00f1a. El mayorista para salones, consultas y spas en Espa\u00f1a y Portugal.","robots":{"index":"index","follow":"follow","max-snippet":"max-snippet:-1","max-image-preview":"max-image-preview:large","max-video-preview":"max-video-preview:-1"},"canonical":"https:\/\/salonforall.es\/pt\/unidad-de-podologia-y-300-set-max\/","og_locale":"pt_PT","og_type":"article","og_title":"Unidad De Podolog\u00eda Y-300 Set M\u00e1x.","og_description":"Compra Unidad De Podolog\u00eda Y-300 Set M\u00e1x. online o en el showroom en Salon For ALL Espa\u00f1a. El mayorista para salones, consultas y spas en Espa\u00f1a y Portugal.","og_url":"https:\/\/salonforall.es\/pt\/unidad-de-podologia-y-300-set-max\/","og_site_name":"Salon For ALL Espa\u00f1a","article_modified_time":"2026-03-24T16:09:48+00:00","og_image":[{"width":800,"height":800,"url":"https:\/\/salonforall.es\/wp-content\/uploads\/2025\/12\/Unidad-De-Podologia-Y-300-Set-Max.jpg","type":"image\/jpeg"}],"twitter_card":"summary_large_image","twitter_title":"Unidad De Podolog\u00eda Y-300 Set M\u00e1x.","twitter_misc":{"Tempo estimado de leitura":"9 minutos"},"schema":{"@context":"https:\/\/schema.org","@graph":[{"@type":"WebPage","@id":"https:\/\/salonforall.es\/unidad-de-podologia-y-300-set-max\/","url":"https:\/\/salonforall.es\/unidad-de-podologia-y-300-set-max\/","name":"Unidad De Podolog\u00eda Y-300 Set M\u00e1x. comprar","isPartOf":{"@id":"https:\/\/salonforall.es\/#website"},"primaryImageOfPage":{"@id":"https:\/\/salonforall.es\/unidad-de-podologia-y-300-set-max\/#primaryimage"},"image":{"@id":"https:\/\/salonforall.es\/unidad-de-podologia-y-300-set-max\/#primaryimage"},"thumbnailUrl":"https:\/\/salonforall.es\/wp-content\/uploads\/2025\/12\/Unidad-De-Podologia-Y-300-Set-Max.jpg","datePublished":"2025-12-02T12:53:20+00:00","dateModified":"2026-03-24T16:09:48+00:00","description":"Compra Unidad De Podolog\u00eda Y-300 Set M\u00e1x. online o en el showroom en Salon For ALL Espa\u00f1a. El mayorista para salones, consultas y spas en Espa\u00f1a y Portugal.","breadcrumb":{"@id":"https:\/\/salonforall.es\/unidad-de-podologia-y-300-set-max\/#breadcrumb"},"inLanguage":"pt-PT","potentialAction":[{"@type":"ReadAction","target":["https:\/\/salonforall.es\/unidad-de-podologia-y-300-set-max\/"]}]},{"@type":"ImageObject","inLanguage":"pt-PT","@id":"https:\/\/salonforall.es\/unidad-de-podologia-y-300-set-max\/#primaryimage","url":"https:\/\/salonforall.es\/wp-content\/uploads\/2025\/12\/Unidad-De-Podologia-Y-300-Set-Max.jpg","contentUrl":"https:\/\/salonforall.es\/wp-content\/uploads\/2025\/12\/Unidad-De-Podologia-Y-300-Set-Max.jpg","width":800,"height":800,"caption":"Unidad De Podolog\u00eda Y-300 Set M\u00e1x."},{"@type":"BreadcrumbList","@id":"https:\/\/salonforall.es\/unidad-de-podologia-y-300-set-max\/#breadcrumb","itemListElement":[{"@type":"ListItem","position":1,"name":"Home","item":"https:\/\/salonforall.es\/"},{"@type":"ListItem","position":2,"name":"Winkel","item":"https:\/\/salonforall.es\/winkel\/"},{"@type":"ListItem","position":3,"name":"Unidad De Podolog\u00eda Y-300 Set M\u00e1x."}]},{"@type":"WebSite","@id":"https:\/\/salonforall.es\/#website","url":"https:\/\/salonforall.es\/","name":"Sal\u00e3o de beleza para toda a Espanha","description":"Grossista de mobili\u00e1rio e material para sal\u00f5es de beleza e consult\u00f3rios","publisher":{"@id":"https:\/\/salonforall.es\/#organization"},"potentialAction":[{"@type":"SearchAction","target":{"@type":"EntryPoint","urlTemplate":"https:\/\/salonforall.es\/?s={search_term_string}"},"query-input":{"@type":"PropertyValueSpecification","valueRequired":true,"valueName":"search_term_string"}}],"inLanguage":"pt-PT"},{"@type":"Organization","@id":"https:\/\/salonforall.es\/#organization","name":"Salon For All B.V. Espanha","alternateName":"Salon For All B.V. Espa\u00f1a - Mayorista de equipamiento para consultas, salones y suministros","url":"https:\/\/salonforall.es\/","logo":{"@type":"ImageObject","inLanguage":"pt-PT","@id":"https:\/\/salonforall.es\/#\/schema\/logo\/image\/","url":"https:\/\/salonforall.es\/wp-content\/uploads\/2025\/11\/logo-salon-for-all-e1764543185849.png","contentUrl":"https:\/\/salonforall.es\/wp-content\/uploads\/2025\/11\/logo-salon-for-all-e1764543185849.png","width":500,"height":150,"caption":"Salon For All B.V. Espa\u00f1a"},"image":{"@id":"https:\/\/salonforall.es\/#\/schema\/logo\/image\/"}}]}},"_links":{"self":[{"href":"https:\/\/salonforall.es\/pt\/wp-json\/wp\/v2\/product\/12820","targetHints":{"allow":["GET"]}}],"collection":[{"href":"https:\/\/salonforall.es\/pt\/wp-json\/wp\/v2\/product"}],"about":[{"href":"https:\/\/salonforall.es\/pt\/wp-json\/wp\/v2\/types\/product"}],"replies":[{"embeddable":true,"href":"https:\/\/salonforall.es\/pt\/wp-json\/wp\/v2\/comments?post=12820"}],"wp:featuredmedia":[{"embeddable":true,"href":"https:\/\/salonforall.es\/pt\/wp-json\/wp\/v2\/media\/12821"}],"wp:attachment":[{"href":"https:\/\/salonforall.es\/pt\/wp-json\/wp\/v2\/media?parent=12820"}],"wp:term":[{"taxonomy":"product_brand","embeddable":true,"href":"https:\/\/salonforall.es\/pt\/wp-json\/wp\/v2\/product_brand?post=12820"},{"taxonomy":"product_cat","embeddable":true,"href":"https:\/\/salonforall.es\/pt\/wp-json\/wp\/v2\/product_cat?post=12820"},{"taxonomy":"product_tag","embeddable":true,"href":"https:\/\/salonforall.es\/pt\/wp-json\/wp\/v2\/product_tag?post=12820"}],"curies":[{"name":"wp","href":"https:\/\/api.w.org\/{rel}","templated":true}]}}