{"id":12455,"date":"2025-12-02T13:49:09","date_gmt":"2025-12-02T12:49:09","guid":{"rendered":"https:\/\/salonforall.es\/product\/lampara-uv-led-ocho-nails-8-negra-de-84-w\/"},"modified":"2026-03-24T17:08:34","modified_gmt":"2026-03-24T16:08:34","slug":"lampada-uv-led-eight-nails-8-preto-84-watts-uv-led","status":"publish","type":"product","link":"https:\/\/salonforall.es\/pt\/lampara-uv-led-ocho-nails-8-negra-de-84-w\/","title":{"rendered":"Oito Unhas 8 Preto 84 W L\u00e2mpada Led Uv Preto"},"content":{"rendered":"<h2>Informa\u00e7\u00f5es sobre Ocho Nails 8 Black 84 W Led Uv Lamp com o n\u00famero de artigo 147193<\/h2>\n<p><strong>OCHO NAILS<\/strong> \u00e9 uma marca \u00fanica especializada em produtos profissionais para estilistas de unhas. A sua gama inclui vernizes h\u00edbridos, g\u00e9is, l\u00e2mpadas especializadas e acess\u00f3rios para o cuidado das unhas. Os produtos <strong>OCHO NAILS<\/strong> satisfazem as necessidades tanto dos utilizadores experientes como dos principiantes em manicura.<\/p>\n<p><img decoding=\"async\" src=\"https:\/\/activeshop.com.pl\/media\/wysiwyg\/product\/147193\/EN_147193_1.jpg\"><\/p>\n<h2><strong>Uma forma pr\u00e1tica de ter umas unhas bonitas<\/strong><\/h2>\n<p><strong>O candeeiro de unhas Ocho Nails 8<\/strong> \u00e9 um dispositivo que, equipado com <strong>fun\u00e7\u00f5es pr\u00e1ticas<\/strong>, Os LEDs, uniformemente espa\u00e7ados, e a tecnologia Dual Led garantem uma fixa\u00e7\u00e3o perfeita do penteado. Os LED uniformemente espa\u00e7ados e a tecnologia Dual Led garantem uma fixa\u00e7\u00e3o perfeita do penteado. O seu design minimalista, a facilidade de utiliza\u00e7\u00e3o e as fun\u00e7\u00f5es pr\u00e1ticas tornam o candeeiro perfeito tanto para uso profissional como dom\u00e9stico.<\/p>\n<p><img decoding=\"async\" src=\"https:\/\/activeshop.com.pl\/media\/wysiwyg\/product\/147193\/EN_147193_2.jpg\"><\/p>\n<h2><strong>L\u00e2mpada sem sombras com tecnologia Dual Led<\/strong><\/h2>\n<p>A secagem perfeita de g\u00e9is e esmaltes h\u00edbridos \u00e9 garantida por 42 LEDs estrategicamente dispostos, sem a chamada zona morta. A forma fechada, dita \u00abcabina\u00bb, utilizada na conce\u00e7\u00e3o deste modelo permite uma secagem mais precisa e mais r\u00e1pida do styling. A tecnologia Dual LED permite que os d\u00edodos emitam luz em dois comprimentos de onda, evitando assim a fadiga visual e proporcionando ao aparelho um amplo espetro de a\u00e7\u00e3o. As solu\u00e7\u00f5es selecionadas facilitam a cura correta at\u00e9 dos produtos mais exigentes, permitindo alcan\u00e7ar at\u00e9 as zonas mais dif\u00edceis da placa ungueal.<\/p>\n<p><img decoding=\"async\" src=\"https:\/\/activeshop.com.pl\/media\/wysiwyg\/product\/147193\/EN_147193_3.jpg\"><\/p>\n<h2><strong>Tempo de trabalho ajust\u00e1vel \u00e0s necessidades individuais<\/strong><\/h2>\n<p>A l\u00e2mpada est\u00e1 equipada com um temporizador com tr\u00eas tempos de funcionamento pr\u00e9-programados: 30 s, 60 s e 120 s (o chamado \u00abModo de Calor Reduzido\u00bb), que s\u00e3o apresentados num visor digital n\u00edtido. Um sensor de movimento integrado ativa automaticamente a l\u00e2mpada quando os dedos das m\u00e3os ou dos p\u00e9s s\u00e3o colocados por baixo, com um tempo de exposi\u00e7\u00e3o m\u00e1ximo de 120 segundos. Esta fun\u00e7\u00e3o funciona quando n\u00e3o est\u00e1 selecionado nenhum modo e o visor mostra o tempo de secagem decorrido. Isto permite uma escolha livre do tempo de secagem em fun\u00e7\u00e3o do penteado que est\u00e1 a ser criado. Al\u00e9m disso, ao selecionar o modo de baixa temperatura, a l\u00e2mpada aquece mais lentamente durante a secagem, aumentando gradualmente a sua pot\u00eancia. Isto evita a sensa\u00e7\u00e3o de queimadura ou de calor durante a exposi\u00e7\u00e3o. Trata-se de uma carater\u00edstica insubstitu\u00edvel, especialmente durante a secagem de g\u00e9is, que muitas vezes causa desconforto quando se utilizam outras l\u00e2mpadas dispon\u00edveis no mercado.<\/p>\n<p><img decoding=\"async\" src=\"https:\/\/activeshop.com.pl\/media\/wysiwyg\/product\/147193\/EN_147193_4.jpg\"><\/p>\n<h2><strong>Aspeto minimalista e funcionalidade<\/strong><\/h2>\n<p>As fun\u00e7\u00f5es meticulosamente selecionadas, o acabamento mate e os tons pretos cl\u00e1ssicos da caixa fazem do candeeiro um elemento elegante e extremamente pr\u00e1tico do equipamento da sala de estar. As suas dimens\u00f5es c\u00f3modas permitem que a m\u00e3o ou o p\u00e9 sejam posicionados livremente sob o candeeiro durante o procedimento. Isto garante uma secagem eficaz e uniforme do penteado e reduz o risco de alergias. A sua base facilmente amov\u00edvel facilita extraordinariamente a coloca\u00e7\u00e3o do p\u00e9 por baixo para tratamentos de pedicura ou podologia. Esta op\u00e7\u00e3o tamb\u00e9m funciona muito bem para limpar ou desinfetar o aparelho.<\/p>\n<p><img decoding=\"async\" src=\"https:\/\/activeshop.com.pl\/media\/wysiwyg\/product\/147193\/EN_147193_5.jpg\"><\/p>\n<div class=\"video-container\"> <iframe height=\"315\" src=\"https:\/\/www.youtube.com\/embed\/-wxdDuULyBY\" frameborder=\"0\" width=\"560\" allowfullscreen allow=\"accelerometer; autoplay; encrypted-media; gyroscope; picture-in-picture\"> <\/iframe> <\/div>\n<p>Ler atentamente as instru\u00e7\u00f5es antes de utilizar.<br \/><strong>Inclui:<\/strong> l\u00e2mpada, fonte de alimenta\u00e7\u00e3o, manual.<\/p>\n<p><strong>Dados:<\/strong><br \/>Temporizador: 30 s, 60 s, 120 s<br \/>Tempo m\u00e1ximo de tratamento: 120 s<br \/>Sensor de movimento: Sim<br \/>Tens\u00e3o de entrada: 100-240 V<br \/>Pot\u00eancia: 84 W<br \/>N\u00famero de LEDs: 42<br \/>Comprimento de onda da luz: 365 nm, 405 nm<br \/>Vida \u00fatil: 50.000 horas<br \/>Dimens\u00f5es: 23,5 \u00d7 21,5 \u00d7 12,5 cm<br \/>Cor da caixa: preto<br \/>Garantia: 12 meses<\/p>\n<p>Os produtos da Activeshop s\u00e3o proporcionalmente mais baratos do que os de muitas outras marcas\/fornecedores. O pre\u00e7o est\u00e1 em rela\u00e7\u00e3o com a qualidade. A L\u00e2mpada Ocho Nails 8 Black 84 W Led Uv \u00e9, portanto, uma solu\u00e7\u00e3o econ\u00f3mica para o seu sal\u00e3o.<\/p>\n<h2>Como \u00e9 entregue a l\u00e2mpada Uv de 84 W Eight Nails 8 Black Led?<\/h2>\n<p>L\u00e1mpara Uv Led Ocho Nails 8 Negra De 84 W \u00e9 entregue na(s) embalagem(ns) original(ais). Dentro de Espanha, o envio de L\u00e1mpara Uv Led Ocho Nails 8 Negra De 84 W \u00e9 totalmente gratuito para encomendas superiores a 100,- Euro. Para envios para outros pa\u00edses, aplicam-se taxas de envio separadas. Pode verificar estas taxas connosco ou v\u00ea-las no carrinho de compras. Ocho Nails 8 Preto 84 W Led Uv Lamp \u00e9 enviado atrav\u00e9s de um servi\u00e7o de correio externo.<\/p>\n<p>As encomendas ou paletes s\u00e3o entregues, por norma, at\u00e9 \u00e0 soleira da porta da frente, mesmo que se encontre num edif\u00edcio coletivo, num edif\u00edcio de apartamentos ou num complexo de apartamentos com elevador (desde que o artigo caiba no elevador). N\u00e3o h\u00e1 elevador dispon\u00edvel ou o artigo n\u00e3o cabe no elevador? Ent\u00e3o entregamos at\u00e9 \u00e0 soleira do r\u00e9s do ch\u00e3o.<\/p>\n<p>Se ainda tem d\u00favidas sobre a entrega ou uma situa\u00e7\u00e3o especial, contacte-nos e teremos todo o gosto em ajud\u00e1-lo!<\/p>\n<p>*Os artigos n\u00e3o s\u00e3o desempacotados ou montados como padr\u00e3o. Em situa\u00e7\u00f5es especiais, pode contactar-nos para combinarmos as condi\u00e7\u00f5es.<\/p>\n<h2>Compras online seguras na Salon For All com o selo de qualidade Webwinkelkeur e encripta\u00e7\u00e3o SSL.<\/h2>\n<p>\u00c9 importante para n\u00f3s que os nossos clientes possam fazer compras com seguran\u00e7a na nossa loja online. Estamos afiliados ao selo de qualidade nacional Webwinkelkeur desde 2019. A nossa identidade foi verificada e verificada por eles, e a loja online foi verificada e legalmente aprovada. Al\u00e9m disso, a nossa loja online est\u00e1 afiliada a eles para media\u00e7\u00e3o de conflitos. Pode ver o crach\u00e1 com todas as informa\u00e7\u00f5es deste selo de qualidade da loja online no lado esquerdo ou direito da loja online (bot\u00e3o rosa com branco). Al\u00e9m disso, o nosso s\u00edtio est\u00e1 protegido por um certificado SSL para que possa navegar em seguran\u00e7a connosco. Na barra do seu navegador de Internet, onde aparece o nosso s\u00edtio Web, ver\u00e1 um \u00edcone de cadeado. Se clicar no cadeado, obter\u00e1 todas as informa\u00e7\u00f5es sobre a nossa seguran\u00e7a. Desta forma, sabe que a sua encomenda de Ocho Nails 8 Black 84 W Led Uv Lamp 8 Black e os seus dados pessoais s\u00e3o processados de forma segura.<\/p>\n<h2>Como posso pagar a l\u00e2mpada Ocho Nails 8 Black 84 W Led Uv?<\/h2>\n<p>Queremos tornar as coisas o mais f\u00e1ceis poss\u00edvel para si. \u00c9 por isso que na Salon For All pode pagar com todos os m\u00e9todos de pagamento populares. Pagar antecipadamente, na entrega ou depois - tudo \u00e9 poss\u00edvel. Veja aqui todos os m\u00e9todos de pagamento que oferecemos:<\/p>\n<ul>\n<li>iDEAL<\/li>\n<li>Cart\u00e3o de cr\u00e9dito (Visa, Mastercard, American Express)<\/li>\n<li>Klarna - Pagamento na entrega com fatura<\/li>\n<li>PayPal<\/li>\n<li>Apple Pay<\/li>\n<li>Google Pay<\/li>\n<li>Bizum (para clientes espanh\u00f3is)<\/li>\n<li>Transfer\u00eancia banc\u00e1ria SEPA<\/li>\n<li>Contacto com o banco<\/li>\n<li>Fatura comercial para empresas<\/li>\n<li>Pagamento na sala de exposi\u00e7\u00f5es - Cart\u00e3o e dinheiro (apenas dispon\u00edvel \u00e0 cobran\u00e7a)<\/li>\n<\/ul>\n<h2>Veja tamb\u00e9m as opini\u00f5es de Salon For All<\/h2>\n<p>Por favor, verifique tamb\u00e9m as nossas opini\u00f5es para ter em conta as experi\u00eancias dos nossos clientes actuais na sua decis\u00e3o de encomendar Eight Nails 8 Black 84 W Led Uv Lamp 84 W connosco. Atrav\u00e9s do nosso selo de qualidade independente da loja online Webwinkelkeur, s\u00e3o recolhidas automaticamente as opini\u00f5es verificadas dos clientes que efectuaram uma encomenda connosco. Pode encontr\u00e1-las atr\u00e1s do bot\u00e3o rosa na nossa loja online ou listadas por baixo dos produtos.<\/p>\n<p>Por favor, partilhe tamb\u00e9m a sua experi\u00eancia depois de fazer compras com a sua encomenda e a sua experi\u00eancia com o processo de compra ou com o contacto com a Salon For All Salon For All para inspirar outros!<\/p>\n<h2>Contactar o Salon For All<\/h2>\n<p>Contacte-nos ent\u00e3o. Teremos todo o gosto em ajud\u00e1-lo na sua compra de 84 W Led Ocho Nails 8 Black Uv Lamp. Durante a semana, estamos dispon\u00edveis entre as 8h30 e as 17h00, atrav\u00e9s do n\u00famero de telefone e do endere\u00e7o de correio eletr\u00f3nico indicados na parte superior da loja online ou atrav\u00e9s da fun\u00e7\u00e3o de chat. Os pedidos de informa\u00e7\u00e3o fora do hor\u00e1rio de expediente s\u00e3o normalmente respondidos no prazo de 24 horas. Tamb\u00e9m \u00e9 poss\u00edvel visitar-nos fora dos dias \u00fateis ou do hor\u00e1rio de expediente. No entanto, \u00e9 necess\u00e1rio efetuar uma marca\u00e7\u00e3o pr\u00e9via.<\/p>\n<h2>Gostaria de visitar a nossa sala de exposi\u00e7\u00f5es?<\/h2>\n<p>Prefere ver a Ocho Nails 8 Black 84 W Led Uv Lamp ou consultar a nossa oferta de loja (online) juntamente com o nosso colega? Ent\u00e3o visite o nosso showroom com mais de 1000m\u00b2 de equipamento para sal\u00f5es de beleza e deixe-se inspirar pelos nossos colaboradores. Al\u00e9m disso, se gosta de nos conhecer agradavelmente durante uma ch\u00e1vena de caf\u00e9 ou ch\u00e1, \u00e9 muito bem-vindo. N\u00e3o temos todos os produtos em stock, por isso, por favor, avise-nos com anteced\u00eancia que gostaria de vir. Marque sempre uma visita com anteced\u00eancia.<\/p>\n<h2>14 dias de reflex\u00e3o e a nossa pol\u00edtica de devolu\u00e7\u00e3o<\/h2>\n<p>\u00c9 claro que pode acontecer que a L\u00e2mpada LED Uv 84 W Ocho Nails 8 Black entregue n\u00e3o seja totalmente do seu agrado e queira devolv\u00ea-la. Isso n\u00e3o \u00e9 problema para a Salon For All. Deve notificar a sua devolu\u00e7\u00e3o no prazo de 14 dias \u00fateis atrav\u00e9s de info@salonforall.es. Receber\u00e1 ent\u00e3o primeiro todas as instru\u00e7\u00f5es e condi\u00e7\u00f5es de devolu\u00e7\u00e3o. Tenha em aten\u00e7\u00e3o que a l\u00e2mpada Eight Nails 8 Black 84 W Led Uv n\u00e3o deve ter sido utilizada, deve conter todas as pe\u00e7as fornecidas e deve ser devolvida na embalagem original. Os custos de transporte para uma devolu\u00e7\u00e3o s\u00e3o sempre a cargo do comprador nas compras efectuadas atrav\u00e9s de www.salonforall.es. Deve ser o pr\u00f3prio comprador a organizar o transporte com uma empresa de transportes \u00e0 sua escolha para uma devolu\u00e7\u00e3o. Ap\u00f3s a devolu\u00e7\u00e3o da l\u00e2mpada 84W Eight Nails 8 Black Led Uv, ser\u00e1 verificada a sua integridade e eventuais danos. Uma vez aprovada a devolu\u00e7\u00e3o, o montante da compra ser\u00e1 reembolsado no prazo de 5 dias \u00fateis para a conta banc\u00e1ria que temos registada.<\/p>\n<h2>Quem \u00e9 o Salon For All?<\/h2>\n<p>A Salon For All \u00e9 o grossista de todo o equipamento para sal\u00f5es de beleza na Europa. A Salon For All come\u00e7ou em 2003 com o nome Salonvoordeel e cresceu a partir da pr\u00e1tica. Os propriet\u00e1rios da Salon For All eram cabeleireiros experientes e especialistas em beleza e t\u00eam, em conjunto, mais de 30 anos de experi\u00eancia pr\u00e1tica. Em 2003, lan\u00e7\u00e1mos o Salonvoordeel.nl (Pa\u00edses Baixos) e, posteriormente, o Salon For All foi fundado para o mercado europeu. Alguns dos nossos funcion\u00e1rios come\u00e7aram o seu pr\u00f3prio neg\u00f3cio e assim nasceu a ideia de lan\u00e7ar uma loja online funcional para cabeleireiros e para os ajudar com o seu equipamento de sal\u00e3o.<\/p>\n<p>O nosso showroom est\u00e1 situado em Dinxperlo, diretamente na fronteira entre os Pa\u00edses Baixos e a Alemanha. Com a nossa vasta experi\u00eancia no sector, podemos servir de espelho e fornecer-lhe os conselhos certos - falamos a mesma l\u00edngua! Aconselhamos, inspiramos, motivamos e ajudamos na compra de Ocho Nails 8 Black 84 W Led Uv Lamp. Os nossos fornecedores est\u00e3o localizados em toda a Europa, desde a Alemanha, Inglaterra, It\u00e1lia at\u00e9 \u00e0 Pol\u00f3nia.<\/p>","protected":false},"excerpt":{"rendered":"<p>O produto Ocho Nails 8 Black 84 W Led Uv Lamp \u00e9 uma solu\u00e7\u00e3o de alta qualidade para qualquer sal\u00e3o de beleza. O prazo de entrega estimado \u00e9 de aproximadamente 6 dias \u00fateis.<\/p>","protected":false},"featured_media":12456,"comment_status":"open","ping_status":"open","template":"","meta":[],"product_brand":[1418],"product_cat":[2240,621],"product_tag":[2241,623],"class_list":{"0":"post-12455","1":"product","2":"type-product","3":"status-publish","4":"has-post-thumbnail","6":"product_brand-ocho-nails","7":"product_cat-lamparas-led-y-uv-para-unas","8":"product_cat-unas","9":"product_tag-lamparas-led-y-uv-para-unas","10":"product_tag-unas","11":"pa_codigo-ean-7759","12":"pa_garantia-12-meses","13":"pa_marca-ocho-nails","14":"pa_numero-de-articulo-5051","15":"pa_tiempo-estimado-de-entrega-4-5-dias-laborables","17":"first","18":"instock","19":"sale","20":"taxable","21":"shipping-taxable","22":"purchasable","23":"product-type-simple"},"yoast_head":"<!-- This site is optimized with the Yoast SEO plugin v27.6 - https:\/\/yoast.com\/product\/yoast-seo-wordpress\/ -->\n<title>L\u00e1mpara Uv Led Ocho Nails 8 Negra De 84 W comprar<\/title>\n<meta name=\"description\" content=\"Compra L\u00e1mpara Uv Led Ocho Nails 8 Negra De 84 W online o en el showroom en Salon For ALL Espa\u00f1a. El mayorista para salones, consultas y spas en Espa\u00f1a y Portugal.\" \/>\n<meta name=\"robots\" content=\"index, follow, max-snippet:-1, max-image-preview:large, max-video-preview:-1\" \/>\n<link rel=\"canonical\" href=\"https:\/\/salonforall.es\/pt\/lampada-uv-led-eight-nails-8-preto-84-watts-uv-led\/\" \/>\n<meta property=\"og:locale\" content=\"pt_PT\" \/>\n<meta property=\"og:type\" content=\"article\" \/>\n<meta property=\"og:title\" content=\"L\u00e1mpara Uv Led Ocho Nails 8 Negra De 84 W\" \/>\n<meta property=\"og:description\" content=\"Compra L\u00e1mpara Uv Led Ocho Nails 8 Negra De 84 W online o en el showroom en Salon For ALL Espa\u00f1a. El mayorista para salones, consultas y spas en Espa\u00f1a y Portugal.\" \/>\n<meta property=\"og:url\" content=\"https:\/\/salonforall.es\/pt\/lampada-uv-led-eight-nails-8-preto-84-watts-uv-led\/\" \/>\n<meta property=\"og:site_name\" content=\"Salon For ALL Espa\u00f1a\" \/>\n<meta property=\"article:modified_time\" content=\"2026-03-24T16:08:34+00:00\" \/>\n<meta property=\"og:image\" content=\"https:\/\/salonforall.es\/wp-content\/uploads\/2025\/12\/Lampara-Uv-Led-Ocho-Nails-8-Negra-De-84-W.jpg\" \/>\n\t<meta property=\"og:image:width\" content=\"1200\" \/>\n\t<meta property=\"og:image:height\" content=\"1200\" \/>\n\t<meta property=\"og:image:type\" content=\"image\/jpeg\" \/>\n<meta name=\"twitter:card\" content=\"summary_large_image\" \/>\n<meta name=\"twitter:title\" content=\"L\u00e1mpara Uv Led Ocho Nails 8 Negra De 84 W\" \/>\n<meta name=\"twitter:label1\" content=\"Tempo estimado de leitura\" \/>\n\t<meta name=\"twitter:data1\" content=\"9 minutos\" \/>\n<script type=\"application\/ld+json\" class=\"yoast-schema-graph\">{\"@context\":\"https:\\\/\\\/schema.org\",\"@graph\":[{\"@type\":\"WebPage\",\"@id\":\"https:\\\/\\\/salonforall.es\\\/lampara-uv-led-ocho-nails-8-negra-de-84-w\\\/\",\"url\":\"https:\\\/\\\/salonforall.es\\\/lampara-uv-led-ocho-nails-8-negra-de-84-w\\\/\",\"name\":\"L\u00e1mpara Uv Led Ocho Nails 8 Negra De 84 W comprar\",\"isPartOf\":{\"@id\":\"https:\\\/\\\/salonforall.es\\\/#website\"},\"primaryImageOfPage\":{\"@id\":\"https:\\\/\\\/salonforall.es\\\/lampara-uv-led-ocho-nails-8-negra-de-84-w\\\/#primaryimage\"},\"image\":{\"@id\":\"https:\\\/\\\/salonforall.es\\\/lampara-uv-led-ocho-nails-8-negra-de-84-w\\\/#primaryimage\"},\"thumbnailUrl\":\"https:\\\/\\\/salonforall.es\\\/wp-content\\\/uploads\\\/2025\\\/12\\\/Lampara-Uv-Led-Ocho-Nails-8-Negra-De-84-W.jpg\",\"datePublished\":\"2025-12-02T12:49:09+00:00\",\"dateModified\":\"2026-03-24T16:08:34+00:00\",\"description\":\"Compra L\u00e1mpara Uv Led Ocho Nails 8 Negra De 84 W online o en el showroom en Salon For ALL Espa\u00f1a. El mayorista para salones, consultas y spas en Espa\u00f1a y Portugal.\",\"breadcrumb\":{\"@id\":\"https:\\\/\\\/salonforall.es\\\/lampara-uv-led-ocho-nails-8-negra-de-84-w\\\/#breadcrumb\"},\"inLanguage\":\"pt-PT\",\"potentialAction\":[{\"@type\":\"ReadAction\",\"target\":[\"https:\\\/\\\/salonforall.es\\\/lampara-uv-led-ocho-nails-8-negra-de-84-w\\\/\"]}]},{\"@type\":\"ImageObject\",\"inLanguage\":\"pt-PT\",\"@id\":\"https:\\\/\\\/salonforall.es\\\/lampara-uv-led-ocho-nails-8-negra-de-84-w\\\/#primaryimage\",\"url\":\"https:\\\/\\\/salonforall.es\\\/wp-content\\\/uploads\\\/2025\\\/12\\\/Lampara-Uv-Led-Ocho-Nails-8-Negra-De-84-W.jpg\",\"contentUrl\":\"https:\\\/\\\/salonforall.es\\\/wp-content\\\/uploads\\\/2025\\\/12\\\/Lampara-Uv-Led-Ocho-Nails-8-Negra-De-84-W.jpg\",\"width\":1200,\"height\":1200,\"caption\":\"L\u00e1mpara Uv Led Ocho Nails 8 Negra De 84 W\"},{\"@type\":\"BreadcrumbList\",\"@id\":\"https:\\\/\\\/salonforall.es\\\/lampara-uv-led-ocho-nails-8-negra-de-84-w\\\/#breadcrumb\",\"itemListElement\":[{\"@type\":\"ListItem\",\"position\":1,\"name\":\"Home\",\"item\":\"https:\\\/\\\/salonforall.es\\\/\"},{\"@type\":\"ListItem\",\"position\":2,\"name\":\"Winkel\",\"item\":\"https:\\\/\\\/salonforall.es\\\/winkel\\\/\"},{\"@type\":\"ListItem\",\"position\":3,\"name\":\"L\u00e1mpara Uv Led Ocho Nails 8 Negra De 84 W\"}]},{\"@type\":\"WebSite\",\"@id\":\"https:\\\/\\\/salonforall.es\\\/#website\",\"url\":\"https:\\\/\\\/salonforall.es\\\/\",\"name\":\"Salon For ALL Espa\u00f1a\",\"description\":\"Mayorista de mobiliario y suministros para consultorios y salones\",\"publisher\":{\"@id\":\"https:\\\/\\\/salonforall.es\\\/#organization\"},\"potentialAction\":[{\"@type\":\"SearchAction\",\"target\":{\"@type\":\"EntryPoint\",\"urlTemplate\":\"https:\\\/\\\/salonforall.es\\\/?s={search_term_string}\"},\"query-input\":{\"@type\":\"PropertyValueSpecification\",\"valueRequired\":true,\"valueName\":\"search_term_string\"}}],\"inLanguage\":\"pt-PT\"},{\"@type\":\"Organization\",\"@id\":\"https:\\\/\\\/salonforall.es\\\/#organization\",\"name\":\"Salon For All B.V. Espa\u00f1a\",\"alternateName\":\"Salon For All B.V. Espa\u00f1a - Mayorista de equipamiento para consultas, salones y suministros\",\"url\":\"https:\\\/\\\/salonforall.es\\\/\",\"logo\":{\"@type\":\"ImageObject\",\"inLanguage\":\"pt-PT\",\"@id\":\"https:\\\/\\\/salonforall.es\\\/#\\\/schema\\\/logo\\\/image\\\/\",\"url\":\"https:\\\/\\\/salonforall.es\\\/wp-content\\\/uploads\\\/2025\\\/11\\\/logo-salon-for-all-e1764543185849.png\",\"contentUrl\":\"https:\\\/\\\/salonforall.es\\\/wp-content\\\/uploads\\\/2025\\\/11\\\/logo-salon-for-all-e1764543185849.png\",\"width\":500,\"height\":150,\"caption\":\"Salon For All B.V. Espa\u00f1a\"},\"image\":{\"@id\":\"https:\\\/\\\/salonforall.es\\\/#\\\/schema\\\/logo\\\/image\\\/\"}}]}<\/script>\n<!-- \/ Yoast SEO plugin. -->","yoast_head_json":{"title":"Ocho Nails 8 Preto 84 W L\u00e2mpada Led Uv Preto comprar","description":"Compre a l\u00e2mpada Ocho Nails 8 Black 84 W Led Uv online ou no showroom da Salon For ALL Spain. O grossista para sal\u00f5es, consult\u00f3rios e spas em Espanha e Portugal.","robots":{"index":"index","follow":"follow","max-snippet":"max-snippet:-1","max-image-preview":"max-image-preview:large","max-video-preview":"max-video-preview:-1"},"canonical":"https:\/\/salonforall.es\/pt\/lampada-uv-led-eight-nails-8-preto-84-watts-uv-led\/","og_locale":"pt_PT","og_type":"article","og_title":"L\u00e1mpara Uv Led Ocho Nails 8 Negra De 84 W","og_description":"Compra L\u00e1mpara Uv Led Ocho Nails 8 Negra De 84 W online o en el showroom en Salon For ALL Espa\u00f1a. El mayorista para salones, consultas y spas en Espa\u00f1a y Portugal.","og_url":"https:\/\/salonforall.es\/pt\/lampada-uv-led-eight-nails-8-preto-84-watts-uv-led\/","og_site_name":"Salon For ALL Espa\u00f1a","article_modified_time":"2026-03-24T16:08:34+00:00","og_image":[{"width":1200,"height":1200,"url":"https:\/\/salonforall.es\/wp-content\/uploads\/2025\/12\/Lampara-Uv-Led-Ocho-Nails-8-Negra-De-84-W.jpg","type":"image\/jpeg"}],"twitter_card":"summary_large_image","twitter_title":"L\u00e1mpara Uv Led Ocho Nails 8 Negra De 84 W","twitter_misc":{"Tempo estimado de leitura":"9 minutos"},"schema":{"@context":"https:\/\/schema.org","@graph":[{"@type":"WebPage","@id":"https:\/\/salonforall.es\/lampara-uv-led-ocho-nails-8-negra-de-84-w\/","url":"https:\/\/salonforall.es\/lampara-uv-led-ocho-nails-8-negra-de-84-w\/","name":"Ocho Nails 8 Preto 84 W L\u00e2mpada Led Uv Preto comprar","isPartOf":{"@id":"https:\/\/salonforall.es\/#website"},"primaryImageOfPage":{"@id":"https:\/\/salonforall.es\/lampara-uv-led-ocho-nails-8-negra-de-84-w\/#primaryimage"},"image":{"@id":"https:\/\/salonforall.es\/lampara-uv-led-ocho-nails-8-negra-de-84-w\/#primaryimage"},"thumbnailUrl":"https:\/\/salonforall.es\/wp-content\/uploads\/2025\/12\/Lampara-Uv-Led-Ocho-Nails-8-Negra-De-84-W.jpg","datePublished":"2025-12-02T12:49:09+00:00","dateModified":"2026-03-24T16:08:34+00:00","description":"Compre a l\u00e2mpada Ocho Nails 8 Black 84 W Led Uv online ou no showroom da Salon For ALL Spain. O grossista para sal\u00f5es, consult\u00f3rios e spas em Espanha e Portugal.","breadcrumb":{"@id":"https:\/\/salonforall.es\/lampara-uv-led-ocho-nails-8-negra-de-84-w\/#breadcrumb"},"inLanguage":"pt-PT","potentialAction":[{"@type":"ReadAction","target":["https:\/\/salonforall.es\/lampara-uv-led-ocho-nails-8-negra-de-84-w\/"]}]},{"@type":"ImageObject","inLanguage":"pt-PT","@id":"https:\/\/salonforall.es\/lampara-uv-led-ocho-nails-8-negra-de-84-w\/#primaryimage","url":"https:\/\/salonforall.es\/wp-content\/uploads\/2025\/12\/Lampara-Uv-Led-Ocho-Nails-8-Negra-De-84-W.jpg","contentUrl":"https:\/\/salonforall.es\/wp-content\/uploads\/2025\/12\/Lampara-Uv-Led-Ocho-Nails-8-Negra-De-84-W.jpg","width":1200,"height":1200,"caption":"L\u00e1mpara Uv Led Ocho Nails 8 Negra De 84 W"},{"@type":"BreadcrumbList","@id":"https:\/\/salonforall.es\/lampara-uv-led-ocho-nails-8-negra-de-84-w\/#breadcrumb","itemListElement":[{"@type":"ListItem","position":1,"name":"Home","item":"https:\/\/salonforall.es\/"},{"@type":"ListItem","position":2,"name":"Winkel","item":"https:\/\/salonforall.es\/winkel\/"},{"@type":"ListItem","position":3,"name":"L\u00e1mpara Uv Led Ocho Nails 8 Negra De 84 W"}]},{"@type":"WebSite","@id":"https:\/\/salonforall.es\/#website","url":"https:\/\/salonforall.es\/","name":"Sal\u00e3o de beleza para toda a Espanha","description":"Grossista de mobili\u00e1rio e material para sal\u00f5es de beleza e consult\u00f3rios","publisher":{"@id":"https:\/\/salonforall.es\/#organization"},"potentialAction":[{"@type":"SearchAction","target":{"@type":"EntryPoint","urlTemplate":"https:\/\/salonforall.es\/?s={search_term_string}"},"query-input":{"@type":"PropertyValueSpecification","valueRequired":true,"valueName":"search_term_string"}}],"inLanguage":"pt-PT"},{"@type":"Organization","@id":"https:\/\/salonforall.es\/#organization","name":"Salon For All B.V. Espanha","alternateName":"Salon For All B.V. Espa\u00f1a - Mayorista de equipamiento para consultas, salones y suministros","url":"https:\/\/salonforall.es\/","logo":{"@type":"ImageObject","inLanguage":"pt-PT","@id":"https:\/\/salonforall.es\/#\/schema\/logo\/image\/","url":"https:\/\/salonforall.es\/wp-content\/uploads\/2025\/11\/logo-salon-for-all-e1764543185849.png","contentUrl":"https:\/\/salonforall.es\/wp-content\/uploads\/2025\/11\/logo-salon-for-all-e1764543185849.png","width":500,"height":150,"caption":"Salon For All B.V. Espa\u00f1a"},"image":{"@id":"https:\/\/salonforall.es\/#\/schema\/logo\/image\/"}}]}},"_links":{"self":[{"href":"https:\/\/salonforall.es\/pt\/wp-json\/wp\/v2\/product\/12455","targetHints":{"allow":["GET"]}}],"collection":[{"href":"https:\/\/salonforall.es\/pt\/wp-json\/wp\/v2\/product"}],"about":[{"href":"https:\/\/salonforall.es\/pt\/wp-json\/wp\/v2\/types\/product"}],"replies":[{"embeddable":true,"href":"https:\/\/salonforall.es\/pt\/wp-json\/wp\/v2\/comments?post=12455"}],"wp:featuredmedia":[{"embeddable":true,"href":"https:\/\/salonforall.es\/pt\/wp-json\/wp\/v2\/media\/12456"}],"wp:attachment":[{"href":"https:\/\/salonforall.es\/pt\/wp-json\/wp\/v2\/media?parent=12455"}],"wp:term":[{"taxonomy":"product_brand","embeddable":true,"href":"https:\/\/salonforall.es\/pt\/wp-json\/wp\/v2\/product_brand?post=12455"},{"taxonomy":"product_cat","embeddable":true,"href":"https:\/\/salonforall.es\/pt\/wp-json\/wp\/v2\/product_cat?post=12455"},{"taxonomy":"product_tag","embeddable":true,"href":"https:\/\/salonforall.es\/pt\/wp-json\/wp\/v2\/product_tag?post=12455"}],"curies":[{"name":"wp","href":"https:\/\/api.w.org\/{rel}","templated":true}]}}