{"id":12407,"date":"2025-12-02T13:49:09","date_gmt":"2025-12-02T12:49:09","guid":{"rendered":"https:\/\/salonforall.es\/product\/ocho-nails-top-brillante-112-5-g\/"},"modified":"2026-03-24T17:08:22","modified_gmt":"2026-03-24T16:08:22","slug":"eight-nails-glossy-top-112-5-g","status":"publish","type":"product","link":"https:\/\/salonforall.es\/pt\/ocho-nails-top-brillante-112-5-g\/","title":{"rendered":"Ocho Nails Top Brilhante 112 -5 G"},"content":{"rendered":"<h2>Informa\u00e7\u00e3o sobre Ocho Nails Top Glossy 112 -5 G com o n\u00famero de artigo 147517<\/h2>\n<p><strong>OCHO NAILS<\/strong> \u00e9 uma marca \u00fanica especializada em produtos profissionais para estilistas de unhas. A sua gama inclui vernizes h\u00edbridos, g\u00e9is, l\u00e2mpadas especializadas e acess\u00f3rios para o cuidado das unhas. Os produtos <strong>OCHO NAILS<\/strong> satisfazem as necessidades tanto dos utilizadores experientes como dos principiantes em manicura.<\/p>\n<p><img decoding=\"async\" src=\"https:\/\/activeshop.com.pl\/media\/wysiwyg\/product\/ocho_topcoats\/banner-ocho-nails-tops-1.jpg\"><\/p>\n<h2><strong>Esmaltes h\u00edbridos: uma forma est\u00e9tica e duradoura de decorar as suas unhas<\/strong><\/h2>\n<p><strong>A manicura h\u00edbrida<\/strong> \u00e9 atualmente um dos m\u00e9todos mais populares para modelar as unhas, uma vez que proporciona uma <strong>grande solidez da cor e resist\u00eancia \u00e0 descama\u00e7\u00e3o<\/strong>. Entre as vantagens dos esmaltes h\u00edbridos, \u00e9 de salientar <strong>vasta gama de cores dispon\u00edvel<\/strong> e a facilidade com que se podem fazer decora\u00e7\u00f5es sofisticadas ou refor\u00e7ar a placa ungueal. Os vernizes h\u00edbridos OCHO NAILS caracterizam-se pela sua <strong>densidade adequada, pigmenta\u00e7\u00e3o intensa e f\u00e1cil aplica\u00e7\u00e3o<\/strong>. Com eles, obter\u00e1 uma manicura bonita com um brilho intenso que dura at\u00e9 tr\u00eas semanas.<\/p>\n<p><img decoding=\"async\" src=\"https:\/\/activeshop.com.pl\/media\/wysiwyg\/product\/ocho_topcoats\/features-ocho-nails-top-glossy.jpg\"><\/p>\n<h2><strong>Manicure brilhante e deslumbrante com excelente durabilidade<\/strong><\/h2>\n<p>Gra\u00e7as \u00e0 sua camada de dispers\u00e3o pegajosa, <strong>OITO UNHAS GLOSSY TOP<\/strong> \u00e9 ideal para decora\u00e7\u00f5es com todos os tipos de purpurinas em p\u00f3. D\u00e1-lhes uma <strong>maior ader\u00eancia<\/strong>, que lhe permite criar desenhos \u00fanicos nas suas unhas. <strong>O produto protege o penteado<\/strong> de factores externos e torna-o <strong>mais resistente<\/strong> amarelecimento, riscos e lascas. A sua f\u00f3rmula cuidadosamente preparada garante a durabilidade e a satura\u00e7\u00e3o da cor. O acabamento \u00e9 muito vers\u00e1til e adapta-se bem a diferentes tipos de manicura: h\u00edbrida, gel e acr\u00edlica.<\/p>\n<div class=\"video-container\"> <iframe height=\"315\" src=\"https:\/\/www.youtube.com\/embed\/La3t0wfI-EM\" frameborder=\"0\" width=\"560\" allowfullscreen allow=\"accelerometer; autoplay; encrypted-media; gyroscope; picture-in-picture\"> <\/iframe> <\/div>\n<h2><strong>Como fazer corretamente uma manicura h\u00edbrida?<\/strong><\/h2>\n<p>1) Antes de iniciar o procedimento, desinfetar cuidadosamente as m\u00e3os e as m\u00e3os do cliente com um l\u00edquido antiss\u00e9tico e preparar o local de trabalho.<br \/>2. Utilizar uma lima de gradua\u00e7\u00e3o adequada para dar \u00e0s unhas a forma desejada, lixar suavemente a placa com um bloco de polimento e, se necess\u00e1rio, preparar as cut\u00edculas.<br \/>3. Enxaguar a placa ungueal com um disco de algod\u00e3o embebido em produto de limpeza. Pode tamb\u00e9m utilizar uma pr\u00e9-base.<br \/>4. Aplicar uma camada fina de camada de base h\u00edbrida e secar durante 30 segundos numa l\u00e2mpada LED ou 2 minutos numa l\u00e2mpada UV.<br \/>5. Espalhe o verniz h\u00edbrido da cor selecionada sobre a base endurecida e seque-o durante 30 segundos numa l\u00e2mpada LED ou 2 minutos numa l\u00e2mpada UV. Pode repetir o processo para obter uma cor mais intensa.<br \/>6. Em seguida, aplique uma camada fina de acabamento e seque-a durante 30 segundos numa l\u00e2mpada LED ou 2 minutos numa l\u00e2mpada UV. Dependendo do tipo de revestimento, pode ser necess\u00e1rio lav\u00e1-lo com um produto de limpeza.<br \/>7. Recomendamos a aplica\u00e7\u00e3o de \u00f3leo nutritivo nas cut\u00edculas \u00e0 volta das unhas para um melhor cuidado.<\/p>\n<p>Os produtos da Activeshop s\u00e3o proporcionalmente mais baratos do que os de muitas outras marcas\/fornecedores. O pre\u00e7o est\u00e1 em rela\u00e7\u00e3o com a qualidade. Ocho Nails Top Gloss 112 -5 G \u00e9, portanto, uma solu\u00e7\u00e3o econ\u00f3mica para o seu sal\u00e3o.<\/p>\n<h2>Como \u00e9 entregue o Ocho Nails Top Glossy 112 -5 G?<\/h2>\n<p>Ocho Nails Top Brillante 112 -5 G \u00e9 entregue na(s) embalagem(ns) original(ais). Em Espanha, o envio de Ocho Nails Top Brillante 112 -5 G \u00e9 totalmente gratuito para encomendas superiores a 100,- Euro. Para envios para outros pa\u00edses, aplicam-se taxas de envio separadas. Pode verificar estas taxas connosco ou v\u00ea-las no carrinho de compras. O envio do Ocho Nails Top Brillante 112 -5 G \u00e9 efectuado atrav\u00e9s de um servi\u00e7o de correio externo.<\/p>\n<p>As encomendas ou paletes s\u00e3o entregues, por norma, at\u00e9 \u00e0 soleira da porta da frente, mesmo que se encontre num edif\u00edcio coletivo, num edif\u00edcio de apartamentos ou num complexo de apartamentos com elevador (desde que o artigo caiba no elevador). N\u00e3o h\u00e1 elevador dispon\u00edvel ou o artigo n\u00e3o cabe no elevador? Ent\u00e3o entregamos at\u00e9 \u00e0 soleira do r\u00e9s do ch\u00e3o.<\/p>\n<p>Se ainda tem d\u00favidas sobre a entrega ou uma situa\u00e7\u00e3o especial, contacte-nos e teremos todo o gosto em ajud\u00e1-lo!<\/p>\n<p>*Os artigos n\u00e3o s\u00e3o desempacotados ou montados como padr\u00e3o. Em situa\u00e7\u00f5es especiais, pode contactar-nos para combinarmos as condi\u00e7\u00f5es.<\/p>\n<h2>Compras online seguras na Salon For All com o selo de qualidade Webwinkelkeur e encripta\u00e7\u00e3o SSL.<\/h2>\n<p>\u00c9 importante para n\u00f3s que os nossos clientes possam fazer compras com seguran\u00e7a na nossa loja online. Estamos afiliados ao selo de qualidade nacional Webwinkelkeur desde 2019. A nossa identidade foi verificada e verificada por eles, e a loja online foi verificada e legalmente aprovada. Al\u00e9m disso, a nossa loja online \u00e9 afiliada a eles para media\u00e7\u00e3o de conflitos. Pode ver o log\u00f3tipo com todas as informa\u00e7\u00f5es deste selo de qualidade da loja online no lado esquerdo ou direito da loja online (bot\u00e3o rosa com branco). Al\u00e9m disso, o nosso s\u00edtio est\u00e1 protegido com um certificado SSL para que possa navegar em seguran\u00e7a connosco. Na barra do seu navegador de Internet, onde aparece o nosso s\u00edtio Web, ver\u00e1 um \u00edcone de cadeado. Se clicar no cadeado, obter\u00e1 todas as informa\u00e7\u00f5es sobre a nossa seguran\u00e7a. Desta forma, sabe que a sua encomenda Ocho Nails Top Brillante 112 -5 G e os seus dados pessoais s\u00e3o processados de forma segura.<\/p>\n<h2>Como posso pagar as Ocho Nails Top Glossy 112 -5 G?<\/h2>\n<p>Queremos tornar as coisas o mais f\u00e1ceis poss\u00edvel para si. \u00c9 por isso que na Salon For All pode pagar com todos os m\u00e9todos de pagamento populares. Pagar antecipadamente, na entrega ou depois - tudo \u00e9 poss\u00edvel. Veja aqui todos os m\u00e9todos de pagamento que oferecemos:<\/p>\n<ul>\n<li>iDEAL<\/li>\n<li>Cart\u00e3o de cr\u00e9dito (Visa, Mastercard, American Express)<\/li>\n<li>Klarna - Pagamento na entrega com fatura<\/li>\n<li>PayPal<\/li>\n<li>Apple Pay<\/li>\n<li>Google Pay<\/li>\n<li>Bizum (para clientes espanh\u00f3is)<\/li>\n<li>Transfer\u00eancia banc\u00e1ria SEPA<\/li>\n<li>Contacto com o banco<\/li>\n<li>Fatura comercial para empresas<\/li>\n<li>Pagamento na sala de exposi\u00e7\u00f5es - Cart\u00e3o e dinheiro (apenas dispon\u00edvel \u00e0 cobran\u00e7a)<\/li>\n<\/ul>\n<h2>Veja tamb\u00e9m as opini\u00f5es de Salon For All<\/h2>\n<p>Por favor, verifique tamb\u00e9m as nossas opini\u00f5es para ter em conta as experi\u00eancias dos nossos clientes actuais na sua decis\u00e3o de encomendar Ocho Nails Top Brillante 112 -5 G connosco. Atrav\u00e9s do nosso selo de qualidade independente da loja online Webwinkelkeur, s\u00e3o recolhidas automaticamente as opini\u00f5es verificadas dos clientes que efectuaram uma encomenda connosco. Pode encontr\u00e1-las atr\u00e1s do bot\u00e3o rosa na nossa loja online ou listadas por baixo dos produtos.<\/p>\n<p>Partilhe tamb\u00e9m a sua experi\u00eancia ap\u00f3s fazer uma compra com a sua encomenda Ocho Nails Top Glossy 112 -5 G e com o seu processo de compra ou de contactar a Salon For All para se inspirar nos outros!<\/p>\n<h2>Contactar o Salon For All<\/h2>\n<p>Ent\u00e3o, por favor, contacte-nos. Teremos todo o gosto em ajud\u00e1-lo com a sua compra de Ocho Nails Top Brillante 112 -5 G. Nos dias \u00fateis, estamos dispon\u00edveis entre as 8h30 e as 17h00, atrav\u00e9s do n\u00famero de telefone e do endere\u00e7o de correio eletr\u00f3nico indicados no topo da loja online ou atrav\u00e9s da fun\u00e7\u00e3o de chat. Os pedidos de informa\u00e7\u00e3o fora do hor\u00e1rio de expediente s\u00e3o normalmente respondidos no prazo de 24 horas. Tamb\u00e9m \u00e9 poss\u00edvel visitar-nos fora dos dias \u00fateis ou do hor\u00e1rio de expediente. No entanto, \u00e9 necess\u00e1rio efetuar uma marca\u00e7\u00e3o pr\u00e9via.<\/p>\n<h2>Gostaria de visitar a nossa sala de exposi\u00e7\u00f5es?<\/h2>\n<p>Prefere ver o Ocho Nails Top Glossy 112 -5 G ou consultar a nossa oferta de loja (online) juntamente com um colega? Ent\u00e3o visite o nosso showroom com mais de 1000m\u00b2 de equipamento de sal\u00e3o e deixe-se inspirar pela nossa equipa. Se tamb\u00e9m gosta de nos conhecer agradavelmente durante uma ch\u00e1vena de caf\u00e9 ou ch\u00e1, \u00e9 muito bem-vindo. N\u00e3o temos todos os produtos em stock, por isso, por favor, avise-nos com anteced\u00eancia que gostaria de vir. Marque sempre uma visita com anteced\u00eancia.<\/p>\n<h2>14 dias de reflex\u00e3o e a nossa pol\u00edtica de devolu\u00e7\u00e3o<\/h2>\n<p>\u00c9 claro que pode acontecer que o Ocho Nails Top Brillante 112 -5 G entregue n\u00e3o seja totalmente do seu agrado e queira devolv\u00ea-lo. Na Salon For All isso n\u00e3o \u00e9 problema. Deve notificar a sua devolu\u00e7\u00e3o no prazo de 14 dias \u00fateis atrav\u00e9s de info@salonforall.es. Receber\u00e1 ent\u00e3o primeiro todas as instru\u00e7\u00f5es e condi\u00e7\u00f5es de devolu\u00e7\u00e3o. Tenha em aten\u00e7\u00e3o que o Ocho Nails Top Glossy 112 -5 G n\u00e3o deve ser utilizado, deve conter todas as pe\u00e7as fornecidas e deve ser devolvido na embalagem original. Os custos de transporte para uma devolu\u00e7\u00e3o s\u00e3o sempre por conta do comprador para compras via www.salonforall.es. Deve organizar o transporte com uma empresa de transporte da sua escolha para uma devolu\u00e7\u00e3o. Ap\u00f3s a devolu\u00e7\u00e3o do produto Ocho Nails Top Glossy 112 -5 G, ser\u00e1 verificada a sua integridade e eventuais danos. Uma vez aprovada a devolu\u00e7\u00e3o, o montante da compra ser\u00e1 reembolsado no prazo de 5 dias \u00fateis para a conta banc\u00e1ria que temos registada.<\/p>\n<h2>Quem \u00e9 o Salon For All?<\/h2>\n<p>A Salon For All \u00e9 o grossista de todo o equipamento para sal\u00f5es de beleza na Europa. A Salon For All come\u00e7ou em 2003 com o nome Salonvoordeel e cresceu a partir da pr\u00e1tica. Os propriet\u00e1rios da Salon For All eram cabeleireiros experientes e especialistas em beleza e t\u00eam, em conjunto, mais de 30 anos de experi\u00eancia pr\u00e1tica. Em 2003, lan\u00e7\u00e1mos o Salonvoordeel.nl (Pa\u00edses Baixos) e, posteriormente, o Salon For All foi fundado para o mercado europeu. Alguns dos nossos funcion\u00e1rios come\u00e7aram o seu pr\u00f3prio neg\u00f3cio e assim nasceu a ideia de lan\u00e7ar uma loja online funcional para cabeleireiros e para os ajudar com o seu equipamento de sal\u00e3o.<\/p>\n<p>O nosso showroom est\u00e1 situado em Dinxperlo, diretamente na fronteira entre os Pa\u00edses Baixos e a Alemanha. Com os nossos muitos anos de experi\u00eancia na ind\u00fastria, podemos atuar como um espelho para si e fornecer-lhe os conselhos certos - falamos a mesma l\u00edngua! Aconselhamos, inspiramos, motivamos e apoiamos na compra de Ocho Nails Top Brillante 112 -5 G. Os nossos fornecedores est\u00e3o localizados em toda a Europa, desde a Alemanha, Inglaterra, It\u00e1lia at\u00e9 \u00e0 Pol\u00f3nia.<\/p>","protected":false},"excerpt":{"rendered":"<p>O produto Ocho Nails Top Gloss 112 -5 G \u00e9 uma solu\u00e7\u00e3o de alta qualidade para qualquer sal\u00e3o de beleza. O prazo de entrega estimado \u00e9 de aproximadamente 6 dias \u00fateis.<\/p>","protected":false},"featured_media":12408,"comment_status":"open","ping_status":"open","template":"","meta":[],"product_brand":[1418],"product_cat":[4998,4843],"product_tag":[3649,4845],"class_list":{"0":"post-12407","1":"product","2":"type-product","3":"status-publish","4":"has-post-thumbnail","6":"product_brand-ocho-nails","7":"product_cat-bases-y-tops-hibridos-manicura-hibrida-ocho-nails","8":"product_cat-manicura-hibrida-ocho-nails","9":"product_tag-bases-y-tops-hibridos","10":"product_tag-manicura-hibrida-ocho-nails","11":"pa_codigo-ean-7759","12":"pa_garantia-12-meses","13":"pa_marca-ocho-nails","14":"pa_numero-de-articulo-5027","15":"pa_tiempo-estimado-de-entrega-4-5-dias-laborables","17":"first","18":"outofstock","19":"sale","20":"taxable","21":"shipping-taxable","22":"purchasable","23":"product-type-simple"},"yoast_head":"<!-- This site is optimized with the Yoast SEO plugin v27.4 - https:\/\/yoast.com\/product\/yoast-seo-wordpress\/ -->\n<title>Ocho Nails Top Brillante 112 -5 G comprar<\/title>\n<meta name=\"description\" content=\"Compra Ocho Nails Top Brillante 112 -5 G online o en el showroom en Salon For ALL Espa\u00f1a. El mayorista para salones, consultas y spas en Espa\u00f1a y Portugal.\" \/>\n<meta name=\"robots\" content=\"index, follow, max-snippet:-1, max-image-preview:large, max-video-preview:-1\" \/>\n<link rel=\"canonical\" href=\"https:\/\/salonforall.es\/pt\/eight-nails-glossy-top-112-5-g\/\" \/>\n<meta property=\"og:locale\" content=\"pt_PT\" \/>\n<meta property=\"og:type\" content=\"article\" \/>\n<meta property=\"og:title\" content=\"Ocho Nails Top Brillante 112 -5 G\" \/>\n<meta property=\"og:description\" content=\"Compra Ocho Nails Top Brillante 112 -5 G online o en el showroom en Salon For ALL Espa\u00f1a. El mayorista para salones, consultas y spas en Espa\u00f1a y Portugal.\" \/>\n<meta property=\"og:url\" content=\"https:\/\/salonforall.es\/pt\/eight-nails-glossy-top-112-5-g\/\" \/>\n<meta property=\"og:site_name\" content=\"Salon For ALL Espa\u00f1a\" \/>\n<meta property=\"article:modified_time\" content=\"2026-03-24T16:08:22+00:00\" \/>\n<meta property=\"og:image\" content=\"https:\/\/salonforall.es\/wp-content\/uploads\/2025\/12\/Ocho-Nails-Top-Brillante-112-5-G.jpg\" \/>\n\t<meta property=\"og:image:width\" content=\"1200\" \/>\n\t<meta property=\"og:image:height\" content=\"1200\" \/>\n\t<meta property=\"og:image:type\" content=\"image\/jpeg\" \/>\n<meta name=\"twitter:card\" content=\"summary_large_image\" \/>\n<meta name=\"twitter:title\" content=\"Ocho Nails Top Brillante 112 -5 G\" \/>\n<meta name=\"twitter:label1\" content=\"Tempo estimado de leitura\" \/>\n\t<meta name=\"twitter:data1\" content=\"9 minutos\" \/>\n<script type=\"application\/ld+json\" class=\"yoast-schema-graph\">{\"@context\":\"https:\\\/\\\/schema.org\",\"@graph\":[{\"@type\":\"WebPage\",\"@id\":\"https:\\\/\\\/salonforall.es\\\/ocho-nails-top-brillante-112-5-g\\\/\",\"url\":\"https:\\\/\\\/salonforall.es\\\/ocho-nails-top-brillante-112-5-g\\\/\",\"name\":\"Ocho Nails Top Brillante 112 -5 G comprar\",\"isPartOf\":{\"@id\":\"https:\\\/\\\/salonforall.es\\\/#website\"},\"primaryImageOfPage\":{\"@id\":\"https:\\\/\\\/salonforall.es\\\/ocho-nails-top-brillante-112-5-g\\\/#primaryimage\"},\"image\":{\"@id\":\"https:\\\/\\\/salonforall.es\\\/ocho-nails-top-brillante-112-5-g\\\/#primaryimage\"},\"thumbnailUrl\":\"https:\\\/\\\/salonforall.es\\\/wp-content\\\/uploads\\\/2025\\\/12\\\/Ocho-Nails-Top-Brillante-112-5-G.jpg\",\"datePublished\":\"2025-12-02T12:49:09+00:00\",\"dateModified\":\"2026-03-24T16:08:22+00:00\",\"description\":\"Compra Ocho Nails Top Brillante 112 -5 G online o en el showroom en Salon For ALL Espa\u00f1a. El mayorista para salones, consultas y spas en Espa\u00f1a y Portugal.\",\"breadcrumb\":{\"@id\":\"https:\\\/\\\/salonforall.es\\\/ocho-nails-top-brillante-112-5-g\\\/#breadcrumb\"},\"inLanguage\":\"pt-PT\",\"potentialAction\":[{\"@type\":\"ReadAction\",\"target\":[\"https:\\\/\\\/salonforall.es\\\/ocho-nails-top-brillante-112-5-g\\\/\"]}]},{\"@type\":\"ImageObject\",\"inLanguage\":\"pt-PT\",\"@id\":\"https:\\\/\\\/salonforall.es\\\/ocho-nails-top-brillante-112-5-g\\\/#primaryimage\",\"url\":\"https:\\\/\\\/salonforall.es\\\/wp-content\\\/uploads\\\/2025\\\/12\\\/Ocho-Nails-Top-Brillante-112-5-G.jpg\",\"contentUrl\":\"https:\\\/\\\/salonforall.es\\\/wp-content\\\/uploads\\\/2025\\\/12\\\/Ocho-Nails-Top-Brillante-112-5-G.jpg\",\"width\":1200,\"height\":1200,\"caption\":\"Ocho Nails Top Brillante 112 -5 G\"},{\"@type\":\"BreadcrumbList\",\"@id\":\"https:\\\/\\\/salonforall.es\\\/ocho-nails-top-brillante-112-5-g\\\/#breadcrumb\",\"itemListElement\":[{\"@type\":\"ListItem\",\"position\":1,\"name\":\"Home\",\"item\":\"https:\\\/\\\/salonforall.es\\\/\"},{\"@type\":\"ListItem\",\"position\":2,\"name\":\"Winkel\",\"item\":\"https:\\\/\\\/salonforall.es\\\/winkel\\\/\"},{\"@type\":\"ListItem\",\"position\":3,\"name\":\"Ocho Nails Top Brillante 112 -5 G\"}]},{\"@type\":\"WebSite\",\"@id\":\"https:\\\/\\\/salonforall.es\\\/#website\",\"url\":\"https:\\\/\\\/salonforall.es\\\/\",\"name\":\"Salon For ALL Espa\u00f1a\",\"description\":\"Mayorista de mobiliario y suministros para consultorios y salones\",\"publisher\":{\"@id\":\"https:\\\/\\\/salonforall.es\\\/#organization\"},\"potentialAction\":[{\"@type\":\"SearchAction\",\"target\":{\"@type\":\"EntryPoint\",\"urlTemplate\":\"https:\\\/\\\/salonforall.es\\\/?s={search_term_string}\"},\"query-input\":{\"@type\":\"PropertyValueSpecification\",\"valueRequired\":true,\"valueName\":\"search_term_string\"}}],\"inLanguage\":\"pt-PT\"},{\"@type\":\"Organization\",\"@id\":\"https:\\\/\\\/salonforall.es\\\/#organization\",\"name\":\"Salon For All B.V. Espa\u00f1a\",\"alternateName\":\"Salon For All B.V. Espa\u00f1a - Mayorista de equipamiento para consultas, salones y suministros\",\"url\":\"https:\\\/\\\/salonforall.es\\\/\",\"logo\":{\"@type\":\"ImageObject\",\"inLanguage\":\"pt-PT\",\"@id\":\"https:\\\/\\\/salonforall.es\\\/#\\\/schema\\\/logo\\\/image\\\/\",\"url\":\"https:\\\/\\\/salonforall.es\\\/wp-content\\\/uploads\\\/2025\\\/11\\\/logo-salon-for-all-e1764543185849.png\",\"contentUrl\":\"https:\\\/\\\/salonforall.es\\\/wp-content\\\/uploads\\\/2025\\\/11\\\/logo-salon-for-all-e1764543185849.png\",\"width\":500,\"height\":150,\"caption\":\"Salon For All B.V. Espa\u00f1a\"},\"image\":{\"@id\":\"https:\\\/\\\/salonforall.es\\\/#\\\/schema\\\/logo\\\/image\\\/\"}}]}<\/script>\n<!-- \/ Yoast SEO plugin. -->","yoast_head_json":{"title":"Ocho Nails Top Glossy 112 -5 G comprar","description":"Compre Ocho Nails Top Glossy 112 -5 G online ou no showroom da Salon For ALL Espanha. O grossista para sal\u00f5es, consult\u00f3rios e spas em Espanha e Portugal.","robots":{"index":"index","follow":"follow","max-snippet":"max-snippet:-1","max-image-preview":"max-image-preview:large","max-video-preview":"max-video-preview:-1"},"canonical":"https:\/\/salonforall.es\/pt\/eight-nails-glossy-top-112-5-g\/","og_locale":"pt_PT","og_type":"article","og_title":"Ocho Nails Top Brillante 112 -5 G","og_description":"Compra Ocho Nails Top Brillante 112 -5 G online o en el showroom en Salon For ALL Espa\u00f1a. El mayorista para salones, consultas y spas en Espa\u00f1a y Portugal.","og_url":"https:\/\/salonforall.es\/pt\/eight-nails-glossy-top-112-5-g\/","og_site_name":"Salon For ALL Espa\u00f1a","article_modified_time":"2026-03-24T16:08:22+00:00","og_image":[{"width":1200,"height":1200,"url":"https:\/\/salonforall.es\/wp-content\/uploads\/2025\/12\/Ocho-Nails-Top-Brillante-112-5-G.jpg","type":"image\/jpeg"}],"twitter_card":"summary_large_image","twitter_title":"Ocho Nails Top Brillante 112 -5 G","twitter_misc":{"Tempo estimado de leitura":"9 minutos"},"schema":{"@context":"https:\/\/schema.org","@graph":[{"@type":"WebPage","@id":"https:\/\/salonforall.es\/ocho-nails-top-brillante-112-5-g\/","url":"https:\/\/salonforall.es\/ocho-nails-top-brillante-112-5-g\/","name":"Ocho Nails Top Glossy 112 -5 G comprar","isPartOf":{"@id":"https:\/\/salonforall.es\/#website"},"primaryImageOfPage":{"@id":"https:\/\/salonforall.es\/ocho-nails-top-brillante-112-5-g\/#primaryimage"},"image":{"@id":"https:\/\/salonforall.es\/ocho-nails-top-brillante-112-5-g\/#primaryimage"},"thumbnailUrl":"https:\/\/salonforall.es\/wp-content\/uploads\/2025\/12\/Ocho-Nails-Top-Brillante-112-5-G.jpg","datePublished":"2025-12-02T12:49:09+00:00","dateModified":"2026-03-24T16:08:22+00:00","description":"Compre Ocho Nails Top Glossy 112 -5 G online ou no showroom da Salon For ALL Espanha. O grossista para sal\u00f5es, consult\u00f3rios e spas em Espanha e Portugal.","breadcrumb":{"@id":"https:\/\/salonforall.es\/ocho-nails-top-brillante-112-5-g\/#breadcrumb"},"inLanguage":"pt-PT","potentialAction":[{"@type":"ReadAction","target":["https:\/\/salonforall.es\/ocho-nails-top-brillante-112-5-g\/"]}]},{"@type":"ImageObject","inLanguage":"pt-PT","@id":"https:\/\/salonforall.es\/ocho-nails-top-brillante-112-5-g\/#primaryimage","url":"https:\/\/salonforall.es\/wp-content\/uploads\/2025\/12\/Ocho-Nails-Top-Brillante-112-5-G.jpg","contentUrl":"https:\/\/salonforall.es\/wp-content\/uploads\/2025\/12\/Ocho-Nails-Top-Brillante-112-5-G.jpg","width":1200,"height":1200,"caption":"Ocho Nails Top Brillante 112 -5 G"},{"@type":"BreadcrumbList","@id":"https:\/\/salonforall.es\/ocho-nails-top-brillante-112-5-g\/#breadcrumb","itemListElement":[{"@type":"ListItem","position":1,"name":"Home","item":"https:\/\/salonforall.es\/"},{"@type":"ListItem","position":2,"name":"Winkel","item":"https:\/\/salonforall.es\/winkel\/"},{"@type":"ListItem","position":3,"name":"Ocho Nails Top Brillante 112 -5 G"}]},{"@type":"WebSite","@id":"https:\/\/salonforall.es\/#website","url":"https:\/\/salonforall.es\/","name":"Sal\u00e3o de beleza para toda a Espanha","description":"Grossista de mobili\u00e1rio e material para sal\u00f5es de beleza e consult\u00f3rios","publisher":{"@id":"https:\/\/salonforall.es\/#organization"},"potentialAction":[{"@type":"SearchAction","target":{"@type":"EntryPoint","urlTemplate":"https:\/\/salonforall.es\/?s={search_term_string}"},"query-input":{"@type":"PropertyValueSpecification","valueRequired":true,"valueName":"search_term_string"}}],"inLanguage":"pt-PT"},{"@type":"Organization","@id":"https:\/\/salonforall.es\/#organization","name":"Salon For All B.V. Espanha","alternateName":"Salon For All B.V. Espa\u00f1a - Mayorista de equipamiento para consultas, salones y suministros","url":"https:\/\/salonforall.es\/","logo":{"@type":"ImageObject","inLanguage":"pt-PT","@id":"https:\/\/salonforall.es\/#\/schema\/logo\/image\/","url":"https:\/\/salonforall.es\/wp-content\/uploads\/2025\/11\/logo-salon-for-all-e1764543185849.png","contentUrl":"https:\/\/salonforall.es\/wp-content\/uploads\/2025\/11\/logo-salon-for-all-e1764543185849.png","width":500,"height":150,"caption":"Salon For All B.V. Espa\u00f1a"},"image":{"@id":"https:\/\/salonforall.es\/#\/schema\/logo\/image\/"}}]}},"_links":{"self":[{"href":"https:\/\/salonforall.es\/pt\/wp-json\/wp\/v2\/product\/12407","targetHints":{"allow":["GET"]}}],"collection":[{"href":"https:\/\/salonforall.es\/pt\/wp-json\/wp\/v2\/product"}],"about":[{"href":"https:\/\/salonforall.es\/pt\/wp-json\/wp\/v2\/types\/product"}],"replies":[{"embeddable":true,"href":"https:\/\/salonforall.es\/pt\/wp-json\/wp\/v2\/comments?post=12407"}],"wp:featuredmedia":[{"embeddable":true,"href":"https:\/\/salonforall.es\/pt\/wp-json\/wp\/v2\/media\/12408"}],"wp:attachment":[{"href":"https:\/\/salonforall.es\/pt\/wp-json\/wp\/v2\/media?parent=12407"}],"wp:term":[{"taxonomy":"product_brand","embeddable":true,"href":"https:\/\/salonforall.es\/pt\/wp-json\/wp\/v2\/product_brand?post=12407"},{"taxonomy":"product_cat","embeddable":true,"href":"https:\/\/salonforall.es\/pt\/wp-json\/wp\/v2\/product_cat?post=12407"},{"taxonomy":"product_tag","embeddable":true,"href":"https:\/\/salonforall.es\/pt\/wp-json\/wp\/v2\/product_tag?post=12407"}],"curies":[{"name":"wp","href":"https:\/\/api.w.org\/{rel}","templated":true}]}}