{"id":10446,"date":"2025-12-02T13:21:41","date_gmt":"2025-12-02T12:21:41","guid":{"rendered":"https:\/\/salonforall.es\/product\/el-cartel-cartuchos-de-tatuaje-0-35-5-soft-edge-magnum-lt-10-uds\/"},"modified":"2026-03-24T17:01:01","modified_gmt":"2026-03-24T16:01:01","slug":"el-cartel-tattoo-cartridges-0-35-5-soft-edge-magnum-lt-10-pcs","status":"publish","type":"product","link":"https:\/\/salonforall.es\/pt\/el-cartel-cartuchos-de-tatuaje-0-35-5-soft-edge-magnum-lt-10-uds\/","title":{"rendered":"The Cartel Tattoo Cartridges 0.35 5 Soft Edge Magnum Lt 10 PCs."},"content":{"rendered":"<h2>Informa\u00e7\u00f5es sobre El Cartel Tattoo Cartridges 0.35 5 Soft Edge Magnum Lt 10 pcs. com o n\u00famero de artigo 144036<\/h2>\n<p>EL CARTEL foi fundada para fornecer agulhas de alta qualidade aos tatuadores mais exigentes. A QUALIDADE \u00c9 IMPORTANTE. Gra\u00e7as \u00e0s novas tecnologias, aos materiais de alta qualidade e a um rigoroso controlo de qualidade, EL CARTEL criou cartuchos de tatuagem de \u00faltima gera\u00e7\u00e3o. SEGURAN\u00c7A EM PRIMEIRO LUGAR: Por raz\u00f5es de seguran\u00e7a e higiene, EL CARTEL utiliza membranas el\u00e1sticas e dur\u00e1veis nos cartuchos para evitar que a tinta ou o sangue entrem na m\u00e1quina. A nova forma do tubo permite armazenar mais tinta, o que aumenta a efic\u00e1cia. Gra\u00e7as aos materiais de alta qualidade, as nossas agulhas garantem uma inje\u00e7\u00e3o de tinta suave e mant\u00eam-se afiadas durante longas sess\u00f5es de tatuagem. Todos os cartuchos s\u00e3o est\u00e9reis e t\u00eam um prazo de validade de at\u00e9 5 anos. S\u00e3o compat\u00edveis com qualquer m\u00e1quina com pega.<\/p>\n<p>Os produtos da Activeshop s\u00e3o proporcionalmente mais baratos do que os de muitas outras marcas\/fornecedores. O pre\u00e7o est\u00e1 em rela\u00e7\u00e3o com a qualidade. Os cartuchos Tattoo Cartel 0.35 5 Soft Edge Magnum Lt 10 pcs. s\u00e3o, portanto, uma solu\u00e7\u00e3o econ\u00f3mica para o seu sal\u00e3o.<\/p>\n<h2>Como \u00e9 que os cartuchos The Cartel Tattoo 0.35 5 Soft Edge Magnum Lt 10 pcs. s\u00e3o entregues?<\/h2>\n<p>O Cartel Cartuchos De Tatuaje 0.35 5 Soft Edge Magnum Lt 10 PCs. \u00e9 entregue na(s) embalagem(ns) original(ais). Em Espanha, o envio de El Cartel Cartuchos De Tatuaje 0.35 5 Soft Edge Magnum Lt 10 PCs. \u00e9 totalmente gratuito para encomendas superiores a 100,- Euro. Para envios para outros pa\u00edses, aplicam-se taxas de envio separadas. Pode verificar estas taxas connosco ou v\u00ea-las no carrinho de compras. O Cartel Tattoo Cartridges 0.35 5 Soft Edge Magnum Lt 10 pcs. \u00e9 enviado atrav\u00e9s de um servi\u00e7o de correio externo.<\/p>\n<p>As encomendas ou paletes s\u00e3o entregues, por norma, at\u00e9 \u00e0 soleira da porta da frente, mesmo que se encontre num edif\u00edcio coletivo, num edif\u00edcio de apartamentos ou num complexo de apartamentos com elevador (desde que o artigo caiba no elevador). N\u00e3o h\u00e1 elevador dispon\u00edvel ou o artigo n\u00e3o cabe no elevador? Ent\u00e3o entregamos at\u00e9 \u00e0 soleira do r\u00e9s do ch\u00e3o.<\/p>\n<p>Se ainda tem d\u00favidas sobre a entrega ou uma situa\u00e7\u00e3o especial, contacte-nos e teremos todo o gosto em ajud\u00e1-lo!<\/p>\n<p>*Os artigos n\u00e3o s\u00e3o desempacotados ou montados como padr\u00e3o. Em situa\u00e7\u00f5es especiais, pode contactar-nos para combinarmos as condi\u00e7\u00f5es.<\/p>\n<h2>Compras online seguras na Salon For All com o selo de qualidade Webwinkelkeur e encripta\u00e7\u00e3o SSL.<\/h2>\n<p>\u00c9 importante para n\u00f3s que os nossos clientes possam fazer compras com seguran\u00e7a na nossa loja online. Estamos afiliados ao selo de qualidade nacional Webwinkelkeur desde 2019. A nossa identidade foi verificada e verificada por eles, e a loja online foi verificada e legalmente aprovada. Al\u00e9m disso, a nossa loja online \u00e9 afiliada a eles para media\u00e7\u00e3o de conflitos. Pode ver o log\u00f3tipo com todas as informa\u00e7\u00f5es deste selo de qualidade da loja online no lado esquerdo ou direito da loja online (bot\u00e3o rosa com branco). Al\u00e9m disso, o nosso s\u00edtio est\u00e1 protegido com um certificado SSL para que possa navegar em seguran\u00e7a connosco. Na barra do seu navegador de Internet, onde aparece o nosso s\u00edtio Web, ver\u00e1 um \u00edcone de cadeado. Se clicar no cadeado, obter\u00e1 todas as informa\u00e7\u00f5es sobre a nossa seguran\u00e7a. Desta forma, tem a certeza de que a sua encomenda de El Cartel Cartuchos De Tatuaje 0.35 5 Soft Edge Magnum Lt 10 PCs e os seus dados pessoais s\u00e3o processados de forma segura.<\/p>\n<h2>Como posso pagar o cartucho de tatuagem Cartel 0.35 5 Soft Edge Magnum Lt 10 pcs?<\/h2>\n<p>Queremos tornar as coisas o mais f\u00e1ceis poss\u00edvel para si. \u00c9 por isso que na Salon For All pode pagar com todos os m\u00e9todos de pagamento populares. Pagar antecipadamente, na entrega ou depois - tudo \u00e9 poss\u00edvel. Veja aqui todos os m\u00e9todos de pagamento que oferecemos:<\/p>\n<ul>\n<li>iDEAL<\/li>\n<li>Cart\u00e3o de cr\u00e9dito (Visa, Mastercard, American Express)<\/li>\n<li>Klarna - Pagamento na entrega com fatura<\/li>\n<li>PayPal<\/li>\n<li>Apple Pay<\/li>\n<li>Google Pay<\/li>\n<li>Bizum (para clientes espanh\u00f3is)<\/li>\n<li>Transfer\u00eancia banc\u00e1ria SEPA<\/li>\n<li>Contacto com o banco<\/li>\n<li>Fatura comercial para empresas<\/li>\n<li>Pagamento na sala de exposi\u00e7\u00f5es - Cart\u00e3o e dinheiro (apenas dispon\u00edvel \u00e0 cobran\u00e7a)<\/li>\n<\/ul>\n<h2>Veja tamb\u00e9m as opini\u00f5es de Salon For All<\/h2>\n<p>Por favor, consulte tamb\u00e9m as nossas opini\u00f5es para ter em conta as experi\u00eancias dos nossos clientes existentes na sua decis\u00e3o de encomendar The Cartel Tattoo Cartridges 0.35 5 Soft Edge Magnum Lt 10 pcs connosco. Atrav\u00e9s do nosso selo de qualidade independente da loja online Webwinkelkeur, s\u00e3o recolhidas automaticamente as opini\u00f5es verificadas dos clientes que efectuaram uma encomenda connosco. Pode encontr\u00e1-las atr\u00e1s do bot\u00e3o cor-de-rosa na nossa loja online ou est\u00e3o listadas por baixo dos produtos.<\/p>\n<p>Partilhe tamb\u00e9m a sua experi\u00eancia ap\u00f3s comprar o seu The Cartel Tattoo Cartridges 0.35 5 Soft Edge Magnum Lt 10 pcs. e a sua experi\u00eancia com o processo de compra ou com o contacto da Salon For All de modo a inspirar outras pessoas!<\/p>\n<h2>Contactar o Salon For All<\/h2>\n<p>Contacte-nos ent\u00e3o. Teremos todo o gosto em ajud\u00e1-lo com a sua compra de The Cartel Tattoo Cartridges 0.35 5 Soft Edge Magnum Lt 10 pcs. Nos dias \u00fateis, estamos dispon\u00edveis entre as 8h30 e as 17h00, atrav\u00e9s do n\u00famero de telefone e do endere\u00e7o de correio eletr\u00f3nico indicados no topo da loja online ou atrav\u00e9s da fun\u00e7\u00e3o de chat. Os pedidos de informa\u00e7\u00e3o fora do hor\u00e1rio de expediente s\u00e3o normalmente respondidos no prazo de 24 horas. Tamb\u00e9m \u00e9 poss\u00edvel visitar-nos fora dos dias \u00fateis ou do hor\u00e1rio de expediente. No entanto, \u00e9 necess\u00e1rio efetuar uma marca\u00e7\u00e3o pr\u00e9via.<\/p>\n<h2>Gostaria de visitar a nossa sala de exposi\u00e7\u00f5es?<\/h2>\n<p>Quer dar uma olhadela na El Cartel Tattoo Cartridges 0.35 5 Soft Edge Magnum Lt 10 pcs. ou ver a nossa oferta de loja (online) juntamente com o nosso colega? Ent\u00e3o visite o nosso showroom com mais de 1000m\u00b2 de equipamento para sal\u00f5es de beleza e deixe-se inspirar pelos nossos colaboradores. Al\u00e9m disso, se gosta de nos conhecer agradavelmente durante uma ch\u00e1vena de caf\u00e9 ou ch\u00e1, \u00e9 muito bem-vindo. N\u00e3o temos todos os produtos em stock, por isso, por favor, avise-nos com anteced\u00eancia que gostaria de vir. Marque sempre uma visita com anteced\u00eancia.<\/p>\n<h2>14 dias de reflex\u00e3o e a nossa pol\u00edtica de devolu\u00e7\u00e3o<\/h2>\n<p>\u00c9 claro que pode acontecer que o cartucho de tatuagem 0.35 5 Soft Edge Magnum Lt 10 pcs. entregue n\u00e3o seja totalmente do seu agrado e queira devolv\u00ea-lo. No Salon For All, isso n\u00e3o \u00e9 problema. Deve notificar a sua devolu\u00e7\u00e3o no prazo de 14 dias \u00fateis atrav\u00e9s de info@salonforall.es. Receber\u00e1 ent\u00e3o primeiro todas as instru\u00e7\u00f5es e condi\u00e7\u00f5es de devolu\u00e7\u00e3o. Os cartuchos Cartel Tattoo 0.35 5 Soft Edge Magnum Lt 10 pcs. n\u00e3o devem ser utilizados, devem conter todas as pe\u00e7as fornecidas e devem ser devolvidos na embalagem original. Os custos de envio para uma devolu\u00e7\u00e3o s\u00e3o sempre a cargo do comprador nas compras efectuadas atrav\u00e9s do site www.salonforall.es. Para uma devolu\u00e7\u00e3o, o comprador deve organizar o transporte com uma transportadora \u00e0 sua escolha. Uma vez devolvidos, os cartuchos The Cartel Tattoo 0.35 5 Soft Edge Magnum Lt 10 pcs. ser\u00e3o verificados quanto \u00e0 sua integridade e eventuais danos. Uma vez aprovada a devolu\u00e7\u00e3o, o montante da compra ser\u00e1 reembolsado no prazo de 5 dias \u00fateis na conta banc\u00e1ria que temos registada.<\/p>\n<h2>Quem \u00e9 o Salon For All?<\/h2>\n<p>A Salon For All \u00e9 o grossista de todo o equipamento para sal\u00f5es de beleza na Europa. A Salon For All come\u00e7ou em 2003 com o nome Salonvoordeel e cresceu a partir da pr\u00e1tica. Os propriet\u00e1rios da Salon For All eram cabeleireiros experientes e especialistas em beleza e t\u00eam, em conjunto, mais de 30 anos de experi\u00eancia pr\u00e1tica. Em 2003, lan\u00e7\u00e1mos o Salonvoordeel.nl (Pa\u00edses Baixos) e, posteriormente, o Salon For All foi fundado para o mercado europeu. Alguns dos nossos funcion\u00e1rios come\u00e7aram o seu pr\u00f3prio neg\u00f3cio e assim nasceu a ideia de lan\u00e7ar uma loja online funcional para cabeleireiros e para os ajudar com o seu equipamento de sal\u00e3o.<\/p>\n<p>O nosso showroom est\u00e1 situado em Dinxperlo, diretamente na fronteira entre os Pa\u00edses Baixos e a Alemanha. Com a nossa vasta experi\u00eancia no sector, podemos espelhar-nos e aconselh\u00e1-lo - falamos a mesma l\u00edngua! Aconselhamo-lo, inspiramo-nos, motivamo-lo e apoiamo-lo na compra de El Cartel Tattoo Cartridges 0.35 5 Soft Edge Magnum Lt 10 pcs. Os nossos fornecedores est\u00e3o localizados em toda a Europa, desde a Alemanha, Inglaterra, It\u00e1lia at\u00e9 \u00e0 Pol\u00f3nia.<\/p>","protected":false},"excerpt":{"rendered":"<p>A cartela de cartuchos de tatuagem 0.35 5 Soft Edge Magnum Lt 10 pcs. \u00e9 uma solu\u00e7\u00e3o de alta qualidade para qualquer sal\u00e3o de tatuagem. O prazo de entrega estimado \u00e9 de aproximadamente 6 dias \u00fateis.<\/p>","protected":false},"featured_media":10447,"comment_status":"open","ping_status":"open","template":"","meta":[],"product_brand":[3025],"product_cat":[3027,3026,3036],"product_tag":[3030,3029,3037],"class_list":{"0":"post-10446","1":"product","2":"type-product","3":"status-publish","4":"has-post-thumbnail","6":"product_brand-el-cartel","7":"product_cat-agujas-de-tatuaje-cartuchos","8":"product_cat-equipos-para-estudios-de-tatuaje","9":"product_cat-sem-cartucho-magnum-de-borde-suave","10":"product_tag-agujas-de-tatuaje-cartuchos","11":"product_tag-equipos-para-estudios-de-tatuaje","12":"product_tag-sem-cartucho-magnum-de-borde-suave","13":"pa_codigo-ean-7759","14":"pa_garantia-12-meses","15":"pa_marca-el-cartel","16":"pa_numero-de-articulo-4277","17":"pa_tiempo-estimado-de-entrega-4-5-dias-laborables","19":"first","20":"instock","21":"sale","22":"taxable","23":"shipping-taxable","24":"purchasable","25":"product-type-simple"},"yoast_head":"<!-- This site is optimized with the Yoast SEO plugin v27.6 - https:\/\/yoast.com\/product\/yoast-seo-wordpress\/ -->\n<title>El Cartel Cartuchos De Tatuaje 0.35 5 Soft Edge Magnum Lt 10 Uds. comprar<\/title>\n<meta name=\"description\" content=\"Compra El Cartel Cartuchos De Tatuaje 0.35 5 Soft Edge Magnum Lt 10 Uds. online o en el showroom en Salon For ALL Espa\u00f1a. El mayorista para salones, consultas y spas en Espa\u00f1a y Portugal.\" \/>\n<meta name=\"robots\" content=\"index, follow, max-snippet:-1, max-image-preview:large, max-video-preview:-1\" \/>\n<link rel=\"canonical\" href=\"https:\/\/salonforall.es\/pt\/el-cartel-tattoo-cartridges-0-35-5-soft-edge-magnum-lt-10-pcs\/\" \/>\n<meta property=\"og:locale\" content=\"pt_PT\" \/>\n<meta property=\"og:type\" content=\"article\" \/>\n<meta property=\"og:title\" content=\"El Cartel Cartuchos De Tatuaje 0.35 5 Soft Edge Magnum Lt 10 Uds.\" \/>\n<meta property=\"og:description\" content=\"Compra El Cartel Cartuchos De Tatuaje 0.35 5 Soft Edge Magnum Lt 10 Uds. online o en el showroom en Salon For ALL Espa\u00f1a. El mayorista para salones, consultas y spas en Espa\u00f1a y Portugal.\" \/>\n<meta property=\"og:url\" content=\"https:\/\/salonforall.es\/pt\/el-cartel-tattoo-cartridges-0-35-5-soft-edge-magnum-lt-10-pcs\/\" \/>\n<meta property=\"og:site_name\" content=\"Salon For ALL Espa\u00f1a\" \/>\n<meta property=\"article:modified_time\" content=\"2026-03-24T16:01:01+00:00\" \/>\n<meta property=\"og:image\" content=\"https:\/\/salonforall.es\/wp-content\/uploads\/2025\/12\/El-Cartel-Cartuchos-De-Tatuaje-0.35-5-Soft-Edge-Magnum-Lt-10-Uds.jpg\" \/>\n\t<meta property=\"og:image:width\" content=\"1200\" \/>\n\t<meta property=\"og:image:height\" content=\"1200\" \/>\n\t<meta property=\"og:image:type\" content=\"image\/jpeg\" \/>\n<meta name=\"twitter:card\" content=\"summary_large_image\" \/>\n<meta name=\"twitter:title\" content=\"El Cartel Cartuchos De Tatuaje 0.35 5 Soft Edge Magnum Lt 10 Uds.\" \/>\n<meta name=\"twitter:label1\" content=\"Tempo estimado de leitura\" \/>\n\t<meta name=\"twitter:data1\" content=\"7 minutos\" \/>\n<script type=\"application\/ld+json\" class=\"yoast-schema-graph\">{\"@context\":\"https:\\\/\\\/schema.org\",\"@graph\":[{\"@type\":\"WebPage\",\"@id\":\"https:\\\/\\\/salonforall.es\\\/el-cartel-cartuchos-de-tatuaje-0-35-5-soft-edge-magnum-lt-10-uds\\\/\",\"url\":\"https:\\\/\\\/salonforall.es\\\/el-cartel-cartuchos-de-tatuaje-0-35-5-soft-edge-magnum-lt-10-uds\\\/\",\"name\":\"El Cartel Cartuchos De Tatuaje 0.35 5 Soft Edge Magnum Lt 10 Uds. comprar\",\"isPartOf\":{\"@id\":\"https:\\\/\\\/salonforall.es\\\/#website\"},\"primaryImageOfPage\":{\"@id\":\"https:\\\/\\\/salonforall.es\\\/el-cartel-cartuchos-de-tatuaje-0-35-5-soft-edge-magnum-lt-10-uds\\\/#primaryimage\"},\"image\":{\"@id\":\"https:\\\/\\\/salonforall.es\\\/el-cartel-cartuchos-de-tatuaje-0-35-5-soft-edge-magnum-lt-10-uds\\\/#primaryimage\"},\"thumbnailUrl\":\"https:\\\/\\\/salonforall.es\\\/wp-content\\\/uploads\\\/2025\\\/12\\\/El-Cartel-Cartuchos-De-Tatuaje-0.35-5-Soft-Edge-Magnum-Lt-10-Uds.jpg\",\"datePublished\":\"2025-12-02T12:21:41+00:00\",\"dateModified\":\"2026-03-24T16:01:01+00:00\",\"description\":\"Compra El Cartel Cartuchos De Tatuaje 0.35 5 Soft Edge Magnum Lt 10 Uds. online o en el showroom en Salon For ALL Espa\u00f1a. El mayorista para salones, consultas y spas en Espa\u00f1a y Portugal.\",\"breadcrumb\":{\"@id\":\"https:\\\/\\\/salonforall.es\\\/el-cartel-cartuchos-de-tatuaje-0-35-5-soft-edge-magnum-lt-10-uds\\\/#breadcrumb\"},\"inLanguage\":\"pt-PT\",\"potentialAction\":[{\"@type\":\"ReadAction\",\"target\":[\"https:\\\/\\\/salonforall.es\\\/el-cartel-cartuchos-de-tatuaje-0-35-5-soft-edge-magnum-lt-10-uds\\\/\"]}]},{\"@type\":\"ImageObject\",\"inLanguage\":\"pt-PT\",\"@id\":\"https:\\\/\\\/salonforall.es\\\/el-cartel-cartuchos-de-tatuaje-0-35-5-soft-edge-magnum-lt-10-uds\\\/#primaryimage\",\"url\":\"https:\\\/\\\/salonforall.es\\\/wp-content\\\/uploads\\\/2025\\\/12\\\/El-Cartel-Cartuchos-De-Tatuaje-0.35-5-Soft-Edge-Magnum-Lt-10-Uds.jpg\",\"contentUrl\":\"https:\\\/\\\/salonforall.es\\\/wp-content\\\/uploads\\\/2025\\\/12\\\/El-Cartel-Cartuchos-De-Tatuaje-0.35-5-Soft-Edge-Magnum-Lt-10-Uds.jpg\",\"width\":1200,\"height\":1200,\"caption\":\"El Cartel Cartuchos De Tatuaje 0.35 5 Soft Edge Magnum Lt 10 Uds.\"},{\"@type\":\"BreadcrumbList\",\"@id\":\"https:\\\/\\\/salonforall.es\\\/el-cartel-cartuchos-de-tatuaje-0-35-5-soft-edge-magnum-lt-10-uds\\\/#breadcrumb\",\"itemListElement\":[{\"@type\":\"ListItem\",\"position\":1,\"name\":\"Home\",\"item\":\"https:\\\/\\\/salonforall.es\\\/\"},{\"@type\":\"ListItem\",\"position\":2,\"name\":\"Winkel\",\"item\":\"https:\\\/\\\/salonforall.es\\\/winkel\\\/\"},{\"@type\":\"ListItem\",\"position\":3,\"name\":\"El Cartel Cartuchos De Tatuaje 0.35 5 Soft Edge Magnum Lt 10 Uds.\"}]},{\"@type\":\"WebSite\",\"@id\":\"https:\\\/\\\/salonforall.es\\\/#website\",\"url\":\"https:\\\/\\\/salonforall.es\\\/\",\"name\":\"Salon For ALL Espa\u00f1a\",\"description\":\"Mayorista de mobiliario y suministros para consultorios y salones\",\"publisher\":{\"@id\":\"https:\\\/\\\/salonforall.es\\\/#organization\"},\"potentialAction\":[{\"@type\":\"SearchAction\",\"target\":{\"@type\":\"EntryPoint\",\"urlTemplate\":\"https:\\\/\\\/salonforall.es\\\/?s={search_term_string}\"},\"query-input\":{\"@type\":\"PropertyValueSpecification\",\"valueRequired\":true,\"valueName\":\"search_term_string\"}}],\"inLanguage\":\"pt-PT\"},{\"@type\":\"Organization\",\"@id\":\"https:\\\/\\\/salonforall.es\\\/#organization\",\"name\":\"Salon For All B.V. Espa\u00f1a\",\"alternateName\":\"Salon For All B.V. Espa\u00f1a - Mayorista de equipamiento para consultas, salones y suministros\",\"url\":\"https:\\\/\\\/salonforall.es\\\/\",\"logo\":{\"@type\":\"ImageObject\",\"inLanguage\":\"pt-PT\",\"@id\":\"https:\\\/\\\/salonforall.es\\\/#\\\/schema\\\/logo\\\/image\\\/\",\"url\":\"https:\\\/\\\/salonforall.es\\\/wp-content\\\/uploads\\\/2025\\\/11\\\/logo-salon-for-all-e1764543185849.png\",\"contentUrl\":\"https:\\\/\\\/salonforall.es\\\/wp-content\\\/uploads\\\/2025\\\/11\\\/logo-salon-for-all-e1764543185849.png\",\"width\":500,\"height\":150,\"caption\":\"Salon For All B.V. Espa\u00f1a\"},\"image\":{\"@id\":\"https:\\\/\\\/salonforall.es\\\/#\\\/schema\\\/logo\\\/image\\\/\"}}]}<\/script>\n<!-- \/ Yoast SEO plugin. -->","yoast_head_json":{"title":"The Cartel Tattoo Cartridges 0.35 5 Soft Edge Magnum Lt 10 pcs comprar","description":"Compre El Cartel Tattoo Cartridges 0.35 5 Soft Edge Magnum Lt 10 pcs. online ou no showroom da Salon For ALL Spain. O grossista para sal\u00f5es, consult\u00f3rios e spas em Espanha e Portugal.","robots":{"index":"index","follow":"follow","max-snippet":"max-snippet:-1","max-image-preview":"max-image-preview:large","max-video-preview":"max-video-preview:-1"},"canonical":"https:\/\/salonforall.es\/pt\/el-cartel-tattoo-cartridges-0-35-5-soft-edge-magnum-lt-10-pcs\/","og_locale":"pt_PT","og_type":"article","og_title":"El Cartel Cartuchos De Tatuaje 0.35 5 Soft Edge Magnum Lt 10 Uds.","og_description":"Compra El Cartel Cartuchos De Tatuaje 0.35 5 Soft Edge Magnum Lt 10 Uds. online o en el showroom en Salon For ALL Espa\u00f1a. El mayorista para salones, consultas y spas en Espa\u00f1a y Portugal.","og_url":"https:\/\/salonforall.es\/pt\/el-cartel-tattoo-cartridges-0-35-5-soft-edge-magnum-lt-10-pcs\/","og_site_name":"Salon For ALL Espa\u00f1a","article_modified_time":"2026-03-24T16:01:01+00:00","og_image":[{"width":1200,"height":1200,"url":"https:\/\/salonforall.es\/wp-content\/uploads\/2025\/12\/El-Cartel-Cartuchos-De-Tatuaje-0.35-5-Soft-Edge-Magnum-Lt-10-Uds.jpg","type":"image\/jpeg"}],"twitter_card":"summary_large_image","twitter_title":"El Cartel Cartuchos De Tatuaje 0.35 5 Soft Edge Magnum Lt 10 Uds.","twitter_misc":{"Tempo estimado de leitura":"7 minutos"},"schema":{"@context":"https:\/\/schema.org","@graph":[{"@type":"WebPage","@id":"https:\/\/salonforall.es\/el-cartel-cartuchos-de-tatuaje-0-35-5-soft-edge-magnum-lt-10-uds\/","url":"https:\/\/salonforall.es\/el-cartel-cartuchos-de-tatuaje-0-35-5-soft-edge-magnum-lt-10-uds\/","name":"The Cartel Tattoo Cartridges 0.35 5 Soft Edge Magnum Lt 10 pcs comprar","isPartOf":{"@id":"https:\/\/salonforall.es\/#website"},"primaryImageOfPage":{"@id":"https:\/\/salonforall.es\/el-cartel-cartuchos-de-tatuaje-0-35-5-soft-edge-magnum-lt-10-uds\/#primaryimage"},"image":{"@id":"https:\/\/salonforall.es\/el-cartel-cartuchos-de-tatuaje-0-35-5-soft-edge-magnum-lt-10-uds\/#primaryimage"},"thumbnailUrl":"https:\/\/salonforall.es\/wp-content\/uploads\/2025\/12\/El-Cartel-Cartuchos-De-Tatuaje-0.35-5-Soft-Edge-Magnum-Lt-10-Uds.jpg","datePublished":"2025-12-02T12:21:41+00:00","dateModified":"2026-03-24T16:01:01+00:00","description":"Compre El Cartel Tattoo Cartridges 0.35 5 Soft Edge Magnum Lt 10 pcs. online ou no showroom da Salon For ALL Spain. O grossista para sal\u00f5es, consult\u00f3rios e spas em Espanha e Portugal.","breadcrumb":{"@id":"https:\/\/salonforall.es\/el-cartel-cartuchos-de-tatuaje-0-35-5-soft-edge-magnum-lt-10-uds\/#breadcrumb"},"inLanguage":"pt-PT","potentialAction":[{"@type":"ReadAction","target":["https:\/\/salonforall.es\/el-cartel-cartuchos-de-tatuaje-0-35-5-soft-edge-magnum-lt-10-uds\/"]}]},{"@type":"ImageObject","inLanguage":"pt-PT","@id":"https:\/\/salonforall.es\/el-cartel-cartuchos-de-tatuaje-0-35-5-soft-edge-magnum-lt-10-uds\/#primaryimage","url":"https:\/\/salonforall.es\/wp-content\/uploads\/2025\/12\/El-Cartel-Cartuchos-De-Tatuaje-0.35-5-Soft-Edge-Magnum-Lt-10-Uds.jpg","contentUrl":"https:\/\/salonforall.es\/wp-content\/uploads\/2025\/12\/El-Cartel-Cartuchos-De-Tatuaje-0.35-5-Soft-Edge-Magnum-Lt-10-Uds.jpg","width":1200,"height":1200,"caption":"El Cartel Cartuchos De Tatuaje 0.35 5 Soft Edge Magnum Lt 10 Uds."},{"@type":"BreadcrumbList","@id":"https:\/\/salonforall.es\/el-cartel-cartuchos-de-tatuaje-0-35-5-soft-edge-magnum-lt-10-uds\/#breadcrumb","itemListElement":[{"@type":"ListItem","position":1,"name":"Home","item":"https:\/\/salonforall.es\/"},{"@type":"ListItem","position":2,"name":"Winkel","item":"https:\/\/salonforall.es\/winkel\/"},{"@type":"ListItem","position":3,"name":"El Cartel Cartuchos De Tatuaje 0.35 5 Soft Edge Magnum Lt 10 Uds."}]},{"@type":"WebSite","@id":"https:\/\/salonforall.es\/#website","url":"https:\/\/salonforall.es\/","name":"Sal\u00e3o de beleza para toda a Espanha","description":"Grossista de mobili\u00e1rio e material para sal\u00f5es de beleza e consult\u00f3rios","publisher":{"@id":"https:\/\/salonforall.es\/#organization"},"potentialAction":[{"@type":"SearchAction","target":{"@type":"EntryPoint","urlTemplate":"https:\/\/salonforall.es\/?s={search_term_string}"},"query-input":{"@type":"PropertyValueSpecification","valueRequired":true,"valueName":"search_term_string"}}],"inLanguage":"pt-PT"},{"@type":"Organization","@id":"https:\/\/salonforall.es\/#organization","name":"Salon For All B.V. Espanha","alternateName":"Salon For All B.V. Espa\u00f1a - Mayorista de equipamiento para consultas, salones y suministros","url":"https:\/\/salonforall.es\/","logo":{"@type":"ImageObject","inLanguage":"pt-PT","@id":"https:\/\/salonforall.es\/#\/schema\/logo\/image\/","url":"https:\/\/salonforall.es\/wp-content\/uploads\/2025\/11\/logo-salon-for-all-e1764543185849.png","contentUrl":"https:\/\/salonforall.es\/wp-content\/uploads\/2025\/11\/logo-salon-for-all-e1764543185849.png","width":500,"height":150,"caption":"Salon For All B.V. Espa\u00f1a"},"image":{"@id":"https:\/\/salonforall.es\/#\/schema\/logo\/image\/"}}]}},"_links":{"self":[{"href":"https:\/\/salonforall.es\/pt\/wp-json\/wp\/v2\/product\/10446","targetHints":{"allow":["GET"]}}],"collection":[{"href":"https:\/\/salonforall.es\/pt\/wp-json\/wp\/v2\/product"}],"about":[{"href":"https:\/\/salonforall.es\/pt\/wp-json\/wp\/v2\/types\/product"}],"replies":[{"embeddable":true,"href":"https:\/\/salonforall.es\/pt\/wp-json\/wp\/v2\/comments?post=10446"}],"wp:featuredmedia":[{"embeddable":true,"href":"https:\/\/salonforall.es\/pt\/wp-json\/wp\/v2\/media\/10447"}],"wp:attachment":[{"href":"https:\/\/salonforall.es\/pt\/wp-json\/wp\/v2\/media?parent=10446"}],"wp:term":[{"taxonomy":"product_brand","embeddable":true,"href":"https:\/\/salonforall.es\/pt\/wp-json\/wp\/v2\/product_brand?post=10446"},{"taxonomy":"product_cat","embeddable":true,"href":"https:\/\/salonforall.es\/pt\/wp-json\/wp\/v2\/product_cat?post=10446"},{"taxonomy":"product_tag","embeddable":true,"href":"https:\/\/salonforall.es\/pt\/wp-json\/wp\/v2\/product_tag?post=10446"}],"curies":[{"name":"wp","href":"https:\/\/api.w.org\/{rel}","templated":true}]}}