{"id":8709,"date":"2025-12-02T12:54:14","date_gmt":"2025-12-02T11:54:14","guid":{"rendered":"https:\/\/salonforall.es\/product\/pulidora-dental-saeyang-marathon-handy-702-micromotor-de-pieza-de-mano-s40-fs60n\/"},"modified":"2026-03-24T16:53:58","modified_gmt":"2026-03-24T15:53:58","slug":"pulidora-dental-saeyang-marathon-handy-702-micromotor-de-pieza-de-mano-s40-fs60n","status":"publish","type":"product","link":"https:\/\/salonforall.es\/en\/pulidora-dental-saeyang-marathon-handy-702-micromotor-de-pieza-de-mano-s40-fs60n\/","title":{"rendered":"Saeyang Marathon Handy 702 Dental Polisher + Handpiece Micro Motor S40-Fs60N"},"content":{"rendered":"<h2>Informaci\u00f3n sobre Pulidora Dental Saeyang Marathon Handy 702 + Micromotor De Pieza De Mano S40-Fs60N con n\u00famero de art\u00edculo 138276<\/h2>\n<h2><strong>A brand that inspires confidence<\/strong><\/h2>\n<p>El taladro de u\u00f1as <strong>Marathon Handy 702<\/strong> of the Korean company <strong>Saeyang<\/strong> is an excellent tool for prosthetic work. The company has received numerous awards for its outstanding achievements and its products are recommended by cosmetologists and prosthetists. Almost five decades of experience guarantee a product of the highest quality.<\/p>\n<p><img decoding=\"async\" src=\"https:\/\/activeshop.com.pl\/media\/wysiwyg\/product\/138276\/EN_138276_1.jpg\"><\/p>\n<h2>&nbsp;<\/h2>\n<h2><strong>Professional solution<\/strong><\/h2>\n<p>El taladro de u\u00f1as prot\u00e9sico <strong>Marathon Handy 702<\/strong> ofrece alta potencia y un funcionamiento silencioso. Trabajar con este taladro de u\u00f1as es extremadamente c\u00f3modo gracias a un sistema de reducci\u00f3n de ruido en el micromotor del cabezal, que se reduce un 20 % en comparaci\u00f3n con los modelos convencionales. La base es ergon\u00f3mica, cuenta con una pr\u00e1ctica asa de transporte y un compartimento para el cabezal.<\/p>\n<p><img decoding=\"async\" src=\"https:\/\/activeshop.com.pl\/media\/wysiwyg\/product\/138276\/EN_138276_4.jpg\"><\/p>\n<p>&nbsp;<\/p>\n<h2><strong>Functionality you'll love<\/strong><\/h2>\n<p>Tiene justo lo que esperas de un buen taladro de u\u00f1as. Tiene una alta potencia de 100 W. Permite trabajar con una velocidad de hasta 40 000 revoluciones por minuto. Puede elegir entre un control de perilla ajustable y un pedal con control de velocidad incorporado (incluido), lo que hace que su trabajo sea muy f\u00e1cil. La funci\u00f3n AUTO-CRUISE permite que el pedal se configure a velocidad constante si es necesario. La funci\u00f3n de autodiagn\u00f3stico permite supervisar el funcionamiento correcto localizando el \u00e1rea defectuosa que se mostrar\u00e1 con el c\u00f3digo apropiado en la pantalla digital. El soporte incluido facilita la toma de descanso y la fijaci\u00f3n de la pieza de mano.<\/p>\n<p><img decoding=\"async\" src=\"https:\/\/activeshop.com.pl\/media\/wysiwyg\/product\/138276\/EN_138276_2.jpg\"><\/p>\n<h2><strong>Twist-Lock: Easy drill bit replacement<\/strong><\/h2>\n<p>Olv\u00eddate de usar llaves y husillos: el sistema de portabrocas TWIST-LOCK te permite cambiar la broca r\u00e1pida y f\u00e1cilmente con un solo movimiento. Gira a la izquierda para desbloquear, aflojar y retirar la broca. Gire a la derecha para cerrar la cerradura y colocar la broca.<\/p>\n<p><img decoding=\"async\" src=\"https:\/\/activeshop.com.pl\/media\/wysiwyg\/product\/138276\/EN_138276_5.jpg\"><\/p>\n<h2>&nbsp;<\/h2>\n<h2><strong>Original Marathon product<\/strong><\/h2>\n<p><strong><img decoding=\"async\" src=\"https:\/\/activeshop.com.pl\/media\/wysiwyg\/product\/138276\/EN_138276_6.jpg\"><\/strong><\/p>\n<p>&nbsp;<\/p>\n<h2><strong>Device specifications:<\/strong><\/h2>\n<p>\u2022 La <strong>high power of 100 W<\/strong> allows intensive work throughout the day<br \/>- Smooth speed regulation in the range of <strong>1 a 40 000 rpm<\/strong><br \/>\u2022 Menos ruido y menos vibraci\u00f3n<br \/>\u2022 Excelente Durabilidad<br \/>\u2022 Funci\u00f3n de crucero autom\u00e1tico<br \/>- Self-diagnostic function<br \/>\u2022 Asa de transporte f\u00e1cil<br \/>\u2022 Control de velocidad suave en la base<br \/>\u2022 Rotaci\u00f3n izquierda y derecha<br \/>\u2022 Control de pedal con velocidad ajustable<br \/>\u2022 Sistema de mandril TWIST-LOCK (cambio de broca f\u00e1cil)<br \/>\u2022 Pantalla digital clara<br \/>\u2022 Soporte para pieza de mano incluido<br \/>\u2022 Protecci\u00f3n contra sobrecarga incorporada<br \/>\u2022 Cables y carcasas de alta calidad<br \/>\u2022 Garant\u00eda de 12 meses<br \/>\u2022 Certificado CE<\/p>\n<h2><strong>Technical data:<\/strong><\/h2>\n<p>Fabricante: <strong>Saeyang<\/strong><br \/>Power: <strong>100 W<\/strong><br \/>Voltaje: 200-240 V \/ 50-60 Hz<br \/>Dimensiones de la base: 232 x 180 x 137 mm<br \/>Peso de la base: 1,9 kg<br \/>Dimensiones del cabezal: 159 x 27 mm<br \/>Peso de la cabeza: 230 g<br \/>Country of origin: South Korea<\/p>\n<p>Los productos Activeshop son proporcionalmente m\u00e1s econ\u00f3micos que muchas otras marcas\/proveedores. El precio est\u00e1 en relaci\u00f3n con la calidad. Pulidora Dental Saeyang Marathon Handy 702 + Micromotor De Pieza De Mano S40-Fs60N es por lo tanto una soluci\u00f3n accesible para su sal\u00f3n.<\/p>\n<h2>\u00bfC\u00f3mo se entrega Pulidora Dental Saeyang Marathon Handy 702 + Micromotor De Pieza De Mano S40-Fs60N?<\/h2>\n<p>Pulidora Dental Saeyang Marathon Handy 702 + Micromotor De Pieza De Mano S40-Fs60N se entrega en embalaje(s) original(es). Dentro de Espa\u00f1a el env\u00edo de Pulidora Dental Saeyang Marathon Handy 702 + Micromotor De Pieza De Mano S40-Fs60N es completamente gratuito para pedidos a partir de 100,- euros. Para env\u00edos a otros pa\u00edses se aplican tarifas de env\u00edo separadas. Puede consultar estas tarifas con nosotros o verlas en el carrito de compra. Pulidora Dental Saeyang Marathon Handy 702 + Micromotor De Pieza De Mano S40-Fs60N se env\u00eda a trav\u00e9s de un servicio de mensajer\u00eda externo.<\/p>\n<p>Packages or pallets are delivered as standard up to the front door threshold, even if you are located in a collective building, apartment building or apartment complex with a lift (provided the item fits in the lift). No lift available or item does not fit in the lift? Then we deliver up to the threshold of the ground floor.<\/p>\n<p>Do you still have questions about delivery or a special situation? Contact us and we will be happy to help you!<\/p>\n<p>*Items are not unpacked or assembled as standard. In special situations you can contact us to make arrangements.<\/p>\n<h2>Secure online shopping at Salon For All with the Webwinkelkeur seal of quality and SSL encryption.<\/h2>\n<p>Es importante para nosotros que nuestros clientes puedan comprar de forma segura en nuestra tienda online. Estamos afiliados al sello de calidad nacional Webwinkelkeur desde 2019. Nuestra identidad ha sido verificada y comprobada por ellos, y la tienda online ha sido revisada y aprobada legalmente. Adem\u00e1s, nuestra tienda online est\u00e1 afiliada a ellos para la mediaci\u00f3n de conflictos. Puede ver la insignia con toda la informaci\u00f3n de este sello de calidad de tienda online en el lado izquierdo o derecho de la tienda online (bot\u00f3n rosa con blanco). Adem\u00e1s, nuestro sitio est\u00e1 protegido con un certificado SSL para que pueda navegar de forma segura con nosotros. En la barra de su navegador de Internet, donde aparece nuestro sitio web, ver\u00e1 un icono de candado. Si hace clic en el candado, obtendr\u00e1 toda la informaci\u00f3n sobre nuestra seguridad. De esta manera sabe que su pedido de Pulidora Dental Saeyang Marathon Handy 702 + Micromotor De Pieza De Mano S40-Fs60N y sus datos personales se procesan de forma segura.<\/p>\n<h2>\u00bfC\u00f3mo puedo pagar Pulidora Dental Saeyang Marathon Handy 702 + Micromotor De Pieza De Mano S40-Fs60N?<\/h2>\n<p>We want to make it as easy as possible for you. That's why at Salon For All you can pay with all popular payment methods. Pay in advance, on delivery or afterwards - everything is possible. See here for all the payment methods we offer:<\/p>\n<ul>\n<li>iDEAL<\/li>\n<li>Credit card (Visa, Mastercard, American Express)<\/li>\n<li>Klarna - Payment on delivery with invoice<\/li>\n<li>PayPal<\/li>\n<li>Apple Pay<\/li>\n<li>Google Pay<\/li>\n<li>Bizum (for Spanish customers)<\/li>\n<li>SEPA bank transfer<\/li>\n<li>Bancontact<\/li>\n<li>Commercial invoice for companies<\/li>\n<li>Payment in the showroom - Both card and cash (Only available on collection)<\/li>\n<\/ul>\n<h2>See also reviews of Salon For All<\/h2>\n<p>Consulte tambi\u00e9n nuestras rese\u00f1as para tener en cuenta las experiencias de nuestros clientes actuales en su decisi\u00f3n de pedir Pulidora Dental Saeyang Marathon Handy 702 + Micromotor De Pieza De Mano S40-Fs60N con nosotros. A trav\u00e9s de nuestro sello de calidad independiente de tienda online Webwinkelkeur, se recopilan autom\u00e1ticamente rese\u00f1as verificadas de clientes que han completado un pedido con nosotros. Puede encontrarlas detr\u00e1s del bot\u00f3n rosa en nuestra tienda online o aparecen listadas debajo de los productos.<\/p>\n<p>\u00a1Comparta tambi\u00e9n su experiencia despu\u00e9s de su compra con su Pulidora Dental Saeyang Marathon Handy 702 + Micromotor De Pieza De Mano S40-Fs60N pedido y su experiencia con el proceso de compra o el contacto con Salon For All para inspirar a otros!<\/p>\n<h2>Contact Salon For All<\/h2>\n<p>Cont\u00e1ctenos entonces. Estaremos encantados de ayudarle con la adquisici\u00f3n de Pulidora Dental Saeyang Marathon Handy 702 + Micromotor De Pieza De Mano S40-Fs60N. En d\u00edas laborables estamos mejor disponibles entre las 8.30 y las 17.00 horas a trav\u00e9s del n\u00famero de tel\u00e9fono y direcci\u00f3n de correo electr\u00f3nico en la parte superior de la tienda online o a trav\u00e9s de la funci\u00f3n de chat. Las consultas fuera del horario de oficina suelen responderse en un plazo de 24 horas. Tambi\u00e9n es posible visitarnos fuera de los d\u00edas laborables u horario de oficina. Pero para ello es necesario concertar una cita previa.<\/p>\n<h2>Would you like to visit our showroom?<\/h2>\n<p>\u00bfPrefiere ver Pulidora Dental Saeyang Marathon Handy 702 + Micromotor De Pieza De Mano S40-Fs60N o recorrer nuestra oferta de la tienda (online) junto con nuestro colega? Entonces visite nuestro showroom con m\u00e1s de 1000m\u00b2 de equipamiento para salones y d\u00e9jese inspirar por nuestros empleados. Tambi\u00e9n si le gusta conocernos de manera agradable disfrutando de una buena taza de caf\u00e9 o t\u00e9, es muy bienvenido. No tenemos todos los productos en stock, as\u00ed que h\u00e1ganos saber de antemano que desea venir. Concierte siempre una cita previa.<\/p>\n<h2>14 days of reflection and our return policy<\/h2>\n<p>Por supuesto puede ocurrir que Pulidora Dental Saeyang Marathon Handy 702 + Micromotor De Pieza De Mano S40-Fs60N entregado no sea completamente de su agrado y desee devolverlo. Eso no es ning\u00fan problema en Salon For All. Debe notificar su devoluci\u00f3n dentro de 14 d\u00edas laborables a trav\u00e9s de info@salonforall.es. Entonces recibir\u00e1 primero todas las instrucciones y condiciones de devoluci\u00f3n. Tenga en cuenta que Pulidora Dental Saeyang Marathon Handy 702 + Micromotor De Pieza De Mano S40-Fs60N no debe haber sido usado, debe contener todas las partes suministradas y debe devolverse empaquetado en el embalaje original. Los costos de env\u00edo de una devoluci\u00f3n son siempre a cargo del comprador en compras a trav\u00e9s de www.salonforall.es. Debe organizar usted mismo un transporte con una empresa de transporte de su elecci\u00f3n para una devoluci\u00f3n. Una vez que Pulidora Dental Saeyang Marathon Handy 702 + Micromotor De Pieza De Mano S40-Fs60N haya sido devuelto, se verificar\u00e1 su integridad y posibles da\u00f1os. Una vez que la devoluci\u00f3n haya sido aprobada, el importe de la compra se reembolsar\u00e1 dentro de 5 d\u00edas laborables a la cuenta bancaria que tenemos registrada.<\/p>\n<h2>Who is Salon For All?<\/h2>\n<p>Salon For All is THE wholesaler for all salon equipment in Europe. Salon For All started in 2003 under the name Salonvoordeel and grew out of practice. The owners of Salon For All were experienced hairdressers and beauty specialists and have together more than 30 years of practical experience. In 2003 we launched Salonvoordeel.nl (Netherlands) and subsequently Salon For All was founded for the European market. Some of our employees started their own business and so the idea to launch a functional online shop for hairdressers and to help them with the equipment of their salon was born.<\/p>\n<p>Nuestro showroom se encuentra en Dinxperlo, directamente en la frontera entre los Pa\u00edses Bajos y Alemania. Con nuestra amplia experiencia en el sector podemos servirle de espejo y proporcionarle el asesoramiento adecuado. \u00a1Hablamos el mismo idioma! Le asesoramos, inspiramos, motivamos y ayudamos en la adquisici\u00f3n de Pulidora Dental Saeyang Marathon Handy 702 + Micromotor De Pieza De Mano S40-Fs60N. Nuestros proveedores se encuentran en toda Europa, desde Alemania, Inglaterra, Italia hasta Polonia.<\/p>","protected":false},"excerpt":{"rendered":"<p>El producto Pulidora Dental Saeyang Marathon Handy 702 + Micromotor De Pieza De Mano S40-Fs60N es una soluci\u00f3n de alta calidad para cualquier sal\u00f3n. El plazo de entrega estimado es de aproximadamente 6 d\u00edas laborables.<\/p>","protected":false},"featured_media":8710,"comment_status":"open","ping_status":"open","template":"","meta":[],"product_brand":[170],"product_cat":[534,533],"product_tag":[536,535],"class_list":{"0":"post-8709","1":"product","2":"type-product","3":"status-publish","4":"has-post-thumbnail","6":"product_brand-saeyang","7":"product_cat-taladros-para-unas","8":"product_cat-taladros-y-brocas-para-unas","9":"product_tag-taladros-para-unas","10":"product_tag-taladros-y-brocas-para-unas","11":"pa_codigo-ean-7759","12":"pa_garantia-12-meses","13":"pa_marca-saeyang","14":"pa_numero-de-articulo-3422","15":"pa_tiempo-estimado-de-entrega-4-5-dias-laborables","17":"first","18":"instock","19":"sale","20":"taxable","21":"shipping-taxable","22":"purchasable","23":"product-type-simple"},"yoast_head":"<!-- This site is optimized with the Yoast SEO plugin v27.6 - https:\/\/yoast.com\/product\/yoast-seo-wordpress\/ -->\n<title>Pulidora Dental Saeyang Marathon Handy 702 + Micromotor De Pieza De Mano S40-Fs60N comprar<\/title>\n<meta name=\"description\" content=\"Compra Pulidora Dental Saeyang Marathon Handy 702 + Micromotor De Pieza De Mano S40-Fs60N online o en el showroom en Salon For ALL Espa\u00f1a. El mayorista para salones, consultas y spas en Espa\u00f1a y Portugal.\" \/>\n<meta name=\"robots\" content=\"index, follow, max-snippet:-1, max-image-preview:large, max-video-preview:-1\" \/>\n<link rel=\"canonical\" href=\"https:\/\/salonforall.es\/en\/pulidora-dental-saeyang-marathon-handy-702-micromotor-de-pieza-de-mano-s40-fs60n\/\" \/>\n<meta property=\"og:locale\" content=\"en_GB\" \/>\n<meta property=\"og:type\" content=\"article\" \/>\n<meta property=\"og:title\" content=\"Pulidora Dental Saeyang Marathon Handy 702 + Micromotor De Pieza De Mano S40-Fs60N\" \/>\n<meta property=\"og:description\" content=\"Compra Pulidora Dental Saeyang Marathon Handy 702 + Micromotor De Pieza De Mano S40-Fs60N online o en el showroom en Salon For ALL Espa\u00f1a. El mayorista para salones, consultas y spas en Espa\u00f1a y Portugal.\" \/>\n<meta property=\"og:url\" content=\"https:\/\/salonforall.es\/en\/pulidora-dental-saeyang-marathon-handy-702-micromotor-de-pieza-de-mano-s40-fs60n\/\" \/>\n<meta property=\"og:site_name\" content=\"Salon For ALL Espa\u00f1a\" \/>\n<meta property=\"article:modified_time\" content=\"2026-03-24T15:53:58+00:00\" \/>\n<meta property=\"og:image\" content=\"https:\/\/salonforall.es\/wp-content\/uploads\/2025\/12\/Pulidora-Dental-Saeyang-Marathon-Handy-702-Micromotor-De-Pieza-De-Mano-S40-Fs60N.jpg\" \/>\n\t<meta property=\"og:image:width\" content=\"1200\" \/>\n\t<meta property=\"og:image:height\" content=\"1200\" \/>\n\t<meta property=\"og:image:type\" content=\"image\/jpeg\" \/>\n<meta name=\"twitter:card\" content=\"summary_large_image\" \/>\n<meta name=\"twitter:title\" content=\"Pulidora Dental Saeyang Marathon Handy 702 + Micromotor De Pieza De Mano S40-Fs60N\" \/>\n<meta name=\"twitter:label1\" content=\"Estimated reading time\" \/>\n\t<meta name=\"twitter:data1\" content=\"9 minutes\" \/>\n<script type=\"application\/ld+json\" class=\"yoast-schema-graph\">{\"@context\":\"https:\\\/\\\/schema.org\",\"@graph\":[{\"@type\":\"WebPage\",\"@id\":\"https:\\\/\\\/salonforall.es\\\/pulidora-dental-saeyang-marathon-handy-702-micromotor-de-pieza-de-mano-s40-fs60n\\\/\",\"url\":\"https:\\\/\\\/salonforall.es\\\/pulidora-dental-saeyang-marathon-handy-702-micromotor-de-pieza-de-mano-s40-fs60n\\\/\",\"name\":\"Pulidora Dental Saeyang Marathon Handy 702 + Micromotor De Pieza De Mano S40-Fs60N comprar\",\"isPartOf\":{\"@id\":\"https:\\\/\\\/salonforall.es\\\/#website\"},\"primaryImageOfPage\":{\"@id\":\"https:\\\/\\\/salonforall.es\\\/pulidora-dental-saeyang-marathon-handy-702-micromotor-de-pieza-de-mano-s40-fs60n\\\/#primaryimage\"},\"image\":{\"@id\":\"https:\\\/\\\/salonforall.es\\\/pulidora-dental-saeyang-marathon-handy-702-micromotor-de-pieza-de-mano-s40-fs60n\\\/#primaryimage\"},\"thumbnailUrl\":\"https:\\\/\\\/salonforall.es\\\/wp-content\\\/uploads\\\/2025\\\/12\\\/Pulidora-Dental-Saeyang-Marathon-Handy-702-Micromotor-De-Pieza-De-Mano-S40-Fs60N.jpg\",\"datePublished\":\"2025-12-02T11:54:14+00:00\",\"dateModified\":\"2026-03-24T15:53:58+00:00\",\"description\":\"Compra Pulidora Dental Saeyang Marathon Handy 702 + Micromotor De Pieza De Mano S40-Fs60N online o en el showroom en Salon For ALL Espa\u00f1a. El mayorista para salones, consultas y spas en Espa\u00f1a y Portugal.\",\"breadcrumb\":{\"@id\":\"https:\\\/\\\/salonforall.es\\\/pulidora-dental-saeyang-marathon-handy-702-micromotor-de-pieza-de-mano-s40-fs60n\\\/#breadcrumb\"},\"inLanguage\":\"en-GB\",\"potentialAction\":[{\"@type\":\"ReadAction\",\"target\":[\"https:\\\/\\\/salonforall.es\\\/pulidora-dental-saeyang-marathon-handy-702-micromotor-de-pieza-de-mano-s40-fs60n\\\/\"]}]},{\"@type\":\"ImageObject\",\"inLanguage\":\"en-GB\",\"@id\":\"https:\\\/\\\/salonforall.es\\\/pulidora-dental-saeyang-marathon-handy-702-micromotor-de-pieza-de-mano-s40-fs60n\\\/#primaryimage\",\"url\":\"https:\\\/\\\/salonforall.es\\\/wp-content\\\/uploads\\\/2025\\\/12\\\/Pulidora-Dental-Saeyang-Marathon-Handy-702-Micromotor-De-Pieza-De-Mano-S40-Fs60N.jpg\",\"contentUrl\":\"https:\\\/\\\/salonforall.es\\\/wp-content\\\/uploads\\\/2025\\\/12\\\/Pulidora-Dental-Saeyang-Marathon-Handy-702-Micromotor-De-Pieza-De-Mano-S40-Fs60N.jpg\",\"width\":1200,\"height\":1200,\"caption\":\"Pulidora Dental Saeyang Marathon Handy 702 + Micromotor De Pieza De Mano S40-Fs60N\"},{\"@type\":\"BreadcrumbList\",\"@id\":\"https:\\\/\\\/salonforall.es\\\/pulidora-dental-saeyang-marathon-handy-702-micromotor-de-pieza-de-mano-s40-fs60n\\\/#breadcrumb\",\"itemListElement\":[{\"@type\":\"ListItem\",\"position\":1,\"name\":\"Home\",\"item\":\"https:\\\/\\\/salonforall.es\\\/\"},{\"@type\":\"ListItem\",\"position\":2,\"name\":\"Winkel\",\"item\":\"https:\\\/\\\/salonforall.es\\\/winkel\\\/\"},{\"@type\":\"ListItem\",\"position\":3,\"name\":\"Pulidora Dental Saeyang Marathon Handy 702 + Micromotor De Pieza De Mano S40-Fs60N\"}]},{\"@type\":\"WebSite\",\"@id\":\"https:\\\/\\\/salonforall.es\\\/#website\",\"url\":\"https:\\\/\\\/salonforall.es\\\/\",\"name\":\"Salon For ALL Espa\u00f1a\",\"description\":\"Mayorista de mobiliario y suministros para consultorios y salones\",\"publisher\":{\"@id\":\"https:\\\/\\\/salonforall.es\\\/#organization\"},\"potentialAction\":[{\"@type\":\"SearchAction\",\"target\":{\"@type\":\"EntryPoint\",\"urlTemplate\":\"https:\\\/\\\/salonforall.es\\\/?s={search_term_string}\"},\"query-input\":{\"@type\":\"PropertyValueSpecification\",\"valueRequired\":true,\"valueName\":\"search_term_string\"}}],\"inLanguage\":\"en-GB\"},{\"@type\":\"Organization\",\"@id\":\"https:\\\/\\\/salonforall.es\\\/#organization\",\"name\":\"Salon For All B.V. Espa\u00f1a\",\"alternateName\":\"Salon For All B.V. Espa\u00f1a - Mayorista de equipamiento para consultas, salones y suministros\",\"url\":\"https:\\\/\\\/salonforall.es\\\/\",\"logo\":{\"@type\":\"ImageObject\",\"inLanguage\":\"en-GB\",\"@id\":\"https:\\\/\\\/salonforall.es\\\/#\\\/schema\\\/logo\\\/image\\\/\",\"url\":\"https:\\\/\\\/salonforall.es\\\/wp-content\\\/uploads\\\/2025\\\/11\\\/logo-salon-for-all-e1764543185849.png\",\"contentUrl\":\"https:\\\/\\\/salonforall.es\\\/wp-content\\\/uploads\\\/2025\\\/11\\\/logo-salon-for-all-e1764543185849.png\",\"width\":500,\"height\":150,\"caption\":\"Salon For All B.V. Espa\u00f1a\"},\"image\":{\"@id\":\"https:\\\/\\\/salonforall.es\\\/#\\\/schema\\\/logo\\\/image\\\/\"}}]}<\/script>\n<!-- \/ Yoast SEO plugin. -->","yoast_head_json":{"title":"Pulidora Dental Saeyang Marathon Handy 702 + Micromotor De Pieza De Mano S40-Fs60N comprar","description":"Compra Pulidora Dental Saeyang Marathon Handy 702 + Micromotor De Pieza De Mano S40-Fs60N online o en el showroom en Salon For ALL Espa\u00f1a. El mayorista para salones, consultas y spas en Espa\u00f1a y Portugal.","robots":{"index":"index","follow":"follow","max-snippet":"max-snippet:-1","max-image-preview":"max-image-preview:large","max-video-preview":"max-video-preview:-1"},"canonical":"https:\/\/salonforall.es\/en\/pulidora-dental-saeyang-marathon-handy-702-micromotor-de-pieza-de-mano-s40-fs60n\/","og_locale":"en_GB","og_type":"article","og_title":"Pulidora Dental Saeyang Marathon Handy 702 + Micromotor De Pieza De Mano S40-Fs60N","og_description":"Compra Pulidora Dental Saeyang Marathon Handy 702 + Micromotor De Pieza De Mano S40-Fs60N online o en el showroom en Salon For ALL Espa\u00f1a. El mayorista para salones, consultas y spas en Espa\u00f1a y Portugal.","og_url":"https:\/\/salonforall.es\/en\/pulidora-dental-saeyang-marathon-handy-702-micromotor-de-pieza-de-mano-s40-fs60n\/","og_site_name":"Salon For ALL Espa\u00f1a","article_modified_time":"2026-03-24T15:53:58+00:00","og_image":[{"width":1200,"height":1200,"url":"https:\/\/salonforall.es\/wp-content\/uploads\/2025\/12\/Pulidora-Dental-Saeyang-Marathon-Handy-702-Micromotor-De-Pieza-De-Mano-S40-Fs60N.jpg","type":"image\/jpeg"}],"twitter_card":"summary_large_image","twitter_title":"Pulidora Dental Saeyang Marathon Handy 702 + Micromotor De Pieza De Mano S40-Fs60N","twitter_misc":{"Estimated reading time":"9 minutes"},"schema":{"@context":"https:\/\/schema.org","@graph":[{"@type":"WebPage","@id":"https:\/\/salonforall.es\/pulidora-dental-saeyang-marathon-handy-702-micromotor-de-pieza-de-mano-s40-fs60n\/","url":"https:\/\/salonforall.es\/pulidora-dental-saeyang-marathon-handy-702-micromotor-de-pieza-de-mano-s40-fs60n\/","name":"Pulidora Dental Saeyang Marathon Handy 702 + Micromotor De Pieza De Mano S40-Fs60N comprar","isPartOf":{"@id":"https:\/\/salonforall.es\/#website"},"primaryImageOfPage":{"@id":"https:\/\/salonforall.es\/pulidora-dental-saeyang-marathon-handy-702-micromotor-de-pieza-de-mano-s40-fs60n\/#primaryimage"},"image":{"@id":"https:\/\/salonforall.es\/pulidora-dental-saeyang-marathon-handy-702-micromotor-de-pieza-de-mano-s40-fs60n\/#primaryimage"},"thumbnailUrl":"https:\/\/salonforall.es\/wp-content\/uploads\/2025\/12\/Pulidora-Dental-Saeyang-Marathon-Handy-702-Micromotor-De-Pieza-De-Mano-S40-Fs60N.jpg","datePublished":"2025-12-02T11:54:14+00:00","dateModified":"2026-03-24T15:53:58+00:00","description":"Compra Pulidora Dental Saeyang Marathon Handy 702 + Micromotor De Pieza De Mano S40-Fs60N online o en el showroom en Salon For ALL Espa\u00f1a. El mayorista para salones, consultas y spas en Espa\u00f1a y Portugal.","breadcrumb":{"@id":"https:\/\/salonforall.es\/pulidora-dental-saeyang-marathon-handy-702-micromotor-de-pieza-de-mano-s40-fs60n\/#breadcrumb"},"inLanguage":"en-GB","potentialAction":[{"@type":"ReadAction","target":["https:\/\/salonforall.es\/pulidora-dental-saeyang-marathon-handy-702-micromotor-de-pieza-de-mano-s40-fs60n\/"]}]},{"@type":"ImageObject","inLanguage":"en-GB","@id":"https:\/\/salonforall.es\/pulidora-dental-saeyang-marathon-handy-702-micromotor-de-pieza-de-mano-s40-fs60n\/#primaryimage","url":"https:\/\/salonforall.es\/wp-content\/uploads\/2025\/12\/Pulidora-Dental-Saeyang-Marathon-Handy-702-Micromotor-De-Pieza-De-Mano-S40-Fs60N.jpg","contentUrl":"https:\/\/salonforall.es\/wp-content\/uploads\/2025\/12\/Pulidora-Dental-Saeyang-Marathon-Handy-702-Micromotor-De-Pieza-De-Mano-S40-Fs60N.jpg","width":1200,"height":1200,"caption":"Pulidora Dental Saeyang Marathon Handy 702 + Micromotor De Pieza De Mano S40-Fs60N"},{"@type":"BreadcrumbList","@id":"https:\/\/salonforall.es\/pulidora-dental-saeyang-marathon-handy-702-micromotor-de-pieza-de-mano-s40-fs60n\/#breadcrumb","itemListElement":[{"@type":"ListItem","position":1,"name":"Home","item":"https:\/\/salonforall.es\/"},{"@type":"ListItem","position":2,"name":"Winkel","item":"https:\/\/salonforall.es\/winkel\/"},{"@type":"ListItem","position":3,"name":"Pulidora Dental Saeyang Marathon Handy 702 + Micromotor De Pieza De Mano S40-Fs60N"}]},{"@type":"WebSite","@id":"https:\/\/salonforall.es\/#website","url":"https:\/\/salonforall.es\/","name":"Salon For ALL Spain","description":"Wholesaler of salon and practice furniture and supplies","publisher":{"@id":"https:\/\/salonforall.es\/#organization"},"potentialAction":[{"@type":"SearchAction","target":{"@type":"EntryPoint","urlTemplate":"https:\/\/salonforall.es\/?s={search_term_string}"},"query-input":{"@type":"PropertyValueSpecification","valueRequired":true,"valueName":"search_term_string"}}],"inLanguage":"en-GB"},{"@type":"Organization","@id":"https:\/\/salonforall.es\/#organization","name":"Salon For All B.V. Spain","alternateName":"Salon For All B.V. Espa\u00f1a - Mayorista de equipamiento para consultas, salones y suministros","url":"https:\/\/salonforall.es\/","logo":{"@type":"ImageObject","inLanguage":"en-GB","@id":"https:\/\/salonforall.es\/#\/schema\/logo\/image\/","url":"https:\/\/salonforall.es\/wp-content\/uploads\/2025\/11\/logo-salon-for-all-e1764543185849.png","contentUrl":"https:\/\/salonforall.es\/wp-content\/uploads\/2025\/11\/logo-salon-for-all-e1764543185849.png","width":500,"height":150,"caption":"Salon For All B.V. Espa\u00f1a"},"image":{"@id":"https:\/\/salonforall.es\/#\/schema\/logo\/image\/"}}]}},"_links":{"self":[{"href":"https:\/\/salonforall.es\/en\/wp-json\/wp\/v2\/product\/8709","targetHints":{"allow":["GET"]}}],"collection":[{"href":"https:\/\/salonforall.es\/en\/wp-json\/wp\/v2\/product"}],"about":[{"href":"https:\/\/salonforall.es\/en\/wp-json\/wp\/v2\/types\/product"}],"replies":[{"embeddable":true,"href":"https:\/\/salonforall.es\/en\/wp-json\/wp\/v2\/comments?post=8709"}],"wp:featuredmedia":[{"embeddable":true,"href":"https:\/\/salonforall.es\/en\/wp-json\/wp\/v2\/media\/8710"}],"wp:attachment":[{"href":"https:\/\/salonforall.es\/en\/wp-json\/wp\/v2\/media?parent=8709"}],"wp:term":[{"taxonomy":"product_brand","embeddable":true,"href":"https:\/\/salonforall.es\/en\/wp-json\/wp\/v2\/product_brand?post=8709"},{"taxonomy":"product_cat","embeddable":true,"href":"https:\/\/salonforall.es\/en\/wp-json\/wp\/v2\/product_cat?post=8709"},{"taxonomy":"product_tag","embeddable":true,"href":"https:\/\/salonforall.es\/en\/wp-json\/wp\/v2\/product_tag?post=8709"}],"curies":[{"name":"wp","href":"https:\/\/api.w.org\/{rel}","templated":true}]}}