{"id":8678,"date":"2025-12-02T12:54:14","date_gmt":"2025-12-02T11:54:14","guid":{"rendered":"https:\/\/salonforall.es\/product\/silla-cosmetica-557a-con-cubeta-blanca\/"},"modified":"2026-03-24T16:53:54","modified_gmt":"2026-03-24T15:53:54","slug":"cosmetic-chair-557a-with-white-bucket","status":"publish","type":"product","link":"https:\/\/salonforall.es\/en\/silla-cosmetica-557a-con-cubeta-blanca\/","title":{"rendered":"Cosmetic Chair 557A With White Bucket"},"content":{"rendered":"<h2>Information about Cosmetic Chair 557A With White Bucket with article number 122423<\/h2>\n<p><img decoding=\"async\" src=\"https:\/\/activeshop.com.pl\/media\/wysiwyg\/product\/122423\/EN_122423_1.jpg\"><\/p>\n<p>For many years, the brand <strong>ACTIVESHOP<\/strong> offers a wide range of products suitable for professional use in various sectors. In its catalogue, you will find items in a variety of categories, from small essential accessories to specialised equipment such as cosmetic furniture.<\/p>\n<p><img decoding=\"async\" src=\"https:\/\/activeshop.com.pl\/media\/wysiwyg\/product\/122423\/EN_122423_2.jpg\"><\/p>\n<h2><strong>Simplicity and functionality<\/strong><\/h2>\n<p><strong>One cosmetic chair with two compartments<\/strong> is a practical piece of equipment that <strong>improves the work<\/strong> in specialised salons, such as beauty, massage or tattoo parlours. It is ideal for those who are looking for a simple and functional cosmetic unit. The retractable containers mounted under the seat keep the most important tools and preparations always at hand.<\/p>\n<p><img decoding=\"async\" src=\"https:\/\/activeshop.com.pl\/media\/wysiwyg\/product\/122423\/EN_122423_3.jpg\"><\/p>\n<h2><strong>Functional solutions for comfortable working<\/strong><\/h2>\n<p>Practical plastic bins under the seat make it easy to access the instruments you need most. The removable containers are durable and easy to clean, and also help to keep the workstation tidy. Thanks to a <strong>opening in the head restraint<\/strong>, which is hidden under a <strong>pillow with the right profile<\/strong>, The chair is perfect for back treatments, such as massages.<\/p>\n<p><img decoding=\"async\" src=\"https:\/\/activeshop.com.pl\/media\/wysiwyg\/product\/122423\/ES_122423_4.jpg\"><\/p>\n<h2><strong>User convenience<\/strong><\/h2>\n<p>The armrests <strong>ensure adequate support<\/strong> and can be easily removed if necessary. These elements, divided in half, are movable, so they adjust perfectly when changing the position of the backrest.<\/p>\n<p><img decoding=\"async\" src=\"https:\/\/activeshop.com.pl\/media\/wysiwyg\/product\/122423\/EN_122423_5.jpg\"><\/p>\n<h2><strong>Manual adjustment of tilt angles<\/strong><\/h2>\n<p>By means of spring-loaded levers, it is possible to gradually adjust the angles of the footrest and backrest. This allows for optimal adaptation to individual needs, for correct and comfortable treatment and comfortable use. The chair can be folded into a sofa bed position, which significantly increases its functionality.<\/p>\n<p><img decoding=\"async\" src=\"https:\/\/activeshop.com.pl\/media\/wysiwyg\/product\/122423\/EN_122423_6.jpg\"><\/p>\n<h2><strong>Modern and ergonomic design<\/strong><\/h2>\n<p>Thanks to its semi-matt finish and slender legs, the metal frame looks elegant and does not clutter the space. The base of the chair does not allow the seat height to be adjusted, but it is at a comfortable height during use. The seat is padded with foam and upholstered in white faux leather. Thanks to this material, the chair is comfortable to use, resistant to moisture and easy to clean. The seat is ergonomically shaped. Its simple design and classic colours allow it to blend into any interior.<\/p>\n<div class=\"video-container\"><iframe height=\"315\" src=\"https:\/\/www.youtube.com\/embed\/JUyBfzZCMLU\" frameborder=\"0\" width=\"560\" allowfullscreen=\"allowfullscreen\"><\/iframe><\/div>\n<p>The exact dimensions are shown in the photo.<br \/><strong>It includes:<\/strong> a seat with backrest and footrest, two compartments, a set of armrests, a pillow for the recess, guides for the compartments, base elements and assembly kit.<\/p>\n<p><strong>Data:<\/strong><br \/>Colour: shades of white<br \/>Upholstery material: synthetic leather<br \/>Seat height: 76 cm<br \/>Fully extended length: 184 cm<\/p>\n<p>Activeshop products are proportionally cheaper than many other brands\/suppliers. The price is in relation to the quality. Cosmetic Chair 557A With White Bucket is therefore an affordable solution for your salon.<\/p>\n<h2>How is Cosmetic Chair 557A With White Bucket delivered?<\/h2>\n<p>Silla Cosm\u00e9tica 557A Con Cubeta Blanca is delivered in original packaging(s). Within Spain the delivery of Silla Cosm\u00e9tica 557A Con Cubeta Blanca is completely free of charge for orders over 100,- Euro. For shipments to other countries separate shipping rates apply. You can check these rates with us or view them in the shopping cart. Silla Cosmetica 557A Con Cubeta Blanca is shipped via an external courier service.<\/p>\n<p>Packages or pallets are delivered as standard up to the front door threshold, even if you are located in a collective building, apartment building or apartment complex with a lift (provided the item fits in the lift). No lift available or item does not fit in the lift? Then we deliver up to the threshold of the ground floor.<\/p>\n<p>Do you still have questions about delivery or a special situation? Contact us and we will be happy to help you!<\/p>\n<p>*Items are not unpacked or assembled as standard. In special situations you can contact us to make arrangements.<\/p>\n<h2>Secure online shopping at Salon For All with the Webwinkelkeur seal of quality and SSL encryption.<\/h2>\n<p>It is important to us that our customers can shop safely in our online shop. We have been affiliated with the national quality seal Webwinkelkeur since 2019. Our identity has been verified and checked by them, and the online shop has been checked and legally approved. In addition, our online shop is affiliated with them for conflict mediation. You can see the badge with all the information of this online shop quality seal on the left or right side of the online shop (pink button with white). In addition, our site is protected with an SSL certificate so that you can surf securely with us. In the bar of your Internet browser, where our website appears, you will see a padlock icon. If you click on the padlock, you will get all the information about our security. This way you know that your order of 557A Cosmetic Chair With White Bucket and your personal data are processed securely.<\/p>\n<h2>How can I pay for Silla Cosm\u00e9tica 557A Con Cubeta Blanca?<\/h2>\n<p>We want to make it as easy as possible for you. That's why at Salon For All you can pay with all popular payment methods. Pay in advance, on delivery or afterwards - everything is possible. See here for all the payment methods we offer:<\/p>\n<ul>\n<li>iDEAL<\/li>\n<li>Credit card (Visa, Mastercard, American Express)<\/li>\n<li>Klarna - Payment on delivery with invoice<\/li>\n<li>PayPal<\/li>\n<li>Apple Pay<\/li>\n<li>Google Pay<\/li>\n<li>Bizum (for Spanish customers)<\/li>\n<li>SEPA bank transfer<\/li>\n<li>Bancontact<\/li>\n<li>Commercial invoice for companies<\/li>\n<li>Payment in the showroom - Both card and cash (Only available on collection)<\/li>\n<\/ul>\n<h2>See also reviews of Salon For All<\/h2>\n<p>Please also refer to our reviews to take into account the experiences of our existing customers in your decision to order Cosmetic Chair 557A With White Bucket with us. Through our independent online shop quality seal Webwinkelkeur, verified reviews are automatically collected from customers who have completed an order with us. You can find them behind the pink button in our online shop or they are listed below the products.<\/p>\n<p>Please also share your experience after shopping with your ordered 557A Cosmetic Chair With White Bucket and your experience with the purchase process or contacting Salon For All to inspire others!<\/p>\n<h2>Contact Salon For All<\/h2>\n<p>Then please contact us. We will be happy to help you with your purchase of Cosmetic Chair 557A With White Bucket. On weekdays we are best available between 8.30am and 5.00pm via the telephone number and email address at the top of the online shop or via the chat function. Out-of-hours enquiries are usually answered within 24 hours. It is also possible to visit us outside working days or office hours. However, an appointment must be made in advance.<\/p>\n<h2>Would you like to visit our showroom?<\/h2>\n<p>Would you prefer to see Cosmetic Chair 557A With White Bucket or browse through our (online) shop offer together with our colleague? Then visit our showroom with more than 1000m\u00b2 of salon equipment and let yourself be inspired by our employees. Also if you like to get to know us pleasantly over a cup of coffee or tea, you are very welcome. We do not have all products in stock, so please let us know in advance that you would like to come. Always make an appointment in advance.<\/p>\n<h2>14 days of reflection and our return policy<\/h2>\n<p>It may of course happen that the delivered Silla Cosm\u00e9tica 557A Con Cubeta Blanca is not completely to your liking and you wish to return it. That is no problem at Salon For All. You must notify your return within 14 working days via info@salonforall.es. You will then first receive all instructions and conditions of return. Please note that Cosmetic Chair 557A With White Bucket must be unused, contain all supplied parts and be returned in the original packaging. Shipping costs for a return are always at the expense of the buyer on purchases through www.salonforall.es. You must arrange transport yourself with a carrier of your choice for a return. Once Silla Cosm\u00e9tica 557A Con Cubeta Blanca has been returned, it will be checked for completeness and possible damage. Once the return has been approved, the purchase amount will be refunded within 5 working days to the bank account we have on record.<\/p>\n<h2>Who is Salon For All?<\/h2>\n<p>Salon For All is THE wholesaler for all salon equipment in Europe. Salon For All started in 2003 under the name Salonvoordeel and grew out of practice. The owners of Salon For All were experienced hairdressers and beauty specialists and have together more than 30 years of practical experience. In 2003 we launched Salonvoordeel.nl (Netherlands) and subsequently Salon For All was founded for the European market. Some of our employees started their own business and so the idea to launch a functional online shop for hairdressers and to help them with the equipment of their salon was born.<\/p>\n<p>Our showroom is located in Dinxperlo, directly on the border between the Netherlands and Germany. With our many years of experience in the industry, we can serve you as a mirror and provide you with the right advice - we speak the same language! We advise, inspire, motivate and support you in the purchase of Cosmetic Chair 557A With White Bucket. Our suppliers are located all over Europe, from Germany, England, Italy to Poland.<\/p>","protected":false},"excerpt":{"rendered":"<p>The product Cosmetic Chair 557A With White Bucket is a high quality solution for any salon. The estimated delivery time is approximately 6 working days.<\/p>","protected":false},"featured_media":8679,"comment_status":"open","ping_status":"open","template":"","meta":[],"product_brand":[107],"product_cat":[88,89],"product_tag":[90,91],"class_list":{"0":"post-8678","1":"product","2":"type-product","3":"status-publish","4":"has-post-thumbnail","6":"product_brand-activeshop","7":"product_cat-muebles-de-cosmetica","8":"product_cat-sillas-de-cosmetica","9":"product_tag-muebles-de-cosmetica","10":"product_tag-sillas-de-cosmetica","11":"pa_codigo-ean-7759","12":"pa_garantia-12-meses","13":"pa_marca-activeshop","14":"pa_numero-de-articulo-3418","15":"pa_tiempo-estimado-de-entrega-4-5-dias-laborables","17":"first","18":"instock","19":"sale","20":"taxable","21":"shipping-taxable","22":"purchasable","23":"product-type-simple"},"yoast_head":"<!-- This site is optimized with the Yoast SEO plugin v27.3 - https:\/\/yoast.com\/product\/yoast-seo-wordpress\/ -->\n<title>Silla Cosm\u00e9tica 557A Con Cubeta Blanca comprar<\/title>\n<meta name=\"description\" content=\"Compra Silla Cosm\u00e9tica 557A Con Cubeta Blanca online o en el showroom en Salon For ALL Espa\u00f1a. El mayorista para salones, consultas y spas en Espa\u00f1a y Portugal.\" \/>\n<meta name=\"robots\" content=\"index, follow, max-snippet:-1, max-image-preview:large, max-video-preview:-1\" \/>\n<link rel=\"canonical\" href=\"https:\/\/salonforall.es\/en\/cosmetic-chair-557a-with-white-bucket\/\" \/>\n<meta property=\"og:locale\" content=\"en_GB\" \/>\n<meta property=\"og:type\" content=\"article\" \/>\n<meta property=\"og:title\" content=\"Silla Cosm\u00e9tica 557A Con Cubeta Blanca\" \/>\n<meta property=\"og:description\" content=\"Compra Silla Cosm\u00e9tica 557A Con Cubeta Blanca online o en el showroom en Salon For ALL Espa\u00f1a. El mayorista para salones, consultas y spas en Espa\u00f1a y Portugal.\" \/>\n<meta property=\"og:url\" content=\"https:\/\/salonforall.es\/en\/cosmetic-chair-557a-with-white-bucket\/\" \/>\n<meta property=\"og:site_name\" content=\"Salon For ALL Espa\u00f1a\" \/>\n<meta property=\"article:modified_time\" content=\"2026-03-24T15:53:54+00:00\" \/>\n<meta property=\"og:image\" content=\"https:\/\/salonforall.es\/wp-content\/uploads\/2025\/12\/Silla-Cosmetica-557A-Con-Cubeta-Blanca.jpg\" \/>\n\t<meta property=\"og:image:width\" content=\"1200\" \/>\n\t<meta property=\"og:image:height\" content=\"1200\" \/>\n\t<meta property=\"og:image:type\" content=\"image\/jpeg\" \/>\n<meta name=\"twitter:card\" content=\"summary_large_image\" \/>\n<meta name=\"twitter:title\" content=\"Silla Cosm\u00e9tica 557A Con Cubeta Blanca\" \/>\n<meta name=\"twitter:label1\" content=\"Estimated reading time\" \/>\n\t<meta name=\"twitter:data1\" content=\"9 minutes\" \/>\n<script type=\"application\/ld+json\" class=\"yoast-schema-graph\">{\"@context\":\"https:\\\/\\\/schema.org\",\"@graph\":[{\"@type\":\"WebPage\",\"@id\":\"https:\\\/\\\/salonforall.es\\\/silla-cosmetica-557a-con-cubeta-blanca\\\/\",\"url\":\"https:\\\/\\\/salonforall.es\\\/silla-cosmetica-557a-con-cubeta-blanca\\\/\",\"name\":\"Silla Cosm\u00e9tica 557A Con Cubeta Blanca comprar\",\"isPartOf\":{\"@id\":\"https:\\\/\\\/salonforall.es\\\/#website\"},\"primaryImageOfPage\":{\"@id\":\"https:\\\/\\\/salonforall.es\\\/silla-cosmetica-557a-con-cubeta-blanca\\\/#primaryimage\"},\"image\":{\"@id\":\"https:\\\/\\\/salonforall.es\\\/silla-cosmetica-557a-con-cubeta-blanca\\\/#primaryimage\"},\"thumbnailUrl\":\"https:\\\/\\\/salonforall.es\\\/wp-content\\\/uploads\\\/2025\\\/12\\\/Silla-Cosmetica-557A-Con-Cubeta-Blanca.jpg\",\"datePublished\":\"2025-12-02T11:54:14+00:00\",\"dateModified\":\"2026-03-24T15:53:54+00:00\",\"description\":\"Compra Silla Cosm\u00e9tica 557A Con Cubeta Blanca online o en el showroom en Salon For ALL Espa\u00f1a. El mayorista para salones, consultas y spas en Espa\u00f1a y Portugal.\",\"breadcrumb\":{\"@id\":\"https:\\\/\\\/salonforall.es\\\/silla-cosmetica-557a-con-cubeta-blanca\\\/#breadcrumb\"},\"inLanguage\":\"en-GB\",\"potentialAction\":[{\"@type\":\"ReadAction\",\"target\":[\"https:\\\/\\\/salonforall.es\\\/silla-cosmetica-557a-con-cubeta-blanca\\\/\"]}]},{\"@type\":\"ImageObject\",\"inLanguage\":\"en-GB\",\"@id\":\"https:\\\/\\\/salonforall.es\\\/silla-cosmetica-557a-con-cubeta-blanca\\\/#primaryimage\",\"url\":\"https:\\\/\\\/salonforall.es\\\/wp-content\\\/uploads\\\/2025\\\/12\\\/Silla-Cosmetica-557A-Con-Cubeta-Blanca.jpg\",\"contentUrl\":\"https:\\\/\\\/salonforall.es\\\/wp-content\\\/uploads\\\/2025\\\/12\\\/Silla-Cosmetica-557A-Con-Cubeta-Blanca.jpg\",\"width\":1200,\"height\":1200,\"caption\":\"Silla Cosm\u00e9tica 557A Con Cubeta Blanca\"},{\"@type\":\"BreadcrumbList\",\"@id\":\"https:\\\/\\\/salonforall.es\\\/silla-cosmetica-557a-con-cubeta-blanca\\\/#breadcrumb\",\"itemListElement\":[{\"@type\":\"ListItem\",\"position\":1,\"name\":\"Home\",\"item\":\"https:\\\/\\\/salonforall.es\\\/\"},{\"@type\":\"ListItem\",\"position\":2,\"name\":\"Winkel\",\"item\":\"https:\\\/\\\/salonforall.es\\\/winkel\\\/\"},{\"@type\":\"ListItem\",\"position\":3,\"name\":\"Silla Cosm\u00e9tica 557A Con Cubeta Blanca\"}]},{\"@type\":\"WebSite\",\"@id\":\"https:\\\/\\\/salonforall.es\\\/#website\",\"url\":\"https:\\\/\\\/salonforall.es\\\/\",\"name\":\"Salon For ALL Espa\u00f1a\",\"description\":\"Mayorista de mobiliario y suministros para consultorios y salones\",\"publisher\":{\"@id\":\"https:\\\/\\\/salonforall.es\\\/#organization\"},\"potentialAction\":[{\"@type\":\"SearchAction\",\"target\":{\"@type\":\"EntryPoint\",\"urlTemplate\":\"https:\\\/\\\/salonforall.es\\\/?s={search_term_string}\"},\"query-input\":{\"@type\":\"PropertyValueSpecification\",\"valueRequired\":true,\"valueName\":\"search_term_string\"}}],\"inLanguage\":\"en-GB\"},{\"@type\":\"Organization\",\"@id\":\"https:\\\/\\\/salonforall.es\\\/#organization\",\"name\":\"Salon For All B.V. Espa\u00f1a\",\"alternateName\":\"Salon For All B.V. Espa\u00f1a - Mayorista de equipamiento para consultas, salones y suministros\",\"url\":\"https:\\\/\\\/salonforall.es\\\/\",\"logo\":{\"@type\":\"ImageObject\",\"inLanguage\":\"en-GB\",\"@id\":\"https:\\\/\\\/salonforall.es\\\/#\\\/schema\\\/logo\\\/image\\\/\",\"url\":\"https:\\\/\\\/salonforall.es\\\/wp-content\\\/uploads\\\/2025\\\/11\\\/logo-salon-for-all-e1764543185849.png\",\"contentUrl\":\"https:\\\/\\\/salonforall.es\\\/wp-content\\\/uploads\\\/2025\\\/11\\\/logo-salon-for-all-e1764543185849.png\",\"width\":500,\"height\":150,\"caption\":\"Salon For All B.V. Espa\u00f1a\"},\"image\":{\"@id\":\"https:\\\/\\\/salonforall.es\\\/#\\\/schema\\\/logo\\\/image\\\/\"}}]}<\/script>\n<!-- \/ Yoast SEO plugin. -->","yoast_head_json":{"title":"Cosmetic Chair 557A With White Bucket Buy","description":"Buy Cosmetic Chair 557A With White Bucket online or in the showroom at Salon For ALL Spain. The wholesaler for salons, practices and spas in Spain and Portugal.","robots":{"index":"index","follow":"follow","max-snippet":"max-snippet:-1","max-image-preview":"max-image-preview:large","max-video-preview":"max-video-preview:-1"},"canonical":"https:\/\/salonforall.es\/en\/cosmetic-chair-557a-with-white-bucket\/","og_locale":"en_GB","og_type":"article","og_title":"Silla Cosm\u00e9tica 557A Con Cubeta Blanca","og_description":"Compra Silla Cosm\u00e9tica 557A Con Cubeta Blanca online o en el showroom en Salon For ALL Espa\u00f1a. El mayorista para salones, consultas y spas en Espa\u00f1a y Portugal.","og_url":"https:\/\/salonforall.es\/en\/cosmetic-chair-557a-with-white-bucket\/","og_site_name":"Salon For ALL Espa\u00f1a","article_modified_time":"2026-03-24T15:53:54+00:00","og_image":[{"width":1200,"height":1200,"url":"https:\/\/salonforall.es\/wp-content\/uploads\/2025\/12\/Silla-Cosmetica-557A-Con-Cubeta-Blanca.jpg","type":"image\/jpeg"}],"twitter_card":"summary_large_image","twitter_title":"Silla Cosm\u00e9tica 557A Con Cubeta Blanca","twitter_misc":{"Estimated reading time":"9 minutes"},"schema":{"@context":"https:\/\/schema.org","@graph":[{"@type":"WebPage","@id":"https:\/\/salonforall.es\/silla-cosmetica-557a-con-cubeta-blanca\/","url":"https:\/\/salonforall.es\/silla-cosmetica-557a-con-cubeta-blanca\/","name":"Cosmetic Chair 557A With White Bucket Buy","isPartOf":{"@id":"https:\/\/salonforall.es\/#website"},"primaryImageOfPage":{"@id":"https:\/\/salonforall.es\/silla-cosmetica-557a-con-cubeta-blanca\/#primaryimage"},"image":{"@id":"https:\/\/salonforall.es\/silla-cosmetica-557a-con-cubeta-blanca\/#primaryimage"},"thumbnailUrl":"https:\/\/salonforall.es\/wp-content\/uploads\/2025\/12\/Silla-Cosmetica-557A-Con-Cubeta-Blanca.jpg","datePublished":"2025-12-02T11:54:14+00:00","dateModified":"2026-03-24T15:53:54+00:00","description":"Buy Cosmetic Chair 557A With White Bucket online or in the showroom at Salon For ALL Spain. The wholesaler for salons, practices and spas in Spain and Portugal.","breadcrumb":{"@id":"https:\/\/salonforall.es\/silla-cosmetica-557a-con-cubeta-blanca\/#breadcrumb"},"inLanguage":"en-GB","potentialAction":[{"@type":"ReadAction","target":["https:\/\/salonforall.es\/silla-cosmetica-557a-con-cubeta-blanca\/"]}]},{"@type":"ImageObject","inLanguage":"en-GB","@id":"https:\/\/salonforall.es\/silla-cosmetica-557a-con-cubeta-blanca\/#primaryimage","url":"https:\/\/salonforall.es\/wp-content\/uploads\/2025\/12\/Silla-Cosmetica-557A-Con-Cubeta-Blanca.jpg","contentUrl":"https:\/\/salonforall.es\/wp-content\/uploads\/2025\/12\/Silla-Cosmetica-557A-Con-Cubeta-Blanca.jpg","width":1200,"height":1200,"caption":"Silla Cosm\u00e9tica 557A Con Cubeta Blanca"},{"@type":"BreadcrumbList","@id":"https:\/\/salonforall.es\/silla-cosmetica-557a-con-cubeta-blanca\/#breadcrumb","itemListElement":[{"@type":"ListItem","position":1,"name":"Home","item":"https:\/\/salonforall.es\/"},{"@type":"ListItem","position":2,"name":"Winkel","item":"https:\/\/salonforall.es\/winkel\/"},{"@type":"ListItem","position":3,"name":"Silla Cosm\u00e9tica 557A Con Cubeta Blanca"}]},{"@type":"WebSite","@id":"https:\/\/salonforall.es\/#website","url":"https:\/\/salonforall.es\/","name":"Salon For ALL Spain","description":"Wholesaler of salon and practice furniture and supplies","publisher":{"@id":"https:\/\/salonforall.es\/#organization"},"potentialAction":[{"@type":"SearchAction","target":{"@type":"EntryPoint","urlTemplate":"https:\/\/salonforall.es\/?s={search_term_string}"},"query-input":{"@type":"PropertyValueSpecification","valueRequired":true,"valueName":"search_term_string"}}],"inLanguage":"en-GB"},{"@type":"Organization","@id":"https:\/\/salonforall.es\/#organization","name":"Salon For All B.V. Spain","alternateName":"Salon For All B.V. Espa\u00f1a - Mayorista de equipamiento para consultas, salones y suministros","url":"https:\/\/salonforall.es\/","logo":{"@type":"ImageObject","inLanguage":"en-GB","@id":"https:\/\/salonforall.es\/#\/schema\/logo\/image\/","url":"https:\/\/salonforall.es\/wp-content\/uploads\/2025\/11\/logo-salon-for-all-e1764543185849.png","contentUrl":"https:\/\/salonforall.es\/wp-content\/uploads\/2025\/11\/logo-salon-for-all-e1764543185849.png","width":500,"height":150,"caption":"Salon For All B.V. Espa\u00f1a"},"image":{"@id":"https:\/\/salonforall.es\/#\/schema\/logo\/image\/"}}]}},"_links":{"self":[{"href":"https:\/\/salonforall.es\/en\/wp-json\/wp\/v2\/product\/8678","targetHints":{"allow":["GET"]}}],"collection":[{"href":"https:\/\/salonforall.es\/en\/wp-json\/wp\/v2\/product"}],"about":[{"href":"https:\/\/salonforall.es\/en\/wp-json\/wp\/v2\/types\/product"}],"replies":[{"embeddable":true,"href":"https:\/\/salonforall.es\/en\/wp-json\/wp\/v2\/comments?post=8678"}],"wp:featuredmedia":[{"embeddable":true,"href":"https:\/\/salonforall.es\/en\/wp-json\/wp\/v2\/media\/8679"}],"wp:attachment":[{"href":"https:\/\/salonforall.es\/en\/wp-json\/wp\/v2\/media?parent=8678"}],"wp:term":[{"taxonomy":"product_brand","embeddable":true,"href":"https:\/\/salonforall.es\/en\/wp-json\/wp\/v2\/product_brand?post=8678"},{"taxonomy":"product_cat","embeddable":true,"href":"https:\/\/salonforall.es\/en\/wp-json\/wp\/v2\/product_cat?post=8678"},{"taxonomy":"product_tag","embeddable":true,"href":"https:\/\/salonforall.es\/en\/wp-json\/wp\/v2\/product_tag?post=8678"}],"curies":[{"name":"wp","href":"https:\/\/api.w.org\/{rel}","templated":true}]}}