{"id":8467,"date":"2025-12-02T12:51:37","date_gmt":"2025-12-02T11:51:37","guid":{"rendered":"https:\/\/salonforall.es\/product\/broca-para-unas-exo-pro-cilindro-de-diamante-14-mm-bl\/"},"modified":"2026-03-24T16:52:14","modified_gmt":"2026-03-24T15:52:14","slug":"drill-bit-for-exo-pro-diamond-cylinder-14-mm-bl","status":"publish","type":"product","link":"https:\/\/salonforall.es\/en\/broca-para-unas-exo-pro-cilindro-de-diamante-14-mm-bl\/","title":{"rendered":"Exo Pro Diamond Cylinder Nail Bits 1,4mm Bl"},"content":{"rendered":"<h2>Information about Exo Pro Diamond Cylinder Nail Bits 1.4mm Bl with item number 138625<\/h2>\n<p>EXO PRO milling cutters are a high quality accessory, manufactured in the EU with the best components available. Precision in the production process makes working with them easy and safe. It is worth remembering that with a correctly selected bur, we can easily remove the hybrid from the nail surface, give them the desired shape and length, smooth calluses and remove unsightly cuticles. APPLICATION: The diamond roller bur can be used both for sanding the nail plate and the skin and for removing small calluses on the nail stem. TECHNICAL DATA: Material: stainless steel with diamond coating. Size: L-8,0 mm, \u00d81,4 mm. Shape: cylindrical. Grinding\/grinding: medium (blue). EXO PRO burs are a high quality accessory, manufactured in the EU with the best components available. The precision in the production process makes working with them easy and safe. Safe.<br \/>Remember that with a suitable bur, we can easily remove the hybrid from the nail surface, give it the desired shape and length, smooth calluses and remove unsightly cuticles.<\/p>\n<p>APPLICATION:<br \/>The diamond bur can be used both for sanding the nail plate and skin and for removing small calluses on the nail stems.<\/p>\n<p>TECHNICAL DATA:<br \/>- Material: stainless steel with diamond coating<br \/>- Size: L-8.0mm, \u00d81.4mm<br \/>- Shape: Cylinder<br \/>- Grinding\/grinding: medium (blue)<\/p>\n<p>A coloured marking on the cutter indicates the sharpness and grain of the cutter (grading).<\/p>\n<p><\/p>\n<p>Activeshop products are proportionally cheaper than many other brands\/suppliers. The price is in relation to the quality. The Exo Pro Diamond Cylinder Nail Drill 1,4 Mm Bl is therefore an affordable solution for your salon.<\/p>\n<h2>How is the Exo Pro Diamond Cylinder Nail Drill 1.4mm Bl delivered?<\/h2>\n<p>The Exo Pro Diamond Cylinder Nail Drill Bit 1,4 Mm Bl is delivered in the original packaging(s). Within the UK, the delivery of the Exo Pro Diamond Nail Drill Bit 1,4 Mm Bl is completely free of charge for orders over 100,- Euro. For shipments to other countries separate shipping rates apply. You can check these rates with us or view them in the shopping cart. Exo Pro Diamond Cylinder Nail Drill 1,4 Mm Bl is shipped via an external courier service.<\/p>\n<p>Packages or pallets are delivered as standard up to the front door threshold, even if you are located in a collective building, apartment building or apartment complex with a lift (provided the item fits in the lift). No lift available or item does not fit in the lift? Then we deliver up to the threshold of the ground floor.<\/p>\n<p>Do you still have questions about delivery or a special situation? Contact us and we will be happy to help you!<\/p>\n<p>*Items are not unpacked or assembled as standard. In special situations you can contact us to make arrangements.<\/p>\n<h2>Secure online shopping at Salon For All with the Webwinkelkeur seal of quality and SSL encryption.<\/h2>\n<p>It is important to us that our customers can shop safely in our online shop. We have been affiliated with the national quality seal Webwinkelkeur since 2019. Our identity has been verified and checked by them, and the online shop has been checked and legally approved. Furthermore, our online shop is affiliated with them for conflict mediation. You can see the logo with all the information of this online shop quality seal on the left or right side of the online shop (pink button with white). In addition, our site is protected with an SSL certificate so that you can surf securely with us. In the bar of your Internet browser, where our website appears, you will see a padlock icon. If you click on the padlock, you will get all the information about our security. This way you know that your Exo Pro Diamond Cylinder Nail Drill 1.4mm Bl order and your personal data is processed securely.<\/p>\n<h2>How can I pay for the Exo Pro Diamond Cylinder Nail Drill 1.4mm Bl?<\/h2>\n<p>We want to make it as easy as possible for you. That's why at Salon For All you can pay with all popular payment methods. Pay in advance, on delivery or afterwards - everything is possible. See here for all the payment methods we offer:<\/p>\n<ul>\n<li>iDEAL<\/li>\n<li>Credit card (Visa, Mastercard, American Express)<\/li>\n<li>Klarna - Payment on delivery with invoice<\/li>\n<li>PayPal<\/li>\n<li>Apple Pay<\/li>\n<li>Google Pay<\/li>\n<li>Bizum (for Spanish customers)<\/li>\n<li>SEPA bank transfer<\/li>\n<li>Bancontact<\/li>\n<li>Commercial invoice for companies<\/li>\n<li>Payment in the showroom - Both card and cash (Only available on collection)<\/li>\n<\/ul>\n<h2>See also reviews of Salon For All<\/h2>\n<p>Please also refer to our reviews to take into account the experiences of our existing customers in your decision to order Exo Pro Diamond Cylinder Nail Bits 1.4 Mm Bl with us. Through our independent online shop quality seal Webwinkelkeur, verified reviews are automatically collected from customers who have completed an order with us. You can find them behind the pink button in our online shop or they are listed under the products.<\/p>\n<p>Please also share your experience after shopping with your Exo Pro Diamond Cylinder Nail Drill 1,4 Mm Bl order and your experience with the purchase process or contacting Salon For All to inspire others!<\/p>\n<h2>Contact Salon For All<\/h2>\n<p>Please contact us then. We will be happy to help you with your purchase of Exo Pro Diamond Cylinder Nail Drill Bit 1.4mm Bl. On weekdays we are best available between 8.30am and 5pm via the telephone number and email address at the top of the online shop or via the chat function. Out-of-hours enquiries are usually answered within 24 hours. It is also possible to visit us outside working days or office hours. However, an appointment must be made in advance.<\/p>\n<h2>Would you like to visit our showroom?<\/h2>\n<p>Would you prefer to see Exo Pro Nail Drill Diamond Cylinder 1,4 Mm Bl or browse through our (online) shop offer together with our colleague? Then visit our showroom with more than 1000m\u00b2 of salon equipment and be inspired by our employees. Also if you like to get to know us pleasantly over a cup of coffee or tea, you are very welcome. We do not have all products in stock, so please let us know in advance that you would like to come. Always make an appointment in advance.<\/p>\n<h2>14 days of reflection and our return policy<\/h2>\n<p>It may of course happen that the Exo Pro Diamond Cylinder Nail Drill 1,4 Mm Bl delivered is not completely to your liking and you wish to return it. This is no problem at Salon For All. You must notify your return within 14 working days via info@salonforall.es. You will then first receive all return instructions and conditions. Please note that the Exo Pro Diamond Cylinder Nail Drill 1,4 Mm Bl must be unused, contain all supplied parts and be returned in the original packaging. Shipping costs for a return are always at the expense of the buyer on purchases through www.salonforall.es. You must arrange transport yourself with a carrier of your choice for a return. Once the Exo Pro Diamond Cylinder Nail Drill 1,4 Mm Bl has been returned, it will be checked for completeness and possible damage. Once the return has been approved, the purchase amount will be refunded within 5 working days to the bank account we have on record.<\/p>\n<h2>Who is Salon For All?<\/h2>\n<p>Salon For All is THE wholesaler for all salon equipment in Europe. Salon For All started in 2003 under the name Salonvoordeel and grew out of practice. The owners of Salon For All were experienced hairdressers and beauty specialists and have together more than 30 years of practical experience. In 2003 we launched Salonvoordeel.nl (Netherlands) and subsequently Salon For All was founded for the European market. Some of our employees started their own business and so the idea to launch a functional online shop for hairdressers and to help them with the equipment of their salon was born.<\/p>\n<p>Our showroom is located in Dinxperlo, directly on the border between the Netherlands and Germany. With our many years of experience in the industry, we can serve you as a mirror and provide you with the right advice - we speak the same language! We advise, inspire, motivate and support you in the purchase of Exo Pro Diamond Cylinder Nail Bits 1,4 Mm Bl. Our suppliers are located all over Europe, from Germany, England, Italy to Poland.<\/p>","protected":false},"excerpt":{"rendered":"<p>The Exo Pro Diamond Cylinder Nail Drill 1,4 Mm Bl is a high quality solution for any salon. The estimated delivery time is approximately 6 working days.<\/p>","protected":false},"featured_media":8468,"comment_status":"open","ping_status":"open","template":"","meta":[],"product_brand":[286],"product_cat":[3276,161],"product_tag":[3277,164],"class_list":{"0":"post-8467","1":"product","2":"type-product","3":"status-publish","4":"has-post-thumbnail","6":"product_brand-exo","7":"product_cat-aptitudes-de-podologia","8":"product_cat-podologia","9":"product_tag-aptitudes-de-podologia","10":"product_tag-podologia","11":"pa_codigo-ean-7759","12":"pa_garantia-12-meses","13":"pa_marca-exo","14":"pa_numero-de-articulo-3304","15":"pa_tiempo-estimado-de-entrega-4-5-dias-laborables","17":"first","18":"instock","19":"sale","20":"taxable","21":"shipping-taxable","22":"purchasable","23":"product-type-simple"},"yoast_head":"<!-- This site is optimized with the Yoast SEO plugin v27.4 - https:\/\/yoast.com\/product\/yoast-seo-wordpress\/ -->\n<title>Broca Para U\u00f1as Exo Pro Cilindro De Diamante 1,4 Mm Bl comprar<\/title>\n<meta name=\"description\" content=\"Compra Broca Para U\u00f1as Exo Pro Cilindro De Diamante 1,4 Mm Bl online o en el showroom en Salon For ALL Espa\u00f1a. El mayorista para salones, consultas y spas en Espa\u00f1a y Portugal.\" \/>\n<meta name=\"robots\" content=\"index, follow, max-snippet:-1, max-image-preview:large, max-video-preview:-1\" \/>\n<link rel=\"canonical\" href=\"https:\/\/salonforall.es\/en\/drill-bit-for-exo-pro-diamond-cylinder-14-mm-bl\/\" \/>\n<meta property=\"og:locale\" content=\"en_GB\" \/>\n<meta property=\"og:type\" content=\"article\" \/>\n<meta property=\"og:title\" content=\"Broca Para U\u00f1as Exo Pro Cilindro De Diamante 1,4 Mm Bl\" \/>\n<meta property=\"og:description\" content=\"Compra Broca Para U\u00f1as Exo Pro Cilindro De Diamante 1,4 Mm Bl online o en el showroom en Salon For ALL Espa\u00f1a. El mayorista para salones, consultas y spas en Espa\u00f1a y Portugal.\" \/>\n<meta property=\"og:url\" content=\"https:\/\/salonforall.es\/en\/drill-bit-for-exo-pro-diamond-cylinder-14-mm-bl\/\" \/>\n<meta property=\"og:site_name\" content=\"Salon For ALL Espa\u00f1a\" \/>\n<meta property=\"article:modified_time\" content=\"2026-03-24T15:52:14+00:00\" \/>\n<meta property=\"og:image\" content=\"https:\/\/salonforall.es\/wp-content\/uploads\/2025\/12\/Broca-Para-Unas-Exo-Pro-Cilindro-De-Diamante-14-Mm-Bl.jpg\" \/>\n\t<meta property=\"og:image:width\" content=\"800\" \/>\n\t<meta property=\"og:image:height\" content=\"800\" \/>\n\t<meta property=\"og:image:type\" content=\"image\/jpeg\" \/>\n<meta name=\"twitter:card\" content=\"summary_large_image\" \/>\n<meta name=\"twitter:title\" content=\"Broca Para U\u00f1as Exo Pro Cilindro De Diamante 1,4 Mm Bl\" \/>\n<meta name=\"twitter:label1\" content=\"Estimated reading time\" \/>\n\t<meta name=\"twitter:data1\" content=\"8 minutes\" \/>\n<script type=\"application\/ld+json\" class=\"yoast-schema-graph\">{\"@context\":\"https:\\\/\\\/schema.org\",\"@graph\":[{\"@type\":\"WebPage\",\"@id\":\"https:\\\/\\\/salonforall.es\\\/broca-para-unas-exo-pro-cilindro-de-diamante-14-mm-bl\\\/\",\"url\":\"https:\\\/\\\/salonforall.es\\\/broca-para-unas-exo-pro-cilindro-de-diamante-14-mm-bl\\\/\",\"name\":\"Broca Para U\u00f1as Exo Pro Cilindro De Diamante 1,4 Mm Bl comprar\",\"isPartOf\":{\"@id\":\"https:\\\/\\\/salonforall.es\\\/#website\"},\"primaryImageOfPage\":{\"@id\":\"https:\\\/\\\/salonforall.es\\\/broca-para-unas-exo-pro-cilindro-de-diamante-14-mm-bl\\\/#primaryimage\"},\"image\":{\"@id\":\"https:\\\/\\\/salonforall.es\\\/broca-para-unas-exo-pro-cilindro-de-diamante-14-mm-bl\\\/#primaryimage\"},\"thumbnailUrl\":\"https:\\\/\\\/salonforall.es\\\/wp-content\\\/uploads\\\/2025\\\/12\\\/Broca-Para-Unas-Exo-Pro-Cilindro-De-Diamante-14-Mm-Bl.jpg\",\"datePublished\":\"2025-12-02T11:51:37+00:00\",\"dateModified\":\"2026-03-24T15:52:14+00:00\",\"description\":\"Compra Broca Para U\u00f1as Exo Pro Cilindro De Diamante 1,4 Mm Bl online o en el showroom en Salon For ALL Espa\u00f1a. El mayorista para salones, consultas y spas en Espa\u00f1a y Portugal.\",\"breadcrumb\":{\"@id\":\"https:\\\/\\\/salonforall.es\\\/broca-para-unas-exo-pro-cilindro-de-diamante-14-mm-bl\\\/#breadcrumb\"},\"inLanguage\":\"en-GB\",\"potentialAction\":[{\"@type\":\"ReadAction\",\"target\":[\"https:\\\/\\\/salonforall.es\\\/broca-para-unas-exo-pro-cilindro-de-diamante-14-mm-bl\\\/\"]}]},{\"@type\":\"ImageObject\",\"inLanguage\":\"en-GB\",\"@id\":\"https:\\\/\\\/salonforall.es\\\/broca-para-unas-exo-pro-cilindro-de-diamante-14-mm-bl\\\/#primaryimage\",\"url\":\"https:\\\/\\\/salonforall.es\\\/wp-content\\\/uploads\\\/2025\\\/12\\\/Broca-Para-Unas-Exo-Pro-Cilindro-De-Diamante-14-Mm-Bl.jpg\",\"contentUrl\":\"https:\\\/\\\/salonforall.es\\\/wp-content\\\/uploads\\\/2025\\\/12\\\/Broca-Para-Unas-Exo-Pro-Cilindro-De-Diamante-14-Mm-Bl.jpg\",\"width\":800,\"height\":800,\"caption\":\"Broca Para U\u00f1as Exo Pro Cilindro De Diamante 1\"},{\"@type\":\"BreadcrumbList\",\"@id\":\"https:\\\/\\\/salonforall.es\\\/broca-para-unas-exo-pro-cilindro-de-diamante-14-mm-bl\\\/#breadcrumb\",\"itemListElement\":[{\"@type\":\"ListItem\",\"position\":1,\"name\":\"Home\",\"item\":\"https:\\\/\\\/salonforall.es\\\/\"},{\"@type\":\"ListItem\",\"position\":2,\"name\":\"Winkel\",\"item\":\"https:\\\/\\\/salonforall.es\\\/winkel\\\/\"},{\"@type\":\"ListItem\",\"position\":3,\"name\":\"Broca Para U\u00f1as Exo Pro Cilindro De Diamante 1,4 Mm Bl\"}]},{\"@type\":\"WebSite\",\"@id\":\"https:\\\/\\\/salonforall.es\\\/#website\",\"url\":\"https:\\\/\\\/salonforall.es\\\/\",\"name\":\"Salon For ALL Espa\u00f1a\",\"description\":\"Mayorista de mobiliario y suministros para consultorios y salones\",\"publisher\":{\"@id\":\"https:\\\/\\\/salonforall.es\\\/#organization\"},\"potentialAction\":[{\"@type\":\"SearchAction\",\"target\":{\"@type\":\"EntryPoint\",\"urlTemplate\":\"https:\\\/\\\/salonforall.es\\\/?s={search_term_string}\"},\"query-input\":{\"@type\":\"PropertyValueSpecification\",\"valueRequired\":true,\"valueName\":\"search_term_string\"}}],\"inLanguage\":\"en-GB\"},{\"@type\":\"Organization\",\"@id\":\"https:\\\/\\\/salonforall.es\\\/#organization\",\"name\":\"Salon For All B.V. Espa\u00f1a\",\"alternateName\":\"Salon For All B.V. Espa\u00f1a - Mayorista de equipamiento para consultas, salones y suministros\",\"url\":\"https:\\\/\\\/salonforall.es\\\/\",\"logo\":{\"@type\":\"ImageObject\",\"inLanguage\":\"en-GB\",\"@id\":\"https:\\\/\\\/salonforall.es\\\/#\\\/schema\\\/logo\\\/image\\\/\",\"url\":\"https:\\\/\\\/salonforall.es\\\/wp-content\\\/uploads\\\/2025\\\/11\\\/logo-salon-for-all-e1764543185849.png\",\"contentUrl\":\"https:\\\/\\\/salonforall.es\\\/wp-content\\\/uploads\\\/2025\\\/11\\\/logo-salon-for-all-e1764543185849.png\",\"width\":500,\"height\":150,\"caption\":\"Salon For All B.V. Espa\u00f1a\"},\"image\":{\"@id\":\"https:\\\/\\\/salonforall.es\\\/#\\\/schema\\\/logo\\\/image\\\/\"}}]}<\/script>\n<!-- \/ Yoast SEO plugin. -->","yoast_head_json":{"title":"Exo Pro Diamond Cylinder Nail Bits 1,4 Mm Bl for sale","description":"Buy Exo Pro Diamond Cylinder Nail Bits 1,4 Mm Bl online or in the showroom at Salon For ALL Spain. The wholesaler for salons, practices and spas in Spain and Portugal.","robots":{"index":"index","follow":"follow","max-snippet":"max-snippet:-1","max-image-preview":"max-image-preview:large","max-video-preview":"max-video-preview:-1"},"canonical":"https:\/\/salonforall.es\/en\/drill-bit-for-exo-pro-diamond-cylinder-14-mm-bl\/","og_locale":"en_GB","og_type":"article","og_title":"Broca Para U\u00f1as Exo Pro Cilindro De Diamante 1,4 Mm Bl","og_description":"Compra Broca Para U\u00f1as Exo Pro Cilindro De Diamante 1,4 Mm Bl online o en el showroom en Salon For ALL Espa\u00f1a. El mayorista para salones, consultas y spas en Espa\u00f1a y Portugal.","og_url":"https:\/\/salonforall.es\/en\/drill-bit-for-exo-pro-diamond-cylinder-14-mm-bl\/","og_site_name":"Salon For ALL Espa\u00f1a","article_modified_time":"2026-03-24T15:52:14+00:00","og_image":[{"width":800,"height":800,"url":"https:\/\/salonforall.es\/wp-content\/uploads\/2025\/12\/Broca-Para-Unas-Exo-Pro-Cilindro-De-Diamante-14-Mm-Bl.jpg","type":"image\/jpeg"}],"twitter_card":"summary_large_image","twitter_title":"Broca Para U\u00f1as Exo Pro Cilindro De Diamante 1,4 Mm Bl","twitter_misc":{"Estimated reading time":"8 minutes"},"schema":{"@context":"https:\/\/schema.org","@graph":[{"@type":"WebPage","@id":"https:\/\/salonforall.es\/broca-para-unas-exo-pro-cilindro-de-diamante-14-mm-bl\/","url":"https:\/\/salonforall.es\/broca-para-unas-exo-pro-cilindro-de-diamante-14-mm-bl\/","name":"Exo Pro Diamond Cylinder Nail Bits 1,4 Mm Bl for sale","isPartOf":{"@id":"https:\/\/salonforall.es\/#website"},"primaryImageOfPage":{"@id":"https:\/\/salonforall.es\/broca-para-unas-exo-pro-cilindro-de-diamante-14-mm-bl\/#primaryimage"},"image":{"@id":"https:\/\/salonforall.es\/broca-para-unas-exo-pro-cilindro-de-diamante-14-mm-bl\/#primaryimage"},"thumbnailUrl":"https:\/\/salonforall.es\/wp-content\/uploads\/2025\/12\/Broca-Para-Unas-Exo-Pro-Cilindro-De-Diamante-14-Mm-Bl.jpg","datePublished":"2025-12-02T11:51:37+00:00","dateModified":"2026-03-24T15:52:14+00:00","description":"Buy Exo Pro Diamond Cylinder Nail Bits 1,4 Mm Bl online or in the showroom at Salon For ALL Spain. The wholesaler for salons, practices and spas in Spain and Portugal.","breadcrumb":{"@id":"https:\/\/salonforall.es\/broca-para-unas-exo-pro-cilindro-de-diamante-14-mm-bl\/#breadcrumb"},"inLanguage":"en-GB","potentialAction":[{"@type":"ReadAction","target":["https:\/\/salonforall.es\/broca-para-unas-exo-pro-cilindro-de-diamante-14-mm-bl\/"]}]},{"@type":"ImageObject","inLanguage":"en-GB","@id":"https:\/\/salonforall.es\/broca-para-unas-exo-pro-cilindro-de-diamante-14-mm-bl\/#primaryimage","url":"https:\/\/salonforall.es\/wp-content\/uploads\/2025\/12\/Broca-Para-Unas-Exo-Pro-Cilindro-De-Diamante-14-Mm-Bl.jpg","contentUrl":"https:\/\/salonforall.es\/wp-content\/uploads\/2025\/12\/Broca-Para-Unas-Exo-Pro-Cilindro-De-Diamante-14-Mm-Bl.jpg","width":800,"height":800,"caption":"Broca Para U\u00f1as Exo Pro Cilindro De Diamante 1"},{"@type":"BreadcrumbList","@id":"https:\/\/salonforall.es\/broca-para-unas-exo-pro-cilindro-de-diamante-14-mm-bl\/#breadcrumb","itemListElement":[{"@type":"ListItem","position":1,"name":"Home","item":"https:\/\/salonforall.es\/"},{"@type":"ListItem","position":2,"name":"Winkel","item":"https:\/\/salonforall.es\/winkel\/"},{"@type":"ListItem","position":3,"name":"Broca Para U\u00f1as Exo Pro Cilindro De Diamante 1,4 Mm Bl"}]},{"@type":"WebSite","@id":"https:\/\/salonforall.es\/#website","url":"https:\/\/salonforall.es\/","name":"Salon For ALL Spain","description":"Wholesaler of salon and practice furniture and supplies","publisher":{"@id":"https:\/\/salonforall.es\/#organization"},"potentialAction":[{"@type":"SearchAction","target":{"@type":"EntryPoint","urlTemplate":"https:\/\/salonforall.es\/?s={search_term_string}"},"query-input":{"@type":"PropertyValueSpecification","valueRequired":true,"valueName":"search_term_string"}}],"inLanguage":"en-GB"},{"@type":"Organization","@id":"https:\/\/salonforall.es\/#organization","name":"Salon For All B.V. Spain","alternateName":"Salon For All B.V. Espa\u00f1a - Mayorista de equipamiento para consultas, salones y suministros","url":"https:\/\/salonforall.es\/","logo":{"@type":"ImageObject","inLanguage":"en-GB","@id":"https:\/\/salonforall.es\/#\/schema\/logo\/image\/","url":"https:\/\/salonforall.es\/wp-content\/uploads\/2025\/11\/logo-salon-for-all-e1764543185849.png","contentUrl":"https:\/\/salonforall.es\/wp-content\/uploads\/2025\/11\/logo-salon-for-all-e1764543185849.png","width":500,"height":150,"caption":"Salon For All B.V. Espa\u00f1a"},"image":{"@id":"https:\/\/salonforall.es\/#\/schema\/logo\/image\/"}}]}},"_links":{"self":[{"href":"https:\/\/salonforall.es\/en\/wp-json\/wp\/v2\/product\/8467","targetHints":{"allow":["GET"]}}],"collection":[{"href":"https:\/\/salonforall.es\/en\/wp-json\/wp\/v2\/product"}],"about":[{"href":"https:\/\/salonforall.es\/en\/wp-json\/wp\/v2\/types\/product"}],"replies":[{"embeddable":true,"href":"https:\/\/salonforall.es\/en\/wp-json\/wp\/v2\/comments?post=8467"}],"wp:featuredmedia":[{"embeddable":true,"href":"https:\/\/salonforall.es\/en\/wp-json\/wp\/v2\/media\/8468"}],"wp:attachment":[{"href":"https:\/\/salonforall.es\/en\/wp-json\/wp\/v2\/media?parent=8467"}],"wp:term":[{"taxonomy":"product_brand","embeddable":true,"href":"https:\/\/salonforall.es\/en\/wp-json\/wp\/v2\/product_brand?post=8467"},{"taxonomy":"product_cat","embeddable":true,"href":"https:\/\/salonforall.es\/en\/wp-json\/wp\/v2\/product_cat?post=8467"},{"taxonomy":"product_tag","embeddable":true,"href":"https:\/\/salonforall.es\/en\/wp-json\/wp\/v2\/product_tag?post=8467"}],"curies":[{"name":"wp","href":"https:\/\/api.w.org\/{rel}","templated":true}]}}