{"id":7512,"date":"2025-12-02T12:40:40","date_gmt":"2025-12-02T11:40:40","guid":{"rendered":"https:\/\/salonforall.es\/product\/taladro-de-unas-con-absorbedor-exo-supernova\/"},"modified":"2026-03-24T16:48:10","modified_gmt":"2026-03-24T15:48:10","slug":"taladro-de-unas-con-absorbedor-exo-supernova","status":"publish","type":"product","link":"https:\/\/salonforall.es\/en\/taladro-de-unas-con-absorbedor-exo-supernova\/","title":{"rendered":"Exo Supernova Nail Drill With Absorber"},"content":{"rendered":"<h2>Informaci\u00f3n sobre Taladro De U\u00f1as Con Absorbedor Exo Supernova con n\u00famero de art\u00edculo 132889<\/h2>\n<h2><strong>Equipo profesional<\/strong><\/h2>\n<p><strong>Exo<\/strong> es una marca que ofrece productos de la m\u00e1s alta calidad para la industria de la cosmetolog\u00eda y la podolog\u00eda. Se distingue por su excepcional compromiso con el desarrollo de la oferta, teniendo en cuenta las necesidades del cliente. Los equipos y accesorios profesionales, incluyendo los taladros de u\u00f1as, aumentan significativamente la comodidad de trabajo gracias a su fabricaci\u00f3n de alta calidad.<\/p>\n<p><img decoding=\"async\" src=\"https:\/\/activeshop.com.pl\/media\/wysiwyg\/product\/132889\/EN_132889_1.jpg\"><\/p>\n<h2>&nbsp;<\/h2>\n<h2><strong>Gran potencia y eficacia<br \/><\/strong><\/h2>\n<p><strong>El taladro de u\u00f1as EXO SUPERnova<\/strong> ofrece un potente motor y un sistema de absorci\u00f3n de polvo. Es el sucesor de la legendaria fresadora Magic Pedi. Dise\u00f1ado para su uso \u00f3ptimo en pedicuras y el tratamiento de afecciones de los pies. El micromotor de la pieza de mano sin escobillas funciona en un rango de <strong>0 a 30 mil revoluciones por minuto<\/strong>. <strong>La turbina de succi\u00f3n de 350 W<\/strong> absorber\u00e1 el polvo a la perfecci\u00f3n. El producto fue fabricado en Alemania, lo que garantiza la m\u00e1xima calidad y precisi\u00f3n. <\/p>\n<p><img decoding=\"async\" src=\"https:\/\/activeshop.com.pl\/media\/wysiwyg\/product\/132889\/EN_132889_2.jpg\"><\/p>\n<p>&nbsp;<\/p>\n<h2><strong>Toda la funcionalidad que necesita<\/strong><\/h2>\n<p>Cabe destacar que el dispositivo permite cambiar el sentido de rotaci\u00f3n, controlar el estado del filtro y regular la potencia de succi\u00f3n. La pantalla mostrar\u00e1 la velocidad y el estado del filtro.<\/p>\n<p><img decoding=\"async\" src=\"https:\/\/activeshop.com.pl\/media\/wysiwyg\/product\/132889\/EN_132889_4.jpg\"><\/p>\n<h2>&nbsp;<\/h2>\n<h2><strong>Seguridad durante el trabajo<br \/><\/strong><\/h2>\n<p>Al elegir un taladro de u\u00f1as para tratamientos de pedicura, conviene elegir uno con absorbedor. Gracias a esto, una persona que realiza muchos procedimientos al d\u00eda no inhalar\u00e1 el material abrasivo y proteger\u00e1 sus pulmones. A su vez, el polvo formado no circular\u00e1 por la habitaci\u00f3n, donde se adhiere a objetos, muebles y paredes, creando un ambiente propicio para la reproducci\u00f3n de bacterias y virus que habitan en la epidermis y las u\u00f1as. El interior cuenta con un filtro antibacteriano, que debe reemplazarse cuando est\u00e9 casi lleno para garantizar la vida \u00fatil completa del dispositivo. Los filtros reemplazables est\u00e1n disponibles en la oferta de la tienda.<\/p>\n<p><img decoding=\"async\" src=\"https:\/\/activeshop.com.pl\/media\/wysiwyg\/product\/132889\/EN_132889_3.jpg\"><\/p>\n<p><strong>Nota:<\/strong> Para que el sistema de extracci\u00f3n de polvo funcione correctamente, es importante utilizar brocas y accesorios que no bloqueen el flujo de aire en el cabezal. El uso de puntas de superficie completa (p. ej., discos sin orificios de ventilaci\u00f3n) puede reducir la eficacia del absorbedor y provocar un sobrecalentamiento del dispositivo.<\/p>\n<h2><strong>Specifications:<\/strong><\/h2>\n<ul>\n<li>Dispositivo profesional para pedicura y tratamiento de afecciones de los pies<\/li>\n<li>Dispositivo de alta calidad fabricado en Alemania<\/li>\n<li>Pieza de mano sin escobillas<\/li>\n<li>Regulaci\u00f3n de la velocidad de rotaci\u00f3n en el rango<strong>de 0 a 30 mil<\/strong><\/li>\n<li>Aspirador de polvo eficaz<\/li>\n<li>Sistema de control de filtro<\/li>\n<li>Inversi\u00f3n del sentido de rotaci\u00f3n<\/li>\n<li>Pantalla digital<\/li>\n<li>Warranty: 12 months<\/li>\n<li>El conjunto incluye: una caja de control\/turbina de succi\u00f3n, una pieza de mano con un micromotor (conectado con una manguera), un soporte para la pieza de mano y un taladro de limpieza para la pieza de mano.<\/li>\n<\/ul>\n<h2><strong>Technical data:<\/strong><\/h2>\n<p>Voltaje: 230 V \/ 50 Hz (opcional: 115 V \/ 60 Hz)<br \/>Power: <strong>m\u00e1x. 350 vatios<\/strong><br \/>Volumen del dispositivo: 57,4 dB-63,1 dB<br \/>Pieza de mano: <strong>m\u00e1x. 50 W<\/strong> \/ 24 V \/ <strong>30.000 rpm<\/strong> \/ Motor de CC<br \/>Dimensiones de la caja de control: (An. x Al. x Pr.) 219 x 124 x 232 mm<br \/>Dimensiones de la pieza de mano de succi\u00f3n: L = 118 mm, Pr = 17-27-31 mm<br \/>Peso: aprox. 3,0 kg (juego)<br \/>Fusible: T2,5 A (115 V: T5,0 A)<br \/>Clase de aislamiento: 2, tipo B.<\/p>\n<p>Los productos Activeshop son proporcionalmente m\u00e1s econ\u00f3micos que muchas otras marcas\/proveedores. El precio est\u00e1 en relaci\u00f3n con la calidad. Taladro De U\u00f1as Con Absorbedor Exo Supernova es por lo tanto una soluci\u00f3n accesible para su sal\u00f3n.<\/p>\n<h2>\u00bfC\u00f3mo se entrega Taladro De U\u00f1as Con Absorbedor Exo Supernova?<\/h2>\n<p>Taladro De U\u00f1as Con Absorbedor Exo Supernova se entrega en embalaje(s) original(es). Dentro de Espa\u00f1a el env\u00edo de Taladro De U\u00f1as Con Absorbedor Exo Supernova es completamente gratuito para pedidos a partir de 100,- euros. Para env\u00edos a otros pa\u00edses se aplican tarifas de env\u00edo separadas. Puede consultar estas tarifas con nosotros o verlas en el carrito de compra. Taladro De U\u00f1as Con Absorbedor Exo Supernova se env\u00eda a trav\u00e9s de un servicio de mensajer\u00eda externo.<\/p>\n<p>Packages or pallets are delivered as standard up to the front door threshold, even if you are located in a collective building, apartment building or apartment complex with a lift (provided the item fits in the lift). No lift available or item does not fit in the lift? Then we deliver up to the threshold of the ground floor.<\/p>\n<p>Do you still have questions about delivery or a special situation? Contact us and we will be happy to help you!<\/p>\n<p>*Items are not unpacked or assembled as standard. In special situations you can contact us to make arrangements.<\/p>\n<h2>Secure online shopping at Salon For All with the Webwinkelkeur seal of quality and SSL encryption.<\/h2>\n<p>Es importante para nosotros que nuestros clientes puedan comprar de forma segura en nuestra tienda online. Estamos afiliados al sello de calidad nacional Webwinkelkeur desde 2019. Nuestra identidad ha sido verificada y comprobada por ellos, y la tienda online ha sido revisada y aprobada legalmente. Adem\u00e1s, nuestra tienda online est\u00e1 afiliada a ellos para la mediaci\u00f3n de conflictos. Puede ver la insignia con toda la informaci\u00f3n de este sello de calidad de tienda online en el lado izquierdo o derecho de la tienda online (bot\u00f3n rosa con blanco). Adem\u00e1s, nuestro sitio est\u00e1 protegido con un certificado SSL para que pueda navegar de forma segura con nosotros. En la barra de su navegador de Internet, donde aparece nuestro sitio web, ver\u00e1 un icono de candado. Si hace clic en el candado, obtendr\u00e1 toda la informaci\u00f3n sobre nuestra seguridad. De esta manera sabe que su pedido de Taladro De U\u00f1as Con Absorbedor Exo Supernova y sus datos personales se procesan de forma segura.<\/p>\n<h2>\u00bfC\u00f3mo puedo pagar Taladro De U\u00f1as Con Absorbedor Exo Supernova?<\/h2>\n<p>We want to make it as easy as possible for you. That's why at Salon For All you can pay with all popular payment methods. Pay in advance, on delivery or afterwards - everything is possible. See here for all the payment methods we offer:<\/p>\n<ul>\n<li>iDEAL<\/li>\n<li>Credit card (Visa, Mastercard, American Express)<\/li>\n<li>Klarna - Payment on delivery with invoice<\/li>\n<li>PayPal<\/li>\n<li>Apple Pay<\/li>\n<li>Google Pay<\/li>\n<li>Bizum (for Spanish customers)<\/li>\n<li>SEPA bank transfer<\/li>\n<li>Bancontact<\/li>\n<li>Commercial invoice for companies<\/li>\n<li>Payment in the showroom - Both card and cash (Only available on collection)<\/li>\n<\/ul>\n<h2>See also reviews of Salon For All<\/h2>\n<p>Consulte tambi\u00e9n nuestras rese\u00f1as para tener en cuenta las experiencias de nuestros clientes actuales en su decisi\u00f3n de pedir Taladro De U\u00f1as Con Absorbedor Exo Supernova con nosotros. A trav\u00e9s de nuestro sello de calidad independiente de tienda online Webwinkelkeur, se recopilan autom\u00e1ticamente rese\u00f1as verificadas de clientes que han completado un pedido con nosotros. Puede encontrarlas detr\u00e1s del bot\u00f3n rosa en nuestra tienda online o aparecen listadas debajo de los productos.<\/p>\n<p>\u00a1Comparta tambi\u00e9n su experiencia despu\u00e9s de su compra con su Taladro De U\u00f1as Con Absorbedor Exo Supernova pedido y su experiencia con el proceso de compra o el contacto con Salon For All para inspirar a otros!<\/p>\n<h2>Contact Salon For All<\/h2>\n<p>Cont\u00e1ctenos entonces. Estaremos encantados de ayudarle con la adquisici\u00f3n de Taladro De U\u00f1as Con Absorbedor Exo Supernova. En d\u00edas laborables estamos mejor disponibles entre las 8.30 y las 17.00 horas a trav\u00e9s del n\u00famero de tel\u00e9fono y direcci\u00f3n de correo electr\u00f3nico en la parte superior de la tienda online o a trav\u00e9s de la funci\u00f3n de chat. Las consultas fuera del horario de oficina suelen responderse en un plazo de 24 horas. Tambi\u00e9n es posible visitarnos fuera de los d\u00edas laborables u horario de oficina. Pero para ello es necesario concertar una cita previa.<\/p>\n<h2>Would you like to visit our showroom?<\/h2>\n<p>\u00bfPrefiere ver Taladro De U\u00f1as Con Absorbedor Exo Supernova o recorrer nuestra oferta de la tienda (online) junto con nuestro colega? Entonces visite nuestro showroom con m\u00e1s de 1000m\u00b2 de equipamiento para salones y d\u00e9jese inspirar por nuestros empleados. Tambi\u00e9n si le gusta conocernos de manera agradable disfrutando de una buena taza de caf\u00e9 o t\u00e9, es muy bienvenido. No tenemos todos los productos en stock, as\u00ed que h\u00e1ganos saber de antemano que desea venir. Concierte siempre una cita previa.<\/p>\n<h2>14 days of reflection and our return policy<\/h2>\n<p>Por supuesto puede ocurrir que Taladro De U\u00f1as Con Absorbedor Exo Supernova entregado no sea completamente de su agrado y desee devolverlo. Eso no es ning\u00fan problema en Salon For All. Debe notificar su devoluci\u00f3n dentro de 14 d\u00edas laborables a trav\u00e9s de info@salonforall.es. Entonces recibir\u00e1 primero todas las instrucciones y condiciones de devoluci\u00f3n. Tenga en cuenta que Taladro De U\u00f1as Con Absorbedor Exo Supernova no debe haber sido usado, debe contener todas las partes suministradas y debe devolverse empaquetado en el embalaje original. Los costos de env\u00edo de una devoluci\u00f3n son siempre a cargo del comprador en compras a trav\u00e9s de www.salonforall.es. Debe organizar usted mismo un transporte con una empresa de transporte de su elecci\u00f3n para una devoluci\u00f3n. Una vez que Taladro De U\u00f1as Con Absorbedor Exo Supernova haya sido devuelto, se verificar\u00e1 su integridad y posibles da\u00f1os. Una vez que la devoluci\u00f3n haya sido aprobada, el importe de la compra se reembolsar\u00e1 dentro de 5 d\u00edas laborables a la cuenta bancaria que tenemos registrada.<\/p>\n<h2>Who is Salon For All?<\/h2>\n<p>Salon For All is THE wholesaler for all salon equipment in Europe. Salon For All started in 2003 under the name Salonvoordeel and grew out of practice. The owners of Salon For All were experienced hairdressers and beauty specialists and have together more than 30 years of practical experience. In 2003 we launched Salonvoordeel.nl (Netherlands) and subsequently Salon For All was founded for the European market. Some of our employees started their own business and so the idea to launch a functional online shop for hairdressers and to help them with the equipment of their salon was born.<\/p>\n<p>Nuestro showroom se encuentra en Dinxperlo, directamente en la frontera entre los Pa\u00edses Bajos y Alemania. Con nuestra amplia experiencia en el sector podemos servirle de espejo y proporcionarle el asesoramiento adecuado. \u00a1Hablamos el mismo idioma! Le asesoramos, inspiramos, motivamos y ayudamos en la adquisici\u00f3n de Taladro De U\u00f1as Con Absorbedor Exo Supernova. Nuestros proveedores se encuentran en toda Europa, desde Alemania, Inglaterra, Italia hasta Polonia.<\/p>","protected":false},"excerpt":{"rendered":"<p>The Exo Supernova Nail Drill With Absorber is a high quality solution for any salon. Estimated delivery time is approximately 6 working days.<\/p>","protected":false},"featured_media":7513,"comment_status":"open","ping_status":"open","template":"","meta":[],"product_brand":[286],"product_cat":[161,287],"product_tag":[164,288],"class_list":{"0":"post-7512","1":"product","2":"type-product","3":"status-publish","4":"has-post-thumbnail","6":"product_brand-exo","7":"product_cat-podologia","8":"product_cat-taladros-de-podologia","9":"product_tag-podologia","10":"product_tag-taladros-de-podologia","11":"pa_codigo-ean-7759","12":"pa_garantia-12-meses","13":"pa_marca-exo","14":"pa_numero-de-articulo-2872","15":"pa_tiempo-estimado-de-entrega-4-5-dias-laborables","17":"first","18":"instock","19":"sale","20":"taxable","21":"shipping-taxable","22":"purchasable","23":"product-type-simple"},"yoast_head":"<!-- This site is optimized with the Yoast SEO plugin v27.6 - https:\/\/yoast.com\/product\/yoast-seo-wordpress\/ -->\n<title>Taladro De U\u00f1as Con Absorbedor Exo Supernova comprar<\/title>\n<meta name=\"description\" content=\"Compra Taladro De U\u00f1as Con Absorbedor Exo Supernova online o en el showroom en Salon For ALL Espa\u00f1a. El mayorista para salones, consultas y spas en Espa\u00f1a y Portugal.\" \/>\n<meta name=\"robots\" content=\"index, follow, max-snippet:-1, max-image-preview:large, max-video-preview:-1\" \/>\n<link rel=\"canonical\" href=\"https:\/\/salonforall.es\/en\/taladro-de-unas-con-absorbedor-exo-supernova\/\" \/>\n<meta property=\"og:locale\" content=\"en_GB\" \/>\n<meta property=\"og:type\" content=\"article\" \/>\n<meta property=\"og:title\" content=\"Taladro De U\u00f1as Con Absorbedor Exo Supernova\" \/>\n<meta property=\"og:description\" content=\"Compra Taladro De U\u00f1as Con Absorbedor Exo Supernova online o en el showroom en Salon For ALL Espa\u00f1a. El mayorista para salones, consultas y spas en Espa\u00f1a y Portugal.\" \/>\n<meta property=\"og:url\" content=\"https:\/\/salonforall.es\/en\/taladro-de-unas-con-absorbedor-exo-supernova\/\" \/>\n<meta property=\"og:site_name\" content=\"Salon For ALL Espa\u00f1a\" \/>\n<meta property=\"article:modified_time\" content=\"2026-03-24T15:48:10+00:00\" \/>\n<meta property=\"og:image\" content=\"https:\/\/salonforall.es\/wp-content\/uploads\/2025\/12\/Taladro-De-Unas-Con-Absorbedor-Exo-Supernova.jpg\" \/>\n\t<meta property=\"og:image:width\" content=\"1200\" \/>\n\t<meta property=\"og:image:height\" content=\"1200\" \/>\n\t<meta property=\"og:image:type\" content=\"image\/jpeg\" \/>\n<meta name=\"twitter:card\" content=\"summary_large_image\" \/>\n<meta name=\"twitter:title\" content=\"Taladro De U\u00f1as Con Absorbedor Exo Supernova\" \/>\n<meta name=\"twitter:label1\" content=\"Estimated reading time\" \/>\n\t<meta name=\"twitter:data1\" content=\"9 minutes\" \/>\n<script type=\"application\/ld+json\" class=\"yoast-schema-graph\">{\"@context\":\"https:\\\/\\\/schema.org\",\"@graph\":[{\"@type\":\"WebPage\",\"@id\":\"https:\\\/\\\/salonforall.es\\\/taladro-de-unas-con-absorbedor-exo-supernova\\\/\",\"url\":\"https:\\\/\\\/salonforall.es\\\/taladro-de-unas-con-absorbedor-exo-supernova\\\/\",\"name\":\"Taladro De U\u00f1as Con Absorbedor Exo Supernova comprar\",\"isPartOf\":{\"@id\":\"https:\\\/\\\/salonforall.es\\\/#website\"},\"primaryImageOfPage\":{\"@id\":\"https:\\\/\\\/salonforall.es\\\/taladro-de-unas-con-absorbedor-exo-supernova\\\/#primaryimage\"},\"image\":{\"@id\":\"https:\\\/\\\/salonforall.es\\\/taladro-de-unas-con-absorbedor-exo-supernova\\\/#primaryimage\"},\"thumbnailUrl\":\"https:\\\/\\\/salonforall.es\\\/wp-content\\\/uploads\\\/2025\\\/12\\\/Taladro-De-Unas-Con-Absorbedor-Exo-Supernova.jpg\",\"datePublished\":\"2025-12-02T11:40:40+00:00\",\"dateModified\":\"2026-03-24T15:48:10+00:00\",\"description\":\"Compra Taladro De U\u00f1as Con Absorbedor Exo Supernova online o en el showroom en Salon For ALL Espa\u00f1a. El mayorista para salones, consultas y spas en Espa\u00f1a y Portugal.\",\"breadcrumb\":{\"@id\":\"https:\\\/\\\/salonforall.es\\\/taladro-de-unas-con-absorbedor-exo-supernova\\\/#breadcrumb\"},\"inLanguage\":\"en-GB\",\"potentialAction\":[{\"@type\":\"ReadAction\",\"target\":[\"https:\\\/\\\/salonforall.es\\\/taladro-de-unas-con-absorbedor-exo-supernova\\\/\"]}]},{\"@type\":\"ImageObject\",\"inLanguage\":\"en-GB\",\"@id\":\"https:\\\/\\\/salonforall.es\\\/taladro-de-unas-con-absorbedor-exo-supernova\\\/#primaryimage\",\"url\":\"https:\\\/\\\/salonforall.es\\\/wp-content\\\/uploads\\\/2025\\\/12\\\/Taladro-De-Unas-Con-Absorbedor-Exo-Supernova.jpg\",\"contentUrl\":\"https:\\\/\\\/salonforall.es\\\/wp-content\\\/uploads\\\/2025\\\/12\\\/Taladro-De-Unas-Con-Absorbedor-Exo-Supernova.jpg\",\"width\":1200,\"height\":1200,\"caption\":\"Taladro De U\u00f1as Con Absorbedor Exo Supernova\"},{\"@type\":\"BreadcrumbList\",\"@id\":\"https:\\\/\\\/salonforall.es\\\/taladro-de-unas-con-absorbedor-exo-supernova\\\/#breadcrumb\",\"itemListElement\":[{\"@type\":\"ListItem\",\"position\":1,\"name\":\"Home\",\"item\":\"https:\\\/\\\/salonforall.es\\\/\"},{\"@type\":\"ListItem\",\"position\":2,\"name\":\"Winkel\",\"item\":\"https:\\\/\\\/salonforall.es\\\/winkel\\\/\"},{\"@type\":\"ListItem\",\"position\":3,\"name\":\"Taladro De U\u00f1as Con Absorbedor Exo Supernova\"}]},{\"@type\":\"WebSite\",\"@id\":\"https:\\\/\\\/salonforall.es\\\/#website\",\"url\":\"https:\\\/\\\/salonforall.es\\\/\",\"name\":\"Salon For ALL Espa\u00f1a\",\"description\":\"Mayorista de mobiliario y suministros para consultorios y salones\",\"publisher\":{\"@id\":\"https:\\\/\\\/salonforall.es\\\/#organization\"},\"potentialAction\":[{\"@type\":\"SearchAction\",\"target\":{\"@type\":\"EntryPoint\",\"urlTemplate\":\"https:\\\/\\\/salonforall.es\\\/?s={search_term_string}\"},\"query-input\":{\"@type\":\"PropertyValueSpecification\",\"valueRequired\":true,\"valueName\":\"search_term_string\"}}],\"inLanguage\":\"en-GB\"},{\"@type\":\"Organization\",\"@id\":\"https:\\\/\\\/salonforall.es\\\/#organization\",\"name\":\"Salon For All B.V. Espa\u00f1a\",\"alternateName\":\"Salon For All B.V. Espa\u00f1a - Mayorista de equipamiento para consultas, salones y suministros\",\"url\":\"https:\\\/\\\/salonforall.es\\\/\",\"logo\":{\"@type\":\"ImageObject\",\"inLanguage\":\"en-GB\",\"@id\":\"https:\\\/\\\/salonforall.es\\\/#\\\/schema\\\/logo\\\/image\\\/\",\"url\":\"https:\\\/\\\/salonforall.es\\\/wp-content\\\/uploads\\\/2025\\\/11\\\/logo-salon-for-all-e1764543185849.png\",\"contentUrl\":\"https:\\\/\\\/salonforall.es\\\/wp-content\\\/uploads\\\/2025\\\/11\\\/logo-salon-for-all-e1764543185849.png\",\"width\":500,\"height\":150,\"caption\":\"Salon For All B.V. Espa\u00f1a\"},\"image\":{\"@id\":\"https:\\\/\\\/salonforall.es\\\/#\\\/schema\\\/logo\\\/image\\\/\"}}]}<\/script>\n<!-- \/ Yoast SEO plugin. -->","yoast_head_json":{"title":"Taladro De U\u00f1as Con Absorbedor Exo Supernova comprar","description":"Compra Taladro De U\u00f1as Con Absorbedor Exo Supernova online o en el showroom en Salon For ALL Espa\u00f1a. El mayorista para salones, consultas y spas en Espa\u00f1a y Portugal.","robots":{"index":"index","follow":"follow","max-snippet":"max-snippet:-1","max-image-preview":"max-image-preview:large","max-video-preview":"max-video-preview:-1"},"canonical":"https:\/\/salonforall.es\/en\/taladro-de-unas-con-absorbedor-exo-supernova\/","og_locale":"en_GB","og_type":"article","og_title":"Taladro De U\u00f1as Con Absorbedor Exo Supernova","og_description":"Compra Taladro De U\u00f1as Con Absorbedor Exo Supernova online o en el showroom en Salon For ALL Espa\u00f1a. El mayorista para salones, consultas y spas en Espa\u00f1a y Portugal.","og_url":"https:\/\/salonforall.es\/en\/taladro-de-unas-con-absorbedor-exo-supernova\/","og_site_name":"Salon For ALL Espa\u00f1a","article_modified_time":"2026-03-24T15:48:10+00:00","og_image":[{"width":1200,"height":1200,"url":"https:\/\/salonforall.es\/wp-content\/uploads\/2025\/12\/Taladro-De-Unas-Con-Absorbedor-Exo-Supernova.jpg","type":"image\/jpeg"}],"twitter_card":"summary_large_image","twitter_title":"Taladro De U\u00f1as Con Absorbedor Exo Supernova","twitter_misc":{"Estimated reading time":"9 minutes"},"schema":{"@context":"https:\/\/schema.org","@graph":[{"@type":"WebPage","@id":"https:\/\/salonforall.es\/taladro-de-unas-con-absorbedor-exo-supernova\/","url":"https:\/\/salonforall.es\/taladro-de-unas-con-absorbedor-exo-supernova\/","name":"Taladro De U\u00f1as Con Absorbedor Exo Supernova comprar","isPartOf":{"@id":"https:\/\/salonforall.es\/#website"},"primaryImageOfPage":{"@id":"https:\/\/salonforall.es\/taladro-de-unas-con-absorbedor-exo-supernova\/#primaryimage"},"image":{"@id":"https:\/\/salonforall.es\/taladro-de-unas-con-absorbedor-exo-supernova\/#primaryimage"},"thumbnailUrl":"https:\/\/salonforall.es\/wp-content\/uploads\/2025\/12\/Taladro-De-Unas-Con-Absorbedor-Exo-Supernova.jpg","datePublished":"2025-12-02T11:40:40+00:00","dateModified":"2026-03-24T15:48:10+00:00","description":"Compra Taladro De U\u00f1as Con Absorbedor Exo Supernova online o en el showroom en Salon For ALL Espa\u00f1a. El mayorista para salones, consultas y spas en Espa\u00f1a y Portugal.","breadcrumb":{"@id":"https:\/\/salonforall.es\/taladro-de-unas-con-absorbedor-exo-supernova\/#breadcrumb"},"inLanguage":"en-GB","potentialAction":[{"@type":"ReadAction","target":["https:\/\/salonforall.es\/taladro-de-unas-con-absorbedor-exo-supernova\/"]}]},{"@type":"ImageObject","inLanguage":"en-GB","@id":"https:\/\/salonforall.es\/taladro-de-unas-con-absorbedor-exo-supernova\/#primaryimage","url":"https:\/\/salonforall.es\/wp-content\/uploads\/2025\/12\/Taladro-De-Unas-Con-Absorbedor-Exo-Supernova.jpg","contentUrl":"https:\/\/salonforall.es\/wp-content\/uploads\/2025\/12\/Taladro-De-Unas-Con-Absorbedor-Exo-Supernova.jpg","width":1200,"height":1200,"caption":"Taladro De U\u00f1as Con Absorbedor Exo Supernova"},{"@type":"BreadcrumbList","@id":"https:\/\/salonforall.es\/taladro-de-unas-con-absorbedor-exo-supernova\/#breadcrumb","itemListElement":[{"@type":"ListItem","position":1,"name":"Home","item":"https:\/\/salonforall.es\/"},{"@type":"ListItem","position":2,"name":"Winkel","item":"https:\/\/salonforall.es\/winkel\/"},{"@type":"ListItem","position":3,"name":"Taladro De U\u00f1as Con Absorbedor Exo Supernova"}]},{"@type":"WebSite","@id":"https:\/\/salonforall.es\/#website","url":"https:\/\/salonforall.es\/","name":"Salon For ALL Spain","description":"Wholesaler of salon and practice furniture and supplies","publisher":{"@id":"https:\/\/salonforall.es\/#organization"},"potentialAction":[{"@type":"SearchAction","target":{"@type":"EntryPoint","urlTemplate":"https:\/\/salonforall.es\/?s={search_term_string}"},"query-input":{"@type":"PropertyValueSpecification","valueRequired":true,"valueName":"search_term_string"}}],"inLanguage":"en-GB"},{"@type":"Organization","@id":"https:\/\/salonforall.es\/#organization","name":"Salon For All B.V. Spain","alternateName":"Salon For All B.V. Espa\u00f1a - Mayorista de equipamiento para consultas, salones y suministros","url":"https:\/\/salonforall.es\/","logo":{"@type":"ImageObject","inLanguage":"en-GB","@id":"https:\/\/salonforall.es\/#\/schema\/logo\/image\/","url":"https:\/\/salonforall.es\/wp-content\/uploads\/2025\/11\/logo-salon-for-all-e1764543185849.png","contentUrl":"https:\/\/salonforall.es\/wp-content\/uploads\/2025\/11\/logo-salon-for-all-e1764543185849.png","width":500,"height":150,"caption":"Salon For All B.V. Espa\u00f1a"},"image":{"@id":"https:\/\/salonforall.es\/#\/schema\/logo\/image\/"}}]}},"_links":{"self":[{"href":"https:\/\/salonforall.es\/en\/wp-json\/wp\/v2\/product\/7512","targetHints":{"allow":["GET"]}}],"collection":[{"href":"https:\/\/salonforall.es\/en\/wp-json\/wp\/v2\/product"}],"about":[{"href":"https:\/\/salonforall.es\/en\/wp-json\/wp\/v2\/types\/product"}],"replies":[{"embeddable":true,"href":"https:\/\/salonforall.es\/en\/wp-json\/wp\/v2\/comments?post=7512"}],"wp:featuredmedia":[{"embeddable":true,"href":"https:\/\/salonforall.es\/en\/wp-json\/wp\/v2\/media\/7513"}],"wp:attachment":[{"href":"https:\/\/salonforall.es\/en\/wp-json\/wp\/v2\/media?parent=7512"}],"wp:term":[{"taxonomy":"product_brand","embeddable":true,"href":"https:\/\/salonforall.es\/en\/wp-json\/wp\/v2\/product_brand?post=7512"},{"taxonomy":"product_cat","embeddable":true,"href":"https:\/\/salonforall.es\/en\/wp-json\/wp\/v2\/product_cat?post=7512"},{"taxonomy":"product_tag","embeddable":true,"href":"https:\/\/salonforall.es\/en\/wp-json\/wp\/v2\/product_tag?post=7512"}],"curies":[{"name":"wp","href":"https:\/\/api.w.org\/{rel}","templated":true}]}}