{"id":7084,"date":"2025-12-02T12:34:58","date_gmt":"2025-12-02T11:34:58","guid":{"rendered":"https:\/\/salonforall.es\/product\/sillon-cosmetico-basic-202-con-bandejas-negro\/"},"modified":"2026-03-24T16:44:28","modified_gmt":"2026-03-24T15:44:28","slug":"cosmetic-chair-basic-202-with-trays-black","status":"publish","type":"product","link":"https:\/\/salonforall.es\/en\/sillon-cosmetico-basic-202-con-bandejas-negro\/","title":{"rendered":"Cosmetic Chair Basic 202 With Trays Black"},"content":{"rendered":"<h2>Information about Cosmetic Chair Basic 202 With Trays Black with article number 132791<\/h2>\n<p><img decoding=\"async\" src=\"https:\/\/activeshop.com.pl\/media\/wysiwyg\/product\/132791\/EN_132791_1.jpg\"><\/p>\n<p>The brand <strong>ACTIVESHOP<\/strong> has been offering a wide range of products suitable for professional use in various sectors for many years. In its catalogue, you will find items in a variety of categories, from small essential accessories to specialised equipment such as cosmetic furniture.<\/p>\n<p><img decoding=\"async\" src=\"https:\/\/activeshop.com.pl\/media\/wysiwyg\/product\/132791\/EN_132791_2.jpg\"><\/p>\n<h2><strong>Simplicity and functionality in the living room<\/strong><\/h2>\n<p><strong>Cosmetics chair Basic 202 with two trays<\/strong> is a practical piece of equipment that <strong>significantly improves the work in specialised salons<\/strong>, The equipment is perfect for those who are looking for simple and functional cosmetic furnishings. The unit is perfect for those who are looking for simple and functional cosmetic furniture. Thanks to the removable containers installed under the seat, the most important tools and preparations are always at hand.<\/p>\n<p><img decoding=\"async\" src=\"https:\/\/activeshop.com.pl\/media\/wysiwyg\/product\/132791\/EN_132791_3.jpg\"><\/p>\n<h2><strong>Convenient access to essential instruments<\/strong><\/h2>\n<p><strong>Plastic trays<\/strong> mounted under the seat provide easy access to the most necessary tools. The materials used make the pull-out containers durable and easy to clean. The spacious drawers significantly increase working comfort and also help to keep the workstation tidy.<\/p>\n<p><img decoding=\"async\" src=\"https:\/\/activeshop.com.pl\/media\/wysiwyg\/product\/132791\/EN_132791_4.jpg\"><\/p>\n<h2><strong>Practical solutions for comfortable working<\/strong><\/h2>\n<p>The stable and soft armrests ensure adequate support. These elements, divided in half, are movable, so they adapt perfectly when changing the position of the backrest and can be easily removed. <strong>Concealed under a pillow with a suitable profile, an opening in the head restraint<\/strong> makes the chair perfect for both facial and back treatments.<\/p>\n<p><img decoding=\"async\" src=\"https:\/\/activeshop.com.pl\/media\/wysiwyg\/product\/132791\/EN_132791_5.jpg\"><\/p>\n<h2><strong>Manually adjustable tilt angles<\/strong><\/h2>\n<p>A special mechanism <strong>ensures gradual adjustment of the footrest and backrest angles<\/strong>. With the lever, you can freely adjust the seat position. This allows for optimal adaptation to individual needs, a convenient and comfortable execution of treatments and a high level of user comfort. The chair can be reclined, which significantly increases its functionality. This allows you to freely perform various types of treatments, including cosmetics, physiotherapy and tattooing.<\/p>\n<p><img decoding=\"async\" src=\"https:\/\/activeshop.com.pl\/media\/wysiwyg\/product\/132791\/EN_132791_6.jpg\"><\/p>\n<h2><strong>Minimalist design, ergonomics and user-friendliness<\/strong><\/h2>\n<p>The base of the chair has a constant height, so the seat remains at a constant level, ensuring comfort during use. A solid black metal frame and non-slip legs provide the necessary stability. The chair is padded with foam and covered in black leatherette. Thanks to this material, the equipment is comfortable to use, moisture-resistant and easy to clean. The contoured hems give the seat an ergonomic shape. Its simple design and stylish colours make it blend easily into any interior. The exact dimensions are shown in the photo. The set includes: seat with backrest and footrest, two sandboxes, armrests, hollow cushion, sandbox guides and base elements. Details: Base colour: white. Upholstery colour: black. Upholstery material: synthetic leather. Seat height: 75 cm. Length of extension: 180 cm.<\/p>\n<p>Activeshop products are proportionally cheaper than many other brands\/suppliers. The price is in relation to the quality. Cosmetic Chair Basic 202 With Trays Black is therefore an affordable solution for your salon.<\/p>\n<h2>How is Cosmetic Chair Basic 202 With Black Trays delivered?<\/h2>\n<p>Sill\u00f3n Cosm\u00e9tico Basic 202 Con Traejas Negro is delivered in original packaging(s). Within Spain, the delivery of Sill\u00f3n Cosm\u00e9tico Basic 202 Con Traejas Negro is completely free of charge for orders over 100,- euros. For shipments to other countries separate shipping rates apply. You can check these rates with us or view them in the shopping cart. Cosmetic Armchair Basic 202 With Trays Black is shipped via an external courier service.<\/p>\n<p>Packages or pallets are delivered as standard up to the front door threshold, even if you are located in a collective building, apartment building or apartment complex with a lift (provided the item fits in the lift). No lift available or item does not fit in the lift? Then we deliver up to the threshold of the ground floor.<\/p>\n<p>Do you still have questions about delivery or a special situation? Contact us and we will be happy to help you!<\/p>\n<p>*Items are not unpacked or assembled as standard. In special situations you can contact us to make arrangements.<\/p>\n<h2>Secure online shopping at Salon For All with the Webwinkelkeur seal of quality and SSL encryption.<\/h2>\n<p>It is important to us that our customers can shop safely in our online shop. We have been affiliated with the national quality seal Webwinkelkeur since 2019. Our identity has been verified and checked by them, and the online shop has been checked and legally approved. Furthermore, our online shop is affiliated with them for conflict mediation. You can see the logo with all the information of this online shop quality seal on the left or right side of the online shop (pink button with white). In addition, our site is protected with an SSL certificate so that you can surf securely with us. In the bar of your Internet browser, where our website appears, you will see a padlock icon. If you click on the padlock, you will get all the information about our security. This way you know that your order of Cosmetic Chair Basic 202 With Trays Black and your personal data are processed securely.<\/p>\n<h2>How can I pay for the Cosmetic Chair Basic 202 With Black Trays?<\/h2>\n<p>We want to make it as easy as possible for you. That's why at Salon For All you can pay with all popular payment methods. Pay in advance, on delivery or afterwards - everything is possible. See here for all the payment methods we offer:<\/p>\n<ul>\n<li>iDEAL<\/li>\n<li>Credit card (Visa, Mastercard, American Express)<\/li>\n<li>Klarna - Payment on delivery with invoice<\/li>\n<li>PayPal<\/li>\n<li>Apple Pay<\/li>\n<li>Google Pay<\/li>\n<li>Bizum (for Spanish customers)<\/li>\n<li>SEPA bank transfer<\/li>\n<li>Bancontact<\/li>\n<li>Commercial invoice for companies<\/li>\n<li>Payment in the showroom - Both card and cash (Only available on collection)<\/li>\n<\/ul>\n<h2>See also reviews of Salon For All<\/h2>\n<p>Please also refer to our reviews to take into account the experiences of our existing customers in your decision to order Cosmetic Chair Basic 202 With Trays Black with us. Through our independent online shop quality seal Webwinkelkeur, verified reviews are automatically collected from customers who have completed an order with us. You can find them behind the pink button in our online shop or they are listed below the products.<\/p>\n<p>Please also share your experience after shopping with your ordered Cosmetic Chair Basic 202 With Trays Black and your experience with the purchase process or contacting Salon For All to inspire others!<\/p>\n<h2>Contact Salon For All<\/h2>\n<p>Then please contact us. We will be happy to help you with your purchase of Cosmetic Chair Basic 202 With Trays Black. On weekdays we are best available between 8.30am and 5.00pm via the telephone number and email address at the top of the online shop or via the chat function. Out-of-hours enquiries are usually answered within 24 hours. It is also possible to visit us outside working days or office hours. However, an appointment must be made in advance.<\/p>\n<h2>Would you like to visit our showroom?<\/h2>\n<p>Would you prefer to see Cosmetic Armchair Basic 202 With Trays Black or browse through our (online) shop offer together with our colleague? Then visit our showroom with more than 1000m\u00b2 of salon equipment and let yourself be inspired by our employees. Also if you like to get to know us pleasantly over a cup of coffee or tea, you are very welcome. We do not have all products in stock, so please let us know in advance that you would like to come. Always make an appointment in advance.<\/p>\n<h2>14 days of reflection and our return policy<\/h2>\n<p>Of course it may happen that the delivered Cosmetic Armchair Basic 202 With Trays Black is not completely to your liking and you wish to return it. That is no problem at Salon For All. You must notify your return within 14 working days via info@salonforall.es. You will then first receive all instructions and conditions of return. Please note that Cosmetic Chair Basic 202 With Trays Black must be unused, contain all supplied parts and be returned in the original packaging. The shipping costs of a return are always at the expense of the buyer on purchases through www.salonforall.es. You must arrange transport yourself with a transport company of your choice for a return. Once the Cosmetic Chair Basic 202 With Trays Black has been returned, it will be checked for completeness and possible damage. Once the return has been approved, the purchase amount will be refunded within 5 working days to the bank account we have on record.<\/p>\n<h2>Who is Salon For All?<\/h2>\n<p>Salon For All is THE wholesaler for all salon equipment in Europe. Salon For All started in 2003 under the name Salonvoordeel and grew out of practice. The owners of Salon For All were experienced hairdressers and beauty specialists and have together more than 30 years of practical experience. In 2003 we launched Salonvoordeel.nl (Netherlands) and subsequently Salon For All was founded for the European market. Some of our employees started their own business and so the idea to launch a functional online shop for hairdressers and to help them with the equipment of their salon was born.<\/p>\n<p>Our showroom is located in Dinxperlo, directly on the border between the Netherlands and Germany. With our many years of experience in the industry, we can be your mirror and provide you with the right advice - we speak the same language! We advise, inspire, motivate and support you in the purchase of Cosmetic Chair Basic 202 With Trays Black. Our suppliers are located all over Europe, from Germany, England, Italy to Poland.<\/p>","protected":false},"excerpt":{"rendered":"<p>The product Cosmetic Chair Basic 202 With Trays Black is a high quality solution for any salon. The estimated delivery time is approximately 6 working days.<\/p>","protected":false},"featured_media":7085,"comment_status":"open","ping_status":"open","template":"","meta":[],"product_brand":[107],"product_cat":[88,89],"product_tag":[90,91],"class_list":{"0":"post-7084","1":"product","2":"type-product","3":"status-publish","4":"has-post-thumbnail","6":"product_brand-activeshop","7":"product_cat-muebles-de-cosmetica","8":"product_cat-sillas-de-cosmetica","9":"product_tag-muebles-de-cosmetica","10":"product_tag-sillas-de-cosmetica","11":"pa_codigo-ean-7759","12":"pa_garantia-12-meses","13":"pa_marca-activeshop","14":"pa_numero-de-articulo-2514","15":"pa_tiempo-estimado-de-entrega-4-5-dias-laborables","17":"first","18":"instock","19":"sale","20":"taxable","21":"shipping-taxable","22":"purchasable","23":"product-type-simple"},"yoast_head":"<!-- This site is optimized with the Yoast SEO plugin v27.3 - https:\/\/yoast.com\/product\/yoast-seo-wordpress\/ -->\n<title>Sill\u00f3n Cosm\u00e9tico Basic 202 Con Bandejas Negro comprar<\/title>\n<meta name=\"description\" content=\"Compra Sill\u00f3n Cosm\u00e9tico Basic 202 Con Bandejas Negro online o en el showroom en Salon For ALL Espa\u00f1a. El mayorista para salones, consultas y spas en Espa\u00f1a y Portugal.\" \/>\n<meta name=\"robots\" content=\"index, follow, max-snippet:-1, max-image-preview:large, max-video-preview:-1\" \/>\n<link rel=\"canonical\" href=\"https:\/\/salonforall.es\/en\/cosmetic-chair-basic-202-with-trays-black\/\" \/>\n<meta property=\"og:locale\" content=\"en_GB\" \/>\n<meta property=\"og:type\" content=\"article\" \/>\n<meta property=\"og:title\" content=\"Sill\u00f3n Cosm\u00e9tico Basic 202 Con Bandejas Negro\" \/>\n<meta property=\"og:description\" content=\"Compra Sill\u00f3n Cosm\u00e9tico Basic 202 Con Bandejas Negro online o en el showroom en Salon For ALL Espa\u00f1a. El mayorista para salones, consultas y spas en Espa\u00f1a y Portugal.\" \/>\n<meta property=\"og:url\" content=\"https:\/\/salonforall.es\/en\/cosmetic-chair-basic-202-with-trays-black\/\" \/>\n<meta property=\"og:site_name\" content=\"Salon For ALL Espa\u00f1a\" \/>\n<meta property=\"article:modified_time\" content=\"2026-03-24T15:44:28+00:00\" \/>\n<meta property=\"og:image\" content=\"https:\/\/salonforall.es\/wp-content\/uploads\/2025\/12\/Sillon-Cosmetico-Basic-202-Con-Bandejas-Negro.jpg\" \/>\n\t<meta property=\"og:image:width\" content=\"1200\" \/>\n\t<meta property=\"og:image:height\" content=\"1200\" \/>\n\t<meta property=\"og:image:type\" content=\"image\/jpeg\" \/>\n<meta name=\"twitter:card\" content=\"summary_large_image\" \/>\n<meta name=\"twitter:title\" content=\"Sill\u00f3n Cosm\u00e9tico Basic 202 Con Bandejas Negro\" \/>\n<meta name=\"twitter:label1\" content=\"Estimated reading time\" \/>\n\t<meta name=\"twitter:data1\" content=\"9 minutes\" \/>\n<script type=\"application\/ld+json\" class=\"yoast-schema-graph\">{\"@context\":\"https:\\\/\\\/schema.org\",\"@graph\":[{\"@type\":\"WebPage\",\"@id\":\"https:\\\/\\\/salonforall.es\\\/sillon-cosmetico-basic-202-con-bandejas-negro\\\/\",\"url\":\"https:\\\/\\\/salonforall.es\\\/sillon-cosmetico-basic-202-con-bandejas-negro\\\/\",\"name\":\"Sill\u00f3n Cosm\u00e9tico Basic 202 Con Bandejas Negro comprar\",\"isPartOf\":{\"@id\":\"https:\\\/\\\/salonforall.es\\\/#website\"},\"primaryImageOfPage\":{\"@id\":\"https:\\\/\\\/salonforall.es\\\/sillon-cosmetico-basic-202-con-bandejas-negro\\\/#primaryimage\"},\"image\":{\"@id\":\"https:\\\/\\\/salonforall.es\\\/sillon-cosmetico-basic-202-con-bandejas-negro\\\/#primaryimage\"},\"thumbnailUrl\":\"https:\\\/\\\/salonforall.es\\\/wp-content\\\/uploads\\\/2025\\\/12\\\/Sillon-Cosmetico-Basic-202-Con-Bandejas-Negro.jpg\",\"datePublished\":\"2025-12-02T11:34:58+00:00\",\"dateModified\":\"2026-03-24T15:44:28+00:00\",\"description\":\"Compra Sill\u00f3n Cosm\u00e9tico Basic 202 Con Bandejas Negro online o en el showroom en Salon For ALL Espa\u00f1a. El mayorista para salones, consultas y spas en Espa\u00f1a y Portugal.\",\"breadcrumb\":{\"@id\":\"https:\\\/\\\/salonforall.es\\\/sillon-cosmetico-basic-202-con-bandejas-negro\\\/#breadcrumb\"},\"inLanguage\":\"en-GB\",\"potentialAction\":[{\"@type\":\"ReadAction\",\"target\":[\"https:\\\/\\\/salonforall.es\\\/sillon-cosmetico-basic-202-con-bandejas-negro\\\/\"]}]},{\"@type\":\"ImageObject\",\"inLanguage\":\"en-GB\",\"@id\":\"https:\\\/\\\/salonforall.es\\\/sillon-cosmetico-basic-202-con-bandejas-negro\\\/#primaryimage\",\"url\":\"https:\\\/\\\/salonforall.es\\\/wp-content\\\/uploads\\\/2025\\\/12\\\/Sillon-Cosmetico-Basic-202-Con-Bandejas-Negro.jpg\",\"contentUrl\":\"https:\\\/\\\/salonforall.es\\\/wp-content\\\/uploads\\\/2025\\\/12\\\/Sillon-Cosmetico-Basic-202-Con-Bandejas-Negro.jpg\",\"width\":1200,\"height\":1200,\"caption\":\"Sill\u00f3n Cosm\u00e9tico Basic 202 Con Bandejas Negro\"},{\"@type\":\"BreadcrumbList\",\"@id\":\"https:\\\/\\\/salonforall.es\\\/sillon-cosmetico-basic-202-con-bandejas-negro\\\/#breadcrumb\",\"itemListElement\":[{\"@type\":\"ListItem\",\"position\":1,\"name\":\"Home\",\"item\":\"https:\\\/\\\/salonforall.es\\\/\"},{\"@type\":\"ListItem\",\"position\":2,\"name\":\"Winkel\",\"item\":\"https:\\\/\\\/salonforall.es\\\/winkel\\\/\"},{\"@type\":\"ListItem\",\"position\":3,\"name\":\"Sill\u00f3n Cosm\u00e9tico Basic 202 Con Bandejas Negro\"}]},{\"@type\":\"WebSite\",\"@id\":\"https:\\\/\\\/salonforall.es\\\/#website\",\"url\":\"https:\\\/\\\/salonforall.es\\\/\",\"name\":\"Salon For ALL Espa\u00f1a\",\"description\":\"Mayorista de mobiliario y suministros para consultorios y salones\",\"publisher\":{\"@id\":\"https:\\\/\\\/salonforall.es\\\/#organization\"},\"potentialAction\":[{\"@type\":\"SearchAction\",\"target\":{\"@type\":\"EntryPoint\",\"urlTemplate\":\"https:\\\/\\\/salonforall.es\\\/?s={search_term_string}\"},\"query-input\":{\"@type\":\"PropertyValueSpecification\",\"valueRequired\":true,\"valueName\":\"search_term_string\"}}],\"inLanguage\":\"en-GB\"},{\"@type\":\"Organization\",\"@id\":\"https:\\\/\\\/salonforall.es\\\/#organization\",\"name\":\"Salon For All B.V. Espa\u00f1a\",\"alternateName\":\"Salon For All B.V. Espa\u00f1a - Mayorista de equipamiento para consultas, salones y suministros\",\"url\":\"https:\\\/\\\/salonforall.es\\\/\",\"logo\":{\"@type\":\"ImageObject\",\"inLanguage\":\"en-GB\",\"@id\":\"https:\\\/\\\/salonforall.es\\\/#\\\/schema\\\/logo\\\/image\\\/\",\"url\":\"https:\\\/\\\/salonforall.es\\\/wp-content\\\/uploads\\\/2025\\\/11\\\/logo-salon-for-all-e1764543185849.png\",\"contentUrl\":\"https:\\\/\\\/salonforall.es\\\/wp-content\\\/uploads\\\/2025\\\/11\\\/logo-salon-for-all-e1764543185849.png\",\"width\":500,\"height\":150,\"caption\":\"Salon For All B.V. Espa\u00f1a\"},\"image\":{\"@id\":\"https:\\\/\\\/salonforall.es\\\/#\\\/schema\\\/logo\\\/image\\\/\"}}]}<\/script>\n<!-- \/ Yoast SEO plugin. -->","yoast_head_json":{"title":"Cosmetic Armchair Basic 202 With Trays Black buy","description":"Buy Cosmetic Armchair Basic 202 With Trays Black online or in the showroom at Salon For ALL Spain. The wholesaler for salons, surgeries and spas in Spain and Portugal.","robots":{"index":"index","follow":"follow","max-snippet":"max-snippet:-1","max-image-preview":"max-image-preview:large","max-video-preview":"max-video-preview:-1"},"canonical":"https:\/\/salonforall.es\/en\/cosmetic-chair-basic-202-with-trays-black\/","og_locale":"en_GB","og_type":"article","og_title":"Sill\u00f3n Cosm\u00e9tico Basic 202 Con Bandejas Negro","og_description":"Compra Sill\u00f3n Cosm\u00e9tico Basic 202 Con Bandejas Negro online o en el showroom en Salon For ALL Espa\u00f1a. El mayorista para salones, consultas y spas en Espa\u00f1a y Portugal.","og_url":"https:\/\/salonforall.es\/en\/cosmetic-chair-basic-202-with-trays-black\/","og_site_name":"Salon For ALL Espa\u00f1a","article_modified_time":"2026-03-24T15:44:28+00:00","og_image":[{"width":1200,"height":1200,"url":"https:\/\/salonforall.es\/wp-content\/uploads\/2025\/12\/Sillon-Cosmetico-Basic-202-Con-Bandejas-Negro.jpg","type":"image\/jpeg"}],"twitter_card":"summary_large_image","twitter_title":"Sill\u00f3n Cosm\u00e9tico Basic 202 Con Bandejas Negro","twitter_misc":{"Estimated reading time":"9 minutes"},"schema":{"@context":"https:\/\/schema.org","@graph":[{"@type":"WebPage","@id":"https:\/\/salonforall.es\/sillon-cosmetico-basic-202-con-bandejas-negro\/","url":"https:\/\/salonforall.es\/sillon-cosmetico-basic-202-con-bandejas-negro\/","name":"Cosmetic Armchair Basic 202 With Trays Black buy","isPartOf":{"@id":"https:\/\/salonforall.es\/#website"},"primaryImageOfPage":{"@id":"https:\/\/salonforall.es\/sillon-cosmetico-basic-202-con-bandejas-negro\/#primaryimage"},"image":{"@id":"https:\/\/salonforall.es\/sillon-cosmetico-basic-202-con-bandejas-negro\/#primaryimage"},"thumbnailUrl":"https:\/\/salonforall.es\/wp-content\/uploads\/2025\/12\/Sillon-Cosmetico-Basic-202-Con-Bandejas-Negro.jpg","datePublished":"2025-12-02T11:34:58+00:00","dateModified":"2026-03-24T15:44:28+00:00","description":"Buy Cosmetic Armchair Basic 202 With Trays Black online or in the showroom at Salon For ALL Spain. The wholesaler for salons, surgeries and spas in Spain and Portugal.","breadcrumb":{"@id":"https:\/\/salonforall.es\/sillon-cosmetico-basic-202-con-bandejas-negro\/#breadcrumb"},"inLanguage":"en-GB","potentialAction":[{"@type":"ReadAction","target":["https:\/\/salonforall.es\/sillon-cosmetico-basic-202-con-bandejas-negro\/"]}]},{"@type":"ImageObject","inLanguage":"en-GB","@id":"https:\/\/salonforall.es\/sillon-cosmetico-basic-202-con-bandejas-negro\/#primaryimage","url":"https:\/\/salonforall.es\/wp-content\/uploads\/2025\/12\/Sillon-Cosmetico-Basic-202-Con-Bandejas-Negro.jpg","contentUrl":"https:\/\/salonforall.es\/wp-content\/uploads\/2025\/12\/Sillon-Cosmetico-Basic-202-Con-Bandejas-Negro.jpg","width":1200,"height":1200,"caption":"Sill\u00f3n Cosm\u00e9tico Basic 202 Con Bandejas Negro"},{"@type":"BreadcrumbList","@id":"https:\/\/salonforall.es\/sillon-cosmetico-basic-202-con-bandejas-negro\/#breadcrumb","itemListElement":[{"@type":"ListItem","position":1,"name":"Home","item":"https:\/\/salonforall.es\/"},{"@type":"ListItem","position":2,"name":"Winkel","item":"https:\/\/salonforall.es\/winkel\/"},{"@type":"ListItem","position":3,"name":"Sill\u00f3n Cosm\u00e9tico Basic 202 Con Bandejas Negro"}]},{"@type":"WebSite","@id":"https:\/\/salonforall.es\/#website","url":"https:\/\/salonforall.es\/","name":"Salon For ALL Spain","description":"Wholesaler of salon and practice furniture and supplies","publisher":{"@id":"https:\/\/salonforall.es\/#organization"},"potentialAction":[{"@type":"SearchAction","target":{"@type":"EntryPoint","urlTemplate":"https:\/\/salonforall.es\/?s={search_term_string}"},"query-input":{"@type":"PropertyValueSpecification","valueRequired":true,"valueName":"search_term_string"}}],"inLanguage":"en-GB"},{"@type":"Organization","@id":"https:\/\/salonforall.es\/#organization","name":"Salon For All B.V. Spain","alternateName":"Salon For All B.V. Espa\u00f1a - Mayorista de equipamiento para consultas, salones y suministros","url":"https:\/\/salonforall.es\/","logo":{"@type":"ImageObject","inLanguage":"en-GB","@id":"https:\/\/salonforall.es\/#\/schema\/logo\/image\/","url":"https:\/\/salonforall.es\/wp-content\/uploads\/2025\/11\/logo-salon-for-all-e1764543185849.png","contentUrl":"https:\/\/salonforall.es\/wp-content\/uploads\/2025\/11\/logo-salon-for-all-e1764543185849.png","width":500,"height":150,"caption":"Salon For All B.V. Espa\u00f1a"},"image":{"@id":"https:\/\/salonforall.es\/#\/schema\/logo\/image\/"}}]}},"_links":{"self":[{"href":"https:\/\/salonforall.es\/en\/wp-json\/wp\/v2\/product\/7084","targetHints":{"allow":["GET"]}}],"collection":[{"href":"https:\/\/salonforall.es\/en\/wp-json\/wp\/v2\/product"}],"about":[{"href":"https:\/\/salonforall.es\/en\/wp-json\/wp\/v2\/types\/product"}],"replies":[{"embeddable":true,"href":"https:\/\/salonforall.es\/en\/wp-json\/wp\/v2\/comments?post=7084"}],"wp:featuredmedia":[{"embeddable":true,"href":"https:\/\/salonforall.es\/en\/wp-json\/wp\/v2\/media\/7085"}],"wp:attachment":[{"href":"https:\/\/salonforall.es\/en\/wp-json\/wp\/v2\/media?parent=7084"}],"wp:term":[{"taxonomy":"product_brand","embeddable":true,"href":"https:\/\/salonforall.es\/en\/wp-json\/wp\/v2\/product_brand?post=7084"},{"taxonomy":"product_cat","embeddable":true,"href":"https:\/\/salonforall.es\/en\/wp-json\/wp\/v2\/product_cat?post=7084"},{"taxonomy":"product_tag","embeddable":true,"href":"https:\/\/salonforall.es\/en\/wp-json\/wp\/v2\/product_tag?post=7084"}],"curies":[{"name":"wp","href":"https:\/\/api.w.org\/{rel}","templated":true}]}}