{"id":6231,"date":"2025-12-02T12:25:57","date_gmt":"2025-12-02T11:25:57","guid":{"rendered":"https:\/\/salonforall.es\/product\/taladro-de-unas-saeyang-marathon-handy-eco-sde-bs50s1-sin-escobillas\/"},"modified":"2026-03-24T16:39:35","modified_gmt":"2026-03-24T15:39:35","slug":"taladro-de-unas-saeyang-marathon-handy-eco-sde-bs50s1-sin-escobillas","status":"publish","type":"product","link":"https:\/\/salonforall.es\/en\/taladro-de-unas-saeyang-marathon-handy-eco-sde-bs50s1-sin-escobillas\/","title":{"rendered":"Saeyang Marathon Handy Eco Nail Drill + Sde-Bs50S1 Brushless Nail Drill"},"content":{"rendered":"<h2>Informaci\u00f3n sobre Taladro De U\u00f1as Saeyang Marathon Handy Eco + Sde-Bs50S1 Sin Escobillas con n\u00famero de art\u00edculo 128276<\/h2>\n<h2><strong>Creado por los mejores<\/strong><\/h2>\n<p>Un taladro de u\u00f1as de la empresa coreana Saeyang es una herramienta excelente para tratamientos de manicura y pedicura, as\u00ed como para trabajos prot\u00e9sicos. Saeyang ha recibido m\u00faltiples premios por sus excepcionales logros y sus productos son recomendados por cosmet\u00f3logos y prot\u00e9sicos. Casi cinco d\u00e9cadas de experiencia garantizan la obtenci\u00f3n de un producto de la m\u00e1s alta calidad.<\/p>\n<p><img decoding=\"async\" src=\"https:\/\/activeshop.com.pl\/media\/wysiwyg\/product\/128276\/EN_128276_1.jpg\"><\/p>\n<h2><strong>Trabajar se convierte en un placer<\/strong><\/h2>\n<p>El taladro de u\u00f1as tecnol\u00f3gicamente avanzado fue dise\u00f1ado tanto para operaciones peque\u00f1as como, sobre todo, para las m\u00e1s grandes y desafiantes. La potencia total de <strong>60 W<\/strong> garantiza un trabajo fiable y ser\u00e1 perfecto para cualquier tarea especial o para un trabajo continuo con un cliente tras otro. El taladro de u\u00f1as se puede ajustar en dos posiciones. El dispositivo tambi\u00e9n est\u00e1 equipado con un sistema autom\u00e1tico de protecci\u00f3n contra sobrecargas. Puede usar el pedal para un control m\u00e1s manos libres. <\/p>\n<p><img decoding=\"async\" src=\"https:\/\/activeshop.com.pl\/media\/wysiwyg\/product\/128276\/EN_128276_2.jpg\"><\/p>\n<h2><strong>Todas las funciones \u00fatiles a mano<\/strong><\/h2>\n<p>Regule la velocidad con la perilla y ajuste la intensidad de rotaci\u00f3n en un rango de <strong>0 a 50 mil<\/strong>. La pantalla digital mostrar\u00e1 claramente la velocidad actual. La pieza de mano BS50S1 es extremadamente potente y, al mismo tiempo, libre de vibraciones.<\/p>\n<p><img decoding=\"async\" src=\"https:\/\/activeshop.com.pl\/media\/wysiwyg\/product\/128276\/EN_128276_3.jpg\"><\/p>\n<p>Puede cambiar la rotaci\u00f3n a izquierda y derecha. Para facilitar el trabajo, conecte el pedal y cambie el modo de control con el bot\u00f3n. Mantenga la pieza de mano en el soporte. Cuando no la use temporalmente, col\u00f3quela en el soporte de silicona incluido.<\/p>\n<p><img decoding=\"async\" src=\"https:\/\/activeshop.com.pl\/media\/wysiwyg\/product\/128276\/EN_128276_4.jpg\"><\/p>\n<h2><strong>Twist-Lock: Easy drill bit replacement<\/strong><\/h2>\n<p>Olv\u00eddese de usar llaves y husillos: el mango TWIST-LOCK le permite cambiar la broca r\u00e1pida y f\u00e1cilmente con un solo movimiento. Gire a la izquierda para desbloquear, aflojar y reemplazar la broca. Gire a la derecha para cerrar el seguro y colocar la broca.<\/p>\n<p><img decoding=\"async\" src=\"https:\/\/activeshop.com.pl\/media\/wysiwyg\/product\/128276\/EN_128276_5.jpg\"><\/p>\n<h2><strong>Original Marathon product<\/strong><\/h2>\n<p><img decoding=\"async\" src=\"https:\/\/activeshop.com.pl\/media\/wysiwyg\/product\/128276\/EN_128276_6.jpg\"><\/p>\n<h2><strong>Specifications:<\/strong><\/h2>\n<ul>\n<li>Control suave de velocidad en el rango de <strong>1-50 mil<\/strong>; Funciona perfectamente tanto a baja como a alta intensidad.<\/li>\n<li>Sistema de mandril Twist-Lock (f\u00e1cil sustituci\u00f3n de la cuchilla con un solo movimiento)<\/li>\n<li>Potencia total:<strong> 60 W<\/strong><\/li>\n<li>El set incluye: pieza de mano, caja de control, pedal, soporte y mango de la pieza de mano, manual, garant\u00eda.<\/li>\n<li>Sistema autom\u00e1tico de protecci\u00f3n contra sobrecargas<\/li>\n<li>Motor sin escobillas<\/li>\n<li>Se puede colocar de lado<\/li>\n<li>Peso de la caja de control: 1,6 kg<\/li>\n<li>Dimensiones de la caja de control: 141 x 186 x 97 mm<\/li>\n<li>Power supply: 110-220 V \/ 50-60 Hz<\/li>\n<\/ul>\n<p>Los productos Activeshop son proporcionalmente m\u00e1s econ\u00f3micos que muchas otras marcas\/proveedores. El precio est\u00e1 en relaci\u00f3n con la calidad. Taladro De U\u00f1as Saeyang Marathon Handy Eco + Sde-Bs50S1 Sin Escobillas es por lo tanto una soluci\u00f3n accesible para su sal\u00f3n.<\/p>\n<h2>\u00bfC\u00f3mo se entrega Taladro De U\u00f1as Saeyang Marathon Handy Eco + Sde-Bs50S1 Sin Escobillas?<\/h2>\n<p>Taladro De U\u00f1as Saeyang Marathon Handy Eco + Sde-Bs50S1 Sin Escobillas se entrega en embalaje(s) original(es). Dentro de Espa\u00f1a el env\u00edo de Taladro De U\u00f1as Saeyang Marathon Handy Eco + Sde-Bs50S1 Sin Escobillas es completamente gratuito para pedidos a partir de 100,- euros. Para env\u00edos a otros pa\u00edses se aplican tarifas de env\u00edo separadas. Puede consultar estas tarifas con nosotros o verlas en el carrito de compra. Taladro De U\u00f1as Saeyang Marathon Handy Eco + Sde-Bs50S1 Sin Escobillas se env\u00eda a trav\u00e9s de un servicio de mensajer\u00eda externo.<\/p>\n<p>Packages or pallets are delivered as standard up to the front door threshold, even if you are located in a collective building, apartment building or apartment complex with a lift (provided the item fits in the lift). No lift available or item does not fit in the lift? Then we deliver up to the threshold of the ground floor.<\/p>\n<p>Do you still have questions about delivery or a special situation? Contact us and we will be happy to help you!<\/p>\n<p>*Items are not unpacked or assembled as standard. In special situations you can contact us to make arrangements.<\/p>\n<h2>Secure online shopping at Salon For All with the Webwinkelkeur seal of quality and SSL encryption.<\/h2>\n<p>Es importante para nosotros que nuestros clientes puedan comprar de forma segura en nuestra tienda online. Estamos afiliados al sello de calidad nacional Webwinkelkeur desde 2019. Nuestra identidad ha sido verificada y comprobada por ellos, y la tienda online ha sido revisada y aprobada legalmente. Adem\u00e1s, nuestra tienda online est\u00e1 afiliada a ellos para la mediaci\u00f3n de conflictos. Puede ver la insignia con toda la informaci\u00f3n de este sello de calidad de tienda online en el lado izquierdo o derecho de la tienda online (bot\u00f3n rosa con blanco). Adem\u00e1s, nuestro sitio est\u00e1 protegido con un certificado SSL para que pueda navegar de forma segura con nosotros. En la barra de su navegador de Internet, donde aparece nuestro sitio web, ver\u00e1 un icono de candado. Si hace clic en el candado, obtendr\u00e1 toda la informaci\u00f3n sobre nuestra seguridad. De esta manera sabe que su pedido de Taladro De U\u00f1as Saeyang Marathon Handy Eco + Sde-Bs50S1 Sin Escobillas y sus datos personales se procesan de forma segura.<\/p>\n<h2>\u00bfC\u00f3mo puedo pagar Taladro De U\u00f1as Saeyang Marathon Handy Eco + Sde-Bs50S1 Sin Escobillas?<\/h2>\n<p>We want to make it as easy as possible for you. That's why at Salon For All you can pay with all popular payment methods. Pay in advance, on delivery or afterwards - everything is possible. See here for all the payment methods we offer:<\/p>\n<ul>\n<li>iDEAL<\/li>\n<li>Credit card (Visa, Mastercard, American Express)<\/li>\n<li>Klarna - Payment on delivery with invoice<\/li>\n<li>PayPal<\/li>\n<li>Apple Pay<\/li>\n<li>Google Pay<\/li>\n<li>Bizum (for Spanish customers)<\/li>\n<li>SEPA bank transfer<\/li>\n<li>Bancontact<\/li>\n<li>Commercial invoice for companies<\/li>\n<li>Payment in the showroom - Both card and cash (Only available on collection)<\/li>\n<\/ul>\n<h2>See also reviews of Salon For All<\/h2>\n<p>Consulte tambi\u00e9n nuestras rese\u00f1as para tener en cuenta las experiencias de nuestros clientes actuales en su decisi\u00f3n de pedir Taladro De U\u00f1as Saeyang Marathon Handy Eco + Sde-Bs50S1 Sin Escobillas con nosotros. A trav\u00e9s de nuestro sello de calidad independiente de tienda online Webwinkelkeur, se recopilan autom\u00e1ticamente rese\u00f1as verificadas de clientes que han completado un pedido con nosotros. Puede encontrarlas detr\u00e1s del bot\u00f3n rosa en nuestra tienda online o aparecen listadas debajo de los productos.<\/p>\n<p>\u00a1Comparta tambi\u00e9n su experiencia despu\u00e9s de su compra con su Taladro De U\u00f1as Saeyang Marathon Handy Eco + Sde-Bs50S1 Sin Escobillas pedido y su experiencia con el proceso de compra o el contacto con Salon For All para inspirar a otros!<\/p>\n<h2>Contact Salon For All<\/h2>\n<p>Cont\u00e1ctenos entonces. Estaremos encantados de ayudarle con la adquisici\u00f3n de Taladro De U\u00f1as Saeyang Marathon Handy Eco + Sde-Bs50S1 Sin Escobillas. En d\u00edas laborables estamos mejor disponibles entre las 8.30 y las 17.00 horas a trav\u00e9s del n\u00famero de tel\u00e9fono y direcci\u00f3n de correo electr\u00f3nico en la parte superior de la tienda online o a trav\u00e9s de la funci\u00f3n de chat. Las consultas fuera del horario de oficina suelen responderse en un plazo de 24 horas. Tambi\u00e9n es posible visitarnos fuera de los d\u00edas laborables u horario de oficina. Pero para ello es necesario concertar una cita previa.<\/p>\n<h2>Would you like to visit our showroom?<\/h2>\n<p>\u00bfPrefiere ver Taladro De U\u00f1as Saeyang Marathon Handy Eco + Sde-Bs50S1 Sin Escobillas o recorrer nuestra oferta de la tienda (online) junto con nuestro colega? Entonces visite nuestro showroom con m\u00e1s de 1000m\u00b2 de equipamiento para salones y d\u00e9jese inspirar por nuestros empleados. Tambi\u00e9n si le gusta conocernos de manera agradable disfrutando de una buena taza de caf\u00e9 o t\u00e9, es muy bienvenido. No tenemos todos los productos en stock, as\u00ed que h\u00e1ganos saber de antemano que desea venir. Concierte siempre una cita previa.<\/p>\n<h2>14 days of reflection and our return policy<\/h2>\n<p>Por supuesto puede ocurrir que Taladro De U\u00f1as Saeyang Marathon Handy Eco + Sde-Bs50S1 Sin Escobillas entregado no sea completamente de su agrado y desee devolverlo. Eso no es ning\u00fan problema en Salon For All. Debe notificar su devoluci\u00f3n dentro de 14 d\u00edas laborables a trav\u00e9s de info@salonforall.es. Entonces recibir\u00e1 primero todas las instrucciones y condiciones de devoluci\u00f3n. Tenga en cuenta que Taladro De U\u00f1as Saeyang Marathon Handy Eco + Sde-Bs50S1 Sin Escobillas no debe haber sido usado, debe contener todas las partes suministradas y debe devolverse empaquetado en el embalaje original. Los costos de env\u00edo de una devoluci\u00f3n son siempre a cargo del comprador en compras a trav\u00e9s de www.salonforall.es. Debe organizar usted mismo un transporte con una empresa de transporte de su elecci\u00f3n para una devoluci\u00f3n. Una vez que Taladro De U\u00f1as Saeyang Marathon Handy Eco + Sde-Bs50S1 Sin Escobillas haya sido devuelto, se verificar\u00e1 su integridad y posibles da\u00f1os. Una vez que la devoluci\u00f3n haya sido aprobada, el importe de la compra se reembolsar\u00e1 dentro de 5 d\u00edas laborables a la cuenta bancaria que tenemos registrada.<\/p>\n<h2>Who is Salon For All?<\/h2>\n<p>Salon For All is THE wholesaler for all salon equipment in Europe. Salon For All started in 2003 under the name Salonvoordeel and grew out of practice. The owners of Salon For All were experienced hairdressers and beauty specialists and have together more than 30 years of practical experience. In 2003 we launched Salonvoordeel.nl (Netherlands) and subsequently Salon For All was founded for the European market. Some of our employees started their own business and so the idea to launch a functional online shop for hairdressers and to help them with the equipment of their salon was born.<\/p>\n<p>Nuestro showroom se encuentra en Dinxperlo, directamente en la frontera entre los Pa\u00edses Bajos y Alemania. Con nuestra amplia experiencia en el sector podemos servirle de espejo y proporcionarle el asesoramiento adecuado. \u00a1Hablamos el mismo idioma! Le asesoramos, inspiramos, motivamos y ayudamos en la adquisici\u00f3n de Taladro De U\u00f1as Saeyang Marathon Handy Eco + Sde-Bs50S1 Sin Escobillas. Nuestros proveedores se encuentran en toda Europa, desde Alemania, Inglaterra, Italia hasta Polonia.<\/p>","protected":false},"excerpt":{"rendered":"<p>El producto Taladro De U\u00f1as Saeyang Marathon Handy Eco + Sde-Bs50S1 Sin Escobillas es una soluci\u00f3n de alta calidad para cualquier sal\u00f3n. El plazo de entrega estimado es de aproximadamente 6 d\u00edas laborables.<\/p>","protected":false},"featured_media":6232,"comment_status":"open","ping_status":"open","template":"","meta":[],"product_brand":[170],"product_cat":[161,287],"product_tag":[164,288],"class_list":{"0":"post-6231","1":"product","2":"type-product","3":"status-publish","4":"has-post-thumbnail","6":"product_brand-saeyang","7":"product_cat-podologia","8":"product_cat-taladros-de-podologia","9":"product_tag-podologia","10":"product_tag-taladros-de-podologia","11":"pa_codigo-ean-7759","12":"pa_garantia-12-meses","13":"pa_marca-saeyang","14":"pa_numero-de-articulo-2144","15":"pa_tiempo-estimado-de-entrega-4-5-dias-laborables","17":"first","18":"instock","19":"sale","20":"taxable","21":"shipping-taxable","22":"purchasable","23":"product-type-simple"},"yoast_head":"<!-- This site is optimized with the Yoast SEO plugin v27.6 - https:\/\/yoast.com\/product\/yoast-seo-wordpress\/ -->\n<title>Taladro De U\u00f1as Saeyang Marathon Handy Eco + Sde-Bs50S1 Sin Escobillas comprar<\/title>\n<meta name=\"description\" content=\"Compra Taladro De U\u00f1as Saeyang Marathon Handy Eco + Sde-Bs50S1 Sin Escobillas online o en el showroom en Salon For ALL Espa\u00f1a. El mayorista para salones, consultas y spas en Espa\u00f1a y Portugal.\" \/>\n<meta name=\"robots\" content=\"index, follow, max-snippet:-1, max-image-preview:large, max-video-preview:-1\" \/>\n<link rel=\"canonical\" href=\"https:\/\/salonforall.es\/en\/taladro-de-unas-saeyang-marathon-handy-eco-sde-bs50s1-sin-escobillas\/\" \/>\n<meta property=\"og:locale\" content=\"en_GB\" \/>\n<meta property=\"og:type\" content=\"article\" \/>\n<meta property=\"og:title\" content=\"Taladro De U\u00f1as Saeyang Marathon Handy Eco + Sde-Bs50S1 Sin Escobillas\" \/>\n<meta property=\"og:description\" content=\"Compra Taladro De U\u00f1as Saeyang Marathon Handy Eco + Sde-Bs50S1 Sin Escobillas online o en el showroom en Salon For ALL Espa\u00f1a. El mayorista para salones, consultas y spas en Espa\u00f1a y Portugal.\" \/>\n<meta property=\"og:url\" content=\"https:\/\/salonforall.es\/en\/taladro-de-unas-saeyang-marathon-handy-eco-sde-bs50s1-sin-escobillas\/\" \/>\n<meta property=\"og:site_name\" content=\"Salon For ALL Espa\u00f1a\" \/>\n<meta property=\"article:modified_time\" content=\"2026-03-24T15:39:35+00:00\" \/>\n<meta property=\"og:image\" content=\"https:\/\/salonforall.es\/wp-content\/uploads\/2025\/12\/Taladro-De-Unas-Saeyang-Marathon-Handy-Eco-Sde-Bs50S1-Sin-Escobillas.jpg\" \/>\n\t<meta property=\"og:image:width\" content=\"800\" \/>\n\t<meta property=\"og:image:height\" content=\"800\" \/>\n\t<meta property=\"og:image:type\" content=\"image\/jpeg\" \/>\n<meta name=\"twitter:card\" content=\"summary_large_image\" \/>\n<meta name=\"twitter:title\" content=\"Taladro De U\u00f1as Saeyang Marathon Handy Eco + Sde-Bs50S1 Sin Escobillas\" \/>\n<meta name=\"twitter:label1\" content=\"Estimated reading time\" \/>\n\t<meta name=\"twitter:data1\" content=\"9 minutes\" \/>\n<script type=\"application\/ld+json\" class=\"yoast-schema-graph\">{\"@context\":\"https:\\\/\\\/schema.org\",\"@graph\":[{\"@type\":\"WebPage\",\"@id\":\"https:\\\/\\\/salonforall.es\\\/taladro-de-unas-saeyang-marathon-handy-eco-sde-bs50s1-sin-escobillas\\\/\",\"url\":\"https:\\\/\\\/salonforall.es\\\/taladro-de-unas-saeyang-marathon-handy-eco-sde-bs50s1-sin-escobillas\\\/\",\"name\":\"Taladro De U\u00f1as Saeyang Marathon Handy Eco + Sde-Bs50S1 Sin Escobillas comprar\",\"isPartOf\":{\"@id\":\"https:\\\/\\\/salonforall.es\\\/#website\"},\"primaryImageOfPage\":{\"@id\":\"https:\\\/\\\/salonforall.es\\\/taladro-de-unas-saeyang-marathon-handy-eco-sde-bs50s1-sin-escobillas\\\/#primaryimage\"},\"image\":{\"@id\":\"https:\\\/\\\/salonforall.es\\\/taladro-de-unas-saeyang-marathon-handy-eco-sde-bs50s1-sin-escobillas\\\/#primaryimage\"},\"thumbnailUrl\":\"https:\\\/\\\/salonforall.es\\\/wp-content\\\/uploads\\\/2025\\\/12\\\/Taladro-De-Unas-Saeyang-Marathon-Handy-Eco-Sde-Bs50S1-Sin-Escobillas.jpg\",\"datePublished\":\"2025-12-02T11:25:57+00:00\",\"dateModified\":\"2026-03-24T15:39:35+00:00\",\"description\":\"Compra Taladro De U\u00f1as Saeyang Marathon Handy Eco + Sde-Bs50S1 Sin Escobillas online o en el showroom en Salon For ALL Espa\u00f1a. El mayorista para salones, consultas y spas en Espa\u00f1a y Portugal.\",\"breadcrumb\":{\"@id\":\"https:\\\/\\\/salonforall.es\\\/taladro-de-unas-saeyang-marathon-handy-eco-sde-bs50s1-sin-escobillas\\\/#breadcrumb\"},\"inLanguage\":\"en-GB\",\"potentialAction\":[{\"@type\":\"ReadAction\",\"target\":[\"https:\\\/\\\/salonforall.es\\\/taladro-de-unas-saeyang-marathon-handy-eco-sde-bs50s1-sin-escobillas\\\/\"]}]},{\"@type\":\"ImageObject\",\"inLanguage\":\"en-GB\",\"@id\":\"https:\\\/\\\/salonforall.es\\\/taladro-de-unas-saeyang-marathon-handy-eco-sde-bs50s1-sin-escobillas\\\/#primaryimage\",\"url\":\"https:\\\/\\\/salonforall.es\\\/wp-content\\\/uploads\\\/2025\\\/12\\\/Taladro-De-Unas-Saeyang-Marathon-Handy-Eco-Sde-Bs50S1-Sin-Escobillas.jpg\",\"contentUrl\":\"https:\\\/\\\/salonforall.es\\\/wp-content\\\/uploads\\\/2025\\\/12\\\/Taladro-De-Unas-Saeyang-Marathon-Handy-Eco-Sde-Bs50S1-Sin-Escobillas.jpg\",\"width\":800,\"height\":800,\"caption\":\"Taladro De U\u00f1as Saeyang Marathon Handy Eco + Sde-Bs50S1 Sin Escobillas\"},{\"@type\":\"BreadcrumbList\",\"@id\":\"https:\\\/\\\/salonforall.es\\\/taladro-de-unas-saeyang-marathon-handy-eco-sde-bs50s1-sin-escobillas\\\/#breadcrumb\",\"itemListElement\":[{\"@type\":\"ListItem\",\"position\":1,\"name\":\"Home\",\"item\":\"https:\\\/\\\/salonforall.es\\\/\"},{\"@type\":\"ListItem\",\"position\":2,\"name\":\"Winkel\",\"item\":\"https:\\\/\\\/salonforall.es\\\/winkel\\\/\"},{\"@type\":\"ListItem\",\"position\":3,\"name\":\"Taladro De U\u00f1as Saeyang Marathon Handy Eco + Sde-Bs50S1 Sin Escobillas\"}]},{\"@type\":\"WebSite\",\"@id\":\"https:\\\/\\\/salonforall.es\\\/#website\",\"url\":\"https:\\\/\\\/salonforall.es\\\/\",\"name\":\"Salon For ALL Espa\u00f1a\",\"description\":\"Mayorista de mobiliario y suministros para consultorios y salones\",\"publisher\":{\"@id\":\"https:\\\/\\\/salonforall.es\\\/#organization\"},\"potentialAction\":[{\"@type\":\"SearchAction\",\"target\":{\"@type\":\"EntryPoint\",\"urlTemplate\":\"https:\\\/\\\/salonforall.es\\\/?s={search_term_string}\"},\"query-input\":{\"@type\":\"PropertyValueSpecification\",\"valueRequired\":true,\"valueName\":\"search_term_string\"}}],\"inLanguage\":\"en-GB\"},{\"@type\":\"Organization\",\"@id\":\"https:\\\/\\\/salonforall.es\\\/#organization\",\"name\":\"Salon For All B.V. Espa\u00f1a\",\"alternateName\":\"Salon For All B.V. Espa\u00f1a - Mayorista de equipamiento para consultas, salones y suministros\",\"url\":\"https:\\\/\\\/salonforall.es\\\/\",\"logo\":{\"@type\":\"ImageObject\",\"inLanguage\":\"en-GB\",\"@id\":\"https:\\\/\\\/salonforall.es\\\/#\\\/schema\\\/logo\\\/image\\\/\",\"url\":\"https:\\\/\\\/salonforall.es\\\/wp-content\\\/uploads\\\/2025\\\/11\\\/logo-salon-for-all-e1764543185849.png\",\"contentUrl\":\"https:\\\/\\\/salonforall.es\\\/wp-content\\\/uploads\\\/2025\\\/11\\\/logo-salon-for-all-e1764543185849.png\",\"width\":500,\"height\":150,\"caption\":\"Salon For All B.V. Espa\u00f1a\"},\"image\":{\"@id\":\"https:\\\/\\\/salonforall.es\\\/#\\\/schema\\\/logo\\\/image\\\/\"}}]}<\/script>\n<!-- \/ Yoast SEO plugin. -->","yoast_head_json":{"title":"Taladro De U\u00f1as Saeyang Marathon Handy Eco + Sde-Bs50S1 Sin Escobillas comprar","description":"Compra Taladro De U\u00f1as Saeyang Marathon Handy Eco + Sde-Bs50S1 Sin Escobillas online o en el showroom en Salon For ALL Espa\u00f1a. El mayorista para salones, consultas y spas en Espa\u00f1a y Portugal.","robots":{"index":"index","follow":"follow","max-snippet":"max-snippet:-1","max-image-preview":"max-image-preview:large","max-video-preview":"max-video-preview:-1"},"canonical":"https:\/\/salonforall.es\/en\/taladro-de-unas-saeyang-marathon-handy-eco-sde-bs50s1-sin-escobillas\/","og_locale":"en_GB","og_type":"article","og_title":"Taladro De U\u00f1as Saeyang Marathon Handy Eco + Sde-Bs50S1 Sin Escobillas","og_description":"Compra Taladro De U\u00f1as Saeyang Marathon Handy Eco + Sde-Bs50S1 Sin Escobillas online o en el showroom en Salon For ALL Espa\u00f1a. El mayorista para salones, consultas y spas en Espa\u00f1a y Portugal.","og_url":"https:\/\/salonforall.es\/en\/taladro-de-unas-saeyang-marathon-handy-eco-sde-bs50s1-sin-escobillas\/","og_site_name":"Salon For ALL Espa\u00f1a","article_modified_time":"2026-03-24T15:39:35+00:00","og_image":[{"width":800,"height":800,"url":"https:\/\/salonforall.es\/wp-content\/uploads\/2025\/12\/Taladro-De-Unas-Saeyang-Marathon-Handy-Eco-Sde-Bs50S1-Sin-Escobillas.jpg","type":"image\/jpeg"}],"twitter_card":"summary_large_image","twitter_title":"Taladro De U\u00f1as Saeyang Marathon Handy Eco + Sde-Bs50S1 Sin Escobillas","twitter_misc":{"Estimated reading time":"9 minutes"},"schema":{"@context":"https:\/\/schema.org","@graph":[{"@type":"WebPage","@id":"https:\/\/salonforall.es\/taladro-de-unas-saeyang-marathon-handy-eco-sde-bs50s1-sin-escobillas\/","url":"https:\/\/salonforall.es\/taladro-de-unas-saeyang-marathon-handy-eco-sde-bs50s1-sin-escobillas\/","name":"Taladro De U\u00f1as Saeyang Marathon Handy Eco + Sde-Bs50S1 Sin Escobillas comprar","isPartOf":{"@id":"https:\/\/salonforall.es\/#website"},"primaryImageOfPage":{"@id":"https:\/\/salonforall.es\/taladro-de-unas-saeyang-marathon-handy-eco-sde-bs50s1-sin-escobillas\/#primaryimage"},"image":{"@id":"https:\/\/salonforall.es\/taladro-de-unas-saeyang-marathon-handy-eco-sde-bs50s1-sin-escobillas\/#primaryimage"},"thumbnailUrl":"https:\/\/salonforall.es\/wp-content\/uploads\/2025\/12\/Taladro-De-Unas-Saeyang-Marathon-Handy-Eco-Sde-Bs50S1-Sin-Escobillas.jpg","datePublished":"2025-12-02T11:25:57+00:00","dateModified":"2026-03-24T15:39:35+00:00","description":"Compra Taladro De U\u00f1as Saeyang Marathon Handy Eco + Sde-Bs50S1 Sin Escobillas online o en el showroom en Salon For ALL Espa\u00f1a. El mayorista para salones, consultas y spas en Espa\u00f1a y Portugal.","breadcrumb":{"@id":"https:\/\/salonforall.es\/taladro-de-unas-saeyang-marathon-handy-eco-sde-bs50s1-sin-escobillas\/#breadcrumb"},"inLanguage":"en-GB","potentialAction":[{"@type":"ReadAction","target":["https:\/\/salonforall.es\/taladro-de-unas-saeyang-marathon-handy-eco-sde-bs50s1-sin-escobillas\/"]}]},{"@type":"ImageObject","inLanguage":"en-GB","@id":"https:\/\/salonforall.es\/taladro-de-unas-saeyang-marathon-handy-eco-sde-bs50s1-sin-escobillas\/#primaryimage","url":"https:\/\/salonforall.es\/wp-content\/uploads\/2025\/12\/Taladro-De-Unas-Saeyang-Marathon-Handy-Eco-Sde-Bs50S1-Sin-Escobillas.jpg","contentUrl":"https:\/\/salonforall.es\/wp-content\/uploads\/2025\/12\/Taladro-De-Unas-Saeyang-Marathon-Handy-Eco-Sde-Bs50S1-Sin-Escobillas.jpg","width":800,"height":800,"caption":"Taladro De U\u00f1as Saeyang Marathon Handy Eco + Sde-Bs50S1 Sin Escobillas"},{"@type":"BreadcrumbList","@id":"https:\/\/salonforall.es\/taladro-de-unas-saeyang-marathon-handy-eco-sde-bs50s1-sin-escobillas\/#breadcrumb","itemListElement":[{"@type":"ListItem","position":1,"name":"Home","item":"https:\/\/salonforall.es\/"},{"@type":"ListItem","position":2,"name":"Winkel","item":"https:\/\/salonforall.es\/winkel\/"},{"@type":"ListItem","position":3,"name":"Taladro De U\u00f1as Saeyang Marathon Handy Eco + Sde-Bs50S1 Sin Escobillas"}]},{"@type":"WebSite","@id":"https:\/\/salonforall.es\/#website","url":"https:\/\/salonforall.es\/","name":"Salon For ALL Spain","description":"Wholesaler of salon and practice furniture and supplies","publisher":{"@id":"https:\/\/salonforall.es\/#organization"},"potentialAction":[{"@type":"SearchAction","target":{"@type":"EntryPoint","urlTemplate":"https:\/\/salonforall.es\/?s={search_term_string}"},"query-input":{"@type":"PropertyValueSpecification","valueRequired":true,"valueName":"search_term_string"}}],"inLanguage":"en-GB"},{"@type":"Organization","@id":"https:\/\/salonforall.es\/#organization","name":"Salon For All B.V. Spain","alternateName":"Salon For All B.V. Espa\u00f1a - Mayorista de equipamiento para consultas, salones y suministros","url":"https:\/\/salonforall.es\/","logo":{"@type":"ImageObject","inLanguage":"en-GB","@id":"https:\/\/salonforall.es\/#\/schema\/logo\/image\/","url":"https:\/\/salonforall.es\/wp-content\/uploads\/2025\/11\/logo-salon-for-all-e1764543185849.png","contentUrl":"https:\/\/salonforall.es\/wp-content\/uploads\/2025\/11\/logo-salon-for-all-e1764543185849.png","width":500,"height":150,"caption":"Salon For All B.V. Espa\u00f1a"},"image":{"@id":"https:\/\/salonforall.es\/#\/schema\/logo\/image\/"}}]}},"_links":{"self":[{"href":"https:\/\/salonforall.es\/en\/wp-json\/wp\/v2\/product\/6231","targetHints":{"allow":["GET"]}}],"collection":[{"href":"https:\/\/salonforall.es\/en\/wp-json\/wp\/v2\/product"}],"about":[{"href":"https:\/\/salonforall.es\/en\/wp-json\/wp\/v2\/types\/product"}],"replies":[{"embeddable":true,"href":"https:\/\/salonforall.es\/en\/wp-json\/wp\/v2\/comments?post=6231"}],"wp:featuredmedia":[{"embeddable":true,"href":"https:\/\/salonforall.es\/en\/wp-json\/wp\/v2\/media\/6232"}],"wp:attachment":[{"href":"https:\/\/salonforall.es\/en\/wp-json\/wp\/v2\/media?parent=6231"}],"wp:term":[{"taxonomy":"product_brand","embeddable":true,"href":"https:\/\/salonforall.es\/en\/wp-json\/wp\/v2\/product_brand?post=6231"},{"taxonomy":"product_cat","embeddable":true,"href":"https:\/\/salonforall.es\/en\/wp-json\/wp\/v2\/product_cat?post=6231"},{"taxonomy":"product_tag","embeddable":true,"href":"https:\/\/salonforall.es\/en\/wp-json\/wp\/v2\/product_tag?post=6231"}],"curies":[{"name":"wp","href":"https:\/\/api.w.org\/{rel}","templated":true}]}}