{"id":5884,"date":"2025-12-02T12:22:30","date_gmt":"2025-12-02T11:22:30","guid":{"rendered":"https:\/\/salonforall.es\/product\/leche-limpiadora-antibacteriana-apis-acne-stop-con-te-verde-500ml\/"},"modified":"2026-03-24T16:26:58","modified_gmt":"2026-03-24T15:26:58","slug":"apis-acne-stop-antibacterial-cleansing-milk-with-green-tea-500ml","status":"publish","type":"product","link":"https:\/\/salonforall.es\/en\/leche-limpiadora-antibacteriana-apis-acne-stop-con-te-verde-500ml\/","title":{"rendered":"Apis Acne-Stop Antibacterial Cleansing Milk. With Green Tea 500Ml"},"content":{"rendered":"<h2>Information about Apis Acne-Stop Antibacterial Cleansing Milk. With Green Tea 500Ml with article number 105376<\/h2>\n<div> acne-stop <\/div>\n<div> antibacterial cleansing milk with green tea <\/div>\n<div>\n<div> <\/div>\n<div> for acne-prone, oily and combination skin. <\/div>\n<div>\n<div> <\/div>\n<div> the product perfectly removes make-up and other impurities. it cleanses, cares, has a strong bacteriostatic and cleansing effect. <\/div>\n<div> capacity: 500 ml <\/div><\/div><\/div>\n<p>Activeshop products are proportionally cheaper than many other brands\/suppliers. The price is in relation to the quality. Apis Acne-Stop Antibacterial Cleansing Milk. With Green Tea 500ml is therefore an affordable solution for your salon.<\/p>\n<h2>How is Apis Acne-Stop Antibacterial Cleansing Milk. With Green Tea 500Ml?<\/h2>\n<p>Antibacterial Cleansing Milk Apis Acne-Stop. With Green Tea 500Ml is delivered in the original packaging(s). Within Spain the delivery of Antibacterial Cleansing Milk Apis Acne-Stop. With Green Tea 500Ml is completely free of charge for orders over 100,- euros. For shipments to other countries separate shipping rates apply. You can check these rates with us or view them in the shopping cart. Apis Acne-Stop Antibacterial Cleansing Milk. With Green Tea 500Ml is shipped via an external courier service.<\/p>\n<p>Packages or pallets are delivered as standard up to the front door threshold, even if you are located in a collective building, apartment building or apartment complex with a lift (provided the item fits in the lift). No lift available or item does not fit in the lift? Then we deliver up to the threshold of the ground floor.<\/p>\n<p>Do you still have questions about delivery or a special situation? Contact us and we will be happy to help you!<\/p>\n<p>*Items are not unpacked or assembled as standard. In special situations you can contact us to make arrangements.<\/p>\n<h2>Secure online shopping at Salon For All with the Webwinkelkeur seal of quality and SSL encryption.<\/h2>\n<p>It is important to us that our customers can shop safely in our online shop. We have been affiliated with the national quality seal Webwinkelkeur since 2019. Our identity has been verified and checked by them, and the online shop has been checked and legally approved. Furthermore, our online shop is affiliated with them for conflict mediation. You can see the logo with all the information of this online shop quality seal on the left or right side of the online shop (pink button with white). In addition, our site is protected with an SSL certificate so that you can surf securely with us. In the bar of your Internet browser, where our website appears, you will see a padlock icon. If you click on the padlock, you will get all the information about our security. This way you know that your order of Apis Acne-Stop Antibacterial Cleansing Milk. With Green Tea 500Ml and your personal data are processed securely.<\/p>\n<h2>How can I pay for Apis Acne-Stop Antibacterial Cleansing Milk. With Green Tea 500Ml?<\/h2>\n<p>We want to make it as easy as possible for you. That's why at Salon For All you can pay with all popular payment methods. Pay in advance, on delivery or afterwards - everything is possible. See here for all the payment methods we offer:<\/p>\n<ul>\n<li>iDEAL<\/li>\n<li>Credit card (Visa, Mastercard, American Express)<\/li>\n<li>Klarna - Payment on delivery with invoice<\/li>\n<li>PayPal<\/li>\n<li>Apple Pay<\/li>\n<li>Google Pay<\/li>\n<li>Bizum (for Spanish customers)<\/li>\n<li>SEPA bank transfer<\/li>\n<li>Bancontact<\/li>\n<li>Commercial invoice for companies<\/li>\n<li>Payment in the showroom - Both card and cash (Only available on collection)<\/li>\n<\/ul>\n<h2>See also reviews of Salon For All<\/h2>\n<p>See also our reviews to take into account the experiences of our current customers in your decision to order Apis Acne-Stop Antibacterial Cleansing Milk. With Green Tea 500Ml with us. Through our independent online shop quality seal Webwinkelkeur, verified reviews are automatically collected from customers who have completed an order with us. You can find them behind the pink button in our online shop or they are listed under the products.<\/p>\n<p>Please also share your experience after your purchase of Apis Acne-Stop Antibacterial Cleansing Milk. With Green Tea 500Ml order and your experience with the purchase process or contact Salon For All to inspire others!<\/p>\n<h2>Contact Salon For All<\/h2>\n<p>Contact us then. We will be happy to help you with the purchase of Apis Acne-Stop Antibacterial Cleansing Milk. With Green Tea 500Ml. On weekdays we are best available between 8.30am and 5.00pm via the telephone number and email address at the top of the online shop or via the chat function. Out-of-hours enquiries are usually answered within 24 hours. It is also possible to visit us outside working days or office hours. However, an appointment must be made in advance.<\/p>\n<h2>Would you like to visit our showroom?<\/h2>\n<p>Would you prefer to see Apis Acne-Stop Antibacterial Cleansing Milk. With Green Tea 500Ml or browse through our (online) shop offer together with our colleague? Then visit our showroom with more than 1000m\u00b2 of salon equipment and let yourself be inspired by our employees. Also if you like to get to know us pleasantly over a cup of coffee or tea, you are very welcome. We do not have all products in stock, so please let us know in advance that you would like to come. Always make an appointment in advance.<\/p>\n<h2>14 days of reflection and our return policy<\/h2>\n<p>Of course, it may happen that the Apis Acne-Stop Antibacterial Cleansing Milk. With Green Tea 500Ml delivered is not completely to your liking and you wish to return it. This is no problem at Salon For All. You must notify your return within 14 working days via info@salonforall.es. You will then first receive all instructions and conditions of return. Please note that Apis Acne-Stop Antibacterial Cleansing Milk. With Green Tea 500Ml must not have been used, must contain all supplied parts and must be returned in the original packaging. The shipping costs of a return are always at the expense of the buyer on purchases through www.salonforall.es. You must arrange a transport yourself with a transport company of your choice for a return. Once Apis Acne-Stop Antibacterial Cleansing Milk. With Green Tea 500Ml has been returned, it will be checked for completeness and possible damage. Once the return has been approved, the purchase amount will be refunded within 5 working days to the bank account we have on record.<\/p>\n<h2>Who is Salon For All?<\/h2>\n<p>Salon For All is THE wholesaler for all salon equipment in Europe. Salon For All started in 2003 under the name Salonvoordeel and grew out of practice. The owners of Salon For All were experienced hairdressers and beauty specialists and have together more than 30 years of practical experience. In 2003 we launched Salonvoordeel.nl (Netherlands) and subsequently Salon For All was founded for the European market. Some of our employees started their own business and so the idea to launch a functional online shop for hairdressers and to help them with the equipment of their salon was born.<\/p>\n<p>Our showroom is located in Dinxperlo, directly on the border between the Netherlands and Germany. With our extensive experience in the industry, we can serve as a mirror and provide you with the right advice - we speak the same language! We advise, inspire, motivate and support you in the purchase of Apis Acne-Stop Antibacterial Cleansing Milk. With Green Tea 500Ml. Our suppliers are located all over Europe, from Germany, England, Italy to Poland.<\/p>","protected":false},"excerpt":{"rendered":"<p>The product Apis Acne-Stop Antibacterial Cleansing Milk. With Green Tea 500ml is a high quality solution for any salon. The estimated delivery time is approximately 6 working days.<\/p>","protected":false},"featured_media":5885,"comment_status":"open","ping_status":"open","template":"","meta":[],"product_brand":[75],"product_cat":[77,76,78],"product_tag":[80,79,81],"class_list":{"0":"post-5884","1":"product","2":"type-product","3":"status-publish","4":"has-post-thumbnail","6":"product_brand-apis","7":"product_cat-apis-cosmetica-profesional","8":"product_cat-cosmetica-profesional","9":"product_cat-cuidado-facial","10":"product_tag-apis-cosmetica-profesional","11":"product_tag-cosmetica-profesional","12":"product_tag-cuidado-facial","13":"pa_codigo-ean-7762","14":"pa_garantia-12-meses","15":"pa_marca-apis","16":"pa_numero-de-articulo-1978","17":"pa_tiempo-estimado-de-entrega-4-5-dias-laborables","19":"first","20":"instock","21":"sale","22":"taxable","23":"shipping-taxable","24":"purchasable","25":"product-type-simple"},"yoast_head":"<!-- This site is optimized with the Yoast SEO plugin v27.6 - https:\/\/yoast.com\/product\/yoast-seo-wordpress\/ -->\n<title>Leche Limpiadora Antibacteriana Apis Acne-Stop. Con T\u00e9 Verde 500Ml comprar<\/title>\n<meta name=\"description\" content=\"Compra Leche Limpiadora Antibacteriana Apis Acne-Stop. Con T\u00e9 Verde 500Ml online o en el showroom en Salon For ALL Espa\u00f1a. El mayorista para salones, consultas y spas en Espa\u00f1a y Portugal.\" \/>\n<meta name=\"robots\" content=\"index, follow, max-snippet:-1, max-image-preview:large, max-video-preview:-1\" \/>\n<link rel=\"canonical\" href=\"https:\/\/salonforall.es\/en\/apis-acne-stop-antibacterial-cleansing-milk-with-green-tea-500ml\/\" \/>\n<meta property=\"og:locale\" content=\"en_GB\" \/>\n<meta property=\"og:type\" content=\"article\" \/>\n<meta property=\"og:title\" content=\"Leche Limpiadora Antibacteriana Apis Acne-Stop. Con T\u00e9 Verde 500Ml\" \/>\n<meta property=\"og:description\" content=\"Compra Leche Limpiadora Antibacteriana Apis Acne-Stop. Con T\u00e9 Verde 500Ml online o en el showroom en Salon For ALL Espa\u00f1a. El mayorista para salones, consultas y spas en Espa\u00f1a y Portugal.\" \/>\n<meta property=\"og:url\" content=\"https:\/\/salonforall.es\/en\/apis-acne-stop-antibacterial-cleansing-milk-with-green-tea-500ml\/\" \/>\n<meta property=\"og:site_name\" content=\"Salon For ALL Espa\u00f1a\" \/>\n<meta property=\"article:modified_time\" content=\"2026-03-24T15:26:58+00:00\" \/>\n<meta property=\"og:image\" content=\"https:\/\/salonforall.es\/wp-content\/uploads\/2025\/12\/Leche-Limpiadora-Antibacteriana-Apis-Acne-Stop.-Con-Te-Verde-500Ml.jpg\" \/>\n\t<meta property=\"og:image:width\" content=\"800\" \/>\n\t<meta property=\"og:image:height\" content=\"800\" \/>\n\t<meta property=\"og:image:type\" content=\"image\/jpeg\" \/>\n<meta name=\"twitter:card\" content=\"summary_large_image\" \/>\n<meta name=\"twitter:title\" content=\"Leche Limpiadora Antibacteriana Apis Acne-Stop. Con T\u00e9 Verde 500Ml\" \/>\n<meta name=\"twitter:label1\" content=\"Estimated reading time\" \/>\n\t<meta name=\"twitter:data1\" content=\"7 minutes\" \/>\n<script type=\"application\/ld+json\" class=\"yoast-schema-graph\">{\"@context\":\"https:\\\/\\\/schema.org\",\"@graph\":[{\"@type\":\"WebPage\",\"@id\":\"https:\\\/\\\/salonforall.es\\\/leche-limpiadora-antibacteriana-apis-acne-stop-con-te-verde-500ml\\\/\",\"url\":\"https:\\\/\\\/salonforall.es\\\/leche-limpiadora-antibacteriana-apis-acne-stop-con-te-verde-500ml\\\/\",\"name\":\"Leche Limpiadora Antibacteriana Apis Acne-Stop. Con T\u00e9 Verde 500Ml comprar\",\"isPartOf\":{\"@id\":\"https:\\\/\\\/salonforall.es\\\/#website\"},\"primaryImageOfPage\":{\"@id\":\"https:\\\/\\\/salonforall.es\\\/leche-limpiadora-antibacteriana-apis-acne-stop-con-te-verde-500ml\\\/#primaryimage\"},\"image\":{\"@id\":\"https:\\\/\\\/salonforall.es\\\/leche-limpiadora-antibacteriana-apis-acne-stop-con-te-verde-500ml\\\/#primaryimage\"},\"thumbnailUrl\":\"https:\\\/\\\/salonforall.es\\\/wp-content\\\/uploads\\\/2025\\\/12\\\/Leche-Limpiadora-Antibacteriana-Apis-Acne-Stop.-Con-Te-Verde-500Ml.jpg\",\"datePublished\":\"2025-12-02T11:22:30+00:00\",\"dateModified\":\"2026-03-24T15:26:58+00:00\",\"description\":\"Compra Leche Limpiadora Antibacteriana Apis Acne-Stop. Con T\u00e9 Verde 500Ml online o en el showroom en Salon For ALL Espa\u00f1a. El mayorista para salones, consultas y spas en Espa\u00f1a y Portugal.\",\"breadcrumb\":{\"@id\":\"https:\\\/\\\/salonforall.es\\\/leche-limpiadora-antibacteriana-apis-acne-stop-con-te-verde-500ml\\\/#breadcrumb\"},\"inLanguage\":\"en-GB\",\"potentialAction\":[{\"@type\":\"ReadAction\",\"target\":[\"https:\\\/\\\/salonforall.es\\\/leche-limpiadora-antibacteriana-apis-acne-stop-con-te-verde-500ml\\\/\"]}]},{\"@type\":\"ImageObject\",\"inLanguage\":\"en-GB\",\"@id\":\"https:\\\/\\\/salonforall.es\\\/leche-limpiadora-antibacteriana-apis-acne-stop-con-te-verde-500ml\\\/#primaryimage\",\"url\":\"https:\\\/\\\/salonforall.es\\\/wp-content\\\/uploads\\\/2025\\\/12\\\/Leche-Limpiadora-Antibacteriana-Apis-Acne-Stop.-Con-Te-Verde-500Ml.jpg\",\"contentUrl\":\"https:\\\/\\\/salonforall.es\\\/wp-content\\\/uploads\\\/2025\\\/12\\\/Leche-Limpiadora-Antibacteriana-Apis-Acne-Stop.-Con-Te-Verde-500Ml.jpg\",\"width\":800,\"height\":800,\"caption\":\"Leche Limpiadora Antibacteriana Apis Acne-Stop. Con T\u00e9 Verde 500Ml\"},{\"@type\":\"BreadcrumbList\",\"@id\":\"https:\\\/\\\/salonforall.es\\\/leche-limpiadora-antibacteriana-apis-acne-stop-con-te-verde-500ml\\\/#breadcrumb\",\"itemListElement\":[{\"@type\":\"ListItem\",\"position\":1,\"name\":\"Home\",\"item\":\"https:\\\/\\\/salonforall.es\\\/\"},{\"@type\":\"ListItem\",\"position\":2,\"name\":\"Winkel\",\"item\":\"https:\\\/\\\/salonforall.es\\\/winkel\\\/\"},{\"@type\":\"ListItem\",\"position\":3,\"name\":\"Leche Limpiadora Antibacteriana Apis Acne-Stop. Con T\u00e9 Verde 500Ml\"}]},{\"@type\":\"WebSite\",\"@id\":\"https:\\\/\\\/salonforall.es\\\/#website\",\"url\":\"https:\\\/\\\/salonforall.es\\\/\",\"name\":\"Salon For ALL Espa\u00f1a\",\"description\":\"Mayorista de mobiliario y suministros para consultorios y salones\",\"publisher\":{\"@id\":\"https:\\\/\\\/salonforall.es\\\/#organization\"},\"potentialAction\":[{\"@type\":\"SearchAction\",\"target\":{\"@type\":\"EntryPoint\",\"urlTemplate\":\"https:\\\/\\\/salonforall.es\\\/?s={search_term_string}\"},\"query-input\":{\"@type\":\"PropertyValueSpecification\",\"valueRequired\":true,\"valueName\":\"search_term_string\"}}],\"inLanguage\":\"en-GB\"},{\"@type\":\"Organization\",\"@id\":\"https:\\\/\\\/salonforall.es\\\/#organization\",\"name\":\"Salon For All B.V. Espa\u00f1a\",\"alternateName\":\"Salon For All B.V. Espa\u00f1a - Mayorista de equipamiento para consultas, salones y suministros\",\"url\":\"https:\\\/\\\/salonforall.es\\\/\",\"logo\":{\"@type\":\"ImageObject\",\"inLanguage\":\"en-GB\",\"@id\":\"https:\\\/\\\/salonforall.es\\\/#\\\/schema\\\/logo\\\/image\\\/\",\"url\":\"https:\\\/\\\/salonforall.es\\\/wp-content\\\/uploads\\\/2025\\\/11\\\/logo-salon-for-all-e1764543185849.png\",\"contentUrl\":\"https:\\\/\\\/salonforall.es\\\/wp-content\\\/uploads\\\/2025\\\/11\\\/logo-salon-for-all-e1764543185849.png\",\"width\":500,\"height\":150,\"caption\":\"Salon For All B.V. Espa\u00f1a\"},\"image\":{\"@id\":\"https:\\\/\\\/salonforall.es\\\/#\\\/schema\\\/logo\\\/image\\\/\"}}]}<\/script>\n<!-- \/ Yoast SEO plugin. -->","yoast_head_json":{"title":"Apis Acne-Stop Antibacterial Cleansing Milk. With Green Tea 500Ml buy","description":"Buy Apis Acne-Stop Antibacterial Cleansing Milk. With Green Tea 500Ml online or in the showroom at Salon For ALL Spain. The wholesaler for salons, practices and spas in Spain and Portugal.","robots":{"index":"index","follow":"follow","max-snippet":"max-snippet:-1","max-image-preview":"max-image-preview:large","max-video-preview":"max-video-preview:-1"},"canonical":"https:\/\/salonforall.es\/en\/apis-acne-stop-antibacterial-cleansing-milk-with-green-tea-500ml\/","og_locale":"en_GB","og_type":"article","og_title":"Leche Limpiadora Antibacteriana Apis Acne-Stop. Con T\u00e9 Verde 500Ml","og_description":"Compra Leche Limpiadora Antibacteriana Apis Acne-Stop. Con T\u00e9 Verde 500Ml online o en el showroom en Salon For ALL Espa\u00f1a. El mayorista para salones, consultas y spas en Espa\u00f1a y Portugal.","og_url":"https:\/\/salonforall.es\/en\/apis-acne-stop-antibacterial-cleansing-milk-with-green-tea-500ml\/","og_site_name":"Salon For ALL Espa\u00f1a","article_modified_time":"2026-03-24T15:26:58+00:00","og_image":[{"width":800,"height":800,"url":"https:\/\/salonforall.es\/wp-content\/uploads\/2025\/12\/Leche-Limpiadora-Antibacteriana-Apis-Acne-Stop.-Con-Te-Verde-500Ml.jpg","type":"image\/jpeg"}],"twitter_card":"summary_large_image","twitter_title":"Leche Limpiadora Antibacteriana Apis Acne-Stop. Con T\u00e9 Verde 500Ml","twitter_misc":{"Estimated reading time":"7 minutes"},"schema":{"@context":"https:\/\/schema.org","@graph":[{"@type":"WebPage","@id":"https:\/\/salonforall.es\/leche-limpiadora-antibacteriana-apis-acne-stop-con-te-verde-500ml\/","url":"https:\/\/salonforall.es\/leche-limpiadora-antibacteriana-apis-acne-stop-con-te-verde-500ml\/","name":"Apis Acne-Stop Antibacterial Cleansing Milk. With Green Tea 500Ml buy","isPartOf":{"@id":"https:\/\/salonforall.es\/#website"},"primaryImageOfPage":{"@id":"https:\/\/salonforall.es\/leche-limpiadora-antibacteriana-apis-acne-stop-con-te-verde-500ml\/#primaryimage"},"image":{"@id":"https:\/\/salonforall.es\/leche-limpiadora-antibacteriana-apis-acne-stop-con-te-verde-500ml\/#primaryimage"},"thumbnailUrl":"https:\/\/salonforall.es\/wp-content\/uploads\/2025\/12\/Leche-Limpiadora-Antibacteriana-Apis-Acne-Stop.-Con-Te-Verde-500Ml.jpg","datePublished":"2025-12-02T11:22:30+00:00","dateModified":"2026-03-24T15:26:58+00:00","description":"Buy Apis Acne-Stop Antibacterial Cleansing Milk. With Green Tea 500Ml online or in the showroom at Salon For ALL Spain. The wholesaler for salons, practices and spas in Spain and Portugal.","breadcrumb":{"@id":"https:\/\/salonforall.es\/leche-limpiadora-antibacteriana-apis-acne-stop-con-te-verde-500ml\/#breadcrumb"},"inLanguage":"en-GB","potentialAction":[{"@type":"ReadAction","target":["https:\/\/salonforall.es\/leche-limpiadora-antibacteriana-apis-acne-stop-con-te-verde-500ml\/"]}]},{"@type":"ImageObject","inLanguage":"en-GB","@id":"https:\/\/salonforall.es\/leche-limpiadora-antibacteriana-apis-acne-stop-con-te-verde-500ml\/#primaryimage","url":"https:\/\/salonforall.es\/wp-content\/uploads\/2025\/12\/Leche-Limpiadora-Antibacteriana-Apis-Acne-Stop.-Con-Te-Verde-500Ml.jpg","contentUrl":"https:\/\/salonforall.es\/wp-content\/uploads\/2025\/12\/Leche-Limpiadora-Antibacteriana-Apis-Acne-Stop.-Con-Te-Verde-500Ml.jpg","width":800,"height":800,"caption":"Leche Limpiadora Antibacteriana Apis Acne-Stop. Con T\u00e9 Verde 500Ml"},{"@type":"BreadcrumbList","@id":"https:\/\/salonforall.es\/leche-limpiadora-antibacteriana-apis-acne-stop-con-te-verde-500ml\/#breadcrumb","itemListElement":[{"@type":"ListItem","position":1,"name":"Home","item":"https:\/\/salonforall.es\/"},{"@type":"ListItem","position":2,"name":"Winkel","item":"https:\/\/salonforall.es\/winkel\/"},{"@type":"ListItem","position":3,"name":"Leche Limpiadora Antibacteriana Apis Acne-Stop. Con T\u00e9 Verde 500Ml"}]},{"@type":"WebSite","@id":"https:\/\/salonforall.es\/#website","url":"https:\/\/salonforall.es\/","name":"Salon For ALL Spain","description":"Wholesaler of salon and practice furniture and supplies","publisher":{"@id":"https:\/\/salonforall.es\/#organization"},"potentialAction":[{"@type":"SearchAction","target":{"@type":"EntryPoint","urlTemplate":"https:\/\/salonforall.es\/?s={search_term_string}"},"query-input":{"@type":"PropertyValueSpecification","valueRequired":true,"valueName":"search_term_string"}}],"inLanguage":"en-GB"},{"@type":"Organization","@id":"https:\/\/salonforall.es\/#organization","name":"Salon For All B.V. Spain","alternateName":"Salon For All B.V. Espa\u00f1a - Mayorista de equipamiento para consultas, salones y suministros","url":"https:\/\/salonforall.es\/","logo":{"@type":"ImageObject","inLanguage":"en-GB","@id":"https:\/\/salonforall.es\/#\/schema\/logo\/image\/","url":"https:\/\/salonforall.es\/wp-content\/uploads\/2025\/11\/logo-salon-for-all-e1764543185849.png","contentUrl":"https:\/\/salonforall.es\/wp-content\/uploads\/2025\/11\/logo-salon-for-all-e1764543185849.png","width":500,"height":150,"caption":"Salon For All B.V. Espa\u00f1a"},"image":{"@id":"https:\/\/salonforall.es\/#\/schema\/logo\/image\/"}}]}},"_links":{"self":[{"href":"https:\/\/salonforall.es\/en\/wp-json\/wp\/v2\/product\/5884","targetHints":{"allow":["GET"]}}],"collection":[{"href":"https:\/\/salonforall.es\/en\/wp-json\/wp\/v2\/product"}],"about":[{"href":"https:\/\/salonforall.es\/en\/wp-json\/wp\/v2\/types\/product"}],"replies":[{"embeddable":true,"href":"https:\/\/salonforall.es\/en\/wp-json\/wp\/v2\/comments?post=5884"}],"wp:featuredmedia":[{"embeddable":true,"href":"https:\/\/salonforall.es\/en\/wp-json\/wp\/v2\/media\/5885"}],"wp:attachment":[{"href":"https:\/\/salonforall.es\/en\/wp-json\/wp\/v2\/media?parent=5884"}],"wp:term":[{"taxonomy":"product_brand","embeddable":true,"href":"https:\/\/salonforall.es\/en\/wp-json\/wp\/v2\/product_brand?post=5884"},{"taxonomy":"product_cat","embeddable":true,"href":"https:\/\/salonforall.es\/en\/wp-json\/wp\/v2\/product_cat?post=5884"},{"taxonomy":"product_tag","embeddable":true,"href":"https:\/\/salonforall.es\/en\/wp-json\/wp\/v2\/product_tag?post=5884"}],"curies":[{"name":"wp","href":"https:\/\/api.w.org\/{rel}","templated":true}]}}