{"id":5679,"date":"2025-12-02T12:19:56","date_gmt":"2025-12-02T11:19:56","guid":{"rendered":"https:\/\/salonforall.es\/product\/conjunto-de-sillon-210-lampara-lupa-led-s5\/"},"modified":"2026-03-24T16:25:39","modified_gmt":"2026-03-24T15:25:39","slug":"set-of-armchair-210-led-magnifier-lamp-s5","status":"publish","type":"product","link":"https:\/\/salonforall.es\/en\/conjunto-de-sillon-210-lampara-lupa-led-s5\/","title":{"rendered":"Set Of Armchair 210 + Led Magnifying Lamp S5"},"content":{"rendered":"<h2>Information about Set Of Armchair 210 + Led Magnifying Lamp S5 with article number 102060<\/h2>\n<div>\n<div> cosmetic chair set a-210 hydraulic + magnifying lamp s5 <\/div>\n<div> <\/div>\n<p> <\/p>\n<div> swivel armchair with lock, hydraulically raises and lowers with a hole in the headrest, checks perfectly in cosmetology, make-up and massage. it has removable armrests and a plug in the headrest. Easily washable seat cover, made of eco-leather, which meets the strict EU requirements, nickel-plated aesthetic metal elements. under the chair there is a bar for a disposable sheet, tablecloths or a towel. the chair is available in white.  <\/div>\n<div> <\/div>\n<p> <\/p>\n<div> dimensions of the chair: <br \/> - reclining seat with headrest 63 x 180 cm <br \/> - min. height 64 cm <br \/> - max. height European version 80 cm <br \/> - base 55 x 106.5 cm <\/div>\n<div> <\/div>\n<div> <\/div>\n<div> technical data: <br \/> - gross weight (all boxes) 75 kg <br \/> - number of packages: 2 (boxes 2 and 3 are packed together) <br \/> - package dimensions: 117.5 x 45.5 x 68 cm and 108 x 8 x 58 cm <\/div>\n<div> <\/div>\n<div> s5 led magnifying lamp <\/div>\n<div> <\/div>\n<div>\n<div>\n<div>\n<div>\n<div>\n<div> 5 dioptre magnifying lamp, led lamp on a five-arm stand. allows you to see the skin magnified with good lighting. also used in manicure and pedicure treatments, permanent make-up, hair removal. It has high visibility, anti-glare glass and a fluorescent lamp that shines bright white light without causing eye pain when working for a long time. Ideal for cosmetic, dental and veterinary offices and used in other industries. <br \/> The set includes: <br \/> - Magnifying lamp <br \/> - Tripod <br \/> \u2013 Garant\u00eda <\/div>\n<div> <\/div>\n<div> Specifications: <br \/> - 5 dioptres <br \/> - Power: 12 watts <br \/> - Voltage 220-240 v \/ 50 hz  <\/div><\/div><\/div><\/div><\/div><\/div>\n<p>Activeshop products are proportionally cheaper than many other brands\/suppliers. The price is in relation to the quality. Set Of Armchair 210 + Led Magnifying Lamp S5 is therefore an affordable solution for your salon.<\/p>\n<h2>How is it delivered Set Of Armchair 210 + Led Magnifying Lamp S5?<\/h2>\n<p>Conjunto De Sill\u00f3n 210 + L\u00e1mpara Lupa Led S5 is delivered in original packaging(s). Within Spain the shipping of Conjunto De Sill\u00f3n 210 + L\u00e1mpara Lupa Led S5 is completely free of charge for orders over 100,- euros. For shipments to other countries separate shipping rates apply. You can check these rates with us or view them in the shopping cart. Set De Sill\u00f3n 210 + L\u00e1mpara Lupa Led S5 is shipped via an external courier service.<\/p>\n<p>Packages or pallets are delivered as standard up to the front door threshold, even if you are located in a collective building, apartment building or apartment complex with a lift (provided the item fits in the lift). No lift available or item does not fit in the lift? Then we deliver up to the threshold of the ground floor.<\/p>\n<p>Do you still have questions about delivery or a special situation? Contact us and we will be happy to help you!<\/p>\n<p>*Items are not unpacked or assembled as standard. In special situations you can contact us to make arrangements.<\/p>\n<h2>Secure online shopping at Salon For All with the Webwinkelkeur seal of quality and SSL encryption.<\/h2>\n<p>It is important to us that our customers can shop safely in our online shop. We have been affiliated with the national quality seal Webwinkelkeur since 2019. Our identity has been verified and checked by them, and the online shop has been checked and legally approved. Furthermore, our online shop is affiliated with them for conflict mediation. You can see the logo with all the information of this online shop quality seal on the left or right side of the online shop (pink button with white). In addition, our site is protected with an SSL certificate so that you can surf securely with us. In the bar of your Internet browser, where our website appears, you will see a padlock icon. If you click on the padlock, you will get all the information about our security. This way you know that your order for Armchair Set 210 + Led Magnifying Lamp S5 and your personal data are processed securely.<\/p>\n<h2>How can I pay for Set Of Armchair 210 + Led Magnifying Lamp S5?<\/h2>\n<p>We want to make it as easy as possible for you. That's why at Salon For All you can pay with all popular payment methods. Pay in advance, on delivery or afterwards - everything is possible. See here for all the payment methods we offer:<\/p>\n<ul>\n<li>iDEAL<\/li>\n<li>Credit card (Visa, Mastercard, American Express)<\/li>\n<li>Klarna - Payment on delivery with invoice<\/li>\n<li>PayPal<\/li>\n<li>Apple Pay<\/li>\n<li>Google Pay<\/li>\n<li>Bizum (for Spanish customers)<\/li>\n<li>SEPA bank transfer<\/li>\n<li>Bancontact<\/li>\n<li>Commercial invoice for companies<\/li>\n<li>Payment in the showroom - Both card and cash (Only available on collection)<\/li>\n<\/ul>\n<h2>See also reviews of Salon For All<\/h2>\n<p>Please also refer to our reviews to take into account the experiences of our current customers in your decision to order Armchair Set 210 + Led Magnifying Lamp S5 with us. Through our independent online shop quality seal Webwinkelkeur, verified reviews are automatically collected from customers who have completed an order with us. You can find them behind the pink button in our online shop or they are listed below the products.<\/p>\n<p>Please also share your experience after shopping with your order and your experience with the purchase process or contacting Salon For All to inspire others!<\/p>\n<h2>Contact Salon For All<\/h2>\n<p>Contact us then. We will be happy to assist you with the purchase of Set Of Armchair 210 + Led Magnifying Lamp S5. On weekdays we are best available between 8.30am and 5.00pm via the telephone number and email address at the top of the online shop or via the chat function. Out-of-hours enquiries are usually answered within 24 hours. It is also possible to visit us outside working days or office hours. However, an appointment must be made in advance.<\/p>\n<h2>Would you like to visit our showroom?<\/h2>\n<p>Would you prefer to see the Set Of Armchair 210 + Led Magnifying Lamp S5 or browse through our (online) shop offer together with our colleague? Then visit our showroom with more than 1000m\u00b2 of lounge equipment and let our employees inspire you. Also if you like to get to know us pleasantly over a cup of coffee or tea, you are very welcome. We do not have all products in stock, so please let us know in advance that you would like to come. Always make an appointment in advance.<\/p>\n<h2>14 days of reflection and our return policy<\/h2>\n<p>Of course it can happen that the delivered Set Of Armchair 210 + Led Magnifying Lamp S5 is not completely to your liking and you wish to return it. This is no problem at Salon For All. You must notify your return within 14 working days via info@salonforall.es. You will then first receive all instructions and conditions of return. Please note that the Set Of Armchair 210 + Led Magnifying Lamp S5 must not have been used, must contain all supplied parts and must be returned in the original packaging. The shipping costs of a return are always at the expense of the buyer on purchases through www.salonforall.es. You must arrange a transport yourself with a transport company of your choice for a return. Once the Set De Sill\u00f3n 210 + L\u00e1mpara Lupa Led S5 has been returned, it will be checked for completeness and possible damage. Once the return has been approved, the purchase amount will be refunded within 5 working days to the bank account we have on record.<\/p>\n<h2>Who is Salon For All?<\/h2>\n<p>Salon For All is THE wholesaler for all salon equipment in Europe. Salon For All started in 2003 under the name Salonvoordeel and grew out of practice. The owners of Salon For All were experienced hairdressers and beauty specialists and have together more than 30 years of practical experience. In 2003 we launched Salonvoordeel.nl (Netherlands) and subsequently Salon For All was founded for the European market. Some of our employees started their own business and so the idea to launch a functional online shop for hairdressers and to help them with the equipment of their salon was born.<\/p>\n<p>Our showroom is located in Dinxperlo, directly on the border between the Netherlands and Germany. With our many years of experience in the sector, we can serve you as a mirror and provide you with the right advice - we speak the same language! We advise, inspire, motivate and support you in the purchase of Armchair Set 210 + Led Magnifying Lamp S5. Our suppliers are located all over Europe, from Germany, England, Italy to Poland.<\/p>","protected":false},"excerpt":{"rendered":"<p>The product Set Of Armchair 210 + Led Magnifying Lamp S5 is a high quality solution for any living room. The estimated delivery time is approximately 6 working days.<\/p>","protected":false},"featured_media":5680,"comment_status":"open","ping_status":"open","template":"","meta":[],"product_brand":[107],"product_cat":[109,108],"product_tag":[111,110],"class_list":{"0":"post-5679","1":"product","2":"type-product","3":"status-publish","4":"has-post-thumbnail","6":"product_brand-activeshop","7":"product_cat-kits-promocionales","8":"product_cat-mobiliario-cosmetico","9":"product_tag-kits-promocionales","10":"product_tag-mobiliario-cosmetico","11":"pa_codigo-ean-7759","12":"pa_garantia-12-meses","13":"pa_marca-activeshop","14":"pa_numero-de-articulo-1854","15":"pa_tiempo-estimado-de-entrega-4-5-dias-laborables","17":"first","18":"outofstock","19":"sale","20":"taxable","21":"shipping-taxable","22":"purchasable","23":"product-type-simple"},"yoast_head":"<!-- This site is optimized with the Yoast SEO plugin v27.6 - https:\/\/yoast.com\/product\/yoast-seo-wordpress\/ -->\n<title>Conjunto De Sill\u00f3n 210 + L\u00e1mpara Lupa Led S5 comprar<\/title>\n<meta name=\"description\" content=\"Compra Conjunto De Sill\u00f3n 210 + L\u00e1mpara Lupa Led S5 online o en el showroom en Salon For ALL Espa\u00f1a. El mayorista para salones, consultas y spas en Espa\u00f1a y Portugal.\" \/>\n<meta name=\"robots\" content=\"index, follow, max-snippet:-1, max-image-preview:large, max-video-preview:-1\" \/>\n<link rel=\"canonical\" href=\"https:\/\/salonforall.es\/en\/set-of-armchair-210-led-magnifier-lamp-s5\/\" \/>\n<meta property=\"og:locale\" content=\"en_GB\" \/>\n<meta property=\"og:type\" content=\"article\" \/>\n<meta property=\"og:title\" content=\"Conjunto De Sill\u00f3n 210 + L\u00e1mpara Lupa Led S5\" \/>\n<meta property=\"og:description\" content=\"Compra Conjunto De Sill\u00f3n 210 + L\u00e1mpara Lupa Led S5 online o en el showroom en Salon For ALL Espa\u00f1a. El mayorista para salones, consultas y spas en Espa\u00f1a y Portugal.\" \/>\n<meta property=\"og:url\" content=\"https:\/\/salonforall.es\/en\/set-of-armchair-210-led-magnifier-lamp-s5\/\" \/>\n<meta property=\"og:site_name\" content=\"Salon For ALL Espa\u00f1a\" \/>\n<meta property=\"article:modified_time\" content=\"2026-03-24T15:25:39+00:00\" \/>\n<meta property=\"og:image\" content=\"https:\/\/salonforall.es\/wp-content\/uploads\/2025\/12\/Conjunto-De-Sillon-210-Lampara-Lupa-Led-S5.jpg\" \/>\n\t<meta property=\"og:image:width\" content=\"800\" \/>\n\t<meta property=\"og:image:height\" content=\"800\" \/>\n\t<meta property=\"og:image:type\" content=\"image\/jpeg\" \/>\n<meta name=\"twitter:card\" content=\"summary_large_image\" \/>\n<meta name=\"twitter:title\" content=\"Conjunto De Sill\u00f3n 210 + L\u00e1mpara Lupa Led S5\" \/>\n<meta name=\"twitter:label1\" content=\"Estimated reading time\" \/>\n\t<meta name=\"twitter:data1\" content=\"8 minutes\" \/>\n<script type=\"application\/ld+json\" class=\"yoast-schema-graph\">{\"@context\":\"https:\\\/\\\/schema.org\",\"@graph\":[{\"@type\":\"WebPage\",\"@id\":\"https:\\\/\\\/salonforall.es\\\/conjunto-de-sillon-210-lampara-lupa-led-s5\\\/\",\"url\":\"https:\\\/\\\/salonforall.es\\\/conjunto-de-sillon-210-lampara-lupa-led-s5\\\/\",\"name\":\"Conjunto De Sill\u00f3n 210 + L\u00e1mpara Lupa Led S5 comprar\",\"isPartOf\":{\"@id\":\"https:\\\/\\\/salonforall.es\\\/#website\"},\"primaryImageOfPage\":{\"@id\":\"https:\\\/\\\/salonforall.es\\\/conjunto-de-sillon-210-lampara-lupa-led-s5\\\/#primaryimage\"},\"image\":{\"@id\":\"https:\\\/\\\/salonforall.es\\\/conjunto-de-sillon-210-lampara-lupa-led-s5\\\/#primaryimage\"},\"thumbnailUrl\":\"https:\\\/\\\/salonforall.es\\\/wp-content\\\/uploads\\\/2025\\\/12\\\/Conjunto-De-Sillon-210-Lampara-Lupa-Led-S5.jpg\",\"datePublished\":\"2025-12-02T11:19:56+00:00\",\"dateModified\":\"2026-03-24T15:25:39+00:00\",\"description\":\"Compra Conjunto De Sill\u00f3n 210 + L\u00e1mpara Lupa Led S5 online o en el showroom en Salon For ALL Espa\u00f1a. El mayorista para salones, consultas y spas en Espa\u00f1a y Portugal.\",\"breadcrumb\":{\"@id\":\"https:\\\/\\\/salonforall.es\\\/conjunto-de-sillon-210-lampara-lupa-led-s5\\\/#breadcrumb\"},\"inLanguage\":\"en-GB\",\"potentialAction\":[{\"@type\":\"ReadAction\",\"target\":[\"https:\\\/\\\/salonforall.es\\\/conjunto-de-sillon-210-lampara-lupa-led-s5\\\/\"]}]},{\"@type\":\"ImageObject\",\"inLanguage\":\"en-GB\",\"@id\":\"https:\\\/\\\/salonforall.es\\\/conjunto-de-sillon-210-lampara-lupa-led-s5\\\/#primaryimage\",\"url\":\"https:\\\/\\\/salonforall.es\\\/wp-content\\\/uploads\\\/2025\\\/12\\\/Conjunto-De-Sillon-210-Lampara-Lupa-Led-S5.jpg\",\"contentUrl\":\"https:\\\/\\\/salonforall.es\\\/wp-content\\\/uploads\\\/2025\\\/12\\\/Conjunto-De-Sillon-210-Lampara-Lupa-Led-S5.jpg\",\"width\":800,\"height\":800,\"caption\":\"Conjunto De Sill\u00f3n 210 + L\u00e1mpara Lupa Led S5\"},{\"@type\":\"BreadcrumbList\",\"@id\":\"https:\\\/\\\/salonforall.es\\\/conjunto-de-sillon-210-lampara-lupa-led-s5\\\/#breadcrumb\",\"itemListElement\":[{\"@type\":\"ListItem\",\"position\":1,\"name\":\"Home\",\"item\":\"https:\\\/\\\/salonforall.es\\\/\"},{\"@type\":\"ListItem\",\"position\":2,\"name\":\"Winkel\",\"item\":\"https:\\\/\\\/salonforall.es\\\/winkel\\\/\"},{\"@type\":\"ListItem\",\"position\":3,\"name\":\"Conjunto De Sill\u00f3n 210 + L\u00e1mpara Lupa Led S5\"}]},{\"@type\":\"WebSite\",\"@id\":\"https:\\\/\\\/salonforall.es\\\/#website\",\"url\":\"https:\\\/\\\/salonforall.es\\\/\",\"name\":\"Salon For ALL Espa\u00f1a\",\"description\":\"Mayorista de mobiliario y suministros para consultorios y salones\",\"publisher\":{\"@id\":\"https:\\\/\\\/salonforall.es\\\/#organization\"},\"potentialAction\":[{\"@type\":\"SearchAction\",\"target\":{\"@type\":\"EntryPoint\",\"urlTemplate\":\"https:\\\/\\\/salonforall.es\\\/?s={search_term_string}\"},\"query-input\":{\"@type\":\"PropertyValueSpecification\",\"valueRequired\":true,\"valueName\":\"search_term_string\"}}],\"inLanguage\":\"en-GB\"},{\"@type\":\"Organization\",\"@id\":\"https:\\\/\\\/salonforall.es\\\/#organization\",\"name\":\"Salon For All B.V. Espa\u00f1a\",\"alternateName\":\"Salon For All B.V. Espa\u00f1a - Mayorista de equipamiento para consultas, salones y suministros\",\"url\":\"https:\\\/\\\/salonforall.es\\\/\",\"logo\":{\"@type\":\"ImageObject\",\"inLanguage\":\"en-GB\",\"@id\":\"https:\\\/\\\/salonforall.es\\\/#\\\/schema\\\/logo\\\/image\\\/\",\"url\":\"https:\\\/\\\/salonforall.es\\\/wp-content\\\/uploads\\\/2025\\\/11\\\/logo-salon-for-all-e1764543185849.png\",\"contentUrl\":\"https:\\\/\\\/salonforall.es\\\/wp-content\\\/uploads\\\/2025\\\/11\\\/logo-salon-for-all-e1764543185849.png\",\"width\":500,\"height\":150,\"caption\":\"Salon For All B.V. Espa\u00f1a\"},\"image\":{\"@id\":\"https:\\\/\\\/salonforall.es\\\/#\\\/schema\\\/logo\\\/image\\\/\"}}]}<\/script>\n<!-- \/ Yoast SEO plugin. -->","yoast_head_json":{"title":"Set Of Armchair 210 + Led Magnifying Lamp S5 buy","description":"Buy Set De Sill\u00f3n 210 + L\u00e1mpara Lupa Led S5 online or in the showroom at Salon For ALL Spain. The wholesaler for salons, practices and spas in Spain and Portugal.","robots":{"index":"index","follow":"follow","max-snippet":"max-snippet:-1","max-image-preview":"max-image-preview:large","max-video-preview":"max-video-preview:-1"},"canonical":"https:\/\/salonforall.es\/en\/set-of-armchair-210-led-magnifier-lamp-s5\/","og_locale":"en_GB","og_type":"article","og_title":"Conjunto De Sill\u00f3n 210 + L\u00e1mpara Lupa Led S5","og_description":"Compra Conjunto De Sill\u00f3n 210 + L\u00e1mpara Lupa Led S5 online o en el showroom en Salon For ALL Espa\u00f1a. El mayorista para salones, consultas y spas en Espa\u00f1a y Portugal.","og_url":"https:\/\/salonforall.es\/en\/set-of-armchair-210-led-magnifier-lamp-s5\/","og_site_name":"Salon For ALL Espa\u00f1a","article_modified_time":"2026-03-24T15:25:39+00:00","og_image":[{"width":800,"height":800,"url":"https:\/\/salonforall.es\/wp-content\/uploads\/2025\/12\/Conjunto-De-Sillon-210-Lampara-Lupa-Led-S5.jpg","type":"image\/jpeg"}],"twitter_card":"summary_large_image","twitter_title":"Conjunto De Sill\u00f3n 210 + L\u00e1mpara Lupa Led S5","twitter_misc":{"Estimated reading time":"8 minutes"},"schema":{"@context":"https:\/\/schema.org","@graph":[{"@type":"WebPage","@id":"https:\/\/salonforall.es\/conjunto-de-sillon-210-lampara-lupa-led-s5\/","url":"https:\/\/salonforall.es\/conjunto-de-sillon-210-lampara-lupa-led-s5\/","name":"Set Of Armchair 210 + Led Magnifying Lamp S5 buy","isPartOf":{"@id":"https:\/\/salonforall.es\/#website"},"primaryImageOfPage":{"@id":"https:\/\/salonforall.es\/conjunto-de-sillon-210-lampara-lupa-led-s5\/#primaryimage"},"image":{"@id":"https:\/\/salonforall.es\/conjunto-de-sillon-210-lampara-lupa-led-s5\/#primaryimage"},"thumbnailUrl":"https:\/\/salonforall.es\/wp-content\/uploads\/2025\/12\/Conjunto-De-Sillon-210-Lampara-Lupa-Led-S5.jpg","datePublished":"2025-12-02T11:19:56+00:00","dateModified":"2026-03-24T15:25:39+00:00","description":"Buy Set De Sill\u00f3n 210 + L\u00e1mpara Lupa Led S5 online or in the showroom at Salon For ALL Spain. The wholesaler for salons, practices and spas in Spain and Portugal.","breadcrumb":{"@id":"https:\/\/salonforall.es\/conjunto-de-sillon-210-lampara-lupa-led-s5\/#breadcrumb"},"inLanguage":"en-GB","potentialAction":[{"@type":"ReadAction","target":["https:\/\/salonforall.es\/conjunto-de-sillon-210-lampara-lupa-led-s5\/"]}]},{"@type":"ImageObject","inLanguage":"en-GB","@id":"https:\/\/salonforall.es\/conjunto-de-sillon-210-lampara-lupa-led-s5\/#primaryimage","url":"https:\/\/salonforall.es\/wp-content\/uploads\/2025\/12\/Conjunto-De-Sillon-210-Lampara-Lupa-Led-S5.jpg","contentUrl":"https:\/\/salonforall.es\/wp-content\/uploads\/2025\/12\/Conjunto-De-Sillon-210-Lampara-Lupa-Led-S5.jpg","width":800,"height":800,"caption":"Conjunto De Sill\u00f3n 210 + L\u00e1mpara Lupa Led S5"},{"@type":"BreadcrumbList","@id":"https:\/\/salonforall.es\/conjunto-de-sillon-210-lampara-lupa-led-s5\/#breadcrumb","itemListElement":[{"@type":"ListItem","position":1,"name":"Home","item":"https:\/\/salonforall.es\/"},{"@type":"ListItem","position":2,"name":"Winkel","item":"https:\/\/salonforall.es\/winkel\/"},{"@type":"ListItem","position":3,"name":"Conjunto De Sill\u00f3n 210 + L\u00e1mpara Lupa Led S5"}]},{"@type":"WebSite","@id":"https:\/\/salonforall.es\/#website","url":"https:\/\/salonforall.es\/","name":"Salon For ALL Spain","description":"Wholesaler of salon and practice furniture and supplies","publisher":{"@id":"https:\/\/salonforall.es\/#organization"},"potentialAction":[{"@type":"SearchAction","target":{"@type":"EntryPoint","urlTemplate":"https:\/\/salonforall.es\/?s={search_term_string}"},"query-input":{"@type":"PropertyValueSpecification","valueRequired":true,"valueName":"search_term_string"}}],"inLanguage":"en-GB"},{"@type":"Organization","@id":"https:\/\/salonforall.es\/#organization","name":"Salon For All B.V. Spain","alternateName":"Salon For All B.V. Espa\u00f1a - Mayorista de equipamiento para consultas, salones y suministros","url":"https:\/\/salonforall.es\/","logo":{"@type":"ImageObject","inLanguage":"en-GB","@id":"https:\/\/salonforall.es\/#\/schema\/logo\/image\/","url":"https:\/\/salonforall.es\/wp-content\/uploads\/2025\/11\/logo-salon-for-all-e1764543185849.png","contentUrl":"https:\/\/salonforall.es\/wp-content\/uploads\/2025\/11\/logo-salon-for-all-e1764543185849.png","width":500,"height":150,"caption":"Salon For All B.V. Espa\u00f1a"},"image":{"@id":"https:\/\/salonforall.es\/#\/schema\/logo\/image\/"}}]}},"_links":{"self":[{"href":"https:\/\/salonforall.es\/en\/wp-json\/wp\/v2\/product\/5679","targetHints":{"allow":["GET"]}}],"collection":[{"href":"https:\/\/salonforall.es\/en\/wp-json\/wp\/v2\/product"}],"about":[{"href":"https:\/\/salonforall.es\/en\/wp-json\/wp\/v2\/types\/product"}],"replies":[{"embeddable":true,"href":"https:\/\/salonforall.es\/en\/wp-json\/wp\/v2\/comments?post=5679"}],"wp:featuredmedia":[{"embeddable":true,"href":"https:\/\/salonforall.es\/en\/wp-json\/wp\/v2\/media\/5680"}],"wp:attachment":[{"href":"https:\/\/salonforall.es\/en\/wp-json\/wp\/v2\/media?parent=5679"}],"wp:term":[{"taxonomy":"product_brand","embeddable":true,"href":"https:\/\/salonforall.es\/en\/wp-json\/wp\/v2\/product_brand?post=5679"},{"taxonomy":"product_cat","embeddable":true,"href":"https:\/\/salonforall.es\/en\/wp-json\/wp\/v2\/product_cat?post=5679"},{"taxonomy":"product_tag","embeddable":true,"href":"https:\/\/salonforall.es\/en\/wp-json\/wp\/v2\/product_tag?post=5679"}],"curies":[{"name":"wp","href":"https:\/\/api.w.org\/{rel}","templated":true}]}}