{"id":5673,"date":"2025-12-02T12:19:56","date_gmt":"2025-12-02T11:19:56","guid":{"rendered":"https:\/\/salonforall.es\/product\/ampollas-syis-fortalecedoras-y-calmantes-para-vasos-sanguineos-10x3-ml\/"},"modified":"2026-03-24T18:03:20","modified_gmt":"2026-03-24T17:03:20","slug":"syis-ampoules-for-strengthening-and-soothing-blood-vessels-10x3-ml","status":"publish","type":"product","link":"https:\/\/salonforall.es\/en\/ampollas-syis-fortalecedoras-y-calmantes-para-vasos-sanguineos-10x3-ml\/","title":{"rendered":"Syis Strengthening And Soothing Ampoules For Blood Vessels 10X3 Ml"},"content":{"rendered":"<h2>Information about Syis Ampoules Fortifying And Soothing For Blood Vessels 10X3 Ml with article number 101843<\/h2>\n<div> strengthening and soothing ampoules <\/div>\n<div> ampoules for couperose skin requiring regeneration and hydration. <br \/> Thanks to the content of vitamins C and B3 and troxerutin, they have a significant smoothing and strengthening effect. They improve the elasticity and strength of blood vessel walls, accelerate regeneration processes, strengthen and rebuild the damaged hydrolipidic layer of the skin. <\/div>\n<div> <\/div>\n<div> active substances: <\/div>\n<div> <\/div>\n<div> niacinamide <span> <br \/> <\/span> <span> <span> vitamin pp \/ b3 improves blood circulation in the skin, stimulates collagen synthesis in mature fibroblasts, reduces fine lines, makes skin damaged by UV radiation more elastic. it is a strong antioxidant, prevents the process of photoaging. Niacinamide rebuilds the natural protective barrier by increasing the synthesis of ceramides, fatty acids and cholesterol in the intercellular space, increases hydration and nourishes the skin. Reduces discolouration, has anti-acne properties. <\/span> <\/span> <\/div>\n<div> <\/div>\n<div> <span> Ascorbic acid <\/span> <\/div>\n<div> <span> <span> <span> Vitamin C is a powerful antioxidant that fights free radicals and promotes sun protection. It stimulates collagen synthesis, lightens solar pigmentation changes and inhibits the production of tyrosinase, the enzyme responsible for the production of melanin, the skin pigment. It has anti-inflammatory and soothing properties, accelerates skin healing. Reduces erythema and strengthens blood vessel walls. It accelerates skin regeneration and helps to reduce dark circles under the eyes. <\/span> <\/span> <\/span> <\/div>\n<div> <\/div>\n<div> troxerutin - <span> bioflavonoid; reduces brittleness and strengthens blood vessels, protecting against excessive brittleness and cracking. <\/span> <\/div>\n<div> <\/div>\n<div> lactic acid <br \/> <span> lactic acid with moisturising properties. has the ability to penetrate the stratum corneum. softens the stratum corneum and exfoliates the calloused epidermis. <\/span> <\/div>\n<div> <\/div>\n<div> sodium hyaluronate <span> <span> <br \/> Hyaluronic acid is a natural ingredient of the body. it increases the elasticity of tissues (epidermis, collagen and elastin fibres). it stimulates the regeneration of the epithelium and dermis. A decrease in the amount of hyaluronic acid is one of the causes of skin dryness and wrinkles. Its unique property is its high water-binding and water-retaining capacity. A well-hydrated epidermis becomes smooth, firm, elastic and increases the penetration of active substances into the skin. <\/span> <\/span> <\/div>\n<p><span style=\"text-decoration: underline;\">Instructions for use:<\/span><br \/>The ampoules are designed for sonophoresis, ultrasound, infusion, needle-free mesotherapy and external use in home care. Apply to cleansed skin on the face, neck and d\u00e9collet\u00e9.<br \/><span style=\"text-decoration: underline;\">Capacity:<\/span> 10 x 3 ml<\/p>\n<h2>SYIS BLISTERS: WHY GLASS?<\/h2>\n<p>The 3 ml glass vial contains the highest concentration of active ingredients.<br \/>During the packaging process in sterile, single-use ampoules, the microbiological purity and stability of the active ingredients is maintained. Aseptic packaging ensures maximum safety and ideal storage conditions for the ampoule.<br \/>Glass ampoules do not react with the serum ingredients.<br \/>An advanced formula ideal for special tasks: regeneration, increasing skin tension, normalising oily skin or combating discolouration.<br \/>The water-based consistency promotes better absorption of the product and allows its use during treatments with equipment such as ultrasound, needle-free mesotherapy, oxygen infusion, microdermabrasion, radiofrequency or massage.<br \/>The ampoule compositions are based on natural extracts, vitamins and minerals, suitably adapted to the skin type, which facilitates proper product selection.<br \/>One ampoule is sufficient for a complete treatment of the face, neck and d\u00e9collet\u00e9.<br \/>While using the ampoules, they should be supplemented with cosmetics from the same series to enhance their effect.<br \/>After using our ampoules, the skin becomes velvety soft and smooth, as well as... Intensely moisturised and nourished. It's a real energy boost for the skin!<\/p>\n<p>Activeshop products are proportionally cheaper than many other brands\/suppliers. The price is in relation to the quality. Syis Strengthening And Soothing Ampoules For Blood Vessels 10X3 Ml is therefore an affordable solution for your salon.<\/p>\n<h2>How is Syis Strengthening &amp; Soothing Blood Vessel Ampoules 10X3 Ml delivered?<\/h2>\n<p>Syis Ampoules Fortalecedoras Y Calmantes Para Vasos Sangu\u00edneos 10X3 Ml is delivered in original packaging(s). Within Spain the shipping of Syis Ampoules Fortalecedoras Y Calmantes Para Vasos Sangu\u00edneos 10X3 Ml is completely free of charge for orders over 100,- euros. For shipments to other countries, separate shipping rates apply. You can check these rates with us or view them in the shopping cart. Syis Ampoules Fortifying And Soothing For Blood Vessels 10X3 Ml is shipped via an external courier service.<\/p>\n<p>Packages or pallets are delivered as standard up to the front door threshold, even if you are located in a collective building, apartment building or apartment complex with a lift (provided the item fits in the lift). No lift available or item does not fit in the lift? Then we deliver up to the threshold of the ground floor.<\/p>\n<p>Do you still have questions about delivery or a special situation? Contact us and we will be happy to help you!<\/p>\n<p>*Items are not unpacked or assembled as standard. In special situations you can contact us to make arrangements.<\/p>\n<h2>Secure online shopping at Salon For All with the Webwinkelkeur seal of quality and SSL encryption.<\/h2>\n<p>It is important to us that our customers can shop safely in our online shop. We have been affiliated with the national quality seal Webwinkelkeur since 2019. Our identity has been verified and checked by them, and the online shop has been checked and legally approved. Furthermore, our online shop is affiliated with them for conflict mediation. You can see the logo with all the information of this online shop quality seal on the left or right side of the online shop (pink button with white). In addition, our site is protected with an SSL certificate so that you can surf securely with us. In the bar of your Internet browser, where our website appears, you will see a padlock icon. If you click on the padlock, you will get all the information about our security. This way you know that your order for Syis Strengthening And Soothing Ampoules For Blood Vessels 10X3 Ml and your personal data are processed securely.<\/p>\n<h2>How can I pay for Syis Strengthening &amp; Soothing Blood Vessel Ampoules 10X3 Ml?<\/h2>\n<p>We want to make it as easy as possible for you. That's why at Salon For All you can pay with all popular payment methods. Pay in advance, on delivery or afterwards - everything is possible. See here for all the payment methods we offer:<\/p>\n<ul>\n<li>iDEAL<\/li>\n<li>Credit card (Visa, Mastercard, American Express)<\/li>\n<li>Klarna - Payment on delivery with invoice<\/li>\n<li>PayPal<\/li>\n<li>Apple Pay<\/li>\n<li>Google Pay<\/li>\n<li>Bizum (for Spanish customers)<\/li>\n<li>SEPA bank transfer<\/li>\n<li>Bancontact<\/li>\n<li>Commercial invoice for companies<\/li>\n<li>Payment in the showroom - Both card and cash (Only available on collection)<\/li>\n<\/ul>\n<h2>See also reviews of Salon For All<\/h2>\n<p>Please also check our reviews to take into account the experiences of our current customers in your decision to order Syis Strengthening &amp; Soothing Blood Vessel Ampoules 10X3 Ml with us. Through our independent online shop quality seal Webwinkelkeur, verified reviews are automatically collected from customers who have completed an order with us. You can find them behind the pink button in our online shop or they are listed under the products.<\/p>\n<p>Please also share your experience after your purchase with your Syis Ampoules Fortifying And Soothing For Blood Vessels 10X3 Ml order and your experience with the purchase process or contact with Salon For All to inspire others!<\/p>\n<h2>Contact Salon For All<\/h2>\n<p>Contact us then. We will be happy to help you with your purchase of Syis Ampoules Fortifying And Soothing For Blood Vessels 10X3 Ml. On weekdays we are best available between 8.30am and 5.00pm via the telephone number and email address at the top of the online shop or via the chat function. Out-of-hours enquiries are usually answered within 24 hours. It is also possible to visit us outside working days or office hours. However, an appointment must be made in advance.<\/p>\n<h2>Would you like to visit our showroom?<\/h2>\n<p>Would you prefer to see Syis Strengthening &amp; Soothing Ampoules For Blood Vessels 10X3 Ml or browse through our (online) shop offer together with our colleague? Then visit our showroom with more than 1000m\u00b2 of salon equipment and be inspired by our employees. Also if you like to get to know us pleasantly over a cup of coffee or tea, you are very welcome. We do not have all products in stock, so please let us know in advance that you would like to come. Always make an appointment in advance.<\/p>\n<h2>14 days of reflection and our return policy<\/h2>\n<p>Of course it may happen that Syis Ampoules Fortifying And Soothing For Blood Vessels 10X3 Ml delivered is not completely to your liking and you wish to return it. This is no problem at Salon For All. You must notify your return within 14 working days via info@salonforall.es. You will then first receive all return instructions and conditions. Please note that Syis Ampoules Fortifying And Soothing For Blood Vessels 10X3 Ml must not have been used, must contain all supplied parts and must be returned in the original packaging. The shipping costs for a return are always at the expense of the buyer on purchases through www.salonforall.es. You must arrange a transport yourself with a transport company of your choice for a return. Once Syis Ampoules Fortifying And Soothing For Blood Vessels 10X3 Ml has been returned, it will be checked for completeness and possible damage. Once the return has been approved, the purchase amount will be refunded within 5 working days to the bank account we have on record.<\/p>\n<h2>Who is Salon For All?<\/h2>\n<p>Salon For All is THE wholesaler for all salon equipment in Europe. Salon For All started in 2003 under the name Salonvoordeel and grew out of practice. The owners of Salon For All were experienced hairdressers and beauty specialists and have together more than 30 years of practical experience. In 2003 we launched Salonvoordeel.nl (Netherlands) and subsequently Salon For All was founded for the European market. Some of our employees started their own business and so the idea to launch a functional online shop for hairdressers and to help them with the equipment of their salon was born.<\/p>\n<p>Our showroom is located in Dinxperlo, directly on the border between the Netherlands and Germany. With our many years of experience in the industry, we can act as a mirror for you and provide you with the right advice - we speak the same language! We advise, inspire, motivate and support you in the purchase of Syis Blood Vessel Strengthening and Soothing Ampoules 10X3 Ml. Our suppliers are located all over Europe, from Germany, England, Italy to Poland.<\/p>","protected":false},"excerpt":{"rendered":"<p>The product Syis Strengthening &amp; Soothing Blood Vessel Ampoules 10X3 Ml is a high quality solution for any salon. The estimated delivery time is approximately 6 working days.<\/p>","protected":false},"featured_media":5674,"comment_status":"open","ping_status":"open","template":"","meta":[],"product_brand":[362],"product_cat":[364,76,363],"product_tag":[366,79,365],"class_list":{"0":"post-5673","1":"product","2":"type-product","3":"status-publish","4":"has-post-thumbnail","6":"product_brand-syis","7":"product_cat-ampollas","8":"product_cat-cosmetica-profesional","9":"product_cat-cosmetica-syis-pro","10":"product_tag-ampollas","11":"product_tag-cosmetica-profesional","12":"product_tag-cosmetica-syis-pro","13":"pa_codigo-ean-7759","14":"pa_garantia-12-meses","15":"pa_marca-syis","16":"pa_numero-de-articulo-1850","17":"pa_tiempo-estimado-de-entrega-4-5-dias-laborables","19":"first","20":"instock","21":"sale","22":"taxable","23":"shipping-taxable","24":"purchasable","25":"product-type-simple"},"yoast_head":"<!-- This site is optimized with the Yoast SEO plugin v27.6 - https:\/\/yoast.com\/product\/yoast-seo-wordpress\/ -->\n<title>Ampollas Syis Fortalecedoras Y Calmantes Para Vasos Sangu\u00edneos 10X3 Ml comprar<\/title>\n<meta name=\"description\" content=\"Compra Ampollas Syis Fortalecedoras Y Calmantes Para Vasos Sangu\u00edneos 10X3 Ml online o en el showroom en Salon For ALL Espa\u00f1a. El mayorista para salones, consultas y spas en Espa\u00f1a y Portugal.\" \/>\n<meta name=\"robots\" content=\"index, follow, max-snippet:-1, max-image-preview:large, max-video-preview:-1\" \/>\n<link rel=\"canonical\" href=\"https:\/\/salonforall.es\/en\/syis-ampoules-for-strengthening-and-soothing-blood-vessels-10x3-ml\/\" \/>\n<meta property=\"og:locale\" content=\"en_GB\" \/>\n<meta property=\"og:type\" content=\"article\" \/>\n<meta property=\"og:title\" content=\"Ampollas Syis Fortalecedoras Y Calmantes Para Vasos Sangu\u00edneos 10X3 Ml\" \/>\n<meta property=\"og:description\" content=\"Compra Ampollas Syis Fortalecedoras Y Calmantes Para Vasos Sangu\u00edneos 10X3 Ml online o en el showroom en Salon For ALL Espa\u00f1a. El mayorista para salones, consultas y spas en Espa\u00f1a y Portugal.\" \/>\n<meta property=\"og:url\" content=\"https:\/\/salonforall.es\/en\/syis-ampoules-for-strengthening-and-soothing-blood-vessels-10x3-ml\/\" \/>\n<meta property=\"og:site_name\" content=\"Salon For ALL Espa\u00f1a\" \/>\n<meta property=\"article:modified_time\" content=\"2026-03-24T17:03:20+00:00\" \/>\n<meta property=\"og:image\" content=\"https:\/\/salonforall.es\/wp-content\/uploads\/2025\/12\/Ampollas-Syis-Fortalecedoras-Y-Calmantes-Para-Vasos-Sanguineos-10X3-Ml.jpg\" \/>\n\t<meta property=\"og:image:width\" content=\"1200\" \/>\n\t<meta property=\"og:image:height\" content=\"1200\" \/>\n\t<meta property=\"og:image:type\" content=\"image\/jpeg\" \/>\n<meta name=\"twitter:card\" content=\"summary_large_image\" \/>\n<meta name=\"twitter:title\" content=\"Ampollas Syis Fortalecedoras Y Calmantes Para Vasos Sangu\u00edneos 10X3 Ml\" \/>\n<meta name=\"twitter:label1\" content=\"Estimated reading time\" \/>\n\t<meta name=\"twitter:data1\" content=\"10 minutes\" \/>\n<script type=\"application\/ld+json\" class=\"yoast-schema-graph\">{\"@context\":\"https:\\\/\\\/schema.org\",\"@graph\":[{\"@type\":\"WebPage\",\"@id\":\"https:\\\/\\\/salonforall.es\\\/ampollas-syis-fortalecedoras-y-calmantes-para-vasos-sanguineos-10x3-ml\\\/\",\"url\":\"https:\\\/\\\/salonforall.es\\\/ampollas-syis-fortalecedoras-y-calmantes-para-vasos-sanguineos-10x3-ml\\\/\",\"name\":\"Ampollas Syis Fortalecedoras Y Calmantes Para Vasos Sangu\u00edneos 10X3 Ml comprar\",\"isPartOf\":{\"@id\":\"https:\\\/\\\/salonforall.es\\\/#website\"},\"primaryImageOfPage\":{\"@id\":\"https:\\\/\\\/salonforall.es\\\/ampollas-syis-fortalecedoras-y-calmantes-para-vasos-sanguineos-10x3-ml\\\/#primaryimage\"},\"image\":{\"@id\":\"https:\\\/\\\/salonforall.es\\\/ampollas-syis-fortalecedoras-y-calmantes-para-vasos-sanguineos-10x3-ml\\\/#primaryimage\"},\"thumbnailUrl\":\"https:\\\/\\\/salonforall.es\\\/wp-content\\\/uploads\\\/2025\\\/12\\\/Ampollas-Syis-Fortalecedoras-Y-Calmantes-Para-Vasos-Sanguineos-10X3-Ml.jpg\",\"datePublished\":\"2025-12-02T11:19:56+00:00\",\"dateModified\":\"2026-03-24T17:03:20+00:00\",\"description\":\"Compra Ampollas Syis Fortalecedoras Y Calmantes Para Vasos Sangu\u00edneos 10X3 Ml online o en el showroom en Salon For ALL Espa\u00f1a. El mayorista para salones, consultas y spas en Espa\u00f1a y Portugal.\",\"breadcrumb\":{\"@id\":\"https:\\\/\\\/salonforall.es\\\/ampollas-syis-fortalecedoras-y-calmantes-para-vasos-sanguineos-10x3-ml\\\/#breadcrumb\"},\"inLanguage\":\"en-GB\",\"potentialAction\":[{\"@type\":\"ReadAction\",\"target\":[\"https:\\\/\\\/salonforall.es\\\/ampollas-syis-fortalecedoras-y-calmantes-para-vasos-sanguineos-10x3-ml\\\/\"]}]},{\"@type\":\"ImageObject\",\"inLanguage\":\"en-GB\",\"@id\":\"https:\\\/\\\/salonforall.es\\\/ampollas-syis-fortalecedoras-y-calmantes-para-vasos-sanguineos-10x3-ml\\\/#primaryimage\",\"url\":\"https:\\\/\\\/salonforall.es\\\/wp-content\\\/uploads\\\/2025\\\/12\\\/Ampollas-Syis-Fortalecedoras-Y-Calmantes-Para-Vasos-Sanguineos-10X3-Ml.jpg\",\"contentUrl\":\"https:\\\/\\\/salonforall.es\\\/wp-content\\\/uploads\\\/2025\\\/12\\\/Ampollas-Syis-Fortalecedoras-Y-Calmantes-Para-Vasos-Sanguineos-10X3-Ml.jpg\",\"width\":1200,\"height\":1200,\"caption\":\"Ampollas Syis Fortalecedoras Y Calmantes Para Vasos Sangu\u00edneos 10X3 Ml\"},{\"@type\":\"BreadcrumbList\",\"@id\":\"https:\\\/\\\/salonforall.es\\\/ampollas-syis-fortalecedoras-y-calmantes-para-vasos-sanguineos-10x3-ml\\\/#breadcrumb\",\"itemListElement\":[{\"@type\":\"ListItem\",\"position\":1,\"name\":\"Home\",\"item\":\"https:\\\/\\\/salonforall.es\\\/\"},{\"@type\":\"ListItem\",\"position\":2,\"name\":\"Winkel\",\"item\":\"https:\\\/\\\/salonforall.es\\\/winkel\\\/\"},{\"@type\":\"ListItem\",\"position\":3,\"name\":\"Ampollas Syis Fortalecedoras Y Calmantes Para Vasos Sangu\u00edneos 10X3 Ml\"}]},{\"@type\":\"WebSite\",\"@id\":\"https:\\\/\\\/salonforall.es\\\/#website\",\"url\":\"https:\\\/\\\/salonforall.es\\\/\",\"name\":\"Salon For ALL Espa\u00f1a\",\"description\":\"Mayorista de mobiliario y suministros para consultorios y salones\",\"publisher\":{\"@id\":\"https:\\\/\\\/salonforall.es\\\/#organization\"},\"potentialAction\":[{\"@type\":\"SearchAction\",\"target\":{\"@type\":\"EntryPoint\",\"urlTemplate\":\"https:\\\/\\\/salonforall.es\\\/?s={search_term_string}\"},\"query-input\":{\"@type\":\"PropertyValueSpecification\",\"valueRequired\":true,\"valueName\":\"search_term_string\"}}],\"inLanguage\":\"en-GB\"},{\"@type\":\"Organization\",\"@id\":\"https:\\\/\\\/salonforall.es\\\/#organization\",\"name\":\"Salon For All B.V. Espa\u00f1a\",\"alternateName\":\"Salon For All B.V. Espa\u00f1a - Mayorista de equipamiento para consultas, salones y suministros\",\"url\":\"https:\\\/\\\/salonforall.es\\\/\",\"logo\":{\"@type\":\"ImageObject\",\"inLanguage\":\"en-GB\",\"@id\":\"https:\\\/\\\/salonforall.es\\\/#\\\/schema\\\/logo\\\/image\\\/\",\"url\":\"https:\\\/\\\/salonforall.es\\\/wp-content\\\/uploads\\\/2025\\\/11\\\/logo-salon-for-all-e1764543185849.png\",\"contentUrl\":\"https:\\\/\\\/salonforall.es\\\/wp-content\\\/uploads\\\/2025\\\/11\\\/logo-salon-for-all-e1764543185849.png\",\"width\":500,\"height\":150,\"caption\":\"Salon For All B.V. Espa\u00f1a\"},\"image\":{\"@id\":\"https:\\\/\\\/salonforall.es\\\/#\\\/schema\\\/logo\\\/image\\\/\"}}]}<\/script>\n<!-- \/ Yoast SEO plugin. -->","yoast_head_json":{"title":"Syis Ampoules Fortifying And Soothing For Blood Vessels 10X3 Ml buy","description":"Buy Syis Strengthening And Soothing Ampoules For Blood Vessels 10X3 Ml online or in the showroom at Salon For ALL Spain. The wholesaler for salons, practices and spas in Spain and Portugal.","robots":{"index":"index","follow":"follow","max-snippet":"max-snippet:-1","max-image-preview":"max-image-preview:large","max-video-preview":"max-video-preview:-1"},"canonical":"https:\/\/salonforall.es\/en\/syis-ampoules-for-strengthening-and-soothing-blood-vessels-10x3-ml\/","og_locale":"en_GB","og_type":"article","og_title":"Ampollas Syis Fortalecedoras Y Calmantes Para Vasos Sangu\u00edneos 10X3 Ml","og_description":"Compra Ampollas Syis Fortalecedoras Y Calmantes Para Vasos Sangu\u00edneos 10X3 Ml online o en el showroom en Salon For ALL Espa\u00f1a. El mayorista para salones, consultas y spas en Espa\u00f1a y Portugal.","og_url":"https:\/\/salonforall.es\/en\/syis-ampoules-for-strengthening-and-soothing-blood-vessels-10x3-ml\/","og_site_name":"Salon For ALL Espa\u00f1a","article_modified_time":"2026-03-24T17:03:20+00:00","og_image":[{"width":1200,"height":1200,"url":"https:\/\/salonforall.es\/wp-content\/uploads\/2025\/12\/Ampollas-Syis-Fortalecedoras-Y-Calmantes-Para-Vasos-Sanguineos-10X3-Ml.jpg","type":"image\/jpeg"}],"twitter_card":"summary_large_image","twitter_title":"Ampollas Syis Fortalecedoras Y Calmantes Para Vasos Sangu\u00edneos 10X3 Ml","twitter_misc":{"Estimated reading time":"10 minutes"},"schema":{"@context":"https:\/\/schema.org","@graph":[{"@type":"WebPage","@id":"https:\/\/salonforall.es\/ampollas-syis-fortalecedoras-y-calmantes-para-vasos-sanguineos-10x3-ml\/","url":"https:\/\/salonforall.es\/ampollas-syis-fortalecedoras-y-calmantes-para-vasos-sanguineos-10x3-ml\/","name":"Syis Ampoules Fortifying And Soothing For Blood Vessels 10X3 Ml buy","isPartOf":{"@id":"https:\/\/salonforall.es\/#website"},"primaryImageOfPage":{"@id":"https:\/\/salonforall.es\/ampollas-syis-fortalecedoras-y-calmantes-para-vasos-sanguineos-10x3-ml\/#primaryimage"},"image":{"@id":"https:\/\/salonforall.es\/ampollas-syis-fortalecedoras-y-calmantes-para-vasos-sanguineos-10x3-ml\/#primaryimage"},"thumbnailUrl":"https:\/\/salonforall.es\/wp-content\/uploads\/2025\/12\/Ampollas-Syis-Fortalecedoras-Y-Calmantes-Para-Vasos-Sanguineos-10X3-Ml.jpg","datePublished":"2025-12-02T11:19:56+00:00","dateModified":"2026-03-24T17:03:20+00:00","description":"Buy Syis Strengthening And Soothing Ampoules For Blood Vessels 10X3 Ml online or in the showroom at Salon For ALL Spain. The wholesaler for salons, practices and spas in Spain and Portugal.","breadcrumb":{"@id":"https:\/\/salonforall.es\/ampollas-syis-fortalecedoras-y-calmantes-para-vasos-sanguineos-10x3-ml\/#breadcrumb"},"inLanguage":"en-GB","potentialAction":[{"@type":"ReadAction","target":["https:\/\/salonforall.es\/ampollas-syis-fortalecedoras-y-calmantes-para-vasos-sanguineos-10x3-ml\/"]}]},{"@type":"ImageObject","inLanguage":"en-GB","@id":"https:\/\/salonforall.es\/ampollas-syis-fortalecedoras-y-calmantes-para-vasos-sanguineos-10x3-ml\/#primaryimage","url":"https:\/\/salonforall.es\/wp-content\/uploads\/2025\/12\/Ampollas-Syis-Fortalecedoras-Y-Calmantes-Para-Vasos-Sanguineos-10X3-Ml.jpg","contentUrl":"https:\/\/salonforall.es\/wp-content\/uploads\/2025\/12\/Ampollas-Syis-Fortalecedoras-Y-Calmantes-Para-Vasos-Sanguineos-10X3-Ml.jpg","width":1200,"height":1200,"caption":"Ampollas Syis Fortalecedoras Y Calmantes Para Vasos Sangu\u00edneos 10X3 Ml"},{"@type":"BreadcrumbList","@id":"https:\/\/salonforall.es\/ampollas-syis-fortalecedoras-y-calmantes-para-vasos-sanguineos-10x3-ml\/#breadcrumb","itemListElement":[{"@type":"ListItem","position":1,"name":"Home","item":"https:\/\/salonforall.es\/"},{"@type":"ListItem","position":2,"name":"Winkel","item":"https:\/\/salonforall.es\/winkel\/"},{"@type":"ListItem","position":3,"name":"Ampollas Syis Fortalecedoras Y Calmantes Para Vasos Sangu\u00edneos 10X3 Ml"}]},{"@type":"WebSite","@id":"https:\/\/salonforall.es\/#website","url":"https:\/\/salonforall.es\/","name":"Salon For ALL Spain","description":"Wholesaler of salon and practice furniture and supplies","publisher":{"@id":"https:\/\/salonforall.es\/#organization"},"potentialAction":[{"@type":"SearchAction","target":{"@type":"EntryPoint","urlTemplate":"https:\/\/salonforall.es\/?s={search_term_string}"},"query-input":{"@type":"PropertyValueSpecification","valueRequired":true,"valueName":"search_term_string"}}],"inLanguage":"en-GB"},{"@type":"Organization","@id":"https:\/\/salonforall.es\/#organization","name":"Salon For All B.V. Spain","alternateName":"Salon For All B.V. Espa\u00f1a - Mayorista de equipamiento para consultas, salones y suministros","url":"https:\/\/salonforall.es\/","logo":{"@type":"ImageObject","inLanguage":"en-GB","@id":"https:\/\/salonforall.es\/#\/schema\/logo\/image\/","url":"https:\/\/salonforall.es\/wp-content\/uploads\/2025\/11\/logo-salon-for-all-e1764543185849.png","contentUrl":"https:\/\/salonforall.es\/wp-content\/uploads\/2025\/11\/logo-salon-for-all-e1764543185849.png","width":500,"height":150,"caption":"Salon For All B.V. Espa\u00f1a"},"image":{"@id":"https:\/\/salonforall.es\/#\/schema\/logo\/image\/"}}]}},"_links":{"self":[{"href":"https:\/\/salonforall.es\/en\/wp-json\/wp\/v2\/product\/5673","targetHints":{"allow":["GET"]}}],"collection":[{"href":"https:\/\/salonforall.es\/en\/wp-json\/wp\/v2\/product"}],"about":[{"href":"https:\/\/salonforall.es\/en\/wp-json\/wp\/v2\/types\/product"}],"replies":[{"embeddable":true,"href":"https:\/\/salonforall.es\/en\/wp-json\/wp\/v2\/comments?post=5673"}],"wp:featuredmedia":[{"embeddable":true,"href":"https:\/\/salonforall.es\/en\/wp-json\/wp\/v2\/media\/5674"}],"wp:attachment":[{"href":"https:\/\/salonforall.es\/en\/wp-json\/wp\/v2\/media?parent=5673"}],"wp:term":[{"taxonomy":"product_brand","embeddable":true,"href":"https:\/\/salonforall.es\/en\/wp-json\/wp\/v2\/product_brand?post=5673"},{"taxonomy":"product_cat","embeddable":true,"href":"https:\/\/salonforall.es\/en\/wp-json\/wp\/v2\/product_cat?post=5673"},{"taxonomy":"product_tag","embeddable":true,"href":"https:\/\/salonforall.es\/en\/wp-json\/wp\/v2\/product_tag?post=5673"}],"curies":[{"name":"wp","href":"https:\/\/api.w.org\/{rel}","templated":true}]}}