{"id":5509,"date":"2025-12-02T12:18:46","date_gmt":"2025-12-02T11:18:46","guid":{"rendered":"https:\/\/salonforall.es\/product\/taladro-de-unas-saeyang-marathon-multi-600-micromotor-protesico-bm50s1-sin-escobillas\/"},"modified":"2026-03-24T16:24:42","modified_gmt":"2026-03-24T15:24:42","slug":"saeyang-marathon-multi-600-brushless-micromotor-bm50s1-brushless-drill","status":"publish","type":"product","link":"https:\/\/salonforall.es\/en\/taladro-de-unas-saeyang-marathon-multi-600-micromotor-protesico-bm50s1-sin-escobillas\/","title":{"rendered":"Nail Drill Saeyang Marathon Multi 600, Prosthetic Micromotor + Bm50S1 Brushless"},"content":{"rendered":"<h2>Information about Saeyang Marathon Multi 600 Nail Drill, Prosthetic Micromotor + Bm50S1 Brushless with item number 101354<\/h2>\n<h2><strong>Recommended by the best<\/strong><\/h2>\n<p>The micro-engine <strong>Marathon Multi 600<\/strong> of the Korean company <strong>Saeyang<\/strong> is an excellent tool for prosthetic work. The company has received numerous awards for its outstanding achievements and its products are recommended by cosmetologists and prosthetists. Almost five decades of experience guarantee a product of the highest quality.<\/p>\n<p><img decoding=\"async\" src=\"https:\/\/activeshop.com.pl\/media\/wysiwyg\/product\/101354\/EN_101354_1.jpg\"><\/p>\n<p>&nbsp;<\/p>\n<h2><strong>Extremely tough and durable<\/strong><\/h2>\n<p>A solid and reliable micromotor that works all day long and performs long-lasting prosthetic tasks. Also ideal for wood carving and jewellery work. Equipped with a powerful BM50S1 handpiece with a high torque of 7.8 Ncm. It allows working at speeds from 1 to 50,000 revolutions. This device has a power of 100 W. <strong>Functional and easy to use<\/strong><\/p>\n<h2><strong>The base panel is fully functional. The on\/off switch lights up green (you'll never forget to turn it off!). A knob allows you to smoothly adjust the speed of the handpiece. Left or right rotation change. The AUTO CRUISE system offers the possibility to set a constant speed when using the pedal or knee. The self-diagnosis function allows to monitor the correct operation, locating the faulty area, which will be shown with the corresponding code on the digital display. Handpiece holder included.<\/p>\n<p><img decoding=\"async\" src=\"https:\/\/activeshop.com.pl\/media\/wysiwyg\/product\/101354\/EN_101354_2.jpg\"><\/p>\n<p>&nbsp;<\/p>\n<h2><strong>Twist-Lock: Easy drill bit replacement<\/strong><\/h2>\n<p>Forget spanners and spindles: the TWIST-LOCK chuck system allows you to change the drill bit quickly and easily with a single movement. Turn left to unlock, loosen and remove the drill bit. Turn right to close the lock and insert the drill bit.<\/p>\n<p><img decoding=\"async\" src=\"https:\/\/activeshop.com.pl\/media\/wysiwyg\/product\/101354\/EN_101354_5.jpg\"><\/p>\n<p>&nbsp;<\/p>\n<h2><strong>Original Marathon product<\/strong><\/h2>\n<h2><img decoding=\"async\" src=\"https:\/\/activeshop.com.pl\/media\/wysiwyg\/product\/101354\/EN_101354_6.jpg\"><\/h2>\n<h2>&nbsp;<\/h2>\n<h2><strong>Device specifications:<\/strong><\/h2>\n<p>- Perfect for prosthetic work in the dental laboratory.<br \/>\u2022 La <strong>high power of 100 W<\/strong> allows intensive work throughout the day<br \/>- A truly durable and reliable device<br \/>- Smooth speed regulation in the range of <strong>1 to 50,000 rpm<\/strong><br \/>- Brushless handpiece<br \/>- Micromotor with torque of <strong>7.8 Ncm<\/strong><br \/>- Low noise and vibration<br \/>- Twist-Lock for easy drill bit replacement<br \/>- Foot\/knee drive (FS-60N) with adjustable speed<br \/>- AUTO CRUISE function<br \/>- Self-diagnostic function<br \/>- Automatic overload protection<br \/>- Set includes: control box, handpiece, foot pedal, handpiece holder, manual, warranty.<\/p>\n<p><img decoding=\"async\" src=\"https:\/\/activeshop.com.pl\/media\/wysiwyg\/product\/101354\/EN_101354_4.jpg\"><\/p>\n<h2>&nbsp;<\/h2>\n<h2><strong>Technical data:<\/strong><\/h2>\n<p>Power: 100 W<br \/>Weight of control box: 3,1 kg<br \/>Dimensions of the control box: 12.2 (W) x 26.8 (D) x 23.7 (H) cm <br \/>Handpiece dimensions: 238 x 159 x 26 mm<br \/>Handpiece weight: 230 g <br \/>Handpiece voltage: 30 V<br \/>Power supply: AC 200-240 V \/ 50-60 Hz<\/p>\n<p>Activeshop products are proportionally cheaper than many other brands\/suppliers. The price is commensurate with the quality. The Saeyang Marathon Multi 600 Nail Drill, Prosthetic Micromotor + Bm50S1 Brushless is therefore an affordable solution for your salon.<\/p>\n<h2>How is it delivered Nail Drill Saeyang Marathon Multi 600, Prosthetic Micromotor + Bm50S1 Brushless?<\/h2>\n<p>Nail Drill Saeyang Marathon Multi 600, Prosthetic Micromotor + Bm50S1 Brushless is delivered in original packaging(s). Within Spain, the shipping of Nail Drill Saeyang Marathon Multi 600, Prosthetic Micromotor + Bm50S1 Brushless is completely free of charge for orders over 100,- Euro. For shipments to other countries separate shipping rates apply. You can check these rates with us or view them in the shopping cart. Nail Drill Saeyang Marathon Multi 600, Prosthetic Micromotor + Bm50S1 Brushless is shipped via an external courier service.<\/p>\n<p>Packages or pallets are delivered as standard up to the front door threshold, even if you are located in a collective building, apartment building or apartment complex with a lift (provided the item fits in the lift). No lift available or item does not fit in the lift? Then we deliver up to the threshold of the ground floor.<\/p>\n<p>Do you still have questions about delivery or a special situation? Contact us and we will be happy to help you!<\/p>\n<p>*Items are not unpacked or assembled as standard. In special situations you can contact us to make arrangements.<\/p>\n<h2>Secure online shopping at Salon For All with the Webwinkelkeur seal of quality and SSL encryption.<\/h2>\n<p>It is important to us that our customers can shop safely in our online shop. We have been affiliated with the national quality seal Webwinkelkeur since 2019. Our identity has been verified and checked by them, and the online shop has been checked and legally approved. Furthermore, our online shop is affiliated with them for conflict mediation. You can see the logo with all the information of this online shop quality seal on the left or right side of the online shop (pink button with white). In addition, our site is protected with an SSL certificate so that you can surf securely with us. In the bar of your Internet browser, where our website appears, you will see a padlock icon. If you click on the padlock, you will get all the information about our security. This way you know that your order for Saeyang Nail Drill Marathon Multi 600, Prosthetic Micromotor + Bm50S1 Brushless and your personal data are processed securely.<\/p>\n<h2>How can I pay for Saeyang Marathon Multi 600 Nail Drill, Prosthetic Micromotor + Bm50S1 Brushless?<\/h2>\n<p>We want to make it as easy as possible for you. That's why at Salon For All you can pay with all popular payment methods. Pay in advance, on delivery or afterwards - everything is possible. See here for all the payment methods we offer:<\/p>\n<ul>\n<li>iDEAL<\/li>\n<li>Credit card (Visa, Mastercard, American Express)<\/li>\n<li>Klarna - Payment on delivery with invoice<\/li>\n<li>PayPal<\/li>\n<li>Apple Pay<\/li>\n<li>Google Pay<\/li>\n<li>Bizum (for Spanish customers)<\/li>\n<li>SEPA bank transfer<\/li>\n<li>Bancontact<\/li>\n<li>Commercial invoice for companies<\/li>\n<li>Payment in the showroom - Both card and cash (Only available on collection)<\/li>\n<\/ul>\n<h2>See also reviews of Salon For All<\/h2>\n<p>Please also see our reviews to take into account the experiences of our existing customers in your decision to order Saeyang Marathon Multi 600 Nail Drill, Prosthetic Micromotor + Bm50S1 Brushless with us. Through our independent online shop quality seal Webwinkelkeur, verified reviews are automatically collected from customers who have completed an order with us. You can find them behind the pink button in our online shop or they are listed below the products.<\/p>\n<p>Please also share your experience after shopping with your Saeyang Marathon Multi 600 Nail Drill, Prosthetic Micromotor + Bm50S1 Brushless order and your experience with the purchase process or contacting Salon For All to inspire others!<\/p>\n<h2>Contact Salon For All<\/h2>\n<p>Contact us then. We will be happy to assist you with the purchase of Nail Drill Saeyang Marathon Multi 600, Prosthetic Micromotor + Bm50S1 Brushless. On weekdays we are best available between 8.30am and 5.00pm via the telephone number and email address at the top of the online shop or via the chat function. Out-of-hours enquiries are usually answered within 24 hours. It is also possible to visit us outside working days or office hours. However, an appointment must be made in advance.<\/p>\n<h2>Would you like to visit our showroom?<\/h2>\n<p>Would you prefer to see Saeyang Nail Drill Marathon Multi 600, Prosthetic Micromotor + Bm50S1 Brushless or browse through our (online) shop offer together with our colleague? Then visit our showroom with more than 1000m\u00b2 of salon equipment and let our staff inspire you. Also if you like to get to know us pleasantly over a cup of coffee or tea, you are very welcome. We do not have all products in stock, so please let us know in advance that you would like to come. Always make an appointment in advance.<\/p>\n<h2>14 days of reflection and our return policy<\/h2>\n<p>Of course it can happen that the delivered Nail Drill Saeyang Marathon Multi 600, Prosthetic Micromotor + Bm50S1 Brushless is not completely to your liking and you wish to return it. This is no problem at Salon For All. You must notify your return within 14 working days via info@salonforall.es. You will then first receive full instructions and return conditions. Please note that the Saeyang Marathon Multi 600 Nail Drill, Prosthetic Micromotor + Bm50S1 Brushless must be unused, contain all supplied parts and be returned in the original packaging. Shipping costs for a return are always at the buyer's expense on purchases through www.salonforall.es. You must arrange transport yourself with a carrier of your choice for a return. Once the Saeyang Marathon Multi 600 Nail Drill, Prosthetic Micromotor + Bm50S1 Brushless Nail Drill has been returned, it will be checked for completeness and possible damage. Once the return has been approved, the purchase amount will be refunded within 5 working days to the bank account we have on record.<\/p>\n<h2>Who is Salon For All?<\/h2>\n<p>Salon For All is THE wholesaler for all salon equipment in Europe. Salon For All started in 2003 under the name Salonvoordeel and grew out of practice. The owners of Salon For All were experienced hairdressers and beauty specialists and have together more than 30 years of practical experience. In 2003 we launched Salonvoordeel.nl (Netherlands) and subsequently Salon For All was founded for the European market. Some of our employees started their own business and so the idea to launch a functional online shop for hairdressers and to help them with the equipment of their salon was born.<\/p>\n<p>Our showroom is located in Dinxperlo, directly on the border between the Netherlands and Germany. With our extensive experience in the industry we can serve you as a mirror and provide you with the right advice - we speak the same language! We advise, inspire, motivate and support you in the purchase of Nail Drill Saeyang Marathon Multi 600, Prosthetic Micromotor + Bm50S1 Brushless. Our suppliers are located all over Europe, from Germany, England, Italy to Poland.<\/p>","protected":false},"excerpt":{"rendered":"<p>The Saeyang Marathon Multi 600 Nail Drill, Prosthetic Micromotor + Bm50S1 Brushless is a high quality solution for any salon. Estimated delivery time is approximately 6 working days.<\/p>","protected":false},"featured_media":5510,"comment_status":"open","ping_status":"open","template":"","meta":[],"product_brand":[170],"product_cat":[534,533],"product_tag":[536,535],"class_list":{"0":"post-5509","1":"product","2":"type-product","3":"status-publish","4":"has-post-thumbnail","6":"product_brand-saeyang","7":"product_cat-taladros-para-unas","8":"product_cat-taladros-y-brocas-para-unas","9":"product_tag-taladros-para-unas","10":"product_tag-taladros-y-brocas-para-unas","11":"pa_codigo-ean-7759","12":"pa_garantia-12-meses","13":"pa_marca-saeyang","14":"pa_numero-de-articulo-1786","15":"pa_tiempo-estimado-de-entrega-4-5-dias-laborables","17":"first","18":"instock","19":"sale","20":"taxable","21":"shipping-taxable","22":"purchasable","23":"product-type-simple"},"yoast_head":"<!-- This site is optimized with the Yoast SEO plugin v27.6 - https:\/\/yoast.com\/product\/yoast-seo-wordpress\/ -->\n<title>Taladro De U\u00f1as Saeyang Marathon Multi 600, Micromotor Prot\u00e9sico + Bm50S1 Sin Escobillas comprar<\/title>\n<meta name=\"description\" content=\"Compra Taladro De U\u00f1as Saeyang Marathon Multi 600, Micromotor Prot\u00e9sico + Bm50S1 Sin Escobillas online o en el showroom en Salon For ALL Espa\u00f1a. El mayorista para salones, consultas y spas en Espa\u00f1a y Portugal.\" \/>\n<meta name=\"robots\" content=\"index, follow, max-snippet:-1, max-image-preview:large, max-video-preview:-1\" \/>\n<link rel=\"canonical\" href=\"https:\/\/salonforall.es\/en\/saeyang-marathon-multi-600-brushless-micromotor-bm50s1-brushless-drill\/\" \/>\n<meta property=\"og:locale\" content=\"en_GB\" \/>\n<meta property=\"og:type\" content=\"article\" \/>\n<meta property=\"og:title\" content=\"Taladro De U\u00f1as Saeyang Marathon Multi 600, Micromotor Prot\u00e9sico + Bm50S1 Sin Escobillas\" \/>\n<meta property=\"og:description\" content=\"Compra Taladro De U\u00f1as Saeyang Marathon Multi 600, Micromotor Prot\u00e9sico + Bm50S1 Sin Escobillas online o en el showroom en Salon For ALL Espa\u00f1a. El mayorista para salones, consultas y spas en Espa\u00f1a y Portugal.\" \/>\n<meta property=\"og:url\" content=\"https:\/\/salonforall.es\/en\/saeyang-marathon-multi-600-brushless-micromotor-bm50s1-brushless-drill\/\" \/>\n<meta property=\"og:site_name\" content=\"Salon For ALL Espa\u00f1a\" \/>\n<meta property=\"article:modified_time\" content=\"2026-03-24T15:24:42+00:00\" \/>\n<meta property=\"og:image\" content=\"https:\/\/salonforall.es\/wp-content\/uploads\/2025\/12\/Taladro-De-Unas-Saeyang-Marathon-Multi-600-Micromotor-Protesico-Bm50S1-Sin-Escobillas.jpg\" \/>\n\t<meta property=\"og:image:width\" content=\"1200\" \/>\n\t<meta property=\"og:image:height\" content=\"1200\" \/>\n\t<meta property=\"og:image:type\" content=\"image\/jpeg\" \/>\n<meta name=\"twitter:card\" content=\"summary_large_image\" \/>\n<meta name=\"twitter:title\" content=\"Taladro De U\u00f1as Saeyang Marathon Multi 600, Micromotor Prot\u00e9sico + Bm50S1 Sin Escobillas\" \/>\n<meta name=\"twitter:label1\" content=\"Estimated reading time\" \/>\n\t<meta name=\"twitter:data1\" content=\"9 minutes\" \/>\n<script type=\"application\/ld+json\" class=\"yoast-schema-graph\">{\"@context\":\"https:\\\/\\\/schema.org\",\"@graph\":[{\"@type\":\"WebPage\",\"@id\":\"https:\\\/\\\/salonforall.es\\\/taladro-de-unas-saeyang-marathon-multi-600-micromotor-protesico-bm50s1-sin-escobillas\\\/\",\"url\":\"https:\\\/\\\/salonforall.es\\\/taladro-de-unas-saeyang-marathon-multi-600-micromotor-protesico-bm50s1-sin-escobillas\\\/\",\"name\":\"Taladro De U\u00f1as Saeyang Marathon Multi 600, Micromotor Prot\u00e9sico + Bm50S1 Sin Escobillas comprar\",\"isPartOf\":{\"@id\":\"https:\\\/\\\/salonforall.es\\\/#website\"},\"primaryImageOfPage\":{\"@id\":\"https:\\\/\\\/salonforall.es\\\/taladro-de-unas-saeyang-marathon-multi-600-micromotor-protesico-bm50s1-sin-escobillas\\\/#primaryimage\"},\"image\":{\"@id\":\"https:\\\/\\\/salonforall.es\\\/taladro-de-unas-saeyang-marathon-multi-600-micromotor-protesico-bm50s1-sin-escobillas\\\/#primaryimage\"},\"thumbnailUrl\":\"https:\\\/\\\/salonforall.es\\\/wp-content\\\/uploads\\\/2025\\\/12\\\/Taladro-De-Unas-Saeyang-Marathon-Multi-600-Micromotor-Protesico-Bm50S1-Sin-Escobillas.jpg\",\"datePublished\":\"2025-12-02T11:18:46+00:00\",\"dateModified\":\"2026-03-24T15:24:42+00:00\",\"description\":\"Compra Taladro De U\u00f1as Saeyang Marathon Multi 600, Micromotor Prot\u00e9sico + Bm50S1 Sin Escobillas online o en el showroom en Salon For ALL Espa\u00f1a. El mayorista para salones, consultas y spas en Espa\u00f1a y Portugal.\",\"breadcrumb\":{\"@id\":\"https:\\\/\\\/salonforall.es\\\/taladro-de-unas-saeyang-marathon-multi-600-micromotor-protesico-bm50s1-sin-escobillas\\\/#breadcrumb\"},\"inLanguage\":\"en-GB\",\"potentialAction\":[{\"@type\":\"ReadAction\",\"target\":[\"https:\\\/\\\/salonforall.es\\\/taladro-de-unas-saeyang-marathon-multi-600-micromotor-protesico-bm50s1-sin-escobillas\\\/\"]}]},{\"@type\":\"ImageObject\",\"inLanguage\":\"en-GB\",\"@id\":\"https:\\\/\\\/salonforall.es\\\/taladro-de-unas-saeyang-marathon-multi-600-micromotor-protesico-bm50s1-sin-escobillas\\\/#primaryimage\",\"url\":\"https:\\\/\\\/salonforall.es\\\/wp-content\\\/uploads\\\/2025\\\/12\\\/Taladro-De-Unas-Saeyang-Marathon-Multi-600-Micromotor-Protesico-Bm50S1-Sin-Escobillas.jpg\",\"contentUrl\":\"https:\\\/\\\/salonforall.es\\\/wp-content\\\/uploads\\\/2025\\\/12\\\/Taladro-De-Unas-Saeyang-Marathon-Multi-600-Micromotor-Protesico-Bm50S1-Sin-Escobillas.jpg\",\"width\":1200,\"height\":1200,\"caption\":\"Taladro De U\u00f1as Saeyang Marathon Multi 600\"},{\"@type\":\"BreadcrumbList\",\"@id\":\"https:\\\/\\\/salonforall.es\\\/taladro-de-unas-saeyang-marathon-multi-600-micromotor-protesico-bm50s1-sin-escobillas\\\/#breadcrumb\",\"itemListElement\":[{\"@type\":\"ListItem\",\"position\":1,\"name\":\"Home\",\"item\":\"https:\\\/\\\/salonforall.es\\\/\"},{\"@type\":\"ListItem\",\"position\":2,\"name\":\"Winkel\",\"item\":\"https:\\\/\\\/salonforall.es\\\/winkel\\\/\"},{\"@type\":\"ListItem\",\"position\":3,\"name\":\"Taladro De U\u00f1as Saeyang Marathon Multi 600, Micromotor Prot\u00e9sico + Bm50S1 Sin Escobillas\"}]},{\"@type\":\"WebSite\",\"@id\":\"https:\\\/\\\/salonforall.es\\\/#website\",\"url\":\"https:\\\/\\\/salonforall.es\\\/\",\"name\":\"Salon For ALL Espa\u00f1a\",\"description\":\"Mayorista de mobiliario y suministros para consultorios y salones\",\"publisher\":{\"@id\":\"https:\\\/\\\/salonforall.es\\\/#organization\"},\"potentialAction\":[{\"@type\":\"SearchAction\",\"target\":{\"@type\":\"EntryPoint\",\"urlTemplate\":\"https:\\\/\\\/salonforall.es\\\/?s={search_term_string}\"},\"query-input\":{\"@type\":\"PropertyValueSpecification\",\"valueRequired\":true,\"valueName\":\"search_term_string\"}}],\"inLanguage\":\"en-GB\"},{\"@type\":\"Organization\",\"@id\":\"https:\\\/\\\/salonforall.es\\\/#organization\",\"name\":\"Salon For All B.V. Espa\u00f1a\",\"alternateName\":\"Salon For All B.V. Espa\u00f1a - Mayorista de equipamiento para consultas, salones y suministros\",\"url\":\"https:\\\/\\\/salonforall.es\\\/\",\"logo\":{\"@type\":\"ImageObject\",\"inLanguage\":\"en-GB\",\"@id\":\"https:\\\/\\\/salonforall.es\\\/#\\\/schema\\\/logo\\\/image\\\/\",\"url\":\"https:\\\/\\\/salonforall.es\\\/wp-content\\\/uploads\\\/2025\\\/11\\\/logo-salon-for-all-e1764543185849.png\",\"contentUrl\":\"https:\\\/\\\/salonforall.es\\\/wp-content\\\/uploads\\\/2025\\\/11\\\/logo-salon-for-all-e1764543185849.png\",\"width\":500,\"height\":150,\"caption\":\"Salon For All B.V. Espa\u00f1a\"},\"image\":{\"@id\":\"https:\\\/\\\/salonforall.es\\\/#\\\/schema\\\/logo\\\/image\\\/\"}}]}<\/script>\n<!-- \/ Yoast SEO plugin. -->","yoast_head_json":{"title":"Nail Drill Saeyang Marathon Multi 600, Micromotor Prosthetic + Bm50S1 Brushless buy","description":"Buy Nail Drill Saeyang Marathon Multi 600, Micromotor Prosthetic + Bm50S1 Brushless online or in the showroom at Salon For ALL Spain. The wholesaler for salons, practices and spas in Spain and Portugal.","robots":{"index":"index","follow":"follow","max-snippet":"max-snippet:-1","max-image-preview":"max-image-preview:large","max-video-preview":"max-video-preview:-1"},"canonical":"https:\/\/salonforall.es\/en\/saeyang-marathon-multi-600-brushless-micromotor-bm50s1-brushless-drill\/","og_locale":"en_GB","og_type":"article","og_title":"Taladro De U\u00f1as Saeyang Marathon Multi 600, Micromotor Prot\u00e9sico + Bm50S1 Sin Escobillas","og_description":"Compra Taladro De U\u00f1as Saeyang Marathon Multi 600, Micromotor Prot\u00e9sico + Bm50S1 Sin Escobillas online o en el showroom en Salon For ALL Espa\u00f1a. El mayorista para salones, consultas y spas en Espa\u00f1a y Portugal.","og_url":"https:\/\/salonforall.es\/en\/saeyang-marathon-multi-600-brushless-micromotor-bm50s1-brushless-drill\/","og_site_name":"Salon For ALL Espa\u00f1a","article_modified_time":"2026-03-24T15:24:42+00:00","og_image":[{"width":1200,"height":1200,"url":"https:\/\/salonforall.es\/wp-content\/uploads\/2025\/12\/Taladro-De-Unas-Saeyang-Marathon-Multi-600-Micromotor-Protesico-Bm50S1-Sin-Escobillas.jpg","type":"image\/jpeg"}],"twitter_card":"summary_large_image","twitter_title":"Taladro De U\u00f1as Saeyang Marathon Multi 600, Micromotor Prot\u00e9sico + Bm50S1 Sin Escobillas","twitter_misc":{"Estimated reading time":"9 minutes"},"schema":{"@context":"https:\/\/schema.org","@graph":[{"@type":"WebPage","@id":"https:\/\/salonforall.es\/taladro-de-unas-saeyang-marathon-multi-600-micromotor-protesico-bm50s1-sin-escobillas\/","url":"https:\/\/salonforall.es\/taladro-de-unas-saeyang-marathon-multi-600-micromotor-protesico-bm50s1-sin-escobillas\/","name":"Nail Drill Saeyang Marathon Multi 600, Micromotor Prosthetic + Bm50S1 Brushless buy","isPartOf":{"@id":"https:\/\/salonforall.es\/#website"},"primaryImageOfPage":{"@id":"https:\/\/salonforall.es\/taladro-de-unas-saeyang-marathon-multi-600-micromotor-protesico-bm50s1-sin-escobillas\/#primaryimage"},"image":{"@id":"https:\/\/salonforall.es\/taladro-de-unas-saeyang-marathon-multi-600-micromotor-protesico-bm50s1-sin-escobillas\/#primaryimage"},"thumbnailUrl":"https:\/\/salonforall.es\/wp-content\/uploads\/2025\/12\/Taladro-De-Unas-Saeyang-Marathon-Multi-600-Micromotor-Protesico-Bm50S1-Sin-Escobillas.jpg","datePublished":"2025-12-02T11:18:46+00:00","dateModified":"2026-03-24T15:24:42+00:00","description":"Buy Nail Drill Saeyang Marathon Multi 600, Micromotor Prosthetic + Bm50S1 Brushless online or in the showroom at Salon For ALL Spain. The wholesaler for salons, practices and spas in Spain and Portugal.","breadcrumb":{"@id":"https:\/\/salonforall.es\/taladro-de-unas-saeyang-marathon-multi-600-micromotor-protesico-bm50s1-sin-escobillas\/#breadcrumb"},"inLanguage":"en-GB","potentialAction":[{"@type":"ReadAction","target":["https:\/\/salonforall.es\/taladro-de-unas-saeyang-marathon-multi-600-micromotor-protesico-bm50s1-sin-escobillas\/"]}]},{"@type":"ImageObject","inLanguage":"en-GB","@id":"https:\/\/salonforall.es\/taladro-de-unas-saeyang-marathon-multi-600-micromotor-protesico-bm50s1-sin-escobillas\/#primaryimage","url":"https:\/\/salonforall.es\/wp-content\/uploads\/2025\/12\/Taladro-De-Unas-Saeyang-Marathon-Multi-600-Micromotor-Protesico-Bm50S1-Sin-Escobillas.jpg","contentUrl":"https:\/\/salonforall.es\/wp-content\/uploads\/2025\/12\/Taladro-De-Unas-Saeyang-Marathon-Multi-600-Micromotor-Protesico-Bm50S1-Sin-Escobillas.jpg","width":1200,"height":1200,"caption":"Taladro De U\u00f1as Saeyang Marathon Multi 600"},{"@type":"BreadcrumbList","@id":"https:\/\/salonforall.es\/taladro-de-unas-saeyang-marathon-multi-600-micromotor-protesico-bm50s1-sin-escobillas\/#breadcrumb","itemListElement":[{"@type":"ListItem","position":1,"name":"Home","item":"https:\/\/salonforall.es\/"},{"@type":"ListItem","position":2,"name":"Winkel","item":"https:\/\/salonforall.es\/winkel\/"},{"@type":"ListItem","position":3,"name":"Taladro De U\u00f1as Saeyang Marathon Multi 600, Micromotor Prot\u00e9sico + Bm50S1 Sin Escobillas"}]},{"@type":"WebSite","@id":"https:\/\/salonforall.es\/#website","url":"https:\/\/salonforall.es\/","name":"Salon For ALL Spain","description":"Wholesaler of salon and practice furniture and supplies","publisher":{"@id":"https:\/\/salonforall.es\/#organization"},"potentialAction":[{"@type":"SearchAction","target":{"@type":"EntryPoint","urlTemplate":"https:\/\/salonforall.es\/?s={search_term_string}"},"query-input":{"@type":"PropertyValueSpecification","valueRequired":true,"valueName":"search_term_string"}}],"inLanguage":"en-GB"},{"@type":"Organization","@id":"https:\/\/salonforall.es\/#organization","name":"Salon For All B.V. Spain","alternateName":"Salon For All B.V. Espa\u00f1a - Mayorista de equipamiento para consultas, salones y suministros","url":"https:\/\/salonforall.es\/","logo":{"@type":"ImageObject","inLanguage":"en-GB","@id":"https:\/\/salonforall.es\/#\/schema\/logo\/image\/","url":"https:\/\/salonforall.es\/wp-content\/uploads\/2025\/11\/logo-salon-for-all-e1764543185849.png","contentUrl":"https:\/\/salonforall.es\/wp-content\/uploads\/2025\/11\/logo-salon-for-all-e1764543185849.png","width":500,"height":150,"caption":"Salon For All B.V. Espa\u00f1a"},"image":{"@id":"https:\/\/salonforall.es\/#\/schema\/logo\/image\/"}}]}},"_links":{"self":[{"href":"https:\/\/salonforall.es\/en\/wp-json\/wp\/v2\/product\/5509","targetHints":{"allow":["GET"]}}],"collection":[{"href":"https:\/\/salonforall.es\/en\/wp-json\/wp\/v2\/product"}],"about":[{"href":"https:\/\/salonforall.es\/en\/wp-json\/wp\/v2\/types\/product"}],"replies":[{"embeddable":true,"href":"https:\/\/salonforall.es\/en\/wp-json\/wp\/v2\/comments?post=5509"}],"wp:featuredmedia":[{"embeddable":true,"href":"https:\/\/salonforall.es\/en\/wp-json\/wp\/v2\/media\/5510"}],"wp:attachment":[{"href":"https:\/\/salonforall.es\/en\/wp-json\/wp\/v2\/media?parent=5509"}],"wp:term":[{"taxonomy":"product_brand","embeddable":true,"href":"https:\/\/salonforall.es\/en\/wp-json\/wp\/v2\/product_brand?post=5509"},{"taxonomy":"product_cat","embeddable":true,"href":"https:\/\/salonforall.es\/en\/wp-json\/wp\/v2\/product_cat?post=5509"},{"taxonomy":"product_tag","embeddable":true,"href":"https:\/\/salonforall.es\/en\/wp-json\/wp\/v2\/product_tag?post=5509"}],"curies":[{"name":"wp","href":"https:\/\/api.w.org\/{rel}","templated":true}]}}