{"id":5192,"date":"2025-12-02T12:14:44","date_gmt":"2025-12-02T11:14:44","guid":{"rendered":"https:\/\/salonforall.es\/product\/saeyang-m40es-se-dirige-al-perforador-de-unas-maraton\/"},"modified":"2026-03-24T16:21:49","modified_gmt":"2026-03-24T15:21:49","slug":"saeyang-m40es-heads-to-the-marathon-driller","status":"publish","type":"product","link":"https:\/\/salonforall.es\/en\/saeyang-m40es-se-dirige-al-perforador-de-unas-maraton\/","title":{"rendered":"Saeyang M40Es Heads To The Marathon Nail Driller"},"content":{"rendered":"<h2>Information about Saeyang M40Es Addresses Marathon Nail Drill with item number 128277<\/h2>\n<p><span class=\"VIiyi\" lang=\"en\"><span class=\"JLqJ4b\" data-language-for-alternatives=\"en\" data-language-to-translate-into=\"pl\" data-phrase-index=\"1\"><\/span><span class=\"JLqJ4b ChMk0b\" data-language-for-alternatives=\"en\" data-language-to-translate-into=\"pl\" data-phrase-index=\"2\">Marathon M40ES head: designed for the ES6 head of the Marathon N7 and Yoshida nail drills.<\/span><span class=\"JLqJ4b\" data-language-for-alternatives=\"en\" data-language-to-translate-into=\"pl\" data-phrase-index=\"3\"><\/span><\/span><\/p>\n<ul>\n<li><span class=\"VIiyi\" lang=\"en\"><span velocidad: 40.000 rpm.\n<li><span class=\"VIiyi\" lang=\"en\"><span class=\"JLqJ4b ChMk0b\" data-language-for-alternatives=\"en\" data-language-to-translate-into=\"pl\" data-phrase-index=\"4\">Torque: 2.2 Ncm.\n<li><span class=\"JLqJ4b\" data-language-for-alternatives=\"en\" data-language-to-translate-into=\"pl\" data-phrase-index=\"5\">Torque: 2,2 Ncm. Data language for translating a=\u00bbpl\u00bb data phrase index=\u00bb7\u2033&gt;&gt;.&nbsp;<\/span><\/span><\/li>\n<li><span class=\"VIiyi\" lang=\"en\"><span class=\"JLqJ4b ChMk0b\" lenguaje de datos para alternativas=\"en\" traducir a =\"pl\" \u00edndice frase>30 V<\/span><\/span><\/li>\n<\/ul>\n<p><\/p>\n<p>Activeshop products are proportionally cheaper than many other brands\/suppliers. The price is in relation to the quality. Saeyang M40Es Addresses Marathon Nail Drill is therefore an affordable solution for your salon.<\/p>\n<h2>How is Saeyang M40Es Addresses The Marathon Nail Drill delivered?<\/h2>\n<p>Saeyang M40En Heads To The Marathon Nail Drill is delivered in original packaging(s). Within Spain the shipping of Saeyang M40Es Heads To The Marathon Nail Drill is completely free of charge for orders over 100,- Euro. For shipments to other countries separate shipping rates apply. You can check these rates with us or view them in the shopping cart. Saeyang M40Es Addresses Marathon Nail Drill is shipped via an external courier service.<\/p>\n<p>Packages or pallets are delivered as standard up to the front door threshold, even if you are located in a collective building, apartment building or apartment complex with a lift (provided the item fits in the lift). No lift available or item does not fit in the lift? Then we deliver up to the threshold of the ground floor.<\/p>\n<p>Do you still have questions about delivery or a special situation? Contact us and we will be happy to help you!<\/p>\n<p>*Items are not unpacked or assembled as standard. In special situations you can contact us to make arrangements.<\/p>\n<h2>Secure online shopping at Salon For All with the Webwinkelkeur seal of quality and SSL encryption.<\/h2>\n<p>It is important to us that our customers can shop safely in our online shop. We have been affiliated with the national quality seal Webwinkelkeur since 2019. Our identity has been verified and checked by them, and the online shop has been checked and legally approved. Furthermore, our online shop is affiliated with them for conflict mediation. You can see the logo with all the information of this online shop quality seal on the left or right side of the online shop (pink button with white). In addition, our site is protected with an SSL certificate so that you can surf securely with us. In the bar of your Internet browser, where our website appears, you will see a padlock icon. If you click on the padlock, you will get all the information about our security. This way you know that your order for Saeyang M40Es Headed To Marathon Nail Drill and your personal data is processed securely.<\/p>\n<h2>How can I pay for Saeyang M40Es Head To Marathon Nail Drill?<\/h2>\n<p>We want to make it as easy as possible for you. That's why at Salon For All you can pay with all popular payment methods. Pay in advance, on delivery or afterwards - everything is possible. See here for all the payment methods we offer:<\/p>\n<ul>\n<li>iDEAL<\/li>\n<li>Credit card (Visa, Mastercard, American Express)<\/li>\n<li>Klarna - Payment on delivery with invoice<\/li>\n<li>PayPal<\/li>\n<li>Apple Pay<\/li>\n<li>Google Pay<\/li>\n<li>Bizum (for Spanish customers)<\/li>\n<li>SEPA bank transfer<\/li>\n<li>Bancontact<\/li>\n<li>Commercial invoice for companies<\/li>\n<li>Payment in the showroom - Both card and cash (Only available on collection)<\/li>\n<\/ul>\n<h2>See also reviews of Salon For All<\/h2>\n<p>See also our reviews to take into account the experiences of our current customers in your decision to order the Saeyang M40Es Head To Marathon Nail Drill with us. Through our independent online shop quality seal Webwinkelkeur, verified reviews are automatically collected from customers who have completed an order with us. You can find them behind the pink button in our online shop or they are listed below the products.<\/p>\n<p>Please also share your experience after your purchase with your Saeyang M40Es Heads To Marathon Nail Drill order and your experience with the ordering process or contacting Salon For All to inspire others!<\/p>\n<h2>Contact Salon For All<\/h2>\n<p>Contact us then. We will be happy to assist you with the purchase of Saeyang M40Es Head To Nail Drill Marathon. On weekdays we are best available between 8.30am and 5.00pm via the telephone number and email address at the top of the online shop or via the chat function. Out-of-hours enquiries are usually answered within 24 hours. It is also possible to visit us outside working days or office hours. However, an appointment must be made in advance.<\/p>\n<h2>Would you like to visit our showroom?<\/h2>\n<p>Would you prefer to see Saeyang M40Es Headed To The Marathon Nail Drill or browse through our (online) shop offer together with our colleague? Then visit our showroom with more than 1000m\u00b2 of salon equipment and let yourself be inspired by our employees. Also if you like to get to know us pleasantly over a cup of coffee or tea, you are very welcome. We do not have all products in stock, so please let us know in advance that you would like to come. Always make an appointment in advance.<\/p>\n<h2>14 days of reflection and our return policy<\/h2>\n<p>Of course it may happen that Saeyang M40Es Heads To Marathon Nail Drill delivered is not completely to your liking and you want to return it. That is no problem at Salon For All. You must notify your return within 14 working days via info@salonforall.es. You will then first receive all return instructions and conditions. Please note that Saeyang M40Es Heads To Marathon Nail Drill must not have been used, must contain all supplied parts and must be returned in the original packaging. The shipping costs for a return are always at the expense of the buyer on purchases via www.salonforall.es. You must arrange transport yourself with a carrier of your choice for a return. Once Saeyang M40Es Heads To Marathon Nail Drill has been returned, it will be checked for completeness and possible damage. Once the return has been approved, the purchase amount will be refunded within 5 working days to the bank account we have on record.<\/p>\n<h2>Who is Salon For All?<\/h2>\n<p>Salon For All is THE wholesaler for all salon equipment in Europe. Salon For All started in 2003 under the name Salonvoordeel and grew out of practice. The owners of Salon For All were experienced hairdressers and beauty specialists and have together more than 30 years of practical experience. In 2003 we launched Salonvoordeel.nl (Netherlands) and subsequently Salon For All was founded for the European market. Some of our employees started their own business and so the idea to launch a functional online shop for hairdressers and to help them with the equipment of their salon was born.<\/p>\n<p>Our showroom is located in Dinxperlo, directly on the border between the Netherlands and Germany. With our extensive experience in the industry we can serve as a mirror and provide you with the right advice - we speak the same language! We advise, inspire, motivate and support you in the acquisition of Saeyang M40Es Goes To The Marathon Nail Drill. Our suppliers are located all over Europe, from Germany, England, Italy to Poland.<\/p>","protected":false},"excerpt":{"rendered":"<p>The Saeyang M40Es Addresses Marathon Nail Drill is a high quality solution for any salon. The estimated delivery time is approximately 6 working days.<\/p>","protected":false},"featured_media":5193,"comment_status":"open","ping_status":"open","template":"","meta":[],"product_brand":[170],"product_cat":[171],"product_tag":[172],"class_list":{"0":"post-5192","1":"product","2":"type-product","3":"status-publish","4":"has-post-thumbnail","6":"product_brand-saeyang","7":"product_cat-repuestos-y-accesorios","8":"product_tag-repuestos-y-accesorios","9":"pa_codigo-ean-7759","10":"pa_garantia-12-meses","11":"pa_marca-saeyang","12":"pa_numero-de-articulo-1604","13":"pa_tiempo-estimado-de-entrega-4-5-dias-laborables","15":"first","16":"instock","17":"sale","18":"taxable","19":"shipping-taxable","20":"purchasable","21":"product-type-simple"},"yoast_head":"<!-- This site is optimized with the Yoast SEO plugin v27.6 - https:\/\/yoast.com\/product\/yoast-seo-wordpress\/ -->\n<title>Saeyang M40Es Se Dirige Al Perforador De U\u00f1as Marat\u00f3n comprar<\/title>\n<meta name=\"description\" content=\"Compra Saeyang M40Es Se Dirige Al Perforador De U\u00f1as Marat\u00f3n online o en el showroom en Salon For ALL Espa\u00f1a. El mayorista para salones, consultas y spas en Espa\u00f1a y Portugal.\" \/>\n<meta name=\"robots\" content=\"index, follow, max-snippet:-1, max-image-preview:large, max-video-preview:-1\" \/>\n<link rel=\"canonical\" href=\"https:\/\/salonforall.es\/en\/saeyang-m40es-heads-to-the-marathon-driller\/\" \/>\n<meta property=\"og:locale\" content=\"en_GB\" \/>\n<meta property=\"og:type\" content=\"article\" \/>\n<meta property=\"og:title\" content=\"Saeyang M40Es Se Dirige Al Perforador De U\u00f1as Marat\u00f3n\" \/>\n<meta property=\"og:description\" content=\"Compra Saeyang M40Es Se Dirige Al Perforador De U\u00f1as Marat\u00f3n online o en el showroom en Salon For ALL Espa\u00f1a. El mayorista para salones, consultas y spas en Espa\u00f1a y Portugal.\" \/>\n<meta property=\"og:url\" content=\"https:\/\/salonforall.es\/en\/saeyang-m40es-heads-to-the-marathon-driller\/\" \/>\n<meta property=\"og:site_name\" content=\"Salon For ALL Espa\u00f1a\" \/>\n<meta property=\"article:modified_time\" content=\"2026-03-24T15:21:49+00:00\" \/>\n<meta property=\"og:image\" content=\"https:\/\/salonforall.es\/wp-content\/uploads\/2025\/12\/Saeyang-M40Es-Se-Dirige-Al-Perforador-De-Unas-Maraton.jpg\" \/>\n\t<meta property=\"og:image:width\" content=\"800\" \/>\n\t<meta property=\"og:image:height\" content=\"800\" \/>\n\t<meta property=\"og:image:type\" content=\"image\/jpeg\" \/>\n<meta name=\"twitter:card\" content=\"summary_large_image\" \/>\n<meta name=\"twitter:title\" content=\"Saeyang M40Es Se Dirige Al Perforador De U\u00f1as Marat\u00f3n\" \/>\n<meta name=\"twitter:label1\" content=\"Estimated reading time\" \/>\n\t<meta name=\"twitter:data1\" content=\"7 minutes\" \/>\n<script type=\"application\/ld+json\" class=\"yoast-schema-graph\">{\"@context\":\"https:\\\/\\\/schema.org\",\"@graph\":[{\"@type\":\"WebPage\",\"@id\":\"https:\\\/\\\/salonforall.es\\\/saeyang-m40es-se-dirige-al-perforador-de-unas-maraton\\\/\",\"url\":\"https:\\\/\\\/salonforall.es\\\/saeyang-m40es-se-dirige-al-perforador-de-unas-maraton\\\/\",\"name\":\"Saeyang M40Es Se Dirige Al Perforador De U\u00f1as Marat\u00f3n comprar\",\"isPartOf\":{\"@id\":\"https:\\\/\\\/salonforall.es\\\/#website\"},\"primaryImageOfPage\":{\"@id\":\"https:\\\/\\\/salonforall.es\\\/saeyang-m40es-se-dirige-al-perforador-de-unas-maraton\\\/#primaryimage\"},\"image\":{\"@id\":\"https:\\\/\\\/salonforall.es\\\/saeyang-m40es-se-dirige-al-perforador-de-unas-maraton\\\/#primaryimage\"},\"thumbnailUrl\":\"https:\\\/\\\/salonforall.es\\\/wp-content\\\/uploads\\\/2025\\\/12\\\/Saeyang-M40Es-Se-Dirige-Al-Perforador-De-Unas-Maraton.jpg\",\"datePublished\":\"2025-12-02T11:14:44+00:00\",\"dateModified\":\"2026-03-24T15:21:49+00:00\",\"description\":\"Compra Saeyang M40Es Se Dirige Al Perforador De U\u00f1as Marat\u00f3n online o en el showroom en Salon For ALL Espa\u00f1a. El mayorista para salones, consultas y spas en Espa\u00f1a y Portugal.\",\"breadcrumb\":{\"@id\":\"https:\\\/\\\/salonforall.es\\\/saeyang-m40es-se-dirige-al-perforador-de-unas-maraton\\\/#breadcrumb\"},\"inLanguage\":\"en-GB\",\"potentialAction\":[{\"@type\":\"ReadAction\",\"target\":[\"https:\\\/\\\/salonforall.es\\\/saeyang-m40es-se-dirige-al-perforador-de-unas-maraton\\\/\"]}]},{\"@type\":\"ImageObject\",\"inLanguage\":\"en-GB\",\"@id\":\"https:\\\/\\\/salonforall.es\\\/saeyang-m40es-se-dirige-al-perforador-de-unas-maraton\\\/#primaryimage\",\"url\":\"https:\\\/\\\/salonforall.es\\\/wp-content\\\/uploads\\\/2025\\\/12\\\/Saeyang-M40Es-Se-Dirige-Al-Perforador-De-Unas-Maraton.jpg\",\"contentUrl\":\"https:\\\/\\\/salonforall.es\\\/wp-content\\\/uploads\\\/2025\\\/12\\\/Saeyang-M40Es-Se-Dirige-Al-Perforador-De-Unas-Maraton.jpg\",\"width\":800,\"height\":800,\"caption\":\"Saeyang M40Es Se Dirige Al Perforador De U\u00f1as Marat\u00f3n\"},{\"@type\":\"BreadcrumbList\",\"@id\":\"https:\\\/\\\/salonforall.es\\\/saeyang-m40es-se-dirige-al-perforador-de-unas-maraton\\\/#breadcrumb\",\"itemListElement\":[{\"@type\":\"ListItem\",\"position\":1,\"name\":\"Home\",\"item\":\"https:\\\/\\\/salonforall.es\\\/\"},{\"@type\":\"ListItem\",\"position\":2,\"name\":\"Winkel\",\"item\":\"https:\\\/\\\/salonforall.es\\\/winkel\\\/\"},{\"@type\":\"ListItem\",\"position\":3,\"name\":\"Saeyang M40Es Se Dirige Al Perforador De U\u00f1as Marat\u00f3n\"}]},{\"@type\":\"WebSite\",\"@id\":\"https:\\\/\\\/salonforall.es\\\/#website\",\"url\":\"https:\\\/\\\/salonforall.es\\\/\",\"name\":\"Salon For ALL Espa\u00f1a\",\"description\":\"Mayorista de mobiliario y suministros para consultorios y salones\",\"publisher\":{\"@id\":\"https:\\\/\\\/salonforall.es\\\/#organization\"},\"potentialAction\":[{\"@type\":\"SearchAction\",\"target\":{\"@type\":\"EntryPoint\",\"urlTemplate\":\"https:\\\/\\\/salonforall.es\\\/?s={search_term_string}\"},\"query-input\":{\"@type\":\"PropertyValueSpecification\",\"valueRequired\":true,\"valueName\":\"search_term_string\"}}],\"inLanguage\":\"en-GB\"},{\"@type\":\"Organization\",\"@id\":\"https:\\\/\\\/salonforall.es\\\/#organization\",\"name\":\"Salon For All B.V. Espa\u00f1a\",\"alternateName\":\"Salon For All B.V. Espa\u00f1a - Mayorista de equipamiento para consultas, salones y suministros\",\"url\":\"https:\\\/\\\/salonforall.es\\\/\",\"logo\":{\"@type\":\"ImageObject\",\"inLanguage\":\"en-GB\",\"@id\":\"https:\\\/\\\/salonforall.es\\\/#\\\/schema\\\/logo\\\/image\\\/\",\"url\":\"https:\\\/\\\/salonforall.es\\\/wp-content\\\/uploads\\\/2025\\\/11\\\/logo-salon-for-all-e1764543185849.png\",\"contentUrl\":\"https:\\\/\\\/salonforall.es\\\/wp-content\\\/uploads\\\/2025\\\/11\\\/logo-salon-for-all-e1764543185849.png\",\"width\":500,\"height\":150,\"caption\":\"Salon For All B.V. Espa\u00f1a\"},\"image\":{\"@id\":\"https:\\\/\\\/salonforall.es\\\/#\\\/schema\\\/logo\\\/image\\\/\"}}]}<\/script>\n<!-- \/ Yoast SEO plugin. -->","yoast_head_json":{"title":"Saeyang M40E's Headed To Marathon Nail Drill Buy","description":"Buy Saeyang M40Es Headed To Marathon Nail Drill online or in the showroom at Salon For ALL Spain. The wholesaler for salons, practices and spas in Spain and Portugal.","robots":{"index":"index","follow":"follow","max-snippet":"max-snippet:-1","max-image-preview":"max-image-preview:large","max-video-preview":"max-video-preview:-1"},"canonical":"https:\/\/salonforall.es\/en\/saeyang-m40es-heads-to-the-marathon-driller\/","og_locale":"en_GB","og_type":"article","og_title":"Saeyang M40Es Se Dirige Al Perforador De U\u00f1as Marat\u00f3n","og_description":"Compra Saeyang M40Es Se Dirige Al Perforador De U\u00f1as Marat\u00f3n online o en el showroom en Salon For ALL Espa\u00f1a. El mayorista para salones, consultas y spas en Espa\u00f1a y Portugal.","og_url":"https:\/\/salonforall.es\/en\/saeyang-m40es-heads-to-the-marathon-driller\/","og_site_name":"Salon For ALL Espa\u00f1a","article_modified_time":"2026-03-24T15:21:49+00:00","og_image":[{"width":800,"height":800,"url":"https:\/\/salonforall.es\/wp-content\/uploads\/2025\/12\/Saeyang-M40Es-Se-Dirige-Al-Perforador-De-Unas-Maraton.jpg","type":"image\/jpeg"}],"twitter_card":"summary_large_image","twitter_title":"Saeyang M40Es Se Dirige Al Perforador De U\u00f1as Marat\u00f3n","twitter_misc":{"Estimated reading time":"7 minutes"},"schema":{"@context":"https:\/\/schema.org","@graph":[{"@type":"WebPage","@id":"https:\/\/salonforall.es\/saeyang-m40es-se-dirige-al-perforador-de-unas-maraton\/","url":"https:\/\/salonforall.es\/saeyang-m40es-se-dirige-al-perforador-de-unas-maraton\/","name":"Saeyang M40E's Headed To Marathon Nail Drill Buy","isPartOf":{"@id":"https:\/\/salonforall.es\/#website"},"primaryImageOfPage":{"@id":"https:\/\/salonforall.es\/saeyang-m40es-se-dirige-al-perforador-de-unas-maraton\/#primaryimage"},"image":{"@id":"https:\/\/salonforall.es\/saeyang-m40es-se-dirige-al-perforador-de-unas-maraton\/#primaryimage"},"thumbnailUrl":"https:\/\/salonforall.es\/wp-content\/uploads\/2025\/12\/Saeyang-M40Es-Se-Dirige-Al-Perforador-De-Unas-Maraton.jpg","datePublished":"2025-12-02T11:14:44+00:00","dateModified":"2026-03-24T15:21:49+00:00","description":"Buy Saeyang M40Es Headed To Marathon Nail Drill online or in the showroom at Salon For ALL Spain. The wholesaler for salons, practices and spas in Spain and Portugal.","breadcrumb":{"@id":"https:\/\/salonforall.es\/saeyang-m40es-se-dirige-al-perforador-de-unas-maraton\/#breadcrumb"},"inLanguage":"en-GB","potentialAction":[{"@type":"ReadAction","target":["https:\/\/salonforall.es\/saeyang-m40es-se-dirige-al-perforador-de-unas-maraton\/"]}]},{"@type":"ImageObject","inLanguage":"en-GB","@id":"https:\/\/salonforall.es\/saeyang-m40es-se-dirige-al-perforador-de-unas-maraton\/#primaryimage","url":"https:\/\/salonforall.es\/wp-content\/uploads\/2025\/12\/Saeyang-M40Es-Se-Dirige-Al-Perforador-De-Unas-Maraton.jpg","contentUrl":"https:\/\/salonforall.es\/wp-content\/uploads\/2025\/12\/Saeyang-M40Es-Se-Dirige-Al-Perforador-De-Unas-Maraton.jpg","width":800,"height":800,"caption":"Saeyang M40Es Se Dirige Al Perforador De U\u00f1as Marat\u00f3n"},{"@type":"BreadcrumbList","@id":"https:\/\/salonforall.es\/saeyang-m40es-se-dirige-al-perforador-de-unas-maraton\/#breadcrumb","itemListElement":[{"@type":"ListItem","position":1,"name":"Home","item":"https:\/\/salonforall.es\/"},{"@type":"ListItem","position":2,"name":"Winkel","item":"https:\/\/salonforall.es\/winkel\/"},{"@type":"ListItem","position":3,"name":"Saeyang M40Es Se Dirige Al Perforador De U\u00f1as Marat\u00f3n"}]},{"@type":"WebSite","@id":"https:\/\/salonforall.es\/#website","url":"https:\/\/salonforall.es\/","name":"Salon For ALL Spain","description":"Wholesaler of salon and practice furniture and supplies","publisher":{"@id":"https:\/\/salonforall.es\/#organization"},"potentialAction":[{"@type":"SearchAction","target":{"@type":"EntryPoint","urlTemplate":"https:\/\/salonforall.es\/?s={search_term_string}"},"query-input":{"@type":"PropertyValueSpecification","valueRequired":true,"valueName":"search_term_string"}}],"inLanguage":"en-GB"},{"@type":"Organization","@id":"https:\/\/salonforall.es\/#organization","name":"Salon For All B.V. Spain","alternateName":"Salon For All B.V. Espa\u00f1a - Mayorista de equipamiento para consultas, salones y suministros","url":"https:\/\/salonforall.es\/","logo":{"@type":"ImageObject","inLanguage":"en-GB","@id":"https:\/\/salonforall.es\/#\/schema\/logo\/image\/","url":"https:\/\/salonforall.es\/wp-content\/uploads\/2025\/11\/logo-salon-for-all-e1764543185849.png","contentUrl":"https:\/\/salonforall.es\/wp-content\/uploads\/2025\/11\/logo-salon-for-all-e1764543185849.png","width":500,"height":150,"caption":"Salon For All B.V. Espa\u00f1a"},"image":{"@id":"https:\/\/salonforall.es\/#\/schema\/logo\/image\/"}}]}},"_links":{"self":[{"href":"https:\/\/salonforall.es\/en\/wp-json\/wp\/v2\/product\/5192","targetHints":{"allow":["GET"]}}],"collection":[{"href":"https:\/\/salonforall.es\/en\/wp-json\/wp\/v2\/product"}],"about":[{"href":"https:\/\/salonforall.es\/en\/wp-json\/wp\/v2\/types\/product"}],"replies":[{"embeddable":true,"href":"https:\/\/salonforall.es\/en\/wp-json\/wp\/v2\/comments?post=5192"}],"wp:featuredmedia":[{"embeddable":true,"href":"https:\/\/salonforall.es\/en\/wp-json\/wp\/v2\/media\/5193"}],"wp:attachment":[{"href":"https:\/\/salonforall.es\/en\/wp-json\/wp\/v2\/media?parent=5192"}],"wp:term":[{"taxonomy":"product_brand","embeddable":true,"href":"https:\/\/salonforall.es\/en\/wp-json\/wp\/v2\/product_brand?post=5192"},{"taxonomy":"product_cat","embeddable":true,"href":"https:\/\/salonforall.es\/en\/wp-json\/wp\/v2\/product_cat?post=5192"},{"taxonomy":"product_tag","embeddable":true,"href":"https:\/\/salonforall.es\/en\/wp-json\/wp\/v2\/product_tag?post=5192"}],"curies":[{"name":"wp","href":"https:\/\/api.w.org\/{rel}","templated":true}]}}