{"id":4754,"date":"2025-12-02T12:10:49","date_gmt":"2025-12-02T11:10:49","guid":{"rendered":"https:\/\/salonforall.es\/product\/quitamanchas-profesional-xpreen-electrocoagulador\/"},"modified":"2026-02-04T22:49:18","modified_gmt":"2026-02-04T21:49:18","slug":"quitamanchas-profesional-xpreen-electrocoagulador","status":"publish","type":"product","link":"https:\/\/salonforall.es\/en\/quitamanchas-profesional-xpreen-electrocoagulador\/","title":{"rendered":"Xpreen Professional Stain Remover - Electrocoagulator"},"content":{"rendered":"<h2>Informaci\u00f3n sobre Quitamanchas Profesional Xpreen &#8211; Electrocoagulador con n\u00famero de art\u00edculo 125952<\/h2>\n<div>El quitamanchas profesional xpreen utiliza tecnolog\u00eda alemana avanzada de sexta generaci\u00f3n. Es f\u00e1cil de manejar y eficaz de usar. El dispositivo se utiliza para eliminar, por ejemplo, tatuajes, cicatrices, verrugas o fibromas. <\/div>\n<div>tiene 8 niveles de intensidad, solo presione el bot\u00f3n de encendido para seleccionar los niveles. El cabezal est\u00e1 perforado con un diodo LED que ayuda a apuntar con precisi\u00f3n al punto. La pantalla LCD muestra el nivel de bater\u00eda y el nivel de trabajo. Dise\u00f1o aerodin\u00e1mico para una apariencia elegante. <\/p>\n<p> especificaciones: <br \/> material: abs + aguja de acero <br \/> capacidad de la bater\u00eda: 800 mah 3,7 v <br \/> corriente de entrada: 5 v \/ 1 a <br \/> potencia de salida: m\u00e1x. 5 w <\/div>\n<div> tama\u00f1o del producto: 182 * 26 * 26 mm <br \/> peso del producto: 75 g <br \/> tama\u00f1o del paquete: 194 * 96 * 36 mm <br \/> peso del paquete: 195 g <\/div>\n<div> <\/div>\n<div> <span> nos gustar\u00eda informarle que, de conformidad con el art. 38, punto 5 de la Ley de derechos del consumidor, debido a la protecci\u00f3n de la salud y la higiene, el derecho a desistir de un contrato a distancia no se aplica a los productos entregados en un embalaje sellado, si el embalaje se ha abierto despu\u00e9s de la entrega. <\/span> <\/div>\n<div> <\/div>\n<div> the kit includes: <br \/> &#8211; bol\u00edgrafo <\/div>\n<div> &#8211; 10 piezas. Agujas finas + mango <br \/> &#8211; 3 piezas de agujas gruesas (incluye una cubierta de aguja adicional) <\/div>\n<div> &#8211; cable USB <br \/> &#8211; manual de usuario <\/div>\n<div> Inicio del dispositivo: <br \/> 1. Ensamble la aguja gir\u00e1ndola en el sentido de las agujas del reloj. <br \/> 2. Encendido\/apagado: presione el bot\u00f3n de encendido durante 2 segundos para encender\/apagar. La pantalla LCD muestra el indicador y el nivel de la bater\u00eda. <br \/> 3. Seleccionar niveles: presione brevemente el bot\u00f3n de encendido para configurar el nivel del 1 al 8.<\/p>\n<p>Los productos Activeshop son proporcionalmente m\u00e1s econ\u00f3micos que muchas otras marcas\/proveedores. El precio est\u00e1 en relaci\u00f3n con la calidad. Quitamanchas Profesional Xpreen &#8211; Electrocoagulador es por lo tanto una soluci\u00f3n accesible para su sal\u00f3n.<\/p>\n<h2>\u00bfC\u00f3mo se entrega Quitamanchas Profesional Xpreen &#8211; Electrocoagulador?<\/h2>\n<p>Quitamanchas Profesional Xpreen &#8211; Electrocoagulador se entrega en embalaje(s) original(es). Dentro de Espa\u00f1a el env\u00edo de Quitamanchas Profesional Xpreen &#8211; Electrocoagulador es completamente gratuito para pedidos a partir de 100,- euros. Para env\u00edos a otros pa\u00edses se aplican tarifas de env\u00edo separadas. Puede consultar estas tarifas con nosotros o verlas en el carrito de compra. Quitamanchas Profesional Xpreen &#8211; Electrocoagulador se env\u00eda a trav\u00e9s de un servicio de mensajer\u00eda externo.<\/p>\n<p>Packages or pallets are delivered as standard up to the front door threshold, even if you are located in a collective building, apartment building or apartment complex with a lift (provided the item fits in the lift). No lift available or item does not fit in the lift? Then we deliver up to the threshold of the ground floor.<\/p>\n<p>Do you still have questions about delivery or a special situation? Contact us and we will be happy to help you!<\/p>\n<p>*Items are not unpacked or assembled as standard. In special situations you can contact us to make arrangements.<\/p>\n<h2>Secure online shopping at Salon For All with the Webwinkelkeur seal of quality and SSL encryption.<\/h2>\n<p>Es importante para nosotros que nuestros clientes puedan comprar de forma segura en nuestra tienda online. Estamos afiliados al sello de calidad nacional Webwinkelkeur desde 2019. Nuestra identidad ha sido verificada y comprobada por ellos, y la tienda online ha sido revisada y aprobada legalmente. Adem\u00e1s, nuestra tienda online est\u00e1 afiliada a ellos para la mediaci\u00f3n de conflictos. Puede ver la insignia con toda la informaci\u00f3n de este sello de calidad de tienda online en el lado izquierdo o derecho de la tienda online (bot\u00f3n rosa con blanco). Adem\u00e1s, nuestro sitio est\u00e1 protegido con un certificado SSL para que pueda navegar de forma segura con nosotros. En la barra de su navegador de Internet, donde aparece nuestro sitio web, ver\u00e1 un icono de candado. Si hace clic en el candado, obtendr\u00e1 toda la informaci\u00f3n sobre nuestra seguridad. De esta manera sabe que su pedido de Quitamanchas Profesional Xpreen &#8211; Electrocoagulador y sus datos personales se procesan de forma segura.<\/p>\n<h2>\u00bfC\u00f3mo puedo pagar Quitamanchas Profesional Xpreen &#8211; Electrocoagulador?<\/h2>\n<p>We want to make it as easy as possible for you. That's why at Salon For All you can pay with all popular payment methods. Pay in advance, on delivery or afterwards - everything is possible. See here for all the payment methods we offer:<\/p>\n<ul>\n<li>iDEAL<\/li>\n<li>Credit card (Visa, Mastercard, American Express)<\/li>\n<li>Klarna - Payment on delivery with invoice<\/li>\n<li>PayPal<\/li>\n<li>Apple Pay<\/li>\n<li>Google Pay<\/li>\n<li>Bizum (for Spanish customers)<\/li>\n<li>SEPA bank transfer<\/li>\n<li>Bancontact<\/li>\n<li>Commercial invoice for companies<\/li>\n<li>Payment in the showroom - Both card and cash (Only available on collection)<\/li>\n<\/ul>\n<h2>See also reviews of Salon For All<\/h2>\n<p>Consulte tambi\u00e9n nuestras rese\u00f1as para tener en cuenta las experiencias de nuestros clientes actuales en su decisi\u00f3n de pedir Quitamanchas Profesional Xpreen &#8211; Electrocoagulador con nosotros. A trav\u00e9s de nuestro sello de calidad independiente de tienda online Webwinkelkeur, se recopilan autom\u00e1ticamente rese\u00f1as verificadas de clientes que han completado un pedido con nosotros. Puede encontrarlas detr\u00e1s del bot\u00f3n rosa en nuestra tienda online o aparecen listadas debajo de los productos.<\/p>\n<p>\u00a1Comparta tambi\u00e9n su experiencia despu\u00e9s de su compra con su Quitamanchas Profesional Xpreen &#8211; Electrocoagulador pedido y su experiencia con el proceso de compra o el contacto con Salon For All para inspirar a otros!<\/p>\n<h2>Contact Salon For All<\/h2>\n<p>Cont\u00e1ctenos entonces. Estaremos encantados de ayudarle con la adquisici\u00f3n de Quitamanchas Profesional Xpreen &#8211; Electrocoagulador. En d\u00edas laborables estamos mejor disponibles entre las 8.30 y las 17.00 horas a trav\u00e9s del n\u00famero de tel\u00e9fono y direcci\u00f3n de correo electr\u00f3nico en la parte superior de la tienda online o a trav\u00e9s de la funci\u00f3n de chat. Las consultas fuera del horario de oficina suelen responderse en un plazo de 24 horas. Tambi\u00e9n es posible visitarnos fuera de los d\u00edas laborables u horario de oficina. Pero para ello es necesario concertar una cita previa.<\/p>\n<h2>Would you like to visit our showroom?<\/h2>\n<p>\u00bfPrefiere ver Quitamanchas Profesional Xpreen &#8211; Electrocoagulador o recorrer nuestra oferta de la tienda (online) junto con nuestro colega? Entonces visite nuestro showroom con m\u00e1s de 1000m\u00b2 de equipamiento para salones y d\u00e9jese inspirar por nuestros empleados. Tambi\u00e9n si le gusta conocernos de manera agradable disfrutando de una buena taza de caf\u00e9 o t\u00e9, es muy bienvenido. No tenemos todos los productos en stock, as\u00ed que h\u00e1ganos saber de antemano que desea venir. Concierte siempre una cita previa.<\/p>\n<h2>14 days of reflection and our return policy<\/h2>\n<p>Por supuesto puede ocurrir que Quitamanchas Profesional Xpreen &#8211; Electrocoagulador entregado no sea completamente de su agrado y desee devolverlo. Eso no es ning\u00fan problema en Salon For All. Debe notificar su devoluci\u00f3n dentro de 14 d\u00edas laborables a trav\u00e9s de info@salonforall.es. Entonces recibir\u00e1 primero todas las instrucciones y condiciones de devoluci\u00f3n. Tenga en cuenta que Quitamanchas Profesional Xpreen &#8211; Electrocoagulador no debe haber sido usado, debe contener todas las partes suministradas y debe devolverse empaquetado en el embalaje original. Los costos de env\u00edo de una devoluci\u00f3n son siempre a cargo del comprador en compras a trav\u00e9s de www.salonforall.es. Debe organizar usted mismo un transporte con una empresa de transporte de su elecci\u00f3n para una devoluci\u00f3n. Una vez que Quitamanchas Profesional Xpreen &#8211; Electrocoagulador haya sido devuelto, se verificar\u00e1 su integridad y posibles da\u00f1os. Una vez que la devoluci\u00f3n haya sido aprobada, el importe de la compra se reembolsar\u00e1 dentro de 5 d\u00edas laborables a la cuenta bancaria que tenemos registrada.<\/p>\n<h2>Who is Salon For All?<\/h2>\n<p>Salon For All is THE wholesaler for all salon equipment in Europe. Salon For All started in 2003 under the name Salonvoordeel and grew out of practice. The owners of Salon For All were experienced hairdressers and beauty specialists and have together more than 30 years of practical experience. In 2003 we launched Salonvoordeel.nl (Netherlands) and subsequently Salon For All was founded for the European market. Some of our employees started their own business and so the idea to launch a functional online shop for hairdressers and to help them with the equipment of their salon was born.<\/p>\n<p>Nuestro showroom se encuentra en Dinxperlo, directamente en la frontera entre los Pa\u00edses Bajos y Alemania. Con nuestra amplia experiencia en el sector podemos servirle de espejo y proporcionarle el asesoramiento adecuado. \u00a1Hablamos el mismo idioma! Le asesoramos, inspiramos, motivamos y ayudamos en la adquisici\u00f3n de Quitamanchas Profesional Xpreen &#8211; Electrocoagulador. Nuestros proveedores se encuentran en toda Europa, desde Alemania, Inglaterra, Italia hasta Polonia.<\/p>","protected":false},"excerpt":{"rendered":"<p>El producto Quitamanchas Profesional Xpreen &#8211; Electrocoagulador es una soluci\u00f3n de alta calidad para cualquier sal\u00f3n. El plazo de entrega estimado es de aproximadamente 6 d\u00edas laborables.<\/p>","protected":false},"featured_media":4755,"comment_status":"open","ping_status":"open","template":"","meta":[],"product_brand":[1400],"product_cat":[855,856,857],"product_tag":[858,859,860],"class_list":{"0":"post-4754","1":"product","2":"type-product","3":"status-publish","4":"has-post-thumbnail","6":"product_brand-xpreen","7":"product_cat-aparatos-cosmeticos","8":"product_cat-aparatos-profesionales","9":"product_cat-equipos-para-la-oficina","10":"product_tag-aparatos-cosmeticos","11":"product_tag-aparatos-profesionales","12":"product_tag-equipos-para-la-oficina","13":"pa_codigo-ean-7759","14":"pa_garantia-12-meses","15":"pa_marca-xpreen","16":"pa_numero-de-articulo-1397","17":"pa_tiempo-estimado-de-entrega-4-5-dias-laborables","19":"first","20":"instock","21":"sale","22":"taxable","23":"shipping-taxable","24":"purchasable","25":"product-type-simple"},"yoast_head":"<!-- This site is optimized with the Yoast SEO plugin v27.6 - https:\/\/yoast.com\/product\/yoast-seo-wordpress\/ -->\n<title>Quitamanchas Profesional Xpreen - Electrocoagulador comprar<\/title>\n<meta name=\"description\" content=\"Compra Quitamanchas Profesional Xpreen - Electrocoagulador online o en el showroom en Salon For ALL Espa\u00f1a. El mayorista para salones, consultas y spas en Espa\u00f1a y Portugal.\" \/>\n<meta name=\"robots\" content=\"index, follow, max-snippet:-1, max-image-preview:large, max-video-preview:-1\" \/>\n<link rel=\"canonical\" href=\"https:\/\/salonforall.es\/en\/quitamanchas-profesional-xpreen-electrocoagulador\/\" \/>\n<meta property=\"og:locale\" content=\"en_GB\" \/>\n<meta property=\"og:type\" content=\"article\" \/>\n<meta property=\"og:title\" content=\"Quitamanchas Profesional Xpreen - Electrocoagulador\" \/>\n<meta property=\"og:description\" content=\"Compra Quitamanchas Profesional Xpreen - Electrocoagulador online o en el showroom en Salon For ALL Espa\u00f1a. El mayorista para salones, consultas y spas en Espa\u00f1a y Portugal.\" \/>\n<meta property=\"og:url\" content=\"https:\/\/salonforall.es\/en\/quitamanchas-profesional-xpreen-electrocoagulador\/\" \/>\n<meta property=\"og:site_name\" content=\"Salon For ALL Espa\u00f1a\" \/>\n<meta property=\"article:modified_time\" content=\"2026-02-04T21:49:18+00:00\" \/>\n<meta property=\"og:image\" content=\"https:\/\/salonforall.es\/wp-content\/uploads\/2025\/12\/Quitamanchas-Profesional-Xpreen-Electrocoagulador.jpg\" \/>\n\t<meta property=\"og:image:width\" content=\"800\" \/>\n\t<meta property=\"og:image:height\" content=\"800\" \/>\n\t<meta property=\"og:image:type\" content=\"image\/jpeg\" \/>\n<meta name=\"twitter:card\" content=\"summary_large_image\" \/>\n<meta name=\"twitter:title\" content=\"Quitamanchas Profesional Xpreen - Electrocoagulador\" \/>\n<meta name=\"twitter:label1\" content=\"Estimated reading time\" \/>\n\t<meta name=\"twitter:data1\" content=\"7 minutes\" \/>\n<script type=\"application\/ld+json\" class=\"yoast-schema-graph\">{\"@context\":\"https:\\\/\\\/schema.org\",\"@graph\":[{\"@type\":\"WebPage\",\"@id\":\"https:\\\/\\\/salonforall.es\\\/quitamanchas-profesional-xpreen-electrocoagulador\\\/\",\"url\":\"https:\\\/\\\/salonforall.es\\\/quitamanchas-profesional-xpreen-electrocoagulador\\\/\",\"name\":\"Quitamanchas Profesional Xpreen - Electrocoagulador comprar\",\"isPartOf\":{\"@id\":\"https:\\\/\\\/salonforall.es\\\/#website\"},\"primaryImageOfPage\":{\"@id\":\"https:\\\/\\\/salonforall.es\\\/quitamanchas-profesional-xpreen-electrocoagulador\\\/#primaryimage\"},\"image\":{\"@id\":\"https:\\\/\\\/salonforall.es\\\/quitamanchas-profesional-xpreen-electrocoagulador\\\/#primaryimage\"},\"thumbnailUrl\":\"https:\\\/\\\/salonforall.es\\\/wp-content\\\/uploads\\\/2025\\\/12\\\/Quitamanchas-Profesional-Xpreen-Electrocoagulador.jpg\",\"datePublished\":\"2025-12-02T11:10:49+00:00\",\"dateModified\":\"2026-02-04T21:49:18+00:00\",\"description\":\"Compra Quitamanchas Profesional Xpreen - Electrocoagulador online o en el showroom en Salon For ALL Espa\u00f1a. El mayorista para salones, consultas y spas en Espa\u00f1a y Portugal.\",\"breadcrumb\":{\"@id\":\"https:\\\/\\\/salonforall.es\\\/quitamanchas-profesional-xpreen-electrocoagulador\\\/#breadcrumb\"},\"inLanguage\":\"en-GB\",\"potentialAction\":[{\"@type\":\"ReadAction\",\"target\":[\"https:\\\/\\\/salonforall.es\\\/quitamanchas-profesional-xpreen-electrocoagulador\\\/\"]}]},{\"@type\":\"ImageObject\",\"inLanguage\":\"en-GB\",\"@id\":\"https:\\\/\\\/salonforall.es\\\/quitamanchas-profesional-xpreen-electrocoagulador\\\/#primaryimage\",\"url\":\"https:\\\/\\\/salonforall.es\\\/wp-content\\\/uploads\\\/2025\\\/12\\\/Quitamanchas-Profesional-Xpreen-Electrocoagulador.jpg\",\"contentUrl\":\"https:\\\/\\\/salonforall.es\\\/wp-content\\\/uploads\\\/2025\\\/12\\\/Quitamanchas-Profesional-Xpreen-Electrocoagulador.jpg\",\"width\":800,\"height\":800,\"caption\":\"Quitamanchas Profesional Xpreen - Electrocoagulador\"},{\"@type\":\"BreadcrumbList\",\"@id\":\"https:\\\/\\\/salonforall.es\\\/quitamanchas-profesional-xpreen-electrocoagulador\\\/#breadcrumb\",\"itemListElement\":[{\"@type\":\"ListItem\",\"position\":1,\"name\":\"Home\",\"item\":\"https:\\\/\\\/salonforall.es\\\/\"},{\"@type\":\"ListItem\",\"position\":2,\"name\":\"Winkel\",\"item\":\"https:\\\/\\\/salonforall.es\\\/winkel\\\/\"},{\"@type\":\"ListItem\",\"position\":3,\"name\":\"Quitamanchas Profesional Xpreen &#8211; Electrocoagulador\"}]},{\"@type\":\"WebSite\",\"@id\":\"https:\\\/\\\/salonforall.es\\\/#website\",\"url\":\"https:\\\/\\\/salonforall.es\\\/\",\"name\":\"Salon For ALL Espa\u00f1a\",\"description\":\"Mayorista de mobiliario y suministros para consultorios y salones\",\"publisher\":{\"@id\":\"https:\\\/\\\/salonforall.es\\\/#organization\"},\"potentialAction\":[{\"@type\":\"SearchAction\",\"target\":{\"@type\":\"EntryPoint\",\"urlTemplate\":\"https:\\\/\\\/salonforall.es\\\/?s={search_term_string}\"},\"query-input\":{\"@type\":\"PropertyValueSpecification\",\"valueRequired\":true,\"valueName\":\"search_term_string\"}}],\"inLanguage\":\"en-GB\"},{\"@type\":\"Organization\",\"@id\":\"https:\\\/\\\/salonforall.es\\\/#organization\",\"name\":\"Salon For All B.V. Espa\u00f1a\",\"alternateName\":\"Salon For All B.V. Espa\u00f1a - Mayorista de equipamiento para consultas, salones y suministros\",\"url\":\"https:\\\/\\\/salonforall.es\\\/\",\"logo\":{\"@type\":\"ImageObject\",\"inLanguage\":\"en-GB\",\"@id\":\"https:\\\/\\\/salonforall.es\\\/#\\\/schema\\\/logo\\\/image\\\/\",\"url\":\"https:\\\/\\\/salonforall.es\\\/wp-content\\\/uploads\\\/2025\\\/11\\\/logo-salon-for-all-e1764543185849.png\",\"contentUrl\":\"https:\\\/\\\/salonforall.es\\\/wp-content\\\/uploads\\\/2025\\\/11\\\/logo-salon-for-all-e1764543185849.png\",\"width\":500,\"height\":150,\"caption\":\"Salon For All B.V. Espa\u00f1a\"},\"image\":{\"@id\":\"https:\\\/\\\/salonforall.es\\\/#\\\/schema\\\/logo\\\/image\\\/\"}}]}<\/script>\n<!-- \/ Yoast SEO plugin. -->","yoast_head_json":{"title":"Quitamanchas Profesional Xpreen - Electrocoagulador comprar","description":"Compra Quitamanchas Profesional Xpreen - Electrocoagulador online o en el showroom en Salon For ALL Espa\u00f1a. El mayorista para salones, consultas y spas en Espa\u00f1a y Portugal.","robots":{"index":"index","follow":"follow","max-snippet":"max-snippet:-1","max-image-preview":"max-image-preview:large","max-video-preview":"max-video-preview:-1"},"canonical":"https:\/\/salonforall.es\/en\/quitamanchas-profesional-xpreen-electrocoagulador\/","og_locale":"en_GB","og_type":"article","og_title":"Quitamanchas Profesional Xpreen - Electrocoagulador","og_description":"Compra Quitamanchas Profesional Xpreen - Electrocoagulador online o en el showroom en Salon For ALL Espa\u00f1a. El mayorista para salones, consultas y spas en Espa\u00f1a y Portugal.","og_url":"https:\/\/salonforall.es\/en\/quitamanchas-profesional-xpreen-electrocoagulador\/","og_site_name":"Salon For ALL Espa\u00f1a","article_modified_time":"2026-02-04T21:49:18+00:00","og_image":[{"width":800,"height":800,"url":"https:\/\/salonforall.es\/wp-content\/uploads\/2025\/12\/Quitamanchas-Profesional-Xpreen-Electrocoagulador.jpg","type":"image\/jpeg"}],"twitter_card":"summary_large_image","twitter_title":"Quitamanchas Profesional Xpreen - Electrocoagulador","twitter_misc":{"Estimated reading time":"7 minutes"},"schema":{"@context":"https:\/\/schema.org","@graph":[{"@type":"WebPage","@id":"https:\/\/salonforall.es\/quitamanchas-profesional-xpreen-electrocoagulador\/","url":"https:\/\/salonforall.es\/quitamanchas-profesional-xpreen-electrocoagulador\/","name":"Quitamanchas Profesional Xpreen - Electrocoagulador comprar","isPartOf":{"@id":"https:\/\/salonforall.es\/#website"},"primaryImageOfPage":{"@id":"https:\/\/salonforall.es\/quitamanchas-profesional-xpreen-electrocoagulador\/#primaryimage"},"image":{"@id":"https:\/\/salonforall.es\/quitamanchas-profesional-xpreen-electrocoagulador\/#primaryimage"},"thumbnailUrl":"https:\/\/salonforall.es\/wp-content\/uploads\/2025\/12\/Quitamanchas-Profesional-Xpreen-Electrocoagulador.jpg","datePublished":"2025-12-02T11:10:49+00:00","dateModified":"2026-02-04T21:49:18+00:00","description":"Compra Quitamanchas Profesional Xpreen - Electrocoagulador online o en el showroom en Salon For ALL Espa\u00f1a. El mayorista para salones, consultas y spas en Espa\u00f1a y Portugal.","breadcrumb":{"@id":"https:\/\/salonforall.es\/quitamanchas-profesional-xpreen-electrocoagulador\/#breadcrumb"},"inLanguage":"en-GB","potentialAction":[{"@type":"ReadAction","target":["https:\/\/salonforall.es\/quitamanchas-profesional-xpreen-electrocoagulador\/"]}]},{"@type":"ImageObject","inLanguage":"en-GB","@id":"https:\/\/salonforall.es\/quitamanchas-profesional-xpreen-electrocoagulador\/#primaryimage","url":"https:\/\/salonforall.es\/wp-content\/uploads\/2025\/12\/Quitamanchas-Profesional-Xpreen-Electrocoagulador.jpg","contentUrl":"https:\/\/salonforall.es\/wp-content\/uploads\/2025\/12\/Quitamanchas-Profesional-Xpreen-Electrocoagulador.jpg","width":800,"height":800,"caption":"Quitamanchas Profesional Xpreen - Electrocoagulador"},{"@type":"BreadcrumbList","@id":"https:\/\/salonforall.es\/quitamanchas-profesional-xpreen-electrocoagulador\/#breadcrumb","itemListElement":[{"@type":"ListItem","position":1,"name":"Home","item":"https:\/\/salonforall.es\/"},{"@type":"ListItem","position":2,"name":"Winkel","item":"https:\/\/salonforall.es\/winkel\/"},{"@type":"ListItem","position":3,"name":"Quitamanchas Profesional Xpreen &#8211; Electrocoagulador"}]},{"@type":"WebSite","@id":"https:\/\/salonforall.es\/#website","url":"https:\/\/salonforall.es\/","name":"Salon For ALL Spain","description":"Wholesaler of salon and practice furniture and supplies","publisher":{"@id":"https:\/\/salonforall.es\/#organization"},"potentialAction":[{"@type":"SearchAction","target":{"@type":"EntryPoint","urlTemplate":"https:\/\/salonforall.es\/?s={search_term_string}"},"query-input":{"@type":"PropertyValueSpecification","valueRequired":true,"valueName":"search_term_string"}}],"inLanguage":"en-GB"},{"@type":"Organization","@id":"https:\/\/salonforall.es\/#organization","name":"Salon For All B.V. Spain","alternateName":"Salon For All B.V. Espa\u00f1a - Mayorista de equipamiento para consultas, salones y suministros","url":"https:\/\/salonforall.es\/","logo":{"@type":"ImageObject","inLanguage":"en-GB","@id":"https:\/\/salonforall.es\/#\/schema\/logo\/image\/","url":"https:\/\/salonforall.es\/wp-content\/uploads\/2025\/11\/logo-salon-for-all-e1764543185849.png","contentUrl":"https:\/\/salonforall.es\/wp-content\/uploads\/2025\/11\/logo-salon-for-all-e1764543185849.png","width":500,"height":150,"caption":"Salon For All B.V. Espa\u00f1a"},"image":{"@id":"https:\/\/salonforall.es\/#\/schema\/logo\/image\/"}}]}},"_links":{"self":[{"href":"https:\/\/salonforall.es\/en\/wp-json\/wp\/v2\/product\/4754","targetHints":{"allow":["GET"]}}],"collection":[{"href":"https:\/\/salonforall.es\/en\/wp-json\/wp\/v2\/product"}],"about":[{"href":"https:\/\/salonforall.es\/en\/wp-json\/wp\/v2\/types\/product"}],"replies":[{"embeddable":true,"href":"https:\/\/salonforall.es\/en\/wp-json\/wp\/v2\/comments?post=4754"}],"wp:featuredmedia":[{"embeddable":true,"href":"https:\/\/salonforall.es\/en\/wp-json\/wp\/v2\/media\/4755"}],"wp:attachment":[{"href":"https:\/\/salonforall.es\/en\/wp-json\/wp\/v2\/media?parent=4754"}],"wp:term":[{"taxonomy":"product_brand","embeddable":true,"href":"https:\/\/salonforall.es\/en\/wp-json\/wp\/v2\/product_brand?post=4754"},{"taxonomy":"product_cat","embeddable":true,"href":"https:\/\/salonforall.es\/en\/wp-json\/wp\/v2\/product_cat?post=4754"},{"taxonomy":"product_tag","embeddable":true,"href":"https:\/\/salonforall.es\/en\/wp-json\/wp\/v2\/product_tag?post=4754"}],"curies":[{"name":"wp","href":"https:\/\/api.w.org\/{rel}","templated":true}]}}