{"id":4335,"date":"2025-12-02T12:06:29","date_gmt":"2025-12-02T11:06:29","guid":{"rendered":"https:\/\/salonforall.es\/product\/syis-boligrafo-de-microagujas-05-plata-cosmeticos-syis\/"},"modified":"2026-03-24T16:11:23","modified_gmt":"2026-03-24T15:11:23","slug":"syis-micro-needle-roller-ball-pen-05-silver-syis-cosmetics","status":"publish","type":"product","link":"https:\/\/salonforall.es\/en\/syis-boligrafo-de-microagujas-05-plata-cosmeticos-syis\/","title":{"rendered":"Syis - Micro Needle Ballpoint Pen 05 Silver + Syis Cosmetics"},"content":{"rendered":"<h2>Information about Syis - Micro Needle Ballpoint Pen 05 Silver + Syis Cosmetics with article number 123900<\/h2>\n<div>\n<div> microneedle set + 10 moisturising and nourishing 3 ml ampoules <\/div>\n<div> <\/div>\n<div> microneedle pen <\/div>\n<div> <\/div>\n<div> is a modern device for mesotherapy with microneedles, used to regenerate the skin, remove wrinkles, treat scars and reduce stretch marks. The \u00abpen\u00bb regenerates, heals and reduces skin imperfections faster, more effectively and, at the same time, less painfully. It allows the introduction of active substances into the skin by puncturing it with pulsating needles. <\/div>\n<div> <\/div>\n<div> <u> What is the procedure? <\/u> <\/div>\n<div> <u > <\/u> <br \/> The microneedle pen stimulates the natural regenerative capacity of the human body. The \u00abpen\u00bb punctures the skin in a regulated manner, which activates its self-renewal processes, i.e. the multiplication of collagen and elastin. Its micro-needles penetrate to a depth of 2.5 mm, which also allows the absorption of active substances into the skin. Thanks to this, the skin regains a healthy and youthful appearance at an unprecedented rate. <\/div>\n<div> proven action <\/div>\n<div> <\/div>\n<div> the microneedle pen is: <br \/> - wrinkle smoothing <br \/> - skin regeneration <br \/> - acne scar reduction <br \/> - stretch mark removal <br \/> - scar reduction (reduction of skin imperfections) <br \/> - pore reduction <br \/> - prevention of alopecia <\/div>\n<div> <\/div>\n<div> the device works wirelessly and wired, the set includes a charger, two lithium batteries and a solid case visible in the pictures. it has 5 modes of operation with different frequency of punctures. <\/div>\n<div> <\/div>\n<div> <u> technical specification: <\/u> <br \/> - needles: 12 <br \/> - the device is made of steel <br \/> - Needle length adjustment range: 0.25 mm - 2.5 mm <br \/> - weight 56 g <br \/> - tapping frequency 6500-10000 rpm <\/div>\n<div> <\/div>\n<div>\n<div> 1. 6500r \/ m <br \/> 2. 7500r \/ m <br \/> 3. 8500r \/ m <br \/> 4. 9500r \/ m <br \/> 5. 10000r \/ m <\/div>\n<div> <\/div>\n<div> -5 frequency modes <br \/> - working time after charging: up to 3 hours <br \/> - German engine <br \/> - pen size: 12x18x155mm <br \/> -2 lithium batteries <br \/> - time needed to charge the battery: 75 min <br \/> - CE certified device <br \/> - warranty period 12 months. <\/div>\n<div> <\/div>\n<div> <\/div>\n<div>\n<div>\n<div> 10 moisturising and nourishing 3 ml ampoules <\/div>\n<div> for dry and tight skin requiring hydration, nourishment and smoothing. Thanks to the panthenol content, the ampoules effectively soothe any changes and accelerate the regeneration of damaged epidermis. Collagen together with hyaluronic acid and milk proteins are responsible for proper hydration of the skin, strengthen the hydrolipidic layer and support nmf, a natural moisturising factor. The skin becomes elastic and radiant. A properly hydrated and nourished skin absorbs nutrients much better. <\/div>\n<div> <\/div>\n<div> the kit includes a 1 piece device. + a pack of 10 ampoules of 3 ml<\/p>\n<p>Activeshop products are proportionally cheaper than many other brands\/suppliers. The price is in relation to the quality. Syis - Micro Needle Pen 05 Silver + Syis Cosmetics is therefore an affordable solution for your salon.<\/p>\n<h2>How is Syis - Micro Needle Pen 05 Silver + Syis Cosmetics delivered?<\/h2>\n<p>Syis - Micro Needle Ballpoint Pen 05 Silver + Syis Cosmetics is delivered in original packaging(s). Within Spain, the shipping of Syis - Micro Needle Ballpoint Pen 05 Silver + Syis Cosmetics is completely free of charge for orders over 100,- Euro. For shipments to other countries separate shipping rates apply. You can check these rates with us or view them in the shopping cart. Syis - Micro Needle Pen 05 Silver + Syis Cosmetics is shipped via an external courier service.<\/p>\n<p>Packages or pallets are delivered as standard up to the front door threshold, even if you are located in a collective building, apartment building or apartment complex with a lift (provided the item fits in the lift). No lift available or item does not fit in the lift? Then we deliver up to the threshold of the ground floor.<\/p>\n<p>Do you still have questions about delivery or a special situation? Contact us and we will be happy to help you!<\/p>\n<p>*Items are not unpacked or assembled as standard. In special situations you can contact us to make arrangements.<\/p>\n<h2>Secure online shopping at Salon For All with the Webwinkelkeur seal of quality and SSL encryption.<\/h2>\n<p>It is important to us that our customers can shop safely in our online shop. We have been affiliated with the national quality seal Webwinkelkeur since 2019. Our identity has been verified and checked by them, and the online shop has been checked and legally approved. Furthermore, our online shop is affiliated with them for conflict mediation. You can see the badge with all the information of this online shop quality seal on the left or right side of the online shop (pink button with white). In addition, our site is protected with an SSL certificate so that you can surf securely with us. In the bar of your Internet browser, where our website appears, you will see a padlock icon. If you click on the padlock, you will get all the information about our security. This way you know that your order for Syis - Micro Needle Pen 05 Silver + Syis Cosmetics and your personal data are processed securely.<\/p>\n<h2>How can I pay for Syis - Micro Needle Pen 05 Silver + Syis Cosmetics?<\/h2>\n<p>We want to make it as easy as possible for you. That's why at Salon For All you can pay with all popular payment methods. Pay in advance, on delivery or afterwards - everything is possible. See here for all the payment methods we offer:<\/p>\n<ul>\n<li>iDEAL<\/li>\n<li>Credit card (Visa, Mastercard, American Express)<\/li>\n<li>Klarna - Payment on delivery with invoice<\/li>\n<li>PayPal<\/li>\n<li>Apple Pay<\/li>\n<li>Google Pay<\/li>\n<li>Bizum (for Spanish customers)<\/li>\n<li>SEPA bank transfer<\/li>\n<li>Bancontact<\/li>\n<li>Commercial invoice for companies<\/li>\n<li>Payment in the showroom - Both card and cash (Only available on collection)<\/li>\n<\/ul>\n<h2>See also reviews of Salon For All<\/h2>\n<p>Please also check our reviews to take into account the experiences of our existing customers in your decision to order Syis - Micro Needle Ballpoint Pen 05 Silver + Syis Cosmetics with us. Through our independent online shop quality seal Webwinkelkeur, verified reviews are automatically collected from customers who have completed an order with us. You can find them behind the pink button in our online shop or they are listed under the products.<\/p>\n<p>Please also share your experience after shopping with your Syis - Micro Needle Pen 05 Silver + Syis Cosmetics order and your experience with the purchase process or contacting Salon For All to inspire others!<\/p>\n<h2>Contact Salon For All<\/h2>\n<p>Contact us then. We will be happy to help you with your purchase of Syis - Micro Needle Ballpoint Pen 05 Silver + Syis Cosmetics. On weekdays we are best available between 8.30am and 5.00pm via the telephone number and email address at the top of the online shop or via the chat function. Out-of-hours enquiries are usually answered within 24 hours. It is also possible to visit us outside working days or office hours. However, an appointment must be made in advance.<\/p>\n<h2>Would you like to visit our showroom?<\/h2>\n<p>Would you prefer to see Syis - Micro Needle Pen 05 Silver + Syis Cosmetics or browse through our (online) shop offer together with our colleague? Then visit our showroom with more than 1000m\u00b2 of salon equipment and let yourself be inspired by our employees. Also if you like to get to know us pleasantly over a cup of coffee or tea, you are very welcome. We do not have all products in stock, so please let us know in advance that you would like to come. Always make an appointment in advance.<\/p>\n<h2>14 days of reflection and our return policy<\/h2>\n<p>It may of course happen that Syis - Micro Needle Ballpoint Pen 05 Silver + Syis Cosmetics delivered is not completely to your liking and you wish to return it. That is no problem at Salon For All. You must notify your return within 14 working days via info@salonforall.es. You will then first receive all return instructions and conditions. Please note that Syis - Micro Needle Pen 05 Silver + Syis Cosmetics must not have been used, must contain all supplied parts and must be returned in the original packaging. The shipping costs for a return are always at the expense of the buyer on purchases through www.salonforall.es. You must arrange a transport yourself with a transport company of your choice for a return. Once Syis - Micro Needle Pen 05 Silver + Syis Cosmetics has been returned, it will be checked for completeness and possible damage. Once the return has been approved, the purchase amount will be refunded within 5 working days to the bank account we have on record.<\/p>\n<h2>Who is Salon For All?<\/h2>\n<p>Salon For All is THE wholesaler for all salon equipment in Europe. Salon For All started in 2003 under the name Salonvoordeel and grew out of practice. The owners of Salon For All were experienced hairdressers and beauty specialists and have together more than 30 years of practical experience. In 2003 we launched Salonvoordeel.nl (Netherlands) and subsequently Salon For All was founded for the European market. Some of our employees started their own business and so the idea to launch a functional online shop for hairdressers and to help them with the equipment of their salon was born.<\/p>\n<p>Our showroom is located in Dinxperlo, directly on the border between the Netherlands and Germany. With our extensive experience in the industry we can mirror and advise you - we speak the same language! We advise, inspire, motivate and support you in the purchase of Syis - Micro Needle Pen 05 Silver + Syis Cosmetics. Our suppliers are located all over Europe, from Germany, England, Italy to Poland.<\/p>","protected":false},"excerpt":{"rendered":"<p>The product Syis - Micro Needle Pen 05 Silver + Syis Cosmetics is a high quality solution for any salon. The estimated delivery time is approximately 6 working days.<\/p>","protected":false},"featured_media":4336,"comment_status":"open","ping_status":"open","template":"","meta":[],"product_brand":[362],"product_cat":[76,601],"product_tag":[79,602],"class_list":{"0":"post-4335","1":"product","2":"type-product","3":"status-publish","4":"has-post-thumbnail","6":"product_brand-syis","7":"product_cat-cosmetica-profesional","8":"product_cat-derma-roller","9":"product_tag-cosmetica-profesional","10":"product_tag-derma-roller","11":"pa_codigo-ean-7759","12":"pa_garantia-12-meses","13":"pa_marca-syis","14":"pa_numero-de-articulo-1209","15":"pa_tiempo-estimado-de-entrega-4-5-dias-laborables","17":"first","18":"instock","19":"sale","20":"taxable","21":"shipping-taxable","22":"purchasable","23":"product-type-simple"},"yoast_head":"<!-- This site is optimized with the Yoast SEO plugin v27.6 - https:\/\/yoast.com\/product\/yoast-seo-wordpress\/ -->\n<title>Syis - Bol\u00edgrafo De Microagujas 05 Plata + Cosm\u00e9ticos Syis comprar<\/title>\n<meta name=\"description\" content=\"Compra Syis - Bol\u00edgrafo De Microagujas 05 Plata + Cosm\u00e9ticos Syis online o en el showroom en Salon For ALL Espa\u00f1a. El mayorista para salones, consultas y spas en Espa\u00f1a y Portugal.\" \/>\n<meta name=\"robots\" content=\"index, follow, max-snippet:-1, max-image-preview:large, max-video-preview:-1\" \/>\n<link rel=\"canonical\" href=\"https:\/\/salonforall.es\/en\/syis-micro-needle-roller-ball-pen-05-silver-syis-cosmetics\/\" \/>\n<meta property=\"og:locale\" content=\"en_GB\" \/>\n<meta property=\"og:type\" content=\"article\" \/>\n<meta property=\"og:title\" content=\"Syis - Bol\u00edgrafo De Microagujas 05 Plata + Cosm\u00e9ticos Syis\" \/>\n<meta property=\"og:description\" content=\"Compra Syis - Bol\u00edgrafo De Microagujas 05 Plata + Cosm\u00e9ticos Syis online o en el showroom en Salon For ALL Espa\u00f1a. El mayorista para salones, consultas y spas en Espa\u00f1a y Portugal.\" \/>\n<meta property=\"og:url\" content=\"https:\/\/salonforall.es\/en\/syis-micro-needle-roller-ball-pen-05-silver-syis-cosmetics\/\" \/>\n<meta property=\"og:site_name\" content=\"Salon For ALL Espa\u00f1a\" \/>\n<meta property=\"article:modified_time\" content=\"2026-03-24T15:11:23+00:00\" \/>\n<meta property=\"og:image\" content=\"https:\/\/salonforall.es\/wp-content\/uploads\/2025\/12\/Syis-Boligrafo-De-Microagujas-05-Plata-Cosmeticos-Syis.jpg\" \/>\n\t<meta property=\"og:image:width\" content=\"800\" \/>\n\t<meta property=\"og:image:height\" content=\"800\" \/>\n\t<meta property=\"og:image:type\" content=\"image\/jpeg\" \/>\n<meta name=\"twitter:card\" content=\"summary_large_image\" \/>\n<meta name=\"twitter:title\" content=\"Syis - Bol\u00edgrafo De Microagujas 05 Plata + Cosm\u00e9ticos Syis\" \/>\n<meta name=\"twitter:label1\" content=\"Estimated reading time\" \/>\n\t<meta name=\"twitter:data1\" content=\"9 minutes\" \/>\n<script type=\"application\/ld+json\" class=\"yoast-schema-graph\">{\"@context\":\"https:\\\/\\\/schema.org\",\"@graph\":[{\"@type\":\"WebPage\",\"@id\":\"https:\\\/\\\/salonforall.es\\\/syis-boligrafo-de-microagujas-05-plata-cosmeticos-syis\\\/\",\"url\":\"https:\\\/\\\/salonforall.es\\\/syis-boligrafo-de-microagujas-05-plata-cosmeticos-syis\\\/\",\"name\":\"Syis - Bol\u00edgrafo De Microagujas 05 Plata + Cosm\u00e9ticos Syis comprar\",\"isPartOf\":{\"@id\":\"https:\\\/\\\/salonforall.es\\\/#website\"},\"primaryImageOfPage\":{\"@id\":\"https:\\\/\\\/salonforall.es\\\/syis-boligrafo-de-microagujas-05-plata-cosmeticos-syis\\\/#primaryimage\"},\"image\":{\"@id\":\"https:\\\/\\\/salonforall.es\\\/syis-boligrafo-de-microagujas-05-plata-cosmeticos-syis\\\/#primaryimage\"},\"thumbnailUrl\":\"https:\\\/\\\/salonforall.es\\\/wp-content\\\/uploads\\\/2025\\\/12\\\/Syis-Boligrafo-De-Microagujas-05-Plata-Cosmeticos-Syis.jpg\",\"datePublished\":\"2025-12-02T11:06:29+00:00\",\"dateModified\":\"2026-03-24T15:11:23+00:00\",\"description\":\"Compra Syis - Bol\u00edgrafo De Microagujas 05 Plata + Cosm\u00e9ticos Syis online o en el showroom en Salon For ALL Espa\u00f1a. El mayorista para salones, consultas y spas en Espa\u00f1a y Portugal.\",\"breadcrumb\":{\"@id\":\"https:\\\/\\\/salonforall.es\\\/syis-boligrafo-de-microagujas-05-plata-cosmeticos-syis\\\/#breadcrumb\"},\"inLanguage\":\"en-GB\",\"potentialAction\":[{\"@type\":\"ReadAction\",\"target\":[\"https:\\\/\\\/salonforall.es\\\/syis-boligrafo-de-microagujas-05-plata-cosmeticos-syis\\\/\"]}]},{\"@type\":\"ImageObject\",\"inLanguage\":\"en-GB\",\"@id\":\"https:\\\/\\\/salonforall.es\\\/syis-boligrafo-de-microagujas-05-plata-cosmeticos-syis\\\/#primaryimage\",\"url\":\"https:\\\/\\\/salonforall.es\\\/wp-content\\\/uploads\\\/2025\\\/12\\\/Syis-Boligrafo-De-Microagujas-05-Plata-Cosmeticos-Syis.jpg\",\"contentUrl\":\"https:\\\/\\\/salonforall.es\\\/wp-content\\\/uploads\\\/2025\\\/12\\\/Syis-Boligrafo-De-Microagujas-05-Plata-Cosmeticos-Syis.jpg\",\"width\":800,\"height\":800,\"caption\":\"Syis - Bol\u00edgrafo De Microagujas 05 Plata + Cosm\u00e9ticos Syis\"},{\"@type\":\"BreadcrumbList\",\"@id\":\"https:\\\/\\\/salonforall.es\\\/syis-boligrafo-de-microagujas-05-plata-cosmeticos-syis\\\/#breadcrumb\",\"itemListElement\":[{\"@type\":\"ListItem\",\"position\":1,\"name\":\"Home\",\"item\":\"https:\\\/\\\/salonforall.es\\\/\"},{\"@type\":\"ListItem\",\"position\":2,\"name\":\"Winkel\",\"item\":\"https:\\\/\\\/salonforall.es\\\/winkel\\\/\"},{\"@type\":\"ListItem\",\"position\":3,\"name\":\"Syis &#8211; Bol\u00edgrafo De Microagujas 05 Plata + Cosm\u00e9ticos Syis\"}]},{\"@type\":\"WebSite\",\"@id\":\"https:\\\/\\\/salonforall.es\\\/#website\",\"url\":\"https:\\\/\\\/salonforall.es\\\/\",\"name\":\"Salon For ALL Espa\u00f1a\",\"description\":\"Mayorista de mobiliario y suministros para consultorios y salones\",\"publisher\":{\"@id\":\"https:\\\/\\\/salonforall.es\\\/#organization\"},\"potentialAction\":[{\"@type\":\"SearchAction\",\"target\":{\"@type\":\"EntryPoint\",\"urlTemplate\":\"https:\\\/\\\/salonforall.es\\\/?s={search_term_string}\"},\"query-input\":{\"@type\":\"PropertyValueSpecification\",\"valueRequired\":true,\"valueName\":\"search_term_string\"}}],\"inLanguage\":\"en-GB\"},{\"@type\":\"Organization\",\"@id\":\"https:\\\/\\\/salonforall.es\\\/#organization\",\"name\":\"Salon For All B.V. Espa\u00f1a\",\"alternateName\":\"Salon For All B.V. Espa\u00f1a - Mayorista de equipamiento para consultas, salones y suministros\",\"url\":\"https:\\\/\\\/salonforall.es\\\/\",\"logo\":{\"@type\":\"ImageObject\",\"inLanguage\":\"en-GB\",\"@id\":\"https:\\\/\\\/salonforall.es\\\/#\\\/schema\\\/logo\\\/image\\\/\",\"url\":\"https:\\\/\\\/salonforall.es\\\/wp-content\\\/uploads\\\/2025\\\/11\\\/logo-salon-for-all-e1764543185849.png\",\"contentUrl\":\"https:\\\/\\\/salonforall.es\\\/wp-content\\\/uploads\\\/2025\\\/11\\\/logo-salon-for-all-e1764543185849.png\",\"width\":500,\"height\":150,\"caption\":\"Salon For All B.V. Espa\u00f1a\"},\"image\":{\"@id\":\"https:\\\/\\\/salonforall.es\\\/#\\\/schema\\\/logo\\\/image\\\/\"}}]}<\/script>\n<!-- \/ Yoast SEO plugin. -->","yoast_head_json":{"title":"Syis - Micro Needle Ballpoint Pen 05 Silver + Syis Cosmetics buy","description":"Buy Syis - Micro Needle Pen 05 Silver + Syis Cosmetics online or in the showroom at Salon For ALL Spain. The wholesaler for salons, practices and spas in Spain and Portugal.","robots":{"index":"index","follow":"follow","max-snippet":"max-snippet:-1","max-image-preview":"max-image-preview:large","max-video-preview":"max-video-preview:-1"},"canonical":"https:\/\/salonforall.es\/en\/syis-micro-needle-roller-ball-pen-05-silver-syis-cosmetics\/","og_locale":"en_GB","og_type":"article","og_title":"Syis - Bol\u00edgrafo De Microagujas 05 Plata + Cosm\u00e9ticos Syis","og_description":"Compra Syis - Bol\u00edgrafo De Microagujas 05 Plata + Cosm\u00e9ticos Syis online o en el showroom en Salon For ALL Espa\u00f1a. El mayorista para salones, consultas y spas en Espa\u00f1a y Portugal.","og_url":"https:\/\/salonforall.es\/en\/syis-micro-needle-roller-ball-pen-05-silver-syis-cosmetics\/","og_site_name":"Salon For ALL Espa\u00f1a","article_modified_time":"2026-03-24T15:11:23+00:00","og_image":[{"width":800,"height":800,"url":"https:\/\/salonforall.es\/wp-content\/uploads\/2025\/12\/Syis-Boligrafo-De-Microagujas-05-Plata-Cosmeticos-Syis.jpg","type":"image\/jpeg"}],"twitter_card":"summary_large_image","twitter_title":"Syis - Bol\u00edgrafo De Microagujas 05 Plata + Cosm\u00e9ticos Syis","twitter_misc":{"Estimated reading time":"9 minutes"},"schema":{"@context":"https:\/\/schema.org","@graph":[{"@type":"WebPage","@id":"https:\/\/salonforall.es\/syis-boligrafo-de-microagujas-05-plata-cosmeticos-syis\/","url":"https:\/\/salonforall.es\/syis-boligrafo-de-microagujas-05-plata-cosmeticos-syis\/","name":"Syis - Micro Needle Ballpoint Pen 05 Silver + Syis Cosmetics buy","isPartOf":{"@id":"https:\/\/salonforall.es\/#website"},"primaryImageOfPage":{"@id":"https:\/\/salonforall.es\/syis-boligrafo-de-microagujas-05-plata-cosmeticos-syis\/#primaryimage"},"image":{"@id":"https:\/\/salonforall.es\/syis-boligrafo-de-microagujas-05-plata-cosmeticos-syis\/#primaryimage"},"thumbnailUrl":"https:\/\/salonforall.es\/wp-content\/uploads\/2025\/12\/Syis-Boligrafo-De-Microagujas-05-Plata-Cosmeticos-Syis.jpg","datePublished":"2025-12-02T11:06:29+00:00","dateModified":"2026-03-24T15:11:23+00:00","description":"Buy Syis - Micro Needle Pen 05 Silver + Syis Cosmetics online or in the showroom at Salon For ALL Spain. The wholesaler for salons, practices and spas in Spain and Portugal.","breadcrumb":{"@id":"https:\/\/salonforall.es\/syis-boligrafo-de-microagujas-05-plata-cosmeticos-syis\/#breadcrumb"},"inLanguage":"en-GB","potentialAction":[{"@type":"ReadAction","target":["https:\/\/salonforall.es\/syis-boligrafo-de-microagujas-05-plata-cosmeticos-syis\/"]}]},{"@type":"ImageObject","inLanguage":"en-GB","@id":"https:\/\/salonforall.es\/syis-boligrafo-de-microagujas-05-plata-cosmeticos-syis\/#primaryimage","url":"https:\/\/salonforall.es\/wp-content\/uploads\/2025\/12\/Syis-Boligrafo-De-Microagujas-05-Plata-Cosmeticos-Syis.jpg","contentUrl":"https:\/\/salonforall.es\/wp-content\/uploads\/2025\/12\/Syis-Boligrafo-De-Microagujas-05-Plata-Cosmeticos-Syis.jpg","width":800,"height":800,"caption":"Syis - Bol\u00edgrafo De Microagujas 05 Plata + Cosm\u00e9ticos Syis"},{"@type":"BreadcrumbList","@id":"https:\/\/salonforall.es\/syis-boligrafo-de-microagujas-05-plata-cosmeticos-syis\/#breadcrumb","itemListElement":[{"@type":"ListItem","position":1,"name":"Home","item":"https:\/\/salonforall.es\/"},{"@type":"ListItem","position":2,"name":"Winkel","item":"https:\/\/salonforall.es\/winkel\/"},{"@type":"ListItem","position":3,"name":"Syis &#8211; Bol\u00edgrafo De Microagujas 05 Plata + Cosm\u00e9ticos Syis"}]},{"@type":"WebSite","@id":"https:\/\/salonforall.es\/#website","url":"https:\/\/salonforall.es\/","name":"Salon For ALL Spain","description":"Wholesaler of salon and practice furniture and supplies","publisher":{"@id":"https:\/\/salonforall.es\/#organization"},"potentialAction":[{"@type":"SearchAction","target":{"@type":"EntryPoint","urlTemplate":"https:\/\/salonforall.es\/?s={search_term_string}"},"query-input":{"@type":"PropertyValueSpecification","valueRequired":true,"valueName":"search_term_string"}}],"inLanguage":"en-GB"},{"@type":"Organization","@id":"https:\/\/salonforall.es\/#organization","name":"Salon For All B.V. Spain","alternateName":"Salon For All B.V. Espa\u00f1a - Mayorista de equipamiento para consultas, salones y suministros","url":"https:\/\/salonforall.es\/","logo":{"@type":"ImageObject","inLanguage":"en-GB","@id":"https:\/\/salonforall.es\/#\/schema\/logo\/image\/","url":"https:\/\/salonforall.es\/wp-content\/uploads\/2025\/11\/logo-salon-for-all-e1764543185849.png","contentUrl":"https:\/\/salonforall.es\/wp-content\/uploads\/2025\/11\/logo-salon-for-all-e1764543185849.png","width":500,"height":150,"caption":"Salon For All B.V. Espa\u00f1a"},"image":{"@id":"https:\/\/salonforall.es\/#\/schema\/logo\/image\/"}}]}},"_links":{"self":[{"href":"https:\/\/salonforall.es\/en\/wp-json\/wp\/v2\/product\/4335","targetHints":{"allow":["GET"]}}],"collection":[{"href":"https:\/\/salonforall.es\/en\/wp-json\/wp\/v2\/product"}],"about":[{"href":"https:\/\/salonforall.es\/en\/wp-json\/wp\/v2\/types\/product"}],"replies":[{"embeddable":true,"href":"https:\/\/salonforall.es\/en\/wp-json\/wp\/v2\/comments?post=4335"}],"wp:featuredmedia":[{"embeddable":true,"href":"https:\/\/salonforall.es\/en\/wp-json\/wp\/v2\/media\/4336"}],"wp:attachment":[{"href":"https:\/\/salonforall.es\/en\/wp-json\/wp\/v2\/media?parent=4335"}],"wp:term":[{"taxonomy":"product_brand","embeddable":true,"href":"https:\/\/salonforall.es\/en\/wp-json\/wp\/v2\/product_brand?post=4335"},{"taxonomy":"product_cat","embeddable":true,"href":"https:\/\/salonforall.es\/en\/wp-json\/wp\/v2\/product_cat?post=4335"},{"taxonomy":"product_tag","embeddable":true,"href":"https:\/\/salonforall.es\/en\/wp-json\/wp\/v2\/product_tag?post=4335"}],"curies":[{"name":"wp","href":"https:\/\/api.w.org\/{rel}","templated":true}]}}