{"id":4198,"date":"2025-12-02T12:04:09","date_gmt":"2025-12-02T11:04:09","guid":{"rendered":"https:\/\/salonforall.es\/product\/elegante-6028-60-led-5d-lampara-lupa-led-para-intensidad-de-luz-regular\/"},"modified":"2026-03-24T16:09:44","modified_gmt":"2026-03-24T15:09:44","slug":"elegant-6028-60-60-led-5d-led-magnifying-lamp-for-regular-light-intensity","status":"publish","type":"product","link":"https:\/\/salonforall.es\/en\/elegante-6028-60-led-5d-lampara-lupa-led-para-intensidad-de-luz-regular\/","title":{"rendered":"Elegant 6028 60 Led 5D Led Magnifier Lamp Led For Regular Light Intensity"},"content":{"rendered":"<h2>Information about Elegant 6028 60 Led 5D Led Magnifier Lamp For Regular Light Intensity with article number 123738<\/h2>\n<div>\n<div>\n<div> Elegant magnifying lamp 6028 60 led smd 5d for light intensity regulation <\/p>\n<p> The lamp is characterised by very low energy consumption and the longevity of the LED bulbs (approx. 4000 h). It allows you to see enlarged skin with excellent illumination. <\/p><\/div>\n<div> It is also used for manicures and pedicures, permanent make-up and hair removal. The anti-glare glass does not cause eye pain when working for a long time. Ideal for cosmetic, dental, veterinary and other industries. <\/p>\n<p> The kit includes: <br \/> - Magnifying lamp, <br \/> - Power cable, <br \/> - Guarantee. <\/div>\n<div> - 60 LEDs <\/div>\n<div>\n<div> - 400\/820 lumens <\/div>\n<div> - colour 6500k <\/div>\n<p> - voltage 220-240v <\/p><\/div>\n<div> - power 5\/10w <\/div>\n<div> <\/div>\n<div> lens dimensions 14\u00d710.5 cm <\/div>\n<div> <\/div>\n<\/div><\/div>\n<p>Activeshop products are proportionally cheaper than many other brands\/suppliers. The price is in relation to the quality. Elegant 6028 60 Led 5D Led Magnifier Lamp For Regular Light Intensity is therefore an affordable solution for your salon.<\/p>\n<h2>How is it delivered Elegant 6028 60 Led 5D Led Magnifying Lamp For Regular Light Intensity?<\/h2>\n<p>Elegante 6028 60 Led 5D Led Magnifying Lamp Led Lamp For Regular Light Intensity is delivered in original packaging(s). Within Spain the shipping of Elegante 6028 60 Led 5D Led 5D Lamp Lupa Lupa Led Para Intensidad De Luz Regular is completely free of charge for orders over 100,- Euro. For shipments to other countries separate shipping rates apply. You can check these rates with us or view them in the shopping cart. Elegant 6028 60 Led 5D Led Magnifier Lamp For Regular Light Intensity is shipped via an external courier service.<\/p>\n<p>Packages or pallets are delivered as standard up to the front door threshold, even if you are located in a collective building, apartment building or apartment complex with a lift (provided the item fits in the lift). No lift available or item does not fit in the lift? Then we deliver up to the threshold of the ground floor.<\/p>\n<p>Do you still have questions about delivery or a special situation? Contact us and we will be happy to help you!<\/p>\n<p>*Items are not unpacked or assembled as standard. In special situations you can contact us to make arrangements.<\/p>\n<h2>Secure online shopping at Salon For All with the Webwinkelkeur seal of quality and SSL encryption.<\/h2>\n<p>It is important to us that our customers can shop safely in our online shop. We have been affiliated with the national quality seal Webwinkelkeur since 2019. Our identity has been verified and checked by them, and the online shop has been checked and legally approved. Furthermore, our online shop is affiliated with them for conflict mediation. You can see the logo with all the information of this online shop quality seal on the left or right side of the online shop (pink button with white). In addition, our site is protected with an SSL certificate so that you can surf securely with us. In the bar of your Internet browser, where our website appears, you will see a padlock icon. If you click on the padlock, you will get all the information about our security. This way you know that your order of Elegant 6028 60 Led 5D Led Magnifier Lamp For Regular Light Intensity and your personal data are processed safely.<\/p>\n<h2>How can I pay for Elegant 6028 60 Led 5D Led Magnifier Lamp For Regular Light Intensity?<\/h2>\n<p>We want to make it as easy as possible for you. That's why at Salon For All you can pay with all popular payment methods. Pay in advance, on delivery or afterwards - everything is possible. See here for all the payment methods we offer:<\/p>\n<ul>\n<li>iDEAL<\/li>\n<li>Credit card (Visa, Mastercard, American Express)<\/li>\n<li>Klarna - Payment on delivery with invoice<\/li>\n<li>PayPal<\/li>\n<li>Apple Pay<\/li>\n<li>Google Pay<\/li>\n<li>Bizum (for Spanish customers)<\/li>\n<li>SEPA bank transfer<\/li>\n<li>Bancontact<\/li>\n<li>Commercial invoice for companies<\/li>\n<li>Payment in the showroom - Both card and cash (Only available on collection)<\/li>\n<\/ul>\n<h2>See also reviews of Salon For All<\/h2>\n<p>Please also refer to our reviews to take into account the experiences of our current customers in your decision to order Elegant 6028 60 Led 5D Led Magnifier Lamp For Regular Light Intensity with us. Through our independent online shop quality seal Webwinkelkeur, verified reviews are automatically collected from customers who have completed an order with us. You can find them behind the pink button in our online shop or they are listed below the products.<\/p>\n<p>Please also share your experience after your purchase with your Elegant 6028 60 Led 5D Lamp Magnifying Lamp Led For Regular Light Intensity order and your experience with the shopping process or contacting Salon For All to inspire others!<\/p>\n<h2>Contact Salon For All<\/h2>\n<p>Please contact us then. We will be happy to assist you with the purchase of Elegant 6028 60 Led 5D Led Magnifier Lamp For Regular Light Intensity. On weekdays we are best available between 8.30am and 5.00pm via the telephone number and email address at the top of the online shop or via the chat function. Out-of-hours enquiries are usually answered within 24 hours. It is also possible to visit us outside working days or office hours. However, an appointment must be made in advance.<\/p>\n<h2>Would you like to visit our showroom?<\/h2>\n<p>Would you prefer to look at Elegant 6028 60 Led 5D Led Magnifying Lamp for Regular Light Intensity or browse through our (online) shop offer together with our colleague? Then visit our showroom with more than 1000m\u00b2 of salon equipment and let yourself be inspired by our employees. Also if you like to get to know us pleasantly over a cup of coffee or tea, you are very welcome. We do not have all products in stock, so please let us know in advance that you would like to come. Always make an appointment in advance.<\/p>\n<h2>14 days of reflection and our return policy<\/h2>\n<p>Of course it can happen that Elegant 6028 60 Led 5D Led Magnifier Lamp Led For Regular Light Intensity delivered is not completely to your liking and you want to return it. This is no problem at Salon For All. You must notify your return within 14 working days via info@salonforall.es. You will then first receive all return instructions and conditions. Please note that Elegant 6028 60 Led 5D Led Magnifier Lamp For Regular Light Intensity must not have been used, must contain all supplied parts and must be returned in the original packaging. The shipping costs for a return are always at the expense of the buyer on purchases through www.salonforall.es. You must arrange a transport yourself with a transport company of your choice for a return. Once the Elegant 6028 60 Led 5D Led Magnifier Lamp for Regular Light Intensity has been returned, it will be checked for completeness and possible damage. Once the return has been approved, the purchase amount will be refunded within 5 working days to the bank account we have on record.<\/p>\n<h2>Who is Salon For All?<\/h2>\n<p>Salon For All is THE wholesaler for all salon equipment in Europe. Salon For All started in 2003 under the name Salonvoordeel and grew out of practice. The owners of Salon For All were experienced hairdressers and beauty specialists and have together more than 30 years of practical experience. In 2003 we launched Salonvoordeel.nl (Netherlands) and subsequently Salon For All was founded for the European market. Some of our employees started their own business and so the idea to launch a functional online shop for hairdressers and to help them with the equipment of their salon was born.<\/p>\n<p>Our showroom is located in Dinxperlo, directly on the border between the Netherlands and Germany. With our many years of experience in the sector we can be your mirror and provide you with the right advice - we speak the same language! We advise, inspire, motivate and support you in the purchase of Elegant 6028 60 Led 5D Led Magnifier Lamp For Regular Light Intensity. Our suppliers are located all over Europe, from Germany, England, Italy to Poland.<\/p>","protected":false},"excerpt":{"rendered":"<p>The product Elegant 6028 60 Led 5D Led Magnifying Lamp for Regular Light Intensity is a high quality solution for any living room. The estimated delivery time is approximately 6 working days.<\/p>","protected":false},"featured_media":4199,"comment_status":"open","ping_status":"open","template":"","meta":[],"product_brand":[688],"product_cat":[137,138,139],"product_tag":[140,141,142],"class_list":{"0":"post-4198","1":"product","2":"type-product","3":"status-publish","4":"has-post-thumbnail","6":"product_brand-elegante","7":"product_cat-dispositivos-cosmeticos","8":"product_cat-lamparas-cosmeticas","9":"product_cat-lamparas-de-aumento","10":"product_tag-dispositivos-cosmeticos","11":"product_tag-lamparas-cosmeticas","12":"product_tag-lamparas-de-aumento","13":"pa_codigo-ean-7759","14":"pa_garantia-12-meses","15":"pa_marca-elegante","16":"pa_numero-de-articulo-1155","17":"pa_tiempo-estimado-de-entrega-4-5-dias-laborables","19":"first","20":"instock","21":"sale","22":"taxable","23":"shipping-taxable","24":"purchasable","25":"product-type-simple"},"yoast_head":"<!-- This site is optimized with the Yoast SEO plugin v27.6 - https:\/\/yoast.com\/product\/yoast-seo-wordpress\/ -->\n<title>Elegante 6028 60 Led 5D L\u00e1mpara Lupa Led Para Intensidad De Luz Regular comprar<\/title>\n<meta name=\"description\" content=\"Compra Elegante 6028 60 Led 5D L\u00e1mpara Lupa Led Para Intensidad De Luz Regular online o en el showroom en Salon For ALL Espa\u00f1a. El mayorista para salones, consultas y spas en Espa\u00f1a y Portugal.\" \/>\n<meta name=\"robots\" content=\"index, follow, max-snippet:-1, max-image-preview:large, max-video-preview:-1\" \/>\n<link rel=\"canonical\" href=\"https:\/\/salonforall.es\/en\/elegant-6028-60-60-led-5d-led-magnifying-lamp-for-regular-light-intensity\/\" \/>\n<meta property=\"og:locale\" content=\"en_GB\" \/>\n<meta property=\"og:type\" content=\"article\" \/>\n<meta property=\"og:title\" content=\"Elegante 6028 60 Led 5D L\u00e1mpara Lupa Led Para Intensidad De Luz Regular\" \/>\n<meta property=\"og:description\" content=\"Compra Elegante 6028 60 Led 5D L\u00e1mpara Lupa Led Para Intensidad De Luz Regular online o en el showroom en Salon For ALL Espa\u00f1a. El mayorista para salones, consultas y spas en Espa\u00f1a y Portugal.\" \/>\n<meta property=\"og:url\" content=\"https:\/\/salonforall.es\/en\/elegant-6028-60-60-led-5d-led-magnifying-lamp-for-regular-light-intensity\/\" \/>\n<meta property=\"og:site_name\" content=\"Salon For ALL Espa\u00f1a\" \/>\n<meta property=\"article:modified_time\" content=\"2026-03-24T15:09:44+00:00\" \/>\n<meta property=\"og:image\" content=\"https:\/\/salonforall.es\/wp-content\/uploads\/2025\/12\/Elegante-6028-60-Led-5D-Lampara-Lupa-Led-Para-Intensidad-De-Luz-Regular.jpg\" \/>\n\t<meta property=\"og:image:width\" content=\"800\" \/>\n\t<meta property=\"og:image:height\" content=\"800\" \/>\n\t<meta property=\"og:image:type\" content=\"image\/jpeg\" \/>\n<meta name=\"twitter:card\" content=\"summary_large_image\" \/>\n<meta name=\"twitter:title\" content=\"Elegante 6028 60 Led 5D L\u00e1mpara Lupa Led Para Intensidad De Luz Regular\" \/>\n<meta name=\"twitter:label1\" content=\"Estimated reading time\" \/>\n\t<meta name=\"twitter:data1\" content=\"7 minutes\" \/>\n<script type=\"application\/ld+json\" class=\"yoast-schema-graph\">{\"@context\":\"https:\\\/\\\/schema.org\",\"@graph\":[{\"@type\":\"WebPage\",\"@id\":\"https:\\\/\\\/salonforall.es\\\/elegante-6028-60-led-5d-lampara-lupa-led-para-intensidad-de-luz-regular\\\/\",\"url\":\"https:\\\/\\\/salonforall.es\\\/elegante-6028-60-led-5d-lampara-lupa-led-para-intensidad-de-luz-regular\\\/\",\"name\":\"Elegante 6028 60 Led 5D L\u00e1mpara Lupa Led Para Intensidad De Luz Regular comprar\",\"isPartOf\":{\"@id\":\"https:\\\/\\\/salonforall.es\\\/#website\"},\"primaryImageOfPage\":{\"@id\":\"https:\\\/\\\/salonforall.es\\\/elegante-6028-60-led-5d-lampara-lupa-led-para-intensidad-de-luz-regular\\\/#primaryimage\"},\"image\":{\"@id\":\"https:\\\/\\\/salonforall.es\\\/elegante-6028-60-led-5d-lampara-lupa-led-para-intensidad-de-luz-regular\\\/#primaryimage\"},\"thumbnailUrl\":\"https:\\\/\\\/salonforall.es\\\/wp-content\\\/uploads\\\/2025\\\/12\\\/Elegante-6028-60-Led-5D-Lampara-Lupa-Led-Para-Intensidad-De-Luz-Regular.jpg\",\"datePublished\":\"2025-12-02T11:04:09+00:00\",\"dateModified\":\"2026-03-24T15:09:44+00:00\",\"description\":\"Compra Elegante 6028 60 Led 5D L\u00e1mpara Lupa Led Para Intensidad De Luz Regular online o en el showroom en Salon For ALL Espa\u00f1a. El mayorista para salones, consultas y spas en Espa\u00f1a y Portugal.\",\"breadcrumb\":{\"@id\":\"https:\\\/\\\/salonforall.es\\\/elegante-6028-60-led-5d-lampara-lupa-led-para-intensidad-de-luz-regular\\\/#breadcrumb\"},\"inLanguage\":\"en-GB\",\"potentialAction\":[{\"@type\":\"ReadAction\",\"target\":[\"https:\\\/\\\/salonforall.es\\\/elegante-6028-60-led-5d-lampara-lupa-led-para-intensidad-de-luz-regular\\\/\"]}]},{\"@type\":\"ImageObject\",\"inLanguage\":\"en-GB\",\"@id\":\"https:\\\/\\\/salonforall.es\\\/elegante-6028-60-led-5d-lampara-lupa-led-para-intensidad-de-luz-regular\\\/#primaryimage\",\"url\":\"https:\\\/\\\/salonforall.es\\\/wp-content\\\/uploads\\\/2025\\\/12\\\/Elegante-6028-60-Led-5D-Lampara-Lupa-Led-Para-Intensidad-De-Luz-Regular.jpg\",\"contentUrl\":\"https:\\\/\\\/salonforall.es\\\/wp-content\\\/uploads\\\/2025\\\/12\\\/Elegante-6028-60-Led-5D-Lampara-Lupa-Led-Para-Intensidad-De-Luz-Regular.jpg\",\"width\":800,\"height\":800,\"caption\":\"Elegante 6028 60 Led 5D L\u00e1mpara Lupa Led Para Intensidad De Luz Regular\"},{\"@type\":\"BreadcrumbList\",\"@id\":\"https:\\\/\\\/salonforall.es\\\/elegante-6028-60-led-5d-lampara-lupa-led-para-intensidad-de-luz-regular\\\/#breadcrumb\",\"itemListElement\":[{\"@type\":\"ListItem\",\"position\":1,\"name\":\"Home\",\"item\":\"https:\\\/\\\/salonforall.es\\\/\"},{\"@type\":\"ListItem\",\"position\":2,\"name\":\"Winkel\",\"item\":\"https:\\\/\\\/salonforall.es\\\/winkel\\\/\"},{\"@type\":\"ListItem\",\"position\":3,\"name\":\"Elegante 6028 60 Led 5D L\u00e1mpara Lupa Led Para Intensidad De Luz Regular\"}]},{\"@type\":\"WebSite\",\"@id\":\"https:\\\/\\\/salonforall.es\\\/#website\",\"url\":\"https:\\\/\\\/salonforall.es\\\/\",\"name\":\"Salon For ALL Espa\u00f1a\",\"description\":\"Mayorista de mobiliario y suministros para consultorios y salones\",\"publisher\":{\"@id\":\"https:\\\/\\\/salonforall.es\\\/#organization\"},\"potentialAction\":[{\"@type\":\"SearchAction\",\"target\":{\"@type\":\"EntryPoint\",\"urlTemplate\":\"https:\\\/\\\/salonforall.es\\\/?s={search_term_string}\"},\"query-input\":{\"@type\":\"PropertyValueSpecification\",\"valueRequired\":true,\"valueName\":\"search_term_string\"}}],\"inLanguage\":\"en-GB\"},{\"@type\":\"Organization\",\"@id\":\"https:\\\/\\\/salonforall.es\\\/#organization\",\"name\":\"Salon For All B.V. Espa\u00f1a\",\"alternateName\":\"Salon For All B.V. Espa\u00f1a - Mayorista de equipamiento para consultas, salones y suministros\",\"url\":\"https:\\\/\\\/salonforall.es\\\/\",\"logo\":{\"@type\":\"ImageObject\",\"inLanguage\":\"en-GB\",\"@id\":\"https:\\\/\\\/salonforall.es\\\/#\\\/schema\\\/logo\\\/image\\\/\",\"url\":\"https:\\\/\\\/salonforall.es\\\/wp-content\\\/uploads\\\/2025\\\/11\\\/logo-salon-for-all-e1764543185849.png\",\"contentUrl\":\"https:\\\/\\\/salonforall.es\\\/wp-content\\\/uploads\\\/2025\\\/11\\\/logo-salon-for-all-e1764543185849.png\",\"width\":500,\"height\":150,\"caption\":\"Salon For All B.V. Espa\u00f1a\"},\"image\":{\"@id\":\"https:\\\/\\\/salonforall.es\\\/#\\\/schema\\\/logo\\\/image\\\/\"}}]}<\/script>\n<!-- \/ Yoast SEO plugin. -->","yoast_head_json":{"title":"Elegant 6028 60 Led 5D Led Magnifier Lamp Led For Regular Light Intensity Buy","description":"Buy Elegant 6028 60 Led 5D Led Magnifying Light Led Lamp For Regular Light Intensity online or in the showroom at Salon For ALL Spain. The wholesaler for salons, practices and spas in Spain and Portugal.","robots":{"index":"index","follow":"follow","max-snippet":"max-snippet:-1","max-image-preview":"max-image-preview:large","max-video-preview":"max-video-preview:-1"},"canonical":"https:\/\/salonforall.es\/en\/elegant-6028-60-60-led-5d-led-magnifying-lamp-for-regular-light-intensity\/","og_locale":"en_GB","og_type":"article","og_title":"Elegante 6028 60 Led 5D L\u00e1mpara Lupa Led Para Intensidad De Luz Regular","og_description":"Compra Elegante 6028 60 Led 5D L\u00e1mpara Lupa Led Para Intensidad De Luz Regular online o en el showroom en Salon For ALL Espa\u00f1a. El mayorista para salones, consultas y spas en Espa\u00f1a y Portugal.","og_url":"https:\/\/salonforall.es\/en\/elegant-6028-60-60-led-5d-led-magnifying-lamp-for-regular-light-intensity\/","og_site_name":"Salon For ALL Espa\u00f1a","article_modified_time":"2026-03-24T15:09:44+00:00","og_image":[{"width":800,"height":800,"url":"https:\/\/salonforall.es\/wp-content\/uploads\/2025\/12\/Elegante-6028-60-Led-5D-Lampara-Lupa-Led-Para-Intensidad-De-Luz-Regular.jpg","type":"image\/jpeg"}],"twitter_card":"summary_large_image","twitter_title":"Elegante 6028 60 Led 5D L\u00e1mpara Lupa Led Para Intensidad De Luz Regular","twitter_misc":{"Estimated reading time":"7 minutes"},"schema":{"@context":"https:\/\/schema.org","@graph":[{"@type":"WebPage","@id":"https:\/\/salonforall.es\/elegante-6028-60-led-5d-lampara-lupa-led-para-intensidad-de-luz-regular\/","url":"https:\/\/salonforall.es\/elegante-6028-60-led-5d-lampara-lupa-led-para-intensidad-de-luz-regular\/","name":"Elegant 6028 60 Led 5D Led Magnifier Lamp Led For Regular Light Intensity Buy","isPartOf":{"@id":"https:\/\/salonforall.es\/#website"},"primaryImageOfPage":{"@id":"https:\/\/salonforall.es\/elegante-6028-60-led-5d-lampara-lupa-led-para-intensidad-de-luz-regular\/#primaryimage"},"image":{"@id":"https:\/\/salonforall.es\/elegante-6028-60-led-5d-lampara-lupa-led-para-intensidad-de-luz-regular\/#primaryimage"},"thumbnailUrl":"https:\/\/salonforall.es\/wp-content\/uploads\/2025\/12\/Elegante-6028-60-Led-5D-Lampara-Lupa-Led-Para-Intensidad-De-Luz-Regular.jpg","datePublished":"2025-12-02T11:04:09+00:00","dateModified":"2026-03-24T15:09:44+00:00","description":"Buy Elegant 6028 60 Led 5D Led Magnifying Light Led Lamp For Regular Light Intensity online or in the showroom at Salon For ALL Spain. The wholesaler for salons, practices and spas in Spain and Portugal.","breadcrumb":{"@id":"https:\/\/salonforall.es\/elegante-6028-60-led-5d-lampara-lupa-led-para-intensidad-de-luz-regular\/#breadcrumb"},"inLanguage":"en-GB","potentialAction":[{"@type":"ReadAction","target":["https:\/\/salonforall.es\/elegante-6028-60-led-5d-lampara-lupa-led-para-intensidad-de-luz-regular\/"]}]},{"@type":"ImageObject","inLanguage":"en-GB","@id":"https:\/\/salonforall.es\/elegante-6028-60-led-5d-lampara-lupa-led-para-intensidad-de-luz-regular\/#primaryimage","url":"https:\/\/salonforall.es\/wp-content\/uploads\/2025\/12\/Elegante-6028-60-Led-5D-Lampara-Lupa-Led-Para-Intensidad-De-Luz-Regular.jpg","contentUrl":"https:\/\/salonforall.es\/wp-content\/uploads\/2025\/12\/Elegante-6028-60-Led-5D-Lampara-Lupa-Led-Para-Intensidad-De-Luz-Regular.jpg","width":800,"height":800,"caption":"Elegante 6028 60 Led 5D L\u00e1mpara Lupa Led Para Intensidad De Luz Regular"},{"@type":"BreadcrumbList","@id":"https:\/\/salonforall.es\/elegante-6028-60-led-5d-lampara-lupa-led-para-intensidad-de-luz-regular\/#breadcrumb","itemListElement":[{"@type":"ListItem","position":1,"name":"Home","item":"https:\/\/salonforall.es\/"},{"@type":"ListItem","position":2,"name":"Winkel","item":"https:\/\/salonforall.es\/winkel\/"},{"@type":"ListItem","position":3,"name":"Elegante 6028 60 Led 5D L\u00e1mpara Lupa Led Para Intensidad De Luz Regular"}]},{"@type":"WebSite","@id":"https:\/\/salonforall.es\/#website","url":"https:\/\/salonforall.es\/","name":"Salon For ALL Spain","description":"Wholesaler of salon and practice furniture and supplies","publisher":{"@id":"https:\/\/salonforall.es\/#organization"},"potentialAction":[{"@type":"SearchAction","target":{"@type":"EntryPoint","urlTemplate":"https:\/\/salonforall.es\/?s={search_term_string}"},"query-input":{"@type":"PropertyValueSpecification","valueRequired":true,"valueName":"search_term_string"}}],"inLanguage":"en-GB"},{"@type":"Organization","@id":"https:\/\/salonforall.es\/#organization","name":"Salon For All B.V. Spain","alternateName":"Salon For All B.V. Espa\u00f1a - Mayorista de equipamiento para consultas, salones y suministros","url":"https:\/\/salonforall.es\/","logo":{"@type":"ImageObject","inLanguage":"en-GB","@id":"https:\/\/salonforall.es\/#\/schema\/logo\/image\/","url":"https:\/\/salonforall.es\/wp-content\/uploads\/2025\/11\/logo-salon-for-all-e1764543185849.png","contentUrl":"https:\/\/salonforall.es\/wp-content\/uploads\/2025\/11\/logo-salon-for-all-e1764543185849.png","width":500,"height":150,"caption":"Salon For All B.V. Espa\u00f1a"},"image":{"@id":"https:\/\/salonforall.es\/#\/schema\/logo\/image\/"}}]}},"_links":{"self":[{"href":"https:\/\/salonforall.es\/en\/wp-json\/wp\/v2\/product\/4198","targetHints":{"allow":["GET"]}}],"collection":[{"href":"https:\/\/salonforall.es\/en\/wp-json\/wp\/v2\/product"}],"about":[{"href":"https:\/\/salonforall.es\/en\/wp-json\/wp\/v2\/types\/product"}],"replies":[{"embeddable":true,"href":"https:\/\/salonforall.es\/en\/wp-json\/wp\/v2\/comments?post=4198"}],"wp:featuredmedia":[{"embeddable":true,"href":"https:\/\/salonforall.es\/en\/wp-json\/wp\/v2\/media\/4199"}],"wp:attachment":[{"href":"https:\/\/salonforall.es\/en\/wp-json\/wp\/v2\/media?parent=4198"}],"wp:term":[{"taxonomy":"product_brand","embeddable":true,"href":"https:\/\/salonforall.es\/en\/wp-json\/wp\/v2\/product_brand?post=4198"},{"taxonomy":"product_cat","embeddable":true,"href":"https:\/\/salonforall.es\/en\/wp-json\/wp\/v2\/product_cat?post=4198"},{"taxonomy":"product_tag","embeddable":true,"href":"https:\/\/salonforall.es\/en\/wp-json\/wp\/v2\/product_tag?post=4198"}],"curies":[{"name":"wp","href":"https:\/\/api.w.org\/{rel}","templated":true}]}}