{"id":3938,"date":"2025-12-02T12:02:07","date_gmt":"2025-12-02T11:02:07","guid":{"rendered":"https:\/\/salonforall.es\/product\/cortacuticulas-de-exportacion-nghia-c-04-mandibula-14-6-mm\/"},"modified":"2026-03-24T16:05:13","modified_gmt":"2026-03-24T15:05:13","slug":"nghia-export-cuticle-cutter-c-04-jaw-14-6-mm","status":"publish","type":"product","link":"https:\/\/salonforall.es\/en\/cortacuticulas-de-exportacion-nghia-c-04-mandibula-14-6-mm\/","title":{"rendered":"Nghia C-04 Export Particle Cutter Jaw 14 (6 Mm)"},"content":{"rendered":"<h2>Information about Nghia C-04 Export Particle Cutter Jaw 14 (6 Mm) with article number 122767<\/h2>\n<div> Professional cuticle nippers nghia export C-04 (size 14) <\/div>\n<div> Professional stainless steel cuticle nippers with double-sided spring, designed for precise cuticle cutting. Available in jaw sizes 12 (5 mm), 14 (6 mm), 16 (7 mm). Thanks to the overlap jointing method (which minimises wear and the possibility of backlash compared to other jointing methods), the nail clippers guarantee perfect work for a long time. The pliers have a specially profiled handle (classic type), which guarantees high precision, convenience and working comfort. <\/div>\n<div>- sheet size 14 (6 mm)<br \/>- made of stainless steel<br \/>- specially profiled handle, which guarantees high precision, convenience and working comfort<br \/>- jaw connection method: lap joint (not recessed)<br \/>- spring type: double-sided, mounted on a stainless steel screw - total length of the pliers: 10.5 cm<br \/>- it can be disinfected and sterilised by any method<br \/>(chemical, thermal, chemical-thermal)<br \/>- weight: 40 g<\/div>\n<div> <\/div>\n<div>\n<div> tool suitable for autoclave sterilisation and disinfection in chemical decomposition*.<\/div>\n<div> * autoclave - basic sterilisation temperature 121 \u00b0C for 15 minutes, deactivation temperature 132-134 \u00b0C, pressure 3 bar <br \/> ATTENTION !!! <br \/> Steel, even stainless steel, regardless of the manufacturer, can be damaged, destroyed under special conditions, which can lead to discolouration, pitting and even corrosion. <\/div>\n<div> * chemical disinfection: with a liquid intended for this purpose, used in accordance with the manufacturer's recommendations. <br \/> Attention!!! <br \/> Failure to follow the manufacturer's recommendations (too strong a solution, too long a disinfection time) can cause the metal to react, leading to discolouration and damage to the tool. <\/div><\/div>\n<p>Activeshop products are proportionally cheaper than many other brands\/suppliers. The price is in relation to the quality. The Nghia C-04 Export Cuticle Cutter 14 Jaw (6 Mm) is therefore an affordable solution for your salon.<\/p>\n<h2>How is Nghia C-04 Export Particle Cutter 14 (6 Mm) delivered?<\/h2>\n<p>The Nghia C-04 Export Needle Cutter Jaw 14 (6 Mm) is delivered in the original packaging(s). Within Spain, the shipping of Nghia C-04 Export Cuticle Cutter Jaw 14 (6 Mm) is completely free of charge for orders over 100,- Euro. For shipments to other countries separate shipping rates apply. You can check these rates with us or view them in the shopping cart. Nghia C-04 Jaw 14 (6 Mm) is shipped via an external courier service.<\/p>\n<p>Packages or pallets are delivered as standard up to the front door threshold, even if you are located in a collective building, apartment building or apartment complex with a lift (provided the item fits in the lift). No lift available or item does not fit in the lift? Then we deliver up to the threshold of the ground floor.<\/p>\n<p>Do you still have questions about delivery or a special situation? Contact us and we will be happy to help you!<\/p>\n<p>*Items are not unpacked or assembled as standard. In special situations you can contact us to make arrangements.<\/p>\n<h2>Secure online shopping at Salon For All with the Webwinkelkeur seal of quality and SSL encryption.<\/h2>\n<p>It is important to us that our customers can shop safely in our online shop. We have been affiliated with the national quality seal Webwinkelkeur since 2019. Our identity has been verified and checked by them, and the online shop has been checked and legally approved. Furthermore, our online shop is affiliated with them for conflict mediation. You can see the logo with all the information of this online shop quality seal on the left or right side of the online shop (pink button with white). In addition, our site is protected with an SSL certificate so that you can surf securely with us. In the bar of your Internet browser, where our website appears, you will see a padlock icon. If you click on the padlock, you will get all the information about our security. This way you know that your order for Nghia C-04 Export Cuticle Cutter Jaw 14 (6 Mm) and your personal data are processed securely.<\/p>\n<h2>How can I pay for Nghia C-04 Export Particle Cutter Jaw 14 (6 Mm)?<\/h2>\n<p>We want to make it as easy as possible for you. That's why at Salon For All you can pay with all popular payment methods. Pay in advance, on delivery or afterwards - everything is possible. See here for all the payment methods we offer:<\/p>\n<ul>\n<li>iDEAL<\/li>\n<li>Credit card (Visa, Mastercard, American Express)<\/li>\n<li>Klarna - Payment on delivery with invoice<\/li>\n<li>PayPal<\/li>\n<li>Apple Pay<\/li>\n<li>Google Pay<\/li>\n<li>Bizum (for Spanish customers)<\/li>\n<li>SEPA bank transfer<\/li>\n<li>Bancontact<\/li>\n<li>Commercial invoice for companies<\/li>\n<li>Payment in the showroom - Both card and cash (Only available on collection)<\/li>\n<\/ul>\n<h2>See also reviews of Salon For All<\/h2>\n<p>Please also refer to our reviews to take into account the experiences of our existing customers in your decision to order Nghia C-04 Export Cuticle Cutter Jaw 14 (6 Mm) with us. Through our independent online shop quality seal Webwinkelkeur, verified reviews are automatically collected from customers who have completed an order with us. You can find them behind the pink button in our online shop or they are listed below the products.<\/p>\n<p>Please also share your experience after shopping with your Nghia C-04 Export Cuticle Cutter Jaw 14 (6 Mm) order and your experience with the purchase process or contacting Salon For All to inspire others!<\/p>\n<h2>Contact Salon For All<\/h2>\n<p>Please contact us then. We will be happy to help you with your purchase of Nghia C-04 Export Cuticle Cutter Jaw 14 (6 Mm). On weekdays we are best available between 8.30am and 5.00pm via the telephone number and email address at the top of the online shop or via the chat function. Out-of-hours enquiries are usually answered within 24 hours. It is also possible to visit us outside working days or office hours. However, an appointment must be made in advance.<\/p>\n<h2>Would you like to visit our showroom?<\/h2>\n<p>Would you prefer to see Nghia C-04 Export Cuticle Cutter 14 Jaw (6 Mm) or browse through our (online) shop offer together with our colleague? Then visit our showroom with more than 1000m\u00b2 of salon equipment and be inspired by our employees. Also if you like to get to know us pleasantly over a cup of coffee or tea, you are very welcome. We do not have all products in stock, so please let us know in advance that you would like to come. Always make an appointment in advance.<\/p>\n<h2>14 days of reflection and our return policy<\/h2>\n<p>It may of course happen that the delivered Nghia C-04 Export Cuticle Cutter Jaw 14 (6 Mm) is not completely to your liking and you would like to return it. This is no problem at Salon For All. You must notify your return within 14 working days via info@salonforall.es. You will then first receive all return instructions and conditions. Please note that the Nghia C-04 Export Cuticle Cutter Jaw 14 (6 Mm) must be unused, contain all supplied parts and be returned in the original packaging. Shipping costs for a return are always at the expense of the buyer on purchases via www.salonforall.es. You must arrange transport yourself with a carrier of your choice for a return. Once the Nghia C-04 Export Cuticle Cutter 14 Jaw (6 Mm) has been returned, it will be checked for completeness and possible damage. Once the return has been approved, the purchase amount will be refunded within 5 working days to the bank account we have on record.<\/p>\n<h2>Who is Salon For All?<\/h2>\n<p>Salon For All is THE wholesaler for all salon equipment in Europe. Salon For All started in 2003 under the name Salonvoordeel and grew out of practice. The owners of Salon For All were experienced hairdressers and beauty specialists and have together more than 30 years of practical experience. In 2003 we launched Salonvoordeel.nl (Netherlands) and subsequently Salon For All was founded for the European market. Some of our employees started their own business and so the idea to launch a functional online shop for hairdressers and to help them with the equipment of their salon was born.<\/p>\n<p>Our showroom is located in Dinxperlo, directly on the border between the Netherlands and Germany. With our many years of experience in the industry, we can be your mirror and provide you with the right advice - we speak the same language! We advise, inspire, motivate and support you in the purchase of Nghia C-04 Export Cuticle Cutter Jaw 14 (6 Mm). Our suppliers are located all over Europe, from Germany, England, Italy to Poland.<\/p>","protected":false},"excerpt":{"rendered":"<p>The product Nghia C-04 Export Particle Cutter Jaw 14 (6 Mm) is a high quality solution for any salon. The estimated delivery time is approximately 6 working days.<\/p>","protected":false},"featured_media":3939,"comment_status":"open","ping_status":"open","template":"","meta":[],"product_brand":[160],"product_cat":[162,163,161],"product_tag":[165,166,164],"class_list":{"0":"post-3938","1":"product","2":"type-product","3":"status-publish","4":"has-post-thumbnail","6":"product_brand-nghia","7":"product_cat-herramientas-y-accesorios","8":"product_cat-nghia","9":"product_cat-podologia","10":"product_tag-herramientas-y-accesorios","11":"product_tag-nghia","12":"product_tag-podologia","13":"pa_codigo-ean-7764","14":"pa_garantia-12-meses","15":"pa_marca-nghia","16":"pa_numero-de-articulo-986","17":"pa_tiempo-estimado-de-entrega-4-5-dias-laborables","19":"first","20":"instock","21":"sale","22":"taxable","23":"shipping-taxable","24":"purchasable","25":"product-type-simple"},"yoast_head":"<!-- This site is optimized with the Yoast SEO plugin v27.6 - https:\/\/yoast.com\/product\/yoast-seo-wordpress\/ -->\n<title>Cortacut\u00edculas De Exportaci\u00f3n Nghia C-04 Mand\u00edbula 14 (6 Mm) comprar<\/title>\n<meta name=\"description\" content=\"Compra Cortacut\u00edculas De Exportaci\u00f3n Nghia C-04 Mand\u00edbula 14 (6 Mm) online o en el showroom en Salon For ALL Espa\u00f1a. El mayorista para salones, consultas y spas en Espa\u00f1a y Portugal.\" \/>\n<meta name=\"robots\" content=\"index, follow, max-snippet:-1, max-image-preview:large, max-video-preview:-1\" \/>\n<link rel=\"canonical\" href=\"https:\/\/salonforall.es\/en\/nghia-export-cuticle-cutter-c-04-jaw-14-6-mm\/\" \/>\n<meta property=\"og:locale\" content=\"en_GB\" \/>\n<meta property=\"og:type\" content=\"article\" \/>\n<meta property=\"og:title\" content=\"Cortacut\u00edculas De Exportaci\u00f3n Nghia C-04 Mand\u00edbula 14 (6 Mm)\" \/>\n<meta property=\"og:description\" content=\"Compra Cortacut\u00edculas De Exportaci\u00f3n Nghia C-04 Mand\u00edbula 14 (6 Mm) online o en el showroom en Salon For ALL Espa\u00f1a. El mayorista para salones, consultas y spas en Espa\u00f1a y Portugal.\" \/>\n<meta property=\"og:url\" content=\"https:\/\/salonforall.es\/en\/nghia-export-cuticle-cutter-c-04-jaw-14-6-mm\/\" \/>\n<meta property=\"og:site_name\" content=\"Salon For ALL Espa\u00f1a\" \/>\n<meta property=\"article:modified_time\" content=\"2026-03-24T15:05:13+00:00\" \/>\n<meta property=\"og:image\" content=\"https:\/\/salonforall.es\/wp-content\/uploads\/2025\/12\/Cortacuticulas-De-Exportacion-Nghia-C-04-Mandibula-14-6-Mm.jpg\" \/>\n\t<meta property=\"og:image:width\" content=\"800\" \/>\n\t<meta property=\"og:image:height\" content=\"800\" \/>\n\t<meta property=\"og:image:type\" content=\"image\/jpeg\" \/>\n<meta name=\"twitter:card\" content=\"summary_large_image\" \/>\n<meta name=\"twitter:title\" content=\"Cortacut\u00edculas De Exportaci\u00f3n Nghia C-04 Mand\u00edbula 14 (6 Mm)\" \/>\n<meta name=\"twitter:label1\" content=\"Estimated reading time\" \/>\n\t<meta name=\"twitter:data1\" content=\"8 minutes\" \/>\n<script type=\"application\/ld+json\" class=\"yoast-schema-graph\">{\"@context\":\"https:\\\/\\\/schema.org\",\"@graph\":[{\"@type\":\"WebPage\",\"@id\":\"https:\\\/\\\/salonforall.es\\\/cortacuticulas-de-exportacion-nghia-c-04-mandibula-14-6-mm\\\/\",\"url\":\"https:\\\/\\\/salonforall.es\\\/cortacuticulas-de-exportacion-nghia-c-04-mandibula-14-6-mm\\\/\",\"name\":\"Cortacut\u00edculas De Exportaci\u00f3n Nghia C-04 Mand\u00edbula 14 (6 Mm) comprar\",\"isPartOf\":{\"@id\":\"https:\\\/\\\/salonforall.es\\\/#website\"},\"primaryImageOfPage\":{\"@id\":\"https:\\\/\\\/salonforall.es\\\/cortacuticulas-de-exportacion-nghia-c-04-mandibula-14-6-mm\\\/#primaryimage\"},\"image\":{\"@id\":\"https:\\\/\\\/salonforall.es\\\/cortacuticulas-de-exportacion-nghia-c-04-mandibula-14-6-mm\\\/#primaryimage\"},\"thumbnailUrl\":\"https:\\\/\\\/salonforall.es\\\/wp-content\\\/uploads\\\/2025\\\/12\\\/Cortacuticulas-De-Exportacion-Nghia-C-04-Mandibula-14-6-Mm.jpg\",\"datePublished\":\"2025-12-02T11:02:07+00:00\",\"dateModified\":\"2026-03-24T15:05:13+00:00\",\"description\":\"Compra Cortacut\u00edculas De Exportaci\u00f3n Nghia C-04 Mand\u00edbula 14 (6 Mm) online o en el showroom en Salon For ALL Espa\u00f1a. El mayorista para salones, consultas y spas en Espa\u00f1a y Portugal.\",\"breadcrumb\":{\"@id\":\"https:\\\/\\\/salonforall.es\\\/cortacuticulas-de-exportacion-nghia-c-04-mandibula-14-6-mm\\\/#breadcrumb\"},\"inLanguage\":\"en-GB\",\"potentialAction\":[{\"@type\":\"ReadAction\",\"target\":[\"https:\\\/\\\/salonforall.es\\\/cortacuticulas-de-exportacion-nghia-c-04-mandibula-14-6-mm\\\/\"]}]},{\"@type\":\"ImageObject\",\"inLanguage\":\"en-GB\",\"@id\":\"https:\\\/\\\/salonforall.es\\\/cortacuticulas-de-exportacion-nghia-c-04-mandibula-14-6-mm\\\/#primaryimage\",\"url\":\"https:\\\/\\\/salonforall.es\\\/wp-content\\\/uploads\\\/2025\\\/12\\\/Cortacuticulas-De-Exportacion-Nghia-C-04-Mandibula-14-6-Mm.jpg\",\"contentUrl\":\"https:\\\/\\\/salonforall.es\\\/wp-content\\\/uploads\\\/2025\\\/12\\\/Cortacuticulas-De-Exportacion-Nghia-C-04-Mandibula-14-6-Mm.jpg\",\"width\":800,\"height\":800,\"caption\":\"Cortacut\u00edculas De Exportaci\u00f3n Nghia C-04 Mand\u00edbula 14 (6 Mm)\"},{\"@type\":\"BreadcrumbList\",\"@id\":\"https:\\\/\\\/salonforall.es\\\/cortacuticulas-de-exportacion-nghia-c-04-mandibula-14-6-mm\\\/#breadcrumb\",\"itemListElement\":[{\"@type\":\"ListItem\",\"position\":1,\"name\":\"Home\",\"item\":\"https:\\\/\\\/salonforall.es\\\/\"},{\"@type\":\"ListItem\",\"position\":2,\"name\":\"Winkel\",\"item\":\"https:\\\/\\\/salonforall.es\\\/winkel\\\/\"},{\"@type\":\"ListItem\",\"position\":3,\"name\":\"Cortacut\u00edculas De Exportaci\u00f3n Nghia C-04 Mand\u00edbula 14 (6 Mm)\"}]},{\"@type\":\"WebSite\",\"@id\":\"https:\\\/\\\/salonforall.es\\\/#website\",\"url\":\"https:\\\/\\\/salonforall.es\\\/\",\"name\":\"Salon For ALL Espa\u00f1a\",\"description\":\"Mayorista de mobiliario y suministros para consultorios y salones\",\"publisher\":{\"@id\":\"https:\\\/\\\/salonforall.es\\\/#organization\"},\"potentialAction\":[{\"@type\":\"SearchAction\",\"target\":{\"@type\":\"EntryPoint\",\"urlTemplate\":\"https:\\\/\\\/salonforall.es\\\/?s={search_term_string}\"},\"query-input\":{\"@type\":\"PropertyValueSpecification\",\"valueRequired\":true,\"valueName\":\"search_term_string\"}}],\"inLanguage\":\"en-GB\"},{\"@type\":\"Organization\",\"@id\":\"https:\\\/\\\/salonforall.es\\\/#organization\",\"name\":\"Salon For All B.V. Espa\u00f1a\",\"alternateName\":\"Salon For All B.V. Espa\u00f1a - Mayorista de equipamiento para consultas, salones y suministros\",\"url\":\"https:\\\/\\\/salonforall.es\\\/\",\"logo\":{\"@type\":\"ImageObject\",\"inLanguage\":\"en-GB\",\"@id\":\"https:\\\/\\\/salonforall.es\\\/#\\\/schema\\\/logo\\\/image\\\/\",\"url\":\"https:\\\/\\\/salonforall.es\\\/wp-content\\\/uploads\\\/2025\\\/11\\\/logo-salon-for-all-e1764543185849.png\",\"contentUrl\":\"https:\\\/\\\/salonforall.es\\\/wp-content\\\/uploads\\\/2025\\\/11\\\/logo-salon-for-all-e1764543185849.png\",\"width\":500,\"height\":150,\"caption\":\"Salon For All B.V. Espa\u00f1a\"},\"image\":{\"@id\":\"https:\\\/\\\/salonforall.es\\\/#\\\/schema\\\/logo\\\/image\\\/\"}}]}<\/script>\n<!-- \/ Yoast SEO plugin. -->","yoast_head_json":{"title":"Nghia C-04 Export Particle Cutter Jaw 14 (6 Mm) Buy","description":"Buy Nghia C-04 Export Cuticle Cutter Jaw 14 (6 Mm) online or in the showroom at Salon For ALL Spain. The wholesaler for salons, practices and spas in Spain and Portugal.","robots":{"index":"index","follow":"follow","max-snippet":"max-snippet:-1","max-image-preview":"max-image-preview:large","max-video-preview":"max-video-preview:-1"},"canonical":"https:\/\/salonforall.es\/en\/nghia-export-cuticle-cutter-c-04-jaw-14-6-mm\/","og_locale":"en_GB","og_type":"article","og_title":"Cortacut\u00edculas De Exportaci\u00f3n Nghia C-04 Mand\u00edbula 14 (6 Mm)","og_description":"Compra Cortacut\u00edculas De Exportaci\u00f3n Nghia C-04 Mand\u00edbula 14 (6 Mm) online o en el showroom en Salon For ALL Espa\u00f1a. El mayorista para salones, consultas y spas en Espa\u00f1a y Portugal.","og_url":"https:\/\/salonforall.es\/en\/nghia-export-cuticle-cutter-c-04-jaw-14-6-mm\/","og_site_name":"Salon For ALL Espa\u00f1a","article_modified_time":"2026-03-24T15:05:13+00:00","og_image":[{"width":800,"height":800,"url":"https:\/\/salonforall.es\/wp-content\/uploads\/2025\/12\/Cortacuticulas-De-Exportacion-Nghia-C-04-Mandibula-14-6-Mm.jpg","type":"image\/jpeg"}],"twitter_card":"summary_large_image","twitter_title":"Cortacut\u00edculas De Exportaci\u00f3n Nghia C-04 Mand\u00edbula 14 (6 Mm)","twitter_misc":{"Estimated reading time":"8 minutes"},"schema":{"@context":"https:\/\/schema.org","@graph":[{"@type":"WebPage","@id":"https:\/\/salonforall.es\/cortacuticulas-de-exportacion-nghia-c-04-mandibula-14-6-mm\/","url":"https:\/\/salonforall.es\/cortacuticulas-de-exportacion-nghia-c-04-mandibula-14-6-mm\/","name":"Nghia C-04 Export Particle Cutter Jaw 14 (6 Mm) Buy","isPartOf":{"@id":"https:\/\/salonforall.es\/#website"},"primaryImageOfPage":{"@id":"https:\/\/salonforall.es\/cortacuticulas-de-exportacion-nghia-c-04-mandibula-14-6-mm\/#primaryimage"},"image":{"@id":"https:\/\/salonforall.es\/cortacuticulas-de-exportacion-nghia-c-04-mandibula-14-6-mm\/#primaryimage"},"thumbnailUrl":"https:\/\/salonforall.es\/wp-content\/uploads\/2025\/12\/Cortacuticulas-De-Exportacion-Nghia-C-04-Mandibula-14-6-Mm.jpg","datePublished":"2025-12-02T11:02:07+00:00","dateModified":"2026-03-24T15:05:13+00:00","description":"Buy Nghia C-04 Export Cuticle Cutter Jaw 14 (6 Mm) online or in the showroom at Salon For ALL Spain. The wholesaler for salons, practices and spas in Spain and Portugal.","breadcrumb":{"@id":"https:\/\/salonforall.es\/cortacuticulas-de-exportacion-nghia-c-04-mandibula-14-6-mm\/#breadcrumb"},"inLanguage":"en-GB","potentialAction":[{"@type":"ReadAction","target":["https:\/\/salonforall.es\/cortacuticulas-de-exportacion-nghia-c-04-mandibula-14-6-mm\/"]}]},{"@type":"ImageObject","inLanguage":"en-GB","@id":"https:\/\/salonforall.es\/cortacuticulas-de-exportacion-nghia-c-04-mandibula-14-6-mm\/#primaryimage","url":"https:\/\/salonforall.es\/wp-content\/uploads\/2025\/12\/Cortacuticulas-De-Exportacion-Nghia-C-04-Mandibula-14-6-Mm.jpg","contentUrl":"https:\/\/salonforall.es\/wp-content\/uploads\/2025\/12\/Cortacuticulas-De-Exportacion-Nghia-C-04-Mandibula-14-6-Mm.jpg","width":800,"height":800,"caption":"Cortacut\u00edculas De Exportaci\u00f3n Nghia C-04 Mand\u00edbula 14 (6 Mm)"},{"@type":"BreadcrumbList","@id":"https:\/\/salonforall.es\/cortacuticulas-de-exportacion-nghia-c-04-mandibula-14-6-mm\/#breadcrumb","itemListElement":[{"@type":"ListItem","position":1,"name":"Home","item":"https:\/\/salonforall.es\/"},{"@type":"ListItem","position":2,"name":"Winkel","item":"https:\/\/salonforall.es\/winkel\/"},{"@type":"ListItem","position":3,"name":"Cortacut\u00edculas De Exportaci\u00f3n Nghia C-04 Mand\u00edbula 14 (6 Mm)"}]},{"@type":"WebSite","@id":"https:\/\/salonforall.es\/#website","url":"https:\/\/salonforall.es\/","name":"Salon For ALL Spain","description":"Wholesaler of salon and practice furniture and supplies","publisher":{"@id":"https:\/\/salonforall.es\/#organization"},"potentialAction":[{"@type":"SearchAction","target":{"@type":"EntryPoint","urlTemplate":"https:\/\/salonforall.es\/?s={search_term_string}"},"query-input":{"@type":"PropertyValueSpecification","valueRequired":true,"valueName":"search_term_string"}}],"inLanguage":"en-GB"},{"@type":"Organization","@id":"https:\/\/salonforall.es\/#organization","name":"Salon For All B.V. Spain","alternateName":"Salon For All B.V. Espa\u00f1a - Mayorista de equipamiento para consultas, salones y suministros","url":"https:\/\/salonforall.es\/","logo":{"@type":"ImageObject","inLanguage":"en-GB","@id":"https:\/\/salonforall.es\/#\/schema\/logo\/image\/","url":"https:\/\/salonforall.es\/wp-content\/uploads\/2025\/11\/logo-salon-for-all-e1764543185849.png","contentUrl":"https:\/\/salonforall.es\/wp-content\/uploads\/2025\/11\/logo-salon-for-all-e1764543185849.png","width":500,"height":150,"caption":"Salon For All B.V. Espa\u00f1a"},"image":{"@id":"https:\/\/salonforall.es\/#\/schema\/logo\/image\/"}}]}},"_links":{"self":[{"href":"https:\/\/salonforall.es\/en\/wp-json\/wp\/v2\/product\/3938","targetHints":{"allow":["GET"]}}],"collection":[{"href":"https:\/\/salonforall.es\/en\/wp-json\/wp\/v2\/product"}],"about":[{"href":"https:\/\/salonforall.es\/en\/wp-json\/wp\/v2\/types\/product"}],"replies":[{"embeddable":true,"href":"https:\/\/salonforall.es\/en\/wp-json\/wp\/v2\/comments?post=3938"}],"wp:featuredmedia":[{"embeddable":true,"href":"https:\/\/salonforall.es\/en\/wp-json\/wp\/v2\/media\/3939"}],"wp:attachment":[{"href":"https:\/\/salonforall.es\/en\/wp-json\/wp\/v2\/media?parent=3938"}],"wp:term":[{"taxonomy":"product_brand","embeddable":true,"href":"https:\/\/salonforall.es\/en\/wp-json\/wp\/v2\/product_brand?post=3938"},{"taxonomy":"product_cat","embeddable":true,"href":"https:\/\/salonforall.es\/en\/wp-json\/wp\/v2\/product_cat?post=3938"},{"taxonomy":"product_tag","embeddable":true,"href":"https:\/\/salonforall.es\/en\/wp-json\/wp\/v2\/product_tag?post=3938"}],"curies":[{"name":"wp","href":"https:\/\/api.w.org\/{rel}","templated":true}]}}