{"id":3700,"date":"2025-12-02T11:58:42","date_gmt":"2025-12-02T10:58:42","guid":{"rendered":"https:\/\/salonforall.es\/product\/anillo-de-luz-led-negro-de-18-y-48w-tripode\/"},"modified":"2026-03-24T16:04:47","modified_gmt":"2026-03-24T15:04:47","slug":"black-led-ring-light-18w-and-48w-tripod","status":"publish","type":"product","link":"https:\/\/salonforall.es\/en\/anillo-de-luz-led-negro-de-18-y-48w-tripode\/","title":{"rendered":"18\u2033 48W Black LED Ring Light + Tripod"},"content":{"rendered":"<h2>Information about 18\u2033 48W Black LED Ring Light + Tripod with item number 119781<\/h2>\n<div>\n<div>\n<div>\n<div>\n<div>\n<div>The LED ring lamp is ideal for face photography, small objects and macro photography. It is perfect for make-up, indispensable in any cosmetic sanatorium. The lamp guarantees long-term trouble-free operation and excellent colour rendition. <\/div>\n<div>Easy installation on a stable metal tripod guarantees extremely comfortable work with the lamp. The shape of the circle means that the photographed object is evenly illuminated from all sides and there is no need to provide other light sources. <\/div>\n<div> <\/div>\n<\/div>\n<\/div><\/div>\n<div> technical data: <\/div>\n<div> - power: 48w <\/div>\n<div> - colour temperature: 5500k <\/div>\n<div> - light intensity adjustment <\/div>\n<div> - light colour adjustment <\/div>\n<div> - phone holder <\/div>\n<div> - diameter 18 \u00ab<br \/> - weight: 3.5 kg <br \/> - adjustable tripod arm support <br \/> - warranty: 12 months <\/div>\n<div> kit: <\/div>\n<div> - led lamp 480 <\/div>\n<div> - phone holder <br \/> - adjustable tripod maximum height 185cm <br \/> - bag for transporting the lamp <\/div>\n<div> - built-in diffuser <\/div><\/div><\/div>\n<p>Activeshop products are proportionally cheaper than many other brands\/suppliers. The price is in relation to the quality. The 18\u2033 48W Black LED Ring Light + Tripod is therefore an affordable solution for your salon.<\/p>\n<h2>How is delivered 18\u2033 Black LED Ring Light 48W + Tripod?<\/h2>\n<p>Anillo De Luz Led Negro De 18\u2033 Y 48W + Tripod is delivered in original packaging(s). Within Spain the shipping of Anillo De Luz Led Negro De 18\u2033 Y 48W + Tr\u00edpode is completely free of charge for orders over 100,- euros. For shipments to other countries separate shipping rates apply. You can check these rates with us or view them in the shopping cart. Black Led Ring Light 18\u2033 Y 48W + Tripod is shipped via an external courier service.<\/p>\n<p>Packages or pallets are delivered as standard up to the front door threshold, even if you are located in a collective building, apartment building or apartment complex with a lift (provided the item fits in the lift). No lift available or item does not fit in the lift? Then we deliver up to the threshold of the ground floor.<\/p>\n<p>Do you still have questions about delivery or a special situation? Contact us and we will be happy to help you!<\/p>\n<p>*Items are not unpacked or assembled as standard. In special situations you can contact us to make arrangements.<\/p>\n<h2>Secure online shopping at Salon For All with the Webwinkelkeur seal of quality and SSL encryption.<\/h2>\n<p>It is important to us that our customers can shop safely in our online shop. We have been affiliated with the national quality seal Webwinkelkeur since 2019. Our identity has been verified and checked by them, and the online shop has been checked and legally approved. Furthermore, our online shop is affiliated with them for conflict mediation. You can see the logo with all the information of this online shop quality seal on the left or right side of the online shop (pink button with white). In addition, our site is protected with an SSL certificate so that you can surf securely with us. In the bar of your Internet browser, where our website appears, you will see a padlock icon. If you click on the padlock, you will get all the information about our security. This way you know that your order of 18\u2033 Black Led Ring Light 48W + Tripod and your personal data is processed securely.<\/p>\n<h2>How can I pay for 18\u2033 48W Black LED Ring Light + Tripod?<\/h2>\n<p>We want to make it as easy as possible for you. That's why at Salon For All you can pay with all popular payment methods. Pay in advance, on delivery or afterwards - everything is possible. See here for all the payment methods we offer:<\/p>\n<ul>\n<li>iDEAL<\/li>\n<li>Credit card (Visa, Mastercard, American Express)<\/li>\n<li>Klarna - Payment on delivery with invoice<\/li>\n<li>PayPal<\/li>\n<li>Apple Pay<\/li>\n<li>Google Pay<\/li>\n<li>Bizum (for Spanish customers)<\/li>\n<li>SEPA bank transfer<\/li>\n<li>Bancontact<\/li>\n<li>Commercial invoice for companies<\/li>\n<li>Payment in the showroom - Both card and cash (Only available on collection)<\/li>\n<\/ul>\n<h2>See also reviews of Salon For All<\/h2>\n<p>Please also check our reviews to take into account the experiences of our current customers in your decision to order the 18\u2033 Black 48W LED Ring Light + Tripod with us. Through our independent online shop quality seal Webwinkelkeur, verified reviews are automatically collected from customers who have completed an order with us. You can find them behind the pink button in our online shop or they are listed below the products.<\/p>\n<p>Please also share your experience after shopping with your order and your experience with the purchase process or contacting Salon For All to inspire others!<\/p>\n<h2>Contact Salon For All<\/h2>\n<p>Contact us then. We will be happy to help you with your purchase of 18\u2033 Black Led Ring Light 48W + Tripod. On weekdays we are best available between 8.30am and 5.00pm via the phone number and email address at the top of the online shop or via the chat function. Out-of-hours enquiries are usually answered within 24 hours. It is also possible to visit us outside working days or office hours. However, an appointment must be made in advance.<\/p>\n<h2>Would you like to visit our showroom?<\/h2>\n<p>Would you prefer to see 18\u2033 Black LED Ring Light + 48W + Tripod or browse through our (online) shop offer together with our colleague? Then visit our showroom with more than 1000m\u00b2 of showroom equipment and let yourself be inspired by our employees. Also if you like to get to know us pleasantly over a cup of coffee or tea, you are very welcome. We do not have all products in stock, so please let us know in advance that you would like to come. Always make an appointment in advance.<\/p>\n<h2>14 days of reflection and our return policy<\/h2>\n<p>Of course it may happen that the delivered 18\u2033 Black LED Ring Light 48W + Tripod is not completely to your liking and you wish to return it. That is no problem at Salon For All. You must notify your return within 14 working days via info@salonforall.es. You will then first receive all return instructions and conditions. Please note that the 18\u2033 Black LED Ring Light + 48W + Tripod must be unused, contain all supplied parts and be returned in the original packaging. Shipping costs for a return are always at the buyer's expense on purchases through www.salonforall.es. You must arrange transport yourself with a carrier of your choice for a return. Once the 18\u2033 Black Led Ring Light + 48W + Tripod has been returned, it will be checked for completeness and possible damage. Once the return has been approved, the purchase amount will be refunded within 5 working days to the bank account we have on record.<\/p>\n<h2>Who is Salon For All?<\/h2>\n<p>Salon For All is THE wholesaler for all salon equipment in Europe. Salon For All started in 2003 under the name Salonvoordeel and grew out of practice. The owners of Salon For All were experienced hairdressers and beauty specialists and have together more than 30 years of practical experience. In 2003 we launched Salonvoordeel.nl (Netherlands) and subsequently Salon For All was founded for the European market. Some of our employees started their own business and so the idea to launch a functional online shop for hairdressers and to help them with the equipment of their salon was born.<\/p>\n<p>Our showroom is located in Dinxperlo, directly on the border between the Netherlands and Germany. With our extensive experience in the sector we can serve you as a mirror and provide you with the right advice - we speak the same language! We advise, inspire, motivate and assist you in the purchase of 18\u2033 Black LED Ring Light 48W + Tripod. Our suppliers are located all over Europe, from Germany, England, Italy to Poland.<\/p>","protected":false},"excerpt":{"rendered":"<p>The product Black Led Ring Light 18\u2033 and 48W + Tripod is a high quality solution for any living room. The estimated delivery time is approximately 6 working days.<\/p>","protected":false},"featured_media":3701,"comment_status":"open","ping_status":"open","template":"","meta":[],"product_brand":[107],"product_cat":[886,887],"product_tag":[888,889],"class_list":{"0":"post-3700","1":"product","2":"type-product","3":"status-publish","4":"has-post-thumbnail","6":"product_brand-activeshop","7":"product_cat-equipos-para-estudios-de-tatuajes","8":"product_cat-iluminacion-para-tatuajes","9":"product_tag-equipos-para-estudios-de-tatuajes","10":"product_tag-iluminacion-para-tatuajes","11":"pa_codigo-ean-7759","12":"pa_garantia-12-meses","13":"pa_marca-activeshop","14":"pa_numero-de-articulo-884","15":"pa_tiempo-estimado-de-entrega-4-5-dias-laborables","17":"first","18":"instock","19":"sale","20":"taxable","21":"shipping-taxable","22":"purchasable","23":"product-type-simple"},"yoast_head":"<!-- This site is optimized with the Yoast SEO plugin v27.6 - https:\/\/yoast.com\/product\/yoast-seo-wordpress\/ -->\n<title>Anillo De Luz Led Negro De 18&quot; Y 48W + Tr\u00edpode comprar<\/title>\n<meta name=\"description\" content=\"Compra Anillo De Luz Led Negro De 18&quot; Y 48W + Tr\u00edpode online o en el showroom en Salon For ALL Espa\u00f1a. El mayorista para salones, consultas y spas en Espa\u00f1a y Portugal.\" \/>\n<meta name=\"robots\" content=\"index, follow, max-snippet:-1, max-image-preview:large, max-video-preview:-1\" \/>\n<link rel=\"canonical\" href=\"https:\/\/salonforall.es\/en\/black-led-ring-light-18w-and-48w-tripod\/\" \/>\n<meta property=\"og:locale\" content=\"en_GB\" \/>\n<meta property=\"og:type\" content=\"article\" \/>\n<meta property=\"og:title\" content=\"Anillo De Luz Led Negro De 18&quot; Y 48W + Tr\u00edpode\" \/>\n<meta property=\"og:description\" content=\"Compra Anillo De Luz Led Negro De 18&quot; Y 48W + Tr\u00edpode online o en el showroom en Salon For ALL Espa\u00f1a. El mayorista para salones, consultas y spas en Espa\u00f1a y Portugal.\" \/>\n<meta property=\"og:url\" content=\"https:\/\/salonforall.es\/en\/black-led-ring-light-18w-and-48w-tripod\/\" \/>\n<meta property=\"og:site_name\" content=\"Salon For ALL Espa\u00f1a\" \/>\n<meta property=\"article:modified_time\" content=\"2026-03-24T15:04:47+00:00\" \/>\n<meta property=\"og:image\" content=\"https:\/\/salonforall.es\/wp-content\/uploads\/2025\/12\/Anillo-De-Luz-Led-Negro-De-18-Y-48W-Tripode.jpg\" \/>\n\t<meta property=\"og:image:width\" content=\"800\" \/>\n\t<meta property=\"og:image:height\" content=\"800\" \/>\n\t<meta property=\"og:image:type\" content=\"image\/jpeg\" \/>\n<meta name=\"twitter:card\" content=\"summary_large_image\" \/>\n<meta name=\"twitter:title\" content=\"Anillo De Luz Led Negro De 18&quot; Y 48W + Tr\u00edpode\" \/>\n<meta name=\"twitter:label1\" content=\"Estimated reading time\" \/>\n\t<meta name=\"twitter:data1\" content=\"7 minutes\" \/>\n<script type=\"application\/ld+json\" class=\"yoast-schema-graph\">{\"@context\":\"https:\\\/\\\/schema.org\",\"@graph\":[{\"@type\":\"WebPage\",\"@id\":\"https:\\\/\\\/salonforall.es\\\/anillo-de-luz-led-negro-de-18-y-48w-tripode\\\/\",\"url\":\"https:\\\/\\\/salonforall.es\\\/anillo-de-luz-led-negro-de-18-y-48w-tripode\\\/\",\"name\":\"Anillo De Luz Led Negro De 18\\\" Y 48W + Tr\u00edpode comprar\",\"isPartOf\":{\"@id\":\"https:\\\/\\\/salonforall.es\\\/#website\"},\"primaryImageOfPage\":{\"@id\":\"https:\\\/\\\/salonforall.es\\\/anillo-de-luz-led-negro-de-18-y-48w-tripode\\\/#primaryimage\"},\"image\":{\"@id\":\"https:\\\/\\\/salonforall.es\\\/anillo-de-luz-led-negro-de-18-y-48w-tripode\\\/#primaryimage\"},\"thumbnailUrl\":\"https:\\\/\\\/salonforall.es\\\/wp-content\\\/uploads\\\/2025\\\/12\\\/Anillo-De-Luz-Led-Negro-De-18-Y-48W-Tripode.jpg\",\"datePublished\":\"2025-12-02T10:58:42+00:00\",\"dateModified\":\"2026-03-24T15:04:47+00:00\",\"description\":\"Compra Anillo De Luz Led Negro De 18\\\" Y 48W + Tr\u00edpode online o en el showroom en Salon For ALL Espa\u00f1a. El mayorista para salones, consultas y spas en Espa\u00f1a y Portugal.\",\"breadcrumb\":{\"@id\":\"https:\\\/\\\/salonforall.es\\\/anillo-de-luz-led-negro-de-18-y-48w-tripode\\\/#breadcrumb\"},\"inLanguage\":\"en-GB\",\"potentialAction\":[{\"@type\":\"ReadAction\",\"target\":[\"https:\\\/\\\/salonforall.es\\\/anillo-de-luz-led-negro-de-18-y-48w-tripode\\\/\"]}]},{\"@type\":\"ImageObject\",\"inLanguage\":\"en-GB\",\"@id\":\"https:\\\/\\\/salonforall.es\\\/anillo-de-luz-led-negro-de-18-y-48w-tripode\\\/#primaryimage\",\"url\":\"https:\\\/\\\/salonforall.es\\\/wp-content\\\/uploads\\\/2025\\\/12\\\/Anillo-De-Luz-Led-Negro-De-18-Y-48W-Tripode.jpg\",\"contentUrl\":\"https:\\\/\\\/salonforall.es\\\/wp-content\\\/uploads\\\/2025\\\/12\\\/Anillo-De-Luz-Led-Negro-De-18-Y-48W-Tripode.jpg\",\"width\":800,\"height\":800,\"caption\":\"Anillo De Luz Led Negro De 18\\\" Y 48W + Tr\u00edpode\"},{\"@type\":\"BreadcrumbList\",\"@id\":\"https:\\\/\\\/salonforall.es\\\/anillo-de-luz-led-negro-de-18-y-48w-tripode\\\/#breadcrumb\",\"itemListElement\":[{\"@type\":\"ListItem\",\"position\":1,\"name\":\"Home\",\"item\":\"https:\\\/\\\/salonforall.es\\\/\"},{\"@type\":\"ListItem\",\"position\":2,\"name\":\"Winkel\",\"item\":\"https:\\\/\\\/salonforall.es\\\/winkel\\\/\"},{\"@type\":\"ListItem\",\"position\":3,\"name\":\"Anillo De Luz Led Negro De 18&#8243; Y 48W + Tr\u00edpode\"}]},{\"@type\":\"WebSite\",\"@id\":\"https:\\\/\\\/salonforall.es\\\/#website\",\"url\":\"https:\\\/\\\/salonforall.es\\\/\",\"name\":\"Salon For ALL Espa\u00f1a\",\"description\":\"Mayorista de mobiliario y suministros para consultorios y salones\",\"publisher\":{\"@id\":\"https:\\\/\\\/salonforall.es\\\/#organization\"},\"potentialAction\":[{\"@type\":\"SearchAction\",\"target\":{\"@type\":\"EntryPoint\",\"urlTemplate\":\"https:\\\/\\\/salonforall.es\\\/?s={search_term_string}\"},\"query-input\":{\"@type\":\"PropertyValueSpecification\",\"valueRequired\":true,\"valueName\":\"search_term_string\"}}],\"inLanguage\":\"en-GB\"},{\"@type\":\"Organization\",\"@id\":\"https:\\\/\\\/salonforall.es\\\/#organization\",\"name\":\"Salon For All B.V. Espa\u00f1a\",\"alternateName\":\"Salon For All B.V. Espa\u00f1a - Mayorista de equipamiento para consultas, salones y suministros\",\"url\":\"https:\\\/\\\/salonforall.es\\\/\",\"logo\":{\"@type\":\"ImageObject\",\"inLanguage\":\"en-GB\",\"@id\":\"https:\\\/\\\/salonforall.es\\\/#\\\/schema\\\/logo\\\/image\\\/\",\"url\":\"https:\\\/\\\/salonforall.es\\\/wp-content\\\/uploads\\\/2025\\\/11\\\/logo-salon-for-all-e1764543185849.png\",\"contentUrl\":\"https:\\\/\\\/salonforall.es\\\/wp-content\\\/uploads\\\/2025\\\/11\\\/logo-salon-for-all-e1764543185849.png\",\"width\":500,\"height\":150,\"caption\":\"Salon For All B.V. Espa\u00f1a\"},\"image\":{\"@id\":\"https:\\\/\\\/salonforall.es\\\/#\\\/schema\\\/logo\\\/image\\\/\"}}]}<\/script>\n<!-- \/ Yoast SEO plugin. -->","yoast_head_json":{"title":"18\" 48W Black LED Ring Light + Tripod buy","description":"Buy 18\" Black Led Ring Light 48W + 48W + Tripod online or in the showroom at Salon For ALL Spain. The wholesaler for salons, practices and spas in Spain and Portugal.","robots":{"index":"index","follow":"follow","max-snippet":"max-snippet:-1","max-image-preview":"max-image-preview:large","max-video-preview":"max-video-preview:-1"},"canonical":"https:\/\/salonforall.es\/en\/black-led-ring-light-18w-and-48w-tripod\/","og_locale":"en_GB","og_type":"article","og_title":"Anillo De Luz Led Negro De 18\" Y 48W + Tr\u00edpode","og_description":"Compra Anillo De Luz Led Negro De 18\" Y 48W + Tr\u00edpode online o en el showroom en Salon For ALL Espa\u00f1a. El mayorista para salones, consultas y spas en Espa\u00f1a y Portugal.","og_url":"https:\/\/salonforall.es\/en\/black-led-ring-light-18w-and-48w-tripod\/","og_site_name":"Salon For ALL Espa\u00f1a","article_modified_time":"2026-03-24T15:04:47+00:00","og_image":[{"width":800,"height":800,"url":"https:\/\/salonforall.es\/wp-content\/uploads\/2025\/12\/Anillo-De-Luz-Led-Negro-De-18-Y-48W-Tripode.jpg","type":"image\/jpeg"}],"twitter_card":"summary_large_image","twitter_title":"Anillo De Luz Led Negro De 18\" Y 48W + Tr\u00edpode","twitter_misc":{"Estimated reading time":"7 minutes"},"schema":{"@context":"https:\/\/schema.org","@graph":[{"@type":"WebPage","@id":"https:\/\/salonforall.es\/anillo-de-luz-led-negro-de-18-y-48w-tripode\/","url":"https:\/\/salonforall.es\/anillo-de-luz-led-negro-de-18-y-48w-tripode\/","name":"18\" 48W Black LED Ring Light + Tripod buy","isPartOf":{"@id":"https:\/\/salonforall.es\/#website"},"primaryImageOfPage":{"@id":"https:\/\/salonforall.es\/anillo-de-luz-led-negro-de-18-y-48w-tripode\/#primaryimage"},"image":{"@id":"https:\/\/salonforall.es\/anillo-de-luz-led-negro-de-18-y-48w-tripode\/#primaryimage"},"thumbnailUrl":"https:\/\/salonforall.es\/wp-content\/uploads\/2025\/12\/Anillo-De-Luz-Led-Negro-De-18-Y-48W-Tripode.jpg","datePublished":"2025-12-02T10:58:42+00:00","dateModified":"2026-03-24T15:04:47+00:00","description":"Buy 18\" Black Led Ring Light 48W + 48W + Tripod online or in the showroom at Salon For ALL Spain. The wholesaler for salons, practices and spas in Spain and Portugal.","breadcrumb":{"@id":"https:\/\/salonforall.es\/anillo-de-luz-led-negro-de-18-y-48w-tripode\/#breadcrumb"},"inLanguage":"en-GB","potentialAction":[{"@type":"ReadAction","target":["https:\/\/salonforall.es\/anillo-de-luz-led-negro-de-18-y-48w-tripode\/"]}]},{"@type":"ImageObject","inLanguage":"en-GB","@id":"https:\/\/salonforall.es\/anillo-de-luz-led-negro-de-18-y-48w-tripode\/#primaryimage","url":"https:\/\/salonforall.es\/wp-content\/uploads\/2025\/12\/Anillo-De-Luz-Led-Negro-De-18-Y-48W-Tripode.jpg","contentUrl":"https:\/\/salonforall.es\/wp-content\/uploads\/2025\/12\/Anillo-De-Luz-Led-Negro-De-18-Y-48W-Tripode.jpg","width":800,"height":800,"caption":"Anillo De Luz Led Negro De 18\" Y 48W + Tr\u00edpode"},{"@type":"BreadcrumbList","@id":"https:\/\/salonforall.es\/anillo-de-luz-led-negro-de-18-y-48w-tripode\/#breadcrumb","itemListElement":[{"@type":"ListItem","position":1,"name":"Home","item":"https:\/\/salonforall.es\/"},{"@type":"ListItem","position":2,"name":"Winkel","item":"https:\/\/salonforall.es\/winkel\/"},{"@type":"ListItem","position":3,"name":"Anillo De Luz Led Negro De 18&#8243; Y 48W + Tr\u00edpode"}]},{"@type":"WebSite","@id":"https:\/\/salonforall.es\/#website","url":"https:\/\/salonforall.es\/","name":"Salon For ALL Spain","description":"Wholesaler of salon and practice furniture and supplies","publisher":{"@id":"https:\/\/salonforall.es\/#organization"},"potentialAction":[{"@type":"SearchAction","target":{"@type":"EntryPoint","urlTemplate":"https:\/\/salonforall.es\/?s={search_term_string}"},"query-input":{"@type":"PropertyValueSpecification","valueRequired":true,"valueName":"search_term_string"}}],"inLanguage":"en-GB"},{"@type":"Organization","@id":"https:\/\/salonforall.es\/#organization","name":"Salon For All B.V. Spain","alternateName":"Salon For All B.V. Espa\u00f1a - Mayorista de equipamiento para consultas, salones y suministros","url":"https:\/\/salonforall.es\/","logo":{"@type":"ImageObject","inLanguage":"en-GB","@id":"https:\/\/salonforall.es\/#\/schema\/logo\/image\/","url":"https:\/\/salonforall.es\/wp-content\/uploads\/2025\/11\/logo-salon-for-all-e1764543185849.png","contentUrl":"https:\/\/salonforall.es\/wp-content\/uploads\/2025\/11\/logo-salon-for-all-e1764543185849.png","width":500,"height":150,"caption":"Salon For All B.V. Espa\u00f1a"},"image":{"@id":"https:\/\/salonforall.es\/#\/schema\/logo\/image\/"}}]}},"_links":{"self":[{"href":"https:\/\/salonforall.es\/en\/wp-json\/wp\/v2\/product\/3700","targetHints":{"allow":["GET"]}}],"collection":[{"href":"https:\/\/salonforall.es\/en\/wp-json\/wp\/v2\/product"}],"about":[{"href":"https:\/\/salonforall.es\/en\/wp-json\/wp\/v2\/types\/product"}],"replies":[{"embeddable":true,"href":"https:\/\/salonforall.es\/en\/wp-json\/wp\/v2\/comments?post=3700"}],"wp:featuredmedia":[{"embeddable":true,"href":"https:\/\/salonforall.es\/en\/wp-json\/wp\/v2\/media\/3701"}],"wp:attachment":[{"href":"https:\/\/salonforall.es\/en\/wp-json\/wp\/v2\/media?parent=3700"}],"wp:term":[{"taxonomy":"product_brand","embeddable":true,"href":"https:\/\/salonforall.es\/en\/wp-json\/wp\/v2\/product_brand?post=3700"},{"taxonomy":"product_cat","embeddable":true,"href":"https:\/\/salonforall.es\/en\/wp-json\/wp\/v2\/product_cat?post=3700"},{"taxonomy":"product_tag","embeddable":true,"href":"https:\/\/salonforall.es\/en\/wp-json\/wp\/v2\/product_tag?post=3700"}],"curies":[{"name":"wp","href":"https:\/\/api.w.org\/{rel}","templated":true}]}}